{"id":58212,"date":"2022-05-24T11:12:46","date_gmt":"2022-05-24T09:12:46","guid":{"rendered":"https:\/\/gxp-training.com\/online-course\/gestion-des-problemes-de-securite-des-medicaments-par-un-comite-de-pilotage-de-pharmacovigilance\/"},"modified":"2022-05-24T11:12:46","modified_gmt":"2022-05-24T09:12:46","slug":"gestion-des-problemes-de-securite-des-medicaments-par-un-comite-de-pilotage-de-pharmacovigilance","status":"publish","type":"product","link":"https:\/\/gxp-training.com\/fr\/online-course\/gestion-des-problemes-de-securite-des-medicaments-par-un-comite-de-pilotage-de-pharmacovigilance\/","title":{"rendered":"Gestion des probl\u00e8mes de s\u00e9curit\u00e9 des m\u00e9dicaments par un comit\u00e9 de pilotage de pharmacovigilance"},"content":{"rendered":"<p>La compr\u00e9hension que tous les m\u00e9dicaments sont des poisons potentiels n\u2019est pas nouvelle pour quiconque dans l\u2019industrie pharmaceutique. M\u00eame \u00e0 des doses th\u00e9rapeutiques, certains m\u00e9dicaments ne sont pas suffisamment s\u00e9lectifs dans leur pharmacologie et interf\u00e8rent souvent avec les organes et syst\u00e8mes environnants. La <a href=\"https:\/\/gxp-training.com\/fr\/gxp-courses\/pharmacovigilance\/\">pharmacovigilance<\/a> est cette structure qui permet la surveillance d\u2019une nouvelle substance ou d\u2019un nouveau dispositif pharmaceutique une fois qu\u2019il a \u00e9t\u00e9 mis sur le march\u00e9. <\/p>\n<p>Lorsqu\u2019elle est correctement mise en \u0153uvre, elle devrait r\u00e9v\u00e9ler les effets ind\u00e9sirables et fournir des informations sur une p\u00e9riode donn\u00e9e qui aident les prescripteurs \u00e0 prendre de meilleures d\u00e9cisions concernant l\u2019utilisation de l\u2019agent en question. Ce cours expose les \u00e9tudiants \u00e0 l\u2019origine de la pharmacovigilance et aux acteurs cl\u00e9s aux niveaux mondial et local. <\/p>\n<p>&nbsp;<\/p>\n<p>Dans ce cours, nous proposons une synth\u00e8se du sujet \u00e0 travers une exp\u00e9rience interactive en ligne. Ce mat\u00e9riel a \u00e9t\u00e9 \u00e9labor\u00e9 par une \u00e9quipe d\u2019experts en affaires r\u00e9glementaires, dipl\u00f4m\u00e9s de la Northeastern University de Boston, et pilot\u00e9 par un membre senior capable d\u2019articuler la th\u00e9orie et la pratique. <\/p>\n<p>&nbsp;<\/p>\n<p>&nbsp;<\/p>\n<h3>Programme<\/h3>\n<p>&nbsp;<\/p>\n<p><strong>Introduction<\/strong><\/p>\n<p>&nbsp;<\/p>\n<p><strong>Le\u00e7on 1 : Perspectives historiques de la gestion de la s\u00e9curit\u00e9 des m\u00e9dicaments par l\u2019OMS<\/strong><\/p>\n<p>&nbsp;<\/p>\n<ul>\n<li>Objectifs de la pharmacovigilance<\/li>\n<li>Responsabilit\u00e9s de la pharmacovigilance<\/li>\n<\/ul>\n<p>&nbsp;<\/p>\n<p><strong>Le\u00e7on 2 : Pratiques actuelles de pharmacovigilance<\/strong><\/p>\n<p>&nbsp;<\/p>\n<ul>\n<li>Notification spontan\u00e9e<\/li>\n<li>Autres m\u00e9thodes de collecte de donn\u00e9es de s\u00e9curit\u00e9<\/li>\n<li>Centres nationaux de pharmacovigilance<\/li>\n<li>Programme de l\u2019OMS pour la surveillance internationale des m\u00e9dicaments<\/li>\n<li>Bonnes pratiques de pharmacovigilance<\/li>\n<\/ul>\n<p>&nbsp;<\/p>\n<p><strong>Le\u00e7on 3 : Partenaires en pharmacovigilance<\/strong><\/p>\n<p>&nbsp;<\/p>\n<ul>\n<li>L\u2019assurance qualit\u00e9 et la s\u00e9curit\u00e9<\/li>\n<li>Le Centre de surveillance d\u2019Uppsala (UMC)<\/li>\n<li>Les centres nationaux de pharmacovigilance<\/li>\n<li>H\u00f4pitaux et milieu universitaire<\/li>\n<li>Professionnels de la sant\u00e9<\/li>\n<li>Patients<\/li>\n<\/ul>\n<p>&nbsp;<\/p>\n<p><strong>Le\u00e7on 4 : R\u00e9glementation des m\u00e9dicaments sous pharmacovigilance<\/strong><\/p>\n<p>&nbsp;<\/p>\n<ul>\n<li>R\u00e9glementation des essais cliniques<\/li>\n<li>Surveillance de la s\u00e9curit\u00e9 des m\u00e9dicaments apr\u00e8s commercialisation<\/li>\n<li>Pharmacovigilance dans la politique nationale des m\u00e9dicaments<\/li>\n<li>Pharmacovigilance dans les programmes de sant\u00e9 publique de lutte contre les maladies<\/li>\n<\/ul>\n<p>&nbsp;<\/p>\n<p><strong>Le\u00e7on 5 : Pharmacovigilance et sant\u00e9 internationale<\/strong><\/p>\n<p>&nbsp;<\/p>\n<ul>\n<li>Utilisation des m\u00e9dicaments<\/li>\n<li>La D\u00e9claration d\u2019ERICE<\/li>\n<li>D\u00e9fis pour la D\u00e9claration d\u2019ERICE<\/li>\n<li>R\u00e9ponse mondiale aux probl\u00e8mes de s\u00e9curit\u00e9 des m\u00e9dicaments<\/li>\n<\/ul>\n<p>&nbsp;<\/p>\n<p><strong>Le\u00e7on 6 : D\u00e9fis futurs et consid\u00e9rations de s\u00e9curit\u00e9 des m\u00e9dicaments<\/strong><\/p>\n<p>&nbsp;<\/p>\n<ul>\n<li>Mondialisation<\/li>\n<li>Ventes et informations en ligne<\/li>\n<li>Pr\u00e9occupations de s\u00e9curit\u00e9 plus larges<\/li>\n<li>Sant\u00e9 publique contre croissance \u00e9conomique de l\u2019industrie pharmaceutique<\/li>\n<li>Surveillance des produits \u00e9tablis<\/li>\n<li>Attitudes et perceptions des b\u00e9n\u00e9fices et des risques<\/li>\n<li>R\u00e9sultats et impact<\/li>\n<\/ul>\n<p>&nbsp;<\/p>\n<p><strong>Conclusion<\/strong><\/p>\n<p>&nbsp;<\/p>\n<p><strong>Glossaire<\/strong><\/p>\n<p>&nbsp;<\/p>\n<p><strong>D\u00e9finitions<\/strong><\/p>\n<p>&nbsp;<\/p>\n<p><strong>Quiz<\/strong><\/p>\n","protected":false},"excerpt":{"rendered":"<p>La compr\u00e9hension que tous les m\u00e9dicaments sont des poisons potentiels n\u2019est pas nouvelle pour quiconque dans l\u2019industrie pharmaceutique. M\u00eame \u00e0 des doses th\u00e9rapeutiques, certains m\u00e9dicaments ne sont pas suffisamment s\u00e9lectifs dans leur pharmacologie et interf\u00e8rent souvent avec les organes et syst\u00e8mes environnants. La pharmacovigilance est cette structure qui permet la surveillance d\u2019une nouvelle substance ou [&hellip;]<\/p>\n","protected":false},"featured_media":44658,"template":"","meta":{"_acf_changed":false,"content-type":""},"product_brand":[],"product_cat":[257,256,258,267],"product_tag":[],"class_list":{"0":"post-58212","1":"product","2":"type-product","3":"status-publish","4":"has-post-thumbnail","6":"product_cat-assurance-qualite","7":"product_cat-dispositifs-medicaux","8":"product_cat-pharmaceutique","9":"product_cat-pharmacovigilance","11":"first","12":"instock","13":"taxable","14":"shipping-taxable","15":"purchasable","16":"product-type-subscription"},"bundled_by":[],"bundle_stock_status":"instock","bundle_stock_quantity":null,"bundle_virtual":false,"bundle_layout":"","bundle_add_to_cart_form_location":"","bundle_editable_in_cart":false,"bundle_sold_individually_context":"","bundle_item_grouping":"","bundle_min_size":"","bundle_max_size":"","bundle_price":[],"bundled_items":[],"bundle_sell_ids":[],"acf":[],"yoast_head":"<!-- This site is optimized with the Yoast SEO plugin v27.5 - https:\/\/yoast.com\/product\/yoast-seo-wordpress\/ -->\n<title>Comit\u00e9 de pilotage de pharmacovigilance pour les pr\u00e9occupations de s\u00e9curit\u00e9 des m\u00e9dicaments<\/title>\n<meta name=\"description\" content=\"Ce cours vous pr\u00e9sente les concepts et les acteurs pertinents du processus de collecte de donn\u00e9es. D\u00e9butez votre parcours de certification d\u00e8s aujourd&#039;hui !\" \/>\n<meta name=\"robots\" content=\"index, follow, max-snippet:-1, max-image-preview:large, max-video-preview:-1\" \/>\n<link rel=\"canonical\" href=\"https:\/\/gxp-training.com\/fr\/online-course\/gestion-des-problemes-de-securite-des-medicaments-par-un-comite-de-pilotage-de-pharmacovigilance\/\" \/>\n<meta property=\"og:locale\" content=\"fr_FR\" \/>\n<meta property=\"og:type\" content=\"article\" \/>\n<meta property=\"og:title\" content=\"Comit\u00e9 de pilotage de pharmacovigilance pour les pr\u00e9occupations de s\u00e9curit\u00e9 des m\u00e9dicaments\" \/>\n<meta property=\"og:description\" content=\"Ce cours vous pr\u00e9sente les concepts et les acteurs pertinents du processus de collecte de donn\u00e9es. D\u00e9butez votre parcours de certification d\u00e8s aujourd&#039;hui !\" \/>\n<meta property=\"og:url\" content=\"https:\/\/gxp-training.com\/fr\/online-course\/gestion-des-problemes-de-securite-des-medicaments-par-un-comite-de-pilotage-de-pharmacovigilance\/\" \/>\n<meta property=\"og:site_name\" content=\"GxP Training : Certified Online Courses for Life Sciences\" \/>\n<meta property=\"og:image\" content=\"https:\/\/gxp-training.com\/wp-content\/uploads\/2022\/05\/steering-committee.png\" \/>\n\t<meta property=\"og:image:width\" content=\"900\" \/>\n\t<meta property=\"og:image:height\" content=\"627\" \/>\n\t<meta property=\"og:image:type\" content=\"image\/png\" \/>\n<meta name=\"twitter:card\" content=\"summary_large_image\" \/>\n<meta name=\"twitter:label1\" content=\"Dur\u00e9e de lecture estim\u00e9e\" \/>\n\t<meta name=\"twitter:data1\" content=\"2 minutes\" \/>\n<script type=\"application\/ld+json\" class=\"yoast-schema-graph\">{\"@context\":\"https:\\\/\\\/schema.org\",\"@graph\":[{\"@type\":\"WebPage\",\"@id\":\"https:\\\/\\\/gxp-training.com\\\/fr\\\/online-course\\\/gestion-des-problemes-de-securite-des-medicaments-par-un-comite-de-pilotage-de-pharmacovigilance\\\/\",\"url\":\"https:\\\/\\\/gxp-training.com\\\/fr\\\/online-course\\\/gestion-des-problemes-de-securite-des-medicaments-par-un-comite-de-pilotage-de-pharmacovigilance\\\/\",\"name\":\"Comit\u00e9 de pilotage de pharmacovigilance pour les pr\u00e9occupations de s\u00e9curit\u00e9 des m\u00e9dicaments\",\"isPartOf\":{\"@id\":\"https:\\\/\\\/gxp-training.com\\\/fr\\\/#website\"},\"primaryImageOfPage\":{\"@id\":\"https:\\\/\\\/gxp-training.com\\\/fr\\\/online-course\\\/gestion-des-problemes-de-securite-des-medicaments-par-un-comite-de-pilotage-de-pharmacovigilance\\\/#primaryimage\"},\"image\":{\"@id\":\"https:\\\/\\\/gxp-training.com\\\/fr\\\/online-course\\\/gestion-des-problemes-de-securite-des-medicaments-par-un-comite-de-pilotage-de-pharmacovigilance\\\/#primaryimage\"},\"thumbnailUrl\":\"https:\\\/\\\/gxp-training.com\\\/wp-content\\\/uploads\\\/2022\\\/05\\\/steering-committee.png\",\"datePublished\":\"2022-05-24T09:12:46+00:00\",\"description\":\"Ce cours vous pr\u00e9sente les concepts et les acteurs pertinents du processus de collecte de donn\u00e9es. D\u00e9butez votre parcours de certification d\u00e8s aujourd'hui !\",\"breadcrumb\":{\"@id\":\"https:\\\/\\\/gxp-training.com\\\/fr\\\/online-course\\\/gestion-des-problemes-de-securite-des-medicaments-par-un-comite-de-pilotage-de-pharmacovigilance\\\/#breadcrumb\"},\"inLanguage\":\"fr-FR\",\"potentialAction\":[{\"@type\":\"ReadAction\",\"target\":[\"https:\\\/\\\/gxp-training.com\\\/fr\\\/online-course\\\/gestion-des-problemes-de-securite-des-medicaments-par-un-comite-de-pilotage-de-pharmacovigilance\\\/\"]}]},{\"@type\":\"ImageObject\",\"inLanguage\":\"fr-FR\",\"@id\":\"https:\\\/\\\/gxp-training.com\\\/fr\\\/online-course\\\/gestion-des-problemes-de-securite-des-medicaments-par-un-comite-de-pilotage-de-pharmacovigilance\\\/#primaryimage\",\"url\":\"https:\\\/\\\/gxp-training.com\\\/wp-content\\\/uploads\\\/2022\\\/05\\\/steering-committee.png\",\"contentUrl\":\"https:\\\/\\\/gxp-training.com\\\/wp-content\\\/uploads\\\/2022\\\/05\\\/steering-committee.png\",\"width\":900,\"height\":627},{\"@type\":\"BreadcrumbList\",\"@id\":\"https:\\\/\\\/gxp-training.com\\\/fr\\\/online-course\\\/gestion-des-problemes-de-securite-des-medicaments-par-un-comite-de-pilotage-de-pharmacovigilance\\\/#breadcrumb\",\"itemListElement\":[{\"@type\":\"ListItem\",\"position\":1,\"name\":\"Accueil\",\"item\":\"https:\\\/\\\/gxp-training.com\\\/fr\\\/page-daccueil\\\/\"},{\"@type\":\"ListItem\",\"position\":2,\"name\":\"Produits\",\"item\":\"https:\\\/\\\/gxp-training.com\\\/fr\\\/shop\\\/\"},{\"@type\":\"ListItem\",\"position\":3,\"name\":\"Gestion des probl\u00e8mes de s\u00e9curit\u00e9 des m\u00e9dicaments par un comit\u00e9 de pilotage de pharmacovigilance\"}]},{\"@type\":\"WebSite\",\"@id\":\"https:\\\/\\\/gxp-training.com\\\/fr\\\/#website\",\"url\":\"https:\\\/\\\/gxp-training.com\\\/fr\\\/\",\"name\":\"GxP Training : Certified Online Courses for Life Sciences\",\"description\":\"Online Trainings and Certified Courses in Regulatory Compliance for Pharmaceutical Experts\",\"publisher\":{\"@id\":\"https:\\\/\\\/gxp-training.com\\\/fr\\\/#organization\"},\"potentialAction\":[{\"@type\":\"SearchAction\",\"target\":{\"@type\":\"EntryPoint\",\"urlTemplate\":\"https:\\\/\\\/gxp-training.com\\\/fr\\\/?s={search_term_string}\"},\"query-input\":{\"@type\":\"PropertyValueSpecification\",\"valueRequired\":true,\"valueName\":\"search_term_string\"}}],\"inLanguage\":\"fr-FR\"},{\"@type\":\"Organization\",\"@id\":\"https:\\\/\\\/gxp-training.com\\\/fr\\\/#organization\",\"name\":\"GXP Training\",\"url\":\"https:\\\/\\\/gxp-training.com\\\/fr\\\/\",\"logo\":{\"@type\":\"ImageObject\",\"inLanguage\":\"fr-FR\",\"@id\":\"https:\\\/\\\/gxp-training.com\\\/fr\\\/#\\\/schema\\\/logo\\\/image\\\/\",\"url\":\"https:\\\/\\\/gxp-training.com\\\/wp-content\\\/uploads\\\/2022\\\/05\\\/logo-resize.png\",\"contentUrl\":\"https:\\\/\\\/gxp-training.com\\\/wp-content\\\/uploads\\\/2022\\\/05\\\/logo-resize.png\",\"width\":350,\"height\":100,\"caption\":\"GXP Training\"},\"image\":{\"@id\":\"https:\\\/\\\/gxp-training.com\\\/fr\\\/#\\\/schema\\\/logo\\\/image\\\/\"}}]}<\/script>\n<!-- \/ Yoast SEO plugin. -->","yoast_head_json":{"title":"Comit\u00e9 de pilotage de pharmacovigilance pour les pr\u00e9occupations de s\u00e9curit\u00e9 des m\u00e9dicaments","description":"Ce cours vous pr\u00e9sente les concepts et les acteurs pertinents du processus de collecte de donn\u00e9es. D\u00e9butez votre parcours de certification d\u00e8s aujourd'hui !","robots":{"index":"index","follow":"follow","max-snippet":"max-snippet:-1","max-image-preview":"max-image-preview:large","max-video-preview":"max-video-preview:-1"},"canonical":"https:\/\/gxp-training.com\/fr\/online-course\/gestion-des-problemes-de-securite-des-medicaments-par-un-comite-de-pilotage-de-pharmacovigilance\/","og_locale":"fr_FR","og_type":"article","og_title":"Comit\u00e9 de pilotage de pharmacovigilance pour les pr\u00e9occupations de s\u00e9curit\u00e9 des m\u00e9dicaments","og_description":"Ce cours vous pr\u00e9sente les concepts et les acteurs pertinents du processus de collecte de donn\u00e9es. D\u00e9butez votre parcours de certification d\u00e8s aujourd'hui !","og_url":"https:\/\/gxp-training.com\/fr\/online-course\/gestion-des-problemes-de-securite-des-medicaments-par-un-comite-de-pilotage-de-pharmacovigilance\/","og_site_name":"GxP Training : Certified Online Courses for Life Sciences","og_image":[{"width":900,"height":627,"url":"https:\/\/gxp-training.com\/wp-content\/uploads\/2022\/05\/steering-committee.png","type":"image\/png"}],"twitter_card":"summary_large_image","twitter_misc":{"Dur\u00e9e de lecture estim\u00e9e":"2 minutes"},"schema":{"@context":"https:\/\/schema.org","@graph":[{"@type":"WebPage","@id":"https:\/\/gxp-training.com\/fr\/online-course\/gestion-des-problemes-de-securite-des-medicaments-par-un-comite-de-pilotage-de-pharmacovigilance\/","url":"https:\/\/gxp-training.com\/fr\/online-course\/gestion-des-problemes-de-securite-des-medicaments-par-un-comite-de-pilotage-de-pharmacovigilance\/","name":"Comit\u00e9 de pilotage de pharmacovigilance pour les pr\u00e9occupations de s\u00e9curit\u00e9 des m\u00e9dicaments","isPartOf":{"@id":"https:\/\/gxp-training.com\/fr\/#website"},"primaryImageOfPage":{"@id":"https:\/\/gxp-training.com\/fr\/online-course\/gestion-des-problemes-de-securite-des-medicaments-par-un-comite-de-pilotage-de-pharmacovigilance\/#primaryimage"},"image":{"@id":"https:\/\/gxp-training.com\/fr\/online-course\/gestion-des-problemes-de-securite-des-medicaments-par-un-comite-de-pilotage-de-pharmacovigilance\/#primaryimage"},"thumbnailUrl":"https:\/\/gxp-training.com\/wp-content\/uploads\/2022\/05\/steering-committee.png","datePublished":"2022-05-24T09:12:46+00:00","description":"Ce cours vous pr\u00e9sente les concepts et les acteurs pertinents du processus de collecte de donn\u00e9es. D\u00e9butez votre parcours de certification d\u00e8s aujourd'hui !","breadcrumb":{"@id":"https:\/\/gxp-training.com\/fr\/online-course\/gestion-des-problemes-de-securite-des-medicaments-par-un-comite-de-pilotage-de-pharmacovigilance\/#breadcrumb"},"inLanguage":"fr-FR","potentialAction":[{"@type":"ReadAction","target":["https:\/\/gxp-training.com\/fr\/online-course\/gestion-des-problemes-de-securite-des-medicaments-par-un-comite-de-pilotage-de-pharmacovigilance\/"]}]},{"@type":"ImageObject","inLanguage":"fr-FR","@id":"https:\/\/gxp-training.com\/fr\/online-course\/gestion-des-problemes-de-securite-des-medicaments-par-un-comite-de-pilotage-de-pharmacovigilance\/#primaryimage","url":"https:\/\/gxp-training.com\/wp-content\/uploads\/2022\/05\/steering-committee.png","contentUrl":"https:\/\/gxp-training.com\/wp-content\/uploads\/2022\/05\/steering-committee.png","width":900,"height":627},{"@type":"BreadcrumbList","@id":"https:\/\/gxp-training.com\/fr\/online-course\/gestion-des-problemes-de-securite-des-medicaments-par-un-comite-de-pilotage-de-pharmacovigilance\/#breadcrumb","itemListElement":[{"@type":"ListItem","position":1,"name":"Accueil","item":"https:\/\/gxp-training.com\/fr\/page-daccueil\/"},{"@type":"ListItem","position":2,"name":"Produits","item":"https:\/\/gxp-training.com\/fr\/shop\/"},{"@type":"ListItem","position":3,"name":"Gestion des probl\u00e8mes de s\u00e9curit\u00e9 des m\u00e9dicaments par un comit\u00e9 de pilotage de pharmacovigilance"}]},{"@type":"WebSite","@id":"https:\/\/gxp-training.com\/fr\/#website","url":"https:\/\/gxp-training.com\/fr\/","name":"GxP Training : Certified Online Courses for Life Sciences","description":"Online Trainings and Certified Courses in Regulatory Compliance for Pharmaceutical Experts","publisher":{"@id":"https:\/\/gxp-training.com\/fr\/#organization"},"potentialAction":[{"@type":"SearchAction","target":{"@type":"EntryPoint","urlTemplate":"https:\/\/gxp-training.com\/fr\/?s={search_term_string}"},"query-input":{"@type":"PropertyValueSpecification","valueRequired":true,"valueName":"search_term_string"}}],"inLanguage":"fr-FR"},{"@type":"Organization","@id":"https:\/\/gxp-training.com\/fr\/#organization","name":"GXP Training","url":"https:\/\/gxp-training.com\/fr\/","logo":{"@type":"ImageObject","inLanguage":"fr-FR","@id":"https:\/\/gxp-training.com\/fr\/#\/schema\/logo\/image\/","url":"https:\/\/gxp-training.com\/wp-content\/uploads\/2022\/05\/logo-resize.png","contentUrl":"https:\/\/gxp-training.com\/wp-content\/uploads\/2022\/05\/logo-resize.png","width":350,"height":100,"caption":"GXP Training"},"image":{"@id":"https:\/\/gxp-training.com\/fr\/#\/schema\/logo\/image\/"}}]}},"_links":{"self":[{"href":"https:\/\/gxp-training.com\/fr\/wp-json\/wp\/v2\/product\/58212","targetHints":{"allow":["GET"]}}],"collection":[{"href":"https:\/\/gxp-training.com\/fr\/wp-json\/wp\/v2\/product"}],"about":[{"href":"https:\/\/gxp-training.com\/fr\/wp-json\/wp\/v2\/types\/product"}],"wp:featuredmedia":[{"embeddable":true,"href":"https:\/\/gxp-training.com\/fr\/wp-json\/wp\/v2\/media\/44658"}],"wp:attachment":[{"href":"https:\/\/gxp-training.com\/fr\/wp-json\/wp\/v2\/media?parent=58212"}],"wp:term":[{"taxonomy":"product_brand","embeddable":true,"href":"https:\/\/gxp-training.com\/fr\/wp-json\/wp\/v2\/product_brand?post=58212"},{"taxonomy":"product_cat","embeddable":true,"href":"https:\/\/gxp-training.com\/fr\/wp-json\/wp\/v2\/product_cat?post=58212"},{"taxonomy":"product_tag","embeddable":true,"href":"https:\/\/gxp-training.com\/fr\/wp-json\/wp\/v2\/product_tag?post=58212"}],"curies":[{"name":"wp","href":"https:\/\/api.w.org\/{rel}","templated":true}]}}