{"id":58207,"date":"2022-05-24T11:17:21","date_gmt":"2022-05-24T09:17:21","guid":{"rendered":"https:\/\/gxp-training.com\/online-course\/sensibilisation-mondiale-a-la-pharmacovigilance\/"},"modified":"2022-05-24T11:17:21","modified_gmt":"2022-05-24T09:17:21","slug":"sensibilisation-mondiale-a-la-pharmacovigilance","status":"publish","type":"product","link":"https:\/\/gxp-training.com\/fr\/online-course\/sensibilisation-mondiale-a-la-pharmacovigilance\/","title":{"rendered":"Sensibilisation mondiale \u00e0 la pharmacovigilance"},"content":{"rendered":"<p>La pharmacovigilance est le processus de surveillance de l\u2019efficacit\u00e9 et du profil de s\u00e9curit\u00e9 de nouveaux m\u00e9dicaments tout au long de leur utilisation dans le syst\u00e8me de sant\u00e9. L\u2019utilisation de ces m\u00e9dicaments au sein d\u2019une population h\u00e9t\u00e9rog\u00e8ne et dans un environnement non contr\u00f4l\u00e9 fournira des informations sur les effets secondaires, les \u00e9v\u00e9nements ind\u00e9sirables et les interactions qui n\u2019auraient pas pu \u00eatre mis au jour lors des essais cliniques. <\/p>\n<p>Ce cours comprend une introduction au concept, d\u00e9taillant son histoire et son importance. Il met \u00e9galement l\u2019accent sur la n\u00e9cessit\u00e9 d\u2019une pharmacovigilance mondiale. <\/p>\n<p>&nbsp;<\/p>\n<p>Dans ce cours, nous proposons une synth\u00e8se du sujet \u00e0 travers une exp\u00e9rience en ligne interactive. Ce contenu a \u00e9t\u00e9 \u00e9labor\u00e9 par une \u00e9quipe d\u2019experts en affaires r\u00e9glementaires titulaires d\u2019une qualification de Northeastern University, Boston, et pilot\u00e9 par un membre senior capable d\u2019articuler la th\u00e9orie et la pratique. <\/p>\n<p>&nbsp;<\/p>\n<p>&nbsp;<\/p>\n<h3>Programme<\/h3>\n<p>&nbsp;<\/p>\n<p>&nbsp;<\/p>\n<p><strong>Introduction<\/strong><\/p>\n<p>&nbsp;<\/p>\n<p><strong>Le\u00e7on 1 : Qu\u2019est-ce que la pharmacovigilance ?<\/strong><\/p>\n<p>&nbsp;<\/p>\n<ul>\n<li>Origine de la pharmacovigilance<\/li>\n<li>Champ d\u2019application de la pharmacovigilance<\/li>\n<\/ul>\n<p>&nbsp;<\/p>\n<p><strong>Le\u00e7on 2 : Objectif de la pharmacovigilance<\/strong><\/p>\n<p>&nbsp;<\/p>\n<p><strong>Le\u00e7on 3 : Syst\u00e8mes de pharmacovigilance<\/strong><\/p>\n<p>&nbsp;<\/p>\n<ul>\n<li>M\u00e9thodes des syst\u00e8mes de pharmacovigilance<\/li>\n<li>D\u00e9claration spontan\u00e9e<\/li>\n<li>Surveillance des \u00e9v\u00e9nements en cohorte<\/li>\n<li>Investigations cliniques cibl\u00e9es<\/li>\n<li>Comparaison des m\u00e9thodes de pharmacovigilance<\/li>\n<\/ul>\n<p>&nbsp;<\/p>\n<p><strong>Le\u00e7on 4 : Traitement des cas de pharmacovigilance<\/strong><\/p>\n<p>&nbsp;<\/p>\n<ul>\n<li>Gestion des donn\u00e9es<\/li>\n<li>\u00c9valuation de la relation entre le m\u00e9dicament et la r\u00e9action ind\u00e9sirable<\/li>\n<li>D\u00e9claration aux organismes comp\u00e9tents<\/li>\n<\/ul>\n<p>&nbsp;<\/p>\n<p><strong>Le\u00e7on 5 : Atteindre une sensibilisation mondiale \u00e0 la pharmacovigilance<\/strong><\/p>\n<p>&nbsp;<\/p>\n<ul>\n<li>Centres nationaux de pharmacovigilance<\/li>\n<li>Professionnels de sant\u00e9<\/li>\n<li>Entreprises pharmaceutiques<\/li>\n<li>Patients et grand public<\/li>\n<li>Programmes de surveillance de l\u2019OMS<\/li>\n<li>D\u00e9fis pour atteindre une sensibilisation mondiale \u00e0 la pharmacovigilance<\/li>\n<\/ul>\n<p>&nbsp;<\/p>\n<p><strong>Glossaire<\/strong><\/p>\n<p>&nbsp;<\/p>\n<p><strong>Conclusion<\/strong><\/p>\n<p>&nbsp;<\/p>\n<p><strong>Quiz<\/strong><\/p>\n<p><strong> <\/strong><\/p>\n","protected":false},"excerpt":{"rendered":"<p>La pharmacovigilance est le processus de surveillance de l\u2019efficacit\u00e9 et du profil de s\u00e9curit\u00e9 de nouveaux m\u00e9dicaments tout au long de leur utilisation dans le syst\u00e8me de sant\u00e9. L\u2019utilisation de ces m\u00e9dicaments au sein d\u2019une population h\u00e9t\u00e9rog\u00e8ne et dans un environnement non contr\u00f4l\u00e9 fournira des informations sur les effets secondaires, les \u00e9v\u00e9nements ind\u00e9sirables et les [&hellip;]<\/p>\n","protected":false},"featured_media":44647,"template":"","meta":{"_acf_changed":false,"content-type":""},"product_brand":[],"product_cat":[256,263,258,267],"product_tag":[],"class_list":{"0":"post-58207","1":"product","2":"type-product","3":"status-publish","4":"has-post-thumbnail","6":"product_cat-dispositifs-medicaux","7":"product_cat-organisme-de-recherche-sous-contrat-cro","8":"product_cat-pharmaceutique","9":"product_cat-pharmacovigilance","11":"first","12":"instock","13":"taxable","14":"shipping-taxable","15":"purchasable","16":"product-type-subscription"},"bundled_by":[],"bundle_stock_status":"instock","bundle_stock_quantity":null,"bundle_virtual":false,"bundle_layout":"","bundle_add_to_cart_form_location":"","bundle_editable_in_cart":false,"bundle_sold_individually_context":"","bundle_item_grouping":"","bundle_min_size":"","bundle_max_size":"","bundle_price":[],"bundled_items":[],"bundle_sell_ids":[],"acf":[],"yoast_head":"<!-- This site is optimized with the Yoast SEO plugin v27.5 - https:\/\/yoast.com\/product\/yoast-seo-wordpress\/ -->\n<title>Sensibilisation mondiale \u00e0 la pharmacovigilance - Cours certifi\u00e9 en ligne<\/title>\n<meta name=\"description\" content=\"La meilleure formation en ligne pour obtenir votre certification en sensibilisation mondiale \u00e0 la pharmacovigilance. Ce cours est accr\u00e9dit\u00e9 CPD et CEU. Commencez votre parcours d\u2019apprentissage d\u00e8s maintenant !\" \/>\n<meta name=\"robots\" content=\"index, follow, max-snippet:-1, max-image-preview:large, max-video-preview:-1\" \/>\n<link rel=\"canonical\" href=\"https:\/\/gxp-training.com\/fr\/online-course\/sensibilisation-mondiale-a-la-pharmacovigilance\/\" \/>\n<meta property=\"og:locale\" content=\"fr_FR\" \/>\n<meta property=\"og:type\" content=\"article\" \/>\n<meta property=\"og:title\" content=\"Sensibilisation mondiale \u00e0 la pharmacovigilance - Cours certifi\u00e9 en ligne\" \/>\n<meta property=\"og:description\" content=\"La meilleure formation en ligne pour obtenir votre certification en sensibilisation mondiale \u00e0 la pharmacovigilance. Ce cours est accr\u00e9dit\u00e9 CPD et CEU. Commencez votre parcours d\u2019apprentissage d\u00e8s maintenant !\" \/>\n<meta property=\"og:url\" content=\"https:\/\/gxp-training.com\/fr\/online-course\/sensibilisation-mondiale-a-la-pharmacovigilance\/\" \/>\n<meta property=\"og:site_name\" content=\"GxP Training : Certified Online Courses for Life Sciences\" \/>\n<meta property=\"og:image\" content=\"https:\/\/gxp-training.com\/wp-content\/uploads\/2022\/05\/global-pharmacovigilance-online-course.png\" \/>\n\t<meta property=\"og:image:width\" content=\"900\" \/>\n\t<meta property=\"og:image:height\" content=\"627\" \/>\n\t<meta property=\"og:image:type\" content=\"image\/png\" \/>\n<meta name=\"twitter:card\" content=\"summary_large_image\" \/>\n<meta name=\"twitter:label1\" content=\"Dur\u00e9e de lecture estim\u00e9e\" \/>\n\t<meta name=\"twitter:data1\" content=\"2 minutes\" \/>\n<script type=\"application\/ld+json\" class=\"yoast-schema-graph\">{\"@context\":\"https:\\\/\\\/schema.org\",\"@graph\":[{\"@type\":\"WebPage\",\"@id\":\"https:\\\/\\\/gxp-training.com\\\/fr\\\/online-course\\\/sensibilisation-mondiale-a-la-pharmacovigilance\\\/\",\"url\":\"https:\\\/\\\/gxp-training.com\\\/fr\\\/online-course\\\/sensibilisation-mondiale-a-la-pharmacovigilance\\\/\",\"name\":\"Sensibilisation mondiale \u00e0 la pharmacovigilance - Cours certifi\u00e9 en ligne\",\"isPartOf\":{\"@id\":\"https:\\\/\\\/gxp-training.com\\\/fr\\\/#website\"},\"primaryImageOfPage\":{\"@id\":\"https:\\\/\\\/gxp-training.com\\\/fr\\\/online-course\\\/sensibilisation-mondiale-a-la-pharmacovigilance\\\/#primaryimage\"},\"image\":{\"@id\":\"https:\\\/\\\/gxp-training.com\\\/fr\\\/online-course\\\/sensibilisation-mondiale-a-la-pharmacovigilance\\\/#primaryimage\"},\"thumbnailUrl\":\"https:\\\/\\\/gxp-training.com\\\/wp-content\\\/uploads\\\/2022\\\/05\\\/global-pharmacovigilance-online-course.png\",\"datePublished\":\"2022-05-24T09:17:21+00:00\",\"description\":\"La meilleure formation en ligne pour obtenir votre certification en sensibilisation mondiale \u00e0 la pharmacovigilance. Ce cours est accr\u00e9dit\u00e9 CPD et CEU. Commencez votre parcours d\u2019apprentissage d\u00e8s maintenant !\",\"breadcrumb\":{\"@id\":\"https:\\\/\\\/gxp-training.com\\\/fr\\\/online-course\\\/sensibilisation-mondiale-a-la-pharmacovigilance\\\/#breadcrumb\"},\"inLanguage\":\"fr-FR\",\"potentialAction\":[{\"@type\":\"ReadAction\",\"target\":[\"https:\\\/\\\/gxp-training.com\\\/fr\\\/online-course\\\/sensibilisation-mondiale-a-la-pharmacovigilance\\\/\"]}]},{\"@type\":\"ImageObject\",\"inLanguage\":\"fr-FR\",\"@id\":\"https:\\\/\\\/gxp-training.com\\\/fr\\\/online-course\\\/sensibilisation-mondiale-a-la-pharmacovigilance\\\/#primaryimage\",\"url\":\"https:\\\/\\\/gxp-training.com\\\/wp-content\\\/uploads\\\/2022\\\/05\\\/global-pharmacovigilance-online-course.png\",\"contentUrl\":\"https:\\\/\\\/gxp-training.com\\\/wp-content\\\/uploads\\\/2022\\\/05\\\/global-pharmacovigilance-online-course.png\",\"width\":900,\"height\":627},{\"@type\":\"BreadcrumbList\",\"@id\":\"https:\\\/\\\/gxp-training.com\\\/fr\\\/online-course\\\/sensibilisation-mondiale-a-la-pharmacovigilance\\\/#breadcrumb\",\"itemListElement\":[{\"@type\":\"ListItem\",\"position\":1,\"name\":\"Accueil\",\"item\":\"https:\\\/\\\/gxp-training.com\\\/fr\\\/page-daccueil\\\/\"},{\"@type\":\"ListItem\",\"position\":2,\"name\":\"Produits\",\"item\":\"https:\\\/\\\/gxp-training.com\\\/fr\\\/shop\\\/\"},{\"@type\":\"ListItem\",\"position\":3,\"name\":\"Sensibilisation mondiale \u00e0 la pharmacovigilance\"}]},{\"@type\":\"WebSite\",\"@id\":\"https:\\\/\\\/gxp-training.com\\\/fr\\\/#website\",\"url\":\"https:\\\/\\\/gxp-training.com\\\/fr\\\/\",\"name\":\"GxP Training : Certified Online Courses for Life Sciences\",\"description\":\"Online Trainings and Certified Courses in Regulatory Compliance for Pharmaceutical Experts\",\"publisher\":{\"@id\":\"https:\\\/\\\/gxp-training.com\\\/fr\\\/#organization\"},\"potentialAction\":[{\"@type\":\"SearchAction\",\"target\":{\"@type\":\"EntryPoint\",\"urlTemplate\":\"https:\\\/\\\/gxp-training.com\\\/fr\\\/?s={search_term_string}\"},\"query-input\":{\"@type\":\"PropertyValueSpecification\",\"valueRequired\":true,\"valueName\":\"search_term_string\"}}],\"inLanguage\":\"fr-FR\"},{\"@type\":\"Organization\",\"@id\":\"https:\\\/\\\/gxp-training.com\\\/fr\\\/#organization\",\"name\":\"GXP Training\",\"url\":\"https:\\\/\\\/gxp-training.com\\\/fr\\\/\",\"logo\":{\"@type\":\"ImageObject\",\"inLanguage\":\"fr-FR\",\"@id\":\"https:\\\/\\\/gxp-training.com\\\/fr\\\/#\\\/schema\\\/logo\\\/image\\\/\",\"url\":\"https:\\\/\\\/gxp-training.com\\\/wp-content\\\/uploads\\\/2022\\\/05\\\/logo-resize.png\",\"contentUrl\":\"https:\\\/\\\/gxp-training.com\\\/wp-content\\\/uploads\\\/2022\\\/05\\\/logo-resize.png\",\"width\":350,\"height\":100,\"caption\":\"GXP Training\"},\"image\":{\"@id\":\"https:\\\/\\\/gxp-training.com\\\/fr\\\/#\\\/schema\\\/logo\\\/image\\\/\"}}]}<\/script>\n<!-- \/ Yoast SEO plugin. -->","yoast_head_json":{"title":"Sensibilisation mondiale \u00e0 la pharmacovigilance - Cours certifi\u00e9 en ligne","description":"La meilleure formation en ligne pour obtenir votre certification en sensibilisation mondiale \u00e0 la pharmacovigilance. Ce cours est accr\u00e9dit\u00e9 CPD et CEU. Commencez votre parcours d\u2019apprentissage d\u00e8s maintenant !","robots":{"index":"index","follow":"follow","max-snippet":"max-snippet:-1","max-image-preview":"max-image-preview:large","max-video-preview":"max-video-preview:-1"},"canonical":"https:\/\/gxp-training.com\/fr\/online-course\/sensibilisation-mondiale-a-la-pharmacovigilance\/","og_locale":"fr_FR","og_type":"article","og_title":"Sensibilisation mondiale \u00e0 la pharmacovigilance - Cours certifi\u00e9 en ligne","og_description":"La meilleure formation en ligne pour obtenir votre certification en sensibilisation mondiale \u00e0 la pharmacovigilance. Ce cours est accr\u00e9dit\u00e9 CPD et CEU. Commencez votre parcours d\u2019apprentissage d\u00e8s maintenant !","og_url":"https:\/\/gxp-training.com\/fr\/online-course\/sensibilisation-mondiale-a-la-pharmacovigilance\/","og_site_name":"GxP Training : Certified Online Courses for Life Sciences","og_image":[{"width":900,"height":627,"url":"https:\/\/gxp-training.com\/wp-content\/uploads\/2022\/05\/global-pharmacovigilance-online-course.png","type":"image\/png"}],"twitter_card":"summary_large_image","twitter_misc":{"Dur\u00e9e de lecture estim\u00e9e":"2 minutes"},"schema":{"@context":"https:\/\/schema.org","@graph":[{"@type":"WebPage","@id":"https:\/\/gxp-training.com\/fr\/online-course\/sensibilisation-mondiale-a-la-pharmacovigilance\/","url":"https:\/\/gxp-training.com\/fr\/online-course\/sensibilisation-mondiale-a-la-pharmacovigilance\/","name":"Sensibilisation mondiale \u00e0 la pharmacovigilance - Cours certifi\u00e9 en ligne","isPartOf":{"@id":"https:\/\/gxp-training.com\/fr\/#website"},"primaryImageOfPage":{"@id":"https:\/\/gxp-training.com\/fr\/online-course\/sensibilisation-mondiale-a-la-pharmacovigilance\/#primaryimage"},"image":{"@id":"https:\/\/gxp-training.com\/fr\/online-course\/sensibilisation-mondiale-a-la-pharmacovigilance\/#primaryimage"},"thumbnailUrl":"https:\/\/gxp-training.com\/wp-content\/uploads\/2022\/05\/global-pharmacovigilance-online-course.png","datePublished":"2022-05-24T09:17:21+00:00","description":"La meilleure formation en ligne pour obtenir votre certification en sensibilisation mondiale \u00e0 la pharmacovigilance. Ce cours est accr\u00e9dit\u00e9 CPD et CEU. Commencez votre parcours d\u2019apprentissage d\u00e8s maintenant !","breadcrumb":{"@id":"https:\/\/gxp-training.com\/fr\/online-course\/sensibilisation-mondiale-a-la-pharmacovigilance\/#breadcrumb"},"inLanguage":"fr-FR","potentialAction":[{"@type":"ReadAction","target":["https:\/\/gxp-training.com\/fr\/online-course\/sensibilisation-mondiale-a-la-pharmacovigilance\/"]}]},{"@type":"ImageObject","inLanguage":"fr-FR","@id":"https:\/\/gxp-training.com\/fr\/online-course\/sensibilisation-mondiale-a-la-pharmacovigilance\/#primaryimage","url":"https:\/\/gxp-training.com\/wp-content\/uploads\/2022\/05\/global-pharmacovigilance-online-course.png","contentUrl":"https:\/\/gxp-training.com\/wp-content\/uploads\/2022\/05\/global-pharmacovigilance-online-course.png","width":900,"height":627},{"@type":"BreadcrumbList","@id":"https:\/\/gxp-training.com\/fr\/online-course\/sensibilisation-mondiale-a-la-pharmacovigilance\/#breadcrumb","itemListElement":[{"@type":"ListItem","position":1,"name":"Accueil","item":"https:\/\/gxp-training.com\/fr\/page-daccueil\/"},{"@type":"ListItem","position":2,"name":"Produits","item":"https:\/\/gxp-training.com\/fr\/shop\/"},{"@type":"ListItem","position":3,"name":"Sensibilisation mondiale \u00e0 la pharmacovigilance"}]},{"@type":"WebSite","@id":"https:\/\/gxp-training.com\/fr\/#website","url":"https:\/\/gxp-training.com\/fr\/","name":"GxP Training : Certified Online Courses for Life Sciences","description":"Online Trainings and Certified Courses in Regulatory Compliance for Pharmaceutical Experts","publisher":{"@id":"https:\/\/gxp-training.com\/fr\/#organization"},"potentialAction":[{"@type":"SearchAction","target":{"@type":"EntryPoint","urlTemplate":"https:\/\/gxp-training.com\/fr\/?s={search_term_string}"},"query-input":{"@type":"PropertyValueSpecification","valueRequired":true,"valueName":"search_term_string"}}],"inLanguage":"fr-FR"},{"@type":"Organization","@id":"https:\/\/gxp-training.com\/fr\/#organization","name":"GXP Training","url":"https:\/\/gxp-training.com\/fr\/","logo":{"@type":"ImageObject","inLanguage":"fr-FR","@id":"https:\/\/gxp-training.com\/fr\/#\/schema\/logo\/image\/","url":"https:\/\/gxp-training.com\/wp-content\/uploads\/2022\/05\/logo-resize.png","contentUrl":"https:\/\/gxp-training.com\/wp-content\/uploads\/2022\/05\/logo-resize.png","width":350,"height":100,"caption":"GXP Training"},"image":{"@id":"https:\/\/gxp-training.com\/fr\/#\/schema\/logo\/image\/"}}]}},"_links":{"self":[{"href":"https:\/\/gxp-training.com\/fr\/wp-json\/wp\/v2\/product\/58207","targetHints":{"allow":["GET"]}}],"collection":[{"href":"https:\/\/gxp-training.com\/fr\/wp-json\/wp\/v2\/product"}],"about":[{"href":"https:\/\/gxp-training.com\/fr\/wp-json\/wp\/v2\/types\/product"}],"wp:featuredmedia":[{"embeddable":true,"href":"https:\/\/gxp-training.com\/fr\/wp-json\/wp\/v2\/media\/44647"}],"wp:attachment":[{"href":"https:\/\/gxp-training.com\/fr\/wp-json\/wp\/v2\/media?parent=58207"}],"wp:term":[{"taxonomy":"product_brand","embeddable":true,"href":"https:\/\/gxp-training.com\/fr\/wp-json\/wp\/v2\/product_brand?post=58207"},{"taxonomy":"product_cat","embeddable":true,"href":"https:\/\/gxp-training.com\/fr\/wp-json\/wp\/v2\/product_cat?post=58207"},{"taxonomy":"product_tag","embeddable":true,"href":"https:\/\/gxp-training.com\/fr\/wp-json\/wp\/v2\/product_tag?post=58207"}],"curies":[{"name":"wp","href":"https:\/\/api.w.org\/{rel}","templated":true}]}}