{"id":58191,"date":"2022-05-27T11:53:00","date_gmt":"2022-05-27T09:53:00","guid":{"rendered":"https:\/\/gxp-training.com\/online-course\/modele-danalyse-des-risques-pour-la-gestion-des-risques-lies-a-la-qualite\/"},"modified":"2022-05-27T11:53:00","modified_gmt":"2022-05-27T09:53:00","slug":"modele-danalyse-des-risques-pour-la-gestion-des-risques-lies-a-la-qualite","status":"publish","type":"product","link":"https:\/\/gxp-training.com\/fr\/online-course\/modele-danalyse-des-risques-pour-la-gestion-des-risques-lies-a-la-qualite\/","title":{"rendered":"Mod\u00e8le d\u2019analyse des risques pour la gestion des risques li\u00e9s \u00e0 la qualit\u00e9"},"content":{"rendered":"<p>Les sciences de la vie s\u2019appuient sur des limites \u00e9tablies par la recherche pour \u00e9valuer la qualit\u00e9 des produits, des mati\u00e8res premi\u00e8res et des sous-produits \u00e0 chaque phase du processus de fabrication. L\u2019analyse des risques est une composante n\u00e9cessaire de la QRM (Gestion des risques li\u00e9s \u00e0 la qualit\u00e9), car elle permet de d\u00e9celer les probl\u00e8mes cach\u00e9s dans le processus de fabrication. <\/p>\n<p>Ce cours vous pr\u00e9sente le concept de QRM qui doit \u00eatre appliqu\u00e9 tout au long du processus de fabrication, m\u00eame au niveau des fournisseurs de mati\u00e8res premi\u00e8res, afin de garantir que les produits pharmaceutiques et les dispositifs finaux sont s\u00fbrs et efficaces pour l\u2019utilisation par les patients.<\/p>\n<p>&nbsp;<\/p>\n<p>Dans ce cours, nous proposons une synth\u00e8se du sujet \u00e0 travers une exp\u00e9rience interactive en ligne. Ce mat\u00e9riel a \u00e9t\u00e9 con\u00e7u par une \u00e9quipe d\u2019experts en affaires r\u00e9glementaires dipl\u00f4m\u00e9s de l\u2019Universit\u00e9 Northeastern de Boston, pilot\u00e9e par un membre senior capable d\u2019articuler la th\u00e9orie avec la pratique. <\/p>\n<p>&nbsp;<\/p>\n<h3>Programme<\/h3>\n<p>&nbsp;<\/p>\n<p><strong>Introduction<\/strong><\/p>\n<p>&nbsp;<\/p>\n<ul>\n<li>Contexte et port\u00e9e<\/li>\n<li>Gestion des risques li\u00e9s \u00e0 la qualit\u00e9 (QRM)<\/li>\n<li>Objectif de la gestion des risques li\u00e9s \u00e0 la qualit\u00e9 (QRM) pour l\u2019industrie pharmaceutique<\/li>\n<li>Principes de la gestion des risques li\u00e9s \u00e0 la qualit\u00e9<\/li>\n<\/ul>\n<p>&nbsp;<\/p>\n<p><strong>Le\u00e7on 1 : Objectif de la gestion des risques li\u00e9s \u00e0 la qualit\u00e9 (QRM)<\/strong><\/p>\n<p>&nbsp;<\/p>\n<ul>\n<li>Profil de qualit\u00e9 cible du produit (QTPP)<\/li>\n<li>Produit pharmaceutique fini (FPP)<\/li>\n<li>Param\u00e8tres critiques du proc\u00e9d\u00e9 (CPP)<\/li>\n<li>Attributs de qualit\u00e9 critiques (CQA)<\/li>\n<\/ul>\n<p>&nbsp;<\/p>\n<p><strong>Le\u00e7on 2 : Qualit\u00e9 du processus de gestion des risques<\/strong><\/p>\n<p>&nbsp;<\/p>\n<ul>\n<li>Personnel impliqu\u00e9 dans la QRM<\/li>\n<li>Connaissance du produit et du processus<\/li>\n<li>\u00c9valuation des risques<\/li>\n<li>Maintenance des dossiers d\u2019\u00e9valuation des risques<\/li>\n<li>Ma\u00eetrise des risques<\/li>\n<li>Revue des risques<\/li>\n<li>V\u00e9rification du processus et des techniques de gestion des risques li\u00e9s \u00e0 la qualit\u00e9<\/li>\n<li>Communication et documentation des risques<\/li>\n<\/ul>\n<p>&nbsp;<\/p>\n<p><strong>Le\u00e7on 3 : Applications pharmaceutiques de la QRM<\/strong><\/p>\n<p>&nbsp;<\/p>\n<ul>\n<li>Responsabilit\u00e9s<\/li>\n<li>Application de la QRM pendant le d\u00e9veloppement du produit<\/li>\n<li>Utilisation de la QRM dans la fabrication commerciale<\/li>\n<li>Int\u00e9gration de la QRM aux composants critiques du syst\u00e8me qualit\u00e9<\/li>\n<li>Application de la QRM dans la fabrication des produits<\/li>\n<\/ul>\n<p>&nbsp;<\/p>\n<p><strong>Le\u00e7on 4 : Consid\u00e9rations relatives \u00e0 la QRM pour les autorit\u00e9s r\u00e9glementaires des m\u00e9dicaments<\/strong><\/p>\n<p>&nbsp;<\/p>\n<ul>\n<li>Application de la QRM \u00e0 la strat\u00e9gie d\u2019inspection<\/li>\n<\/ul>\n<p>&nbsp;<\/p>\n<p><strong>Le\u00e7on 5 : Outils de gestion des risques<\/strong><\/p>\n<p>&nbsp;<\/p>\n<p><strong>Le\u00e7on 6 : Analyse et gestion des risques de projet (PRAM)<\/strong><\/p>\n<p>&nbsp;<\/p>\n<ul>\n<li>Analyse qualitative des risques<\/li>\n<li>Analyse quantitative des risques<\/li>\n<li>Avantages de la PRAM<\/li>\n<\/ul>\n<p>&nbsp;<\/p>\n<p><strong>Conclusion<\/strong><\/p>\n<p>&nbsp;<\/p>\n<p><strong>Glossaire<\/strong><\/p>\n<p>&nbsp;<\/p>\n<p><strong>Quiz<\/strong><\/p>\n","protected":false},"excerpt":{"rendered":"<p>Les sciences de la vie s\u2019appuient sur des limites \u00e9tablies par la recherche pour \u00e9valuer la qualit\u00e9 des produits, des mati\u00e8res premi\u00e8res et des sous-produits \u00e0 chaque phase du processus de fabrication. L\u2019analyse des risques est une composante n\u00e9cessaire de la QRM (Gestion des risques li\u00e9s \u00e0 la qualit\u00e9), car elle permet de d\u00e9celer les [&hellip;]<\/p>\n","protected":false},"featured_media":43680,"template":"","meta":{"_acf_changed":false,"content-type":""},"product_brand":[],"product_cat":[257,256,258],"product_tag":[],"class_list":{"0":"post-58191","1":"product","2":"type-product","3":"status-publish","4":"has-post-thumbnail","6":"product_cat-assurance-qualite","7":"product_cat-dispositifs-medicaux","8":"product_cat-pharmaceutique","10":"first","11":"instock","12":"taxable","13":"shipping-taxable","14":"purchasable","15":"product-type-simple"},"bundled_by":[],"bundle_stock_status":"instock","bundle_stock_quantity":null,"bundle_virtual":false,"bundle_layout":"","bundle_add_to_cart_form_location":"","bundle_editable_in_cart":false,"bundle_sold_individually_context":"","bundle_item_grouping":"","bundle_min_size":"","bundle_max_size":"","bundle_price":[],"bundled_items":[],"bundle_sell_ids":[],"acf":[],"yoast_head":"<!-- This site is optimized with the Yoast SEO plugin v27.5 - https:\/\/yoast.com\/product\/yoast-seo-wordpress\/ -->\n<title>Gestion des risques li\u00e9s \u00e0 la qualit\u00e9 : mod\u00e8le d\u2019analyse des risques<\/title>\n<meta name=\"description\" content=\"D\u00e9couvrez comment l\u2019analyse des risques peut garantir des r\u00e9sultats s\u00fbrs, coh\u00e9rents et efficaces gr\u00e2ce \u00e0 ce cours. Inscrivez-vous d\u00e8s maintenant pour commencer imm\u00e9diatement.\" \/>\n<meta name=\"robots\" content=\"index, follow, max-snippet:-1, max-image-preview:large, max-video-preview:-1\" \/>\n<link rel=\"canonical\" href=\"https:\/\/gxp-training.com\/fr\/online-course\/modele-danalyse-des-risques-pour-la-gestion-des-risques-lies-a-la-qualite\/\" \/>\n<meta property=\"og:locale\" content=\"fr_FR\" \/>\n<meta property=\"og:type\" content=\"article\" \/>\n<meta property=\"og:title\" content=\"Gestion des risques li\u00e9s \u00e0 la qualit\u00e9 : mod\u00e8le d\u2019analyse des risques\" \/>\n<meta property=\"og:description\" content=\"D\u00e9couvrez comment l\u2019analyse des risques peut garantir des r\u00e9sultats s\u00fbrs, coh\u00e9rents et efficaces gr\u00e2ce \u00e0 ce cours. Inscrivez-vous d\u00e8s maintenant pour commencer imm\u00e9diatement.\" \/>\n<meta property=\"og:url\" content=\"https:\/\/gxp-training.com\/fr\/online-course\/modele-danalyse-des-risques-pour-la-gestion-des-risques-lies-a-la-qualite\/\" \/>\n<meta property=\"og:site_name\" content=\"GxP Training : Certified Online Courses for Life Sciences\" \/>\n<meta property=\"og:image\" content=\"https:\/\/gxp-training.com\/wp-content\/uploads\/2022\/05\/13.png\" \/>\n\t<meta property=\"og:image:width\" content=\"1000\" \/>\n\t<meta property=\"og:image:height\" content=\"563\" \/>\n\t<meta property=\"og:image:type\" content=\"image\/png\" \/>\n<meta name=\"twitter:card\" content=\"summary_large_image\" \/>\n<meta name=\"twitter:label1\" content=\"Dur\u00e9e de lecture estim\u00e9e\" \/>\n\t<meta name=\"twitter:data1\" content=\"2 minutes\" \/>\n<script type=\"application\/ld+json\" class=\"yoast-schema-graph\">{\"@context\":\"https:\\\/\\\/schema.org\",\"@graph\":[{\"@type\":\"WebPage\",\"@id\":\"https:\\\/\\\/gxp-training.com\\\/fr\\\/online-course\\\/modele-danalyse-des-risques-pour-la-gestion-des-risques-lies-a-la-qualite\\\/\",\"url\":\"https:\\\/\\\/gxp-training.com\\\/fr\\\/online-course\\\/modele-danalyse-des-risques-pour-la-gestion-des-risques-lies-a-la-qualite\\\/\",\"name\":\"Gestion des risques li\u00e9s \u00e0 la qualit\u00e9 : mod\u00e8le d\u2019analyse des risques\",\"isPartOf\":{\"@id\":\"https:\\\/\\\/gxp-training.com\\\/fr\\\/#website\"},\"primaryImageOfPage\":{\"@id\":\"https:\\\/\\\/gxp-training.com\\\/fr\\\/online-course\\\/modele-danalyse-des-risques-pour-la-gestion-des-risques-lies-a-la-qualite\\\/#primaryimage\"},\"image\":{\"@id\":\"https:\\\/\\\/gxp-training.com\\\/fr\\\/online-course\\\/modele-danalyse-des-risques-pour-la-gestion-des-risques-lies-a-la-qualite\\\/#primaryimage\"},\"thumbnailUrl\":\"https:\\\/\\\/gxp-training.com\\\/wp-content\\\/uploads\\\/2022\\\/05\\\/13.png\",\"datePublished\":\"2022-05-27T09:53:00+00:00\",\"description\":\"D\u00e9couvrez comment l\u2019analyse des risques peut garantir des r\u00e9sultats s\u00fbrs, coh\u00e9rents et efficaces gr\u00e2ce \u00e0 ce cours. Inscrivez-vous d\u00e8s maintenant pour commencer imm\u00e9diatement.\",\"breadcrumb\":{\"@id\":\"https:\\\/\\\/gxp-training.com\\\/fr\\\/online-course\\\/modele-danalyse-des-risques-pour-la-gestion-des-risques-lies-a-la-qualite\\\/#breadcrumb\"},\"inLanguage\":\"fr-FR\",\"potentialAction\":[{\"@type\":\"ReadAction\",\"target\":[\"https:\\\/\\\/gxp-training.com\\\/fr\\\/online-course\\\/modele-danalyse-des-risques-pour-la-gestion-des-risques-lies-a-la-qualite\\\/\"]}]},{\"@type\":\"ImageObject\",\"inLanguage\":\"fr-FR\",\"@id\":\"https:\\\/\\\/gxp-training.com\\\/fr\\\/online-course\\\/modele-danalyse-des-risques-pour-la-gestion-des-risques-lies-a-la-qualite\\\/#primaryimage\",\"url\":\"https:\\\/\\\/gxp-training.com\\\/wp-content\\\/uploads\\\/2022\\\/05\\\/13.png\",\"contentUrl\":\"https:\\\/\\\/gxp-training.com\\\/wp-content\\\/uploads\\\/2022\\\/05\\\/13.png\",\"width\":1000,\"height\":563},{\"@type\":\"BreadcrumbList\",\"@id\":\"https:\\\/\\\/gxp-training.com\\\/fr\\\/online-course\\\/modele-danalyse-des-risques-pour-la-gestion-des-risques-lies-a-la-qualite\\\/#breadcrumb\",\"itemListElement\":[{\"@type\":\"ListItem\",\"position\":1,\"name\":\"Accueil\",\"item\":\"https:\\\/\\\/gxp-training.com\\\/fr\\\/page-daccueil\\\/\"},{\"@type\":\"ListItem\",\"position\":2,\"name\":\"Produits\",\"item\":\"https:\\\/\\\/gxp-training.com\\\/fr\\\/shop\\\/\"},{\"@type\":\"ListItem\",\"position\":3,\"name\":\"Mod\u00e8le d\u2019analyse des risques pour la gestion des risques li\u00e9s \u00e0 la qualit\u00e9\"}]},{\"@type\":\"WebSite\",\"@id\":\"https:\\\/\\\/gxp-training.com\\\/fr\\\/#website\",\"url\":\"https:\\\/\\\/gxp-training.com\\\/fr\\\/\",\"name\":\"GxP Training : Certified Online Courses for Life Sciences\",\"description\":\"Online Trainings and Certified Courses in Regulatory Compliance for Pharmaceutical Experts\",\"publisher\":{\"@id\":\"https:\\\/\\\/gxp-training.com\\\/fr\\\/#organization\"},\"potentialAction\":[{\"@type\":\"SearchAction\",\"target\":{\"@type\":\"EntryPoint\",\"urlTemplate\":\"https:\\\/\\\/gxp-training.com\\\/fr\\\/?s={search_term_string}\"},\"query-input\":{\"@type\":\"PropertyValueSpecification\",\"valueRequired\":true,\"valueName\":\"search_term_string\"}}],\"inLanguage\":\"fr-FR\"},{\"@type\":\"Organization\",\"@id\":\"https:\\\/\\\/gxp-training.com\\\/fr\\\/#organization\",\"name\":\"GXP Training\",\"url\":\"https:\\\/\\\/gxp-training.com\\\/fr\\\/\",\"logo\":{\"@type\":\"ImageObject\",\"inLanguage\":\"fr-FR\",\"@id\":\"https:\\\/\\\/gxp-training.com\\\/fr\\\/#\\\/schema\\\/logo\\\/image\\\/\",\"url\":\"https:\\\/\\\/gxp-training.com\\\/wp-content\\\/uploads\\\/2022\\\/05\\\/logo-resize.png\",\"contentUrl\":\"https:\\\/\\\/gxp-training.com\\\/wp-content\\\/uploads\\\/2022\\\/05\\\/logo-resize.png\",\"width\":350,\"height\":100,\"caption\":\"GXP Training\"},\"image\":{\"@id\":\"https:\\\/\\\/gxp-training.com\\\/fr\\\/#\\\/schema\\\/logo\\\/image\\\/\"}}]}<\/script>\n<!-- \/ Yoast SEO plugin. -->","yoast_head_json":{"title":"Gestion des risques li\u00e9s \u00e0 la qualit\u00e9 : mod\u00e8le d\u2019analyse des risques","description":"D\u00e9couvrez comment l\u2019analyse des risques peut garantir des r\u00e9sultats s\u00fbrs, coh\u00e9rents et efficaces gr\u00e2ce \u00e0 ce cours. Inscrivez-vous d\u00e8s maintenant pour commencer imm\u00e9diatement.","robots":{"index":"index","follow":"follow","max-snippet":"max-snippet:-1","max-image-preview":"max-image-preview:large","max-video-preview":"max-video-preview:-1"},"canonical":"https:\/\/gxp-training.com\/fr\/online-course\/modele-danalyse-des-risques-pour-la-gestion-des-risques-lies-a-la-qualite\/","og_locale":"fr_FR","og_type":"article","og_title":"Gestion des risques li\u00e9s \u00e0 la qualit\u00e9 : mod\u00e8le d\u2019analyse des risques","og_description":"D\u00e9couvrez comment l\u2019analyse des risques peut garantir des r\u00e9sultats s\u00fbrs, coh\u00e9rents et efficaces gr\u00e2ce \u00e0 ce cours. Inscrivez-vous d\u00e8s maintenant pour commencer imm\u00e9diatement.","og_url":"https:\/\/gxp-training.com\/fr\/online-course\/modele-danalyse-des-risques-pour-la-gestion-des-risques-lies-a-la-qualite\/","og_site_name":"GxP Training : Certified Online Courses for Life Sciences","og_image":[{"width":1000,"height":563,"url":"https:\/\/gxp-training.com\/wp-content\/uploads\/2022\/05\/13.png","type":"image\/png"}],"twitter_card":"summary_large_image","twitter_misc":{"Dur\u00e9e de lecture estim\u00e9e":"2 minutes"},"schema":{"@context":"https:\/\/schema.org","@graph":[{"@type":"WebPage","@id":"https:\/\/gxp-training.com\/fr\/online-course\/modele-danalyse-des-risques-pour-la-gestion-des-risques-lies-a-la-qualite\/","url":"https:\/\/gxp-training.com\/fr\/online-course\/modele-danalyse-des-risques-pour-la-gestion-des-risques-lies-a-la-qualite\/","name":"Gestion des risques li\u00e9s \u00e0 la qualit\u00e9 : mod\u00e8le d\u2019analyse des risques","isPartOf":{"@id":"https:\/\/gxp-training.com\/fr\/#website"},"primaryImageOfPage":{"@id":"https:\/\/gxp-training.com\/fr\/online-course\/modele-danalyse-des-risques-pour-la-gestion-des-risques-lies-a-la-qualite\/#primaryimage"},"image":{"@id":"https:\/\/gxp-training.com\/fr\/online-course\/modele-danalyse-des-risques-pour-la-gestion-des-risques-lies-a-la-qualite\/#primaryimage"},"thumbnailUrl":"https:\/\/gxp-training.com\/wp-content\/uploads\/2022\/05\/13.png","datePublished":"2022-05-27T09:53:00+00:00","description":"D\u00e9couvrez comment l\u2019analyse des risques peut garantir des r\u00e9sultats s\u00fbrs, coh\u00e9rents et efficaces gr\u00e2ce \u00e0 ce cours. Inscrivez-vous d\u00e8s maintenant pour commencer imm\u00e9diatement.","breadcrumb":{"@id":"https:\/\/gxp-training.com\/fr\/online-course\/modele-danalyse-des-risques-pour-la-gestion-des-risques-lies-a-la-qualite\/#breadcrumb"},"inLanguage":"fr-FR","potentialAction":[{"@type":"ReadAction","target":["https:\/\/gxp-training.com\/fr\/online-course\/modele-danalyse-des-risques-pour-la-gestion-des-risques-lies-a-la-qualite\/"]}]},{"@type":"ImageObject","inLanguage":"fr-FR","@id":"https:\/\/gxp-training.com\/fr\/online-course\/modele-danalyse-des-risques-pour-la-gestion-des-risques-lies-a-la-qualite\/#primaryimage","url":"https:\/\/gxp-training.com\/wp-content\/uploads\/2022\/05\/13.png","contentUrl":"https:\/\/gxp-training.com\/wp-content\/uploads\/2022\/05\/13.png","width":1000,"height":563},{"@type":"BreadcrumbList","@id":"https:\/\/gxp-training.com\/fr\/online-course\/modele-danalyse-des-risques-pour-la-gestion-des-risques-lies-a-la-qualite\/#breadcrumb","itemListElement":[{"@type":"ListItem","position":1,"name":"Accueil","item":"https:\/\/gxp-training.com\/fr\/page-daccueil\/"},{"@type":"ListItem","position":2,"name":"Produits","item":"https:\/\/gxp-training.com\/fr\/shop\/"},{"@type":"ListItem","position":3,"name":"Mod\u00e8le d\u2019analyse des risques pour la gestion des risques li\u00e9s \u00e0 la qualit\u00e9"}]},{"@type":"WebSite","@id":"https:\/\/gxp-training.com\/fr\/#website","url":"https:\/\/gxp-training.com\/fr\/","name":"GxP Training : Certified Online Courses for Life Sciences","description":"Online Trainings and Certified Courses in Regulatory Compliance for Pharmaceutical Experts","publisher":{"@id":"https:\/\/gxp-training.com\/fr\/#organization"},"potentialAction":[{"@type":"SearchAction","target":{"@type":"EntryPoint","urlTemplate":"https:\/\/gxp-training.com\/fr\/?s={search_term_string}"},"query-input":{"@type":"PropertyValueSpecification","valueRequired":true,"valueName":"search_term_string"}}],"inLanguage":"fr-FR"},{"@type":"Organization","@id":"https:\/\/gxp-training.com\/fr\/#organization","name":"GXP Training","url":"https:\/\/gxp-training.com\/fr\/","logo":{"@type":"ImageObject","inLanguage":"fr-FR","@id":"https:\/\/gxp-training.com\/fr\/#\/schema\/logo\/image\/","url":"https:\/\/gxp-training.com\/wp-content\/uploads\/2022\/05\/logo-resize.png","contentUrl":"https:\/\/gxp-training.com\/wp-content\/uploads\/2022\/05\/logo-resize.png","width":350,"height":100,"caption":"GXP Training"},"image":{"@id":"https:\/\/gxp-training.com\/fr\/#\/schema\/logo\/image\/"}}]}},"_links":{"self":[{"href":"https:\/\/gxp-training.com\/fr\/wp-json\/wp\/v2\/product\/58191","targetHints":{"allow":["GET"]}}],"collection":[{"href":"https:\/\/gxp-training.com\/fr\/wp-json\/wp\/v2\/product"}],"about":[{"href":"https:\/\/gxp-training.com\/fr\/wp-json\/wp\/v2\/types\/product"}],"wp:featuredmedia":[{"embeddable":true,"href":"https:\/\/gxp-training.com\/fr\/wp-json\/wp\/v2\/media\/43680"}],"wp:attachment":[{"href":"https:\/\/gxp-training.com\/fr\/wp-json\/wp\/v2\/media?parent=58191"}],"wp:term":[{"taxonomy":"product_brand","embeddable":true,"href":"https:\/\/gxp-training.com\/fr\/wp-json\/wp\/v2\/product_brand?post=58191"},{"taxonomy":"product_cat","embeddable":true,"href":"https:\/\/gxp-training.com\/fr\/wp-json\/wp\/v2\/product_cat?post=58191"},{"taxonomy":"product_tag","embeddable":true,"href":"https:\/\/gxp-training.com\/fr\/wp-json\/wp\/v2\/product_tag?post=58191"}],"curies":[{"name":"wp","href":"https:\/\/api.w.org\/{rel}","templated":true}]}}