{"id":58184,"date":"2022-05-27T11:58:57","date_gmt":"2022-05-27T09:58:57","guid":{"rendered":"https:\/\/gxp-training.com\/online-course\/gestion-des-prestataires-de-services\/"},"modified":"2022-05-27T11:58:57","modified_gmt":"2022-05-27T09:58:57","slug":"gestion-des-prestataires-de-services","status":"publish","type":"product","link":"https:\/\/gxp-training.com\/fr\/online-course\/gestion-des-prestataires-de-services\/","title":{"rendered":"Gestion des prestataires de services"},"content":{"rendered":"<p>Un programme de recrutement de prestataires de services infaillible constitue un rempart, afin de n\u2019int\u00e9grer au processus de fabrication que des mat\u00e9riaux et des services d\u2019une qualit\u00e9 acceptable.<\/p>\n<p>Ce cours montre l\u2019importance de suivre un processus de recrutement uniforme. Le processus doit inclure l\u2019\u00e9valuation de la r\u00e9putation du prestataire sur le march\u00e9 et de la qualit\u00e9 des mat\u00e9riaux ou des services qu\u2019il fournit. <\/p>\n<p>Un processus de surveillance cr\u00e9dible garantit la constance de la qualit\u00e9 fournie. Votre \u00e9quipe de recrutement doit donc inclure des professionnels qualifi\u00e9s. Ainsi, l\u2019image de l\u2019entreprise sera pr\u00e9serv\u00e9e et les int\u00e9r\u00eats des consommateurs prot\u00e9g\u00e9s.  <\/p>\n<p>&nbsp;<\/p>\n<p>Dans ce cours, nous proposons une synth\u00e8se du sujet au travers d\u2019une exp\u00e9rience en ligne interactive. Ce contenu a \u00e9t\u00e9 con\u00e7u par une \u00e9quipe d\u2019experts en affaires r\u00e9glementaires, titulaires d\u2019une qualification de la Northeastern University (Boston), et pilot\u00e9 par un membre senior capable d\u2019articuler la th\u00e9orie et la pratique. <\/p>\n<p>&nbsp;<\/p>\n<h4><\/h4>\n<h4><strong>Programme<\/strong><\/h4>\n<p>&nbsp;<\/p>\n<p><strong>Le\u00e7on 1 : Qu\u2019est-ce qu\u2019un prestataire de services ?<\/strong><\/p>\n<p>&nbsp;<\/p>\n<ul>\n<li>Les \u00e9tapes cl\u00e9s de la gestion des prestataires de services<\/li>\n<\/ul>\n<p>&nbsp;<\/p>\n<p><strong>Le\u00e7on 2 : Identification<\/strong><\/p>\n<p>&nbsp;<\/p>\n<p><strong>Le\u00e7on 3 : \u00c9valuation et appr\u00e9ciation<\/strong><\/p>\n<p>&nbsp;<\/p>\n<p><strong>Le\u00e7on 4 : Qualification<\/strong><\/p>\n<p>&nbsp;<\/p>\n<ul>\n<li>Facteurs cl\u00e9s \u00e0 \u00e9valuer lors de l\u2019approbation d\u2019un prestataire de services<\/li>\n<li>Lignes directrices pour \u00e9tablir un programme de qualification des fournisseurs afin de s\u2019approvisionner en mat\u00e9riaux et services pertinents GxP, d\u2019une qualit\u00e9 standard et constante<\/li>\n<li>S\u00e9curisation de l\u2019approvisionnement<\/li>\n<li>Qualit\u00e9 et conformit\u00e9 r\u00e9glementaire<\/li>\n<li>Technique\/Innovation<\/li>\n<li>R\u00e9activit\u00e9 &#038; communication<\/li>\n<li>Diff\u00e9rents types de prestataires de services<\/li>\n<li>Cas rapport\u00e9s o\u00f9 les \u00e9tapes obligatoires ne sont pas respect\u00e9es<\/li>\n<\/ul>\n<p>&nbsp;<\/p>\n<p><strong>Le\u00e7on 5 : Audits<\/strong><\/p>\n<p>&nbsp;<\/p>\n<p><strong>Le\u00e7on 6 : Accords<\/strong><\/p>\n<p>&nbsp;<\/p>\n<p><strong>Conclusion<\/strong><\/p>\n<p>&nbsp;<\/p>\n<p><strong>\u00c9valuation<\/strong><\/p>\n<p>&nbsp;<\/p>\n<p><strong>Glossaire<\/strong><\/p>\n","protected":false},"excerpt":{"rendered":"<p>Un programme de recrutement de prestataires de services infaillible constitue un rempart, afin de n\u2019int\u00e9grer au processus de fabrication que des mat\u00e9riaux et des services d\u2019une qualit\u00e9 acceptable. Ce cours montre l\u2019importance de suivre un processus de recrutement uniforme. Le processus doit inclure l\u2019\u00e9valuation de la r\u00e9putation du prestataire sur le march\u00e9 et de la [&hellip;]<\/p>\n","protected":false},"featured_media":44515,"template":"","meta":{"_acf_changed":false,"content-type":""},"product_brand":[],"product_cat":[257,256,259,263,258,264],"product_tag":[],"class_list":{"0":"post-58184","1":"product","2":"type-product","3":"status-publish","4":"has-post-thumbnail","6":"product_cat-assurance-qualite","7":"product_cat-dispositifs-medicaux","8":"product_cat-laboratoires","9":"product_cat-organisme-de-recherche-sous-contrat-cro","10":"product_cat-pharmaceutique","11":"product_cat-transversal","13":"first","14":"instock","15":"taxable","16":"shipping-taxable","17":"purchasable","18":"product-type-simple"},"bundled_by":[],"bundle_stock_status":"instock","bundle_stock_quantity":null,"bundle_virtual":false,"bundle_layout":"","bundle_add_to_cart_form_location":"","bundle_editable_in_cart":false,"bundle_sold_individually_context":"","bundle_item_grouping":"","bundle_min_size":"","bundle_max_size":"","bundle_price":[],"bundled_items":[],"bundle_sell_ids":[],"acf":[],"yoast_head":"<!-- This site is optimized with the Yoast SEO plugin v27.5 - https:\/\/yoast.com\/product\/yoast-seo-wordpress\/ -->\n<title>Gestion des prestataires de services - Formation GxP - Cours certifi\u00e9<\/title>\n<meta name=\"description\" content=\"Cette formation en ligne vous pr\u00e9sente les \u00e9tapes cl\u00e9s du recrutement et de la gestion des prestataires de services. Commencez d\u00e8s maintenant pour obtenir votre certification. Cours accr\u00e9dit\u00e9 CPD et CEU.\" \/>\n<meta name=\"robots\" content=\"index, follow, max-snippet:-1, max-image-preview:large, max-video-preview:-1\" \/>\n<link rel=\"canonical\" href=\"https:\/\/gxp-training.com\/fr\/online-course\/gestion-des-prestataires-de-services\/\" \/>\n<meta property=\"og:locale\" content=\"fr_FR\" \/>\n<meta property=\"og:type\" content=\"article\" \/>\n<meta property=\"og:title\" content=\"Gestion des prestataires de services - Formation GxP - Cours certifi\u00e9\" \/>\n<meta property=\"og:description\" content=\"Cette formation en ligne vous pr\u00e9sente les \u00e9tapes cl\u00e9s du recrutement et de la gestion des prestataires de services. Commencez d\u00e8s maintenant pour obtenir votre certification. Cours accr\u00e9dit\u00e9 CPD et CEU.\" \/>\n<meta property=\"og:url\" content=\"https:\/\/gxp-training.com\/fr\/online-course\/gestion-des-prestataires-de-services\/\" \/>\n<meta property=\"og:site_name\" content=\"GxP Training : Certified Online Courses for Life Sciences\" \/>\n<meta property=\"og:image\" content=\"https:\/\/gxp-training.com\/wp-content\/uploads\/2022\/05\/Management-of-Service-Providers.png\" \/>\n\t<meta property=\"og:image:width\" content=\"900\" \/>\n\t<meta property=\"og:image:height\" content=\"627\" \/>\n\t<meta property=\"og:image:type\" content=\"image\/png\" \/>\n<meta name=\"twitter:card\" content=\"summary_large_image\" \/>\n<meta name=\"twitter:label1\" content=\"Dur\u00e9e de lecture estim\u00e9e\" \/>\n\t<meta name=\"twitter:data1\" content=\"2 minutes\" \/>\n<script type=\"application\/ld+json\" class=\"yoast-schema-graph\">{\"@context\":\"https:\\\/\\\/schema.org\",\"@graph\":[{\"@type\":\"WebPage\",\"@id\":\"https:\\\/\\\/gxp-training.com\\\/fr\\\/online-course\\\/gestion-des-prestataires-de-services\\\/\",\"url\":\"https:\\\/\\\/gxp-training.com\\\/fr\\\/online-course\\\/gestion-des-prestataires-de-services\\\/\",\"name\":\"Gestion des prestataires de services - Formation GxP - Cours certifi\u00e9\",\"isPartOf\":{\"@id\":\"https:\\\/\\\/gxp-training.com\\\/fr\\\/#website\"},\"primaryImageOfPage\":{\"@id\":\"https:\\\/\\\/gxp-training.com\\\/fr\\\/online-course\\\/gestion-des-prestataires-de-services\\\/#primaryimage\"},\"image\":{\"@id\":\"https:\\\/\\\/gxp-training.com\\\/fr\\\/online-course\\\/gestion-des-prestataires-de-services\\\/#primaryimage\"},\"thumbnailUrl\":\"https:\\\/\\\/gxp-training.com\\\/wp-content\\\/uploads\\\/2022\\\/05\\\/Management-of-Service-Providers.png\",\"datePublished\":\"2022-05-27T09:58:57+00:00\",\"description\":\"Cette formation en ligne vous pr\u00e9sente les \u00e9tapes cl\u00e9s du recrutement et de la gestion des prestataires de services. Commencez d\u00e8s maintenant pour obtenir votre certification. Cours accr\u00e9dit\u00e9 CPD et CEU.\",\"breadcrumb\":{\"@id\":\"https:\\\/\\\/gxp-training.com\\\/fr\\\/online-course\\\/gestion-des-prestataires-de-services\\\/#breadcrumb\"},\"inLanguage\":\"fr-FR\",\"potentialAction\":[{\"@type\":\"ReadAction\",\"target\":[\"https:\\\/\\\/gxp-training.com\\\/fr\\\/online-course\\\/gestion-des-prestataires-de-services\\\/\"]}]},{\"@type\":\"ImageObject\",\"inLanguage\":\"fr-FR\",\"@id\":\"https:\\\/\\\/gxp-training.com\\\/fr\\\/online-course\\\/gestion-des-prestataires-de-services\\\/#primaryimage\",\"url\":\"https:\\\/\\\/gxp-training.com\\\/wp-content\\\/uploads\\\/2022\\\/05\\\/Management-of-Service-Providers.png\",\"contentUrl\":\"https:\\\/\\\/gxp-training.com\\\/wp-content\\\/uploads\\\/2022\\\/05\\\/Management-of-Service-Providers.png\",\"width\":900,\"height\":627},{\"@type\":\"BreadcrumbList\",\"@id\":\"https:\\\/\\\/gxp-training.com\\\/fr\\\/online-course\\\/gestion-des-prestataires-de-services\\\/#breadcrumb\",\"itemListElement\":[{\"@type\":\"ListItem\",\"position\":1,\"name\":\"Accueil\",\"item\":\"https:\\\/\\\/gxp-training.com\\\/fr\\\/page-daccueil\\\/\"},{\"@type\":\"ListItem\",\"position\":2,\"name\":\"Produits\",\"item\":\"https:\\\/\\\/gxp-training.com\\\/fr\\\/shop\\\/\"},{\"@type\":\"ListItem\",\"position\":3,\"name\":\"Gestion des prestataires de services\"}]},{\"@type\":\"WebSite\",\"@id\":\"https:\\\/\\\/gxp-training.com\\\/fr\\\/#website\",\"url\":\"https:\\\/\\\/gxp-training.com\\\/fr\\\/\",\"name\":\"GxP Training : Certified Online Courses for Life Sciences\",\"description\":\"Online Trainings and Certified Courses in Regulatory Compliance for Pharmaceutical Experts\",\"publisher\":{\"@id\":\"https:\\\/\\\/gxp-training.com\\\/fr\\\/#organization\"},\"potentialAction\":[{\"@type\":\"SearchAction\",\"target\":{\"@type\":\"EntryPoint\",\"urlTemplate\":\"https:\\\/\\\/gxp-training.com\\\/fr\\\/?s={search_term_string}\"},\"query-input\":{\"@type\":\"PropertyValueSpecification\",\"valueRequired\":true,\"valueName\":\"search_term_string\"}}],\"inLanguage\":\"fr-FR\"},{\"@type\":\"Organization\",\"@id\":\"https:\\\/\\\/gxp-training.com\\\/fr\\\/#organization\",\"name\":\"GXP Training\",\"url\":\"https:\\\/\\\/gxp-training.com\\\/fr\\\/\",\"logo\":{\"@type\":\"ImageObject\",\"inLanguage\":\"fr-FR\",\"@id\":\"https:\\\/\\\/gxp-training.com\\\/fr\\\/#\\\/schema\\\/logo\\\/image\\\/\",\"url\":\"https:\\\/\\\/gxp-training.com\\\/wp-content\\\/uploads\\\/2022\\\/05\\\/logo-resize.png\",\"contentUrl\":\"https:\\\/\\\/gxp-training.com\\\/wp-content\\\/uploads\\\/2022\\\/05\\\/logo-resize.png\",\"width\":350,\"height\":100,\"caption\":\"GXP Training\"},\"image\":{\"@id\":\"https:\\\/\\\/gxp-training.com\\\/fr\\\/#\\\/schema\\\/logo\\\/image\\\/\"}}]}<\/script>\n<!-- \/ Yoast SEO plugin. -->","yoast_head_json":{"title":"Gestion des prestataires de services - Formation GxP - Cours certifi\u00e9","description":"Cette formation en ligne vous pr\u00e9sente les \u00e9tapes cl\u00e9s du recrutement et de la gestion des prestataires de services. Commencez d\u00e8s maintenant pour obtenir votre certification. Cours accr\u00e9dit\u00e9 CPD et CEU.","robots":{"index":"index","follow":"follow","max-snippet":"max-snippet:-1","max-image-preview":"max-image-preview:large","max-video-preview":"max-video-preview:-1"},"canonical":"https:\/\/gxp-training.com\/fr\/online-course\/gestion-des-prestataires-de-services\/","og_locale":"fr_FR","og_type":"article","og_title":"Gestion des prestataires de services - Formation GxP - Cours certifi\u00e9","og_description":"Cette formation en ligne vous pr\u00e9sente les \u00e9tapes cl\u00e9s du recrutement et de la gestion des prestataires de services. Commencez d\u00e8s maintenant pour obtenir votre certification. Cours accr\u00e9dit\u00e9 CPD et CEU.","og_url":"https:\/\/gxp-training.com\/fr\/online-course\/gestion-des-prestataires-de-services\/","og_site_name":"GxP Training : Certified Online Courses for Life Sciences","og_image":[{"width":900,"height":627,"url":"https:\/\/gxp-training.com\/wp-content\/uploads\/2022\/05\/Management-of-Service-Providers.png","type":"image\/png"}],"twitter_card":"summary_large_image","twitter_misc":{"Dur\u00e9e de lecture estim\u00e9e":"2 minutes"},"schema":{"@context":"https:\/\/schema.org","@graph":[{"@type":"WebPage","@id":"https:\/\/gxp-training.com\/fr\/online-course\/gestion-des-prestataires-de-services\/","url":"https:\/\/gxp-training.com\/fr\/online-course\/gestion-des-prestataires-de-services\/","name":"Gestion des prestataires de services - Formation GxP - Cours certifi\u00e9","isPartOf":{"@id":"https:\/\/gxp-training.com\/fr\/#website"},"primaryImageOfPage":{"@id":"https:\/\/gxp-training.com\/fr\/online-course\/gestion-des-prestataires-de-services\/#primaryimage"},"image":{"@id":"https:\/\/gxp-training.com\/fr\/online-course\/gestion-des-prestataires-de-services\/#primaryimage"},"thumbnailUrl":"https:\/\/gxp-training.com\/wp-content\/uploads\/2022\/05\/Management-of-Service-Providers.png","datePublished":"2022-05-27T09:58:57+00:00","description":"Cette formation en ligne vous pr\u00e9sente les \u00e9tapes cl\u00e9s du recrutement et de la gestion des prestataires de services. Commencez d\u00e8s maintenant pour obtenir votre certification. Cours accr\u00e9dit\u00e9 CPD et CEU.","breadcrumb":{"@id":"https:\/\/gxp-training.com\/fr\/online-course\/gestion-des-prestataires-de-services\/#breadcrumb"},"inLanguage":"fr-FR","potentialAction":[{"@type":"ReadAction","target":["https:\/\/gxp-training.com\/fr\/online-course\/gestion-des-prestataires-de-services\/"]}]},{"@type":"ImageObject","inLanguage":"fr-FR","@id":"https:\/\/gxp-training.com\/fr\/online-course\/gestion-des-prestataires-de-services\/#primaryimage","url":"https:\/\/gxp-training.com\/wp-content\/uploads\/2022\/05\/Management-of-Service-Providers.png","contentUrl":"https:\/\/gxp-training.com\/wp-content\/uploads\/2022\/05\/Management-of-Service-Providers.png","width":900,"height":627},{"@type":"BreadcrumbList","@id":"https:\/\/gxp-training.com\/fr\/online-course\/gestion-des-prestataires-de-services\/#breadcrumb","itemListElement":[{"@type":"ListItem","position":1,"name":"Accueil","item":"https:\/\/gxp-training.com\/fr\/page-daccueil\/"},{"@type":"ListItem","position":2,"name":"Produits","item":"https:\/\/gxp-training.com\/fr\/shop\/"},{"@type":"ListItem","position":3,"name":"Gestion des prestataires de services"}]},{"@type":"WebSite","@id":"https:\/\/gxp-training.com\/fr\/#website","url":"https:\/\/gxp-training.com\/fr\/","name":"GxP Training : Certified Online Courses for Life Sciences","description":"Online Trainings and Certified Courses in Regulatory Compliance for Pharmaceutical Experts","publisher":{"@id":"https:\/\/gxp-training.com\/fr\/#organization"},"potentialAction":[{"@type":"SearchAction","target":{"@type":"EntryPoint","urlTemplate":"https:\/\/gxp-training.com\/fr\/?s={search_term_string}"},"query-input":{"@type":"PropertyValueSpecification","valueRequired":true,"valueName":"search_term_string"}}],"inLanguage":"fr-FR"},{"@type":"Organization","@id":"https:\/\/gxp-training.com\/fr\/#organization","name":"GXP Training","url":"https:\/\/gxp-training.com\/fr\/","logo":{"@type":"ImageObject","inLanguage":"fr-FR","@id":"https:\/\/gxp-training.com\/fr\/#\/schema\/logo\/image\/","url":"https:\/\/gxp-training.com\/wp-content\/uploads\/2022\/05\/logo-resize.png","contentUrl":"https:\/\/gxp-training.com\/wp-content\/uploads\/2022\/05\/logo-resize.png","width":350,"height":100,"caption":"GXP Training"},"image":{"@id":"https:\/\/gxp-training.com\/fr\/#\/schema\/logo\/image\/"}}]}},"_links":{"self":[{"href":"https:\/\/gxp-training.com\/fr\/wp-json\/wp\/v2\/product\/58184","targetHints":{"allow":["GET"]}}],"collection":[{"href":"https:\/\/gxp-training.com\/fr\/wp-json\/wp\/v2\/product"}],"about":[{"href":"https:\/\/gxp-training.com\/fr\/wp-json\/wp\/v2\/types\/product"}],"wp:featuredmedia":[{"embeddable":true,"href":"https:\/\/gxp-training.com\/fr\/wp-json\/wp\/v2\/media\/44515"}],"wp:attachment":[{"href":"https:\/\/gxp-training.com\/fr\/wp-json\/wp\/v2\/media?parent=58184"}],"wp:term":[{"taxonomy":"product_brand","embeddable":true,"href":"https:\/\/gxp-training.com\/fr\/wp-json\/wp\/v2\/product_brand?post=58184"},{"taxonomy":"product_cat","embeddable":true,"href":"https:\/\/gxp-training.com\/fr\/wp-json\/wp\/v2\/product_cat?post=58184"},{"taxonomy":"product_tag","embeddable":true,"href":"https:\/\/gxp-training.com\/fr\/wp-json\/wp\/v2\/product_tag?post=58184"}],"curies":[{"name":"wp","href":"https:\/\/api.w.org\/{rel}","templated":true}]}}