{"id":58178,"date":"2022-05-27T12:03:08","date_gmt":"2022-05-27T10:03:08","guid":{"rendered":"https:\/\/gxp-training.com\/online-course\/manipulation-des-echantillons-biologiques-humains\/"},"modified":"2022-05-27T12:03:08","modified_gmt":"2022-05-27T10:03:08","slug":"manipulation-des-echantillons-biologiques-humains","status":"publish","type":"product","link":"https:\/\/gxp-training.com\/fr\/online-course\/manipulation-des-echantillons-biologiques-humains\/","title":{"rendered":"Manipulation des \u00e9chantillons biologiques humains"},"content":{"rendered":"<p>Le diagnostic fond\u00e9 sur des preuves est essentiel pour des soins optimaux, c\u2019est pourquoi les m\u00e9decins utilisent les r\u00e9sultats d\u2019analyses pour d\u00e9terminer l\u2019\u00e9tat de sant\u00e9 d\u2019un patient. Ce cours pr\u00e9sente aux participants le concept des analyses biologiques humaines, en mettant l\u2019accent sur les examens non routiniers. Les examens non routiniers peuvent \u00eatre demand\u00e9s par le m\u00e9decin lorsqu\u2019il existe une raison de suspecter la pr\u00e9sence d\u2019une affection chez un patient, probablement en raison des ant\u00e9c\u00e9dents familiaux ou du mode de vie. Ces examens peuvent \u00e9galement \u00eatre r\u00e9alis\u00e9s sur des groupes de population sp\u00e9cifiques afin d\u2019identifier les personnes \u00e0 risque d\u2019une affection donn\u00e9e. Les participants apprendront la pr\u00e9paration du patient, le pr\u00e9l\u00e8vement, le transport, le traitement des \u00e9chantillons et la gestion des donn\u00e9es dans le cadre des examens non routiniers.    <\/p>\n<p>&nbsp;<\/p>\n<p>Dans ce cours, nous proposons une synth\u00e8se du sujet \u00e0 travers une exp\u00e9rience en ligne interactive. Ce contenu a \u00e9t\u00e9 \u00e9labor\u00e9 par une \u00e9quipe d\u2019experts en affaires r\u00e9glementaires, titulaires d\u2019une qualification de la Northeastern University (Boston), et pilot\u00e9 par un membre senior capable d\u2019articuler la th\u00e9orie et la pratique. <\/p>\n<p>&nbsp;<\/p>\n<h3>Programme<\/h3>\n<p>&nbsp;<\/p>\n<p><strong>Introduction<\/strong><\/p>\n<p>&nbsp;<\/p>\n<p><strong>Le\u00e7on 1 : Analyses biologiques non routini\u00e8res<\/strong><\/p>\n<p>&nbsp;<\/p>\n<ul>\n<li>Test de mesure du cholest\u00e9rol<\/li>\n<li>Prot\u00e9ine C-r\u00e9active (CRP)<\/li>\n<li>Test de recherche de sang occulte dans les selles<\/li>\n<li>Test de frottis cervico-vaginal<\/li>\n<li>Antig\u00e8ne prostatique sp\u00e9cifique (PSA)<\/li>\n<li>Mammographie et coloscopie<\/li>\n<li>Test du diab\u00e8te ou du pr\u00e9diab\u00e8te<\/li>\n<li>Test de l\u2019h\u00e9patite C<\/li>\n<li>Test de la vitamine D<\/li>\n<\/ul>\n<p>&nbsp;<\/p>\n<p><strong>Le\u00e7on 2 : Pr\u00e9l\u00e8vement d\u2019\u00e9chantillons biologiques<\/strong><\/p>\n<p>&nbsp;<\/p>\n<ul>\n<li>Type d\u2019\u00e9chantillon<\/li>\n<li>Pr\u00e9paration du patient<\/li>\n<li>Pr\u00e9l\u00e8vements \u00e0 horaire d\u00e9fini<\/li>\n<li>Pr\u00e9l\u00e8vement s\u00e9quentiel d\u2019\u00e9chantillons<\/li>\n<li>Quantit\u00e9 insuffisante<\/li>\n<li>Pr\u00e9paration du s\u00e9rum<\/li>\n<li>Pr\u00e9paration du plasma<\/li>\n<li>Recueil d\u2019urines<\/li>\n<\/ul>\n<p>&nbsp;<\/p>\n<p><strong>Le\u00e7on 3 : Stockage et transport des \u00e9chantillons<\/strong><\/p>\n<p>&nbsp;<\/p>\n<ul>\n<li>\u00c9tiquetage des \u00e9chantillons<\/li>\n<li>Transport des \u00e9chantillons<\/li>\n<\/ul>\n<p>&nbsp;<\/p>\n<p><strong>Le\u00e7on 4 : Manipulation des \u00e9chantillons<\/strong><\/p>\n<p>&nbsp;<\/p>\n<p><strong>Le\u00e7on 5 : Gestion des donn\u00e9es<\/strong><\/p>\n<p>&nbsp;<\/p>\n<p><strong>Le\u00e7on 6 : Bios\u00e9curit\u00e9<\/strong><\/p>\n<p>&nbsp;<\/p>\n<ul>\n<li>Lors du pr\u00e9l\u00e8vement d\u2019\u00e9chantillons<\/li>\n<li>Pr\u00e9cautions lors du traitement des \u00e9chantillons<\/li>\n<li>Gestion des d\u00e9chets de laboratoire<\/li>\n<\/ul>\n<p>&nbsp;<\/p>\n<p><strong>Conclusion<\/strong><\/p>\n<p>&nbsp;<\/p>\n<p><strong>Glossaire<\/strong><\/p>\n<p>&nbsp;<\/p>\n<p><strong>Quiz<\/strong><\/p>\n","protected":false},"excerpt":{"rendered":"<p>Le diagnostic fond\u00e9 sur des preuves est essentiel pour des soins optimaux, c\u2019est pourquoi les m\u00e9decins utilisent les r\u00e9sultats d\u2019analyses pour d\u00e9terminer l\u2019\u00e9tat de sant\u00e9 d\u2019un patient. Ce cours pr\u00e9sente aux participants le concept des analyses biologiques humaines, en mettant l\u2019accent sur les examens non routiniers. Les examens non routiniers peuvent \u00eatre demand\u00e9s par le [&hellip;]<\/p>\n","protected":false},"featured_media":42829,"template":"","meta":{"_acf_changed":false,"content-type":""},"product_brand":[],"product_cat":[274,281,259,263,258],"product_tag":[],"class_list":{"0":"post-58178","1":"product","2":"type-product","3":"status-publish","4":"has-post-thumbnail","6":"product_cat-bpc-essais-cliniques","7":"product_cat-bpd-bonnes-pratiques-de-distribution","8":"product_cat-laboratoires","9":"product_cat-organisme-de-recherche-sous-contrat-cro","10":"product_cat-pharmaceutique","12":"first","13":"instock","14":"taxable","15":"shipping-taxable","16":"purchasable","17":"product-type-simple"},"bundled_by":[],"bundle_stock_status":"instock","bundle_stock_quantity":null,"bundle_virtual":false,"bundle_layout":"","bundle_add_to_cart_form_location":"","bundle_editable_in_cart":false,"bundle_sold_individually_context":"","bundle_item_grouping":"","bundle_min_size":"","bundle_max_size":"","bundle_price":[],"bundled_items":[],"bundle_sell_ids":[],"acf":[],"yoast_head":"<!-- This site is optimized with the Yoast SEO plugin v27.5 - https:\/\/yoast.com\/product\/yoast-seo-wordpress\/ -->\n<title>Manipulation des \u00e9chantillons biologiques humains - GxP Training : Certified Online Courses for Life Sciences<\/title>\n<meta name=\"description\" content=\"Cours d\u00e9di\u00e9 aux professionnels des essais cliniques sur la manipulation des \u00e9chantillons biologiques humains. D\u00e9couvrez notre cours en ligne accr\u00e9dit\u00e9 et obtenez votre certification d\u00e8s maintenant !\" \/>\n<meta name=\"robots\" content=\"index, follow, max-snippet:-1, max-image-preview:large, max-video-preview:-1\" \/>\n<link rel=\"canonical\" href=\"https:\/\/gxp-training.com\/fr\/online-course\/manipulation-des-echantillons-biologiques-humains\/\" \/>\n<meta property=\"og:locale\" content=\"fr_FR\" \/>\n<meta property=\"og:type\" content=\"article\" \/>\n<meta property=\"og:title\" content=\"Manipulation des \u00e9chantillons biologiques humains - GxP Training : Certified Online Courses for Life Sciences\" \/>\n<meta property=\"og:description\" content=\"Cours d\u00e9di\u00e9 aux professionnels des essais cliniques sur la manipulation des \u00e9chantillons biologiques humains. D\u00e9couvrez notre cours en ligne accr\u00e9dit\u00e9 et obtenez votre certification d\u00e8s maintenant !\" \/>\n<meta property=\"og:url\" content=\"https:\/\/gxp-training.com\/fr\/online-course\/manipulation-des-echantillons-biologiques-humains\/\" \/>\n<meta property=\"og:site_name\" content=\"GxP Training : Certified Online Courses for Life Sciences\" \/>\n<meta property=\"og:image\" content=\"https:\/\/gxp-training.com\/wp-content\/uploads\/2022\/05\/Human-Sample.png\" \/>\n\t<meta property=\"og:image:width\" content=\"1000\" \/>\n\t<meta property=\"og:image:height\" content=\"700\" \/>\n\t<meta property=\"og:image:type\" content=\"image\/png\" \/>\n<meta name=\"twitter:card\" content=\"summary_large_image\" \/>\n<meta name=\"twitter:label1\" content=\"Dur\u00e9e de lecture estim\u00e9e\" \/>\n\t<meta name=\"twitter:data1\" content=\"2 minutes\" \/>\n<script type=\"application\/ld+json\" class=\"yoast-schema-graph\">{\"@context\":\"https:\\\/\\\/schema.org\",\"@graph\":[{\"@type\":\"WebPage\",\"@id\":\"https:\\\/\\\/gxp-training.com\\\/fr\\\/online-course\\\/manipulation-des-echantillons-biologiques-humains\\\/\",\"url\":\"https:\\\/\\\/gxp-training.com\\\/fr\\\/online-course\\\/manipulation-des-echantillons-biologiques-humains\\\/\",\"name\":\"Manipulation des \u00e9chantillons biologiques humains - GxP Training : Certified Online Courses for Life Sciences\",\"isPartOf\":{\"@id\":\"https:\\\/\\\/gxp-training.com\\\/fr\\\/#website\"},\"primaryImageOfPage\":{\"@id\":\"https:\\\/\\\/gxp-training.com\\\/fr\\\/online-course\\\/manipulation-des-echantillons-biologiques-humains\\\/#primaryimage\"},\"image\":{\"@id\":\"https:\\\/\\\/gxp-training.com\\\/fr\\\/online-course\\\/manipulation-des-echantillons-biologiques-humains\\\/#primaryimage\"},\"thumbnailUrl\":\"https:\\\/\\\/gxp-training.com\\\/wp-content\\\/uploads\\\/2022\\\/05\\\/Human-Sample.png\",\"datePublished\":\"2022-05-27T10:03:08+00:00\",\"description\":\"Cours d\u00e9di\u00e9 aux professionnels des essais cliniques sur la manipulation des \u00e9chantillons biologiques humains. D\u00e9couvrez notre cours en ligne accr\u00e9dit\u00e9 et obtenez votre certification d\u00e8s maintenant !\",\"breadcrumb\":{\"@id\":\"https:\\\/\\\/gxp-training.com\\\/fr\\\/online-course\\\/manipulation-des-echantillons-biologiques-humains\\\/#breadcrumb\"},\"inLanguage\":\"fr-FR\",\"potentialAction\":[{\"@type\":\"ReadAction\",\"target\":[\"https:\\\/\\\/gxp-training.com\\\/fr\\\/online-course\\\/manipulation-des-echantillons-biologiques-humains\\\/\"]}]},{\"@type\":\"ImageObject\",\"inLanguage\":\"fr-FR\",\"@id\":\"https:\\\/\\\/gxp-training.com\\\/fr\\\/online-course\\\/manipulation-des-echantillons-biologiques-humains\\\/#primaryimage\",\"url\":\"https:\\\/\\\/gxp-training.com\\\/wp-content\\\/uploads\\\/2022\\\/05\\\/Human-Sample.png\",\"contentUrl\":\"https:\\\/\\\/gxp-training.com\\\/wp-content\\\/uploads\\\/2022\\\/05\\\/Human-Sample.png\",\"width\":1000,\"height\":700},{\"@type\":\"BreadcrumbList\",\"@id\":\"https:\\\/\\\/gxp-training.com\\\/fr\\\/online-course\\\/manipulation-des-echantillons-biologiques-humains\\\/#breadcrumb\",\"itemListElement\":[{\"@type\":\"ListItem\",\"position\":1,\"name\":\"Accueil\",\"item\":\"https:\\\/\\\/gxp-training.com\\\/fr\\\/page-daccueil\\\/\"},{\"@type\":\"ListItem\",\"position\":2,\"name\":\"Produits\",\"item\":\"https:\\\/\\\/gxp-training.com\\\/fr\\\/shop\\\/\"},{\"@type\":\"ListItem\",\"position\":3,\"name\":\"Manipulation des \u00e9chantillons biologiques humains\"}]},{\"@type\":\"WebSite\",\"@id\":\"https:\\\/\\\/gxp-training.com\\\/fr\\\/#website\",\"url\":\"https:\\\/\\\/gxp-training.com\\\/fr\\\/\",\"name\":\"GxP Training : Certified Online Courses for Life Sciences\",\"description\":\"Online Trainings and Certified Courses in Regulatory Compliance for Pharmaceutical Experts\",\"publisher\":{\"@id\":\"https:\\\/\\\/gxp-training.com\\\/fr\\\/#organization\"},\"potentialAction\":[{\"@type\":\"SearchAction\",\"target\":{\"@type\":\"EntryPoint\",\"urlTemplate\":\"https:\\\/\\\/gxp-training.com\\\/fr\\\/?s={search_term_string}\"},\"query-input\":{\"@type\":\"PropertyValueSpecification\",\"valueRequired\":true,\"valueName\":\"search_term_string\"}}],\"inLanguage\":\"fr-FR\"},{\"@type\":\"Organization\",\"@id\":\"https:\\\/\\\/gxp-training.com\\\/fr\\\/#organization\",\"name\":\"GXP Training\",\"url\":\"https:\\\/\\\/gxp-training.com\\\/fr\\\/\",\"logo\":{\"@type\":\"ImageObject\",\"inLanguage\":\"fr-FR\",\"@id\":\"https:\\\/\\\/gxp-training.com\\\/fr\\\/#\\\/schema\\\/logo\\\/image\\\/\",\"url\":\"https:\\\/\\\/gxp-training.com\\\/wp-content\\\/uploads\\\/2022\\\/05\\\/logo-resize.png\",\"contentUrl\":\"https:\\\/\\\/gxp-training.com\\\/wp-content\\\/uploads\\\/2022\\\/05\\\/logo-resize.png\",\"width\":350,\"height\":100,\"caption\":\"GXP Training\"},\"image\":{\"@id\":\"https:\\\/\\\/gxp-training.com\\\/fr\\\/#\\\/schema\\\/logo\\\/image\\\/\"}}]}<\/script>\n<!-- \/ Yoast SEO plugin. -->","yoast_head_json":{"title":"Manipulation des \u00e9chantillons biologiques humains - GxP Training : Certified Online Courses for Life Sciences","description":"Cours d\u00e9di\u00e9 aux professionnels des essais cliniques sur la manipulation des \u00e9chantillons biologiques humains. D\u00e9couvrez notre cours en ligne accr\u00e9dit\u00e9 et obtenez votre certification d\u00e8s maintenant !","robots":{"index":"index","follow":"follow","max-snippet":"max-snippet:-1","max-image-preview":"max-image-preview:large","max-video-preview":"max-video-preview:-1"},"canonical":"https:\/\/gxp-training.com\/fr\/online-course\/manipulation-des-echantillons-biologiques-humains\/","og_locale":"fr_FR","og_type":"article","og_title":"Manipulation des \u00e9chantillons biologiques humains - GxP Training : Certified Online Courses for Life Sciences","og_description":"Cours d\u00e9di\u00e9 aux professionnels des essais cliniques sur la manipulation des \u00e9chantillons biologiques humains. D\u00e9couvrez notre cours en ligne accr\u00e9dit\u00e9 et obtenez votre certification d\u00e8s maintenant !","og_url":"https:\/\/gxp-training.com\/fr\/online-course\/manipulation-des-echantillons-biologiques-humains\/","og_site_name":"GxP Training : Certified Online Courses for Life Sciences","og_image":[{"width":1000,"height":700,"url":"https:\/\/gxp-training.com\/wp-content\/uploads\/2022\/05\/Human-Sample.png","type":"image\/png"}],"twitter_card":"summary_large_image","twitter_misc":{"Dur\u00e9e de lecture estim\u00e9e":"2 minutes"},"schema":{"@context":"https:\/\/schema.org","@graph":[{"@type":"WebPage","@id":"https:\/\/gxp-training.com\/fr\/online-course\/manipulation-des-echantillons-biologiques-humains\/","url":"https:\/\/gxp-training.com\/fr\/online-course\/manipulation-des-echantillons-biologiques-humains\/","name":"Manipulation des \u00e9chantillons biologiques humains - GxP Training : Certified Online Courses for Life Sciences","isPartOf":{"@id":"https:\/\/gxp-training.com\/fr\/#website"},"primaryImageOfPage":{"@id":"https:\/\/gxp-training.com\/fr\/online-course\/manipulation-des-echantillons-biologiques-humains\/#primaryimage"},"image":{"@id":"https:\/\/gxp-training.com\/fr\/online-course\/manipulation-des-echantillons-biologiques-humains\/#primaryimage"},"thumbnailUrl":"https:\/\/gxp-training.com\/wp-content\/uploads\/2022\/05\/Human-Sample.png","datePublished":"2022-05-27T10:03:08+00:00","description":"Cours d\u00e9di\u00e9 aux professionnels des essais cliniques sur la manipulation des \u00e9chantillons biologiques humains. D\u00e9couvrez notre cours en ligne accr\u00e9dit\u00e9 et obtenez votre certification d\u00e8s maintenant !","breadcrumb":{"@id":"https:\/\/gxp-training.com\/fr\/online-course\/manipulation-des-echantillons-biologiques-humains\/#breadcrumb"},"inLanguage":"fr-FR","potentialAction":[{"@type":"ReadAction","target":["https:\/\/gxp-training.com\/fr\/online-course\/manipulation-des-echantillons-biologiques-humains\/"]}]},{"@type":"ImageObject","inLanguage":"fr-FR","@id":"https:\/\/gxp-training.com\/fr\/online-course\/manipulation-des-echantillons-biologiques-humains\/#primaryimage","url":"https:\/\/gxp-training.com\/wp-content\/uploads\/2022\/05\/Human-Sample.png","contentUrl":"https:\/\/gxp-training.com\/wp-content\/uploads\/2022\/05\/Human-Sample.png","width":1000,"height":700},{"@type":"BreadcrumbList","@id":"https:\/\/gxp-training.com\/fr\/online-course\/manipulation-des-echantillons-biologiques-humains\/#breadcrumb","itemListElement":[{"@type":"ListItem","position":1,"name":"Accueil","item":"https:\/\/gxp-training.com\/fr\/page-daccueil\/"},{"@type":"ListItem","position":2,"name":"Produits","item":"https:\/\/gxp-training.com\/fr\/shop\/"},{"@type":"ListItem","position":3,"name":"Manipulation des \u00e9chantillons biologiques humains"}]},{"@type":"WebSite","@id":"https:\/\/gxp-training.com\/fr\/#website","url":"https:\/\/gxp-training.com\/fr\/","name":"GxP Training : Certified Online Courses for Life Sciences","description":"Online Trainings and Certified Courses in Regulatory Compliance for Pharmaceutical Experts","publisher":{"@id":"https:\/\/gxp-training.com\/fr\/#organization"},"potentialAction":[{"@type":"SearchAction","target":{"@type":"EntryPoint","urlTemplate":"https:\/\/gxp-training.com\/fr\/?s={search_term_string}"},"query-input":{"@type":"PropertyValueSpecification","valueRequired":true,"valueName":"search_term_string"}}],"inLanguage":"fr-FR"},{"@type":"Organization","@id":"https:\/\/gxp-training.com\/fr\/#organization","name":"GXP Training","url":"https:\/\/gxp-training.com\/fr\/","logo":{"@type":"ImageObject","inLanguage":"fr-FR","@id":"https:\/\/gxp-training.com\/fr\/#\/schema\/logo\/image\/","url":"https:\/\/gxp-training.com\/wp-content\/uploads\/2022\/05\/logo-resize.png","contentUrl":"https:\/\/gxp-training.com\/wp-content\/uploads\/2022\/05\/logo-resize.png","width":350,"height":100,"caption":"GXP Training"},"image":{"@id":"https:\/\/gxp-training.com\/fr\/#\/schema\/logo\/image\/"}}]}},"_links":{"self":[{"href":"https:\/\/gxp-training.com\/fr\/wp-json\/wp\/v2\/product\/58178","targetHints":{"allow":["GET"]}}],"collection":[{"href":"https:\/\/gxp-training.com\/fr\/wp-json\/wp\/v2\/product"}],"about":[{"href":"https:\/\/gxp-training.com\/fr\/wp-json\/wp\/v2\/types\/product"}],"wp:featuredmedia":[{"embeddable":true,"href":"https:\/\/gxp-training.com\/fr\/wp-json\/wp\/v2\/media\/42829"}],"wp:attachment":[{"href":"https:\/\/gxp-training.com\/fr\/wp-json\/wp\/v2\/media?parent=58178"}],"wp:term":[{"taxonomy":"product_brand","embeddable":true,"href":"https:\/\/gxp-training.com\/fr\/wp-json\/wp\/v2\/product_brand?post=58178"},{"taxonomy":"product_cat","embeddable":true,"href":"https:\/\/gxp-training.com\/fr\/wp-json\/wp\/v2\/product_cat?post=58178"},{"taxonomy":"product_tag","embeddable":true,"href":"https:\/\/gxp-training.com\/fr\/wp-json\/wp\/v2\/product_tag?post=58178"}],"curies":[{"name":"wp","href":"https:\/\/api.w.org\/{rel}","templated":true}]}}