{"id":58177,"date":"2023-01-10T09:45:25","date_gmt":"2023-01-10T09:45:25","guid":{"rendered":"https:\/\/gxp-training.com\/online-course\/bpf-pour-la-fabrication-et-la-fourniture-dessais-cliniques\/"},"modified":"2023-01-10T09:45:25","modified_gmt":"2023-01-10T08:45:25","slug":"bpf-pour-la-fabrication-et-la-fourniture-dessais-cliniques","status":"publish","type":"product","link":"https:\/\/gxp-training.com\/fr\/online-course\/bpf-pour-la-fabrication-et-la-fourniture-dessais-cliniques\/","title":{"rendered":"BPF pour la fabrication et la fourniture d&rsquo;essais cliniques"},"content":{"rendered":"<p>Autant que les <a href=\"https:\/\/gxp-training.com\/fr\/gxp-courses\/bpf-bonnes-pratiques-de-fabrication\/\">BPF<\/a> sont importantes pour les m\u00e9dicaments approuv\u00e9s pour la commercialisation par la FDA\/EMA, elles sont tout aussi essentielles pour les m\u00e9dicaments exp\u00e9rimentaux qui sont encore en cours d&rsquo;essais cliniques. Comprendre et appliquer les exigences BPF actuelles \u00e0 la pratique lors de la fabrication de mat\u00e9riel d&rsquo;essai clinique garantit que les m\u00e9dicaments exp\u00e9rimentaux et les produits m\u00e9dicinaux sont produits de mani\u00e8re coh\u00e9rente dans le cadre d&rsquo;activit\u00e9s de contr\u00f4le qualit\u00e9 rigoureuses. <\/p>\n<div class=\"noOutline\" data-ba-index=\"16\" data-ba=\"lessonEdit.block\" data-block-id=\"clbey4v780069286ks55150aq\">\n<div>\n<div class=\"block-image block-image--hero block-image--legacy \" data-ba=\"blocks.blockImage\">\n<div class=\"block-image__container\">\n<div class=\"block-image__row\">\n<div class=\"block-image__col\">\n<div>\n<div class=\"animated fadeIn\">\n<figure class=\"block-image__figure\" role=\"figure\" aria-labelledby=\"figcaption-clbey4v79006a286kl3se2chg\">\n<div class=\"block-image__image\"><\/div>\n<\/figure>\n<\/div>\n<\/div>\n<\/div>\n<\/div>\n<\/div>\n<\/div>\n<\/div>\n<\/div>\n<p>Dans cette formation, nous proposons une synth\u00e8se du sujet \u00e0 travers une exp\u00e9rience en ligne interactive. Ce contenu a \u00e9t\u00e9 \u00e9labor\u00e9 par une \u00e9quipe d&rsquo;experts en affaires r\u00e9glementaires qualifi\u00e9s de la Northeastern University, Boston, dirig\u00e9e par un membre senior capable d&rsquo;articuler th\u00e9orie et pratique. <\/p>\n<p>&nbsp;<\/p>\n<h3>Programme :<\/h3>\n<p>&nbsp;<\/p>\n<p><strong>Introduction<\/strong><\/p>\n<p>&nbsp;<\/p>\n<p><strong>Le\u00e7on 1 : Gestion de la qualit\u00e9 des m\u00e9dicaments exp\u00e9rimentaux<\/strong><\/p>\n<p>&nbsp;<\/p>\n<p><strong>Le\u00e7on 2 : Gestion des risques qualit\u00e9<\/strong><\/p>\n<ul>\n<li><a href=\"https:\/\/gxp-training.com\/fr\/online-course\/gestion-des-risques-qualite\/\">Contr\u00f4le, communication et revue des risques qualit\u00e9<\/a><\/li>\n<\/ul>\n<p>&nbsp;<\/p>\n<p><strong>Le\u00e7on 3 : Gestion du personnel<\/strong><\/p>\n<p>&nbsp;<\/p>\n<p><strong>Le\u00e7on 4 : Documentation des m\u00e9dicaments exp\u00e9rimentaux<\/strong><\/p>\n<ul>\n<li>Formules de fabrication et instructions de conditionnement<\/li>\n<li>Instructions d&rsquo;\u00e9tiquetage<\/li>\n<li>Dossiers de fabrication de lots<\/li>\n<li>Syst\u00e8mes de codage<\/li>\n<\/ul>\n<p>&nbsp;<\/p>\n<p><strong>Le\u00e7on 6 : Production pour la fabrication d&rsquo;essais cliniques<\/strong><\/p>\n<ul>\n<li>Op\u00e9rations de fabrication<\/li>\n<li>Conditionnement et \u00e9tiquetage<\/li>\n<li>Insu<\/li>\n<\/ul>\n<p>&nbsp;<\/p>\n<p><strong>Le\u00e7on 7 : Qualification et validation<\/strong><\/p>\n<p>&nbsp;<\/p>\n<p><strong>Le\u00e7on 8 : Rappels et retours du march\u00e9<\/strong><\/p>\n<p>&nbsp;<\/p>\n<p><strong>Le\u00e7on 8 : Exp\u00e9dition<\/strong><\/p>\n<p>&nbsp;<\/p>\n<p><strong>Le\u00e7on 9 : Destruction<\/strong><\/p>\n<p>&nbsp;<\/p>\n<p><strong>Glossaire<\/strong><\/p>\n<p>&nbsp;<\/p>\n<p><strong>Conclusion<\/strong><\/p>\n<p>&nbsp;<\/p>\n<p><strong>\u00c9valuation<\/strong><\/p>\n","protected":false},"excerpt":{"rendered":"<p>Autant que les BPF sont importantes pour les m\u00e9dicaments approuv\u00e9s pour la commercialisation par la FDA\/EMA, elles sont tout aussi essentielles pour les m\u00e9dicaments exp\u00e9rimentaux qui sont encore en cours d&rsquo;essais cliniques. Comprendre et appliquer les exigences BPF actuelles \u00e0 la pratique lors de la fabrication de mat\u00e9riel d&rsquo;essai clinique garantit que les m\u00e9dicaments exp\u00e9rimentaux [&hellip;]<\/p>\n","protected":false},"featured_media":43323,"template":"","meta":{"_acf_changed":false,"content-type":""},"product_brand":[],"product_cat":[255,274,281,254,263,258],"product_tag":[],"class_list":{"0":"post-58177","1":"product","2":"type-product","3":"status-publish","4":"has-post-thumbnail","6":"product_cat-affaires-reglementaires","7":"product_cat-bpc-essais-cliniques","8":"product_cat-bpd-bonnes-pratiques-de-distribution","9":"product_cat-bpf-bonnes-pratiques-de-fabrication","10":"product_cat-organisme-de-recherche-sous-contrat-cro","11":"product_cat-pharmaceutique","13":"first","14":"instock","15":"taxable","16":"shipping-taxable","17":"purchasable","18":"product-type-subscription"},"bundled_by":[],"bundle_stock_status":"instock","bundle_stock_quantity":null,"bundle_virtual":false,"bundle_layout":"","bundle_add_to_cart_form_location":"","bundle_editable_in_cart":false,"bundle_sold_individually_context":"","bundle_item_grouping":"","bundle_min_size":"","bundle_max_size":"","bundle_price":[],"bundled_items":[],"bundle_sell_ids":[],"acf":[],"yoast_head":"<!-- This site is optimized with the Yoast SEO plugin v27.5 - https:\/\/yoast.com\/product\/yoast-seo-wordpress\/ -->\n<title>Formation en ligne BPF pour la fabrication et la fourniture d&#039;essais cliniques<\/title>\n<meta name=\"description\" content=\"Bonnes Pratiques de Fabrication pour la fabrication et la fourniture d&#039;essais cliniques. Formation en ligne et certification par les meilleurs experts BPF. Accr\u00e9dit\u00e9 CPD et CEU.\" \/>\n<meta name=\"robots\" content=\"index, follow, max-snippet:-1, max-image-preview:large, max-video-preview:-1\" \/>\n<link rel=\"canonical\" href=\"https:\/\/gxp-training.com\/fr\/online-course\/bpf-pour-la-fabrication-et-la-fourniture-dessais-cliniques\/\" \/>\n<meta property=\"og:locale\" content=\"fr_FR\" \/>\n<meta property=\"og:type\" content=\"article\" \/>\n<meta property=\"og:title\" content=\"Formation en ligne BPF pour la fabrication et la fourniture d&#039;essais cliniques\" \/>\n<meta property=\"og:description\" content=\"Bonnes Pratiques de Fabrication pour la fabrication et la fourniture d&#039;essais cliniques. Formation en ligne et certification par les meilleurs experts BPF. Accr\u00e9dit\u00e9 CPD et CEU.\" \/>\n<meta property=\"og:url\" content=\"https:\/\/gxp-training.com\/fr\/online-course\/bpf-pour-la-fabrication-et-la-fourniture-dessais-cliniques\/\" \/>\n<meta property=\"og:site_name\" content=\"GxP Training : Certified Online Courses for Life Sciences\" \/>\n<meta property=\"og:image\" content=\"https:\/\/gxp-training.com\/wp-content\/uploads\/2023\/01\/GMP-clinical-trials.png\" \/>\n\t<meta property=\"og:image:width\" content=\"900\" \/>\n\t<meta property=\"og:image:height\" content=\"627\" \/>\n\t<meta property=\"og:image:type\" content=\"image\/png\" \/>\n<meta name=\"twitter:card\" content=\"summary_large_image\" \/>\n<meta name=\"twitter:label1\" content=\"Dur\u00e9e de lecture estim\u00e9e\" \/>\n\t<meta name=\"twitter:data1\" content=\"1 minute\" \/>\n<script type=\"application\/ld+json\" class=\"yoast-schema-graph\">{\"@context\":\"https:\\\/\\\/schema.org\",\"@graph\":[{\"@type\":\"WebPage\",\"@id\":\"https:\\\/\\\/gxp-training.com\\\/fr\\\/online-course\\\/bpf-pour-la-fabrication-et-la-fourniture-dessais-cliniques\\\/\",\"url\":\"https:\\\/\\\/gxp-training.com\\\/fr\\\/online-course\\\/bpf-pour-la-fabrication-et-la-fourniture-dessais-cliniques\\\/\",\"name\":\"Formation en ligne BPF pour la fabrication et la fourniture d'essais cliniques\",\"isPartOf\":{\"@id\":\"https:\\\/\\\/gxp-training.com\\\/fr\\\/#website\"},\"primaryImageOfPage\":{\"@id\":\"https:\\\/\\\/gxp-training.com\\\/fr\\\/online-course\\\/bpf-pour-la-fabrication-et-la-fourniture-dessais-cliniques\\\/#primaryimage\"},\"image\":{\"@id\":\"https:\\\/\\\/gxp-training.com\\\/fr\\\/online-course\\\/bpf-pour-la-fabrication-et-la-fourniture-dessais-cliniques\\\/#primaryimage\"},\"thumbnailUrl\":\"https:\\\/\\\/gxp-training.com\\\/wp-content\\\/uploads\\\/2023\\\/01\\\/GMP-clinical-trials.png\",\"datePublished\":\"2023-01-10T09:45:25+00:00\",\"description\":\"Bonnes Pratiques de Fabrication pour la fabrication et la fourniture d'essais cliniques. Formation en ligne et certification par les meilleurs experts BPF. Accr\u00e9dit\u00e9 CPD et CEU.\",\"breadcrumb\":{\"@id\":\"https:\\\/\\\/gxp-training.com\\\/fr\\\/online-course\\\/bpf-pour-la-fabrication-et-la-fourniture-dessais-cliniques\\\/#breadcrumb\"},\"inLanguage\":\"fr-FR\",\"potentialAction\":[{\"@type\":\"ReadAction\",\"target\":[\"https:\\\/\\\/gxp-training.com\\\/fr\\\/online-course\\\/bpf-pour-la-fabrication-et-la-fourniture-dessais-cliniques\\\/\"]}]},{\"@type\":\"ImageObject\",\"inLanguage\":\"fr-FR\",\"@id\":\"https:\\\/\\\/gxp-training.com\\\/fr\\\/online-course\\\/bpf-pour-la-fabrication-et-la-fourniture-dessais-cliniques\\\/#primaryimage\",\"url\":\"https:\\\/\\\/gxp-training.com\\\/wp-content\\\/uploads\\\/2023\\\/01\\\/GMP-clinical-trials.png\",\"contentUrl\":\"https:\\\/\\\/gxp-training.com\\\/wp-content\\\/uploads\\\/2023\\\/01\\\/GMP-clinical-trials.png\",\"width\":900,\"height\":627},{\"@type\":\"BreadcrumbList\",\"@id\":\"https:\\\/\\\/gxp-training.com\\\/fr\\\/online-course\\\/bpf-pour-la-fabrication-et-la-fourniture-dessais-cliniques\\\/#breadcrumb\",\"itemListElement\":[{\"@type\":\"ListItem\",\"position\":1,\"name\":\"Accueil\",\"item\":\"https:\\\/\\\/gxp-training.com\\\/fr\\\/page-daccueil\\\/\"},{\"@type\":\"ListItem\",\"position\":2,\"name\":\"Produits\",\"item\":\"https:\\\/\\\/gxp-training.com\\\/fr\\\/shop\\\/\"},{\"@type\":\"ListItem\",\"position\":3,\"name\":\"BPF pour la fabrication et la fourniture d&#8217;essais cliniques\"}]},{\"@type\":\"WebSite\",\"@id\":\"https:\\\/\\\/gxp-training.com\\\/fr\\\/#website\",\"url\":\"https:\\\/\\\/gxp-training.com\\\/fr\\\/\",\"name\":\"GxP Training : Certified Online Courses for Life Sciences\",\"description\":\"Online Trainings and Certified Courses in Regulatory Compliance for Pharmaceutical Experts\",\"publisher\":{\"@id\":\"https:\\\/\\\/gxp-training.com\\\/fr\\\/#organization\"},\"potentialAction\":[{\"@type\":\"SearchAction\",\"target\":{\"@type\":\"EntryPoint\",\"urlTemplate\":\"https:\\\/\\\/gxp-training.com\\\/fr\\\/?s={search_term_string}\"},\"query-input\":{\"@type\":\"PropertyValueSpecification\",\"valueRequired\":true,\"valueName\":\"search_term_string\"}}],\"inLanguage\":\"fr-FR\"},{\"@type\":\"Organization\",\"@id\":\"https:\\\/\\\/gxp-training.com\\\/fr\\\/#organization\",\"name\":\"GXP Training\",\"url\":\"https:\\\/\\\/gxp-training.com\\\/fr\\\/\",\"logo\":{\"@type\":\"ImageObject\",\"inLanguage\":\"fr-FR\",\"@id\":\"https:\\\/\\\/gxp-training.com\\\/fr\\\/#\\\/schema\\\/logo\\\/image\\\/\",\"url\":\"https:\\\/\\\/gxp-training.com\\\/wp-content\\\/uploads\\\/2022\\\/05\\\/logo-resize.png\",\"contentUrl\":\"https:\\\/\\\/gxp-training.com\\\/wp-content\\\/uploads\\\/2022\\\/05\\\/logo-resize.png\",\"width\":350,\"height\":100,\"caption\":\"GXP Training\"},\"image\":{\"@id\":\"https:\\\/\\\/gxp-training.com\\\/fr\\\/#\\\/schema\\\/logo\\\/image\\\/\"}}]}<\/script>\n<!-- \/ Yoast SEO plugin. -->","yoast_head_json":{"title":"Formation en ligne BPF pour la fabrication et la fourniture d'essais cliniques","description":"Bonnes Pratiques de Fabrication pour la fabrication et la fourniture d'essais cliniques. Formation en ligne et certification par les meilleurs experts BPF. Accr\u00e9dit\u00e9 CPD et CEU.","robots":{"index":"index","follow":"follow","max-snippet":"max-snippet:-1","max-image-preview":"max-image-preview:large","max-video-preview":"max-video-preview:-1"},"canonical":"https:\/\/gxp-training.com\/fr\/online-course\/bpf-pour-la-fabrication-et-la-fourniture-dessais-cliniques\/","og_locale":"fr_FR","og_type":"article","og_title":"Formation en ligne BPF pour la fabrication et la fourniture d'essais cliniques","og_description":"Bonnes Pratiques de Fabrication pour la fabrication et la fourniture d'essais cliniques. Formation en ligne et certification par les meilleurs experts BPF. Accr\u00e9dit\u00e9 CPD et CEU.","og_url":"https:\/\/gxp-training.com\/fr\/online-course\/bpf-pour-la-fabrication-et-la-fourniture-dessais-cliniques\/","og_site_name":"GxP Training : Certified Online Courses for Life Sciences","og_image":[{"width":900,"height":627,"url":"https:\/\/gxp-training.com\/wp-content\/uploads\/2023\/01\/GMP-clinical-trials.png","type":"image\/png"}],"twitter_card":"summary_large_image","twitter_misc":{"Dur\u00e9e de lecture estim\u00e9e":"1 minute"},"schema":{"@context":"https:\/\/schema.org","@graph":[{"@type":"WebPage","@id":"https:\/\/gxp-training.com\/fr\/online-course\/bpf-pour-la-fabrication-et-la-fourniture-dessais-cliniques\/","url":"https:\/\/gxp-training.com\/fr\/online-course\/bpf-pour-la-fabrication-et-la-fourniture-dessais-cliniques\/","name":"Formation en ligne BPF pour la fabrication et la fourniture d'essais cliniques","isPartOf":{"@id":"https:\/\/gxp-training.com\/fr\/#website"},"primaryImageOfPage":{"@id":"https:\/\/gxp-training.com\/fr\/online-course\/bpf-pour-la-fabrication-et-la-fourniture-dessais-cliniques\/#primaryimage"},"image":{"@id":"https:\/\/gxp-training.com\/fr\/online-course\/bpf-pour-la-fabrication-et-la-fourniture-dessais-cliniques\/#primaryimage"},"thumbnailUrl":"https:\/\/gxp-training.com\/wp-content\/uploads\/2023\/01\/GMP-clinical-trials.png","datePublished":"2023-01-10T09:45:25+00:00","description":"Bonnes Pratiques de Fabrication pour la fabrication et la fourniture d'essais cliniques. Formation en ligne et certification par les meilleurs experts BPF. Accr\u00e9dit\u00e9 CPD et CEU.","breadcrumb":{"@id":"https:\/\/gxp-training.com\/fr\/online-course\/bpf-pour-la-fabrication-et-la-fourniture-dessais-cliniques\/#breadcrumb"},"inLanguage":"fr-FR","potentialAction":[{"@type":"ReadAction","target":["https:\/\/gxp-training.com\/fr\/online-course\/bpf-pour-la-fabrication-et-la-fourniture-dessais-cliniques\/"]}]},{"@type":"ImageObject","inLanguage":"fr-FR","@id":"https:\/\/gxp-training.com\/fr\/online-course\/bpf-pour-la-fabrication-et-la-fourniture-dessais-cliniques\/#primaryimage","url":"https:\/\/gxp-training.com\/wp-content\/uploads\/2023\/01\/GMP-clinical-trials.png","contentUrl":"https:\/\/gxp-training.com\/wp-content\/uploads\/2023\/01\/GMP-clinical-trials.png","width":900,"height":627},{"@type":"BreadcrumbList","@id":"https:\/\/gxp-training.com\/fr\/online-course\/bpf-pour-la-fabrication-et-la-fourniture-dessais-cliniques\/#breadcrumb","itemListElement":[{"@type":"ListItem","position":1,"name":"Accueil","item":"https:\/\/gxp-training.com\/fr\/page-daccueil\/"},{"@type":"ListItem","position":2,"name":"Produits","item":"https:\/\/gxp-training.com\/fr\/shop\/"},{"@type":"ListItem","position":3,"name":"BPF pour la fabrication et la fourniture d&#8217;essais cliniques"}]},{"@type":"WebSite","@id":"https:\/\/gxp-training.com\/fr\/#website","url":"https:\/\/gxp-training.com\/fr\/","name":"GxP Training : Certified Online Courses for Life Sciences","description":"Online Trainings and Certified Courses in Regulatory Compliance for Pharmaceutical Experts","publisher":{"@id":"https:\/\/gxp-training.com\/fr\/#organization"},"potentialAction":[{"@type":"SearchAction","target":{"@type":"EntryPoint","urlTemplate":"https:\/\/gxp-training.com\/fr\/?s={search_term_string}"},"query-input":{"@type":"PropertyValueSpecification","valueRequired":true,"valueName":"search_term_string"}}],"inLanguage":"fr-FR"},{"@type":"Organization","@id":"https:\/\/gxp-training.com\/fr\/#organization","name":"GXP Training","url":"https:\/\/gxp-training.com\/fr\/","logo":{"@type":"ImageObject","inLanguage":"fr-FR","@id":"https:\/\/gxp-training.com\/fr\/#\/schema\/logo\/image\/","url":"https:\/\/gxp-training.com\/wp-content\/uploads\/2022\/05\/logo-resize.png","contentUrl":"https:\/\/gxp-training.com\/wp-content\/uploads\/2022\/05\/logo-resize.png","width":350,"height":100,"caption":"GXP Training"},"image":{"@id":"https:\/\/gxp-training.com\/fr\/#\/schema\/logo\/image\/"}}]}},"_links":{"self":[{"href":"https:\/\/gxp-training.com\/fr\/wp-json\/wp\/v2\/product\/58177","targetHints":{"allow":["GET"]}}],"collection":[{"href":"https:\/\/gxp-training.com\/fr\/wp-json\/wp\/v2\/product"}],"about":[{"href":"https:\/\/gxp-training.com\/fr\/wp-json\/wp\/v2\/types\/product"}],"wp:featuredmedia":[{"embeddable":true,"href":"https:\/\/gxp-training.com\/fr\/wp-json\/wp\/v2\/media\/43323"}],"wp:attachment":[{"href":"https:\/\/gxp-training.com\/fr\/wp-json\/wp\/v2\/media?parent=58177"}],"wp:term":[{"taxonomy":"product_brand","embeddable":true,"href":"https:\/\/gxp-training.com\/fr\/wp-json\/wp\/v2\/product_brand?post=58177"},{"taxonomy":"product_cat","embeddable":true,"href":"https:\/\/gxp-training.com\/fr\/wp-json\/wp\/v2\/product_cat?post=58177"},{"taxonomy":"product_tag","embeddable":true,"href":"https:\/\/gxp-training.com\/fr\/wp-json\/wp\/v2\/product_tag?post=58177"}],"curies":[{"name":"wp","href":"https:\/\/api.w.org\/{rel}","templated":true}]}}