{"id":58147,"date":"2024-04-05T14:06:27","date_gmt":"2024-04-05T13:06:27","guid":{"rendered":"https:\/\/gxp-training.com\/online-course\/comment-rediger-des-procedures-operatoires-standard-sop-efficaces\/"},"modified":"2024-04-05T14:06:27","modified_gmt":"2024-04-05T12:06:27","slug":"comment-rediger-des-procedures-operatoires-standard-sop-efficaces","status":"publish","type":"product","link":"https:\/\/gxp-training.com\/fr\/online-course\/comment-rediger-des-procedures-operatoires-standard-sop-efficaces\/","title":{"rendered":"Comment r\u00e9diger des proc\u00e9dures op\u00e9ratoires standard (SOP) efficaces"},"content":{"rendered":"<p>Dans le cadre de la certification ISO, les SOP ne sont pas de simples documents : elles constituent la colonne vert\u00e9brale de la qualit\u00e9 et de l\u2019efficacit\u00e9 standardis\u00e9es. Que vous cherchiez \u00e0 obtenir ou \u00e0 maintenir une certification ISO, ce cours vous apporte les connaissances n\u00e9cessaires pour cr\u00e9er des SOP garantissant la coh\u00e9rence, r\u00e9duisant les risques et respectant les normes internationales. Ce cours certifi\u00e9 est con\u00e7u pour vous guider \u00e0 travers le processus complexe de d\u00e9veloppement, de gestion et d\u2019optimisation des SOP au sein de votre organisation.  <\/p>\n<p>Nous le recommandons vivement aux <a href=\"https:\/\/gxp-training.com\/fr\/gxp-courses\/assurance-qualite\/\">responsables qualit\u00e9<\/a>, au personnel qualit\u00e9, aux consultants qualit\u00e9, aux responsables conformit\u00e9 et \u00e0 toute personne impliqu\u00e9e dans la cr\u00e9ation de SOP au sein d\u2019organisations certifi\u00e9es ISO ou en voie de l\u2019\u00eatre.<\/p>\n<p><strong>Th\u00e8mes abord\u00e9s dans ce cours :<\/strong><\/p>\n<ul>\n<li>Comment r\u00e9diger des proc\u00e9dures efficaces ?<\/li>\n<li>Quand ne faut-il pas r\u00e9diger de proc\u00e9dures, et quelles alternatives existent ?<\/li>\n<li>Comment d\u00e9composer un processus en \u00e9tapes claires et actionnables ?<\/li>\n<li>Quelles r\u00e8gles fondamentales doivent guider la r\u00e9daction de vos proc\u00e9dures ?<\/li>\n<li>Par o\u00f9 commencer lors de l\u2019\u00e9laboration d\u2019une proc\u00e9dure ?<\/li>\n<li>Comment simplifier un processus pour une documentation de proc\u00e9dure claire ?<\/li>\n<li>Quels sont les principes cl\u00e9s d\u2019une r\u00e9daction efficace pour les proc\u00e9dures ?<\/li>\n<li>Comment cr\u00e9er des proc\u00e9dures concises, sur une seule page ?<\/li>\n<li>Comment adapter les proc\u00e9dures \u00e0 votre public cible ?<\/li>\n<li>Comment g\u00e9rer les proc\u00e9dures pour des processus complexes ou transverses entre d\u00e9partements ?<\/li>\n<li>Qu\u2019est-ce qui distingue une SOP d\u2019une instruction de travail ?<\/li>\n<\/ul>\n<p>&nbsp;<\/p>\n<p>Dans ce cours, nous proposons une synth\u00e8se du sujet \u00e0 travers une exp\u00e9rience en ligne interactive. Ce contenu a \u00e9t\u00e9 con\u00e7u par une \u00e9quipe d\u2019experts en affaires r\u00e9glementaires, titulaires d\u2019une qualification de Northeastern University (Boston), et pilot\u00e9 par un membre senior capable d\u2019articuler la th\u00e9orie et la pratique. <\/p>\n<p>&nbsp;<\/p>\n<h3>Programme :<\/h3>\n<p><strong>Introduction<\/strong><\/p>\n<p>&nbsp;<\/p>\n<p><strong>Le\u00e7on 1 : Contenu d\u2019une SOP ISO<\/strong><\/p>\n<p>&nbsp;<\/p>\n<p><strong>Le\u00e7on 2 : Cycle de vie d\u2019une SOP<\/strong><\/p>\n<p>&nbsp;<\/p>\n<p><strong>Le\u00e7on 3<\/strong> : <strong>Contr\u00f4le et gestion des SOP<\/strong><\/p>\n<p>&nbsp;<\/p>\n<p><strong>Conclusion<\/strong><\/p>\n<p>&nbsp;<\/p>\n<p><strong>Glossaire<\/strong><\/p>\n<p>&nbsp;<\/p>\n<p><strong>\u00c9valuation<\/strong><\/p>\n","protected":false},"excerpt":{"rendered":"<p>Dans le cadre de la certification ISO, les SOP ne sont pas de simples documents : elles constituent la colonne vert\u00e9brale de la qualit\u00e9 et de l\u2019efficacit\u00e9 standardis\u00e9es. Que vous cherchiez \u00e0 obtenir ou \u00e0 maintenir une certification ISO, ce cours vous apporte les connaissances n\u00e9cessaires pour cr\u00e9er des SOP garantissant la coh\u00e9rence, r\u00e9duisant les [&hellip;]<\/p>\n","protected":false},"featured_media":45835,"template":"","meta":{"_acf_changed":false,"content-type":""},"product_brand":[],"product_cat":[255,257,274,281,254,277,256,259,263,258,267,264,287],"product_tag":[],"class_list":{"0":"post-58147","1":"product","2":"type-product","3":"status-publish","4":"has-post-thumbnail","6":"product_cat-affaires-reglementaires","7":"product_cat-assurance-qualite","8":"product_cat-bpc-essais-cliniques","9":"product_cat-bpd-bonnes-pratiques-de-distribution","10":"product_cat-bpf-bonnes-pratiques-de-fabrication","11":"product_cat-bpl-bonnes-pratiques-de-laboratoire","12":"product_cat-dispositifs-medicaux","13":"product_cat-laboratoires","14":"product_cat-organisme-de-recherche-sous-contrat-cro","15":"product_cat-pharmaceutique","16":"product_cat-pharmacovigilance","17":"product_cat-transversal","18":"product_cat-veterinaire","20":"first","21":"instock","22":"taxable","23":"shipping-taxable","24":"purchasable","25":"product-type-subscription"},"bundled_by":[],"bundle_stock_status":"instock","bundle_stock_quantity":null,"bundle_virtual":false,"bundle_layout":"","bundle_add_to_cart_form_location":"","bundle_editable_in_cart":false,"bundle_sold_individually_context":"","bundle_item_grouping":"","bundle_min_size":"","bundle_max_size":"","bundle_price":[],"bundled_items":[],"bundle_sell_ids":[],"acf":[],"yoast_head":"<!-- This site is optimized with the Yoast SEO plugin v27.5 - https:\/\/yoast.com\/product\/yoast-seo-wordpress\/ -->\n<title>Comment r\u00e9diger des proc\u00e9dures op\u00e9ratoires standard (SOP) efficaces - Formation certifi\u00e9e pour les professionnels des sciences de la vie<\/title>\n<meta name=\"description\" content=\"Inscrivez-vous \u00e0 notre cours certifi\u00e9 pour ma\u00eetriser la cr\u00e9ation de SOP standardis\u00e9es, conformes et efficaces. Recommand\u00e9 aux responsables qualit\u00e9 et aux responsables conformit\u00e9 visant une certification ISO.\" \/>\n<meta name=\"robots\" content=\"index, follow, max-snippet:-1, max-image-preview:large, max-video-preview:-1\" \/>\n<link rel=\"canonical\" href=\"https:\/\/gxp-training.com\/fr\/online-course\/comment-rediger-des-procedures-operatoires-standard-sop-efficaces\/\" \/>\n<meta property=\"og:locale\" content=\"fr_FR\" \/>\n<meta property=\"og:type\" content=\"article\" \/>\n<meta property=\"og:title\" content=\"Comment r\u00e9diger des proc\u00e9dures op\u00e9ratoires standard (SOP) efficaces - Formation certifi\u00e9e pour les professionnels des sciences de la vie\" \/>\n<meta property=\"og:description\" content=\"Inscrivez-vous \u00e0 notre cours certifi\u00e9 pour ma\u00eetriser la cr\u00e9ation de SOP standardis\u00e9es, conformes et efficaces. Recommand\u00e9 aux responsables qualit\u00e9 et aux responsables conformit\u00e9 visant une certification ISO.\" \/>\n<meta property=\"og:url\" content=\"https:\/\/gxp-training.com\/fr\/online-course\/comment-rediger-des-procedures-operatoires-standard-sop-efficaces\/\" \/>\n<meta property=\"og:site_name\" content=\"GxP Training : Certified Online Courses for Life Sciences\" \/>\n<meta property=\"og:image\" content=\"https:\/\/gxp-training.com\/wp-content\/uploads\/2024\/04\/How-to-Write-Effective-SOPs-for-ISO-2.png\" \/>\n\t<meta property=\"og:image:width\" content=\"900\" \/>\n\t<meta property=\"og:image:height\" content=\"627\" \/>\n\t<meta property=\"og:image:type\" content=\"image\/png\" \/>\n<meta name=\"twitter:card\" content=\"summary_large_image\" \/>\n<meta name=\"twitter:label1\" content=\"Dur\u00e9e de lecture estim\u00e9e\" \/>\n\t<meta name=\"twitter:data1\" content=\"2 minutes\" \/>\n<script type=\"application\/ld+json\" class=\"yoast-schema-graph\">{\"@context\":\"https:\\\/\\\/schema.org\",\"@graph\":[{\"@type\":\"WebPage\",\"@id\":\"https:\\\/\\\/gxp-training.com\\\/fr\\\/online-course\\\/comment-rediger-des-procedures-operatoires-standard-sop-efficaces\\\/\",\"url\":\"https:\\\/\\\/gxp-training.com\\\/fr\\\/online-course\\\/comment-rediger-des-procedures-operatoires-standard-sop-efficaces\\\/\",\"name\":\"Comment r\u00e9diger des proc\u00e9dures op\u00e9ratoires standard (SOP) efficaces - Formation certifi\u00e9e pour les professionnels des sciences de la vie\",\"isPartOf\":{\"@id\":\"https:\\\/\\\/gxp-training.com\\\/fr\\\/#website\"},\"primaryImageOfPage\":{\"@id\":\"https:\\\/\\\/gxp-training.com\\\/fr\\\/online-course\\\/comment-rediger-des-procedures-operatoires-standard-sop-efficaces\\\/#primaryimage\"},\"image\":{\"@id\":\"https:\\\/\\\/gxp-training.com\\\/fr\\\/online-course\\\/comment-rediger-des-procedures-operatoires-standard-sop-efficaces\\\/#primaryimage\"},\"thumbnailUrl\":\"https:\\\/\\\/gxp-training.com\\\/wp-content\\\/uploads\\\/2024\\\/04\\\/How-to-Write-Effective-SOPs-for-ISO-2.png\",\"datePublished\":\"2024-04-05T13:06:27+00:00\",\"description\":\"Inscrivez-vous \u00e0 notre cours certifi\u00e9 pour ma\u00eetriser la cr\u00e9ation de SOP standardis\u00e9es, conformes et efficaces. Recommand\u00e9 aux responsables qualit\u00e9 et aux responsables conformit\u00e9 visant une certification ISO.\",\"breadcrumb\":{\"@id\":\"https:\\\/\\\/gxp-training.com\\\/fr\\\/online-course\\\/comment-rediger-des-procedures-operatoires-standard-sop-efficaces\\\/#breadcrumb\"},\"inLanguage\":\"fr-FR\",\"potentialAction\":[{\"@type\":\"ReadAction\",\"target\":[\"https:\\\/\\\/gxp-training.com\\\/fr\\\/online-course\\\/comment-rediger-des-procedures-operatoires-standard-sop-efficaces\\\/\"]}]},{\"@type\":\"ImageObject\",\"inLanguage\":\"fr-FR\",\"@id\":\"https:\\\/\\\/gxp-training.com\\\/fr\\\/online-course\\\/comment-rediger-des-procedures-operatoires-standard-sop-efficaces\\\/#primaryimage\",\"url\":\"https:\\\/\\\/gxp-training.com\\\/wp-content\\\/uploads\\\/2024\\\/04\\\/How-to-Write-Effective-SOPs-for-ISO-2.png\",\"contentUrl\":\"https:\\\/\\\/gxp-training.com\\\/wp-content\\\/uploads\\\/2024\\\/04\\\/How-to-Write-Effective-SOPs-for-ISO-2.png\",\"width\":900,\"height\":627},{\"@type\":\"BreadcrumbList\",\"@id\":\"https:\\\/\\\/gxp-training.com\\\/fr\\\/online-course\\\/comment-rediger-des-procedures-operatoires-standard-sop-efficaces\\\/#breadcrumb\",\"itemListElement\":[{\"@type\":\"ListItem\",\"position\":1,\"name\":\"Accueil\",\"item\":\"https:\\\/\\\/gxp-training.com\\\/fr\\\/page-daccueil\\\/\"},{\"@type\":\"ListItem\",\"position\":2,\"name\":\"Produits\",\"item\":\"https:\\\/\\\/gxp-training.com\\\/fr\\\/shop\\\/\"},{\"@type\":\"ListItem\",\"position\":3,\"name\":\"Comment r\u00e9diger des proc\u00e9dures op\u00e9ratoires standard (SOP) efficaces\"}]},{\"@type\":\"WebSite\",\"@id\":\"https:\\\/\\\/gxp-training.com\\\/fr\\\/#website\",\"url\":\"https:\\\/\\\/gxp-training.com\\\/fr\\\/\",\"name\":\"GxP Training : Certified Online Courses for Life Sciences\",\"description\":\"Online Trainings and Certified Courses in Regulatory Compliance for Pharmaceutical Experts\",\"publisher\":{\"@id\":\"https:\\\/\\\/gxp-training.com\\\/fr\\\/#organization\"},\"potentialAction\":[{\"@type\":\"SearchAction\",\"target\":{\"@type\":\"EntryPoint\",\"urlTemplate\":\"https:\\\/\\\/gxp-training.com\\\/fr\\\/?s={search_term_string}\"},\"query-input\":{\"@type\":\"PropertyValueSpecification\",\"valueRequired\":true,\"valueName\":\"search_term_string\"}}],\"inLanguage\":\"fr-FR\"},{\"@type\":\"Organization\",\"@id\":\"https:\\\/\\\/gxp-training.com\\\/fr\\\/#organization\",\"name\":\"GXP Training\",\"url\":\"https:\\\/\\\/gxp-training.com\\\/fr\\\/\",\"logo\":{\"@type\":\"ImageObject\",\"inLanguage\":\"fr-FR\",\"@id\":\"https:\\\/\\\/gxp-training.com\\\/fr\\\/#\\\/schema\\\/logo\\\/image\\\/\",\"url\":\"https:\\\/\\\/gxp-training.com\\\/wp-content\\\/uploads\\\/2022\\\/05\\\/logo-resize.png\",\"contentUrl\":\"https:\\\/\\\/gxp-training.com\\\/wp-content\\\/uploads\\\/2022\\\/05\\\/logo-resize.png\",\"width\":350,\"height\":100,\"caption\":\"GXP Training\"},\"image\":{\"@id\":\"https:\\\/\\\/gxp-training.com\\\/fr\\\/#\\\/schema\\\/logo\\\/image\\\/\"}}]}<\/script>\n<!-- \/ Yoast SEO plugin. -->","yoast_head_json":{"title":"Comment r\u00e9diger des proc\u00e9dures op\u00e9ratoires standard (SOP) efficaces - Formation certifi\u00e9e pour les professionnels des sciences de la vie","description":"Inscrivez-vous \u00e0 notre cours certifi\u00e9 pour ma\u00eetriser la cr\u00e9ation de SOP standardis\u00e9es, conformes et efficaces. Recommand\u00e9 aux responsables qualit\u00e9 et aux responsables conformit\u00e9 visant une certification ISO.","robots":{"index":"index","follow":"follow","max-snippet":"max-snippet:-1","max-image-preview":"max-image-preview:large","max-video-preview":"max-video-preview:-1"},"canonical":"https:\/\/gxp-training.com\/fr\/online-course\/comment-rediger-des-procedures-operatoires-standard-sop-efficaces\/","og_locale":"fr_FR","og_type":"article","og_title":"Comment r\u00e9diger des proc\u00e9dures op\u00e9ratoires standard (SOP) efficaces - Formation certifi\u00e9e pour les professionnels des sciences de la vie","og_description":"Inscrivez-vous \u00e0 notre cours certifi\u00e9 pour ma\u00eetriser la cr\u00e9ation de SOP standardis\u00e9es, conformes et efficaces. Recommand\u00e9 aux responsables qualit\u00e9 et aux responsables conformit\u00e9 visant une certification ISO.","og_url":"https:\/\/gxp-training.com\/fr\/online-course\/comment-rediger-des-procedures-operatoires-standard-sop-efficaces\/","og_site_name":"GxP Training : Certified Online Courses for Life Sciences","og_image":[{"width":900,"height":627,"url":"https:\/\/gxp-training.com\/wp-content\/uploads\/2024\/04\/How-to-Write-Effective-SOPs-for-ISO-2.png","type":"image\/png"}],"twitter_card":"summary_large_image","twitter_misc":{"Dur\u00e9e de lecture estim\u00e9e":"2 minutes"},"schema":{"@context":"https:\/\/schema.org","@graph":[{"@type":"WebPage","@id":"https:\/\/gxp-training.com\/fr\/online-course\/comment-rediger-des-procedures-operatoires-standard-sop-efficaces\/","url":"https:\/\/gxp-training.com\/fr\/online-course\/comment-rediger-des-procedures-operatoires-standard-sop-efficaces\/","name":"Comment r\u00e9diger des proc\u00e9dures op\u00e9ratoires standard (SOP) efficaces - Formation certifi\u00e9e pour les professionnels des sciences de la vie","isPartOf":{"@id":"https:\/\/gxp-training.com\/fr\/#website"},"primaryImageOfPage":{"@id":"https:\/\/gxp-training.com\/fr\/online-course\/comment-rediger-des-procedures-operatoires-standard-sop-efficaces\/#primaryimage"},"image":{"@id":"https:\/\/gxp-training.com\/fr\/online-course\/comment-rediger-des-procedures-operatoires-standard-sop-efficaces\/#primaryimage"},"thumbnailUrl":"https:\/\/gxp-training.com\/wp-content\/uploads\/2024\/04\/How-to-Write-Effective-SOPs-for-ISO-2.png","datePublished":"2024-04-05T13:06:27+00:00","description":"Inscrivez-vous \u00e0 notre cours certifi\u00e9 pour ma\u00eetriser la cr\u00e9ation de SOP standardis\u00e9es, conformes et efficaces. Recommand\u00e9 aux responsables qualit\u00e9 et aux responsables conformit\u00e9 visant une certification ISO.","breadcrumb":{"@id":"https:\/\/gxp-training.com\/fr\/online-course\/comment-rediger-des-procedures-operatoires-standard-sop-efficaces\/#breadcrumb"},"inLanguage":"fr-FR","potentialAction":[{"@type":"ReadAction","target":["https:\/\/gxp-training.com\/fr\/online-course\/comment-rediger-des-procedures-operatoires-standard-sop-efficaces\/"]}]},{"@type":"ImageObject","inLanguage":"fr-FR","@id":"https:\/\/gxp-training.com\/fr\/online-course\/comment-rediger-des-procedures-operatoires-standard-sop-efficaces\/#primaryimage","url":"https:\/\/gxp-training.com\/wp-content\/uploads\/2024\/04\/How-to-Write-Effective-SOPs-for-ISO-2.png","contentUrl":"https:\/\/gxp-training.com\/wp-content\/uploads\/2024\/04\/How-to-Write-Effective-SOPs-for-ISO-2.png","width":900,"height":627},{"@type":"BreadcrumbList","@id":"https:\/\/gxp-training.com\/fr\/online-course\/comment-rediger-des-procedures-operatoires-standard-sop-efficaces\/#breadcrumb","itemListElement":[{"@type":"ListItem","position":1,"name":"Accueil","item":"https:\/\/gxp-training.com\/fr\/page-daccueil\/"},{"@type":"ListItem","position":2,"name":"Produits","item":"https:\/\/gxp-training.com\/fr\/shop\/"},{"@type":"ListItem","position":3,"name":"Comment r\u00e9diger des proc\u00e9dures op\u00e9ratoires standard (SOP) efficaces"}]},{"@type":"WebSite","@id":"https:\/\/gxp-training.com\/fr\/#website","url":"https:\/\/gxp-training.com\/fr\/","name":"GxP Training : Certified Online Courses for Life Sciences","description":"Online Trainings and Certified Courses in Regulatory Compliance for Pharmaceutical Experts","publisher":{"@id":"https:\/\/gxp-training.com\/fr\/#organization"},"potentialAction":[{"@type":"SearchAction","target":{"@type":"EntryPoint","urlTemplate":"https:\/\/gxp-training.com\/fr\/?s={search_term_string}"},"query-input":{"@type":"PropertyValueSpecification","valueRequired":true,"valueName":"search_term_string"}}],"inLanguage":"fr-FR"},{"@type":"Organization","@id":"https:\/\/gxp-training.com\/fr\/#organization","name":"GXP Training","url":"https:\/\/gxp-training.com\/fr\/","logo":{"@type":"ImageObject","inLanguage":"fr-FR","@id":"https:\/\/gxp-training.com\/fr\/#\/schema\/logo\/image\/","url":"https:\/\/gxp-training.com\/wp-content\/uploads\/2022\/05\/logo-resize.png","contentUrl":"https:\/\/gxp-training.com\/wp-content\/uploads\/2022\/05\/logo-resize.png","width":350,"height":100,"caption":"GXP Training"},"image":{"@id":"https:\/\/gxp-training.com\/fr\/#\/schema\/logo\/image\/"}}]}},"_links":{"self":[{"href":"https:\/\/gxp-training.com\/fr\/wp-json\/wp\/v2\/product\/58147","targetHints":{"allow":["GET"]}}],"collection":[{"href":"https:\/\/gxp-training.com\/fr\/wp-json\/wp\/v2\/product"}],"about":[{"href":"https:\/\/gxp-training.com\/fr\/wp-json\/wp\/v2\/types\/product"}],"wp:featuredmedia":[{"embeddable":true,"href":"https:\/\/gxp-training.com\/fr\/wp-json\/wp\/v2\/media\/45835"}],"wp:attachment":[{"href":"https:\/\/gxp-training.com\/fr\/wp-json\/wp\/v2\/media?parent=58147"}],"wp:term":[{"taxonomy":"product_brand","embeddable":true,"href":"https:\/\/gxp-training.com\/fr\/wp-json\/wp\/v2\/product_brand?post=58147"},{"taxonomy":"product_cat","embeddable":true,"href":"https:\/\/gxp-training.com\/fr\/wp-json\/wp\/v2\/product_cat?post=58147"},{"taxonomy":"product_tag","embeddable":true,"href":"https:\/\/gxp-training.com\/fr\/wp-json\/wp\/v2\/product_tag?post=58147"}],"curies":[{"name":"wp","href":"https:\/\/api.w.org\/{rel}","templated":true}]}}