{"id":58140,"date":"2025-01-03T11:48:43","date_gmt":"2025-01-03T11:48:43","guid":{"rendered":"https:\/\/gxp-training.com\/online-course\/detection-et-gestion-des-signaux-en-pharmacovigilance\/"},"modified":"2025-01-03T11:48:43","modified_gmt":"2025-01-03T10:48:43","slug":"detection-et-gestion-des-signaux-en-pharmacovigilance","status":"publish","type":"product","link":"https:\/\/gxp-training.com\/fr\/online-course\/detection-et-gestion-des-signaux-en-pharmacovigilance\/","title":{"rendered":"D\u00e9tection et gestion des signaux en pharmacovigilance"},"content":{"rendered":"<p><span style=\"font-weight: 400;\">Explorez les aspects essentiels de la d\u00e9tection et de la gestion des signaux en <a href=\"https:\/\/www.pharmaceuticalpress.com\/resources\/article\/signal-detection-in-pharmacovigilance\/\">pharmacovigilance<\/a> avec notre formation sp\u00e9cialis\u00e9e. Apprenez les techniques cl\u00e9s pour identifier et g\u00e9rer les signaux d&rsquo;<a href=\"https:\/\/gxp-training.com\/fr\/cours-gxp-2\/?_sf_s=drug\">effets ind\u00e9sirables<\/a> m\u00e9dicamenteux (EIM), garantissant ainsi la s\u00e9curit\u00e9 des patients et la conformit\u00e9 r\u00e9glementaire dans le secteur pharmaceutique.  <\/span><\/p>\n<p>&nbsp;<\/p>\n<p><b>\u00c0 qui s&rsquo;adresse cette formation ?<\/b><\/p>\n<p><span style=\"font-weight: 400;\">Cette formation est parfaite pour les professionnels de la <a href=\"https:\/\/gxp-training.com\/online-course\/pharmacovigilance-learning-path\/\">pharmacovigilance<\/a>, les responsables de la s\u00e9curit\u00e9 et les experts en affaires r\u00e9glementaires ou en <a href=\"https:\/\/gxp-training.com\/online-course\/ich-gcp-training-refresher-2024-good-clinical-practice-for-clinical-research-professionals\/\">s\u00e9curit\u00e9 clinique<\/a>. Elle est \u00e9galement id\u00e9ale pour les sp\u00e9cialistes de l&rsquo;assurance qualit\u00e9 dans l&rsquo;industrie pharmaceutique, ainsi que pour toute personne souhaitant approfondir ses connaissances en d\u00e9tection et gestion des signaux afin de maintenir les normes de s\u00e9curit\u00e9 des patients. <\/span><\/p>\n<p>&nbsp;<\/p>\n<p><b>Sujets abord\u00e9s dans la formation :<\/b><\/p>\n<ul>\n<li style=\"font-weight: 400;\"><span style=\"font-weight: 400;\">Comprendre l&rsquo;importance de la d\u00e9tection des signaux pour garantir la s\u00e9curit\u00e9 des patients.<\/span><\/li>\n<li style=\"font-weight: 400;\"><span style=\"font-weight: 400;\">Diff\u00e9rences cl\u00e9s entre la d\u00e9tection de nouveaux EIM et la d\u00e9tection compl\u00e8te des signaux.<\/span><\/li>\n<li style=\"font-weight: 400;\"><span style=\"font-weight: 400;\">Explorer les diff\u00e9rents types de techniques de d\u00e9tection des signaux utilis\u00e9es en pharmacovigilance.<\/span><\/li>\n<li style=\"font-weight: 400;\"><span style=\"font-weight: 400;\">Aper\u00e7u \u00e9tape par \u00e9tape du processus de gestion des signaux.<\/span><\/li>\n<li style=\"font-weight: 400;\"><span style=\"font-weight: 400;\">Pratiques de d\u00e9tection des signaux et sources de signaux en pharmacovigilance.<\/span><\/li>\n<\/ul>\n<p>&nbsp;<\/p>\n<p><span style=\"font-weight: 400;\">Cette formation compl\u00e8te offre un examen approfondi de la d\u00e9tection et de la gestion des signaux en pharmacovigilance, \u00e9lucidant les \u00e9l\u00e9ments essentiels des syst\u00e8mes de gestion de laboratoire dans un format hautement interactif. Chaque session int\u00e8gre des exemples concrets et des \u00e9valuations pour faciliter une exp\u00e9rience d&rsquo;apprentissage compl\u00e8te et appliqu\u00e9e. \u00c0 l&rsquo;issue de la formation, les participants recevront un certificat de formation en d\u00e9tection et gestion des signaux en pharmacovigilance reconnu mondialement, accr\u00e9dit\u00e9 avec des cr\u00e9dits CPD\/CEU. <\/span><\/p>\n<p>&nbsp;<\/p>\n<h3><b>Programme :<\/b><\/h3>\n<p><b>Introduction<\/b><\/p>\n<p><b>Le\u00e7on 1 : Pourquoi la d\u00e9tection des signaux est-elle importante ?<\/b><\/p>\n<p><b>Le\u00e7on 2 : Quelle est la diff\u00e9rence entre la d\u00e9tection de nouveaux effets ind\u00e9sirables m\u00e9dicamenteux et la d\u00e9tection des signaux ?<\/b><\/p>\n<p><b>Le\u00e7on 3 : Types de d\u00e9tection des signaux en pharmacovigilance<\/b><\/p>\n<p><b>Le\u00e7on 4 : Processus de gestion des signaux<\/b><\/p>\n<p><b>Le\u00e7on 5 : Sources de signaux en pharmacovigilance<\/b><\/p>\n<p><b>Le\u00e7on 6 : Pratiques de d\u00e9tection des signaux<\/b><\/p>\n<p><b>Conclusion<\/b><\/p>\n<p><b>\u00c9valuation<\/b><\/p>\n","protected":false},"excerpt":{"rendered":"<p>Explorez les aspects essentiels de la d\u00e9tection et de la gestion des signaux en pharmacovigilance avec notre formation sp\u00e9cialis\u00e9e. Apprenez les techniques cl\u00e9s pour identifier et g\u00e9rer les signaux d&rsquo;effets ind\u00e9sirables m\u00e9dicamenteux (EIM), garantissant ainsi la s\u00e9curit\u00e9 des patients et la conformit\u00e9 r\u00e9glementaire dans le secteur pharmaceutique. &nbsp; \u00c0 qui s&rsquo;adresse cette formation ? Cette [&hellip;]<\/p>\n","protected":false},"featured_media":52054,"template":"","meta":{"_acf_changed":false,"content-type":""},"product_brand":[],"product_cat":[262,258,267],"product_tag":[],"class_list":{"0":"post-58140","1":"product","2":"type-product","3":"status-publish","4":"has-post-thumbnail","6":"product_cat-hopitaux-et-etablissements-de-sante","7":"product_cat-pharmaceutique","8":"product_cat-pharmacovigilance","10":"first","11":"instock","12":"taxable","13":"shipping-taxable","14":"purchasable","15":"product-type-subscription"},"bundled_by":[],"bundle_stock_status":"instock","bundle_stock_quantity":null,"bundle_virtual":false,"bundle_layout":"","bundle_add_to_cart_form_location":"","bundle_editable_in_cart":false,"bundle_sold_individually_context":"","bundle_item_grouping":"","bundle_min_size":"","bundle_max_size":"","bundle_price":[],"bundled_items":[],"bundle_sell_ids":[],"acf":[],"yoast_head":"<!-- This site is optimized with the Yoast SEO plugin v27.5 - https:\/\/yoast.com\/product\/yoast-seo-wordpress\/ -->\n<title>Formation D\u00e9tection et gestion des signaux en pharmacovigilance<\/title>\n<meta name=\"description\" content=\"Ma\u00eetrisez la d\u00e9tection et la gestion des signaux en pharmacovigilance. Apprenez \u00e0 identifier les effets ind\u00e9sirables des m\u00e9dicaments et \u00e0 garantir la s\u00e9curit\u00e9 des patients et la conformit\u00e9 r\u00e9glementaire.\" \/>\n<meta name=\"robots\" content=\"index, follow, max-snippet:-1, max-image-preview:large, max-video-preview:-1\" \/>\n<link rel=\"canonical\" href=\"https:\/\/gxp-training.com\/fr\/online-course\/detection-et-gestion-des-signaux-en-pharmacovigilance\/\" \/>\n<meta property=\"og:locale\" content=\"fr_FR\" \/>\n<meta property=\"og:type\" content=\"article\" \/>\n<meta property=\"og:title\" content=\"Formation D\u00e9tection et gestion des signaux en pharmacovigilance\" \/>\n<meta property=\"og:description\" content=\"Ma\u00eetrisez la d\u00e9tection et la gestion des signaux en pharmacovigilance. Apprenez \u00e0 identifier les effets ind\u00e9sirables des m\u00e9dicaments et \u00e0 garantir la s\u00e9curit\u00e9 des patients et la conformit\u00e9 r\u00e9glementaire.\" \/>\n<meta property=\"og:url\" content=\"https:\/\/gxp-training.com\/fr\/online-course\/detection-et-gestion-des-signaux-en-pharmacovigilance\/\" \/>\n<meta property=\"og:site_name\" content=\"GxP Training : Certified Online Courses for Life Sciences\" \/>\n<meta property=\"og:image\" content=\"https:\/\/gxp-training.com\/wp-content\/uploads\/2025\/01\/signal-detection-1-1.png\" \/>\n\t<meta property=\"og:image:width\" content=\"900\" \/>\n\t<meta property=\"og:image:height\" content=\"627\" \/>\n\t<meta property=\"og:image:type\" content=\"image\/png\" \/>\n<meta name=\"twitter:card\" content=\"summary_large_image\" \/>\n<meta name=\"twitter:label1\" content=\"Dur\u00e9e de lecture estim\u00e9e\" \/>\n\t<meta name=\"twitter:data1\" content=\"2 minutes\" \/>\n<script type=\"application\/ld+json\" class=\"yoast-schema-graph\">{\"@context\":\"https:\\\/\\\/schema.org\",\"@graph\":[{\"@type\":\"WebPage\",\"@id\":\"https:\\\/\\\/gxp-training.com\\\/fr\\\/online-course\\\/detection-et-gestion-des-signaux-en-pharmacovigilance\\\/\",\"url\":\"https:\\\/\\\/gxp-training.com\\\/fr\\\/online-course\\\/detection-et-gestion-des-signaux-en-pharmacovigilance\\\/\",\"name\":\"Formation D\u00e9tection et gestion des signaux en pharmacovigilance\",\"isPartOf\":{\"@id\":\"https:\\\/\\\/gxp-training.com\\\/fr\\\/#website\"},\"primaryImageOfPage\":{\"@id\":\"https:\\\/\\\/gxp-training.com\\\/fr\\\/online-course\\\/detection-et-gestion-des-signaux-en-pharmacovigilance\\\/#primaryimage\"},\"image\":{\"@id\":\"https:\\\/\\\/gxp-training.com\\\/fr\\\/online-course\\\/detection-et-gestion-des-signaux-en-pharmacovigilance\\\/#primaryimage\"},\"thumbnailUrl\":\"https:\\\/\\\/gxp-training.com\\\/wp-content\\\/uploads\\\/2025\\\/01\\\/signal-detection-1-1.png\",\"datePublished\":\"2025-01-03T11:48:43+00:00\",\"description\":\"Ma\u00eetrisez la d\u00e9tection et la gestion des signaux en pharmacovigilance. Apprenez \u00e0 identifier les effets ind\u00e9sirables des m\u00e9dicaments et \u00e0 garantir la s\u00e9curit\u00e9 des patients et la conformit\u00e9 r\u00e9glementaire.\",\"breadcrumb\":{\"@id\":\"https:\\\/\\\/gxp-training.com\\\/fr\\\/online-course\\\/detection-et-gestion-des-signaux-en-pharmacovigilance\\\/#breadcrumb\"},\"inLanguage\":\"fr-FR\",\"potentialAction\":[{\"@type\":\"ReadAction\",\"target\":[\"https:\\\/\\\/gxp-training.com\\\/fr\\\/online-course\\\/detection-et-gestion-des-signaux-en-pharmacovigilance\\\/\"]}]},{\"@type\":\"ImageObject\",\"inLanguage\":\"fr-FR\",\"@id\":\"https:\\\/\\\/gxp-training.com\\\/fr\\\/online-course\\\/detection-et-gestion-des-signaux-en-pharmacovigilance\\\/#primaryimage\",\"url\":\"https:\\\/\\\/gxp-training.com\\\/wp-content\\\/uploads\\\/2025\\\/01\\\/signal-detection-1-1.png\",\"contentUrl\":\"https:\\\/\\\/gxp-training.com\\\/wp-content\\\/uploads\\\/2025\\\/01\\\/signal-detection-1-1.png\",\"width\":900,\"height\":627},{\"@type\":\"BreadcrumbList\",\"@id\":\"https:\\\/\\\/gxp-training.com\\\/fr\\\/online-course\\\/detection-et-gestion-des-signaux-en-pharmacovigilance\\\/#breadcrumb\",\"itemListElement\":[{\"@type\":\"ListItem\",\"position\":1,\"name\":\"Accueil\",\"item\":\"https:\\\/\\\/gxp-training.com\\\/fr\\\/page-daccueil\\\/\"},{\"@type\":\"ListItem\",\"position\":2,\"name\":\"Produits\",\"item\":\"https:\\\/\\\/gxp-training.com\\\/fr\\\/shop\\\/\"},{\"@type\":\"ListItem\",\"position\":3,\"name\":\"D\u00e9tection et gestion des signaux en pharmacovigilance\"}]},{\"@type\":\"WebSite\",\"@id\":\"https:\\\/\\\/gxp-training.com\\\/fr\\\/#website\",\"url\":\"https:\\\/\\\/gxp-training.com\\\/fr\\\/\",\"name\":\"GxP Training : Certified Online Courses for Life Sciences\",\"description\":\"Online Trainings and Certified Courses in Regulatory Compliance for Pharmaceutical Experts\",\"publisher\":{\"@id\":\"https:\\\/\\\/gxp-training.com\\\/fr\\\/#organization\"},\"potentialAction\":[{\"@type\":\"SearchAction\",\"target\":{\"@type\":\"EntryPoint\",\"urlTemplate\":\"https:\\\/\\\/gxp-training.com\\\/fr\\\/?s={search_term_string}\"},\"query-input\":{\"@type\":\"PropertyValueSpecification\",\"valueRequired\":true,\"valueName\":\"search_term_string\"}}],\"inLanguage\":\"fr-FR\"},{\"@type\":\"Organization\",\"@id\":\"https:\\\/\\\/gxp-training.com\\\/fr\\\/#organization\",\"name\":\"GXP Training\",\"url\":\"https:\\\/\\\/gxp-training.com\\\/fr\\\/\",\"logo\":{\"@type\":\"ImageObject\",\"inLanguage\":\"fr-FR\",\"@id\":\"https:\\\/\\\/gxp-training.com\\\/fr\\\/#\\\/schema\\\/logo\\\/image\\\/\",\"url\":\"https:\\\/\\\/gxp-training.com\\\/wp-content\\\/uploads\\\/2022\\\/05\\\/logo-resize.png\",\"contentUrl\":\"https:\\\/\\\/gxp-training.com\\\/wp-content\\\/uploads\\\/2022\\\/05\\\/logo-resize.png\",\"width\":350,\"height\":100,\"caption\":\"GXP Training\"},\"image\":{\"@id\":\"https:\\\/\\\/gxp-training.com\\\/fr\\\/#\\\/schema\\\/logo\\\/image\\\/\"}}]}<\/script>\n<!-- \/ Yoast SEO plugin. -->","yoast_head_json":{"title":"Formation D\u00e9tection et gestion des signaux en pharmacovigilance","description":"Ma\u00eetrisez la d\u00e9tection et la gestion des signaux en pharmacovigilance. Apprenez \u00e0 identifier les effets ind\u00e9sirables des m\u00e9dicaments et \u00e0 garantir la s\u00e9curit\u00e9 des patients et la conformit\u00e9 r\u00e9glementaire.","robots":{"index":"index","follow":"follow","max-snippet":"max-snippet:-1","max-image-preview":"max-image-preview:large","max-video-preview":"max-video-preview:-1"},"canonical":"https:\/\/gxp-training.com\/fr\/online-course\/detection-et-gestion-des-signaux-en-pharmacovigilance\/","og_locale":"fr_FR","og_type":"article","og_title":"Formation D\u00e9tection et gestion des signaux en pharmacovigilance","og_description":"Ma\u00eetrisez la d\u00e9tection et la gestion des signaux en pharmacovigilance. Apprenez \u00e0 identifier les effets ind\u00e9sirables des m\u00e9dicaments et \u00e0 garantir la s\u00e9curit\u00e9 des patients et la conformit\u00e9 r\u00e9glementaire.","og_url":"https:\/\/gxp-training.com\/fr\/online-course\/detection-et-gestion-des-signaux-en-pharmacovigilance\/","og_site_name":"GxP Training : Certified Online Courses for Life Sciences","og_image":[{"width":900,"height":627,"url":"https:\/\/gxp-training.com\/wp-content\/uploads\/2025\/01\/signal-detection-1-1.png","type":"image\/png"}],"twitter_card":"summary_large_image","twitter_misc":{"Dur\u00e9e de lecture estim\u00e9e":"2 minutes"},"schema":{"@context":"https:\/\/schema.org","@graph":[{"@type":"WebPage","@id":"https:\/\/gxp-training.com\/fr\/online-course\/detection-et-gestion-des-signaux-en-pharmacovigilance\/","url":"https:\/\/gxp-training.com\/fr\/online-course\/detection-et-gestion-des-signaux-en-pharmacovigilance\/","name":"Formation D\u00e9tection et gestion des signaux en pharmacovigilance","isPartOf":{"@id":"https:\/\/gxp-training.com\/fr\/#website"},"primaryImageOfPage":{"@id":"https:\/\/gxp-training.com\/fr\/online-course\/detection-et-gestion-des-signaux-en-pharmacovigilance\/#primaryimage"},"image":{"@id":"https:\/\/gxp-training.com\/fr\/online-course\/detection-et-gestion-des-signaux-en-pharmacovigilance\/#primaryimage"},"thumbnailUrl":"https:\/\/gxp-training.com\/wp-content\/uploads\/2025\/01\/signal-detection-1-1.png","datePublished":"2025-01-03T11:48:43+00:00","description":"Ma\u00eetrisez la d\u00e9tection et la gestion des signaux en pharmacovigilance. Apprenez \u00e0 identifier les effets ind\u00e9sirables des m\u00e9dicaments et \u00e0 garantir la s\u00e9curit\u00e9 des patients et la conformit\u00e9 r\u00e9glementaire.","breadcrumb":{"@id":"https:\/\/gxp-training.com\/fr\/online-course\/detection-et-gestion-des-signaux-en-pharmacovigilance\/#breadcrumb"},"inLanguage":"fr-FR","potentialAction":[{"@type":"ReadAction","target":["https:\/\/gxp-training.com\/fr\/online-course\/detection-et-gestion-des-signaux-en-pharmacovigilance\/"]}]},{"@type":"ImageObject","inLanguage":"fr-FR","@id":"https:\/\/gxp-training.com\/fr\/online-course\/detection-et-gestion-des-signaux-en-pharmacovigilance\/#primaryimage","url":"https:\/\/gxp-training.com\/wp-content\/uploads\/2025\/01\/signal-detection-1-1.png","contentUrl":"https:\/\/gxp-training.com\/wp-content\/uploads\/2025\/01\/signal-detection-1-1.png","width":900,"height":627},{"@type":"BreadcrumbList","@id":"https:\/\/gxp-training.com\/fr\/online-course\/detection-et-gestion-des-signaux-en-pharmacovigilance\/#breadcrumb","itemListElement":[{"@type":"ListItem","position":1,"name":"Accueil","item":"https:\/\/gxp-training.com\/fr\/page-daccueil\/"},{"@type":"ListItem","position":2,"name":"Produits","item":"https:\/\/gxp-training.com\/fr\/shop\/"},{"@type":"ListItem","position":3,"name":"D\u00e9tection et gestion des signaux en pharmacovigilance"}]},{"@type":"WebSite","@id":"https:\/\/gxp-training.com\/fr\/#website","url":"https:\/\/gxp-training.com\/fr\/","name":"GxP Training : Certified Online Courses for Life Sciences","description":"Online Trainings and Certified Courses in Regulatory Compliance for Pharmaceutical Experts","publisher":{"@id":"https:\/\/gxp-training.com\/fr\/#organization"},"potentialAction":[{"@type":"SearchAction","target":{"@type":"EntryPoint","urlTemplate":"https:\/\/gxp-training.com\/fr\/?s={search_term_string}"},"query-input":{"@type":"PropertyValueSpecification","valueRequired":true,"valueName":"search_term_string"}}],"inLanguage":"fr-FR"},{"@type":"Organization","@id":"https:\/\/gxp-training.com\/fr\/#organization","name":"GXP Training","url":"https:\/\/gxp-training.com\/fr\/","logo":{"@type":"ImageObject","inLanguage":"fr-FR","@id":"https:\/\/gxp-training.com\/fr\/#\/schema\/logo\/image\/","url":"https:\/\/gxp-training.com\/wp-content\/uploads\/2022\/05\/logo-resize.png","contentUrl":"https:\/\/gxp-training.com\/wp-content\/uploads\/2022\/05\/logo-resize.png","width":350,"height":100,"caption":"GXP Training"},"image":{"@id":"https:\/\/gxp-training.com\/fr\/#\/schema\/logo\/image\/"}}]}},"_links":{"self":[{"href":"https:\/\/gxp-training.com\/fr\/wp-json\/wp\/v2\/product\/58140","targetHints":{"allow":["GET"]}}],"collection":[{"href":"https:\/\/gxp-training.com\/fr\/wp-json\/wp\/v2\/product"}],"about":[{"href":"https:\/\/gxp-training.com\/fr\/wp-json\/wp\/v2\/types\/product"}],"wp:featuredmedia":[{"embeddable":true,"href":"https:\/\/gxp-training.com\/fr\/wp-json\/wp\/v2\/media\/52054"}],"wp:attachment":[{"href":"https:\/\/gxp-training.com\/fr\/wp-json\/wp\/v2\/media?parent=58140"}],"wp:term":[{"taxonomy":"product_brand","embeddable":true,"href":"https:\/\/gxp-training.com\/fr\/wp-json\/wp\/v2\/product_brand?post=58140"},{"taxonomy":"product_cat","embeddable":true,"href":"https:\/\/gxp-training.com\/fr\/wp-json\/wp\/v2\/product_cat?post=58140"},{"taxonomy":"product_tag","embeddable":true,"href":"https:\/\/gxp-training.com\/fr\/wp-json\/wp\/v2\/product_tag?post=58140"}],"curies":[{"name":"wp","href":"https:\/\/api.w.org\/{rel}","templated":true}]}}