{"id":58139,"date":"2025-10-15T18:07:28","date_gmt":"2025-10-15T16:07:28","guid":{"rendered":"https:\/\/gxp-training.com\/online-course\/protocole-dessai-clinique\/"},"modified":"2025-10-15T18:07:28","modified_gmt":"2025-10-15T16:07:28","slug":"protocole-dessai-clinique","status":"publish","type":"product","link":"https:\/\/gxp-training.com\/fr\/online-course\/protocole-dessai-clinique\/","title":{"rendered":"Protocole d\u2019essai clinique"},"content":{"rendered":"<p>La recherche clinique impliquant des participants humains est l\u2019un des domaines les plus r\u00e9glement\u00e9s des sciences de la vie. Chaque essai clinique r\u00e9ussi commence par un protocole robuste qui d\u00e9finit clairement les objectifs, la m\u00e9thodologie et les exigences de conformit\u00e9. <\/p>\n<p>Ce cours vous apprend \u00e0 transformer des attentes r\u00e9glementaires complexes en un protocole d\u2019essai clinique clair et exploitable sous <a href=\"https:\/\/www.fda.gov\/drugs\/types-applications\/investigational-new-drug-ind-application\">IND<\/a> ou <a href=\"https:\/\/www.fda.gov\/medical-devices\/premarket-submissions-selecting-and-preparing-correct-submission\/investigational-device-exemption-ide\">IDE<\/a>. Vous apprendrez \u00e0 structurer votre protocole efficacement, \u00e0 \u00e9viter les pi\u00e8ges courants, \u00e0 g\u00e9rer les amendements et \u00e0 assurer une pleine conformit\u00e9 r\u00e9glementaire, offrant ainsi \u00e0 votre \u00e9tude les meilleures chances d\u2019approbation par l\u2019IRB et d\u2019ex\u00e9cution r\u00e9ussie. <\/p>\n<p>&nbsp;<\/p>\n<h3>Programme :<\/h3>\n<p><b>\u00c0 qui s\u2019adresse ce cours ? <\/b><br \/>\nCe cours est con\u00e7u pour les professionnels impliqu\u00e9s dans la recherche clinique, l\u2019\u00e9laboration de protocoles et la gestion d\u2019essais, notamment :<\/p>\n<ul>\n<li>Attach\u00e9s de recherche clinique (ARC) et chefs de projets cliniques<\/li>\n<li>Investigateurs et coordinateurs d\u2019\u00e9tudes<\/li>\n<li>Sp\u00e9cialistes des affaires r\u00e9glementaires<\/li>\n<li>Responsables de l\u2019assurance qualit\u00e9 et de la conformit\u00e9<\/li>\n<li>R\u00e9dacteurs m\u00e9dicaux responsables de la documentation des protocoles<\/li>\n<\/ul>\n<p><b>Qu\u2019allez-vous apprendre ?<\/b><br \/>\nGr\u00e2ce \u00e0 des le\u00e7ons interactives, des \u00e9tudes de cas et des exemples pratiques, les participants acquerront les comp\u00e9tences n\u00e9cessaires pour :<\/p>\n<ul>\n<li>Comprendre l\u2019objectif, la structure et les composants critiques d\u2019un protocole d\u2019essai clinique<\/li>\n<li>R\u00e9diger des protocoles conformes qui satisfont aux exigences IND\/IDE et de l\u2019IRB<\/li>\n<li>Identifier et \u00e9viter les erreurs courantes dans la conception et la r\u00e9daction de protocoles<\/li>\n<li>G\u00e9rer efficacement les amendements et les mises \u00e0 jour de protocoles<\/li>\n<li>Appliquer les pratiques de gouvernance des donn\u00e9es pour les investigateurs et les promoteurs<\/li>\n<li>Am\u00e9liorer la qualit\u00e9 et l\u2019efficacit\u00e9 globales des essais en int\u00e9grant les meilleures pratiques dans l\u2019\u00e9laboration des protocoles<\/li>\n<\/ul>\n<p>\u00c0 la fin de ce cours, les apprenants seront pleinement \u00e9quip\u00e9s pour produire des protocoles d\u2019essai clinique clairs, conformes et exploitables qui simplifient les approbations de l\u2019IRB, favorisent de meilleurs r\u00e9sultats d\u2019\u00e9tude et maintiennent la conformit\u00e9 r\u00e9glementaire tout au long du cycle de vie de l\u2019essai.<\/p>\n<p><strong>Introduction<\/strong><\/p>\n<p><strong>Le\u00e7on 1 : Introduction au protocole d\u2019essai clinique<\/strong><\/p>\n<ul>\n<li>Qu\u2019est-ce qu\u2019un protocole d\u2019essai clinique ?<\/li>\n<li>Pourquoi un protocole d\u2019essai clinique est-il important ?<\/li>\n<\/ul>\n<p><strong>Le\u00e7on 2 : Contenu et format d\u2019un protocole<\/strong><\/p>\n<ul>\n<li>Cadre r\u00e9glementaire et consid\u00e9rations \u00e9thiques du NIH dans l\u2019UE et aux \u00c9tats-Unis<\/li>\n<\/ul>\n<p><strong>Le\u00e7on 3 : R\u00e9daction d\u2019un protocole d\u2019essai clinique<\/strong><\/p>\n<ul>\n<li>Mod\u00e8le de protocole du NIH<\/li>\n<\/ul>\n<p><strong>Le\u00e7on 4 : Probl\u00e8mes rencontr\u00e9s lors de la r\u00e9daction d\u2019un protocole<\/strong><\/p>\n<ul>\n<li>Probl\u00e8mes courants dans l\u2019\u00e9laboration de protocoles<\/li>\n<li>Erreurs \u00e0 \u00e9viter lors de l\u2019\u00e9laboration de protocoles<\/li>\n<\/ul>\n<p><strong>Le\u00e7on 5 : Apporter des amendements \u00e0 un protocole d\u2019essai clinique<\/strong><\/p>\n<ul>\n<li>Que sont les amendements \u00e0 un protocole d\u2019essai clinique ?<\/li>\n<li>Processus de modification<\/li>\n<li>Types d\u2019amendements<\/li>\n<\/ul>\n<p><strong>Conclusion<\/strong><\/p>\n<p><strong>Quiz<\/strong><\/p>\n","protected":false},"excerpt":{"rendered":"<p>La recherche clinique impliquant des participants humains est l\u2019un des domaines les plus r\u00e9glement\u00e9s des sciences de la vie. Chaque essai clinique r\u00e9ussi commence par un protocole robuste qui d\u00e9finit clairement les objectifs, la m\u00e9thodologie et les exigences de conformit\u00e9. Ce cours vous apprend \u00e0 transformer des attentes r\u00e9glementaires complexes en un protocole d\u2019essai clinique [&hellip;]<\/p>\n","protected":false},"featured_media":52849,"template":"","meta":{"_acf_changed":false,"content-type":""},"product_brand":[],"product_cat":[274],"product_tag":[],"class_list":{"0":"post-58139","1":"product","2":"type-product","3":"status-publish","4":"has-post-thumbnail","6":"product_cat-bpc-essais-cliniques","8":"first","9":"instock","10":"taxable","11":"shipping-taxable","12":"purchasable","13":"product-type-subscription"},"bundled_by":[],"bundle_stock_status":"instock","bundle_stock_quantity":null,"bundle_virtual":false,"bundle_layout":"","bundle_add_to_cart_form_location":"","bundle_editable_in_cart":false,"bundle_sold_individually_context":"","bundle_item_grouping":"","bundle_min_size":"","bundle_max_size":"","bundle_price":[],"bundled_items":[],"bundle_sell_ids":[],"acf":[],"yoast_head":"<!-- This site is optimized with the Yoast SEO plugin v27.5 - https:\/\/yoast.com\/product\/yoast-seo-wordpress\/ -->\n<title>Cours en ligne sur le protocole d\u2019essai clinique \u2013 Conforme IND &amp; IDE<\/title>\n<meta name=\"description\" content=\"Formation sur le protocole d\u2019essai clinique pour les professionnels de la recherche clinique. Obtenez votre certification d\u00e8s maintenant et commencez votre cours en ligne sur les Bonnes Pratiques Cliniques.\" \/>\n<meta name=\"robots\" content=\"index, follow, max-snippet:-1, max-image-preview:large, max-video-preview:-1\" \/>\n<link rel=\"canonical\" href=\"https:\/\/gxp-training.com\/fr\/online-course\/protocole-dessai-clinique\/\" \/>\n<meta property=\"og:locale\" content=\"fr_FR\" \/>\n<meta property=\"og:type\" content=\"article\" \/>\n<meta property=\"og:title\" content=\"Cours en ligne sur le protocole d\u2019essai clinique \u2013 Conforme IND &amp; IDE\" \/>\n<meta property=\"og:description\" content=\"Formation sur le protocole d\u2019essai clinique pour les professionnels de la recherche clinique. Obtenez votre certification d\u00e8s maintenant et commencez votre cours en ligne sur les Bonnes Pratiques Cliniques.\" \/>\n<meta property=\"og:url\" content=\"https:\/\/gxp-training.com\/fr\/online-course\/protocole-dessai-clinique\/\" \/>\n<meta property=\"og:site_name\" content=\"GxP Training : Certified Online Courses for Life Sciences\" \/>\n<meta property=\"og:image\" content=\"https:\/\/gxp-training.com\/wp-content\/uploads\/2025\/10\/Clinical-Trial-Protocol.png\" \/>\n\t<meta property=\"og:image:width\" content=\"900\" \/>\n\t<meta property=\"og:image:height\" content=\"627\" \/>\n\t<meta property=\"og:image:type\" content=\"image\/png\" \/>\n<meta name=\"twitter:card\" content=\"summary_large_image\" \/>\n<meta name=\"twitter:label1\" content=\"Dur\u00e9e de lecture estim\u00e9e\" \/>\n\t<meta name=\"twitter:data1\" content=\"2 minutes\" \/>\n<script type=\"application\/ld+json\" class=\"yoast-schema-graph\">{\"@context\":\"https:\\\/\\\/schema.org\",\"@graph\":[{\"@type\":\"WebPage\",\"@id\":\"https:\\\/\\\/gxp-training.com\\\/fr\\\/online-course\\\/protocole-dessai-clinique\\\/\",\"url\":\"https:\\\/\\\/gxp-training.com\\\/fr\\\/online-course\\\/protocole-dessai-clinique\\\/\",\"name\":\"Cours en ligne sur le protocole d\u2019essai clinique \u2013 Conforme IND & IDE\",\"isPartOf\":{\"@id\":\"https:\\\/\\\/gxp-training.com\\\/fr\\\/#website\"},\"primaryImageOfPage\":{\"@id\":\"https:\\\/\\\/gxp-training.com\\\/fr\\\/online-course\\\/protocole-dessai-clinique\\\/#primaryimage\"},\"image\":{\"@id\":\"https:\\\/\\\/gxp-training.com\\\/fr\\\/online-course\\\/protocole-dessai-clinique\\\/#primaryimage\"},\"thumbnailUrl\":\"https:\\\/\\\/gxp-training.com\\\/wp-content\\\/uploads\\\/2025\\\/10\\\/Clinical-Trial-Protocol.png\",\"datePublished\":\"2025-10-15T16:07:28+00:00\",\"description\":\"Formation sur le protocole d\u2019essai clinique pour les professionnels de la recherche clinique. Obtenez votre certification d\u00e8s maintenant et commencez votre cours en ligne sur les Bonnes Pratiques Cliniques.\",\"breadcrumb\":{\"@id\":\"https:\\\/\\\/gxp-training.com\\\/fr\\\/online-course\\\/protocole-dessai-clinique\\\/#breadcrumb\"},\"inLanguage\":\"fr-FR\",\"potentialAction\":[{\"@type\":\"ReadAction\",\"target\":[\"https:\\\/\\\/gxp-training.com\\\/fr\\\/online-course\\\/protocole-dessai-clinique\\\/\"]}]},{\"@type\":\"ImageObject\",\"inLanguage\":\"fr-FR\",\"@id\":\"https:\\\/\\\/gxp-training.com\\\/fr\\\/online-course\\\/protocole-dessai-clinique\\\/#primaryimage\",\"url\":\"https:\\\/\\\/gxp-training.com\\\/wp-content\\\/uploads\\\/2025\\\/10\\\/Clinical-Trial-Protocol.png\",\"contentUrl\":\"https:\\\/\\\/gxp-training.com\\\/wp-content\\\/uploads\\\/2025\\\/10\\\/Clinical-Trial-Protocol.png\",\"width\":900,\"height\":627,\"caption\":\"Clinical Trial Protocol\"},{\"@type\":\"BreadcrumbList\",\"@id\":\"https:\\\/\\\/gxp-training.com\\\/fr\\\/online-course\\\/protocole-dessai-clinique\\\/#breadcrumb\",\"itemListElement\":[{\"@type\":\"ListItem\",\"position\":1,\"name\":\"Accueil\",\"item\":\"https:\\\/\\\/gxp-training.com\\\/fr\\\/page-daccueil\\\/\"},{\"@type\":\"ListItem\",\"position\":2,\"name\":\"Produits\",\"item\":\"https:\\\/\\\/gxp-training.com\\\/fr\\\/shop\\\/\"},{\"@type\":\"ListItem\",\"position\":3,\"name\":\"Protocole d\u2019essai clinique\"}]},{\"@type\":\"WebSite\",\"@id\":\"https:\\\/\\\/gxp-training.com\\\/fr\\\/#website\",\"url\":\"https:\\\/\\\/gxp-training.com\\\/fr\\\/\",\"name\":\"GxP Training : Certified Online Courses for Life Sciences\",\"description\":\"Online Trainings and Certified Courses in Regulatory Compliance for Pharmaceutical Experts\",\"publisher\":{\"@id\":\"https:\\\/\\\/gxp-training.com\\\/fr\\\/#organization\"},\"potentialAction\":[{\"@type\":\"SearchAction\",\"target\":{\"@type\":\"EntryPoint\",\"urlTemplate\":\"https:\\\/\\\/gxp-training.com\\\/fr\\\/?s={search_term_string}\"},\"query-input\":{\"@type\":\"PropertyValueSpecification\",\"valueRequired\":true,\"valueName\":\"search_term_string\"}}],\"inLanguage\":\"fr-FR\"},{\"@type\":\"Organization\",\"@id\":\"https:\\\/\\\/gxp-training.com\\\/fr\\\/#organization\",\"name\":\"GXP Training\",\"url\":\"https:\\\/\\\/gxp-training.com\\\/fr\\\/\",\"logo\":{\"@type\":\"ImageObject\",\"inLanguage\":\"fr-FR\",\"@id\":\"https:\\\/\\\/gxp-training.com\\\/fr\\\/#\\\/schema\\\/logo\\\/image\\\/\",\"url\":\"https:\\\/\\\/gxp-training.com\\\/wp-content\\\/uploads\\\/2022\\\/05\\\/logo-resize.png\",\"contentUrl\":\"https:\\\/\\\/gxp-training.com\\\/wp-content\\\/uploads\\\/2022\\\/05\\\/logo-resize.png\",\"width\":350,\"height\":100,\"caption\":\"GXP Training\"},\"image\":{\"@id\":\"https:\\\/\\\/gxp-training.com\\\/fr\\\/#\\\/schema\\\/logo\\\/image\\\/\"}}]}<\/script>\n<!-- \/ Yoast SEO plugin. -->","yoast_head_json":{"title":"Cours en ligne sur le protocole d\u2019essai clinique \u2013 Conforme IND & IDE","description":"Formation sur le protocole d\u2019essai clinique pour les professionnels de la recherche clinique. Obtenez votre certification d\u00e8s maintenant et commencez votre cours en ligne sur les Bonnes Pratiques Cliniques.","robots":{"index":"index","follow":"follow","max-snippet":"max-snippet:-1","max-image-preview":"max-image-preview:large","max-video-preview":"max-video-preview:-1"},"canonical":"https:\/\/gxp-training.com\/fr\/online-course\/protocole-dessai-clinique\/","og_locale":"fr_FR","og_type":"article","og_title":"Cours en ligne sur le protocole d\u2019essai clinique \u2013 Conforme IND & IDE","og_description":"Formation sur le protocole d\u2019essai clinique pour les professionnels de la recherche clinique. Obtenez votre certification d\u00e8s maintenant et commencez votre cours en ligne sur les Bonnes Pratiques Cliniques.","og_url":"https:\/\/gxp-training.com\/fr\/online-course\/protocole-dessai-clinique\/","og_site_name":"GxP Training : Certified Online Courses for Life Sciences","og_image":[{"width":900,"height":627,"url":"https:\/\/gxp-training.com\/wp-content\/uploads\/2025\/10\/Clinical-Trial-Protocol.png","type":"image\/png"}],"twitter_card":"summary_large_image","twitter_misc":{"Dur\u00e9e de lecture estim\u00e9e":"2 minutes"},"schema":{"@context":"https:\/\/schema.org","@graph":[{"@type":"WebPage","@id":"https:\/\/gxp-training.com\/fr\/online-course\/protocole-dessai-clinique\/","url":"https:\/\/gxp-training.com\/fr\/online-course\/protocole-dessai-clinique\/","name":"Cours en ligne sur le protocole d\u2019essai clinique \u2013 Conforme IND & IDE","isPartOf":{"@id":"https:\/\/gxp-training.com\/fr\/#website"},"primaryImageOfPage":{"@id":"https:\/\/gxp-training.com\/fr\/online-course\/protocole-dessai-clinique\/#primaryimage"},"image":{"@id":"https:\/\/gxp-training.com\/fr\/online-course\/protocole-dessai-clinique\/#primaryimage"},"thumbnailUrl":"https:\/\/gxp-training.com\/wp-content\/uploads\/2025\/10\/Clinical-Trial-Protocol.png","datePublished":"2025-10-15T16:07:28+00:00","description":"Formation sur le protocole d\u2019essai clinique pour les professionnels de la recherche clinique. Obtenez votre certification d\u00e8s maintenant et commencez votre cours en ligne sur les Bonnes Pratiques Cliniques.","breadcrumb":{"@id":"https:\/\/gxp-training.com\/fr\/online-course\/protocole-dessai-clinique\/#breadcrumb"},"inLanguage":"fr-FR","potentialAction":[{"@type":"ReadAction","target":["https:\/\/gxp-training.com\/fr\/online-course\/protocole-dessai-clinique\/"]}]},{"@type":"ImageObject","inLanguage":"fr-FR","@id":"https:\/\/gxp-training.com\/fr\/online-course\/protocole-dessai-clinique\/#primaryimage","url":"https:\/\/gxp-training.com\/wp-content\/uploads\/2025\/10\/Clinical-Trial-Protocol.png","contentUrl":"https:\/\/gxp-training.com\/wp-content\/uploads\/2025\/10\/Clinical-Trial-Protocol.png","width":900,"height":627,"caption":"Clinical Trial Protocol"},{"@type":"BreadcrumbList","@id":"https:\/\/gxp-training.com\/fr\/online-course\/protocole-dessai-clinique\/#breadcrumb","itemListElement":[{"@type":"ListItem","position":1,"name":"Accueil","item":"https:\/\/gxp-training.com\/fr\/page-daccueil\/"},{"@type":"ListItem","position":2,"name":"Produits","item":"https:\/\/gxp-training.com\/fr\/shop\/"},{"@type":"ListItem","position":3,"name":"Protocole d\u2019essai clinique"}]},{"@type":"WebSite","@id":"https:\/\/gxp-training.com\/fr\/#website","url":"https:\/\/gxp-training.com\/fr\/","name":"GxP Training : Certified Online Courses for Life Sciences","description":"Online Trainings and Certified Courses in Regulatory Compliance for Pharmaceutical Experts","publisher":{"@id":"https:\/\/gxp-training.com\/fr\/#organization"},"potentialAction":[{"@type":"SearchAction","target":{"@type":"EntryPoint","urlTemplate":"https:\/\/gxp-training.com\/fr\/?s={search_term_string}"},"query-input":{"@type":"PropertyValueSpecification","valueRequired":true,"valueName":"search_term_string"}}],"inLanguage":"fr-FR"},{"@type":"Organization","@id":"https:\/\/gxp-training.com\/fr\/#organization","name":"GXP Training","url":"https:\/\/gxp-training.com\/fr\/","logo":{"@type":"ImageObject","inLanguage":"fr-FR","@id":"https:\/\/gxp-training.com\/fr\/#\/schema\/logo\/image\/","url":"https:\/\/gxp-training.com\/wp-content\/uploads\/2022\/05\/logo-resize.png","contentUrl":"https:\/\/gxp-training.com\/wp-content\/uploads\/2022\/05\/logo-resize.png","width":350,"height":100,"caption":"GXP Training"},"image":{"@id":"https:\/\/gxp-training.com\/fr\/#\/schema\/logo\/image\/"}}]}},"_links":{"self":[{"href":"https:\/\/gxp-training.com\/fr\/wp-json\/wp\/v2\/product\/58139","targetHints":{"allow":["GET"]}}],"collection":[{"href":"https:\/\/gxp-training.com\/fr\/wp-json\/wp\/v2\/product"}],"about":[{"href":"https:\/\/gxp-training.com\/fr\/wp-json\/wp\/v2\/types\/product"}],"wp:featuredmedia":[{"embeddable":true,"href":"https:\/\/gxp-training.com\/fr\/wp-json\/wp\/v2\/media\/52849"}],"wp:attachment":[{"href":"https:\/\/gxp-training.com\/fr\/wp-json\/wp\/v2\/media?parent=58139"}],"wp:term":[{"taxonomy":"product_brand","embeddable":true,"href":"https:\/\/gxp-training.com\/fr\/wp-json\/wp\/v2\/product_brand?post=58139"},{"taxonomy":"product_cat","embeddable":true,"href":"https:\/\/gxp-training.com\/fr\/wp-json\/wp\/v2\/product_cat?post=58139"},{"taxonomy":"product_tag","embeddable":true,"href":"https:\/\/gxp-training.com\/fr\/wp-json\/wp\/v2\/product_tag?post=58139"}],"curies":[{"name":"wp","href":"https:\/\/api.w.org\/{rel}","templated":true}]}}