{"id":58006,"date":"2025-01-03T08:42:27","date_gmt":"2025-01-03T08:42:27","guid":{"rendered":"https:\/\/gxp-training.com\/online-course\/iso-90012015-systeme-de-management-de-la-qualite-pour-lindustrie-pharmaceutique\/"},"modified":"2025-01-03T08:42:27","modified_gmt":"2025-01-03T07:42:27","slug":"iso-90012015-systeme-de-management-de-la-qualite-pour-lindustrie-pharmaceutique","status":"publish","type":"product","link":"https:\/\/gxp-training.com\/fr\/online-course\/iso-90012015-systeme-de-management-de-la-qualite-pour-lindustrie-pharmaceutique\/","title":{"rendered":"ISO 9001:2015 : Syst\u00e8me de management de la qualit\u00e9 pour l\u2019industrie pharmaceutique"},"content":{"rendered":"<p><span style=\"font-weight: 400;\">Ma\u00eetrisez les connaissances et les comp\u00e9tences n\u00e9cessaires pour mettre en \u0153uvre et g\u00e9rer un syst\u00e8me de management de la qualit\u00e9 (SMQ) dans l\u2019<a href=\"https:\/\/gxp-training.com\/fr\/online-course\/introduction-a-la-qualite-pharmaceutique\/\">industrie pharmaceutique<\/a> gr\u00e2ce \u00e0 notre cours ISO 9001:2015. Adapt\u00e9 \u00e0 ce secteur, il couvre les principes et clauses cl\u00e9s, garantissant la conformit\u00e9, l\u2019am\u00e9lioration et l\u2019excellence op\u00e9rationnelle.  <\/span><\/p>\n<p>&nbsp;<\/p>\n<p><b>\u00c0 qui s\u2019adresse cette formation ?<\/b><\/p>\n<p><span style=\"font-weight: 400;\">Ce cours est con\u00e7u pour les professionnels de l\u2019<a href=\"https:\/\/gxp-training.com\/fr\/gxp-courses\/assurance-qualite\/\">assurance qualit\u00e9<\/a> et du contr\u00f4le qualit\u00e9, les sp\u00e9cialistes des affaires r\u00e9glementaires et les responsables supervisant les syst\u00e8mes de qualit\u00e9 pharmaceutique. Il est \u00e9galement id\u00e9al pour ceux qui souhaitent aligner leurs op\u00e9rations sur les normes ISO 9001:2015 ou approfondir leur compr\u00e9hension des syst\u00e8mes de management de la qualit\u00e9 (SMQ) dans l\u2019industrie pharmaceutique. <\/span><\/p>\n<p>&nbsp;<\/p>\n<p><b>Sujets abord\u00e9s dans le cours :<\/b><\/p>\n<ul>\n<li style=\"font-weight: 400;\"><span style=\"font-weight: 400;\">Aper\u00e7u de l\u2019ISO 9001:2015 et de sa pertinence pour le secteur pharmaceutique.<\/span><\/li>\n<li style=\"font-weight: 400;\"><span style=\"font-weight: 400;\">Comprendre le contexte de l\u2019organisme pour aligner le SMQ avec les objectifs commerciaux.<\/span><\/li>\n<li style=\"font-weight: 400;\"><span style=\"font-weight: 400;\">Le leadership et son r\u00f4le pivot dans la promotion d\u2019une culture ax\u00e9e sur la qualit\u00e9.<\/span><\/li>\n<li style=\"font-weight: 400;\">Comment concevoir un SMQ pharmaceutique<\/li>\n<li style=\"font-weight: 400;\">Comment mettre en \u0153uvre les normes ISO 9001:2015<\/li>\n<li style=\"font-weight: 400;\">Comment maintenir et surveiller l\u2019efficacit\u00e9 du SMQ<\/li>\n<li style=\"font-weight: 400;\">Outils pratiques pour aligner le SMQ avec les objectifs r\u00e9glementaires et commerciaux<\/li>\n<\/ul>\n<p>&nbsp;<\/p>\n<p><span style=\"font-weight: 400;\">Ce cours complet propose une exploration approfondie des syst\u00e8mes de management de la qualit\u00e9 pour l\u2019industrie pharmaceutique, en mettant en lumi\u00e8re les \u00e9l\u00e9ments cl\u00e9s de l\u2019ISO 9001:2015 dans un format pratique et interactif. Chaque session comprend des exemples concrets et des \u00e9valuations pour renforcer l\u2019apprentissage appliqu\u00e9. \u00c0 l\u2019issue de la formation, les participants obtiendront un certificat de formation SMQ reconnu mondialement, accr\u00e9dit\u00e9 par des cr\u00e9dits CPD\/CEU.  <\/span><\/p>\n<p>&nbsp;<\/p>\n<h3><b>Programme :<\/b><\/h3>\n<p><b>Introduction<\/b><\/p>\n<p><b>Le\u00e7on 1 : Structure de la norme ISO 9001:2015<\/b><\/p>\n<p><b>Le\u00e7on 2 : Contexte de l\u2019organisme (Clause 4)<\/b><\/p>\n<p><b>Le\u00e7on 3 : Leadership (Clause 5)<\/b><\/p>\n<p><b>Le\u00e7on 4 : Planification (Clause 6)<\/b><\/p>\n<p><b>Le\u00e7on 5 : Support (Clause 7)<\/b><\/p>\n<p><b>Le\u00e7on 6 : R\u00e9alisation des activit\u00e9s op\u00e9rationnelles (Clause 8)<\/b><\/p>\n<p><b>Le\u00e7on 7 : \u00c9valuation des performances (Clause 9)<\/b><\/p>\n<p><b>Le\u00e7on 8 : Am\u00e9lioration (Clause 10)<\/b><\/p>\n<p><b>Conclusion<\/b><\/p>\n<p><b>\u00c9valuation<\/b><\/p>\n","protected":false},"excerpt":{"rendered":"<p>Ma\u00eetrisez les connaissances et les comp\u00e9tences n\u00e9cessaires pour mettre en \u0153uvre et g\u00e9rer un syst\u00e8me de management de la qualit\u00e9 (SMQ) dans l\u2019industrie pharmaceutique gr\u00e2ce \u00e0 notre cours ISO 9001:2015. Adapt\u00e9 \u00e0 ce secteur, il couvre les principes et clauses cl\u00e9s, garantissant la conformit\u00e9, l\u2019am\u00e9lioration et l\u2019excellence op\u00e9rationnelle. &nbsp; \u00c0 qui s\u2019adresse cette formation ? [&hellip;]<\/p>\n","protected":false},"featured_media":50998,"template":"","meta":{"_acf_changed":false,"content-type":""},"product_brand":[],"product_cat":[257,258],"product_tag":[],"class_list":{"0":"post-58006","1":"product","2":"type-product","3":"status-publish","4":"has-post-thumbnail","6":"product_cat-assurance-qualite","7":"product_cat-pharmaceutique","9":"first","10":"instock","11":"taxable","12":"shipping-taxable","13":"purchasable","14":"product-type-subscription"},"bundled_by":[],"bundle_stock_status":"instock","bundle_stock_quantity":null,"bundle_virtual":false,"bundle_layout":"","bundle_add_to_cart_form_location":"","bundle_editable_in_cart":false,"bundle_sold_individually_context":"","bundle_item_grouping":"","bundle_min_size":"","bundle_max_size":"","bundle_price":[],"bundled_items":[],"bundle_sell_ids":[],"acf":[],"yoast_head":"<!-- This site is optimized with the Yoast SEO plugin v27.5 - https:\/\/yoast.com\/product\/yoast-seo-wordpress\/ -->\n<title>Cours certifiant sur le syst\u00e8me de management de la qualit\u00e9 pour l\u2019industrie pharmaceutique<\/title>\n<meta name=\"description\" content=\"Apprenez \u00e0 mettre en \u0153uvre un syst\u00e8me de management de la qualit\u00e9 pour l\u2019industrie pharmaceutique. Acqu\u00e9rez des comp\u00e9tences cl\u00e9s pour assurer la conformit\u00e9 et obtenez une certification de formation.\" \/>\n<meta name=\"robots\" content=\"index, follow, max-snippet:-1, max-image-preview:large, max-video-preview:-1\" \/>\n<link rel=\"canonical\" href=\"https:\/\/gxp-training.com\/fr\/online-course\/iso-90012015-systeme-de-management-de-la-qualite-pour-lindustrie-pharmaceutique\/\" \/>\n<meta property=\"og:locale\" content=\"fr_FR\" \/>\n<meta property=\"og:type\" content=\"article\" \/>\n<meta property=\"og:title\" content=\"Cours certifiant sur le syst\u00e8me de management de la qualit\u00e9 pour l\u2019industrie pharmaceutique\" \/>\n<meta property=\"og:description\" content=\"Apprenez \u00e0 mettre en \u0153uvre un syst\u00e8me de management de la qualit\u00e9 pour l\u2019industrie pharmaceutique. Acqu\u00e9rez des comp\u00e9tences cl\u00e9s pour assurer la conformit\u00e9 et obtenez une certification de formation.\" \/>\n<meta property=\"og:url\" content=\"https:\/\/gxp-training.com\/fr\/online-course\/iso-90012015-systeme-de-management-de-la-qualite-pour-lindustrie-pharmaceutique\/\" \/>\n<meta property=\"og:site_name\" content=\"GxP Training : Certified Online Courses for Life Sciences\" \/>\n<meta property=\"og:image\" content=\"https:\/\/gxp-training.com\/wp-content\/uploads\/2025\/01\/Quality-Management-Systems-ISO9001-1.png\" \/>\n\t<meta property=\"og:image:width\" content=\"900\" \/>\n\t<meta property=\"og:image:height\" content=\"627\" \/>\n\t<meta property=\"og:image:type\" content=\"image\/png\" \/>\n<meta name=\"twitter:card\" content=\"summary_large_image\" \/>\n<meta name=\"twitter:label1\" content=\"Dur\u00e9e de lecture estim\u00e9e\" \/>\n\t<meta name=\"twitter:data1\" content=\"2 minutes\" \/>\n<script type=\"application\/ld+json\" class=\"yoast-schema-graph\">{\"@context\":\"https:\\\/\\\/schema.org\",\"@graph\":[{\"@type\":\"WebPage\",\"@id\":\"https:\\\/\\\/gxp-training.com\\\/fr\\\/online-course\\\/iso-90012015-systeme-de-management-de-la-qualite-pour-lindustrie-pharmaceutique\\\/\",\"url\":\"https:\\\/\\\/gxp-training.com\\\/fr\\\/online-course\\\/iso-90012015-systeme-de-management-de-la-qualite-pour-lindustrie-pharmaceutique\\\/\",\"name\":\"Cours certifiant sur le syst\u00e8me de management de la qualit\u00e9 pour l\u2019industrie pharmaceutique\",\"isPartOf\":{\"@id\":\"https:\\\/\\\/gxp-training.com\\\/fr\\\/#website\"},\"primaryImageOfPage\":{\"@id\":\"https:\\\/\\\/gxp-training.com\\\/fr\\\/online-course\\\/iso-90012015-systeme-de-management-de-la-qualite-pour-lindustrie-pharmaceutique\\\/#primaryimage\"},\"image\":{\"@id\":\"https:\\\/\\\/gxp-training.com\\\/fr\\\/online-course\\\/iso-90012015-systeme-de-management-de-la-qualite-pour-lindustrie-pharmaceutique\\\/#primaryimage\"},\"thumbnailUrl\":\"https:\\\/\\\/gxp-training.com\\\/wp-content\\\/uploads\\\/2025\\\/01\\\/Quality-Management-Systems-ISO9001-1.png\",\"datePublished\":\"2025-01-03T08:42:27+00:00\",\"description\":\"Apprenez \u00e0 mettre en \u0153uvre un syst\u00e8me de management de la qualit\u00e9 pour l\u2019industrie pharmaceutique. Acqu\u00e9rez des comp\u00e9tences cl\u00e9s pour assurer la conformit\u00e9 et obtenez une certification de formation.\",\"breadcrumb\":{\"@id\":\"https:\\\/\\\/gxp-training.com\\\/fr\\\/online-course\\\/iso-90012015-systeme-de-management-de-la-qualite-pour-lindustrie-pharmaceutique\\\/#breadcrumb\"},\"inLanguage\":\"fr-FR\",\"potentialAction\":[{\"@type\":\"ReadAction\",\"target\":[\"https:\\\/\\\/gxp-training.com\\\/fr\\\/online-course\\\/iso-90012015-systeme-de-management-de-la-qualite-pour-lindustrie-pharmaceutique\\\/\"]}]},{\"@type\":\"ImageObject\",\"inLanguage\":\"fr-FR\",\"@id\":\"https:\\\/\\\/gxp-training.com\\\/fr\\\/online-course\\\/iso-90012015-systeme-de-management-de-la-qualite-pour-lindustrie-pharmaceutique\\\/#primaryimage\",\"url\":\"https:\\\/\\\/gxp-training.com\\\/wp-content\\\/uploads\\\/2025\\\/01\\\/Quality-Management-Systems-ISO9001-1.png\",\"contentUrl\":\"https:\\\/\\\/gxp-training.com\\\/wp-content\\\/uploads\\\/2025\\\/01\\\/Quality-Management-Systems-ISO9001-1.png\",\"width\":900,\"height\":627},{\"@type\":\"BreadcrumbList\",\"@id\":\"https:\\\/\\\/gxp-training.com\\\/fr\\\/online-course\\\/iso-90012015-systeme-de-management-de-la-qualite-pour-lindustrie-pharmaceutique\\\/#breadcrumb\",\"itemListElement\":[{\"@type\":\"ListItem\",\"position\":1,\"name\":\"Accueil\",\"item\":\"https:\\\/\\\/gxp-training.com\\\/fr\\\/page-daccueil\\\/\"},{\"@type\":\"ListItem\",\"position\":2,\"name\":\"Produits\",\"item\":\"https:\\\/\\\/gxp-training.com\\\/fr\\\/shop\\\/\"},{\"@type\":\"ListItem\",\"position\":3,\"name\":\"ISO 9001:2015 : Syst\u00e8me de management de la qualit\u00e9 pour l\u2019industrie pharmaceutique\"}]},{\"@type\":\"WebSite\",\"@id\":\"https:\\\/\\\/gxp-training.com\\\/fr\\\/#website\",\"url\":\"https:\\\/\\\/gxp-training.com\\\/fr\\\/\",\"name\":\"GxP Training : Certified Online Courses for Life Sciences\",\"description\":\"Online Trainings and Certified Courses in Regulatory Compliance for Pharmaceutical Experts\",\"publisher\":{\"@id\":\"https:\\\/\\\/gxp-training.com\\\/fr\\\/#organization\"},\"potentialAction\":[{\"@type\":\"SearchAction\",\"target\":{\"@type\":\"EntryPoint\",\"urlTemplate\":\"https:\\\/\\\/gxp-training.com\\\/fr\\\/?s={search_term_string}\"},\"query-input\":{\"@type\":\"PropertyValueSpecification\",\"valueRequired\":true,\"valueName\":\"search_term_string\"}}],\"inLanguage\":\"fr-FR\"},{\"@type\":\"Organization\",\"@id\":\"https:\\\/\\\/gxp-training.com\\\/fr\\\/#organization\",\"name\":\"GXP Training\",\"url\":\"https:\\\/\\\/gxp-training.com\\\/fr\\\/\",\"logo\":{\"@type\":\"ImageObject\",\"inLanguage\":\"fr-FR\",\"@id\":\"https:\\\/\\\/gxp-training.com\\\/fr\\\/#\\\/schema\\\/logo\\\/image\\\/\",\"url\":\"https:\\\/\\\/gxp-training.com\\\/wp-content\\\/uploads\\\/2022\\\/05\\\/logo-resize.png\",\"contentUrl\":\"https:\\\/\\\/gxp-training.com\\\/wp-content\\\/uploads\\\/2022\\\/05\\\/logo-resize.png\",\"width\":350,\"height\":100,\"caption\":\"GXP Training\"},\"image\":{\"@id\":\"https:\\\/\\\/gxp-training.com\\\/fr\\\/#\\\/schema\\\/logo\\\/image\\\/\"}}]}<\/script>\n<!-- \/ Yoast SEO plugin. -->","yoast_head_json":{"title":"Cours certifiant sur le syst\u00e8me de management de la qualit\u00e9 pour l\u2019industrie pharmaceutique","description":"Apprenez \u00e0 mettre en \u0153uvre un syst\u00e8me de management de la qualit\u00e9 pour l\u2019industrie pharmaceutique. Acqu\u00e9rez des comp\u00e9tences cl\u00e9s pour assurer la conformit\u00e9 et obtenez une certification de formation.","robots":{"index":"index","follow":"follow","max-snippet":"max-snippet:-1","max-image-preview":"max-image-preview:large","max-video-preview":"max-video-preview:-1"},"canonical":"https:\/\/gxp-training.com\/fr\/online-course\/iso-90012015-systeme-de-management-de-la-qualite-pour-lindustrie-pharmaceutique\/","og_locale":"fr_FR","og_type":"article","og_title":"Cours certifiant sur le syst\u00e8me de management de la qualit\u00e9 pour l\u2019industrie pharmaceutique","og_description":"Apprenez \u00e0 mettre en \u0153uvre un syst\u00e8me de management de la qualit\u00e9 pour l\u2019industrie pharmaceutique. Acqu\u00e9rez des comp\u00e9tences cl\u00e9s pour assurer la conformit\u00e9 et obtenez une certification de formation.","og_url":"https:\/\/gxp-training.com\/fr\/online-course\/iso-90012015-systeme-de-management-de-la-qualite-pour-lindustrie-pharmaceutique\/","og_site_name":"GxP Training : Certified Online Courses for Life Sciences","og_image":[{"width":900,"height":627,"url":"https:\/\/gxp-training.com\/wp-content\/uploads\/2025\/01\/Quality-Management-Systems-ISO9001-1.png","type":"image\/png"}],"twitter_card":"summary_large_image","twitter_misc":{"Dur\u00e9e de lecture estim\u00e9e":"2 minutes"},"schema":{"@context":"https:\/\/schema.org","@graph":[{"@type":"WebPage","@id":"https:\/\/gxp-training.com\/fr\/online-course\/iso-90012015-systeme-de-management-de-la-qualite-pour-lindustrie-pharmaceutique\/","url":"https:\/\/gxp-training.com\/fr\/online-course\/iso-90012015-systeme-de-management-de-la-qualite-pour-lindustrie-pharmaceutique\/","name":"Cours certifiant sur le syst\u00e8me de management de la qualit\u00e9 pour l\u2019industrie pharmaceutique","isPartOf":{"@id":"https:\/\/gxp-training.com\/fr\/#website"},"primaryImageOfPage":{"@id":"https:\/\/gxp-training.com\/fr\/online-course\/iso-90012015-systeme-de-management-de-la-qualite-pour-lindustrie-pharmaceutique\/#primaryimage"},"image":{"@id":"https:\/\/gxp-training.com\/fr\/online-course\/iso-90012015-systeme-de-management-de-la-qualite-pour-lindustrie-pharmaceutique\/#primaryimage"},"thumbnailUrl":"https:\/\/gxp-training.com\/wp-content\/uploads\/2025\/01\/Quality-Management-Systems-ISO9001-1.png","datePublished":"2025-01-03T08:42:27+00:00","description":"Apprenez \u00e0 mettre en \u0153uvre un syst\u00e8me de management de la qualit\u00e9 pour l\u2019industrie pharmaceutique. Acqu\u00e9rez des comp\u00e9tences cl\u00e9s pour assurer la conformit\u00e9 et obtenez une certification de formation.","breadcrumb":{"@id":"https:\/\/gxp-training.com\/fr\/online-course\/iso-90012015-systeme-de-management-de-la-qualite-pour-lindustrie-pharmaceutique\/#breadcrumb"},"inLanguage":"fr-FR","potentialAction":[{"@type":"ReadAction","target":["https:\/\/gxp-training.com\/fr\/online-course\/iso-90012015-systeme-de-management-de-la-qualite-pour-lindustrie-pharmaceutique\/"]}]},{"@type":"ImageObject","inLanguage":"fr-FR","@id":"https:\/\/gxp-training.com\/fr\/online-course\/iso-90012015-systeme-de-management-de-la-qualite-pour-lindustrie-pharmaceutique\/#primaryimage","url":"https:\/\/gxp-training.com\/wp-content\/uploads\/2025\/01\/Quality-Management-Systems-ISO9001-1.png","contentUrl":"https:\/\/gxp-training.com\/wp-content\/uploads\/2025\/01\/Quality-Management-Systems-ISO9001-1.png","width":900,"height":627},{"@type":"BreadcrumbList","@id":"https:\/\/gxp-training.com\/fr\/online-course\/iso-90012015-systeme-de-management-de-la-qualite-pour-lindustrie-pharmaceutique\/#breadcrumb","itemListElement":[{"@type":"ListItem","position":1,"name":"Accueil","item":"https:\/\/gxp-training.com\/fr\/page-daccueil\/"},{"@type":"ListItem","position":2,"name":"Produits","item":"https:\/\/gxp-training.com\/fr\/shop\/"},{"@type":"ListItem","position":3,"name":"ISO 9001:2015 : Syst\u00e8me de management de la qualit\u00e9 pour l\u2019industrie pharmaceutique"}]},{"@type":"WebSite","@id":"https:\/\/gxp-training.com\/fr\/#website","url":"https:\/\/gxp-training.com\/fr\/","name":"GxP Training : Certified Online Courses for Life Sciences","description":"Online Trainings and Certified Courses in Regulatory Compliance for Pharmaceutical Experts","publisher":{"@id":"https:\/\/gxp-training.com\/fr\/#organization"},"potentialAction":[{"@type":"SearchAction","target":{"@type":"EntryPoint","urlTemplate":"https:\/\/gxp-training.com\/fr\/?s={search_term_string}"},"query-input":{"@type":"PropertyValueSpecification","valueRequired":true,"valueName":"search_term_string"}}],"inLanguage":"fr-FR"},{"@type":"Organization","@id":"https:\/\/gxp-training.com\/fr\/#organization","name":"GXP Training","url":"https:\/\/gxp-training.com\/fr\/","logo":{"@type":"ImageObject","inLanguage":"fr-FR","@id":"https:\/\/gxp-training.com\/fr\/#\/schema\/logo\/image\/","url":"https:\/\/gxp-training.com\/wp-content\/uploads\/2022\/05\/logo-resize.png","contentUrl":"https:\/\/gxp-training.com\/wp-content\/uploads\/2022\/05\/logo-resize.png","width":350,"height":100,"caption":"GXP Training"},"image":{"@id":"https:\/\/gxp-training.com\/fr\/#\/schema\/logo\/image\/"}}]}},"_links":{"self":[{"href":"https:\/\/gxp-training.com\/fr\/wp-json\/wp\/v2\/product\/58006","targetHints":{"allow":["GET"]}}],"collection":[{"href":"https:\/\/gxp-training.com\/fr\/wp-json\/wp\/v2\/product"}],"about":[{"href":"https:\/\/gxp-training.com\/fr\/wp-json\/wp\/v2\/types\/product"}],"wp:featuredmedia":[{"embeddable":true,"href":"https:\/\/gxp-training.com\/fr\/wp-json\/wp\/v2\/media\/50998"}],"wp:attachment":[{"href":"https:\/\/gxp-training.com\/fr\/wp-json\/wp\/v2\/media?parent=58006"}],"wp:term":[{"taxonomy":"product_brand","embeddable":true,"href":"https:\/\/gxp-training.com\/fr\/wp-json\/wp\/v2\/product_brand?post=58006"},{"taxonomy":"product_cat","embeddable":true,"href":"https:\/\/gxp-training.com\/fr\/wp-json\/wp\/v2\/product_cat?post=58006"},{"taxonomy":"product_tag","embeddable":true,"href":"https:\/\/gxp-training.com\/fr\/wp-json\/wp\/v2\/product_tag?post=58006"}],"curies":[{"name":"wp","href":"https:\/\/api.w.org\/{rel}","templated":true}]}}