{"id":57951,"date":"2025-07-06T10:47:50","date_gmt":"2025-07-06T08:47:50","guid":{"rendered":"https:\/\/gxp-training.com\/online-course\/cybersecurite-dans-les-sciences-de-la-vie-et-la-sante\/"},"modified":"2025-07-06T10:47:50","modified_gmt":"2025-07-06T08:47:50","slug":"cybersecurite-dans-les-sciences-de-la-vie-et-la-sante","status":"publish","type":"product","link":"https:\/\/gxp-training.com\/fr\/online-course\/cybersecurite-dans-les-sciences-de-la-vie-et-la-sante\/","title":{"rendered":"Cybers\u00e9curit\u00e9 dans les sciences de la vie et la sant\u00e9"},"content":{"rendered":"<p><span style=\"font-weight: 400;\">Explorez le r\u00f4le vital de la cybers\u00e9curit\u00e9 dans la protection des organisations des sciences de la vie contre les cyberattaques, les violations de donn\u00e9es et les risques r\u00e9glementaires. Ce cours propose des outils et des strat\u00e9gies pratiques pour prot\u00e9ger les <a href=\"https:\/\/gxp-training.com\/fr\/online-course\/gestion-des-donnees-cliniques\/\">donn\u00e9es<\/a> sensibles, assurer la conformit\u00e9 et maintenir l\u2019int\u00e9grit\u00e9 op\u00e9rationnelle.  <\/span><\/p>\n<p>&nbsp;<\/p>\n<p><b>Qui devrait s\u2019inscrire ?<\/b><\/p>\n<p><span style=\"font-weight: 400;\">Ce cours est id\u00e9al pour les professionnels de l\u2019informatique et de la cybers\u00e9curit\u00e9 dans les sciences de la vie, les sp\u00e9cialistes de l\u2019assurance qualit\u00e9 et de la conformit\u00e9, les d\u00e9l\u00e9gu\u00e9s \u00e0 la protection des donn\u00e9es, et les <a href=\"https:\/\/gxp-training.com\/fr\/online-course\/specialiste-des-affaires-reglementaires\/\">responsables des affaires r\u00e9glementaires<\/a>. Il b\u00e9n\u00e9ficie \u00e9galement aux responsables de laboratoires et d\u2019<a href=\"https:\/\/gxp-training.com\/fr\/online-course\/attache-de-recherche-clinique-arc\/\">essais cliniques<\/a> g\u00e9rant des donn\u00e9es sensibles, ainsi qu\u2019\u00e0 toute personne responsable de la s\u00e9curisation de l\u2019infrastructure num\u00e9rique dans les organisations pharmaceutiques et biotechnologiques. <\/span><\/p>\n<p>&nbsp;<\/p>\n<p><b>Sujets abord\u00e9s dans le cours :<\/b><\/p>\n<ul>\n<li style=\"font-weight: 400;\"><span style=\"font-weight: 400;\">Comprendre les risques et les vuln\u00e9rabilit\u00e9s de la cybers\u00e9curit\u00e9 dans les sciences de la vie.<\/span><\/li>\n<li style=\"font-weight: 400;\"><span style=\"font-weight: 400;\">Mettre en \u0153uvre des strat\u00e9gies de protection des donn\u00e9es pour la recherche sensible et les donn\u00e9es des patients.<\/span><\/li>\n<li style=\"font-weight: 400;\"><span style=\"font-weight: 400;\">Assurer la conformit\u00e9 avec des r\u00e9glementations telles que le <a href=\"https:\/\/gdpr-info.eu\/\">RGPD<\/a>, la <a href=\"https:\/\/www.hhs.gov\/hipaa\/index.html\">HIPAA<\/a> et les directives de la <a href=\"https:\/\/www.fda.gov\/\">FDA<\/a>.<\/span><\/li>\n<li style=\"font-weight: 400;\"><span style=\"font-weight: 400;\">Bonnes pratiques de cybers\u00e9curit\u00e9 pour les environnements de laboratoire et de fabrication.<\/span><\/li>\n<li style=\"font-weight: 400;\"><span style=\"font-weight: 400;\">R\u00e9pondre aux cyberincidents et s\u2019en remettre.<\/span><\/li>\n<\/ul>\n<p>&nbsp;<\/p>\n<p><span style=\"font-weight: 400;\">Ce cours complet offre un examen approfondi de la cybers\u00e9curit\u00e9, \u00e9lucidant les \u00e9l\u00e9ments essentiels des syst\u00e8mes de gestion de laboratoire dans un format hautement interactif. Chaque session int\u00e8gre des exemples concrets et des \u00e9valuations pour faciliter une exp\u00e9rience d\u2019apprentissage compl\u00e8te et appliqu\u00e9e. \u00c0 l\u2019issue de la formation, les participants recevront un certificat de formation en cybers\u00e9curit\u00e9 dans les sciences de la vie, reconnu mondialement et accr\u00e9dit\u00e9 par des cr\u00e9dits CPD\/CEU.   <\/span><\/p>\n<p>&nbsp;<\/p>\n<h3><b>Programme :<\/b><\/h3>\n<p><b>Vid\u00e9o d\u2019introduction<\/b><\/p>\n<p><b>Le\u00e7on 1 : Qu\u2019est-ce que la cybers\u00e9curit\u00e9<\/b><\/p>\n<p><b>Le\u00e7on 2 : S\u00e9curiser les appareils et les syst\u00e8mes<\/b><\/p>\n<ul>\n<li>Sensibilisation \u00e0 l\u2019ing\u00e9nierie sociale<\/li>\n<li>Dispositifs et r\u00e9seaux de s\u00e9curit\u00e9<\/li>\n<li>R\u00e9aliser des audits de s\u00e9curit\u00e9 et des \u00e9valuations de vuln\u00e9rabilit\u00e9 r\u00e9guliers<\/li>\n<\/ul>\n<p><b>Le\u00e7on 3 : Protection des donn\u00e9es et confidentialit\u00e9<\/b><\/p>\n<ul>\n<li>Strat\u00e9gies de protection des donn\u00e9es dans les sciences de la vie<\/li>\n<li>Conformit\u00e9 et r\u00e9glementations<\/li>\n<\/ul>\n<p><b>Le\u00e7on 4 : S\u00e9curiser les dispositifs m\u00e9dicaux et l\u2019IoT<\/b><\/p>\n<ul>\n<li>Vuln\u00e9rabilit\u00e9s courantes et bonnes pratiques pour la s\u00e9curisation des dispositifs m\u00e9dicaux<\/li>\n<li>Exigences r\u00e9glementaires pour la s\u00e9curit\u00e9 des dispositifs m\u00e9dicaux<\/li>\n<li>Mettre en \u0153uvre des cadres IoT s\u00e9curis\u00e9s<\/li>\n<li>\u00c9tudes de cas<\/li>\n<\/ul>\n<p><b>Conclusion<\/b><\/p>\n<p><b>\u00c9valuation<\/b><\/p>\n","protected":false},"excerpt":{"rendered":"<p>Explorez le r\u00f4le vital de la cybers\u00e9curit\u00e9 dans la protection des organisations des sciences de la vie contre les cyberattaques, les violations de donn\u00e9es et les risques r\u00e9glementaires. Ce cours propose des outils et des strat\u00e9gies pratiques pour prot\u00e9ger les donn\u00e9es sensibles, assurer la conformit\u00e9 et maintenir l\u2019int\u00e9grit\u00e9 op\u00e9rationnelle. &nbsp; Qui devrait s\u2019inscrire ? Ce [&hellip;]<\/p>\n","protected":false},"featured_media":52057,"template":"","meta":{"_acf_changed":false,"content-type":""},"product_brand":[],"product_cat":[260,261,256,262,259,263,258,264],"product_tag":[],"class_list":{"0":"post-57951","1":"product","2":"type-product","3":"status-publish","4":"has-post-thumbnail","6":"product_cat-alimentation-et-nutrition","7":"product_cat-cosmetiques","8":"product_cat-dispositifs-medicaux","9":"product_cat-hopitaux-et-etablissements-de-sante","10":"product_cat-laboratoires","11":"product_cat-organisme-de-recherche-sous-contrat-cro","12":"product_cat-pharmaceutique","13":"product_cat-transversal","15":"first","16":"instock","17":"taxable","18":"shipping-taxable","19":"purchasable","20":"product-type-subscription"},"bundled_by":[],"bundle_stock_status":"instock","bundle_stock_quantity":null,"bundle_virtual":false,"bundle_layout":"","bundle_add_to_cart_form_location":"","bundle_editable_in_cart":false,"bundle_sold_individually_context":"","bundle_item_grouping":"","bundle_min_size":"","bundle_max_size":"","bundle_price":[],"bundled_items":[],"bundle_sell_ids":[],"acf":[],"yoast_head":"<!-- This site is optimized with the Yoast SEO plugin v27.5 - https:\/\/yoast.com\/product\/yoast-seo-wordpress\/ -->\n<title>Cours certifi\u00e9 de cybers\u00e9curit\u00e9 pour les sciences de la vie et la sant\u00e9<\/title>\n<meta name=\"description\" content=\"Prot\u00e9gez les donn\u00e9es des sciences de la vie gr\u00e2ce \u00e0 une cybers\u00e9curit\u00e9 efficace. Pr\u00e9venez les violations, assurez la conformit\u00e9 et s\u00e9curisez les op\u00e9rations dans les industries pharmaceutiques et biotechnologiques.\" \/>\n<meta name=\"robots\" content=\"index, follow, max-snippet:-1, max-image-preview:large, max-video-preview:-1\" \/>\n<link rel=\"canonical\" href=\"https:\/\/gxp-training.com\/fr\/online-course\/cybersecurite-dans-les-sciences-de-la-vie-et-la-sante\/\" \/>\n<meta property=\"og:locale\" content=\"fr_FR\" \/>\n<meta property=\"og:type\" content=\"article\" \/>\n<meta property=\"og:title\" content=\"Cours certifi\u00e9 de cybers\u00e9curit\u00e9 pour les sciences de la vie et la sant\u00e9\" \/>\n<meta property=\"og:description\" content=\"Prot\u00e9gez les donn\u00e9es des sciences de la vie gr\u00e2ce \u00e0 une cybers\u00e9curit\u00e9 efficace. Pr\u00e9venez les violations, assurez la conformit\u00e9 et s\u00e9curisez les op\u00e9rations dans les industries pharmaceutiques et biotechnologiques.\" \/>\n<meta property=\"og:url\" content=\"https:\/\/gxp-training.com\/fr\/online-course\/cybersecurite-dans-les-sciences-de-la-vie-et-la-sante\/\" \/>\n<meta property=\"og:site_name\" content=\"GxP Training : Certified Online Courses for Life Sciences\" \/>\n<meta property=\"og:image\" content=\"https:\/\/gxp-training.com\/wp-content\/uploads\/2025\/07\/cybersecurity-in-life-sciences-and-healthcare.png\" \/>\n\t<meta property=\"og:image:width\" content=\"900\" \/>\n\t<meta property=\"og:image:height\" content=\"627\" \/>\n\t<meta property=\"og:image:type\" content=\"image\/png\" \/>\n<meta name=\"twitter:card\" content=\"summary_large_image\" \/>\n<meta name=\"twitter:label1\" content=\"Dur\u00e9e de lecture estim\u00e9e\" \/>\n\t<meta name=\"twitter:data1\" content=\"2 minutes\" \/>\n<script type=\"application\/ld+json\" class=\"yoast-schema-graph\">{\"@context\":\"https:\\\/\\\/schema.org\",\"@graph\":[{\"@type\":\"WebPage\",\"@id\":\"https:\\\/\\\/gxp-training.com\\\/fr\\\/online-course\\\/cybersecurite-dans-les-sciences-de-la-vie-et-la-sante\\\/\",\"url\":\"https:\\\/\\\/gxp-training.com\\\/fr\\\/online-course\\\/cybersecurite-dans-les-sciences-de-la-vie-et-la-sante\\\/\",\"name\":\"Cours certifi\u00e9 de cybers\u00e9curit\u00e9 pour les sciences de la vie et la sant\u00e9\",\"isPartOf\":{\"@id\":\"https:\\\/\\\/gxp-training.com\\\/fr\\\/#website\"},\"primaryImageOfPage\":{\"@id\":\"https:\\\/\\\/gxp-training.com\\\/fr\\\/online-course\\\/cybersecurite-dans-les-sciences-de-la-vie-et-la-sante\\\/#primaryimage\"},\"image\":{\"@id\":\"https:\\\/\\\/gxp-training.com\\\/fr\\\/online-course\\\/cybersecurite-dans-les-sciences-de-la-vie-et-la-sante\\\/#primaryimage\"},\"thumbnailUrl\":\"https:\\\/\\\/gxp-training.com\\\/wp-content\\\/uploads\\\/2025\\\/07\\\/cybersecurity-in-life-sciences-and-healthcare.png\",\"datePublished\":\"2025-07-06T08:47:50+00:00\",\"description\":\"Prot\u00e9gez les donn\u00e9es des sciences de la vie gr\u00e2ce \u00e0 une cybers\u00e9curit\u00e9 efficace. Pr\u00e9venez les violations, assurez la conformit\u00e9 et s\u00e9curisez les op\u00e9rations dans les industries pharmaceutiques et biotechnologiques.\",\"breadcrumb\":{\"@id\":\"https:\\\/\\\/gxp-training.com\\\/fr\\\/online-course\\\/cybersecurite-dans-les-sciences-de-la-vie-et-la-sante\\\/#breadcrumb\"},\"inLanguage\":\"fr-FR\",\"potentialAction\":[{\"@type\":\"ReadAction\",\"target\":[\"https:\\\/\\\/gxp-training.com\\\/fr\\\/online-course\\\/cybersecurite-dans-les-sciences-de-la-vie-et-la-sante\\\/\"]}]},{\"@type\":\"ImageObject\",\"inLanguage\":\"fr-FR\",\"@id\":\"https:\\\/\\\/gxp-training.com\\\/fr\\\/online-course\\\/cybersecurite-dans-les-sciences-de-la-vie-et-la-sante\\\/#primaryimage\",\"url\":\"https:\\\/\\\/gxp-training.com\\\/wp-content\\\/uploads\\\/2025\\\/07\\\/cybersecurity-in-life-sciences-and-healthcare.png\",\"contentUrl\":\"https:\\\/\\\/gxp-training.com\\\/wp-content\\\/uploads\\\/2025\\\/07\\\/cybersecurity-in-life-sciences-and-healthcare.png\",\"width\":900,\"height\":627},{\"@type\":\"BreadcrumbList\",\"@id\":\"https:\\\/\\\/gxp-training.com\\\/fr\\\/online-course\\\/cybersecurite-dans-les-sciences-de-la-vie-et-la-sante\\\/#breadcrumb\",\"itemListElement\":[{\"@type\":\"ListItem\",\"position\":1,\"name\":\"Accueil\",\"item\":\"https:\\\/\\\/gxp-training.com\\\/fr\\\/page-daccueil\\\/\"},{\"@type\":\"ListItem\",\"position\":2,\"name\":\"Produits\",\"item\":\"https:\\\/\\\/gxp-training.com\\\/fr\\\/shop\\\/\"},{\"@type\":\"ListItem\",\"position\":3,\"name\":\"Pharmaceutique\",\"item\":\"https:\\\/\\\/gxp-training.com\\\/fr\\\/gxp-courses\\\/pharmaceutique\\\/\"},{\"@type\":\"ListItem\",\"position\":4,\"name\":\"Cybers\u00e9curit\u00e9 dans les sciences de la vie et la sant\u00e9\"}]},{\"@type\":\"WebSite\",\"@id\":\"https:\\\/\\\/gxp-training.com\\\/fr\\\/#website\",\"url\":\"https:\\\/\\\/gxp-training.com\\\/fr\\\/\",\"name\":\"GxP Training : Certified Online Courses for Life Sciences\",\"description\":\"Online Trainings and Certified Courses in Regulatory Compliance for Pharmaceutical Experts\",\"publisher\":{\"@id\":\"https:\\\/\\\/gxp-training.com\\\/fr\\\/#organization\"},\"potentialAction\":[{\"@type\":\"SearchAction\",\"target\":{\"@type\":\"EntryPoint\",\"urlTemplate\":\"https:\\\/\\\/gxp-training.com\\\/fr\\\/?s={search_term_string}\"},\"query-input\":{\"@type\":\"PropertyValueSpecification\",\"valueRequired\":true,\"valueName\":\"search_term_string\"}}],\"inLanguage\":\"fr-FR\"},{\"@type\":\"Organization\",\"@id\":\"https:\\\/\\\/gxp-training.com\\\/fr\\\/#organization\",\"name\":\"GXP Training\",\"url\":\"https:\\\/\\\/gxp-training.com\\\/fr\\\/\",\"logo\":{\"@type\":\"ImageObject\",\"inLanguage\":\"fr-FR\",\"@id\":\"https:\\\/\\\/gxp-training.com\\\/fr\\\/#\\\/schema\\\/logo\\\/image\\\/\",\"url\":\"https:\\\/\\\/gxp-training.com\\\/wp-content\\\/uploads\\\/2022\\\/05\\\/logo-resize.png\",\"contentUrl\":\"https:\\\/\\\/gxp-training.com\\\/wp-content\\\/uploads\\\/2022\\\/05\\\/logo-resize.png\",\"width\":350,\"height\":100,\"caption\":\"GXP Training\"},\"image\":{\"@id\":\"https:\\\/\\\/gxp-training.com\\\/fr\\\/#\\\/schema\\\/logo\\\/image\\\/\"}}]}<\/script>\n<!-- \/ Yoast SEO plugin. -->","yoast_head_json":{"title":"Cours certifi\u00e9 de cybers\u00e9curit\u00e9 pour les sciences de la vie et la sant\u00e9","description":"Prot\u00e9gez les donn\u00e9es des sciences de la vie gr\u00e2ce \u00e0 une cybers\u00e9curit\u00e9 efficace. Pr\u00e9venez les violations, assurez la conformit\u00e9 et s\u00e9curisez les op\u00e9rations dans les industries pharmaceutiques et biotechnologiques.","robots":{"index":"index","follow":"follow","max-snippet":"max-snippet:-1","max-image-preview":"max-image-preview:large","max-video-preview":"max-video-preview:-1"},"canonical":"https:\/\/gxp-training.com\/fr\/online-course\/cybersecurite-dans-les-sciences-de-la-vie-et-la-sante\/","og_locale":"fr_FR","og_type":"article","og_title":"Cours certifi\u00e9 de cybers\u00e9curit\u00e9 pour les sciences de la vie et la sant\u00e9","og_description":"Prot\u00e9gez les donn\u00e9es des sciences de la vie gr\u00e2ce \u00e0 une cybers\u00e9curit\u00e9 efficace. Pr\u00e9venez les violations, assurez la conformit\u00e9 et s\u00e9curisez les op\u00e9rations dans les industries pharmaceutiques et biotechnologiques.","og_url":"https:\/\/gxp-training.com\/fr\/online-course\/cybersecurite-dans-les-sciences-de-la-vie-et-la-sante\/","og_site_name":"GxP Training : Certified Online Courses for Life Sciences","og_image":[{"width":900,"height":627,"url":"https:\/\/gxp-training.com\/wp-content\/uploads\/2025\/07\/cybersecurity-in-life-sciences-and-healthcare.png","type":"image\/png"}],"twitter_card":"summary_large_image","twitter_misc":{"Dur\u00e9e de lecture estim\u00e9e":"2 minutes"},"schema":{"@context":"https:\/\/schema.org","@graph":[{"@type":"WebPage","@id":"https:\/\/gxp-training.com\/fr\/online-course\/cybersecurite-dans-les-sciences-de-la-vie-et-la-sante\/","url":"https:\/\/gxp-training.com\/fr\/online-course\/cybersecurite-dans-les-sciences-de-la-vie-et-la-sante\/","name":"Cours certifi\u00e9 de cybers\u00e9curit\u00e9 pour les sciences de la vie et la sant\u00e9","isPartOf":{"@id":"https:\/\/gxp-training.com\/fr\/#website"},"primaryImageOfPage":{"@id":"https:\/\/gxp-training.com\/fr\/online-course\/cybersecurite-dans-les-sciences-de-la-vie-et-la-sante\/#primaryimage"},"image":{"@id":"https:\/\/gxp-training.com\/fr\/online-course\/cybersecurite-dans-les-sciences-de-la-vie-et-la-sante\/#primaryimage"},"thumbnailUrl":"https:\/\/gxp-training.com\/wp-content\/uploads\/2025\/07\/cybersecurity-in-life-sciences-and-healthcare.png","datePublished":"2025-07-06T08:47:50+00:00","description":"Prot\u00e9gez les donn\u00e9es des sciences de la vie gr\u00e2ce \u00e0 une cybers\u00e9curit\u00e9 efficace. Pr\u00e9venez les violations, assurez la conformit\u00e9 et s\u00e9curisez les op\u00e9rations dans les industries pharmaceutiques et biotechnologiques.","breadcrumb":{"@id":"https:\/\/gxp-training.com\/fr\/online-course\/cybersecurite-dans-les-sciences-de-la-vie-et-la-sante\/#breadcrumb"},"inLanguage":"fr-FR","potentialAction":[{"@type":"ReadAction","target":["https:\/\/gxp-training.com\/fr\/online-course\/cybersecurite-dans-les-sciences-de-la-vie-et-la-sante\/"]}]},{"@type":"ImageObject","inLanguage":"fr-FR","@id":"https:\/\/gxp-training.com\/fr\/online-course\/cybersecurite-dans-les-sciences-de-la-vie-et-la-sante\/#primaryimage","url":"https:\/\/gxp-training.com\/wp-content\/uploads\/2025\/07\/cybersecurity-in-life-sciences-and-healthcare.png","contentUrl":"https:\/\/gxp-training.com\/wp-content\/uploads\/2025\/07\/cybersecurity-in-life-sciences-and-healthcare.png","width":900,"height":627},{"@type":"BreadcrumbList","@id":"https:\/\/gxp-training.com\/fr\/online-course\/cybersecurite-dans-les-sciences-de-la-vie-et-la-sante\/#breadcrumb","itemListElement":[{"@type":"ListItem","position":1,"name":"Accueil","item":"https:\/\/gxp-training.com\/fr\/page-daccueil\/"},{"@type":"ListItem","position":2,"name":"Produits","item":"https:\/\/gxp-training.com\/fr\/shop\/"},{"@type":"ListItem","position":3,"name":"Pharmaceutique","item":"https:\/\/gxp-training.com\/fr\/gxp-courses\/pharmaceutique\/"},{"@type":"ListItem","position":4,"name":"Cybers\u00e9curit\u00e9 dans les sciences de la vie et la sant\u00e9"}]},{"@type":"WebSite","@id":"https:\/\/gxp-training.com\/fr\/#website","url":"https:\/\/gxp-training.com\/fr\/","name":"GxP Training : Certified Online Courses for Life Sciences","description":"Online Trainings and Certified Courses in Regulatory Compliance for Pharmaceutical Experts","publisher":{"@id":"https:\/\/gxp-training.com\/fr\/#organization"},"potentialAction":[{"@type":"SearchAction","target":{"@type":"EntryPoint","urlTemplate":"https:\/\/gxp-training.com\/fr\/?s={search_term_string}"},"query-input":{"@type":"PropertyValueSpecification","valueRequired":true,"valueName":"search_term_string"}}],"inLanguage":"fr-FR"},{"@type":"Organization","@id":"https:\/\/gxp-training.com\/fr\/#organization","name":"GXP Training","url":"https:\/\/gxp-training.com\/fr\/","logo":{"@type":"ImageObject","inLanguage":"fr-FR","@id":"https:\/\/gxp-training.com\/fr\/#\/schema\/logo\/image\/","url":"https:\/\/gxp-training.com\/wp-content\/uploads\/2022\/05\/logo-resize.png","contentUrl":"https:\/\/gxp-training.com\/wp-content\/uploads\/2022\/05\/logo-resize.png","width":350,"height":100,"caption":"GXP Training"},"image":{"@id":"https:\/\/gxp-training.com\/fr\/#\/schema\/logo\/image\/"}}]}},"_links":{"self":[{"href":"https:\/\/gxp-training.com\/fr\/wp-json\/wp\/v2\/product\/57951","targetHints":{"allow":["GET"]}}],"collection":[{"href":"https:\/\/gxp-training.com\/fr\/wp-json\/wp\/v2\/product"}],"about":[{"href":"https:\/\/gxp-training.com\/fr\/wp-json\/wp\/v2\/types\/product"}],"wp:featuredmedia":[{"embeddable":true,"href":"https:\/\/gxp-training.com\/fr\/wp-json\/wp\/v2\/media\/52057"}],"wp:attachment":[{"href":"https:\/\/gxp-training.com\/fr\/wp-json\/wp\/v2\/media?parent=57951"}],"wp:term":[{"taxonomy":"product_brand","embeddable":true,"href":"https:\/\/gxp-training.com\/fr\/wp-json\/wp\/v2\/product_brand?post=57951"},{"taxonomy":"product_cat","embeddable":true,"href":"https:\/\/gxp-training.com\/fr\/wp-json\/wp\/v2\/product_cat?post=57951"},{"taxonomy":"product_tag","embeddable":true,"href":"https:\/\/gxp-training.com\/fr\/wp-json\/wp\/v2\/product_tag?post=57951"}],"curies":[{"name":"wp","href":"https:\/\/api.w.org\/{rel}","templated":true}]}}