{"id":57947,"date":"2025-10-15T17:53:43","date_gmt":"2025-10-15T15:53:43","guid":{"rendered":"https:\/\/gxp-training.com\/online-course\/21-cfr-part-111-cgmp-des-complements-alimentaires\/"},"modified":"2025-10-15T17:53:43","modified_gmt":"2025-10-15T15:53:43","slug":"21-cfr-part-111-cgmp-des-complements-alimentaires","status":"publish","type":"product","link":"https:\/\/gxp-training.com\/fr\/online-course\/21-cfr-part-111-cgmp-des-complements-alimentaires\/","title":{"rendered":"21 CFR Part 111 : cGMP des compl\u00e9ments alimentaires"},"content":{"rendered":"<p>Si vous \u00eates responsable de la fabrication, de l\u2019emballage, de l\u2019\u00e9tiquetage ou de la distribution de compl\u00e9ments alimentaires, vous jouez un r\u00f4le cl\u00e9 dans la qualit\u00e9 des produits et la conformit\u00e9 r\u00e9glementaire. Ce cours a \u00e9t\u00e9 con\u00e7u pour les professionnels qui, comme vous, ont besoin d\u2019une compr\u00e9hension claire et pratique du <a href=\"https:\/\/www.ecfr.gov\/current\/title-21\/chapter-I\/subchapter-B\/part-111\">21 CFR Part 111<\/a> (cGMP pour les compl\u00e9ments alimentaires) et de son application op\u00e9rationnelle. <\/p>\n<p>D\u00e9velopp\u00e9 par des experts en sciences de la vie et en gestion de la qualit\u00e9, ce cours interactif combine exemples concrets, \u00e9tudes de cas et apprentissage par sc\u00e9narios pour rendre les r\u00e9glementations faciles \u00e0 comprendre et \u00e0 appliquer. Que vous travailliez dans la fabrication, l\u2019emballage, l\u2019\u00e9tiquetage ou le contr\u00f4le qualit\u00e9, vous acquerrez les connaissances et la confiance n\u00e9cessaires pour r\u00e9pondre aux attentes de la FDA et renforcer la conformit\u00e9 au sein de votre organisation. <\/p>\n<p>Ce cours couvre tous les aspects cl\u00e9s du 21 CFR Part 111 cGMP pour les compl\u00e9ments alimentaires, aidant les professionnels \u00e0 garantir la qualit\u00e9 des produits, la conformit\u00e9 et la pr\u00e9paration aux inspections.<\/p>\n<p><b>\u00c0 qui s\u2019adresse cette formation ?<\/b><\/p>\n<ul>\n<li>Sp\u00e9cialistes de l\u2019assurance qualit\u00e9 (AQ) et du contr\u00f4le qualit\u00e9 (CQ)<\/li>\n<li>Responsables des affaires r\u00e9glementaires et de la conformit\u00e9<\/li>\n<li>Responsables de production et des op\u00e9rations<\/li>\n<li>Superviseurs de l\u2019<a href=\"https:\/\/gxp-training.com\/online-course\/gmp-for-pharmaceutical-packaging-certified-course\/\">emballage<\/a> et de l\u2019\u00e9tiquetage<\/li>\n<li>Techniciens de <a href=\"https:\/\/gxp-training.com\/fr\/gxp-courses\/laboratoires\/\">laboratoire<\/a> et de proc\u00e9d\u00e9s<\/li>\n<li>Toute personne responsable de la qualit\u00e9 des produits et de la conformit\u00e9 FDA dans le secteur des compl\u00e9ments alimentaires<\/li>\n<\/ul>\n<p><b>Qu\u2019allez-vous apprendre ?<\/b><\/p>\n<ul>\n<li>Comprendre le champ d\u2019application et l\u2019applicabilit\u00e9 r\u00e9glementaire du 21 CFR Part 111<\/li>\n<li>Mettre en \u0153uvre les exigences cGMP pour le personnel, les installations, l\u2019\u00e9quipement et les op\u00e9rations<\/li>\n<li>D\u00e9velopper et maintenir des syst\u00e8mes efficaces de contr\u00f4le de la production et des proc\u00e9d\u00e9s<\/li>\n<li>Garantir des pratiques d\u2019emballage, d\u2019\u00e9tiquetage et de documentation conformes<\/li>\n<li>G\u00e9rer le stockage, la distribution, les retours et les r\u00e9clamations relatifs aux compl\u00e9ments alimentaires<\/li>\n<\/ul>\n<p>&nbsp;<\/p>\n<p>\u00c0 l\u2019issue de ce cours, les apprenants poss\u00e9deront les connaissances et la confiance n\u00e9cessaires pour garantir que les op\u00e9rations li\u00e9es aux compl\u00e9ments alimentaires sont pleinement conformes au 21 CFR Part 111. Apr\u00e8s avoir r\u00e9ussi l\u2019\u00e9valuation, vous recevrez un certificat valid\u00e9, accr\u00e9dit\u00e9 par des cr\u00e9dits CPD\/CEU et reconnu par les auditeurs. <\/p>\n<p>&nbsp;<\/p>\n<h3>Programme<\/h3>\n<p>&nbsp;<\/p>\n<p><strong>Introduction<\/strong><\/p>\n<p><strong>Le\u00e7on 1 : Dispositions g\u00e9n\u00e9rales<\/strong><\/p>\n<p><strong>Le\u00e7on 2 : Exigences relatives au personnel<\/strong><\/p>\n<p><strong>Le\u00e7on 3 : Installations physiques et terrains <\/strong><\/p>\n<p><strong>Le\u00e7on 4 : \u00c9quipements et ustensiles <\/strong><\/p>\n<p><strong>Le\u00e7on 5 : \u00c9tablissement du syst\u00e8me de contr\u00f4le de la production et des proc\u00e9d\u00e9s<\/strong><\/p>\n<p><strong>Le\u00e7on 6 : Gestion de l\u2019emballage, de l\u2019\u00e9tiquetage et de la documentation des op\u00e9rations <\/strong><\/p>\n<p><strong>Le\u00e7on 7 : Sous-parties J, K et L <\/strong><\/p>\n<p><strong>Le\u00e7on 8 : Stockage et distribution <\/strong><\/p>\n<p><strong>Le\u00e7on 9 : Retours de compl\u00e9ments alimentaires <\/strong><\/p>\n<p><strong>Le\u00e7on 10 : R\u00e9clamations produits <\/strong><\/p>\n<p><strong>Glossaire<\/strong><\/p>\n<p><strong>Conclusion<\/strong><\/p>\n<p><strong>Quiz<\/strong><\/p>\n","protected":false},"excerpt":{"rendered":"<p>Si vous \u00eates responsable de la fabrication, de l\u2019emballage, de l\u2019\u00e9tiquetage ou de la distribution de compl\u00e9ments alimentaires, vous jouez un r\u00f4le cl\u00e9 dans la qualit\u00e9 des produits et la conformit\u00e9 r\u00e9glementaire. Ce cours a \u00e9t\u00e9 con\u00e7u pour les professionnels qui, comme vous, ont besoin d\u2019une compr\u00e9hension claire et pratique du 21 CFR Part 111 [&hellip;]<\/p>\n","protected":false},"featured_media":52848,"template":"","meta":{"_acf_changed":false,"content-type":""},"product_brand":[],"product_cat":[260,254],"product_tag":[],"class_list":{"0":"post-57947","1":"product","2":"type-product","3":"status-publish","4":"has-post-thumbnail","6":"product_cat-alimentation-et-nutrition","7":"product_cat-bpf-bonnes-pratiques-de-fabrication","9":"first","10":"instock","11":"taxable","12":"shipping-taxable","13":"purchasable","14":"product-type-simple"},"bundled_by":[],"bundle_stock_status":"instock","bundle_stock_quantity":null,"bundle_virtual":false,"bundle_layout":"","bundle_add_to_cart_form_location":"","bundle_editable_in_cart":false,"bundle_sold_individually_context":"","bundle_item_grouping":"","bundle_min_size":"","bundle_max_size":"","bundle_price":[],"bundled_items":[],"bundle_sell_ids":[],"acf":[],"yoast_head":"<!-- This site is optimized with the Yoast SEO plugin v27.5 - https:\/\/yoast.com\/product\/yoast-seo-wordpress\/ -->\n<title>Formation certifiante - 21 CFR Part 111 cGMP compl\u00e9ments alimentaires<\/title>\n<meta name=\"description\" content=\"Apprenez les exigences 21 CFR Part 111 cGMP pour les compl\u00e9ments alimentaires. Ma\u00eetrisez la conformit\u00e9 FDA en fabrication, emballage et \u00e9tiquetage. Certifiez-vous d\u00e8s maintenant.\" \/>\n<meta name=\"robots\" content=\"index, follow, max-snippet:-1, max-image-preview:large, max-video-preview:-1\" \/>\n<link rel=\"canonical\" href=\"https:\/\/gxp-training.com\/fr\/online-course\/21-cfr-part-111-cgmp-des-complements-alimentaires\/\" \/>\n<meta property=\"og:locale\" content=\"fr_FR\" \/>\n<meta property=\"og:type\" content=\"article\" \/>\n<meta property=\"og:title\" content=\"Formation certifiante - 21 CFR Part 111 cGMP compl\u00e9ments alimentaires\" \/>\n<meta property=\"og:description\" content=\"Apprenez les exigences 21 CFR Part 111 cGMP pour les compl\u00e9ments alimentaires. Ma\u00eetrisez la conformit\u00e9 FDA en fabrication, emballage et \u00e9tiquetage. Certifiez-vous d\u00e8s maintenant.\" \/>\n<meta property=\"og:url\" content=\"https:\/\/gxp-training.com\/fr\/online-course\/21-cfr-part-111-cgmp-des-complements-alimentaires\/\" \/>\n<meta property=\"og:site_name\" content=\"GxP Training : Certified Online Courses for Life Sciences\" \/>\n<meta property=\"og:image\" content=\"https:\/\/gxp-training.com\/wp-content\/uploads\/2025\/10\/21-cfr-111.png\" \/>\n\t<meta property=\"og:image:width\" content=\"900\" \/>\n\t<meta property=\"og:image:height\" content=\"627\" \/>\n\t<meta property=\"og:image:type\" content=\"image\/png\" \/>\n<meta name=\"twitter:card\" content=\"summary_large_image\" \/>\n<meta name=\"twitter:label1\" content=\"Dur\u00e9e de lecture estim\u00e9e\" \/>\n\t<meta name=\"twitter:data1\" content=\"2 minutes\" \/>\n<script type=\"application\/ld+json\" class=\"yoast-schema-graph\">{\"@context\":\"https:\\\/\\\/schema.org\",\"@graph\":[{\"@type\":\"WebPage\",\"@id\":\"https:\\\/\\\/gxp-training.com\\\/fr\\\/online-course\\\/21-cfr-part-111-cgmp-des-complements-alimentaires\\\/\",\"url\":\"https:\\\/\\\/gxp-training.com\\\/fr\\\/online-course\\\/21-cfr-part-111-cgmp-des-complements-alimentaires\\\/\",\"name\":\"Formation certifiante - 21 CFR Part 111 cGMP compl\u00e9ments alimentaires\",\"isPartOf\":{\"@id\":\"https:\\\/\\\/gxp-training.com\\\/fr\\\/#website\"},\"primaryImageOfPage\":{\"@id\":\"https:\\\/\\\/gxp-training.com\\\/fr\\\/online-course\\\/21-cfr-part-111-cgmp-des-complements-alimentaires\\\/#primaryimage\"},\"image\":{\"@id\":\"https:\\\/\\\/gxp-training.com\\\/fr\\\/online-course\\\/21-cfr-part-111-cgmp-des-complements-alimentaires\\\/#primaryimage\"},\"thumbnailUrl\":\"https:\\\/\\\/gxp-training.com\\\/wp-content\\\/uploads\\\/2025\\\/10\\\/21-cfr-111.png\",\"datePublished\":\"2025-10-15T15:53:43+00:00\",\"description\":\"Apprenez les exigences 21 CFR Part 111 cGMP pour les compl\u00e9ments alimentaires. Ma\u00eetrisez la conformit\u00e9 FDA en fabrication, emballage et \u00e9tiquetage. Certifiez-vous d\u00e8s maintenant.\",\"breadcrumb\":{\"@id\":\"https:\\\/\\\/gxp-training.com\\\/fr\\\/online-course\\\/21-cfr-part-111-cgmp-des-complements-alimentaires\\\/#breadcrumb\"},\"inLanguage\":\"fr-FR\",\"potentialAction\":[{\"@type\":\"ReadAction\",\"target\":[\"https:\\\/\\\/gxp-training.com\\\/fr\\\/online-course\\\/21-cfr-part-111-cgmp-des-complements-alimentaires\\\/\"]}]},{\"@type\":\"ImageObject\",\"inLanguage\":\"fr-FR\",\"@id\":\"https:\\\/\\\/gxp-training.com\\\/fr\\\/online-course\\\/21-cfr-part-111-cgmp-des-complements-alimentaires\\\/#primaryimage\",\"url\":\"https:\\\/\\\/gxp-training.com\\\/wp-content\\\/uploads\\\/2025\\\/10\\\/21-cfr-111.png\",\"contentUrl\":\"https:\\\/\\\/gxp-training.com\\\/wp-content\\\/uploads\\\/2025\\\/10\\\/21-cfr-111.png\",\"width\":900,\"height\":627,\"caption\":\"21 CFR Part 111\"},{\"@type\":\"BreadcrumbList\",\"@id\":\"https:\\\/\\\/gxp-training.com\\\/fr\\\/online-course\\\/21-cfr-part-111-cgmp-des-complements-alimentaires\\\/#breadcrumb\",\"itemListElement\":[{\"@type\":\"ListItem\",\"position\":1,\"name\":\"Accueil\",\"item\":\"https:\\\/\\\/gxp-training.com\\\/fr\\\/page-daccueil\\\/\"},{\"@type\":\"ListItem\",\"position\":2,\"name\":\"Produits\",\"item\":\"https:\\\/\\\/gxp-training.com\\\/fr\\\/shop\\\/\"},{\"@type\":\"ListItem\",\"position\":3,\"name\":\"21 CFR Part 111 : cGMP des compl\u00e9ments alimentaires\"}]},{\"@type\":\"WebSite\",\"@id\":\"https:\\\/\\\/gxp-training.com\\\/fr\\\/#website\",\"url\":\"https:\\\/\\\/gxp-training.com\\\/fr\\\/\",\"name\":\"GxP Training : Certified Online Courses for Life Sciences\",\"description\":\"Online Trainings and Certified Courses in Regulatory Compliance for Pharmaceutical Experts\",\"publisher\":{\"@id\":\"https:\\\/\\\/gxp-training.com\\\/fr\\\/#organization\"},\"potentialAction\":[{\"@type\":\"SearchAction\",\"target\":{\"@type\":\"EntryPoint\",\"urlTemplate\":\"https:\\\/\\\/gxp-training.com\\\/fr\\\/?s={search_term_string}\"},\"query-input\":{\"@type\":\"PropertyValueSpecification\",\"valueRequired\":true,\"valueName\":\"search_term_string\"}}],\"inLanguage\":\"fr-FR\"},{\"@type\":\"Organization\",\"@id\":\"https:\\\/\\\/gxp-training.com\\\/fr\\\/#organization\",\"name\":\"GXP Training\",\"url\":\"https:\\\/\\\/gxp-training.com\\\/fr\\\/\",\"logo\":{\"@type\":\"ImageObject\",\"inLanguage\":\"fr-FR\",\"@id\":\"https:\\\/\\\/gxp-training.com\\\/fr\\\/#\\\/schema\\\/logo\\\/image\\\/\",\"url\":\"https:\\\/\\\/gxp-training.com\\\/wp-content\\\/uploads\\\/2022\\\/05\\\/logo-resize.png\",\"contentUrl\":\"https:\\\/\\\/gxp-training.com\\\/wp-content\\\/uploads\\\/2022\\\/05\\\/logo-resize.png\",\"width\":350,\"height\":100,\"caption\":\"GXP Training\"},\"image\":{\"@id\":\"https:\\\/\\\/gxp-training.com\\\/fr\\\/#\\\/schema\\\/logo\\\/image\\\/\"}}]}<\/script>\n<!-- \/ Yoast SEO plugin. -->","yoast_head_json":{"title":"Formation certifiante - 21 CFR Part 111 cGMP compl\u00e9ments alimentaires","description":"Apprenez les exigences 21 CFR Part 111 cGMP pour les compl\u00e9ments alimentaires. Ma\u00eetrisez la conformit\u00e9 FDA en fabrication, emballage et \u00e9tiquetage. Certifiez-vous d\u00e8s maintenant.","robots":{"index":"index","follow":"follow","max-snippet":"max-snippet:-1","max-image-preview":"max-image-preview:large","max-video-preview":"max-video-preview:-1"},"canonical":"https:\/\/gxp-training.com\/fr\/online-course\/21-cfr-part-111-cgmp-des-complements-alimentaires\/","og_locale":"fr_FR","og_type":"article","og_title":"Formation certifiante - 21 CFR Part 111 cGMP compl\u00e9ments alimentaires","og_description":"Apprenez les exigences 21 CFR Part 111 cGMP pour les compl\u00e9ments alimentaires. Ma\u00eetrisez la conformit\u00e9 FDA en fabrication, emballage et \u00e9tiquetage. Certifiez-vous d\u00e8s maintenant.","og_url":"https:\/\/gxp-training.com\/fr\/online-course\/21-cfr-part-111-cgmp-des-complements-alimentaires\/","og_site_name":"GxP Training : Certified Online Courses for Life Sciences","og_image":[{"width":900,"height":627,"url":"https:\/\/gxp-training.com\/wp-content\/uploads\/2025\/10\/21-cfr-111.png","type":"image\/png"}],"twitter_card":"summary_large_image","twitter_misc":{"Dur\u00e9e de lecture estim\u00e9e":"2 minutes"},"schema":{"@context":"https:\/\/schema.org","@graph":[{"@type":"WebPage","@id":"https:\/\/gxp-training.com\/fr\/online-course\/21-cfr-part-111-cgmp-des-complements-alimentaires\/","url":"https:\/\/gxp-training.com\/fr\/online-course\/21-cfr-part-111-cgmp-des-complements-alimentaires\/","name":"Formation certifiante - 21 CFR Part 111 cGMP compl\u00e9ments alimentaires","isPartOf":{"@id":"https:\/\/gxp-training.com\/fr\/#website"},"primaryImageOfPage":{"@id":"https:\/\/gxp-training.com\/fr\/online-course\/21-cfr-part-111-cgmp-des-complements-alimentaires\/#primaryimage"},"image":{"@id":"https:\/\/gxp-training.com\/fr\/online-course\/21-cfr-part-111-cgmp-des-complements-alimentaires\/#primaryimage"},"thumbnailUrl":"https:\/\/gxp-training.com\/wp-content\/uploads\/2025\/10\/21-cfr-111.png","datePublished":"2025-10-15T15:53:43+00:00","description":"Apprenez les exigences 21 CFR Part 111 cGMP pour les compl\u00e9ments alimentaires. Ma\u00eetrisez la conformit\u00e9 FDA en fabrication, emballage et \u00e9tiquetage. Certifiez-vous d\u00e8s maintenant.","breadcrumb":{"@id":"https:\/\/gxp-training.com\/fr\/online-course\/21-cfr-part-111-cgmp-des-complements-alimentaires\/#breadcrumb"},"inLanguage":"fr-FR","potentialAction":[{"@type":"ReadAction","target":["https:\/\/gxp-training.com\/fr\/online-course\/21-cfr-part-111-cgmp-des-complements-alimentaires\/"]}]},{"@type":"ImageObject","inLanguage":"fr-FR","@id":"https:\/\/gxp-training.com\/fr\/online-course\/21-cfr-part-111-cgmp-des-complements-alimentaires\/#primaryimage","url":"https:\/\/gxp-training.com\/wp-content\/uploads\/2025\/10\/21-cfr-111.png","contentUrl":"https:\/\/gxp-training.com\/wp-content\/uploads\/2025\/10\/21-cfr-111.png","width":900,"height":627,"caption":"21 CFR Part 111"},{"@type":"BreadcrumbList","@id":"https:\/\/gxp-training.com\/fr\/online-course\/21-cfr-part-111-cgmp-des-complements-alimentaires\/#breadcrumb","itemListElement":[{"@type":"ListItem","position":1,"name":"Accueil","item":"https:\/\/gxp-training.com\/fr\/page-daccueil\/"},{"@type":"ListItem","position":2,"name":"Produits","item":"https:\/\/gxp-training.com\/fr\/shop\/"},{"@type":"ListItem","position":3,"name":"21 CFR Part 111 : cGMP des compl\u00e9ments alimentaires"}]},{"@type":"WebSite","@id":"https:\/\/gxp-training.com\/fr\/#website","url":"https:\/\/gxp-training.com\/fr\/","name":"GxP Training : Certified Online Courses for Life Sciences","description":"Online Trainings and Certified Courses in Regulatory Compliance for Pharmaceutical Experts","publisher":{"@id":"https:\/\/gxp-training.com\/fr\/#organization"},"potentialAction":[{"@type":"SearchAction","target":{"@type":"EntryPoint","urlTemplate":"https:\/\/gxp-training.com\/fr\/?s={search_term_string}"},"query-input":{"@type":"PropertyValueSpecification","valueRequired":true,"valueName":"search_term_string"}}],"inLanguage":"fr-FR"},{"@type":"Organization","@id":"https:\/\/gxp-training.com\/fr\/#organization","name":"GXP Training","url":"https:\/\/gxp-training.com\/fr\/","logo":{"@type":"ImageObject","inLanguage":"fr-FR","@id":"https:\/\/gxp-training.com\/fr\/#\/schema\/logo\/image\/","url":"https:\/\/gxp-training.com\/wp-content\/uploads\/2022\/05\/logo-resize.png","contentUrl":"https:\/\/gxp-training.com\/wp-content\/uploads\/2022\/05\/logo-resize.png","width":350,"height":100,"caption":"GXP Training"},"image":{"@id":"https:\/\/gxp-training.com\/fr\/#\/schema\/logo\/image\/"}}]}},"_links":{"self":[{"href":"https:\/\/gxp-training.com\/fr\/wp-json\/wp\/v2\/product\/57947","targetHints":{"allow":["GET"]}}],"collection":[{"href":"https:\/\/gxp-training.com\/fr\/wp-json\/wp\/v2\/product"}],"about":[{"href":"https:\/\/gxp-training.com\/fr\/wp-json\/wp\/v2\/types\/product"}],"wp:featuredmedia":[{"embeddable":true,"href":"https:\/\/gxp-training.com\/fr\/wp-json\/wp\/v2\/media\/52848"}],"wp:attachment":[{"href":"https:\/\/gxp-training.com\/fr\/wp-json\/wp\/v2\/media?parent=57947"}],"wp:term":[{"taxonomy":"product_brand","embeddable":true,"href":"https:\/\/gxp-training.com\/fr\/wp-json\/wp\/v2\/product_brand?post=57947"},{"taxonomy":"product_cat","embeddable":true,"href":"https:\/\/gxp-training.com\/fr\/wp-json\/wp\/v2\/product_cat?post=57947"},{"taxonomy":"product_tag","embeddable":true,"href":"https:\/\/gxp-training.com\/fr\/wp-json\/wp\/v2\/product_tag?post=57947"}],"curies":[{"name":"wp","href":"https:\/\/api.w.org\/{rel}","templated":true}]}}