{"id":57933,"date":"2025-01-06T12:19:40","date_gmt":"2025-01-06T12:19:40","guid":{"rendered":"https:\/\/gxp-training.com\/online-course\/reglement-general-sur-la-protection-des-donnees-rgpd-pour-lindustrie-pharmaceutique-et-les-essais-cliniques\/"},"modified":"2025-01-06T12:19:40","modified_gmt":"2025-01-06T11:19:40","slug":"reglement-general-sur-la-protection-des-donnees-rgpd-pour-lindustrie-pharmaceutique-et-les-essais-cliniques","status":"publish","type":"product","link":"https:\/\/gxp-training.com\/fr\/online-course\/reglement-general-sur-la-protection-des-donnees-rgpd-pour-lindustrie-pharmaceutique-et-les-essais-cliniques\/","title":{"rendered":"R\u00e8glement g\u00e9n\u00e9ral sur la protection des donn\u00e9es (RGPD) pour l\u2019industrie pharmaceutique et les essais cliniques"},"content":{"rendered":"<p>Les organisations des sciences de la vie manipulent certaines des donn\u00e9es personnelles les plus sensibles au monde, rendant la conformit\u00e9 au <a href=\"https:\/\/gdpr-info.eu\/\">RGPD<\/a> essentielle pour <a href=\"https:\/\/gxp-training.com\/fr\/online-course\/gestion-des-donnees-cliniques\/\">prot\u00e9ger la vie priv\u00e9e des patients<\/a>, maintenir la confiance et \u00e9viter de lourdes sanctions r\u00e9glementaires. Les <a href=\"https:\/\/gxp-training.com\/fr\/online-course\/attache-de-recherche-clinique-arc\/\">essais cliniques<\/a>, les activit\u00e9s de <a href=\"https:\/\/gxp-training.com\/fr\/gxp-courses\/pharmacovigilance\/\">pharmacovigilance<\/a> et les collaborations de recherche mondiales n\u00e9cessitent tous une compr\u00e9hension claire de l\u2019application du RGPD aux <a href=\"https:\/\/gxp-training.com\/fr\/online-course\/integrite-des-donnees-pharmaceutiques-alcoa-et-alcoa\/\">donn\u00e9es de sant\u00e9<\/a>.<\/p>\n<p>Une fois la formation r\u00e9ussie, les participants re\u00e7oivent un <strong>certificat de formation GxP t\u00e9l\u00e9chargeable et reconnu internationalement, accr\u00e9dit\u00e9 par des cr\u00e9dits CPD\/CEU<\/strong>, id\u00e9al pour les dossiers professionnels et RH.<br \/>\n&nbsp;<br \/>\n<strong>\u00c0 qui s\u2019adresse cette formation ?<\/strong><br \/>\nCe cours est id\u00e9al pour les d\u00e9l\u00e9gu\u00e9s \u00e0 la protection des donn\u00e9es, les responsables de la conformit\u00e9 et les professionnels de la recherche clinique <a href=\"https:\/\/gxp-training.com\/fr\/online-course\/gestion-des-donnees-cliniques\/\">g\u00e9rant des donn\u00e9es de patients<\/a>. Il profite \u00e9galement aux sp\u00e9cialistes des affaires r\u00e9glementaires, au personnel d\u2019assurance qualit\u00e9 et aux professionnels de la pharmacie ou des biotechnologies manipulant des donn\u00e9es sensibles, garantissant la conformit\u00e9 au RGPD au sein des organisations des sciences de la vie.<br \/>\n&nbsp;<br \/>\n<strong>Ce que vous apprendrez<\/strong><\/p>\n<ul>\n<li>Appliquer les principes du RGPD \u00e0 la <a href=\"https:\/\/gxp-training.com\/fr\/gxp-courses\/bpc-essais-cliniques\/\">recherche clinique<\/a> et aux op\u00e9rations pharmaceutiques<\/li>\n<li>Comprendre les responsabilit\u00e9s du responsable du traitement par rapport au sous-traitant<\/li>\n<li>G\u00e9rer et documenter le consentement conforme au RGPD<\/li>\n<li>Respecter les droits des personnes concern\u00e9es tout au long du cycle de vie de l\u2019essai<\/li>\n<li>R\u00e9aliser des analyses d\u2019impact relatives \u00e0 la protection des donn\u00e9es (AIPD) efficaces<\/li>\n<li>G\u00e9rer les transferts de donn\u00e9es cliniques de l\u2019UE vers les \u00c9tats-Unis<\/li>\n<\/ul>\n<p>&nbsp;<\/p>\n<h3><b>Programme :<\/b><\/h3>\n<p><b>Vid\u00e9o d\u2019introduction<\/b><\/p>\n<p><b>Le\u00e7on 1 : Les donn\u00e9es personnelles dans la recherche clinique<\/b><\/p>\n<p><b>Le\u00e7on 2 : Les responsables du traitement dans la protection des donn\u00e9es cliniques<\/b><\/p>\n<p><b>Le\u00e7on 3 : Les sous-traitants dans la protection des donn\u00e9es cliniques<\/b><\/p>\n<p><b>Le\u00e7on 4 : Le consentement<\/b><\/p>\n<p><b>Le\u00e7on 5 : Droits des personnes concern\u00e9es<\/b><\/p>\n<p><b>Le\u00e7on 6 : Analyse d\u2019impact relative \u00e0 la protection des donn\u00e9es (AIPD)<\/b><\/p>\n<p><b>Le\u00e7on 7 : Gestion des transferts internationaux de donn\u00e9es cliniques<\/b><\/p>\n<p><b>Conclusion<\/b><\/p>\n<p><b>\u00c9valuation<\/b><\/p>\n","protected":false},"excerpt":{"rendered":"<p>Les organisations des sciences de la vie manipulent certaines des donn\u00e9es personnelles les plus sensibles au monde, rendant la conformit\u00e9 au RGPD essentielle pour prot\u00e9ger la vie priv\u00e9e des patients, maintenir la confiance et \u00e9viter de lourdes sanctions r\u00e9glementaires. Les essais cliniques, les activit\u00e9s de pharmacovigilance et les collaborations de recherche mondiales n\u00e9cessitent tous une [&hellip;]<\/p>\n","protected":false},"featured_media":48899,"template":"","meta":{"_acf_changed":false,"content-type":""},"product_brand":[],"product_cat":[274,277,262],"product_tag":[],"class_list":{"0":"post-57933","1":"product","2":"type-product","3":"status-publish","4":"has-post-thumbnail","6":"product_cat-bpc-essais-cliniques","7":"product_cat-bpl-bonnes-pratiques-de-laboratoire","8":"product_cat-hopitaux-et-etablissements-de-sante","10":"first","11":"instock","12":"taxable","13":"shipping-taxable","14":"purchasable","15":"product-type-subscription"},"bundled_by":[],"bundle_stock_status":"instock","bundle_stock_quantity":null,"bundle_virtual":false,"bundle_layout":"","bundle_add_to_cart_form_location":"","bundle_editable_in_cart":false,"bundle_sold_individually_context":"","bundle_item_grouping":"","bundle_min_size":"","bundle_max_size":"","bundle_price":[],"bundled_items":[],"bundle_sell_ids":[],"acf":[],"yoast_head":"<!-- This site is optimized with the Yoast SEO plugin v27.5 - https:\/\/yoast.com\/product\/yoast-seo-wordpress\/ -->\n<title>Formation certifiante RGPD pour les sciences de la vie et les essais cliniques<\/title>\n<meta name=\"description\" content=\"Commencez votre formation certifi\u00e9e RGPD pour les sciences de la vie. Assurez la conformit\u00e9 au RGPD et prot\u00e9gez les donn\u00e9es personnelles dans les essais cliniques. Obtenez une certification CPD\/CEU.\" \/>\n<meta name=\"robots\" content=\"index, follow, max-snippet:-1, max-image-preview:large, max-video-preview:-1\" \/>\n<link rel=\"canonical\" href=\"https:\/\/gxp-training.com\/fr\/online-course\/reglement-general-sur-la-protection-des-donnees-rgpd-pour-lindustrie-pharmaceutique-et-les-essais-cliniques\/\" \/>\n<meta property=\"og:locale\" content=\"fr_FR\" \/>\n<meta property=\"og:type\" content=\"article\" \/>\n<meta property=\"og:title\" content=\"Formation certifiante RGPD pour les sciences de la vie et les essais cliniques\" \/>\n<meta property=\"og:description\" content=\"Commencez votre formation certifi\u00e9e RGPD pour les sciences de la vie. Assurez la conformit\u00e9 au RGPD et prot\u00e9gez les donn\u00e9es personnelles dans les essais cliniques. Obtenez une certification CPD\/CEU.\" \/>\n<meta property=\"og:url\" content=\"https:\/\/gxp-training.com\/fr\/online-course\/reglement-general-sur-la-protection-des-donnees-rgpd-pour-lindustrie-pharmaceutique-et-les-essais-cliniques\/\" \/>\n<meta property=\"og:site_name\" content=\"GxP Training : Certified Online Courses for Life Sciences\" \/>\n<meta property=\"og:image\" content=\"https:\/\/gxp-training.com\/wp-content\/uploads\/2025\/01\/GDPR.png\" \/>\n\t<meta property=\"og:image:width\" content=\"900\" \/>\n\t<meta property=\"og:image:height\" content=\"627\" \/>\n\t<meta property=\"og:image:type\" content=\"image\/png\" \/>\n<meta name=\"twitter:card\" content=\"summary_large_image\" \/>\n<meta name=\"twitter:label1\" content=\"Dur\u00e9e de lecture estim\u00e9e\" \/>\n\t<meta name=\"twitter:data1\" content=\"2 minutes\" \/>\n<script type=\"application\/ld+json\" class=\"yoast-schema-graph\">{\"@context\":\"https:\\\/\\\/schema.org\",\"@graph\":[{\"@type\":\"WebPage\",\"@id\":\"https:\\\/\\\/gxp-training.com\\\/fr\\\/online-course\\\/reglement-general-sur-la-protection-des-donnees-rgpd-pour-lindustrie-pharmaceutique-et-les-essais-cliniques\\\/\",\"url\":\"https:\\\/\\\/gxp-training.com\\\/fr\\\/online-course\\\/reglement-general-sur-la-protection-des-donnees-rgpd-pour-lindustrie-pharmaceutique-et-les-essais-cliniques\\\/\",\"name\":\"Formation certifiante RGPD pour les sciences de la vie et les essais cliniques\",\"isPartOf\":{\"@id\":\"https:\\\/\\\/gxp-training.com\\\/fr\\\/#website\"},\"primaryImageOfPage\":{\"@id\":\"https:\\\/\\\/gxp-training.com\\\/fr\\\/online-course\\\/reglement-general-sur-la-protection-des-donnees-rgpd-pour-lindustrie-pharmaceutique-et-les-essais-cliniques\\\/#primaryimage\"},\"image\":{\"@id\":\"https:\\\/\\\/gxp-training.com\\\/fr\\\/online-course\\\/reglement-general-sur-la-protection-des-donnees-rgpd-pour-lindustrie-pharmaceutique-et-les-essais-cliniques\\\/#primaryimage\"},\"thumbnailUrl\":\"https:\\\/\\\/gxp-training.com\\\/wp-content\\\/uploads\\\/2025\\\/01\\\/GDPR.png\",\"datePublished\":\"2025-01-06T12:19:40+00:00\",\"description\":\"Commencez votre formation certifi\u00e9e RGPD pour les sciences de la vie. Assurez la conformit\u00e9 au RGPD et prot\u00e9gez les donn\u00e9es personnelles dans les essais cliniques. Obtenez une certification CPD\\\/CEU.\",\"breadcrumb\":{\"@id\":\"https:\\\/\\\/gxp-training.com\\\/fr\\\/online-course\\\/reglement-general-sur-la-protection-des-donnees-rgpd-pour-lindustrie-pharmaceutique-et-les-essais-cliniques\\\/#breadcrumb\"},\"inLanguage\":\"fr-FR\",\"potentialAction\":[{\"@type\":\"ReadAction\",\"target\":[\"https:\\\/\\\/gxp-training.com\\\/fr\\\/online-course\\\/reglement-general-sur-la-protection-des-donnees-rgpd-pour-lindustrie-pharmaceutique-et-les-essais-cliniques\\\/\"]}]},{\"@type\":\"ImageObject\",\"inLanguage\":\"fr-FR\",\"@id\":\"https:\\\/\\\/gxp-training.com\\\/fr\\\/online-course\\\/reglement-general-sur-la-protection-des-donnees-rgpd-pour-lindustrie-pharmaceutique-et-les-essais-cliniques\\\/#primaryimage\",\"url\":\"https:\\\/\\\/gxp-training.com\\\/wp-content\\\/uploads\\\/2025\\\/01\\\/GDPR.png\",\"contentUrl\":\"https:\\\/\\\/gxp-training.com\\\/wp-content\\\/uploads\\\/2025\\\/01\\\/GDPR.png\",\"width\":900,\"height\":627},{\"@type\":\"BreadcrumbList\",\"@id\":\"https:\\\/\\\/gxp-training.com\\\/fr\\\/online-course\\\/reglement-general-sur-la-protection-des-donnees-rgpd-pour-lindustrie-pharmaceutique-et-les-essais-cliniques\\\/#breadcrumb\",\"itemListElement\":[{\"@type\":\"ListItem\",\"position\":1,\"name\":\"Accueil\",\"item\":\"https:\\\/\\\/gxp-training.com\\\/fr\\\/page-daccueil\\\/\"},{\"@type\":\"ListItem\",\"position\":2,\"name\":\"Produits\",\"item\":\"https:\\\/\\\/gxp-training.com\\\/fr\\\/shop\\\/\"},{\"@type\":\"ListItem\",\"position\":3,\"name\":\"R\u00e8glement g\u00e9n\u00e9ral sur la protection des donn\u00e9es (RGPD) pour l\u2019industrie pharmaceutique et les essais cliniques\"}]},{\"@type\":\"WebSite\",\"@id\":\"https:\\\/\\\/gxp-training.com\\\/fr\\\/#website\",\"url\":\"https:\\\/\\\/gxp-training.com\\\/fr\\\/\",\"name\":\"GxP Training : Certified Online Courses for Life Sciences\",\"description\":\"Online Trainings and Certified Courses in Regulatory Compliance for Pharmaceutical Experts\",\"publisher\":{\"@id\":\"https:\\\/\\\/gxp-training.com\\\/fr\\\/#organization\"},\"potentialAction\":[{\"@type\":\"SearchAction\",\"target\":{\"@type\":\"EntryPoint\",\"urlTemplate\":\"https:\\\/\\\/gxp-training.com\\\/fr\\\/?s={search_term_string}\"},\"query-input\":{\"@type\":\"PropertyValueSpecification\",\"valueRequired\":true,\"valueName\":\"search_term_string\"}}],\"inLanguage\":\"fr-FR\"},{\"@type\":\"Organization\",\"@id\":\"https:\\\/\\\/gxp-training.com\\\/fr\\\/#organization\",\"name\":\"GXP Training\",\"url\":\"https:\\\/\\\/gxp-training.com\\\/fr\\\/\",\"logo\":{\"@type\":\"ImageObject\",\"inLanguage\":\"fr-FR\",\"@id\":\"https:\\\/\\\/gxp-training.com\\\/fr\\\/#\\\/schema\\\/logo\\\/image\\\/\",\"url\":\"https:\\\/\\\/gxp-training.com\\\/wp-content\\\/uploads\\\/2022\\\/05\\\/logo-resize.png\",\"contentUrl\":\"https:\\\/\\\/gxp-training.com\\\/wp-content\\\/uploads\\\/2022\\\/05\\\/logo-resize.png\",\"width\":350,\"height\":100,\"caption\":\"GXP Training\"},\"image\":{\"@id\":\"https:\\\/\\\/gxp-training.com\\\/fr\\\/#\\\/schema\\\/logo\\\/image\\\/\"}}]}<\/script>\n<!-- \/ Yoast SEO plugin. -->","yoast_head_json":{"title":"Formation certifiante RGPD pour les sciences de la vie et les essais cliniques","description":"Commencez votre formation certifi\u00e9e RGPD pour les sciences de la vie. Assurez la conformit\u00e9 au RGPD et prot\u00e9gez les donn\u00e9es personnelles dans les essais cliniques. Obtenez une certification CPD\/CEU.","robots":{"index":"index","follow":"follow","max-snippet":"max-snippet:-1","max-image-preview":"max-image-preview:large","max-video-preview":"max-video-preview:-1"},"canonical":"https:\/\/gxp-training.com\/fr\/online-course\/reglement-general-sur-la-protection-des-donnees-rgpd-pour-lindustrie-pharmaceutique-et-les-essais-cliniques\/","og_locale":"fr_FR","og_type":"article","og_title":"Formation certifiante RGPD pour les sciences de la vie et les essais cliniques","og_description":"Commencez votre formation certifi\u00e9e RGPD pour les sciences de la vie. Assurez la conformit\u00e9 au RGPD et prot\u00e9gez les donn\u00e9es personnelles dans les essais cliniques. Obtenez une certification CPD\/CEU.","og_url":"https:\/\/gxp-training.com\/fr\/online-course\/reglement-general-sur-la-protection-des-donnees-rgpd-pour-lindustrie-pharmaceutique-et-les-essais-cliniques\/","og_site_name":"GxP Training : Certified Online Courses for Life Sciences","og_image":[{"width":900,"height":627,"url":"https:\/\/gxp-training.com\/wp-content\/uploads\/2025\/01\/GDPR.png","type":"image\/png"}],"twitter_card":"summary_large_image","twitter_misc":{"Dur\u00e9e de lecture estim\u00e9e":"2 minutes"},"schema":{"@context":"https:\/\/schema.org","@graph":[{"@type":"WebPage","@id":"https:\/\/gxp-training.com\/fr\/online-course\/reglement-general-sur-la-protection-des-donnees-rgpd-pour-lindustrie-pharmaceutique-et-les-essais-cliniques\/","url":"https:\/\/gxp-training.com\/fr\/online-course\/reglement-general-sur-la-protection-des-donnees-rgpd-pour-lindustrie-pharmaceutique-et-les-essais-cliniques\/","name":"Formation certifiante RGPD pour les sciences de la vie et les essais cliniques","isPartOf":{"@id":"https:\/\/gxp-training.com\/fr\/#website"},"primaryImageOfPage":{"@id":"https:\/\/gxp-training.com\/fr\/online-course\/reglement-general-sur-la-protection-des-donnees-rgpd-pour-lindustrie-pharmaceutique-et-les-essais-cliniques\/#primaryimage"},"image":{"@id":"https:\/\/gxp-training.com\/fr\/online-course\/reglement-general-sur-la-protection-des-donnees-rgpd-pour-lindustrie-pharmaceutique-et-les-essais-cliniques\/#primaryimage"},"thumbnailUrl":"https:\/\/gxp-training.com\/wp-content\/uploads\/2025\/01\/GDPR.png","datePublished":"2025-01-06T12:19:40+00:00","description":"Commencez votre formation certifi\u00e9e RGPD pour les sciences de la vie. Assurez la conformit\u00e9 au RGPD et prot\u00e9gez les donn\u00e9es personnelles dans les essais cliniques. Obtenez une certification CPD\/CEU.","breadcrumb":{"@id":"https:\/\/gxp-training.com\/fr\/online-course\/reglement-general-sur-la-protection-des-donnees-rgpd-pour-lindustrie-pharmaceutique-et-les-essais-cliniques\/#breadcrumb"},"inLanguage":"fr-FR","potentialAction":[{"@type":"ReadAction","target":["https:\/\/gxp-training.com\/fr\/online-course\/reglement-general-sur-la-protection-des-donnees-rgpd-pour-lindustrie-pharmaceutique-et-les-essais-cliniques\/"]}]},{"@type":"ImageObject","inLanguage":"fr-FR","@id":"https:\/\/gxp-training.com\/fr\/online-course\/reglement-general-sur-la-protection-des-donnees-rgpd-pour-lindustrie-pharmaceutique-et-les-essais-cliniques\/#primaryimage","url":"https:\/\/gxp-training.com\/wp-content\/uploads\/2025\/01\/GDPR.png","contentUrl":"https:\/\/gxp-training.com\/wp-content\/uploads\/2025\/01\/GDPR.png","width":900,"height":627},{"@type":"BreadcrumbList","@id":"https:\/\/gxp-training.com\/fr\/online-course\/reglement-general-sur-la-protection-des-donnees-rgpd-pour-lindustrie-pharmaceutique-et-les-essais-cliniques\/#breadcrumb","itemListElement":[{"@type":"ListItem","position":1,"name":"Accueil","item":"https:\/\/gxp-training.com\/fr\/page-daccueil\/"},{"@type":"ListItem","position":2,"name":"Produits","item":"https:\/\/gxp-training.com\/fr\/shop\/"},{"@type":"ListItem","position":3,"name":"R\u00e8glement g\u00e9n\u00e9ral sur la protection des donn\u00e9es (RGPD) pour l\u2019industrie pharmaceutique et les essais cliniques"}]},{"@type":"WebSite","@id":"https:\/\/gxp-training.com\/fr\/#website","url":"https:\/\/gxp-training.com\/fr\/","name":"GxP Training : Certified Online Courses for Life Sciences","description":"Online Trainings and Certified Courses in Regulatory Compliance for Pharmaceutical Experts","publisher":{"@id":"https:\/\/gxp-training.com\/fr\/#organization"},"potentialAction":[{"@type":"SearchAction","target":{"@type":"EntryPoint","urlTemplate":"https:\/\/gxp-training.com\/fr\/?s={search_term_string}"},"query-input":{"@type":"PropertyValueSpecification","valueRequired":true,"valueName":"search_term_string"}}],"inLanguage":"fr-FR"},{"@type":"Organization","@id":"https:\/\/gxp-training.com\/fr\/#organization","name":"GXP Training","url":"https:\/\/gxp-training.com\/fr\/","logo":{"@type":"ImageObject","inLanguage":"fr-FR","@id":"https:\/\/gxp-training.com\/fr\/#\/schema\/logo\/image\/","url":"https:\/\/gxp-training.com\/wp-content\/uploads\/2022\/05\/logo-resize.png","contentUrl":"https:\/\/gxp-training.com\/wp-content\/uploads\/2022\/05\/logo-resize.png","width":350,"height":100,"caption":"GXP Training"},"image":{"@id":"https:\/\/gxp-training.com\/fr\/#\/schema\/logo\/image\/"}}]}},"_links":{"self":[{"href":"https:\/\/gxp-training.com\/fr\/wp-json\/wp\/v2\/product\/57933","targetHints":{"allow":["GET"]}}],"collection":[{"href":"https:\/\/gxp-training.com\/fr\/wp-json\/wp\/v2\/product"}],"about":[{"href":"https:\/\/gxp-training.com\/fr\/wp-json\/wp\/v2\/types\/product"}],"wp:featuredmedia":[{"embeddable":true,"href":"https:\/\/gxp-training.com\/fr\/wp-json\/wp\/v2\/media\/48899"}],"wp:attachment":[{"href":"https:\/\/gxp-training.com\/fr\/wp-json\/wp\/v2\/media?parent=57933"}],"wp:term":[{"taxonomy":"product_brand","embeddable":true,"href":"https:\/\/gxp-training.com\/fr\/wp-json\/wp\/v2\/product_brand?post=57933"},{"taxonomy":"product_cat","embeddable":true,"href":"https:\/\/gxp-training.com\/fr\/wp-json\/wp\/v2\/product_cat?post=57933"},{"taxonomy":"product_tag","embeddable":true,"href":"https:\/\/gxp-training.com\/fr\/wp-json\/wp\/v2\/product_tag?post=57933"}],"curies":[{"name":"wp","href":"https:\/\/api.w.org\/{rel}","templated":true}]}}