{"id":57922,"date":"2025-10-25T17:48:33","date_gmt":"2025-10-25T15:48:33","guid":{"rendered":"https:\/\/gxp-training.com\/online-course\/hipaa-health-insurance-portability-and-accountability-act\/"},"modified":"2025-10-25T17:48:33","modified_gmt":"2025-10-25T15:48:33","slug":"hipaa-health-insurance-portability-and-accountability-act","status":"publish","type":"product","link":"https:\/\/gxp-training.com\/fr\/online-course\/hipaa-health-insurance-portability-and-accountability-act\/","title":{"rendered":"HIPAA : Health Insurance Portability and Accountability Act"},"content":{"rendered":"<p>La protection des informations des patients est un pilier de la pratique \u00e9thique et l\u00e9gale dans le secteur de la sant\u00e9. Le <a href=\"https:\/\/www.cdc.gov\/phlp\/php\/resources\/health-insurance-portability-and-accountability-act-of-1996-hipaa.html\">Health Insurance Portability and Accountability Act<\/a> (HIPAA) \u00e9tablit les normes nationales pour la protection des informations de sant\u00e9 prot\u00e9g\u00e9es (PHI) et de leur \u00e9quivalent \u00e9lectronique (ePHI). <\/p>\n<p>Cette formation explique les r\u00e8gles fondamentales de la HIPAA et fournit des \u00e9tapes pratiques pour aider les professionnels \u00e0 prot\u00e9ger les informations des patients et \u00e0 respecter leurs obligations de conformit\u00e9. \u00c0 travers des exemples concrets et des \u00e9tudes de cas, les apprenants acquerront les outils pratiques n\u00e9cessaires pour appliquer les principes de la HIPAA dans les op\u00e9rations de sant\u00e9 et commerciales. <\/p>\n<p>&nbsp;<\/p>\n<p><strong>\u00c0 qui s&rsquo;adresse cette formation ?<\/strong><br \/>\nCette formation est id\u00e9ale pour les professionnels responsables de la confidentialit\u00e9 des donn\u00e9es, de la conformit\u00e9 et de la s\u00e9curit\u00e9 des informations des patients, notamment :<\/p>\n<ul>\n<li><a href=\"https:\/\/gxp-training.com\/fr\/gxp-courses\/hopitaux-et-etablissements-de-sante\/\">Administrateurs de sant\u00e9<\/a> et responsables de la conformit\u00e9<\/li>\n<li>Personnel clinique et hospitalier g\u00e9rant les dossiers des patients<\/li>\n<li><a href=\"https:\/\/gxp-training.com\/fr\/online-course\/cybersecurite-dans-les-sciences-de-la-vie-et-la-sante\/\">Professionnels de l&rsquo;informatique et de la cybers\u00e9curit\u00e9<\/a> dans les organisations de sant\u00e9<\/li>\n<li>Partenaires commerciaux fournissant des services aux entit\u00e9s de sant\u00e9<\/li>\n<\/ul>\n<p>&nbsp;<\/p>\n<p><strong>Que allez-vous apprendre ?<\/strong><\/p>\n<ul>\n<li>D\u00e9finir les PHI et ePHI et comprendre leur importance dans la protection des donn\u00e9es<\/li>\n<li>Diff\u00e9rencier les entit\u00e9s couvertes et les partenaires commerciaux et d\u00e9crire leurs responsabilit\u00e9s<\/li>\n<li>Expliquer le r\u00f4le et les \u00e9l\u00e9ments cl\u00e9s d&rsquo;un accord de partenaire commercial (BAA)<\/li>\n<li>D\u00e9crire la r\u00e8gle de confidentialit\u00e9 et la r\u00e8gle du minimum n\u00e9cessaire<\/li>\n<li>Pr\u00e9senter les mesures de protection administratives, physiques et techniques requises par la r\u00e8gle de s\u00e9curit\u00e9<\/li>\n<li>Comprendre les proc\u00e9dures de notification de violation et comment r\u00e9pondre aux incidents<\/li>\n<li>Reconna\u00eetre les violations courantes de la HIPAA et leurs cons\u00e9quences<\/li>\n<\/ul>\n<p>&nbsp;<\/p>\n<p>En compl\u00e9tant cette formation, vous serez en mesure d&rsquo;assurer la conformit\u00e9 \u00e0 la HIPAA, de prot\u00e9ger les donn\u00e9es sensibles des patients et de renforcer les pratiques de protection des donn\u00e9es de votre organisation.<\/p>\n<h3><\/h3>\n<h3>Programme :<\/h3>\n<p><strong>Module 1 : Fondamentaux de la r\u00e9glementation HIPAA<\/strong><\/p>\n<p><strong>Module 2 : Entit\u00e9s couvertes et partenaires commerciaux selon la HIPAA<\/strong><\/p>\n<p><strong>Module 3 : Accord de partenaire commercial selon la HIPAA<\/strong><\/p>\n<p><strong>Module 4 : R\u00e8gle de confidentialit\u00e9 HIPAA<\/strong><\/p>\n<p><strong>Module 5 : R\u00e8gle du minimum n\u00e9cessaire<\/strong><\/p>\n<p><strong>Module 6 : R\u00e8gle de s\u00e9curit\u00e9 HIPAA <\/strong><\/p>\n<p><strong>Module 7 : R\u00e8gle de notification de violation HIPAA<\/strong><\/p>\n<p><strong>Module 8 : Violations courantes de la HIPAA<\/strong><\/p>\n<p><strong>Conclusion<\/strong><\/p>\n<p><strong>Quiz<\/strong><\/p>\n","protected":false},"excerpt":{"rendered":"<p>La protection des informations des patients est un pilier de la pratique \u00e9thique et l\u00e9gale dans le secteur de la sant\u00e9. Le Health Insurance Portability and Accountability Act (HIPAA) \u00e9tablit les normes nationales pour la protection des informations de sant\u00e9 prot\u00e9g\u00e9es (PHI) et de leur \u00e9quivalent \u00e9lectronique (ePHI). Cette formation explique les r\u00e8gles fondamentales de [&hellip;]<\/p>\n","protected":false},"featured_media":53376,"template":"","meta":{"_acf_changed":false,"content-type":""},"product_brand":[],"product_cat":[257,262],"product_tag":[],"class_list":{"0":"post-57922","1":"product","2":"type-product","3":"status-publish","4":"has-post-thumbnail","6":"product_cat-assurance-qualite","7":"product_cat-hopitaux-et-etablissements-de-sante","9":"first","10":"instock","11":"taxable","12":"shipping-taxable","13":"purchasable","14":"product-type-subscription"},"bundled_by":[],"bundle_stock_status":"instock","bundle_stock_quantity":null,"bundle_virtual":false,"bundle_layout":"","bundle_add_to_cart_form_location":"","bundle_editable_in_cart":false,"bundle_sold_individually_context":"","bundle_item_grouping":"","bundle_min_size":"","bundle_max_size":"","bundle_price":[],"bundled_items":[],"bundle_sell_ids":[],"acf":[],"yoast_head":"<!-- This site is optimized with the Yoast SEO plugin v27.5 - https:\/\/yoast.com\/product\/yoast-seo-wordpress\/ -->\n<title>Formation certifi\u00e9e HIPAA pour les sciences de la vie et la sant\u00e9<\/title>\n<meta name=\"description\" content=\"Commencez votre formation en conformit\u00e9 HIPAA en ligne. Apprenez \u00e0 prot\u00e9ger les donn\u00e9es des patients, garantir la confidentialit\u00e9 et respecter les normes r\u00e9glementaires. Obtenez une certification CPD\/CEU.\" \/>\n<meta name=\"robots\" content=\"index, follow, max-snippet:-1, max-image-preview:large, max-video-preview:-1\" \/>\n<link rel=\"canonical\" href=\"https:\/\/gxp-training.com\/fr\/online-course\/hipaa-health-insurance-portability-and-accountability-act\/\" \/>\n<meta property=\"og:locale\" content=\"fr_FR\" \/>\n<meta property=\"og:type\" content=\"article\" \/>\n<meta property=\"og:title\" content=\"Formation certifi\u00e9e HIPAA pour les sciences de la vie et la sant\u00e9\" \/>\n<meta property=\"og:description\" content=\"Commencez votre formation en conformit\u00e9 HIPAA en ligne. Apprenez \u00e0 prot\u00e9ger les donn\u00e9es des patients, garantir la confidentialit\u00e9 et respecter les normes r\u00e9glementaires. Obtenez une certification CPD\/CEU.\" \/>\n<meta property=\"og:url\" content=\"https:\/\/gxp-training.com\/fr\/online-course\/hipaa-health-insurance-portability-and-accountability-act\/\" \/>\n<meta property=\"og:site_name\" content=\"GxP Training : Certified Online Courses for Life Sciences\" \/>\n<meta property=\"og:image\" content=\"https:\/\/gxp-training.com\/wp-content\/uploads\/2025\/10\/1-1.png\" \/>\n\t<meta property=\"og:image:width\" content=\"900\" \/>\n\t<meta property=\"og:image:height\" content=\"627\" \/>\n\t<meta property=\"og:image:type\" content=\"image\/png\" \/>\n<meta name=\"twitter:card\" content=\"summary_large_image\" \/>\n<meta name=\"twitter:label1\" content=\"Dur\u00e9e de lecture estim\u00e9e\" \/>\n\t<meta name=\"twitter:data1\" content=\"2 minutes\" \/>\n<script type=\"application\/ld+json\" class=\"yoast-schema-graph\">{\"@context\":\"https:\\\/\\\/schema.org\",\"@graph\":[{\"@type\":\"WebPage\",\"@id\":\"https:\\\/\\\/gxp-training.com\\\/fr\\\/online-course\\\/hipaa-health-insurance-portability-and-accountability-act\\\/\",\"url\":\"https:\\\/\\\/gxp-training.com\\\/fr\\\/online-course\\\/hipaa-health-insurance-portability-and-accountability-act\\\/\",\"name\":\"Formation certifi\u00e9e HIPAA pour les sciences de la vie et la sant\u00e9\",\"isPartOf\":{\"@id\":\"https:\\\/\\\/gxp-training.com\\\/fr\\\/#website\"},\"primaryImageOfPage\":{\"@id\":\"https:\\\/\\\/gxp-training.com\\\/fr\\\/online-course\\\/hipaa-health-insurance-portability-and-accountability-act\\\/#primaryimage\"},\"image\":{\"@id\":\"https:\\\/\\\/gxp-training.com\\\/fr\\\/online-course\\\/hipaa-health-insurance-portability-and-accountability-act\\\/#primaryimage\"},\"thumbnailUrl\":\"https:\\\/\\\/gxp-training.com\\\/wp-content\\\/uploads\\\/2025\\\/10\\\/1-1.png\",\"datePublished\":\"2025-10-25T15:48:33+00:00\",\"description\":\"Commencez votre formation en conformit\u00e9 HIPAA en ligne. Apprenez \u00e0 prot\u00e9ger les donn\u00e9es des patients, garantir la confidentialit\u00e9 et respecter les normes r\u00e9glementaires. Obtenez une certification CPD\\\/CEU.\",\"breadcrumb\":{\"@id\":\"https:\\\/\\\/gxp-training.com\\\/fr\\\/online-course\\\/hipaa-health-insurance-portability-and-accountability-act\\\/#breadcrumb\"},\"inLanguage\":\"fr-FR\",\"potentialAction\":[{\"@type\":\"ReadAction\",\"target\":[\"https:\\\/\\\/gxp-training.com\\\/fr\\\/online-course\\\/hipaa-health-insurance-portability-and-accountability-act\\\/\"]}]},{\"@type\":\"ImageObject\",\"inLanguage\":\"fr-FR\",\"@id\":\"https:\\\/\\\/gxp-training.com\\\/fr\\\/online-course\\\/hipaa-health-insurance-portability-and-accountability-act\\\/#primaryimage\",\"url\":\"https:\\\/\\\/gxp-training.com\\\/wp-content\\\/uploads\\\/2025\\\/10\\\/1-1.png\",\"contentUrl\":\"https:\\\/\\\/gxp-training.com\\\/wp-content\\\/uploads\\\/2025\\\/10\\\/1-1.png\",\"width\":900,\"height\":627},{\"@type\":\"BreadcrumbList\",\"@id\":\"https:\\\/\\\/gxp-training.com\\\/fr\\\/online-course\\\/hipaa-health-insurance-portability-and-accountability-act\\\/#breadcrumb\",\"itemListElement\":[{\"@type\":\"ListItem\",\"position\":1,\"name\":\"Accueil\",\"item\":\"https:\\\/\\\/gxp-training.com\\\/fr\\\/page-daccueil\\\/\"},{\"@type\":\"ListItem\",\"position\":2,\"name\":\"Produits\",\"item\":\"https:\\\/\\\/gxp-training.com\\\/fr\\\/shop\\\/\"},{\"@type\":\"ListItem\",\"position\":3,\"name\":\"HIPAA : Health Insurance Portability and Accountability Act\"}]},{\"@type\":\"WebSite\",\"@id\":\"https:\\\/\\\/gxp-training.com\\\/fr\\\/#website\",\"url\":\"https:\\\/\\\/gxp-training.com\\\/fr\\\/\",\"name\":\"GxP Training : Certified Online Courses for Life Sciences\",\"description\":\"Online Trainings and Certified Courses in Regulatory Compliance for Pharmaceutical Experts\",\"publisher\":{\"@id\":\"https:\\\/\\\/gxp-training.com\\\/fr\\\/#organization\"},\"potentialAction\":[{\"@type\":\"SearchAction\",\"target\":{\"@type\":\"EntryPoint\",\"urlTemplate\":\"https:\\\/\\\/gxp-training.com\\\/fr\\\/?s={search_term_string}\"},\"query-input\":{\"@type\":\"PropertyValueSpecification\",\"valueRequired\":true,\"valueName\":\"search_term_string\"}}],\"inLanguage\":\"fr-FR\"},{\"@type\":\"Organization\",\"@id\":\"https:\\\/\\\/gxp-training.com\\\/fr\\\/#organization\",\"name\":\"GXP Training\",\"url\":\"https:\\\/\\\/gxp-training.com\\\/fr\\\/\",\"logo\":{\"@type\":\"ImageObject\",\"inLanguage\":\"fr-FR\",\"@id\":\"https:\\\/\\\/gxp-training.com\\\/fr\\\/#\\\/schema\\\/logo\\\/image\\\/\",\"url\":\"https:\\\/\\\/gxp-training.com\\\/wp-content\\\/uploads\\\/2022\\\/05\\\/logo-resize.png\",\"contentUrl\":\"https:\\\/\\\/gxp-training.com\\\/wp-content\\\/uploads\\\/2022\\\/05\\\/logo-resize.png\",\"width\":350,\"height\":100,\"caption\":\"GXP Training\"},\"image\":{\"@id\":\"https:\\\/\\\/gxp-training.com\\\/fr\\\/#\\\/schema\\\/logo\\\/image\\\/\"}}]}<\/script>\n<!-- \/ Yoast SEO plugin. -->","yoast_head_json":{"title":"Formation certifi\u00e9e HIPAA pour les sciences de la vie et la sant\u00e9","description":"Commencez votre formation en conformit\u00e9 HIPAA en ligne. Apprenez \u00e0 prot\u00e9ger les donn\u00e9es des patients, garantir la confidentialit\u00e9 et respecter les normes r\u00e9glementaires. Obtenez une certification CPD\/CEU.","robots":{"index":"index","follow":"follow","max-snippet":"max-snippet:-1","max-image-preview":"max-image-preview:large","max-video-preview":"max-video-preview:-1"},"canonical":"https:\/\/gxp-training.com\/fr\/online-course\/hipaa-health-insurance-portability-and-accountability-act\/","og_locale":"fr_FR","og_type":"article","og_title":"Formation certifi\u00e9e HIPAA pour les sciences de la vie et la sant\u00e9","og_description":"Commencez votre formation en conformit\u00e9 HIPAA en ligne. Apprenez \u00e0 prot\u00e9ger les donn\u00e9es des patients, garantir la confidentialit\u00e9 et respecter les normes r\u00e9glementaires. Obtenez une certification CPD\/CEU.","og_url":"https:\/\/gxp-training.com\/fr\/online-course\/hipaa-health-insurance-portability-and-accountability-act\/","og_site_name":"GxP Training : Certified Online Courses for Life Sciences","og_image":[{"width":900,"height":627,"url":"https:\/\/gxp-training.com\/wp-content\/uploads\/2025\/10\/1-1.png","type":"image\/png"}],"twitter_card":"summary_large_image","twitter_misc":{"Dur\u00e9e de lecture estim\u00e9e":"2 minutes"},"schema":{"@context":"https:\/\/schema.org","@graph":[{"@type":"WebPage","@id":"https:\/\/gxp-training.com\/fr\/online-course\/hipaa-health-insurance-portability-and-accountability-act\/","url":"https:\/\/gxp-training.com\/fr\/online-course\/hipaa-health-insurance-portability-and-accountability-act\/","name":"Formation certifi\u00e9e HIPAA pour les sciences de la vie et la sant\u00e9","isPartOf":{"@id":"https:\/\/gxp-training.com\/fr\/#website"},"primaryImageOfPage":{"@id":"https:\/\/gxp-training.com\/fr\/online-course\/hipaa-health-insurance-portability-and-accountability-act\/#primaryimage"},"image":{"@id":"https:\/\/gxp-training.com\/fr\/online-course\/hipaa-health-insurance-portability-and-accountability-act\/#primaryimage"},"thumbnailUrl":"https:\/\/gxp-training.com\/wp-content\/uploads\/2025\/10\/1-1.png","datePublished":"2025-10-25T15:48:33+00:00","description":"Commencez votre formation en conformit\u00e9 HIPAA en ligne. Apprenez \u00e0 prot\u00e9ger les donn\u00e9es des patients, garantir la confidentialit\u00e9 et respecter les normes r\u00e9glementaires. Obtenez une certification CPD\/CEU.","breadcrumb":{"@id":"https:\/\/gxp-training.com\/fr\/online-course\/hipaa-health-insurance-portability-and-accountability-act\/#breadcrumb"},"inLanguage":"fr-FR","potentialAction":[{"@type":"ReadAction","target":["https:\/\/gxp-training.com\/fr\/online-course\/hipaa-health-insurance-portability-and-accountability-act\/"]}]},{"@type":"ImageObject","inLanguage":"fr-FR","@id":"https:\/\/gxp-training.com\/fr\/online-course\/hipaa-health-insurance-portability-and-accountability-act\/#primaryimage","url":"https:\/\/gxp-training.com\/wp-content\/uploads\/2025\/10\/1-1.png","contentUrl":"https:\/\/gxp-training.com\/wp-content\/uploads\/2025\/10\/1-1.png","width":900,"height":627},{"@type":"BreadcrumbList","@id":"https:\/\/gxp-training.com\/fr\/online-course\/hipaa-health-insurance-portability-and-accountability-act\/#breadcrumb","itemListElement":[{"@type":"ListItem","position":1,"name":"Accueil","item":"https:\/\/gxp-training.com\/fr\/page-daccueil\/"},{"@type":"ListItem","position":2,"name":"Produits","item":"https:\/\/gxp-training.com\/fr\/shop\/"},{"@type":"ListItem","position":3,"name":"HIPAA : Health Insurance Portability and Accountability Act"}]},{"@type":"WebSite","@id":"https:\/\/gxp-training.com\/fr\/#website","url":"https:\/\/gxp-training.com\/fr\/","name":"GxP Training : Certified Online Courses for Life Sciences","description":"Online Trainings and Certified Courses in Regulatory Compliance for Pharmaceutical Experts","publisher":{"@id":"https:\/\/gxp-training.com\/fr\/#organization"},"potentialAction":[{"@type":"SearchAction","target":{"@type":"EntryPoint","urlTemplate":"https:\/\/gxp-training.com\/fr\/?s={search_term_string}"},"query-input":{"@type":"PropertyValueSpecification","valueRequired":true,"valueName":"search_term_string"}}],"inLanguage":"fr-FR"},{"@type":"Organization","@id":"https:\/\/gxp-training.com\/fr\/#organization","name":"GXP Training","url":"https:\/\/gxp-training.com\/fr\/","logo":{"@type":"ImageObject","inLanguage":"fr-FR","@id":"https:\/\/gxp-training.com\/fr\/#\/schema\/logo\/image\/","url":"https:\/\/gxp-training.com\/wp-content\/uploads\/2022\/05\/logo-resize.png","contentUrl":"https:\/\/gxp-training.com\/wp-content\/uploads\/2022\/05\/logo-resize.png","width":350,"height":100,"caption":"GXP Training"},"image":{"@id":"https:\/\/gxp-training.com\/fr\/#\/schema\/logo\/image\/"}}]}},"_links":{"self":[{"href":"https:\/\/gxp-training.com\/fr\/wp-json\/wp\/v2\/product\/57922","targetHints":{"allow":["GET"]}}],"collection":[{"href":"https:\/\/gxp-training.com\/fr\/wp-json\/wp\/v2\/product"}],"about":[{"href":"https:\/\/gxp-training.com\/fr\/wp-json\/wp\/v2\/types\/product"}],"wp:featuredmedia":[{"embeddable":true,"href":"https:\/\/gxp-training.com\/fr\/wp-json\/wp\/v2\/media\/53376"}],"wp:attachment":[{"href":"https:\/\/gxp-training.com\/fr\/wp-json\/wp\/v2\/media?parent=57922"}],"wp:term":[{"taxonomy":"product_brand","embeddable":true,"href":"https:\/\/gxp-training.com\/fr\/wp-json\/wp\/v2\/product_brand?post=57922"},{"taxonomy":"product_cat","embeddable":true,"href":"https:\/\/gxp-training.com\/fr\/wp-json\/wp\/v2\/product_cat?post=57922"},{"taxonomy":"product_tag","embeddable":true,"href":"https:\/\/gxp-training.com\/fr\/wp-json\/wp\/v2\/product_tag?post=57922"}],"curies":[{"name":"wp","href":"https:\/\/api.w.org\/{rel}","templated":true}]}}