{"id":57915,"date":"2025-10-06T19:43:48","date_gmt":"2025-10-06T17:43:48","guid":{"rendered":"https:\/\/gxp-training.com\/online-course\/bonnes-pratiques-de-distribution-pour-les-medicaments-veterinaires-ue-2021-1248\/"},"modified":"2025-10-06T19:43:48","modified_gmt":"2025-10-06T17:43:48","slug":"bonnes-pratiques-de-distribution-pour-les-medicaments-veterinaires-ue-2021-1248","status":"publish","type":"product","link":"https:\/\/gxp-training.com\/fr\/online-course\/bonnes-pratiques-de-distribution-pour-les-medicaments-veterinaires-ue-2021-1248\/","title":{"rendered":"Bonnes Pratiques de Distribution pour les m\u00e9dicaments v\u00e9t\u00e9rinaires : (UE) 2021\/1248"},"content":{"rendered":"<p>La qualit\u00e9, la s\u00e9curit\u00e9 et l\u2019efficacit\u00e9 des m\u00e9dicaments v\u00e9t\u00e9rinaires d\u00e9pendent non seulement de leur fabrication, mais aussi de leur stockage, de leur manipulation et de leur distribution. Toute d\u00e9faillance dans la cha\u00eene de distribution peut compromettre l\u2019int\u00e9grit\u00e9 du produit, affectant potentiellement la sant\u00e9 animale et publique. <\/p>\n<p>Ce cours se concentre sur le maintien de la qualit\u00e9 et de l\u2019int\u00e9grit\u00e9 des m\u00e9dicaments v\u00e9t\u00e9rinaires tout au long de la cha\u00eene d\u2019approvisionnement, comme l\u2019exige le <a href=\"https:\/\/eur-lex.europa.eu\/eli\/reg_impl\/2021\/1248\/oj\/eng\">r\u00e8glement d\u2019ex\u00e9cution (UE) 2021\/1248 de la Commission<\/a>.<\/p>\n<p>Les apprenants acquerront une compr\u00e9hension claire des \u00e9l\u00e9ments essentiels des <a href=\"https:\/\/gxp-training.com\/fr\/gxp-courses\/bpd-bonnes-pratiques-de-distribution\/\">Bonnes Pratiques de Distribution<\/a> (BPD) et des r\u00e9glementations de l\u2019UE qui garantissent que les m\u00e9dicaments v\u00e9t\u00e9rinaires sont stock\u00e9s et distribu\u00e9s en toute s\u00e9curit\u00e9.<\/p>\n<p><b>Qui devrait s\u2019inscrire ?<\/b><br \/>\nCe cours est con\u00e7u pour les professionnels impliqu\u00e9s dans le stockage, la manipulation et la distribution des m\u00e9dicaments v\u00e9t\u00e9rinaires tout au long de la cha\u00eene d\u2019approvisionnement. Il est particuli\u00e8rement utile pour : <\/p>\n<ul>\n<li>Professionnels de l\u2019<a href=\"https:\/\/gxp-training.com\/fr\/online-course\/introduction-a-la-qualite-pharmaceutique\/\">Assurance Qualit\u00e9<\/a> et du Contr\u00f4le Qualit\u00e9<\/li>\n<li>Responsables d\u2019<a href=\"https:\/\/gxp-training.com\/fr\/online-course\/entrepots-pharmaceutiques-pratiques-de-stockage\/\">Entrep\u00f4t<\/a> et de Distribution<\/li>\n<li>Professionnels de la Logistique et de la Cha\u00eene d\u2019Approvisionnement<\/li>\n<li>Grossistes, importateurs et distributeurs de m\u00e9dicaments v\u00e9t\u00e9rinaires<\/li>\n<li>Personnel des h\u00f4pitaux v\u00e9t\u00e9rinaires impliqu\u00e9 dans le stockage ou le transport des produits<\/li>\n<\/ul>\n<p>&nbsp;<\/p>\n<p><b>Ce que vous apprendrez<\/b><\/p>\n<ul>\n<li>Interpr\u00e9ter et appliquer les exigences du r\u00e8glement d\u2019ex\u00e9cution (UE) 2021\/1248 de la Commission<\/li>\n<li>S\u2019assurer que les installations de stockage, les \u00e9quipements et les conditions de transport prot\u00e8gent la qualit\u00e9 et l\u2019int\u00e9grit\u00e9 des produits v\u00e9t\u00e9rinaires<\/li>\n<li>Mettre en \u0153uvre des pratiques de documentation et de tenue de registres conformes<\/li>\n<li>Pr\u00e9parer votre organisation aux inspections et audits r\u00e9glementaires ax\u00e9s sur les m\u00e9dicaments v\u00e9t\u00e9rinaires<\/li>\n<\/ul>\n<p>\u00c0 la fin du cours, les apprenants disposeront des connaissances et des outils n\u00e9cessaires pour appliquer efficacement les exigences des BPD au sein de leur organisation. Apr\u00e8s avoir r\u00e9ussi, vous recevrez un certificat valid\u00e9, accr\u00e9dit\u00e9 par des cr\u00e9dits CPD\/CEU et reconnu par les auditeurs. <\/p>\n<p>&nbsp;<\/p>\n<h3>Programme<\/h3>\n<p>&nbsp;<\/p>\n<p><strong>Introduction<\/strong><\/p>\n<p><strong>Le\u00e7on 1 : Dispositions g\u00e9n\u00e9rales<\/strong><\/p>\n<p><strong>Le\u00e7on 2 : \u00c9tablir un syst\u00e8me de gestion de la qualit\u00e9 dans les BPD<\/strong><\/p>\n<p><strong>Le\u00e7on 3 : R\u00f4les et responsabilit\u00e9s du personnel<\/strong><\/p>\n<p><strong>Le\u00e7on 4 : Conformit\u00e9 des locaux et \u00e9quipements aux BPD<\/strong><\/p>\n<p><strong>Le\u00e7on 5 : Documentation et tenue de registres<\/strong><\/p>\n<p><strong>Le\u00e7on 6 : Op\u00e9rations<\/strong><\/p>\n<p><strong>Le\u00e7on 7 : Plaintes, retours, m\u00e9dicaments falsifi\u00e9s pr\u00e9sum\u00e9s et rappels de m\u00e9dicaments<\/strong><\/p>\n<p><strong>Le\u00e7on 8 : Activit\u00e9s externalis\u00e9es<\/strong><\/p>\n<p><strong>Le\u00e7on 9 : Auto-inspections<\/strong><\/p>\n<p><strong>Le\u00e7on 10 : Transport<\/strong><\/p>\n<p><strong>Le\u00e7on 11 : Dispositions finales<\/strong><\/p>\n<p><strong>Conclusion<\/strong><\/p>\n<p><strong>Glossaire<\/strong><\/p>\n<p><strong>Quiz<\/strong><\/p>\n","protected":false},"excerpt":{"rendered":"<p>La qualit\u00e9, la s\u00e9curit\u00e9 et l\u2019efficacit\u00e9 des m\u00e9dicaments v\u00e9t\u00e9rinaires d\u00e9pendent non seulement de leur fabrication, mais aussi de leur stockage, de leur manipulation et de leur distribution. Toute d\u00e9faillance dans la cha\u00eene de distribution peut compromettre l\u2019int\u00e9grit\u00e9 du produit, affectant potentiellement la sant\u00e9 animale et publique. Ce cours se concentre sur le maintien de la [&hellip;]<\/p>\n","protected":false},"featured_media":52673,"template":"","meta":{"_acf_changed":false,"content-type":""},"product_brand":[],"product_cat":[281,287],"product_tag":[],"class_list":{"0":"post-57915","1":"product","2":"type-product","3":"status-publish","4":"has-post-thumbnail","6":"product_cat-bpd-bonnes-pratiques-de-distribution","7":"product_cat-veterinaire","9":"first","10":"instock","11":"taxable","12":"shipping-taxable","13":"purchasable","14":"product-type-subscription"},"bundled_by":[],"bundle_stock_status":"instock","bundle_stock_quantity":null,"bundle_virtual":false,"bundle_layout":"","bundle_add_to_cart_form_location":"","bundle_editable_in_cart":false,"bundle_sold_individually_context":"","bundle_item_grouping":"","bundle_min_size":"","bundle_max_size":"","bundle_price":[],"bundled_items":[],"bundle_sell_ids":[],"acf":[],"yoast_head":"<!-- This site is optimized with the Yoast SEO plugin v27.5 - https:\/\/yoast.com\/product\/yoast-seo-wordpress\/ -->\n<title>BPD pour les m\u00e9dicaments v\u00e9t\u00e9rinaires \u2013 Formation certifi\u00e9e<\/title>\n<meta name=\"description\" content=\"Cours en ligne sur les BPD pour les m\u00e9dicaments v\u00e9t\u00e9rinaires. Obtenez votre certification d\u00e8s maintenant ! Apprenez \u00e0 garantir la qualit\u00e9, la s\u00e9curit\u00e9 et la conformit\u00e9 conform\u00e9ment au r\u00e8glement (UE) 2021\/1248.\" \/>\n<meta name=\"robots\" content=\"index, follow, max-snippet:-1, max-image-preview:large, max-video-preview:-1\" \/>\n<link rel=\"canonical\" href=\"https:\/\/gxp-training.com\/fr\/online-course\/bonnes-pratiques-de-distribution-pour-les-medicaments-veterinaires-ue-2021-1248\/\" \/>\n<meta property=\"og:locale\" content=\"fr_FR\" \/>\n<meta property=\"og:type\" content=\"article\" \/>\n<meta property=\"og:title\" content=\"BPD pour les m\u00e9dicaments v\u00e9t\u00e9rinaires \u2013 Formation certifi\u00e9e\" \/>\n<meta property=\"og:description\" content=\"Cours en ligne sur les BPD pour les m\u00e9dicaments v\u00e9t\u00e9rinaires. Obtenez votre certification d\u00e8s maintenant ! Apprenez \u00e0 garantir la qualit\u00e9, la s\u00e9curit\u00e9 et la conformit\u00e9 conform\u00e9ment au r\u00e8glement (UE) 2021\/1248.\" \/>\n<meta property=\"og:url\" content=\"https:\/\/gxp-training.com\/fr\/online-course\/bonnes-pratiques-de-distribution-pour-les-medicaments-veterinaires-ue-2021-1248\/\" \/>\n<meta property=\"og:site_name\" content=\"GxP Training : Certified Online Courses for Life Sciences\" \/>\n<meta property=\"og:image\" content=\"https:\/\/gxp-training.com\/wp-content\/uploads\/2025\/10\/gdp-for-vet-1.png\" \/>\n\t<meta property=\"og:image:width\" content=\"900\" \/>\n\t<meta property=\"og:image:height\" content=\"627\" \/>\n\t<meta property=\"og:image:type\" content=\"image\/png\" \/>\n<meta name=\"twitter:card\" content=\"summary_large_image\" \/>\n<meta name=\"twitter:label1\" content=\"Dur\u00e9e de lecture estim\u00e9e\" \/>\n\t<meta name=\"twitter:data1\" content=\"2 minutes\" \/>\n<script type=\"application\/ld+json\" class=\"yoast-schema-graph\">{\"@context\":\"https:\\\/\\\/schema.org\",\"@graph\":[{\"@type\":\"WebPage\",\"@id\":\"https:\\\/\\\/gxp-training.com\\\/fr\\\/online-course\\\/bonnes-pratiques-de-distribution-pour-les-medicaments-veterinaires-ue-2021-1248\\\/\",\"url\":\"https:\\\/\\\/gxp-training.com\\\/fr\\\/online-course\\\/bonnes-pratiques-de-distribution-pour-les-medicaments-veterinaires-ue-2021-1248\\\/\",\"name\":\"BPD pour les m\u00e9dicaments v\u00e9t\u00e9rinaires \u2013 Formation certifi\u00e9e\",\"isPartOf\":{\"@id\":\"https:\\\/\\\/gxp-training.com\\\/fr\\\/#website\"},\"primaryImageOfPage\":{\"@id\":\"https:\\\/\\\/gxp-training.com\\\/fr\\\/online-course\\\/bonnes-pratiques-de-distribution-pour-les-medicaments-veterinaires-ue-2021-1248\\\/#primaryimage\"},\"image\":{\"@id\":\"https:\\\/\\\/gxp-training.com\\\/fr\\\/online-course\\\/bonnes-pratiques-de-distribution-pour-les-medicaments-veterinaires-ue-2021-1248\\\/#primaryimage\"},\"thumbnailUrl\":\"https:\\\/\\\/gxp-training.com\\\/wp-content\\\/uploads\\\/2025\\\/10\\\/gdp-for-vet-1.png\",\"datePublished\":\"2025-10-06T17:43:48+00:00\",\"description\":\"Cours en ligne sur les BPD pour les m\u00e9dicaments v\u00e9t\u00e9rinaires. Obtenez votre certification d\u00e8s maintenant ! Apprenez \u00e0 garantir la qualit\u00e9, la s\u00e9curit\u00e9 et la conformit\u00e9 conform\u00e9ment au r\u00e8glement (UE) 2021\\\/1248.\",\"breadcrumb\":{\"@id\":\"https:\\\/\\\/gxp-training.com\\\/fr\\\/online-course\\\/bonnes-pratiques-de-distribution-pour-les-medicaments-veterinaires-ue-2021-1248\\\/#breadcrumb\"},\"inLanguage\":\"fr-FR\",\"potentialAction\":[{\"@type\":\"ReadAction\",\"target\":[\"https:\\\/\\\/gxp-training.com\\\/fr\\\/online-course\\\/bonnes-pratiques-de-distribution-pour-les-medicaments-veterinaires-ue-2021-1248\\\/\"]}]},{\"@type\":\"ImageObject\",\"inLanguage\":\"fr-FR\",\"@id\":\"https:\\\/\\\/gxp-training.com\\\/fr\\\/online-course\\\/bonnes-pratiques-de-distribution-pour-les-medicaments-veterinaires-ue-2021-1248\\\/#primaryimage\",\"url\":\"https:\\\/\\\/gxp-training.com\\\/wp-content\\\/uploads\\\/2025\\\/10\\\/gdp-for-vet-1.png\",\"contentUrl\":\"https:\\\/\\\/gxp-training.com\\\/wp-content\\\/uploads\\\/2025\\\/10\\\/gdp-for-vet-1.png\",\"width\":900,\"height\":627},{\"@type\":\"BreadcrumbList\",\"@id\":\"https:\\\/\\\/gxp-training.com\\\/fr\\\/online-course\\\/bonnes-pratiques-de-distribution-pour-les-medicaments-veterinaires-ue-2021-1248\\\/#breadcrumb\",\"itemListElement\":[{\"@type\":\"ListItem\",\"position\":1,\"name\":\"Accueil\",\"item\":\"https:\\\/\\\/gxp-training.com\\\/fr\\\/page-daccueil\\\/\"},{\"@type\":\"ListItem\",\"position\":2,\"name\":\"Produits\",\"item\":\"https:\\\/\\\/gxp-training.com\\\/fr\\\/shop\\\/\"},{\"@type\":\"ListItem\",\"position\":3,\"name\":\"Bonnes Pratiques de Distribution pour les m\u00e9dicaments v\u00e9t\u00e9rinaires : (UE) 2021\\\/1248\"}]},{\"@type\":\"WebSite\",\"@id\":\"https:\\\/\\\/gxp-training.com\\\/fr\\\/#website\",\"url\":\"https:\\\/\\\/gxp-training.com\\\/fr\\\/\",\"name\":\"GxP Training : Certified Online Courses for Life Sciences\",\"description\":\"Online Trainings and Certified Courses in Regulatory Compliance for Pharmaceutical Experts\",\"publisher\":{\"@id\":\"https:\\\/\\\/gxp-training.com\\\/fr\\\/#organization\"},\"potentialAction\":[{\"@type\":\"SearchAction\",\"target\":{\"@type\":\"EntryPoint\",\"urlTemplate\":\"https:\\\/\\\/gxp-training.com\\\/fr\\\/?s={search_term_string}\"},\"query-input\":{\"@type\":\"PropertyValueSpecification\",\"valueRequired\":true,\"valueName\":\"search_term_string\"}}],\"inLanguage\":\"fr-FR\"},{\"@type\":\"Organization\",\"@id\":\"https:\\\/\\\/gxp-training.com\\\/fr\\\/#organization\",\"name\":\"GXP Training\",\"url\":\"https:\\\/\\\/gxp-training.com\\\/fr\\\/\",\"logo\":{\"@type\":\"ImageObject\",\"inLanguage\":\"fr-FR\",\"@id\":\"https:\\\/\\\/gxp-training.com\\\/fr\\\/#\\\/schema\\\/logo\\\/image\\\/\",\"url\":\"https:\\\/\\\/gxp-training.com\\\/wp-content\\\/uploads\\\/2022\\\/05\\\/logo-resize.png\",\"contentUrl\":\"https:\\\/\\\/gxp-training.com\\\/wp-content\\\/uploads\\\/2022\\\/05\\\/logo-resize.png\",\"width\":350,\"height\":100,\"caption\":\"GXP Training\"},\"image\":{\"@id\":\"https:\\\/\\\/gxp-training.com\\\/fr\\\/#\\\/schema\\\/logo\\\/image\\\/\"}}]}<\/script>\n<!-- \/ Yoast SEO plugin. -->","yoast_head_json":{"title":"BPD pour les m\u00e9dicaments v\u00e9t\u00e9rinaires \u2013 Formation certifi\u00e9e","description":"Cours en ligne sur les BPD pour les m\u00e9dicaments v\u00e9t\u00e9rinaires. Obtenez votre certification d\u00e8s maintenant ! Apprenez \u00e0 garantir la qualit\u00e9, la s\u00e9curit\u00e9 et la conformit\u00e9 conform\u00e9ment au r\u00e8glement (UE) 2021\/1248.","robots":{"index":"index","follow":"follow","max-snippet":"max-snippet:-1","max-image-preview":"max-image-preview:large","max-video-preview":"max-video-preview:-1"},"canonical":"https:\/\/gxp-training.com\/fr\/online-course\/bonnes-pratiques-de-distribution-pour-les-medicaments-veterinaires-ue-2021-1248\/","og_locale":"fr_FR","og_type":"article","og_title":"BPD pour les m\u00e9dicaments v\u00e9t\u00e9rinaires \u2013 Formation certifi\u00e9e","og_description":"Cours en ligne sur les BPD pour les m\u00e9dicaments v\u00e9t\u00e9rinaires. Obtenez votre certification d\u00e8s maintenant ! Apprenez \u00e0 garantir la qualit\u00e9, la s\u00e9curit\u00e9 et la conformit\u00e9 conform\u00e9ment au r\u00e8glement (UE) 2021\/1248.","og_url":"https:\/\/gxp-training.com\/fr\/online-course\/bonnes-pratiques-de-distribution-pour-les-medicaments-veterinaires-ue-2021-1248\/","og_site_name":"GxP Training : Certified Online Courses for Life Sciences","og_image":[{"width":900,"height":627,"url":"https:\/\/gxp-training.com\/wp-content\/uploads\/2025\/10\/gdp-for-vet-1.png","type":"image\/png"}],"twitter_card":"summary_large_image","twitter_misc":{"Dur\u00e9e de lecture estim\u00e9e":"2 minutes"},"schema":{"@context":"https:\/\/schema.org","@graph":[{"@type":"WebPage","@id":"https:\/\/gxp-training.com\/fr\/online-course\/bonnes-pratiques-de-distribution-pour-les-medicaments-veterinaires-ue-2021-1248\/","url":"https:\/\/gxp-training.com\/fr\/online-course\/bonnes-pratiques-de-distribution-pour-les-medicaments-veterinaires-ue-2021-1248\/","name":"BPD pour les m\u00e9dicaments v\u00e9t\u00e9rinaires \u2013 Formation certifi\u00e9e","isPartOf":{"@id":"https:\/\/gxp-training.com\/fr\/#website"},"primaryImageOfPage":{"@id":"https:\/\/gxp-training.com\/fr\/online-course\/bonnes-pratiques-de-distribution-pour-les-medicaments-veterinaires-ue-2021-1248\/#primaryimage"},"image":{"@id":"https:\/\/gxp-training.com\/fr\/online-course\/bonnes-pratiques-de-distribution-pour-les-medicaments-veterinaires-ue-2021-1248\/#primaryimage"},"thumbnailUrl":"https:\/\/gxp-training.com\/wp-content\/uploads\/2025\/10\/gdp-for-vet-1.png","datePublished":"2025-10-06T17:43:48+00:00","description":"Cours en ligne sur les BPD pour les m\u00e9dicaments v\u00e9t\u00e9rinaires. Obtenez votre certification d\u00e8s maintenant ! Apprenez \u00e0 garantir la qualit\u00e9, la s\u00e9curit\u00e9 et la conformit\u00e9 conform\u00e9ment au r\u00e8glement (UE) 2021\/1248.","breadcrumb":{"@id":"https:\/\/gxp-training.com\/fr\/online-course\/bonnes-pratiques-de-distribution-pour-les-medicaments-veterinaires-ue-2021-1248\/#breadcrumb"},"inLanguage":"fr-FR","potentialAction":[{"@type":"ReadAction","target":["https:\/\/gxp-training.com\/fr\/online-course\/bonnes-pratiques-de-distribution-pour-les-medicaments-veterinaires-ue-2021-1248\/"]}]},{"@type":"ImageObject","inLanguage":"fr-FR","@id":"https:\/\/gxp-training.com\/fr\/online-course\/bonnes-pratiques-de-distribution-pour-les-medicaments-veterinaires-ue-2021-1248\/#primaryimage","url":"https:\/\/gxp-training.com\/wp-content\/uploads\/2025\/10\/gdp-for-vet-1.png","contentUrl":"https:\/\/gxp-training.com\/wp-content\/uploads\/2025\/10\/gdp-for-vet-1.png","width":900,"height":627},{"@type":"BreadcrumbList","@id":"https:\/\/gxp-training.com\/fr\/online-course\/bonnes-pratiques-de-distribution-pour-les-medicaments-veterinaires-ue-2021-1248\/#breadcrumb","itemListElement":[{"@type":"ListItem","position":1,"name":"Accueil","item":"https:\/\/gxp-training.com\/fr\/page-daccueil\/"},{"@type":"ListItem","position":2,"name":"Produits","item":"https:\/\/gxp-training.com\/fr\/shop\/"},{"@type":"ListItem","position":3,"name":"Bonnes Pratiques de Distribution pour les m\u00e9dicaments v\u00e9t\u00e9rinaires : (UE) 2021\/1248"}]},{"@type":"WebSite","@id":"https:\/\/gxp-training.com\/fr\/#website","url":"https:\/\/gxp-training.com\/fr\/","name":"GxP Training : Certified Online Courses for Life Sciences","description":"Online Trainings and Certified Courses in Regulatory Compliance for Pharmaceutical Experts","publisher":{"@id":"https:\/\/gxp-training.com\/fr\/#organization"},"potentialAction":[{"@type":"SearchAction","target":{"@type":"EntryPoint","urlTemplate":"https:\/\/gxp-training.com\/fr\/?s={search_term_string}"},"query-input":{"@type":"PropertyValueSpecification","valueRequired":true,"valueName":"search_term_string"}}],"inLanguage":"fr-FR"},{"@type":"Organization","@id":"https:\/\/gxp-training.com\/fr\/#organization","name":"GXP Training","url":"https:\/\/gxp-training.com\/fr\/","logo":{"@type":"ImageObject","inLanguage":"fr-FR","@id":"https:\/\/gxp-training.com\/fr\/#\/schema\/logo\/image\/","url":"https:\/\/gxp-training.com\/wp-content\/uploads\/2022\/05\/logo-resize.png","contentUrl":"https:\/\/gxp-training.com\/wp-content\/uploads\/2022\/05\/logo-resize.png","width":350,"height":100,"caption":"GXP Training"},"image":{"@id":"https:\/\/gxp-training.com\/fr\/#\/schema\/logo\/image\/"}}]}},"_links":{"self":[{"href":"https:\/\/gxp-training.com\/fr\/wp-json\/wp\/v2\/product\/57915","targetHints":{"allow":["GET"]}}],"collection":[{"href":"https:\/\/gxp-training.com\/fr\/wp-json\/wp\/v2\/product"}],"about":[{"href":"https:\/\/gxp-training.com\/fr\/wp-json\/wp\/v2\/types\/product"}],"wp:featuredmedia":[{"embeddable":true,"href":"https:\/\/gxp-training.com\/fr\/wp-json\/wp\/v2\/media\/52673"}],"wp:attachment":[{"href":"https:\/\/gxp-training.com\/fr\/wp-json\/wp\/v2\/media?parent=57915"}],"wp:term":[{"taxonomy":"product_brand","embeddable":true,"href":"https:\/\/gxp-training.com\/fr\/wp-json\/wp\/v2\/product_brand?post=57915"},{"taxonomy":"product_cat","embeddable":true,"href":"https:\/\/gxp-training.com\/fr\/wp-json\/wp\/v2\/product_cat?post=57915"},{"taxonomy":"product_tag","embeddable":true,"href":"https:\/\/gxp-training.com\/fr\/wp-json\/wp\/v2\/product_tag?post=57915"}],"curies":[{"name":"wp","href":"https:\/\/api.w.org\/{rel}","templated":true}]}}