{"id":57905,"date":"2025-12-09T19:51:19","date_gmt":"2025-12-09T18:51:19","guid":{"rendered":"https:\/\/gxp-training.com\/online-course\/pharmacocinetique-et-pharmacodynamie-pour-debutants-et-professionnels\/"},"modified":"2025-12-09T19:51:19","modified_gmt":"2025-12-09T18:51:19","slug":"pharmacocinetique-et-pharmacodynamie-pour-debutants-et-professionnels","status":"publish","type":"product","link":"https:\/\/gxp-training.com\/fr\/online-course\/pharmacocinetique-et-pharmacodynamie-pour-debutants-et-professionnels\/","title":{"rendered":"Pharmacocin\u00e9tique et pharmacodynamie pour d\u00e9butants et professionnels"},"content":{"rendered":"<p>La compr\u00e9hension des principes scientifiques r\u00e9gissant le d\u00e9placement des m\u00e9dicaments dans l&rsquo;organisme et leurs effets est essentielle pour garantir la qualit\u00e9 des produits, la conformit\u00e9 r\u00e9glementaire et la s\u00e9curit\u00e9 des patients. Cette formation est con\u00e7ue pour aider les professionnels de l&rsquo;industrie pharmaceutique et de la sant\u00e9 \u00e0 ma\u00eetriser les principes fondamentaux de la <a href=\"https:\/\/www.fda.gov\/regulatory-information\/search-fda-guidance-documents\/population-pharmacokinetics\">pharmacocin\u00e9tique<\/a> (PK) et de la <a href=\"https:\/\/pharmacologycanada.org\/Pharmacodynamics\">pharmacodynamie<\/a> (PD), en soulignant leur r\u00f4le dans le d\u00e9veloppement de m\u00e9dicaments, l&rsquo;\u00e9valuation r\u00e9glementaire et la surveillance de la s\u00e9curit\u00e9. <\/p>\n<p>D\u00e9velopp\u00e9e par des experts en affaires r\u00e9glementaires, pharmacovigilance et sciences cliniques, cette formation \u00e0 rythme libre traduit les concepts complexes de PK\/PD en connaissances pratiques \u00e0 l&rsquo;aide d&rsquo;exemples concrets, d&rsquo;\u00e9tudes de cas et de sc\u00e9narios transversaux.<\/p>\n<p>\u00c0 l&rsquo;issue de la formation, vous recevrez un <strong>certificat valid\u00e9<\/strong> accr\u00e9dit\u00e9 avec des cr\u00e9dits CPD\/CEU et reconnu par les auditeurs.<\/p>\n<p>&nbsp;<\/p>\n<p><strong>\u2705 \u00c0 qui s&rsquo;adresse cette formation ?<\/strong><br \/>\nCette formation est con\u00e7ue pour les professionnels impliqu\u00e9s dans les essais cliniques, les soumissions r\u00e9glementaires, la surveillance de la s\u00e9curit\u00e9 ou l&rsquo;assurance qualit\u00e9, notamment :<\/p>\n<ul>\n<li><a href=\"https:\/\/gxp-training.com\/fr\/online-course\/specialiste-des-affaires-reglementaires\/\">Sp\u00e9cialistes des affaires r\u00e9glementaires<\/a><\/li>\n<li>Professionnels de la <a href=\"https:\/\/gxp-training.com\/online-course\/pharmacovigilance-learning-path\/\">pharmacovigilance<\/a> et de la s\u00e9curit\u00e9 des m\u00e9dicaments<\/li>\n<li>\u00c9quipes d&rsquo;assurance qualit\u00e9 et CMC<\/li>\n<li>Personnel de recherche clinique et des affaires m\u00e9dicales<\/li>\n<li>Scientifiques R&#038;D et d\u00e9veloppeurs de formulations<\/li>\n<li>Professionnels pr\u00e9parant des soumissions r\u00e9glementaires ou examinant des donn\u00e9es PK\/PD<\/li>\n<\/ul>\n<p>&nbsp;<\/p>\n<p><strong>\ud83c\udfaf Ce que vous apprendrez<\/strong><\/p>\n<ul>\n<li>Ma\u00eetriser les principes fondamentaux de la pharmacocin\u00e9tique (PK) et de la pharmacodynamie (PD)<\/li>\n<li>Distinguer comment l&rsquo;organisme affecte un m\u00e9dicament (PK) et comment le m\u00e9dicament affecte l&rsquo;organisme (PD)<\/li>\n<li>Comprendre le r\u00f4le de la PK\/PD dans le d\u00e9veloppement de m\u00e9dicaments, l&rsquo;optimisation des doses et l&rsquo;approbation r\u00e9glementaire<\/li>\n<li>Apprendre comment les donn\u00e9es PK\/PD sont pr\u00e9sent\u00e9es et examin\u00e9es dans les soumissions r\u00e9glementaires<\/li>\n<li>Appliquer les connaissances PK\/PD en pharmacovigilance, \u00e9valuation des risques et surveillance de la s\u00e9curit\u00e9<\/li>\n<\/ul>\n<p>&nbsp;<\/p>\n<h3>Programme :<\/h3>\n<p><strong>Le\u00e7on 1 : Introduction \u00e0 la pharmacocin\u00e9tique (PK) et \u00e0 la pharmacodynamie (PD)<\/strong><\/p>\n<p><strong>Le\u00e7on 2 : Fondamentaux de la pharmacocin\u00e9tique (PK)<\/strong><\/p>\n<ul>\n<li>Les quatre \u00e9tapes de l&rsquo;ADME : Absorption, Distribution, M\u00e9tabolisme, \u00c9limination<\/li>\n<li>Param\u00e8tres PK cl\u00e9s et leur pertinence r\u00e9glementaire<\/li>\n<li>Interpr\u00e9tation des donn\u00e9es PK dans les documents r\u00e9glementaires<\/li>\n<\/ul>\n<p>&nbsp;<\/p>\n<p><strong>Le\u00e7on 3 : Fondamentaux de la pharmacodynamie (PD)<\/strong><\/p>\n<ul>\n<li>Qu&rsquo;est-ce que la PD ?<\/li>\n<li>M\u00e9canismes d&rsquo;action des m\u00e9dicaments et effet th\u00e9rapeutique<\/li>\n<\/ul>\n<p>&nbsp;<\/p>\n<p><strong> Le\u00e7on 4 : Int\u00e9gration PK\/PD<\/strong><\/p>\n<ul>\n<li>Comment la PK et la PD fonctionnent ensemble<\/li>\n<li>Pourquoi l&rsquo;int\u00e9gration PK\/PD est importante<\/li>\n<li>Exemples d&rsquo;int\u00e9gration PK\/PD en pratique<\/li>\n<\/ul>\n<p>&nbsp;<\/p>\n<p><strong>Le\u00e7on 5 : PK\/PD dans les soumissions r\u00e9glementaires<\/strong><\/p>\n<ul>\n<li>Exigences de la FDA et de l&rsquo;EMA concernant les donn\u00e9es PK\/PD<\/li>\n<li>Donn\u00e9es PK\/PD typiques incluses dans les soumissions<\/li>\n<li>Structure CTD (NDA)<\/li>\n<\/ul>\n<p>&nbsp;<\/p>\n<p><strong>Le\u00e7on 6 : PK\/PD en s\u00e9curit\u00e9 et pharmacovigilance<\/strong><\/p>\n<ul>\n<li>PK\/PD dans la surveillance de la s\u00e9curit\u00e9<\/li>\n<li>Relation dose-r\u00e9ponse vs. exposition-r\u00e9ponse<\/li>\n<li>Identification des populations \u00e0 haut risque et application des REMS<\/li>\n<li>Exemple de cas : <a href=\"https:\/\/www.accessdata.fda.gov\/scripts\/cder\/rems\/index.cfm\">REMS<\/a> Zyprexa Relprevv<\/li>\n<\/ul>\n<p>&nbsp;<\/p>\n<p><strong>Le\u00e7on 7 : Applications pratiques selon les fonctions<\/strong><\/p>\n<ul>\n<li>\u00c0 qui appartient la PK\/PD dans les diff\u00e9rentes fonctions<\/li>\n<li>Interpr\u00e9tation des donn\u00e9es en \u00e9quipe transversale (mini \u00e9tude de cas)<\/li>\n<\/ul>\n<p>&nbsp;<\/p>\n<p><strong>Conclusion<\/strong><\/p>\n<p><strong>\u00c9valuation<\/strong><\/p>\n","protected":false},"excerpt":{"rendered":"<p>La compr\u00e9hension des principes scientifiques r\u00e9gissant le d\u00e9placement des m\u00e9dicaments dans l&rsquo;organisme et leurs effets est essentielle pour garantir la qualit\u00e9 des produits, la conformit\u00e9 r\u00e9glementaire et la s\u00e9curit\u00e9 des patients. Cette formation est con\u00e7ue pour aider les professionnels de l&rsquo;industrie pharmaceutique et de la sant\u00e9 \u00e0 ma\u00eetriser les principes fondamentaux de la pharmacocin\u00e9tique (PK) [&hellip;]<\/p>\n","protected":false},"featured_media":53985,"template":"","meta":{"_acf_changed":false,"content-type":""},"product_brand":[],"product_cat":[258,267],"product_tag":[],"class_list":{"0":"post-57905","1":"product","2":"type-product","3":"status-publish","4":"has-post-thumbnail","6":"product_cat-pharmaceutique","7":"product_cat-pharmacovigilance","9":"first","10":"instock","11":"taxable","12":"shipping-taxable","13":"purchasable","14":"product-type-subscription"},"bundled_by":[],"bundle_stock_status":"instock","bundle_stock_quantity":null,"bundle_virtual":false,"bundle_layout":"","bundle_add_to_cart_form_location":"","bundle_editable_in_cart":false,"bundle_sold_individually_context":"","bundle_item_grouping":"","bundle_min_size":"","bundle_max_size":"","bundle_price":[],"bundled_items":[],"bundle_sell_ids":[],"acf":[],"yoast_head":"<!-- This site is optimized with the Yoast SEO plugin v27.5 - https:\/\/yoast.com\/product\/yoast-seo-wordpress\/ -->\n<title>Formation certifi\u00e9e en pharmacocin\u00e9tique et pharmacodynamie<\/title>\n<meta name=\"description\" content=\"Formation certifi\u00e9e en ligne en pharmacocin\u00e9tique et pharmacodynamie pour les fonctions r\u00e9glementaires et qualit\u00e9. Obtenez une certification CPD\/CEU et un certificat conforme aux audits.\" \/>\n<meta name=\"robots\" content=\"index, follow, max-snippet:-1, max-image-preview:large, max-video-preview:-1\" \/>\n<link rel=\"canonical\" href=\"https:\/\/gxp-training.com\/fr\/online-course\/pharmacocinetique-et-pharmacodynamie-pour-debutants-et-professionnels\/\" \/>\n<meta property=\"og:locale\" content=\"fr_FR\" \/>\n<meta property=\"og:type\" content=\"article\" \/>\n<meta property=\"og:title\" content=\"Formation certifi\u00e9e en pharmacocin\u00e9tique et pharmacodynamie\" \/>\n<meta property=\"og:description\" content=\"Formation certifi\u00e9e en ligne en pharmacocin\u00e9tique et pharmacodynamie pour les fonctions r\u00e9glementaires et qualit\u00e9. Obtenez une certification CPD\/CEU et un certificat conforme aux audits.\" \/>\n<meta property=\"og:url\" content=\"https:\/\/gxp-training.com\/fr\/online-course\/pharmacocinetique-et-pharmacodynamie-pour-debutants-et-professionnels\/\" \/>\n<meta property=\"og:site_name\" content=\"GxP Training : Certified Online Courses for Life Sciences\" \/>\n<meta property=\"og:image\" content=\"https:\/\/gxp-training.com\/wp-content\/uploads\/2025\/12\/Phamacokinetics.png\" \/>\n\t<meta property=\"og:image:width\" content=\"900\" \/>\n\t<meta property=\"og:image:height\" content=\"627\" \/>\n\t<meta property=\"og:image:type\" content=\"image\/png\" \/>\n<meta name=\"twitter:card\" content=\"summary_large_image\" \/>\n<meta name=\"twitter:label1\" content=\"Dur\u00e9e de lecture estim\u00e9e\" \/>\n\t<meta name=\"twitter:data1\" content=\"3 minutes\" \/>\n<script type=\"application\/ld+json\" class=\"yoast-schema-graph\">{\"@context\":\"https:\\\/\\\/schema.org\",\"@graph\":[{\"@type\":\"WebPage\",\"@id\":\"https:\\\/\\\/gxp-training.com\\\/fr\\\/online-course\\\/pharmacocinetique-et-pharmacodynamie-pour-debutants-et-professionnels\\\/\",\"url\":\"https:\\\/\\\/gxp-training.com\\\/fr\\\/online-course\\\/pharmacocinetique-et-pharmacodynamie-pour-debutants-et-professionnels\\\/\",\"name\":\"Formation certifi\u00e9e en pharmacocin\u00e9tique et pharmacodynamie\",\"isPartOf\":{\"@id\":\"https:\\\/\\\/gxp-training.com\\\/fr\\\/#website\"},\"primaryImageOfPage\":{\"@id\":\"https:\\\/\\\/gxp-training.com\\\/fr\\\/online-course\\\/pharmacocinetique-et-pharmacodynamie-pour-debutants-et-professionnels\\\/#primaryimage\"},\"image\":{\"@id\":\"https:\\\/\\\/gxp-training.com\\\/fr\\\/online-course\\\/pharmacocinetique-et-pharmacodynamie-pour-debutants-et-professionnels\\\/#primaryimage\"},\"thumbnailUrl\":\"https:\\\/\\\/gxp-training.com\\\/wp-content\\\/uploads\\\/2025\\\/12\\\/Phamacokinetics.png\",\"datePublished\":\"2025-12-09T18:51:19+00:00\",\"description\":\"Formation certifi\u00e9e en ligne en pharmacocin\u00e9tique et pharmacodynamie pour les fonctions r\u00e9glementaires et qualit\u00e9. Obtenez une certification CPD\\\/CEU et un certificat conforme aux audits.\",\"breadcrumb\":{\"@id\":\"https:\\\/\\\/gxp-training.com\\\/fr\\\/online-course\\\/pharmacocinetique-et-pharmacodynamie-pour-debutants-et-professionnels\\\/#breadcrumb\"},\"inLanguage\":\"fr-FR\",\"potentialAction\":[{\"@type\":\"ReadAction\",\"target\":[\"https:\\\/\\\/gxp-training.com\\\/fr\\\/online-course\\\/pharmacocinetique-et-pharmacodynamie-pour-debutants-et-professionnels\\\/\"]}]},{\"@type\":\"ImageObject\",\"inLanguage\":\"fr-FR\",\"@id\":\"https:\\\/\\\/gxp-training.com\\\/fr\\\/online-course\\\/pharmacocinetique-et-pharmacodynamie-pour-debutants-et-professionnels\\\/#primaryimage\",\"url\":\"https:\\\/\\\/gxp-training.com\\\/wp-content\\\/uploads\\\/2025\\\/12\\\/Phamacokinetics.png\",\"contentUrl\":\"https:\\\/\\\/gxp-training.com\\\/wp-content\\\/uploads\\\/2025\\\/12\\\/Phamacokinetics.png\",\"width\":900,\"height\":627},{\"@type\":\"BreadcrumbList\",\"@id\":\"https:\\\/\\\/gxp-training.com\\\/fr\\\/online-course\\\/pharmacocinetique-et-pharmacodynamie-pour-debutants-et-professionnels\\\/#breadcrumb\",\"itemListElement\":[{\"@type\":\"ListItem\",\"position\":1,\"name\":\"Accueil\",\"item\":\"https:\\\/\\\/gxp-training.com\\\/fr\\\/page-daccueil\\\/\"},{\"@type\":\"ListItem\",\"position\":2,\"name\":\"Produits\",\"item\":\"https:\\\/\\\/gxp-training.com\\\/fr\\\/shop\\\/\"},{\"@type\":\"ListItem\",\"position\":3,\"name\":\"Pharmacocin\u00e9tique et pharmacodynamie pour d\u00e9butants et professionnels\"}]},{\"@type\":\"WebSite\",\"@id\":\"https:\\\/\\\/gxp-training.com\\\/fr\\\/#website\",\"url\":\"https:\\\/\\\/gxp-training.com\\\/fr\\\/\",\"name\":\"GxP Training : Certified Online Courses for Life Sciences\",\"description\":\"Online Trainings and Certified Courses in Regulatory Compliance for Pharmaceutical Experts\",\"publisher\":{\"@id\":\"https:\\\/\\\/gxp-training.com\\\/fr\\\/#organization\"},\"potentialAction\":[{\"@type\":\"SearchAction\",\"target\":{\"@type\":\"EntryPoint\",\"urlTemplate\":\"https:\\\/\\\/gxp-training.com\\\/fr\\\/?s={search_term_string}\"},\"query-input\":{\"@type\":\"PropertyValueSpecification\",\"valueRequired\":true,\"valueName\":\"search_term_string\"}}],\"inLanguage\":\"fr-FR\"},{\"@type\":\"Organization\",\"@id\":\"https:\\\/\\\/gxp-training.com\\\/fr\\\/#organization\",\"name\":\"GXP Training\",\"url\":\"https:\\\/\\\/gxp-training.com\\\/fr\\\/\",\"logo\":{\"@type\":\"ImageObject\",\"inLanguage\":\"fr-FR\",\"@id\":\"https:\\\/\\\/gxp-training.com\\\/fr\\\/#\\\/schema\\\/logo\\\/image\\\/\",\"url\":\"https:\\\/\\\/gxp-training.com\\\/wp-content\\\/uploads\\\/2022\\\/05\\\/logo-resize.png\",\"contentUrl\":\"https:\\\/\\\/gxp-training.com\\\/wp-content\\\/uploads\\\/2022\\\/05\\\/logo-resize.png\",\"width\":350,\"height\":100,\"caption\":\"GXP Training\"},\"image\":{\"@id\":\"https:\\\/\\\/gxp-training.com\\\/fr\\\/#\\\/schema\\\/logo\\\/image\\\/\"}}]}<\/script>\n<!-- \/ Yoast SEO plugin. -->","yoast_head_json":{"title":"Formation certifi\u00e9e en pharmacocin\u00e9tique et pharmacodynamie","description":"Formation certifi\u00e9e en ligne en pharmacocin\u00e9tique et pharmacodynamie pour les fonctions r\u00e9glementaires et qualit\u00e9. Obtenez une certification CPD\/CEU et un certificat conforme aux audits.","robots":{"index":"index","follow":"follow","max-snippet":"max-snippet:-1","max-image-preview":"max-image-preview:large","max-video-preview":"max-video-preview:-1"},"canonical":"https:\/\/gxp-training.com\/fr\/online-course\/pharmacocinetique-et-pharmacodynamie-pour-debutants-et-professionnels\/","og_locale":"fr_FR","og_type":"article","og_title":"Formation certifi\u00e9e en pharmacocin\u00e9tique et pharmacodynamie","og_description":"Formation certifi\u00e9e en ligne en pharmacocin\u00e9tique et pharmacodynamie pour les fonctions r\u00e9glementaires et qualit\u00e9. Obtenez une certification CPD\/CEU et un certificat conforme aux audits.","og_url":"https:\/\/gxp-training.com\/fr\/online-course\/pharmacocinetique-et-pharmacodynamie-pour-debutants-et-professionnels\/","og_site_name":"GxP Training : Certified Online Courses for Life Sciences","og_image":[{"width":900,"height":627,"url":"https:\/\/gxp-training.com\/wp-content\/uploads\/2025\/12\/Phamacokinetics.png","type":"image\/png"}],"twitter_card":"summary_large_image","twitter_misc":{"Dur\u00e9e de lecture estim\u00e9e":"3 minutes"},"schema":{"@context":"https:\/\/schema.org","@graph":[{"@type":"WebPage","@id":"https:\/\/gxp-training.com\/fr\/online-course\/pharmacocinetique-et-pharmacodynamie-pour-debutants-et-professionnels\/","url":"https:\/\/gxp-training.com\/fr\/online-course\/pharmacocinetique-et-pharmacodynamie-pour-debutants-et-professionnels\/","name":"Formation certifi\u00e9e en pharmacocin\u00e9tique et pharmacodynamie","isPartOf":{"@id":"https:\/\/gxp-training.com\/fr\/#website"},"primaryImageOfPage":{"@id":"https:\/\/gxp-training.com\/fr\/online-course\/pharmacocinetique-et-pharmacodynamie-pour-debutants-et-professionnels\/#primaryimage"},"image":{"@id":"https:\/\/gxp-training.com\/fr\/online-course\/pharmacocinetique-et-pharmacodynamie-pour-debutants-et-professionnels\/#primaryimage"},"thumbnailUrl":"https:\/\/gxp-training.com\/wp-content\/uploads\/2025\/12\/Phamacokinetics.png","datePublished":"2025-12-09T18:51:19+00:00","description":"Formation certifi\u00e9e en ligne en pharmacocin\u00e9tique et pharmacodynamie pour les fonctions r\u00e9glementaires et qualit\u00e9. Obtenez une certification CPD\/CEU et un certificat conforme aux audits.","breadcrumb":{"@id":"https:\/\/gxp-training.com\/fr\/online-course\/pharmacocinetique-et-pharmacodynamie-pour-debutants-et-professionnels\/#breadcrumb"},"inLanguage":"fr-FR","potentialAction":[{"@type":"ReadAction","target":["https:\/\/gxp-training.com\/fr\/online-course\/pharmacocinetique-et-pharmacodynamie-pour-debutants-et-professionnels\/"]}]},{"@type":"ImageObject","inLanguage":"fr-FR","@id":"https:\/\/gxp-training.com\/fr\/online-course\/pharmacocinetique-et-pharmacodynamie-pour-debutants-et-professionnels\/#primaryimage","url":"https:\/\/gxp-training.com\/wp-content\/uploads\/2025\/12\/Phamacokinetics.png","contentUrl":"https:\/\/gxp-training.com\/wp-content\/uploads\/2025\/12\/Phamacokinetics.png","width":900,"height":627},{"@type":"BreadcrumbList","@id":"https:\/\/gxp-training.com\/fr\/online-course\/pharmacocinetique-et-pharmacodynamie-pour-debutants-et-professionnels\/#breadcrumb","itemListElement":[{"@type":"ListItem","position":1,"name":"Accueil","item":"https:\/\/gxp-training.com\/fr\/page-daccueil\/"},{"@type":"ListItem","position":2,"name":"Produits","item":"https:\/\/gxp-training.com\/fr\/shop\/"},{"@type":"ListItem","position":3,"name":"Pharmacocin\u00e9tique et pharmacodynamie pour d\u00e9butants et professionnels"}]},{"@type":"WebSite","@id":"https:\/\/gxp-training.com\/fr\/#website","url":"https:\/\/gxp-training.com\/fr\/","name":"GxP Training : Certified Online Courses for Life Sciences","description":"Online Trainings and Certified Courses in Regulatory Compliance for Pharmaceutical Experts","publisher":{"@id":"https:\/\/gxp-training.com\/fr\/#organization"},"potentialAction":[{"@type":"SearchAction","target":{"@type":"EntryPoint","urlTemplate":"https:\/\/gxp-training.com\/fr\/?s={search_term_string}"},"query-input":{"@type":"PropertyValueSpecification","valueRequired":true,"valueName":"search_term_string"}}],"inLanguage":"fr-FR"},{"@type":"Organization","@id":"https:\/\/gxp-training.com\/fr\/#organization","name":"GXP Training","url":"https:\/\/gxp-training.com\/fr\/","logo":{"@type":"ImageObject","inLanguage":"fr-FR","@id":"https:\/\/gxp-training.com\/fr\/#\/schema\/logo\/image\/","url":"https:\/\/gxp-training.com\/wp-content\/uploads\/2022\/05\/logo-resize.png","contentUrl":"https:\/\/gxp-training.com\/wp-content\/uploads\/2022\/05\/logo-resize.png","width":350,"height":100,"caption":"GXP Training"},"image":{"@id":"https:\/\/gxp-training.com\/fr\/#\/schema\/logo\/image\/"}}]}},"_links":{"self":[{"href":"https:\/\/gxp-training.com\/fr\/wp-json\/wp\/v2\/product\/57905","targetHints":{"allow":["GET"]}}],"collection":[{"href":"https:\/\/gxp-training.com\/fr\/wp-json\/wp\/v2\/product"}],"about":[{"href":"https:\/\/gxp-training.com\/fr\/wp-json\/wp\/v2\/types\/product"}],"wp:featuredmedia":[{"embeddable":true,"href":"https:\/\/gxp-training.com\/fr\/wp-json\/wp\/v2\/media\/53985"}],"wp:attachment":[{"href":"https:\/\/gxp-training.com\/fr\/wp-json\/wp\/v2\/media?parent=57905"}],"wp:term":[{"taxonomy":"product_brand","embeddable":true,"href":"https:\/\/gxp-training.com\/fr\/wp-json\/wp\/v2\/product_brand?post=57905"},{"taxonomy":"product_cat","embeddable":true,"href":"https:\/\/gxp-training.com\/fr\/wp-json\/wp\/v2\/product_cat?post=57905"},{"taxonomy":"product_tag","embeddable":true,"href":"https:\/\/gxp-training.com\/fr\/wp-json\/wp\/v2\/product_tag?post=57905"}],"curies":[{"name":"wp","href":"https:\/\/api.w.org\/{rel}","templated":true}]}}