{"id":57890,"date":"2026-01-15T15:06:37","date_gmt":"2026-01-15T14:06:37","guid":{"rendered":"https:\/\/gxp-training.com\/online-course\/vente-et-marketing-pharmaceutiques-aux-etats-unis\/"},"modified":"2026-01-15T15:06:37","modified_gmt":"2026-01-15T14:06:37","slug":"vente-et-marketing-pharmaceutiques-aux-etats-unis","status":"publish","type":"product","link":"https:\/\/gxp-training.com\/fr\/online-course\/vente-et-marketing-pharmaceutiques-aux-etats-unis\/","title":{"rendered":"Vente et marketing pharmaceutiques aux \u00c9tats-Unis"},"content":{"rendered":"<p>Le march\u00e9 pharmaceutique am\u00e9ricain est un environnement en \u00e9volution rapide et hautement r\u00e9glement\u00e9, o\u00f9 une vente et un marketing efficaces n\u00e9cessitent une solide compr\u00e9hension de la conformit\u00e9, de la structure du march\u00e9 et de l&rsquo;acc\u00e8s des patients. Alors que l&rsquo;industrie continue de cro\u00eetre, les professionnels doivent naviguer dans des r\u00e8gles complexes tout en favorisant un succ\u00e8s commercial \u00e9thique et durable. <\/p>\n<p>Cette formation fournit un aper\u00e7u pratique du fonctionnement de la vente et du marketing pharmaceutiques au sein de l&rsquo;\u00e9cosyst\u00e8me de sant\u00e9 am\u00e9ricain, couvrant la structure du march\u00e9, les cat\u00e9gories de m\u00e9dicaments, les parcours patients et les cadres r\u00e9glementaires et de conformit\u00e9 qui r\u00e9gissent les activit\u00e9s promotionnelles.<\/p>\n<p>Le contenu est d\u00e9velopp\u00e9 par des experts du secteur ayant une exp\u00e9rience directe du march\u00e9 pharmaceutique am\u00e9ricain, garantissant une conformit\u00e9 aux normes r\u00e9glementaires, commerciales et \u00e9thiques du monde r\u00e9el.<\/p>\n<p>\u00c0 l&rsquo;issue de la formation, vous recevrez un <strong>certificat valid\u00e9<\/strong> accr\u00e9dit\u00e9 avec des cr\u00e9dits CPD\/CEU, adapt\u00e9 \u00e0 la documentation d&rsquo;audit et de conformit\u00e9.<\/p>\n<p>&nbsp;<\/p>\n<p><strong>\u2705 \u00c0 qui s&rsquo;adresse cette formation ?<\/strong><\/p>\n<ul>\n<li>D\u00e9l\u00e9gu\u00e9s commerciaux <a href=\"https:\/\/gxp-training.com\/fr\/gxp-courses\/pharmaceutique\/\">pharmaceutiques<\/a> et \u00e9quipes commerciales<\/li>\n<li>Professionnels du marketing et de la gestion de marque<\/li>\n<li>Sp\u00e9cialistes de l&rsquo;acc\u00e8s au march\u00e9, de la tarification et du remboursement<\/li>\n<li>Professionnels des <a href=\"https:\/\/gxp-training.com\/fr\/online-course\/specialiste-des-affaires-reglementaires\/\">affaires r\u00e9glementaires<\/a> et de la conformit\u00e9<\/li>\n<li>Professionnels en transition vers des fonctions de vente ou de marketing pharmaceutique aux \u00c9tats-Unis<\/li>\n<\/ul>\n<p>&nbsp;<\/p>\n<p><strong>\ud83c\udfaf Ce que vous apprendrez<\/strong><\/p>\n<ul>\n<li>Comprendre la structure du march\u00e9 pharmaceutique am\u00e9ricain, y compris les principales cat\u00e9gories de m\u00e9dicaments et les parties prenantes<\/li>\n<li>Apprendre les fondements r\u00e9glementaires r\u00e9gissant la vente et le marketing pharmaceutiques, y compris les <a href=\"https:\/\/www.fda.gov\/animal-veterinary\/guidance-industry\/advertising-and-promotion-guidances\">r\u00e8gles promotionnelles de la FDA<\/a><\/li>\n<li>Comprendre comment la tarification, le remboursement et la dynamique des payeurs influencent l&rsquo;acc\u00e8s au march\u00e9<\/li>\n<li>Explorer les strat\u00e9gies marketing pharmaceutiques modernes, y compris les approches digitales et omnicanales<\/li>\n<\/ul>\n<p>&nbsp;<\/p>\n<h3>Programme :<\/h3>\n<p><strong>Le\u00e7on 1 : Aper\u00e7u du march\u00e9 pharmaceutique am\u00e9ricain<\/strong><\/p>\n<ul>\n<li>Concurrence entre m\u00e9dicaments de marque et g\u00e9n\u00e9riques<\/li>\n<li>Parcours patients et strat\u00e9gie d&rsquo;acc\u00e8s au march\u00e9<\/li>\n<\/ul>\n<p><strong>Le\u00e7on 2 : Fondements r\u00e9glementaires de la vente et du marketing pharmaceutiques<\/strong><\/p>\n<ul>\n<li>Publicit\u00e9 et promotion FDA (21 CFR 202.1)<\/li>\n<li>Documents d&rsquo;orientation FDA OPDP<\/li>\n<li>R\u00e8gles FTC pour une publicit\u00e9 \u00e9quitable<\/li>\n<li>False Claims Act (FCA)<\/li>\n<li>Anti-Kickback Statute (AKS)<\/li>\n<li>Department of Justice (DOJ) et Office of Inspector General (OIG)<\/li>\n<li><a href=\"https:\/\/gxp-training.com\/online-course\/hipaa\/\">HIPAA<\/a> (Health Insurance Portability and Accountability Act)<\/li>\n<\/ul>\n<p><strong>Le\u00e7on 3 : Cadres de conformit\u00e9 et normes de l&rsquo;industrie<\/strong><\/p>\n<ul>\n<li>Code PhRMA sur les interactions avec les professionnels de sant\u00e9 (HCP)<\/li>\n<li>Sunshine Act (Open Payments)<\/li>\n<li>Code AdvaMed et pertinence crois\u00e9e pour les dispositifs m\u00e9dicaux<\/li>\n<li>Corporate Integrity Agreements (CIA)<\/li>\n<\/ul>\n<p><strong>Le\u00e7on 4 : Pratiques de vente \u00e9thiques et comp\u00e9tences terrain essentielles<\/strong><\/p>\n<ul>\n<li>Le r\u00f4le du d\u00e9l\u00e9gu\u00e9 commercial pharmaceutique<\/li>\n<li>Comp\u00e9tences terrain essentielles pour un engagement conforme et efficace<\/li>\n<\/ul>\n<p><strong>Le\u00e7on 5 : Acc\u00e8s au march\u00e9, tarification et remboursement<\/strong><\/p>\n<ul>\n<li>Payeurs, PBM et acc\u00e8s aux formulaires<\/li>\n<li>M\u00e9dicaments de sp\u00e9cialit\u00e9 et consid\u00e9rations d&rsquo;acc\u00e8s des patients<\/li>\n<li>Inflation Reduction Act et son impact sur la tarification<\/li>\n<li>R\u00e8gles de remise et mod\u00e8les de tarification bas\u00e9s sur la valeur<\/li>\n<\/ul>\n<p><strong>Le\u00e7on 6 : Strat\u00e9gies marketing et innovation digitale dans le secteur pharmaceutique<\/strong><\/p>\n<ul>\n<li>Image de marque et positionnement des m\u00e9dicaments<\/li>\n<li>Strat\u00e9gies marketing omnicanales<\/li>\n<li>Outils digitaux et innovation dans le marketing pharmaceutique<\/li>\n<\/ul>\n<p><strong>Conclusion<\/strong><\/p>\n<p><strong>\u00c9valuation<\/strong><\/p>\n","protected":false},"excerpt":{"rendered":"<p>Le march\u00e9 pharmaceutique am\u00e9ricain est un environnement en \u00e9volution rapide et hautement r\u00e9glement\u00e9, o\u00f9 une vente et un marketing efficaces n\u00e9cessitent une solide compr\u00e9hension de la conformit\u00e9, de la structure du march\u00e9 et de l&rsquo;acc\u00e8s des patients. Alors que l&rsquo;industrie continue de cro\u00eetre, les professionnels doivent naviguer dans des r\u00e8gles complexes tout en favorisant un [&hellip;]<\/p>\n","protected":false},"featured_media":54334,"template":"","meta":{"_acf_changed":false,"content-type":""},"product_brand":[],"product_cat":[258],"product_tag":[],"class_list":{"0":"post-57890","1":"product","2":"type-product","3":"status-publish","4":"has-post-thumbnail","6":"product_cat-pharmaceutique","8":"first","9":"instock","10":"taxable","11":"shipping-taxable","12":"purchasable","13":"product-type-subscription"},"bundled_by":[],"bundle_stock_status":"instock","bundle_stock_quantity":null,"bundle_virtual":false,"bundle_layout":"","bundle_add_to_cart_form_location":"","bundle_editable_in_cart":false,"bundle_sold_individually_context":"","bundle_item_grouping":"","bundle_min_size":"","bundle_max_size":"","bundle_price":[],"bundled_items":[],"bundle_sell_ids":[],"acf":[],"yoast_head":"<!-- This site is optimized with the Yoast SEO plugin v27.5 - https:\/\/yoast.com\/product\/yoast-seo-wordpress\/ -->\n<title>Vente et marketing pharmaceutiques aux \u00c9tats-Unis<\/title>\n<meta name=\"description\" content=\"Apprenez la vente et le marketing pharmaceutiques dans le syst\u00e8me de sant\u00e9 am\u00e9ricain. Comprenez les r\u00e9glementations, la conformit\u00e9, l&#039;acc\u00e8s au march\u00e9 et les strat\u00e9gies marketing modernes. Obtenez une certification CPD\/CEU.\" \/>\n<meta name=\"robots\" content=\"index, follow, max-snippet:-1, max-image-preview:large, max-video-preview:-1\" \/>\n<link rel=\"canonical\" href=\"https:\/\/gxp-training.com\/fr\/online-course\/vente-et-marketing-pharmaceutiques-aux-etats-unis\/\" \/>\n<meta property=\"og:locale\" content=\"fr_FR\" \/>\n<meta property=\"og:type\" content=\"article\" \/>\n<meta property=\"og:title\" content=\"Vente et marketing pharmaceutiques aux \u00c9tats-Unis\" \/>\n<meta property=\"og:description\" content=\"Apprenez la vente et le marketing pharmaceutiques dans le syst\u00e8me de sant\u00e9 am\u00e9ricain. Comprenez les r\u00e9glementations, la conformit\u00e9, l&#039;acc\u00e8s au march\u00e9 et les strat\u00e9gies marketing modernes. Obtenez une certification CPD\/CEU.\" \/>\n<meta property=\"og:url\" content=\"https:\/\/gxp-training.com\/fr\/online-course\/vente-et-marketing-pharmaceutiques-aux-etats-unis\/\" \/>\n<meta property=\"og:site_name\" content=\"GxP Training : Certified Online Courses for Life Sciences\" \/>\n<meta property=\"og:image\" content=\"https:\/\/gxp-training.com\/wp-content\/uploads\/2026\/01\/Sales-rep-1.png\" \/>\n\t<meta property=\"og:image:width\" content=\"900\" \/>\n\t<meta property=\"og:image:height\" content=\"627\" \/>\n\t<meta property=\"og:image:type\" content=\"image\/png\" \/>\n<meta name=\"twitter:card\" content=\"summary_large_image\" \/>\n<meta name=\"twitter:label1\" content=\"Dur\u00e9e de lecture estim\u00e9e\" \/>\n\t<meta name=\"twitter:data1\" content=\"3 minutes\" \/>\n<script type=\"application\/ld+json\" class=\"yoast-schema-graph\">{\"@context\":\"https:\\\/\\\/schema.org\",\"@graph\":[{\"@type\":\"WebPage\",\"@id\":\"https:\\\/\\\/gxp-training.com\\\/fr\\\/online-course\\\/vente-et-marketing-pharmaceutiques-aux-etats-unis\\\/\",\"url\":\"https:\\\/\\\/gxp-training.com\\\/fr\\\/online-course\\\/vente-et-marketing-pharmaceutiques-aux-etats-unis\\\/\",\"name\":\"Vente et marketing pharmaceutiques aux \u00c9tats-Unis\",\"isPartOf\":{\"@id\":\"https:\\\/\\\/gxp-training.com\\\/fr\\\/#website\"},\"primaryImageOfPage\":{\"@id\":\"https:\\\/\\\/gxp-training.com\\\/fr\\\/online-course\\\/vente-et-marketing-pharmaceutiques-aux-etats-unis\\\/#primaryimage\"},\"image\":{\"@id\":\"https:\\\/\\\/gxp-training.com\\\/fr\\\/online-course\\\/vente-et-marketing-pharmaceutiques-aux-etats-unis\\\/#primaryimage\"},\"thumbnailUrl\":\"https:\\\/\\\/gxp-training.com\\\/wp-content\\\/uploads\\\/2026\\\/01\\\/Sales-rep-1.png\",\"datePublished\":\"2026-01-15T14:06:37+00:00\",\"description\":\"Apprenez la vente et le marketing pharmaceutiques dans le syst\u00e8me de sant\u00e9 am\u00e9ricain. Comprenez les r\u00e9glementations, la conformit\u00e9, l'acc\u00e8s au march\u00e9 et les strat\u00e9gies marketing modernes. Obtenez une certification CPD\\\/CEU.\",\"breadcrumb\":{\"@id\":\"https:\\\/\\\/gxp-training.com\\\/fr\\\/online-course\\\/vente-et-marketing-pharmaceutiques-aux-etats-unis\\\/#breadcrumb\"},\"inLanguage\":\"fr-FR\",\"potentialAction\":[{\"@type\":\"ReadAction\",\"target\":[\"https:\\\/\\\/gxp-training.com\\\/fr\\\/online-course\\\/vente-et-marketing-pharmaceutiques-aux-etats-unis\\\/\"]}]},{\"@type\":\"ImageObject\",\"inLanguage\":\"fr-FR\",\"@id\":\"https:\\\/\\\/gxp-training.com\\\/fr\\\/online-course\\\/vente-et-marketing-pharmaceutiques-aux-etats-unis\\\/#primaryimage\",\"url\":\"https:\\\/\\\/gxp-training.com\\\/wp-content\\\/uploads\\\/2026\\\/01\\\/Sales-rep-1.png\",\"contentUrl\":\"https:\\\/\\\/gxp-training.com\\\/wp-content\\\/uploads\\\/2026\\\/01\\\/Sales-rep-1.png\",\"width\":900,\"height\":627},{\"@type\":\"BreadcrumbList\",\"@id\":\"https:\\\/\\\/gxp-training.com\\\/fr\\\/online-course\\\/vente-et-marketing-pharmaceutiques-aux-etats-unis\\\/#breadcrumb\",\"itemListElement\":[{\"@type\":\"ListItem\",\"position\":1,\"name\":\"Accueil\",\"item\":\"https:\\\/\\\/gxp-training.com\\\/fr\\\/page-daccueil\\\/\"},{\"@type\":\"ListItem\",\"position\":2,\"name\":\"Produits\",\"item\":\"https:\\\/\\\/gxp-training.com\\\/fr\\\/shop\\\/\"},{\"@type\":\"ListItem\",\"position\":3,\"name\":\"Vente et marketing pharmaceutiques aux \u00c9tats-Unis\"}]},{\"@type\":\"WebSite\",\"@id\":\"https:\\\/\\\/gxp-training.com\\\/fr\\\/#website\",\"url\":\"https:\\\/\\\/gxp-training.com\\\/fr\\\/\",\"name\":\"GxP Training : Certified Online Courses for Life Sciences\",\"description\":\"Online Trainings and Certified Courses in Regulatory Compliance for Pharmaceutical Experts\",\"publisher\":{\"@id\":\"https:\\\/\\\/gxp-training.com\\\/fr\\\/#organization\"},\"potentialAction\":[{\"@type\":\"SearchAction\",\"target\":{\"@type\":\"EntryPoint\",\"urlTemplate\":\"https:\\\/\\\/gxp-training.com\\\/fr\\\/?s={search_term_string}\"},\"query-input\":{\"@type\":\"PropertyValueSpecification\",\"valueRequired\":true,\"valueName\":\"search_term_string\"}}],\"inLanguage\":\"fr-FR\"},{\"@type\":\"Organization\",\"@id\":\"https:\\\/\\\/gxp-training.com\\\/fr\\\/#organization\",\"name\":\"GXP Training\",\"url\":\"https:\\\/\\\/gxp-training.com\\\/fr\\\/\",\"logo\":{\"@type\":\"ImageObject\",\"inLanguage\":\"fr-FR\",\"@id\":\"https:\\\/\\\/gxp-training.com\\\/fr\\\/#\\\/schema\\\/logo\\\/image\\\/\",\"url\":\"https:\\\/\\\/gxp-training.com\\\/wp-content\\\/uploads\\\/2022\\\/05\\\/logo-resize.png\",\"contentUrl\":\"https:\\\/\\\/gxp-training.com\\\/wp-content\\\/uploads\\\/2022\\\/05\\\/logo-resize.png\",\"width\":350,\"height\":100,\"caption\":\"GXP Training\"},\"image\":{\"@id\":\"https:\\\/\\\/gxp-training.com\\\/fr\\\/#\\\/schema\\\/logo\\\/image\\\/\"}}]}<\/script>\n<!-- \/ Yoast SEO plugin. -->","yoast_head_json":{"title":"Vente et marketing pharmaceutiques aux \u00c9tats-Unis","description":"Apprenez la vente et le marketing pharmaceutiques dans le syst\u00e8me de sant\u00e9 am\u00e9ricain. Comprenez les r\u00e9glementations, la conformit\u00e9, l'acc\u00e8s au march\u00e9 et les strat\u00e9gies marketing modernes. Obtenez une certification CPD\/CEU.","robots":{"index":"index","follow":"follow","max-snippet":"max-snippet:-1","max-image-preview":"max-image-preview:large","max-video-preview":"max-video-preview:-1"},"canonical":"https:\/\/gxp-training.com\/fr\/online-course\/vente-et-marketing-pharmaceutiques-aux-etats-unis\/","og_locale":"fr_FR","og_type":"article","og_title":"Vente et marketing pharmaceutiques aux \u00c9tats-Unis","og_description":"Apprenez la vente et le marketing pharmaceutiques dans le syst\u00e8me de sant\u00e9 am\u00e9ricain. Comprenez les r\u00e9glementations, la conformit\u00e9, l'acc\u00e8s au march\u00e9 et les strat\u00e9gies marketing modernes. Obtenez une certification CPD\/CEU.","og_url":"https:\/\/gxp-training.com\/fr\/online-course\/vente-et-marketing-pharmaceutiques-aux-etats-unis\/","og_site_name":"GxP Training : Certified Online Courses for Life Sciences","og_image":[{"width":900,"height":627,"url":"https:\/\/gxp-training.com\/wp-content\/uploads\/2026\/01\/Sales-rep-1.png","type":"image\/png"}],"twitter_card":"summary_large_image","twitter_misc":{"Dur\u00e9e de lecture estim\u00e9e":"3 minutes"},"schema":{"@context":"https:\/\/schema.org","@graph":[{"@type":"WebPage","@id":"https:\/\/gxp-training.com\/fr\/online-course\/vente-et-marketing-pharmaceutiques-aux-etats-unis\/","url":"https:\/\/gxp-training.com\/fr\/online-course\/vente-et-marketing-pharmaceutiques-aux-etats-unis\/","name":"Vente et marketing pharmaceutiques aux \u00c9tats-Unis","isPartOf":{"@id":"https:\/\/gxp-training.com\/fr\/#website"},"primaryImageOfPage":{"@id":"https:\/\/gxp-training.com\/fr\/online-course\/vente-et-marketing-pharmaceutiques-aux-etats-unis\/#primaryimage"},"image":{"@id":"https:\/\/gxp-training.com\/fr\/online-course\/vente-et-marketing-pharmaceutiques-aux-etats-unis\/#primaryimage"},"thumbnailUrl":"https:\/\/gxp-training.com\/wp-content\/uploads\/2026\/01\/Sales-rep-1.png","datePublished":"2026-01-15T14:06:37+00:00","description":"Apprenez la vente et le marketing pharmaceutiques dans le syst\u00e8me de sant\u00e9 am\u00e9ricain. Comprenez les r\u00e9glementations, la conformit\u00e9, l'acc\u00e8s au march\u00e9 et les strat\u00e9gies marketing modernes. Obtenez une certification CPD\/CEU.","breadcrumb":{"@id":"https:\/\/gxp-training.com\/fr\/online-course\/vente-et-marketing-pharmaceutiques-aux-etats-unis\/#breadcrumb"},"inLanguage":"fr-FR","potentialAction":[{"@type":"ReadAction","target":["https:\/\/gxp-training.com\/fr\/online-course\/vente-et-marketing-pharmaceutiques-aux-etats-unis\/"]}]},{"@type":"ImageObject","inLanguage":"fr-FR","@id":"https:\/\/gxp-training.com\/fr\/online-course\/vente-et-marketing-pharmaceutiques-aux-etats-unis\/#primaryimage","url":"https:\/\/gxp-training.com\/wp-content\/uploads\/2026\/01\/Sales-rep-1.png","contentUrl":"https:\/\/gxp-training.com\/wp-content\/uploads\/2026\/01\/Sales-rep-1.png","width":900,"height":627},{"@type":"BreadcrumbList","@id":"https:\/\/gxp-training.com\/fr\/online-course\/vente-et-marketing-pharmaceutiques-aux-etats-unis\/#breadcrumb","itemListElement":[{"@type":"ListItem","position":1,"name":"Accueil","item":"https:\/\/gxp-training.com\/fr\/page-daccueil\/"},{"@type":"ListItem","position":2,"name":"Produits","item":"https:\/\/gxp-training.com\/fr\/shop\/"},{"@type":"ListItem","position":3,"name":"Vente et marketing pharmaceutiques aux \u00c9tats-Unis"}]},{"@type":"WebSite","@id":"https:\/\/gxp-training.com\/fr\/#website","url":"https:\/\/gxp-training.com\/fr\/","name":"GxP Training : Certified Online Courses for Life Sciences","description":"Online Trainings and Certified Courses in Regulatory Compliance for Pharmaceutical Experts","publisher":{"@id":"https:\/\/gxp-training.com\/fr\/#organization"},"potentialAction":[{"@type":"SearchAction","target":{"@type":"EntryPoint","urlTemplate":"https:\/\/gxp-training.com\/fr\/?s={search_term_string}"},"query-input":{"@type":"PropertyValueSpecification","valueRequired":true,"valueName":"search_term_string"}}],"inLanguage":"fr-FR"},{"@type":"Organization","@id":"https:\/\/gxp-training.com\/fr\/#organization","name":"GXP Training","url":"https:\/\/gxp-training.com\/fr\/","logo":{"@type":"ImageObject","inLanguage":"fr-FR","@id":"https:\/\/gxp-training.com\/fr\/#\/schema\/logo\/image\/","url":"https:\/\/gxp-training.com\/wp-content\/uploads\/2022\/05\/logo-resize.png","contentUrl":"https:\/\/gxp-training.com\/wp-content\/uploads\/2022\/05\/logo-resize.png","width":350,"height":100,"caption":"GXP Training"},"image":{"@id":"https:\/\/gxp-training.com\/fr\/#\/schema\/logo\/image\/"}}]}},"_links":{"self":[{"href":"https:\/\/gxp-training.com\/fr\/wp-json\/wp\/v2\/product\/57890","targetHints":{"allow":["GET"]}}],"collection":[{"href":"https:\/\/gxp-training.com\/fr\/wp-json\/wp\/v2\/product"}],"about":[{"href":"https:\/\/gxp-training.com\/fr\/wp-json\/wp\/v2\/types\/product"}],"wp:featuredmedia":[{"embeddable":true,"href":"https:\/\/gxp-training.com\/fr\/wp-json\/wp\/v2\/media\/54334"}],"wp:attachment":[{"href":"https:\/\/gxp-training.com\/fr\/wp-json\/wp\/v2\/media?parent=57890"}],"wp:term":[{"taxonomy":"product_brand","embeddable":true,"href":"https:\/\/gxp-training.com\/fr\/wp-json\/wp\/v2\/product_brand?post=57890"},{"taxonomy":"product_cat","embeddable":true,"href":"https:\/\/gxp-training.com\/fr\/wp-json\/wp\/v2\/product_cat?post=57890"},{"taxonomy":"product_tag","embeddable":true,"href":"https:\/\/gxp-training.com\/fr\/wp-json\/wp\/v2\/product_tag?post=57890"}],"curies":[{"name":"wp","href":"https:\/\/api.w.org\/{rel}","templated":true}]}}