{"id":57872,"date":"2026-01-18T01:08:57","date_gmt":"2026-01-18T00:08:57","guid":{"rendered":"https:\/\/gxp-training.com\/online-course\/conformite-a-la-lutte-contre-le-blanchiment-dargent-aml-dans-les-sciences-de-la-vie\/"},"modified":"2026-01-18T01:08:57","modified_gmt":"2026-01-18T00:08:57","slug":"conformite-a-la-lutte-contre-le-blanchiment-dargent-aml-dans-les-sciences-de-la-vie","status":"publish","type":"product","link":"https:\/\/gxp-training.com\/fr\/online-course\/conformite-a-la-lutte-contre-le-blanchiment-dargent-aml-dans-les-sciences-de-la-vie\/","title":{"rendered":"Conformit\u00e9 \u00e0 la lutte contre le blanchiment d\u2019argent (AML) dans les sciences de la vie"},"content":{"rendered":"<p>L\u2019industrie des sciences de la vie op\u00e8re au sein de cha\u00eenes d\u2019approvisionnement mondiales complexes et de transactions \u00e0 forte valeur, ce qui la rend vuln\u00e9rable aux risques de blanchiment d\u2019argent et de criminalit\u00e9 financi\u00e8re. Les organisations pharmaceutiques, biotechnologiques, de dispositifs m\u00e9dicaux et de recherche clinique doivent comprendre comment les exigences de <a href=\"https:\/\/www.finra.org\/rules-guidance\/key-topics\/aml\">lutte contre le blanchiment d\u2019argent<\/a> (AML) s\u2019appliquent \u00e0 leurs activit\u00e9s. <\/p>\n<p>Ce cours offre une vue d\u2019ensemble pratique de la conformit\u00e9 AML dans l\u2019industrie des sciences de la vie. Les apprenants d\u00e9couvriront comment les cadres AML mondiaux s\u2019appliquent aux \u00c9tats-Unis, dans l\u2019UE et au Royaume-Uni, et comment des programmes AML efficaces sont con\u00e7us et maintenus. <\/p>\n<p>En suivant ce cours, vous acquerrez les connaissances n\u00e9cessaires pour identifier les risques AML, comprendre les attentes en mati\u00e8re de diligence raisonnable et de reporting, et soutenir des op\u00e9rations conformes et \u00e9thiques dans des environnements r\u00e9glement\u00e9s des sciences de la vie.<\/p>\n<p>\u00c0 l\u2019issue de la r\u00e9ussite, vous recevrez un <strong>certificat valid\u00e9<\/strong> accr\u00e9dit\u00e9 avec des cr\u00e9dits CPD\/CEU, adapt\u00e9 aux besoins d\u2019audit et de documentation de conformit\u00e9.<\/p>\n<p><strong>Qui devrait s\u2019inscrire ?<\/strong><\/p>\n<ul>\n<li>Responsables conformit\u00e9, \u00e9thique et risques de criminalit\u00e9 financi\u00e8re au sein d\u2019organisations des sciences de la vie<\/li>\n<li>Professionnels de la finance, des comptes fournisseurs et des achats g\u00e9rant des paiements \u00e0 haut risque<\/li>\n<li>\u00c9quipes <a href=\"https:\/\/gxp-training.com\/fr\/gxp-courses\/bpd-bonnes-pratiques-de-distribution\/\">supply chain<\/a>, sourcing et diligence raisonnable des tiers<\/li>\n<li>Professionnels des <a href=\"https:\/\/gxp-training.com\/fr\/online-course\/specialiste-des-affaires-reglementaires\/\">affaires r\u00e9glementaires<\/a> et de l\u2019<a href=\"https:\/\/gxp-training.com\/fr\/online-course\/audit-bpf-interne-role-de-lauditeur-bpf\/\">audit interne<\/a> supervisant les programmes de conformit\u00e9<\/li>\n<li>Professionnels responsables de l\u2019AML, du filtrage des sanctions ou des contr\u00f4les anti-corruption<\/li>\n<\/ul>\n<p>&nbsp;<\/p>\n<p><strong>Ce que vous apprendrez ?<\/strong><\/p>\n<ul>\n<li>Comprendre comment les risques de blanchiment d\u2019argent impactent les organisations des sciences de la vie<\/li>\n<li>Identifier les signaux d\u2019alerte AML dans les paiements, les achats et les activit\u00e9s d\u2019essais cliniques<\/li>\n<li>Apprendre comment les cadres AML mondiaux s\u2019appliquent aux \u00c9tats-Unis, dans l\u2019UE et au Royaume-Uni<\/li>\n<li>Appliquer les exigences de diligence raisonnable client (<a href=\"https:\/\/www.fincen.gov\/resources\/statutes-and-regulations\/cdd-final-rule\">CDD\/EDD<\/a>) et de filtrage des sanctions<\/li>\n<li>Mettre en \u0153uvre les contr\u00f4les AML essentiels au sein des syst\u00e8mes de conformit\u00e9 des sciences de la vie<\/li>\n<\/ul>\n<p>&nbsp;<\/p>\n<h3>Programme :<\/h3>\n<p><strong>Le\u00e7on 1 : Le blanchiment d\u2019argent et sa pertinence pour les sciences de la vie<\/strong><\/p>\n<p><strong>Le\u00e7on 2 : Cadres AML mondiaux et r\u00e9gionaux (GAFI, UE, Royaume-Uni, \u00c9tats-Unis)<\/strong><\/p>\n<p><strong>Le\u00e7on 3 : Diligence raisonnable client (CDD), diligence renforc\u00e9e (EDD) et b\u00e9n\u00e9ficiaire effectif<\/strong><\/p>\n<p><strong>Le\u00e7on 4 : Paiements, sanctions et signaux d\u2019alerte dans les transactions des sciences de la vie<\/strong><\/p>\n<p><strong>Le\u00e7on 5 : Construire un programme de conformit\u00e9 AML pour les organisations des sciences de la vie<\/strong><\/p>\n<p><strong>Le\u00e7on 6 : Enqu\u00eates, reporting et interaction avec les autorit\u00e9s r\u00e9glementaires<\/strong><\/p>\n<p><strong>Conclusion<\/strong><\/p>\n<p><strong>\u00c9valuation<\/strong><\/p>\n","protected":false},"excerpt":{"rendered":"<p>L\u2019industrie des sciences de la vie op\u00e8re au sein de cha\u00eenes d\u2019approvisionnement mondiales complexes et de transactions \u00e0 forte valeur, ce qui la rend vuln\u00e9rable aux risques de blanchiment d\u2019argent et de criminalit\u00e9 financi\u00e8re. Les organisations pharmaceutiques, biotechnologiques, de dispositifs m\u00e9dicaux et de recherche clinique doivent comprendre comment les exigences de lutte contre le blanchiment [&hellip;]<\/p>\n","protected":false},"featured_media":54561,"template":"","meta":{"_acf_changed":false,"content-type":""},"product_brand":[],"product_cat":[258,264],"product_tag":[],"class_list":{"0":"post-57872","1":"product","2":"type-product","3":"status-publish","4":"has-post-thumbnail","6":"product_cat-pharmaceutique","7":"product_cat-transversal","9":"first","10":"instock","11":"taxable","12":"shipping-taxable","13":"purchasable","14":"product-type-subscription"},"bundled_by":[],"bundle_stock_status":"instock","bundle_stock_quantity":null,"bundle_virtual":false,"bundle_layout":"","bundle_add_to_cart_form_location":"","bundle_editable_in_cart":false,"bundle_sold_individually_context":"","bundle_item_grouping":"","bundle_min_size":"","bundle_max_size":"","bundle_price":[],"bundled_items":[],"bundle_sell_ids":[],"acf":[],"yoast_head":"<!-- This site is optimized with the Yoast SEO plugin v27.5 - https:\/\/yoast.com\/product\/yoast-seo-wordpress\/ -->\n<title>Cours certifiant de conformit\u00e9 AML pour les sciences de la vie<\/title>\n<meta name=\"description\" content=\"Cours de formation AML certifi\u00e9 pour la pharma, la biotech et les op\u00e9rations cliniques. Commencez votre parcours d\u2019apprentissage et obtenez un certificat de formation reconnu par les auditeurs\" \/>\n<meta name=\"robots\" content=\"index, follow, max-snippet:-1, max-image-preview:large, max-video-preview:-1\" \/>\n<link rel=\"canonical\" href=\"https:\/\/gxp-training.com\/fr\/online-course\/conformite-a-la-lutte-contre-le-blanchiment-dargent-aml-dans-les-sciences-de-la-vie\/\" \/>\n<meta property=\"og:locale\" content=\"fr_FR\" \/>\n<meta property=\"og:type\" content=\"article\" \/>\n<meta property=\"og:title\" content=\"Cours certifiant de conformit\u00e9 AML pour les sciences de la vie\" \/>\n<meta property=\"og:description\" content=\"Cours de formation AML certifi\u00e9 pour la pharma, la biotech et les op\u00e9rations cliniques. Commencez votre parcours d\u2019apprentissage et obtenez un certificat de formation reconnu par les auditeurs\" \/>\n<meta property=\"og:url\" content=\"https:\/\/gxp-training.com\/fr\/online-course\/conformite-a-la-lutte-contre-le-blanchiment-dargent-aml-dans-les-sciences-de-la-vie\/\" \/>\n<meta property=\"og:site_name\" content=\"GxP Training : Certified Online Courses for Life Sciences\" \/>\n<meta property=\"og:image\" content=\"https:\/\/gxp-training.com\/wp-content\/uploads\/2026\/01\/AML-4.png\" \/>\n\t<meta property=\"og:image:width\" content=\"900\" \/>\n\t<meta property=\"og:image:height\" content=\"627\" \/>\n\t<meta property=\"og:image:type\" content=\"image\/png\" \/>\n<meta name=\"twitter:card\" content=\"summary_large_image\" \/>\n<meta name=\"twitter:label1\" content=\"Dur\u00e9e de lecture estim\u00e9e\" \/>\n\t<meta name=\"twitter:data1\" content=\"2 minutes\" \/>\n<script type=\"application\/ld+json\" class=\"yoast-schema-graph\">{\"@context\":\"https:\\\/\\\/schema.org\",\"@graph\":[{\"@type\":\"WebPage\",\"@id\":\"https:\\\/\\\/gxp-training.com\\\/fr\\\/online-course\\\/conformite-a-la-lutte-contre-le-blanchiment-dargent-aml-dans-les-sciences-de-la-vie\\\/\",\"url\":\"https:\\\/\\\/gxp-training.com\\\/fr\\\/online-course\\\/conformite-a-la-lutte-contre-le-blanchiment-dargent-aml-dans-les-sciences-de-la-vie\\\/\",\"name\":\"Cours certifiant de conformit\u00e9 AML pour les sciences de la vie\",\"isPartOf\":{\"@id\":\"https:\\\/\\\/gxp-training.com\\\/fr\\\/#website\"},\"primaryImageOfPage\":{\"@id\":\"https:\\\/\\\/gxp-training.com\\\/fr\\\/online-course\\\/conformite-a-la-lutte-contre-le-blanchiment-dargent-aml-dans-les-sciences-de-la-vie\\\/#primaryimage\"},\"image\":{\"@id\":\"https:\\\/\\\/gxp-training.com\\\/fr\\\/online-course\\\/conformite-a-la-lutte-contre-le-blanchiment-dargent-aml-dans-les-sciences-de-la-vie\\\/#primaryimage\"},\"thumbnailUrl\":\"https:\\\/\\\/gxp-training.com\\\/wp-content\\\/uploads\\\/2026\\\/01\\\/AML-4.png\",\"datePublished\":\"2026-01-18T00:08:57+00:00\",\"description\":\"Cours de formation AML certifi\u00e9 pour la pharma, la biotech et les op\u00e9rations cliniques. Commencez votre parcours d\u2019apprentissage et obtenez un certificat de formation reconnu par les auditeurs\",\"breadcrumb\":{\"@id\":\"https:\\\/\\\/gxp-training.com\\\/fr\\\/online-course\\\/conformite-a-la-lutte-contre-le-blanchiment-dargent-aml-dans-les-sciences-de-la-vie\\\/#breadcrumb\"},\"inLanguage\":\"fr-FR\",\"potentialAction\":[{\"@type\":\"ReadAction\",\"target\":[\"https:\\\/\\\/gxp-training.com\\\/fr\\\/online-course\\\/conformite-a-la-lutte-contre-le-blanchiment-dargent-aml-dans-les-sciences-de-la-vie\\\/\"]}]},{\"@type\":\"ImageObject\",\"inLanguage\":\"fr-FR\",\"@id\":\"https:\\\/\\\/gxp-training.com\\\/fr\\\/online-course\\\/conformite-a-la-lutte-contre-le-blanchiment-dargent-aml-dans-les-sciences-de-la-vie\\\/#primaryimage\",\"url\":\"https:\\\/\\\/gxp-training.com\\\/wp-content\\\/uploads\\\/2026\\\/01\\\/AML-4.png\",\"contentUrl\":\"https:\\\/\\\/gxp-training.com\\\/wp-content\\\/uploads\\\/2026\\\/01\\\/AML-4.png\",\"width\":900,\"height\":627},{\"@type\":\"BreadcrumbList\",\"@id\":\"https:\\\/\\\/gxp-training.com\\\/fr\\\/online-course\\\/conformite-a-la-lutte-contre-le-blanchiment-dargent-aml-dans-les-sciences-de-la-vie\\\/#breadcrumb\",\"itemListElement\":[{\"@type\":\"ListItem\",\"position\":1,\"name\":\"Accueil\",\"item\":\"https:\\\/\\\/gxp-training.com\\\/fr\\\/page-daccueil\\\/\"},{\"@type\":\"ListItem\",\"position\":2,\"name\":\"Produits\",\"item\":\"https:\\\/\\\/gxp-training.com\\\/fr\\\/shop\\\/\"},{\"@type\":\"ListItem\",\"position\":3,\"name\":\"Conformit\u00e9 \u00e0 la lutte contre le blanchiment d\u2019argent (AML) dans les sciences de la vie\"}]},{\"@type\":\"WebSite\",\"@id\":\"https:\\\/\\\/gxp-training.com\\\/fr\\\/#website\",\"url\":\"https:\\\/\\\/gxp-training.com\\\/fr\\\/\",\"name\":\"GxP Training : Certified Online Courses for Life Sciences\",\"description\":\"Online Trainings and Certified Courses in Regulatory Compliance for Pharmaceutical Experts\",\"publisher\":{\"@id\":\"https:\\\/\\\/gxp-training.com\\\/fr\\\/#organization\"},\"potentialAction\":[{\"@type\":\"SearchAction\",\"target\":{\"@type\":\"EntryPoint\",\"urlTemplate\":\"https:\\\/\\\/gxp-training.com\\\/fr\\\/?s={search_term_string}\"},\"query-input\":{\"@type\":\"PropertyValueSpecification\",\"valueRequired\":true,\"valueName\":\"search_term_string\"}}],\"inLanguage\":\"fr-FR\"},{\"@type\":\"Organization\",\"@id\":\"https:\\\/\\\/gxp-training.com\\\/fr\\\/#organization\",\"name\":\"GXP Training\",\"url\":\"https:\\\/\\\/gxp-training.com\\\/fr\\\/\",\"logo\":{\"@type\":\"ImageObject\",\"inLanguage\":\"fr-FR\",\"@id\":\"https:\\\/\\\/gxp-training.com\\\/fr\\\/#\\\/schema\\\/logo\\\/image\\\/\",\"url\":\"https:\\\/\\\/gxp-training.com\\\/wp-content\\\/uploads\\\/2022\\\/05\\\/logo-resize.png\",\"contentUrl\":\"https:\\\/\\\/gxp-training.com\\\/wp-content\\\/uploads\\\/2022\\\/05\\\/logo-resize.png\",\"width\":350,\"height\":100,\"caption\":\"GXP Training\"},\"image\":{\"@id\":\"https:\\\/\\\/gxp-training.com\\\/fr\\\/#\\\/schema\\\/logo\\\/image\\\/\"}}]}<\/script>\n<!-- \/ Yoast SEO plugin. -->","yoast_head_json":{"title":"Cours certifiant de conformit\u00e9 AML pour les sciences de la vie","description":"Cours de formation AML certifi\u00e9 pour la pharma, la biotech et les op\u00e9rations cliniques. Commencez votre parcours d\u2019apprentissage et obtenez un certificat de formation reconnu par les auditeurs","robots":{"index":"index","follow":"follow","max-snippet":"max-snippet:-1","max-image-preview":"max-image-preview:large","max-video-preview":"max-video-preview:-1"},"canonical":"https:\/\/gxp-training.com\/fr\/online-course\/conformite-a-la-lutte-contre-le-blanchiment-dargent-aml-dans-les-sciences-de-la-vie\/","og_locale":"fr_FR","og_type":"article","og_title":"Cours certifiant de conformit\u00e9 AML pour les sciences de la vie","og_description":"Cours de formation AML certifi\u00e9 pour la pharma, la biotech et les op\u00e9rations cliniques. Commencez votre parcours d\u2019apprentissage et obtenez un certificat de formation reconnu par les auditeurs","og_url":"https:\/\/gxp-training.com\/fr\/online-course\/conformite-a-la-lutte-contre-le-blanchiment-dargent-aml-dans-les-sciences-de-la-vie\/","og_site_name":"GxP Training : Certified Online Courses for Life Sciences","og_image":[{"width":900,"height":627,"url":"https:\/\/gxp-training.com\/wp-content\/uploads\/2026\/01\/AML-4.png","type":"image\/png"}],"twitter_card":"summary_large_image","twitter_misc":{"Dur\u00e9e de lecture estim\u00e9e":"2 minutes"},"schema":{"@context":"https:\/\/schema.org","@graph":[{"@type":"WebPage","@id":"https:\/\/gxp-training.com\/fr\/online-course\/conformite-a-la-lutte-contre-le-blanchiment-dargent-aml-dans-les-sciences-de-la-vie\/","url":"https:\/\/gxp-training.com\/fr\/online-course\/conformite-a-la-lutte-contre-le-blanchiment-dargent-aml-dans-les-sciences-de-la-vie\/","name":"Cours certifiant de conformit\u00e9 AML pour les sciences de la vie","isPartOf":{"@id":"https:\/\/gxp-training.com\/fr\/#website"},"primaryImageOfPage":{"@id":"https:\/\/gxp-training.com\/fr\/online-course\/conformite-a-la-lutte-contre-le-blanchiment-dargent-aml-dans-les-sciences-de-la-vie\/#primaryimage"},"image":{"@id":"https:\/\/gxp-training.com\/fr\/online-course\/conformite-a-la-lutte-contre-le-blanchiment-dargent-aml-dans-les-sciences-de-la-vie\/#primaryimage"},"thumbnailUrl":"https:\/\/gxp-training.com\/wp-content\/uploads\/2026\/01\/AML-4.png","datePublished":"2026-01-18T00:08:57+00:00","description":"Cours de formation AML certifi\u00e9 pour la pharma, la biotech et les op\u00e9rations cliniques. Commencez votre parcours d\u2019apprentissage et obtenez un certificat de formation reconnu par les auditeurs","breadcrumb":{"@id":"https:\/\/gxp-training.com\/fr\/online-course\/conformite-a-la-lutte-contre-le-blanchiment-dargent-aml-dans-les-sciences-de-la-vie\/#breadcrumb"},"inLanguage":"fr-FR","potentialAction":[{"@type":"ReadAction","target":["https:\/\/gxp-training.com\/fr\/online-course\/conformite-a-la-lutte-contre-le-blanchiment-dargent-aml-dans-les-sciences-de-la-vie\/"]}]},{"@type":"ImageObject","inLanguage":"fr-FR","@id":"https:\/\/gxp-training.com\/fr\/online-course\/conformite-a-la-lutte-contre-le-blanchiment-dargent-aml-dans-les-sciences-de-la-vie\/#primaryimage","url":"https:\/\/gxp-training.com\/wp-content\/uploads\/2026\/01\/AML-4.png","contentUrl":"https:\/\/gxp-training.com\/wp-content\/uploads\/2026\/01\/AML-4.png","width":900,"height":627},{"@type":"BreadcrumbList","@id":"https:\/\/gxp-training.com\/fr\/online-course\/conformite-a-la-lutte-contre-le-blanchiment-dargent-aml-dans-les-sciences-de-la-vie\/#breadcrumb","itemListElement":[{"@type":"ListItem","position":1,"name":"Accueil","item":"https:\/\/gxp-training.com\/fr\/page-daccueil\/"},{"@type":"ListItem","position":2,"name":"Produits","item":"https:\/\/gxp-training.com\/fr\/shop\/"},{"@type":"ListItem","position":3,"name":"Conformit\u00e9 \u00e0 la lutte contre le blanchiment d\u2019argent (AML) dans les sciences de la vie"}]},{"@type":"WebSite","@id":"https:\/\/gxp-training.com\/fr\/#website","url":"https:\/\/gxp-training.com\/fr\/","name":"GxP Training : Certified Online Courses for Life Sciences","description":"Online Trainings and Certified Courses in Regulatory Compliance for Pharmaceutical Experts","publisher":{"@id":"https:\/\/gxp-training.com\/fr\/#organization"},"potentialAction":[{"@type":"SearchAction","target":{"@type":"EntryPoint","urlTemplate":"https:\/\/gxp-training.com\/fr\/?s={search_term_string}"},"query-input":{"@type":"PropertyValueSpecification","valueRequired":true,"valueName":"search_term_string"}}],"inLanguage":"fr-FR"},{"@type":"Organization","@id":"https:\/\/gxp-training.com\/fr\/#organization","name":"GXP Training","url":"https:\/\/gxp-training.com\/fr\/","logo":{"@type":"ImageObject","inLanguage":"fr-FR","@id":"https:\/\/gxp-training.com\/fr\/#\/schema\/logo\/image\/","url":"https:\/\/gxp-training.com\/wp-content\/uploads\/2022\/05\/logo-resize.png","contentUrl":"https:\/\/gxp-training.com\/wp-content\/uploads\/2022\/05\/logo-resize.png","width":350,"height":100,"caption":"GXP Training"},"image":{"@id":"https:\/\/gxp-training.com\/fr\/#\/schema\/logo\/image\/"}}]}},"_links":{"self":[{"href":"https:\/\/gxp-training.com\/fr\/wp-json\/wp\/v2\/product\/57872","targetHints":{"allow":["GET"]}}],"collection":[{"href":"https:\/\/gxp-training.com\/fr\/wp-json\/wp\/v2\/product"}],"about":[{"href":"https:\/\/gxp-training.com\/fr\/wp-json\/wp\/v2\/types\/product"}],"wp:featuredmedia":[{"embeddable":true,"href":"https:\/\/gxp-training.com\/fr\/wp-json\/wp\/v2\/media\/54561"}],"wp:attachment":[{"href":"https:\/\/gxp-training.com\/fr\/wp-json\/wp\/v2\/media?parent=57872"}],"wp:term":[{"taxonomy":"product_brand","embeddable":true,"href":"https:\/\/gxp-training.com\/fr\/wp-json\/wp\/v2\/product_brand?post=57872"},{"taxonomy":"product_cat","embeddable":true,"href":"https:\/\/gxp-training.com\/fr\/wp-json\/wp\/v2\/product_cat?post=57872"},{"taxonomy":"product_tag","embeddable":true,"href":"https:\/\/gxp-training.com\/fr\/wp-json\/wp\/v2\/product_tag?post=57872"}],"curies":[{"name":"wp","href":"https:\/\/api.w.org\/{rel}","templated":true}]}}