{"id":57866,"date":"2023-11-09T15:20:36","date_gmt":"2023-11-09T15:20:36","guid":{"rendered":"https:\/\/gxp-training.com\/online-course\/cours-de-validation-du-nettoyage\/"},"modified":"2023-11-09T15:20:36","modified_gmt":"2023-11-09T14:20:36","slug":"cours-de-validation-du-nettoyage","status":"publish","type":"product","link":"https:\/\/gxp-training.com\/fr\/online-course\/cours-de-validation-du-nettoyage\/","title":{"rendered":"Cours de validation du nettoyage"},"content":{"rendered":"<p>Dans l\u2019industrie pharmaceutique, la propret\u00e9 des \u00e9quipements de production n\u2019est pas seulement une question de bonnes pratiques, mais une exigence r\u00e9glementaire. Les contaminants tels que la poussi\u00e8re, les microbes et les substances r\u00e9siduelles peuvent compromettre la s\u00e9curit\u00e9 et l\u2019efficacit\u00e9 des produits pharmaceutiques. Le cours \u00ab Validation du nettoyage \u00bb est con\u00e7u pour fournir une compr\u00e9hension compl\u00e8te de la mani\u00e8re d\u2019effectuer et de valider le nettoyage afin de respecter efficacement les r\u00e9glementations <a href=\"https:\/\/gxp-training.com\/fr\/gxp-courses\/bpf-bonnes-pratiques-de-fabrication\/\">BPF<\/a> strictes.  <\/p>\n<p><strong>Qui devrait s\u2019inscrire ?<\/strong> Cette formation essentielle est destin\u00e9e aux sp\u00e9cialistes de l\u2019assurance qualit\u00e9 et du contr\u00f4le qualit\u00e9, aux directeurs de production et au personnel op\u00e9rationnel du secteur pharmaceutique.<\/p>\n<p>Guid\u00e9s par le Dr Jefferson, un responsable CAPA exp\u00e9riment\u00e9 avec une vaste exp\u00e9rience de l\u2019industrie, les participants acquerront des comp\u00e9tences pratiques pour pr\u00e9venir les risques de contamination. L\u2019exp\u00e9rience du Dr Jefferson garantit que le mat\u00e9riel de cours est ancr\u00e9 dans des applications r\u00e9elles, fournissant aux participants des strat\u00e9gies pour maintenir l\u2019int\u00e9grit\u00e9 des produits et la conformit\u00e9 r\u00e9glementaire. <\/p>\n<p>La r\u00e9ussite du cours donne droit \u00e0 un certificat unique, partageable et v\u00e9rifiable, attestant de la ma\u00eetrise des principes et des pratiques n\u00e9cessaires pour g\u00e9rer et certifier des environnements de fabrication propres.<\/p>\n<p>&nbsp;<\/p>\n<h3>Programme :<\/h3>\n<p>&nbsp;<\/p>\n<p><strong>Le\u00e7on 1 : Introduction<\/strong><\/p>\n<p>&nbsp;<\/p>\n<p><strong>Le\u00e7on 2 : Port\u00e9e de la validation du nettoyage<\/strong><\/p>\n<p>&nbsp;<\/p>\n<p><strong>Le\u00e7on 3 : Lignes directrices g\u00e9n\u00e9rales<\/strong><\/p>\n<p>&nbsp;<\/p>\n<p><strong>Le\u00e7on 4 : Processus de validation du nettoyage<\/strong><\/p>\n<p>&nbsp;<\/p>\n<p><strong>Le\u00e7on 5 : Crit\u00e8res d\u2019acceptation<\/strong><\/p>\n<p>&nbsp;<\/p>\n<p><strong>Conclusion<\/strong><\/p>\n<p>&nbsp;<\/p>\n<p><strong>\u00c9valuation<\/strong><\/p>\n","protected":false},"excerpt":{"rendered":"<p>Dans l\u2019industrie pharmaceutique, la propret\u00e9 des \u00e9quipements de production n\u2019est pas seulement une question de bonnes pratiques, mais une exigence r\u00e9glementaire. Les contaminants tels que la poussi\u00e8re, les microbes et les substances r\u00e9siduelles peuvent compromettre la s\u00e9curit\u00e9 et l\u2019efficacit\u00e9 des produits pharmaceutiques. Le cours \u00ab Validation du nettoyage \u00bb est con\u00e7u pour fournir une compr\u00e9hension [&hellip;]<\/p>\n","protected":false},"featured_media":44739,"template":"","meta":{"_acf_changed":false,"content-type":""},"product_brand":[],"product_cat":[255,257,254,258],"product_tag":[],"class_list":{"0":"post-57866","1":"product","2":"type-product","3":"status-publish","4":"has-post-thumbnail","6":"product_cat-affaires-reglementaires","7":"product_cat-assurance-qualite","8":"product_cat-bpf-bonnes-pratiques-de-fabrication","9":"product_cat-pharmaceutique","11":"first","12":"instock","13":"taxable","14":"shipping-taxable","15":"purchasable","16":"product-type-subscription"},"bundled_by":[],"bundle_stock_status":"instock","bundle_stock_quantity":null,"bundle_virtual":false,"bundle_layout":"","bundle_add_to_cart_form_location":"","bundle_editable_in_cart":false,"bundle_sold_individually_context":"","bundle_item_grouping":"","bundle_min_size":"","bundle_max_size":"","bundle_price":[],"bundled_items":[],"bundle_sell_ids":[],"acf":[],"yoast_head":"<!-- This site is optimized with the Yoast SEO plugin v27.5 - https:\/\/yoast.com\/product\/yoast-seo-wordpress\/ -->\n<title>Validation du nettoyage \u2013 Cours certifi\u00e9 en ligne par les meilleurs experts BPF<\/title>\n<meta name=\"description\" content=\"Inscrivez-vous d\u00e8s maintenant \u00e0 notre cours certifi\u00e9 sur la validation du nettoyage. Obtenez votre certification aupr\u00e8s des meilleurs experts BPF. Ce cours est accr\u00e9dit\u00e9 CPD et CEU.\" \/>\n<meta name=\"robots\" content=\"index, follow, max-snippet:-1, max-image-preview:large, max-video-preview:-1\" \/>\n<link rel=\"canonical\" href=\"https:\/\/gxp-training.com\/fr\/online-course\/cours-de-validation-du-nettoyage\/\" \/>\n<meta property=\"og:locale\" content=\"fr_FR\" \/>\n<meta property=\"og:type\" content=\"article\" \/>\n<meta property=\"og:title\" content=\"Validation du nettoyage \u2013 Cours certifi\u00e9 en ligne par les meilleurs experts BPF\" \/>\n<meta property=\"og:description\" content=\"Inscrivez-vous d\u00e8s maintenant \u00e0 notre cours certifi\u00e9 sur la validation du nettoyage. Obtenez votre certification aupr\u00e8s des meilleurs experts BPF. Ce cours est accr\u00e9dit\u00e9 CPD et CEU.\" \/>\n<meta property=\"og:url\" content=\"https:\/\/gxp-training.com\/fr\/online-course\/cours-de-validation-du-nettoyage\/\" \/>\n<meta property=\"og:site_name\" content=\"GxP Training : Certified Online Courses for Life Sciences\" \/>\n<meta property=\"og:image\" content=\"https:\/\/gxp-training.com\/wp-content\/uploads\/2023\/11\/Cleaning-Validation.png\" \/>\n\t<meta property=\"og:image:width\" content=\"900\" \/>\n\t<meta property=\"og:image:height\" content=\"627\" \/>\n\t<meta property=\"og:image:type\" content=\"image\/png\" \/>\n<meta name=\"twitter:card\" content=\"summary_large_image\" \/>\n<meta name=\"twitter:label1\" content=\"Dur\u00e9e de lecture estim\u00e9e\" \/>\n\t<meta name=\"twitter:data1\" content=\"1 minute\" \/>\n<script type=\"application\/ld+json\" class=\"yoast-schema-graph\">{\"@context\":\"https:\\\/\\\/schema.org\",\"@graph\":[{\"@type\":\"WebPage\",\"@id\":\"https:\\\/\\\/gxp-training.com\\\/fr\\\/online-course\\\/cours-de-validation-du-nettoyage\\\/\",\"url\":\"https:\\\/\\\/gxp-training.com\\\/fr\\\/online-course\\\/cours-de-validation-du-nettoyage\\\/\",\"name\":\"Validation du nettoyage \u2013 Cours certifi\u00e9 en ligne par les meilleurs experts BPF\",\"isPartOf\":{\"@id\":\"https:\\\/\\\/gxp-training.com\\\/fr\\\/#website\"},\"primaryImageOfPage\":{\"@id\":\"https:\\\/\\\/gxp-training.com\\\/fr\\\/online-course\\\/cours-de-validation-du-nettoyage\\\/#primaryimage\"},\"image\":{\"@id\":\"https:\\\/\\\/gxp-training.com\\\/fr\\\/online-course\\\/cours-de-validation-du-nettoyage\\\/#primaryimage\"},\"thumbnailUrl\":\"https:\\\/\\\/gxp-training.com\\\/wp-content\\\/uploads\\\/2023\\\/11\\\/Cleaning-Validation.png\",\"datePublished\":\"2023-11-09T15:20:36+00:00\",\"description\":\"Inscrivez-vous d\u00e8s maintenant \u00e0 notre cours certifi\u00e9 sur la validation du nettoyage. Obtenez votre certification aupr\u00e8s des meilleurs experts BPF. Ce cours est accr\u00e9dit\u00e9 CPD et CEU.\",\"breadcrumb\":{\"@id\":\"https:\\\/\\\/gxp-training.com\\\/fr\\\/online-course\\\/cours-de-validation-du-nettoyage\\\/#breadcrumb\"},\"inLanguage\":\"fr-FR\",\"potentialAction\":[{\"@type\":\"ReadAction\",\"target\":[\"https:\\\/\\\/gxp-training.com\\\/fr\\\/online-course\\\/cours-de-validation-du-nettoyage\\\/\"]}]},{\"@type\":\"ImageObject\",\"inLanguage\":\"fr-FR\",\"@id\":\"https:\\\/\\\/gxp-training.com\\\/fr\\\/online-course\\\/cours-de-validation-du-nettoyage\\\/#primaryimage\",\"url\":\"https:\\\/\\\/gxp-training.com\\\/wp-content\\\/uploads\\\/2023\\\/11\\\/Cleaning-Validation.png\",\"contentUrl\":\"https:\\\/\\\/gxp-training.com\\\/wp-content\\\/uploads\\\/2023\\\/11\\\/Cleaning-Validation.png\",\"width\":900,\"height\":627},{\"@type\":\"BreadcrumbList\",\"@id\":\"https:\\\/\\\/gxp-training.com\\\/fr\\\/online-course\\\/cours-de-validation-du-nettoyage\\\/#breadcrumb\",\"itemListElement\":[{\"@type\":\"ListItem\",\"position\":1,\"name\":\"Accueil\",\"item\":\"https:\\\/\\\/gxp-training.com\\\/fr\\\/page-daccueil\\\/\"},{\"@type\":\"ListItem\",\"position\":2,\"name\":\"Produits\",\"item\":\"https:\\\/\\\/gxp-training.com\\\/fr\\\/shop\\\/\"},{\"@type\":\"ListItem\",\"position\":3,\"name\":\"Cours de validation du nettoyage\"}]},{\"@type\":\"WebSite\",\"@id\":\"https:\\\/\\\/gxp-training.com\\\/fr\\\/#website\",\"url\":\"https:\\\/\\\/gxp-training.com\\\/fr\\\/\",\"name\":\"GxP Training : Certified Online Courses for Life Sciences\",\"description\":\"Online Trainings and Certified Courses in Regulatory Compliance for Pharmaceutical Experts\",\"publisher\":{\"@id\":\"https:\\\/\\\/gxp-training.com\\\/fr\\\/#organization\"},\"potentialAction\":[{\"@type\":\"SearchAction\",\"target\":{\"@type\":\"EntryPoint\",\"urlTemplate\":\"https:\\\/\\\/gxp-training.com\\\/fr\\\/?s={search_term_string}\"},\"query-input\":{\"@type\":\"PropertyValueSpecification\",\"valueRequired\":true,\"valueName\":\"search_term_string\"}}],\"inLanguage\":\"fr-FR\"},{\"@type\":\"Organization\",\"@id\":\"https:\\\/\\\/gxp-training.com\\\/fr\\\/#organization\",\"name\":\"GXP Training\",\"url\":\"https:\\\/\\\/gxp-training.com\\\/fr\\\/\",\"logo\":{\"@type\":\"ImageObject\",\"inLanguage\":\"fr-FR\",\"@id\":\"https:\\\/\\\/gxp-training.com\\\/fr\\\/#\\\/schema\\\/logo\\\/image\\\/\",\"url\":\"https:\\\/\\\/gxp-training.com\\\/wp-content\\\/uploads\\\/2022\\\/05\\\/logo-resize.png\",\"contentUrl\":\"https:\\\/\\\/gxp-training.com\\\/wp-content\\\/uploads\\\/2022\\\/05\\\/logo-resize.png\",\"width\":350,\"height\":100,\"caption\":\"GXP Training\"},\"image\":{\"@id\":\"https:\\\/\\\/gxp-training.com\\\/fr\\\/#\\\/schema\\\/logo\\\/image\\\/\"}}]}<\/script>\n<!-- \/ Yoast SEO plugin. -->","yoast_head_json":{"title":"Validation du nettoyage \u2013 Cours certifi\u00e9 en ligne par les meilleurs experts BPF","description":"Inscrivez-vous d\u00e8s maintenant \u00e0 notre cours certifi\u00e9 sur la validation du nettoyage. Obtenez votre certification aupr\u00e8s des meilleurs experts BPF. Ce cours est accr\u00e9dit\u00e9 CPD et CEU.","robots":{"index":"index","follow":"follow","max-snippet":"max-snippet:-1","max-image-preview":"max-image-preview:large","max-video-preview":"max-video-preview:-1"},"canonical":"https:\/\/gxp-training.com\/fr\/online-course\/cours-de-validation-du-nettoyage\/","og_locale":"fr_FR","og_type":"article","og_title":"Validation du nettoyage \u2013 Cours certifi\u00e9 en ligne par les meilleurs experts BPF","og_description":"Inscrivez-vous d\u00e8s maintenant \u00e0 notre cours certifi\u00e9 sur la validation du nettoyage. Obtenez votre certification aupr\u00e8s des meilleurs experts BPF. Ce cours est accr\u00e9dit\u00e9 CPD et CEU.","og_url":"https:\/\/gxp-training.com\/fr\/online-course\/cours-de-validation-du-nettoyage\/","og_site_name":"GxP Training : Certified Online Courses for Life Sciences","og_image":[{"width":900,"height":627,"url":"https:\/\/gxp-training.com\/wp-content\/uploads\/2023\/11\/Cleaning-Validation.png","type":"image\/png"}],"twitter_card":"summary_large_image","twitter_misc":{"Dur\u00e9e de lecture estim\u00e9e":"1 minute"},"schema":{"@context":"https:\/\/schema.org","@graph":[{"@type":"WebPage","@id":"https:\/\/gxp-training.com\/fr\/online-course\/cours-de-validation-du-nettoyage\/","url":"https:\/\/gxp-training.com\/fr\/online-course\/cours-de-validation-du-nettoyage\/","name":"Validation du nettoyage \u2013 Cours certifi\u00e9 en ligne par les meilleurs experts BPF","isPartOf":{"@id":"https:\/\/gxp-training.com\/fr\/#website"},"primaryImageOfPage":{"@id":"https:\/\/gxp-training.com\/fr\/online-course\/cours-de-validation-du-nettoyage\/#primaryimage"},"image":{"@id":"https:\/\/gxp-training.com\/fr\/online-course\/cours-de-validation-du-nettoyage\/#primaryimage"},"thumbnailUrl":"https:\/\/gxp-training.com\/wp-content\/uploads\/2023\/11\/Cleaning-Validation.png","datePublished":"2023-11-09T15:20:36+00:00","description":"Inscrivez-vous d\u00e8s maintenant \u00e0 notre cours certifi\u00e9 sur la validation du nettoyage. Obtenez votre certification aupr\u00e8s des meilleurs experts BPF. Ce cours est accr\u00e9dit\u00e9 CPD et CEU.","breadcrumb":{"@id":"https:\/\/gxp-training.com\/fr\/online-course\/cours-de-validation-du-nettoyage\/#breadcrumb"},"inLanguage":"fr-FR","potentialAction":[{"@type":"ReadAction","target":["https:\/\/gxp-training.com\/fr\/online-course\/cours-de-validation-du-nettoyage\/"]}]},{"@type":"ImageObject","inLanguage":"fr-FR","@id":"https:\/\/gxp-training.com\/fr\/online-course\/cours-de-validation-du-nettoyage\/#primaryimage","url":"https:\/\/gxp-training.com\/wp-content\/uploads\/2023\/11\/Cleaning-Validation.png","contentUrl":"https:\/\/gxp-training.com\/wp-content\/uploads\/2023\/11\/Cleaning-Validation.png","width":900,"height":627},{"@type":"BreadcrumbList","@id":"https:\/\/gxp-training.com\/fr\/online-course\/cours-de-validation-du-nettoyage\/#breadcrumb","itemListElement":[{"@type":"ListItem","position":1,"name":"Accueil","item":"https:\/\/gxp-training.com\/fr\/page-daccueil\/"},{"@type":"ListItem","position":2,"name":"Produits","item":"https:\/\/gxp-training.com\/fr\/shop\/"},{"@type":"ListItem","position":3,"name":"Cours de validation du nettoyage"}]},{"@type":"WebSite","@id":"https:\/\/gxp-training.com\/fr\/#website","url":"https:\/\/gxp-training.com\/fr\/","name":"GxP Training : Certified Online Courses for Life Sciences","description":"Online Trainings and Certified Courses in Regulatory Compliance for Pharmaceutical Experts","publisher":{"@id":"https:\/\/gxp-training.com\/fr\/#organization"},"potentialAction":[{"@type":"SearchAction","target":{"@type":"EntryPoint","urlTemplate":"https:\/\/gxp-training.com\/fr\/?s={search_term_string}"},"query-input":{"@type":"PropertyValueSpecification","valueRequired":true,"valueName":"search_term_string"}}],"inLanguage":"fr-FR"},{"@type":"Organization","@id":"https:\/\/gxp-training.com\/fr\/#organization","name":"GXP Training","url":"https:\/\/gxp-training.com\/fr\/","logo":{"@type":"ImageObject","inLanguage":"fr-FR","@id":"https:\/\/gxp-training.com\/fr\/#\/schema\/logo\/image\/","url":"https:\/\/gxp-training.com\/wp-content\/uploads\/2022\/05\/logo-resize.png","contentUrl":"https:\/\/gxp-training.com\/wp-content\/uploads\/2022\/05\/logo-resize.png","width":350,"height":100,"caption":"GXP Training"},"image":{"@id":"https:\/\/gxp-training.com\/fr\/#\/schema\/logo\/image\/"}}]}},"_links":{"self":[{"href":"https:\/\/gxp-training.com\/fr\/wp-json\/wp\/v2\/product\/57866","targetHints":{"allow":["GET"]}}],"collection":[{"href":"https:\/\/gxp-training.com\/fr\/wp-json\/wp\/v2\/product"}],"about":[{"href":"https:\/\/gxp-training.com\/fr\/wp-json\/wp\/v2\/types\/product"}],"wp:featuredmedia":[{"embeddable":true,"href":"https:\/\/gxp-training.com\/fr\/wp-json\/wp\/v2\/media\/44739"}],"wp:attachment":[{"href":"https:\/\/gxp-training.com\/fr\/wp-json\/wp\/v2\/media?parent=57866"}],"wp:term":[{"taxonomy":"product_brand","embeddable":true,"href":"https:\/\/gxp-training.com\/fr\/wp-json\/wp\/v2\/product_brand?post=57866"},{"taxonomy":"product_cat","embeddable":true,"href":"https:\/\/gxp-training.com\/fr\/wp-json\/wp\/v2\/product_cat?post=57866"},{"taxonomy":"product_tag","embeddable":true,"href":"https:\/\/gxp-training.com\/fr\/wp-json\/wp\/v2\/product_tag?post=57866"}],"curies":[{"name":"wp","href":"https:\/\/api.w.org\/{rel}","templated":true}]}}