{"id":57858,"date":"2023-11-20T14:23:02","date_gmt":"2023-11-20T14:23:02","guid":{"rendered":"https:\/\/gxp-training.com\/online-course\/attache-de-recherche-clinique-arc\/"},"modified":"2023-11-20T14:23:02","modified_gmt":"2023-11-20T13:23:02","slug":"attache-de-recherche-clinique-arc","status":"publish","type":"product","link":"https:\/\/gxp-training.com\/fr\/online-course\/attache-de-recherche-clinique-arc\/","title":{"rendered":"Attach\u00e9 de Recherche Clinique (ARC)"},"content":{"rendered":"<p>D\u00e9couvrez le parcours de formation d&rsquo;Attach\u00e9 de Recherche Clinique, un ensemble de cours sur mesure con\u00e7u par des experts pour les professionnels de la recherche clinique. Guid\u00e9 par le Dr Patricia Kay, forte de sa vaste exp\u00e9rience, cet ensemble offre des aper\u00e7us approfondis des aspects fondamentaux des essais cliniques. <\/p>\n<p>De la compr\u00e9hension des nuances des <a href=\"https:\/\/gxp-training.com\/fr\/online-course\/ich-gcp-introduction-aux-bonnes-pratiques-cliniques\/\">Bonnes Pratiques Cliniques<\/a> \u00e0 la ma\u00eetrise de la gestion des donn\u00e9es cliniques, ce parcours de formation vous dote des comp\u00e9tences et des connaissances n\u00e9cessaires pour exceller en tant qu&rsquo;Attach\u00e9 de Recherche Clinique.<\/p>\n<p>Les avantages cl\u00e9s incluent un acc\u00e8s d&rsquo;un an au contenu mis \u00e0 jour, une certification unique pour chaque cours et un certificat final \u00e0 l&rsquo;ach\u00e8vement de l&rsquo;int\u00e9gralit\u00e9 du parcours.<\/p>\n<p>Ce cours est con\u00e7u pour l&rsquo;introduction et la formation des nouvelles recrues individuelles et des \u00e9quipes enti\u00e8res. Que vous soyez un responsable ARC ou un sp\u00e9cialiste des ressources humaines charg\u00e9 d&rsquo;orienter et de former d&rsquo;un \u00e0 cent nouveaux ARC, ce programme offre une approche pratique, \u00e9conomique, approfondie et engageante de la formation. Il garantit que vos nouveaux employ\u00e9s sont form\u00e9s selon les normes les plus \u00e9lev\u00e9es de l&rsquo;industrie, vous donnant confiance en leur pr\u00e9paration.  <\/p>\n<p>Rejoignez-nous d\u00e8s maintenant et transformez votre expertise dans le monde dynamique de la recherche clinique.<\/p>\n","protected":false},"excerpt":{"rendered":"<p>D\u00e9couvrez le parcours de formation d&rsquo;Attach\u00e9 de Recherche Clinique, un ensemble de cours sur mesure con\u00e7u par des experts pour les professionnels de la recherche clinique. Guid\u00e9 par le Dr Patricia Kay, forte de sa vaste exp\u00e9rience, cet ensemble offre des aper\u00e7us approfondis des aspects fondamentaux des essais cliniques. De la compr\u00e9hension des nuances des [&hellip;]<\/p>\n","protected":false},"featured_media":44815,"template":"","meta":{"_acf_changed":false,"content-type":""},"product_brand":[],"product_cat":[284],"product_tag":[],"class_list":{"0":"post-57858","1":"product","2":"type-product","3":"status-publish","4":"has-post-thumbnail","6":"product_cat-parcours-dapprentissage","8":"first","9":"instock","10":"taxable","11":"shipping-taxable","12":"purchasable","13":"product-type-subscription"},"bundled_by":[],"bundle_stock_status":"instock","bundle_stock_quantity":null,"bundle_virtual":false,"bundle_layout":"","bundle_add_to_cart_form_location":"","bundle_editable_in_cart":false,"bundle_sold_individually_context":"","bundle_item_grouping":"","bundle_min_size":"","bundle_max_size":"","bundle_price":[],"bundled_items":[],"bundle_sell_ids":[57704,57152,57259,57267,39338,54928],"acf":[],"yoast_head":"<!-- This site is optimized with the Yoast SEO plugin v27.5 - https:\/\/yoast.com\/product\/yoast-seo-wordpress\/ -->\n<title>Formation Certifi\u00e9e en Ligne d&#039;Attach\u00e9 de Recherche Clinique (ARC)<\/title>\n<meta name=\"description\" content=\"Formation certifi\u00e9e en ligne pour Attach\u00e9 de Recherche Clinique (ARC). Pour les nouvelles recrues ou des \u00e9quipes enti\u00e8res. Obtenez d\u00e8s maintenant votre certification ICH-BPC. Par les meilleurs experts en BPC.\" \/>\n<meta name=\"robots\" content=\"index, follow, max-snippet:-1, max-image-preview:large, max-video-preview:-1\" \/>\n<link rel=\"canonical\" href=\"https:\/\/gxp-training.com\/fr\/online-course\/attache-de-recherche-clinique-arc\/\" \/>\n<meta property=\"og:locale\" content=\"fr_FR\" \/>\n<meta property=\"og:type\" content=\"article\" \/>\n<meta property=\"og:title\" content=\"Formation Certifi\u00e9e en Ligne d&#039;Attach\u00e9 de Recherche Clinique (ARC)\" \/>\n<meta property=\"og:description\" content=\"Formation certifi\u00e9e en ligne pour Attach\u00e9 de Recherche Clinique (ARC). Pour les nouvelles recrues ou des \u00e9quipes enti\u00e8res. Obtenez d\u00e8s maintenant votre certification ICH-BPC. Par les meilleurs experts en BPC.\" \/>\n<meta property=\"og:url\" content=\"https:\/\/gxp-training.com\/fr\/online-course\/attache-de-recherche-clinique-arc\/\" \/>\n<meta property=\"og:site_name\" content=\"GxP Training : Certified Online Courses for Life Sciences\" \/>\n<meta property=\"og:image\" content=\"https:\/\/gxp-training.com\/wp-content\/uploads\/2023\/11\/Clinical-Research.png\" \/>\n\t<meta property=\"og:image:width\" content=\"900\" \/>\n\t<meta property=\"og:image:height\" content=\"627\" \/>\n\t<meta property=\"og:image:type\" content=\"image\/png\" \/>\n<meta name=\"twitter:card\" content=\"summary_large_image\" \/>\n<meta name=\"twitter:label1\" content=\"Dur\u00e9e de lecture estim\u00e9e\" \/>\n\t<meta name=\"twitter:data1\" content=\"1 minute\" \/>\n<script type=\"application\/ld+json\" class=\"yoast-schema-graph\">{\"@context\":\"https:\\\/\\\/schema.org\",\"@graph\":[{\"@type\":\"WebPage\",\"@id\":\"https:\\\/\\\/gxp-training.com\\\/fr\\\/online-course\\\/attache-de-recherche-clinique-arc\\\/\",\"url\":\"https:\\\/\\\/gxp-training.com\\\/fr\\\/online-course\\\/attache-de-recherche-clinique-arc\\\/\",\"name\":\"Formation Certifi\u00e9e en Ligne d'Attach\u00e9 de Recherche Clinique (ARC)\",\"isPartOf\":{\"@id\":\"https:\\\/\\\/gxp-training.com\\\/fr\\\/#website\"},\"primaryImageOfPage\":{\"@id\":\"https:\\\/\\\/gxp-training.com\\\/fr\\\/online-course\\\/attache-de-recherche-clinique-arc\\\/#primaryimage\"},\"image\":{\"@id\":\"https:\\\/\\\/gxp-training.com\\\/fr\\\/online-course\\\/attache-de-recherche-clinique-arc\\\/#primaryimage\"},\"thumbnailUrl\":\"https:\\\/\\\/gxp-training.com\\\/wp-content\\\/uploads\\\/2023\\\/11\\\/Clinical-Research.png\",\"datePublished\":\"2023-11-20T14:23:02+00:00\",\"description\":\"Formation certifi\u00e9e en ligne pour Attach\u00e9 de Recherche Clinique (ARC). Pour les nouvelles recrues ou des \u00e9quipes enti\u00e8res. Obtenez d\u00e8s maintenant votre certification ICH-BPC. Par les meilleurs experts en BPC.\",\"breadcrumb\":{\"@id\":\"https:\\\/\\\/gxp-training.com\\\/fr\\\/online-course\\\/attache-de-recherche-clinique-arc\\\/#breadcrumb\"},\"inLanguage\":\"fr-FR\",\"potentialAction\":[{\"@type\":\"ReadAction\",\"target\":[\"https:\\\/\\\/gxp-training.com\\\/fr\\\/online-course\\\/attache-de-recherche-clinique-arc\\\/\"]}]},{\"@type\":\"ImageObject\",\"inLanguage\":\"fr-FR\",\"@id\":\"https:\\\/\\\/gxp-training.com\\\/fr\\\/online-course\\\/attache-de-recherche-clinique-arc\\\/#primaryimage\",\"url\":\"https:\\\/\\\/gxp-training.com\\\/wp-content\\\/uploads\\\/2023\\\/11\\\/Clinical-Research.png\",\"contentUrl\":\"https:\\\/\\\/gxp-training.com\\\/wp-content\\\/uploads\\\/2023\\\/11\\\/Clinical-Research.png\",\"width\":900,\"height\":627},{\"@type\":\"BreadcrumbList\",\"@id\":\"https:\\\/\\\/gxp-training.com\\\/fr\\\/online-course\\\/attache-de-recherche-clinique-arc\\\/#breadcrumb\",\"itemListElement\":[{\"@type\":\"ListItem\",\"position\":1,\"name\":\"Accueil\",\"item\":\"https:\\\/\\\/gxp-training.com\\\/fr\\\/page-daccueil\\\/\"},{\"@type\":\"ListItem\",\"position\":2,\"name\":\"Produits\",\"item\":\"https:\\\/\\\/gxp-training.com\\\/fr\\\/shop\\\/\"},{\"@type\":\"ListItem\",\"position\":3,\"name\":\"Attach\u00e9 de Recherche Clinique (ARC)\"}]},{\"@type\":\"WebSite\",\"@id\":\"https:\\\/\\\/gxp-training.com\\\/fr\\\/#website\",\"url\":\"https:\\\/\\\/gxp-training.com\\\/fr\\\/\",\"name\":\"GxP Training : Certified Online Courses for Life Sciences\",\"description\":\"Online Trainings and Certified Courses in Regulatory Compliance for Pharmaceutical Experts\",\"publisher\":{\"@id\":\"https:\\\/\\\/gxp-training.com\\\/fr\\\/#organization\"},\"potentialAction\":[{\"@type\":\"SearchAction\",\"target\":{\"@type\":\"EntryPoint\",\"urlTemplate\":\"https:\\\/\\\/gxp-training.com\\\/fr\\\/?s={search_term_string}\"},\"query-input\":{\"@type\":\"PropertyValueSpecification\",\"valueRequired\":true,\"valueName\":\"search_term_string\"}}],\"inLanguage\":\"fr-FR\"},{\"@type\":\"Organization\",\"@id\":\"https:\\\/\\\/gxp-training.com\\\/fr\\\/#organization\",\"name\":\"GXP Training\",\"url\":\"https:\\\/\\\/gxp-training.com\\\/fr\\\/\",\"logo\":{\"@type\":\"ImageObject\",\"inLanguage\":\"fr-FR\",\"@id\":\"https:\\\/\\\/gxp-training.com\\\/fr\\\/#\\\/schema\\\/logo\\\/image\\\/\",\"url\":\"https:\\\/\\\/gxp-training.com\\\/wp-content\\\/uploads\\\/2022\\\/05\\\/logo-resize.png\",\"contentUrl\":\"https:\\\/\\\/gxp-training.com\\\/wp-content\\\/uploads\\\/2022\\\/05\\\/logo-resize.png\",\"width\":350,\"height\":100,\"caption\":\"GXP Training\"},\"image\":{\"@id\":\"https:\\\/\\\/gxp-training.com\\\/fr\\\/#\\\/schema\\\/logo\\\/image\\\/\"}}]}<\/script>\n<!-- \/ Yoast SEO plugin. -->","yoast_head_json":{"title":"Formation Certifi\u00e9e en Ligne d'Attach\u00e9 de Recherche Clinique (ARC)","description":"Formation certifi\u00e9e en ligne pour Attach\u00e9 de Recherche Clinique (ARC). Pour les nouvelles recrues ou des \u00e9quipes enti\u00e8res. Obtenez d\u00e8s maintenant votre certification ICH-BPC. Par les meilleurs experts en BPC.","robots":{"index":"index","follow":"follow","max-snippet":"max-snippet:-1","max-image-preview":"max-image-preview:large","max-video-preview":"max-video-preview:-1"},"canonical":"https:\/\/gxp-training.com\/fr\/online-course\/attache-de-recherche-clinique-arc\/","og_locale":"fr_FR","og_type":"article","og_title":"Formation Certifi\u00e9e en Ligne d'Attach\u00e9 de Recherche Clinique (ARC)","og_description":"Formation certifi\u00e9e en ligne pour Attach\u00e9 de Recherche Clinique (ARC). Pour les nouvelles recrues ou des \u00e9quipes enti\u00e8res. Obtenez d\u00e8s maintenant votre certification ICH-BPC. Par les meilleurs experts en BPC.","og_url":"https:\/\/gxp-training.com\/fr\/online-course\/attache-de-recherche-clinique-arc\/","og_site_name":"GxP Training : Certified Online Courses for Life Sciences","og_image":[{"width":900,"height":627,"url":"https:\/\/gxp-training.com\/wp-content\/uploads\/2023\/11\/Clinical-Research.png","type":"image\/png"}],"twitter_card":"summary_large_image","twitter_misc":{"Dur\u00e9e de lecture estim\u00e9e":"1 minute"},"schema":{"@context":"https:\/\/schema.org","@graph":[{"@type":"WebPage","@id":"https:\/\/gxp-training.com\/fr\/online-course\/attache-de-recherche-clinique-arc\/","url":"https:\/\/gxp-training.com\/fr\/online-course\/attache-de-recherche-clinique-arc\/","name":"Formation Certifi\u00e9e en Ligne d'Attach\u00e9 de Recherche Clinique (ARC)","isPartOf":{"@id":"https:\/\/gxp-training.com\/fr\/#website"},"primaryImageOfPage":{"@id":"https:\/\/gxp-training.com\/fr\/online-course\/attache-de-recherche-clinique-arc\/#primaryimage"},"image":{"@id":"https:\/\/gxp-training.com\/fr\/online-course\/attache-de-recherche-clinique-arc\/#primaryimage"},"thumbnailUrl":"https:\/\/gxp-training.com\/wp-content\/uploads\/2023\/11\/Clinical-Research.png","datePublished":"2023-11-20T14:23:02+00:00","description":"Formation certifi\u00e9e en ligne pour Attach\u00e9 de Recherche Clinique (ARC). Pour les nouvelles recrues ou des \u00e9quipes enti\u00e8res. Obtenez d\u00e8s maintenant votre certification ICH-BPC. Par les meilleurs experts en BPC.","breadcrumb":{"@id":"https:\/\/gxp-training.com\/fr\/online-course\/attache-de-recherche-clinique-arc\/#breadcrumb"},"inLanguage":"fr-FR","potentialAction":[{"@type":"ReadAction","target":["https:\/\/gxp-training.com\/fr\/online-course\/attache-de-recherche-clinique-arc\/"]}]},{"@type":"ImageObject","inLanguage":"fr-FR","@id":"https:\/\/gxp-training.com\/fr\/online-course\/attache-de-recherche-clinique-arc\/#primaryimage","url":"https:\/\/gxp-training.com\/wp-content\/uploads\/2023\/11\/Clinical-Research.png","contentUrl":"https:\/\/gxp-training.com\/wp-content\/uploads\/2023\/11\/Clinical-Research.png","width":900,"height":627},{"@type":"BreadcrumbList","@id":"https:\/\/gxp-training.com\/fr\/online-course\/attache-de-recherche-clinique-arc\/#breadcrumb","itemListElement":[{"@type":"ListItem","position":1,"name":"Accueil","item":"https:\/\/gxp-training.com\/fr\/page-daccueil\/"},{"@type":"ListItem","position":2,"name":"Produits","item":"https:\/\/gxp-training.com\/fr\/shop\/"},{"@type":"ListItem","position":3,"name":"Attach\u00e9 de Recherche Clinique (ARC)"}]},{"@type":"WebSite","@id":"https:\/\/gxp-training.com\/fr\/#website","url":"https:\/\/gxp-training.com\/fr\/","name":"GxP Training : Certified Online Courses for Life Sciences","description":"Online Trainings and Certified Courses in Regulatory Compliance for Pharmaceutical Experts","publisher":{"@id":"https:\/\/gxp-training.com\/fr\/#organization"},"potentialAction":[{"@type":"SearchAction","target":{"@type":"EntryPoint","urlTemplate":"https:\/\/gxp-training.com\/fr\/?s={search_term_string}"},"query-input":{"@type":"PropertyValueSpecification","valueRequired":true,"valueName":"search_term_string"}}],"inLanguage":"fr-FR"},{"@type":"Organization","@id":"https:\/\/gxp-training.com\/fr\/#organization","name":"GXP Training","url":"https:\/\/gxp-training.com\/fr\/","logo":{"@type":"ImageObject","inLanguage":"fr-FR","@id":"https:\/\/gxp-training.com\/fr\/#\/schema\/logo\/image\/","url":"https:\/\/gxp-training.com\/wp-content\/uploads\/2022\/05\/logo-resize.png","contentUrl":"https:\/\/gxp-training.com\/wp-content\/uploads\/2022\/05\/logo-resize.png","width":350,"height":100,"caption":"GXP Training"},"image":{"@id":"https:\/\/gxp-training.com\/fr\/#\/schema\/logo\/image\/"}}]}},"_links":{"self":[{"href":"https:\/\/gxp-training.com\/fr\/wp-json\/wp\/v2\/product\/57858","targetHints":{"allow":["GET"]}}],"collection":[{"href":"https:\/\/gxp-training.com\/fr\/wp-json\/wp\/v2\/product"}],"about":[{"href":"https:\/\/gxp-training.com\/fr\/wp-json\/wp\/v2\/types\/product"}],"wp:featuredmedia":[{"embeddable":true,"href":"https:\/\/gxp-training.com\/fr\/wp-json\/wp\/v2\/media\/44815"}],"wp:attachment":[{"href":"https:\/\/gxp-training.com\/fr\/wp-json\/wp\/v2\/media?parent=57858"}],"wp:term":[{"taxonomy":"product_brand","embeddable":true,"href":"https:\/\/gxp-training.com\/fr\/wp-json\/wp\/v2\/product_brand?post=57858"},{"taxonomy":"product_cat","embeddable":true,"href":"https:\/\/gxp-training.com\/fr\/wp-json\/wp\/v2\/product_cat?post=57858"},{"taxonomy":"product_tag","embeddable":true,"href":"https:\/\/gxp-training.com\/fr\/wp-json\/wp\/v2\/product_tag?post=57858"}],"curies":[{"name":"wp","href":"https:\/\/api.w.org\/{rel}","templated":true}]}}