{"id":57844,"date":"2024-03-27T15:26:30","date_gmt":"2024-03-27T15:26:30","guid":{"rendered":"https:\/\/gxp-training.com\/online-course\/formation-certifiante-en-lutte-contre-la-corruption-et-les-pots-de-vin-iso-37001\/"},"modified":"2024-03-27T15:26:30","modified_gmt":"2024-03-27T14:26:30","slug":"formation-certifiante-en-lutte-contre-la-corruption-et-les-pots-de-vin-iso-37001","status":"publish","type":"product","link":"https:\/\/gxp-training.com\/fr\/online-course\/formation-certifiante-en-lutte-contre-la-corruption-et-les-pots-de-vin-iso-37001\/","title":{"rendered":"Formation certifiante en lutte contre la corruption et les pots-de-vin : ISO 37001"},"content":{"rendered":"<p>La corruption et les pots-de-vin repr\u00e9sentent des risques juridiques, financiers et r\u00e9putationnels majeurs pour les organisations op\u00e9rant dans des secteurs r\u00e9glement\u00e9s. L\u2019ISO 37001 fournit le cadre reconnu internationalement pour g\u00e9rer ces risques via un <a href=\"https:\/\/www.iso.org\/standard\/37001\">syst\u00e8me de management anti-corruption (SMAC) ISO 37001<\/a> structur\u00e9. Ce cours couvre les exigences de l\u2019ISO 37001:2016 et apporte aux professionnels les connaissances n\u00e9cessaires pour \u00e9tablir, mettre en \u0153uvre et maintenir un programme anti-corruption efficace.  <\/p>\n<p>Une fois la formation r\u00e9ussie, les participants re\u00e7oivent un <a href=\"https:\/\/gxp-training.com\/fr\/certification-et-accreditation\/\"><strong>certificat de r\u00e9ussite tra\u00e7able adapt\u00e9<\/strong><\/a> aux dossiers RH et aux profils professionnels.<\/p>\n<p><strong>\u00c0 qui s\u2019adresse cette formation ?<\/strong><\/p>\n<ul>\n<li>Responsables de la conformit\u00e9 et de l\u2019\u00e9thique dans les sciences de la vie et autres secteurs r\u00e9glement\u00e9s<\/li>\n<li><a href=\"https:\/\/gxp-training.com\/fr\/online-course\/audit-bpf-interne-role-de-lauditeur-bpf\/\">Auditeurs internes<\/a> et <a href=\"https:\/\/gxp-training.com\/fr\/online-course\/inspections-de-conformite-reglementaire-et-audits-externes\/\">externes<\/a><\/li>\n<li>Gestionnaires de risques et professionnels de l\u2019assurance qualit\u00e9<\/li>\n<li>Professionnels responsables de l\u2019\u00e9tablissement ou de la maintenance d\u2019un syst\u00e8me de management anti-corruption<\/li>\n<\/ul>\n<p><strong>Qu\u2019allez-vous apprendre ?<\/strong><\/p>\n<ul>\n<li>Fondamentaux et exigences de l\u2019ISO 37001:2016<\/li>\n<li>Comment identifier, \u00e9valuer et att\u00e9nuer les risques de corruption<\/li>\n<li>R\u00f4les, responsabilit\u00e9s et engagement de la direction dans le SMAC<\/li>\n<li>Planification, mise en \u0153uvre et contr\u00f4le des processus anti-corruption<\/li>\n<li>Suivi, \u00e9valuation et am\u00e9lioration continue du SMAC<\/li>\n<\/ul>\n<p>&nbsp;<\/p>\n<h3>Programme :<\/h3>\n<p><strong>Introduction au management anti-corruption : aper\u00e7u de l\u2019ISO 37001 et de son importance.<\/strong><br \/>\n<strong>Le\u00e7on 1 : Comprendre les facteurs internes et externes.<\/strong><br \/>\n<strong>Le\u00e7on 2 : R\u00f4les, responsabilit\u00e9s et engagement.<\/strong><br \/>\n<strong>Le\u00e7on 3 : Aborder les risques et les opportunit\u00e9s.<\/strong><br \/>\n<strong>Le\u00e7on 4 : Ressources, comp\u00e9tences et sensibilisation.<\/strong><br \/>\n<strong>Le\u00e7on 5 : Planification, mise en \u0153uvre et contr\u00f4le des processus.<\/strong><br \/>\n<strong>Le\u00e7on 6 : Surveillance, mesure, analyse et \u00e9valuation.<\/strong><br \/>\n<strong>Le\u00e7on 7 : Non-conformit\u00e9 et actions correctives.<\/strong><br \/>\n<strong>Le\u00e7on 8 : Le chemin vers l\u2019obtention et le maintien de la certification ISO 37001.<\/strong><br \/>\n<strong>Conclusion<\/strong><br \/>\n<strong>\u00c9valuation<\/strong><\/p>\n","protected":false},"excerpt":{"rendered":"<p>La corruption et les pots-de-vin repr\u00e9sentent des risques juridiques, financiers et r\u00e9putationnels majeurs pour les organisations op\u00e9rant dans des secteurs r\u00e9glement\u00e9s. L\u2019ISO 37001 fournit le cadre reconnu internationalement pour g\u00e9rer ces risques via un syst\u00e8me de management anti-corruption (SMAC) ISO 37001 structur\u00e9. Ce cours couvre les exigences de l\u2019ISO 37001:2016 et apporte aux professionnels les [&hellip;]<\/p>\n","protected":false},"featured_media":45766,"template":"","meta":{"_acf_changed":false,"content-type":""},"product_brand":[],"product_cat":[255,256,263,258,264],"product_tag":[],"class_list":{"0":"post-57844","1":"product","2":"type-product","3":"status-publish","4":"has-post-thumbnail","6":"product_cat-affaires-reglementaires","7":"product_cat-dispositifs-medicaux","8":"product_cat-organisme-de-recherche-sous-contrat-cro","9":"product_cat-pharmaceutique","10":"product_cat-transversal","12":"first","13":"instock","14":"taxable","15":"shipping-taxable","16":"purchasable","17":"product-type-subscription"},"bundled_by":[],"bundle_stock_status":"instock","bundle_stock_quantity":null,"bundle_virtual":false,"bundle_layout":"","bundle_add_to_cart_form_location":"","bundle_editable_in_cart":false,"bundle_sold_individually_context":"","bundle_item_grouping":"","bundle_min_size":"","bundle_max_size":"","bundle_price":[],"bundled_items":[],"bundle_sell_ids":[],"acf":[],"yoast_head":"<!-- This site is optimized with the Yoast SEO plugin v27.5 - https:\/\/yoast.com\/product\/yoast-seo-wordpress\/ -->\n<title>Formation certifiante en lutte contre la corruption et les pots-de-vin : ISO 37001<\/title>\n<meta name=\"description\" content=\"D\u00e9couvrez l\u2019ISO 37001 avec notre cours certifi\u00e9 en ligne sur le syst\u00e8me de management anti-corruption. Obtenez votre certification d\u00e8s maintenant aupr\u00e8s des meilleurs experts. Accr\u00e9dit\u00e9 CPD et CEU.\" \/>\n<meta name=\"robots\" content=\"index, follow, max-snippet:-1, max-image-preview:large, max-video-preview:-1\" \/>\n<link rel=\"canonical\" href=\"https:\/\/gxp-training.com\/fr\/online-course\/formation-certifiante-en-lutte-contre-la-corruption-et-les-pots-de-vin-iso-37001\/\" \/>\n<meta property=\"og:locale\" content=\"fr_FR\" \/>\n<meta property=\"og:type\" content=\"article\" \/>\n<meta property=\"og:title\" content=\"Formation certifiante en lutte contre la corruption et les pots-de-vin : ISO 37001\" \/>\n<meta property=\"og:description\" content=\"D\u00e9couvrez l\u2019ISO 37001 avec notre cours certifi\u00e9 en ligne sur le syst\u00e8me de management anti-corruption. Obtenez votre certification d\u00e8s maintenant aupr\u00e8s des meilleurs experts. Accr\u00e9dit\u00e9 CPD et CEU.\" \/>\n<meta property=\"og:url\" content=\"https:\/\/gxp-training.com\/fr\/online-course\/formation-certifiante-en-lutte-contre-la-corruption-et-les-pots-de-vin-iso-37001\/\" \/>\n<meta property=\"og:site_name\" content=\"GxP Training : Certified Online Courses for Life Sciences\" \/>\n<meta property=\"og:image\" content=\"https:\/\/gxp-training.com\/wp-content\/uploads\/2024\/03\/anti-bribery-1.png\" \/>\n\t<meta property=\"og:image:width\" content=\"900\" \/>\n\t<meta property=\"og:image:height\" content=\"627\" \/>\n\t<meta property=\"og:image:type\" content=\"image\/png\" \/>\n<meta name=\"twitter:card\" content=\"summary_large_image\" \/>\n<meta name=\"twitter:label1\" content=\"Dur\u00e9e de lecture estim\u00e9e\" \/>\n\t<meta name=\"twitter:data1\" content=\"1 minute\" \/>\n<script type=\"application\/ld+json\" class=\"yoast-schema-graph\">{\"@context\":\"https:\\\/\\\/schema.org\",\"@graph\":[{\"@type\":\"WebPage\",\"@id\":\"https:\\\/\\\/gxp-training.com\\\/fr\\\/online-course\\\/formation-certifiante-en-lutte-contre-la-corruption-et-les-pots-de-vin-iso-37001\\\/\",\"url\":\"https:\\\/\\\/gxp-training.com\\\/fr\\\/online-course\\\/formation-certifiante-en-lutte-contre-la-corruption-et-les-pots-de-vin-iso-37001\\\/\",\"name\":\"Formation certifiante en lutte contre la corruption et les pots-de-vin : ISO 37001\",\"isPartOf\":{\"@id\":\"https:\\\/\\\/gxp-training.com\\\/fr\\\/#website\"},\"primaryImageOfPage\":{\"@id\":\"https:\\\/\\\/gxp-training.com\\\/fr\\\/online-course\\\/formation-certifiante-en-lutte-contre-la-corruption-et-les-pots-de-vin-iso-37001\\\/#primaryimage\"},\"image\":{\"@id\":\"https:\\\/\\\/gxp-training.com\\\/fr\\\/online-course\\\/formation-certifiante-en-lutte-contre-la-corruption-et-les-pots-de-vin-iso-37001\\\/#primaryimage\"},\"thumbnailUrl\":\"https:\\\/\\\/gxp-training.com\\\/wp-content\\\/uploads\\\/2024\\\/03\\\/anti-bribery-1.png\",\"datePublished\":\"2024-03-27T15:26:30+00:00\",\"description\":\"D\u00e9couvrez l\u2019ISO 37001 avec notre cours certifi\u00e9 en ligne sur le syst\u00e8me de management anti-corruption. Obtenez votre certification d\u00e8s maintenant aupr\u00e8s des meilleurs experts. Accr\u00e9dit\u00e9 CPD et CEU.\",\"breadcrumb\":{\"@id\":\"https:\\\/\\\/gxp-training.com\\\/fr\\\/online-course\\\/formation-certifiante-en-lutte-contre-la-corruption-et-les-pots-de-vin-iso-37001\\\/#breadcrumb\"},\"inLanguage\":\"fr-FR\",\"potentialAction\":[{\"@type\":\"ReadAction\",\"target\":[\"https:\\\/\\\/gxp-training.com\\\/fr\\\/online-course\\\/formation-certifiante-en-lutte-contre-la-corruption-et-les-pots-de-vin-iso-37001\\\/\"]}]},{\"@type\":\"ImageObject\",\"inLanguage\":\"fr-FR\",\"@id\":\"https:\\\/\\\/gxp-training.com\\\/fr\\\/online-course\\\/formation-certifiante-en-lutte-contre-la-corruption-et-les-pots-de-vin-iso-37001\\\/#primaryimage\",\"url\":\"https:\\\/\\\/gxp-training.com\\\/wp-content\\\/uploads\\\/2024\\\/03\\\/anti-bribery-1.png\",\"contentUrl\":\"https:\\\/\\\/gxp-training.com\\\/wp-content\\\/uploads\\\/2024\\\/03\\\/anti-bribery-1.png\",\"width\":900,\"height\":627},{\"@type\":\"BreadcrumbList\",\"@id\":\"https:\\\/\\\/gxp-training.com\\\/fr\\\/online-course\\\/formation-certifiante-en-lutte-contre-la-corruption-et-les-pots-de-vin-iso-37001\\\/#breadcrumb\",\"itemListElement\":[{\"@type\":\"ListItem\",\"position\":1,\"name\":\"Accueil\",\"item\":\"https:\\\/\\\/gxp-training.com\\\/fr\\\/page-daccueil\\\/\"},{\"@type\":\"ListItem\",\"position\":2,\"name\":\"Produits\",\"item\":\"https:\\\/\\\/gxp-training.com\\\/fr\\\/shop\\\/\"},{\"@type\":\"ListItem\",\"position\":3,\"name\":\"Formation certifiante en lutte contre la corruption et les pots-de-vin : ISO 37001\"}]},{\"@type\":\"WebSite\",\"@id\":\"https:\\\/\\\/gxp-training.com\\\/fr\\\/#website\",\"url\":\"https:\\\/\\\/gxp-training.com\\\/fr\\\/\",\"name\":\"GxP Training : Certified Online Courses for Life Sciences\",\"description\":\"Online Trainings and Certified Courses in Regulatory Compliance for Pharmaceutical Experts\",\"publisher\":{\"@id\":\"https:\\\/\\\/gxp-training.com\\\/fr\\\/#organization\"},\"potentialAction\":[{\"@type\":\"SearchAction\",\"target\":{\"@type\":\"EntryPoint\",\"urlTemplate\":\"https:\\\/\\\/gxp-training.com\\\/fr\\\/?s={search_term_string}\"},\"query-input\":{\"@type\":\"PropertyValueSpecification\",\"valueRequired\":true,\"valueName\":\"search_term_string\"}}],\"inLanguage\":\"fr-FR\"},{\"@type\":\"Organization\",\"@id\":\"https:\\\/\\\/gxp-training.com\\\/fr\\\/#organization\",\"name\":\"GXP Training\",\"url\":\"https:\\\/\\\/gxp-training.com\\\/fr\\\/\",\"logo\":{\"@type\":\"ImageObject\",\"inLanguage\":\"fr-FR\",\"@id\":\"https:\\\/\\\/gxp-training.com\\\/fr\\\/#\\\/schema\\\/logo\\\/image\\\/\",\"url\":\"https:\\\/\\\/gxp-training.com\\\/wp-content\\\/uploads\\\/2022\\\/05\\\/logo-resize.png\",\"contentUrl\":\"https:\\\/\\\/gxp-training.com\\\/wp-content\\\/uploads\\\/2022\\\/05\\\/logo-resize.png\",\"width\":350,\"height\":100,\"caption\":\"GXP Training\"},\"image\":{\"@id\":\"https:\\\/\\\/gxp-training.com\\\/fr\\\/#\\\/schema\\\/logo\\\/image\\\/\"}}]}<\/script>\n<!-- \/ Yoast SEO plugin. -->","yoast_head_json":{"title":"Formation certifiante en lutte contre la corruption et les pots-de-vin : ISO 37001","description":"D\u00e9couvrez l\u2019ISO 37001 avec notre cours certifi\u00e9 en ligne sur le syst\u00e8me de management anti-corruption. Obtenez votre certification d\u00e8s maintenant aupr\u00e8s des meilleurs experts. Accr\u00e9dit\u00e9 CPD et CEU.","robots":{"index":"index","follow":"follow","max-snippet":"max-snippet:-1","max-image-preview":"max-image-preview:large","max-video-preview":"max-video-preview:-1"},"canonical":"https:\/\/gxp-training.com\/fr\/online-course\/formation-certifiante-en-lutte-contre-la-corruption-et-les-pots-de-vin-iso-37001\/","og_locale":"fr_FR","og_type":"article","og_title":"Formation certifiante en lutte contre la corruption et les pots-de-vin : ISO 37001","og_description":"D\u00e9couvrez l\u2019ISO 37001 avec notre cours certifi\u00e9 en ligne sur le syst\u00e8me de management anti-corruption. Obtenez votre certification d\u00e8s maintenant aupr\u00e8s des meilleurs experts. Accr\u00e9dit\u00e9 CPD et CEU.","og_url":"https:\/\/gxp-training.com\/fr\/online-course\/formation-certifiante-en-lutte-contre-la-corruption-et-les-pots-de-vin-iso-37001\/","og_site_name":"GxP Training : Certified Online Courses for Life Sciences","og_image":[{"width":900,"height":627,"url":"https:\/\/gxp-training.com\/wp-content\/uploads\/2024\/03\/anti-bribery-1.png","type":"image\/png"}],"twitter_card":"summary_large_image","twitter_misc":{"Dur\u00e9e de lecture estim\u00e9e":"1 minute"},"schema":{"@context":"https:\/\/schema.org","@graph":[{"@type":"WebPage","@id":"https:\/\/gxp-training.com\/fr\/online-course\/formation-certifiante-en-lutte-contre-la-corruption-et-les-pots-de-vin-iso-37001\/","url":"https:\/\/gxp-training.com\/fr\/online-course\/formation-certifiante-en-lutte-contre-la-corruption-et-les-pots-de-vin-iso-37001\/","name":"Formation certifiante en lutte contre la corruption et les pots-de-vin : ISO 37001","isPartOf":{"@id":"https:\/\/gxp-training.com\/fr\/#website"},"primaryImageOfPage":{"@id":"https:\/\/gxp-training.com\/fr\/online-course\/formation-certifiante-en-lutte-contre-la-corruption-et-les-pots-de-vin-iso-37001\/#primaryimage"},"image":{"@id":"https:\/\/gxp-training.com\/fr\/online-course\/formation-certifiante-en-lutte-contre-la-corruption-et-les-pots-de-vin-iso-37001\/#primaryimage"},"thumbnailUrl":"https:\/\/gxp-training.com\/wp-content\/uploads\/2024\/03\/anti-bribery-1.png","datePublished":"2024-03-27T15:26:30+00:00","description":"D\u00e9couvrez l\u2019ISO 37001 avec notre cours certifi\u00e9 en ligne sur le syst\u00e8me de management anti-corruption. Obtenez votre certification d\u00e8s maintenant aupr\u00e8s des meilleurs experts. Accr\u00e9dit\u00e9 CPD et CEU.","breadcrumb":{"@id":"https:\/\/gxp-training.com\/fr\/online-course\/formation-certifiante-en-lutte-contre-la-corruption-et-les-pots-de-vin-iso-37001\/#breadcrumb"},"inLanguage":"fr-FR","potentialAction":[{"@type":"ReadAction","target":["https:\/\/gxp-training.com\/fr\/online-course\/formation-certifiante-en-lutte-contre-la-corruption-et-les-pots-de-vin-iso-37001\/"]}]},{"@type":"ImageObject","inLanguage":"fr-FR","@id":"https:\/\/gxp-training.com\/fr\/online-course\/formation-certifiante-en-lutte-contre-la-corruption-et-les-pots-de-vin-iso-37001\/#primaryimage","url":"https:\/\/gxp-training.com\/wp-content\/uploads\/2024\/03\/anti-bribery-1.png","contentUrl":"https:\/\/gxp-training.com\/wp-content\/uploads\/2024\/03\/anti-bribery-1.png","width":900,"height":627},{"@type":"BreadcrumbList","@id":"https:\/\/gxp-training.com\/fr\/online-course\/formation-certifiante-en-lutte-contre-la-corruption-et-les-pots-de-vin-iso-37001\/#breadcrumb","itemListElement":[{"@type":"ListItem","position":1,"name":"Accueil","item":"https:\/\/gxp-training.com\/fr\/page-daccueil\/"},{"@type":"ListItem","position":2,"name":"Produits","item":"https:\/\/gxp-training.com\/fr\/shop\/"},{"@type":"ListItem","position":3,"name":"Formation certifiante en lutte contre la corruption et les pots-de-vin : ISO 37001"}]},{"@type":"WebSite","@id":"https:\/\/gxp-training.com\/fr\/#website","url":"https:\/\/gxp-training.com\/fr\/","name":"GxP Training : Certified Online Courses for Life Sciences","description":"Online Trainings and Certified Courses in Regulatory Compliance for Pharmaceutical Experts","publisher":{"@id":"https:\/\/gxp-training.com\/fr\/#organization"},"potentialAction":[{"@type":"SearchAction","target":{"@type":"EntryPoint","urlTemplate":"https:\/\/gxp-training.com\/fr\/?s={search_term_string}"},"query-input":{"@type":"PropertyValueSpecification","valueRequired":true,"valueName":"search_term_string"}}],"inLanguage":"fr-FR"},{"@type":"Organization","@id":"https:\/\/gxp-training.com\/fr\/#organization","name":"GXP Training","url":"https:\/\/gxp-training.com\/fr\/","logo":{"@type":"ImageObject","inLanguage":"fr-FR","@id":"https:\/\/gxp-training.com\/fr\/#\/schema\/logo\/image\/","url":"https:\/\/gxp-training.com\/wp-content\/uploads\/2022\/05\/logo-resize.png","contentUrl":"https:\/\/gxp-training.com\/wp-content\/uploads\/2022\/05\/logo-resize.png","width":350,"height":100,"caption":"GXP Training"},"image":{"@id":"https:\/\/gxp-training.com\/fr\/#\/schema\/logo\/image\/"}}]}},"_links":{"self":[{"href":"https:\/\/gxp-training.com\/fr\/wp-json\/wp\/v2\/product\/57844","targetHints":{"allow":["GET"]}}],"collection":[{"href":"https:\/\/gxp-training.com\/fr\/wp-json\/wp\/v2\/product"}],"about":[{"href":"https:\/\/gxp-training.com\/fr\/wp-json\/wp\/v2\/types\/product"}],"wp:featuredmedia":[{"embeddable":true,"href":"https:\/\/gxp-training.com\/fr\/wp-json\/wp\/v2\/media\/45766"}],"wp:attachment":[{"href":"https:\/\/gxp-training.com\/fr\/wp-json\/wp\/v2\/media?parent=57844"}],"wp:term":[{"taxonomy":"product_brand","embeddable":true,"href":"https:\/\/gxp-training.com\/fr\/wp-json\/wp\/v2\/product_brand?post=57844"},{"taxonomy":"product_cat","embeddable":true,"href":"https:\/\/gxp-training.com\/fr\/wp-json\/wp\/v2\/product_cat?post=57844"},{"taxonomy":"product_tag","embeddable":true,"href":"https:\/\/gxp-training.com\/fr\/wp-json\/wp\/v2\/product_tag?post=57844"}],"curies":[{"name":"wp","href":"https:\/\/api.w.org\/{rel}","templated":true}]}}