{"id":57838,"date":"2023-12-22T08:38:37","date_gmt":"2023-12-22T08:38:37","guid":{"rendered":"https:\/\/gxp-training.com\/online-course\/specialiste-des-affaires-reglementaires\/"},"modified":"2023-12-22T08:38:37","modified_gmt":"2023-12-22T07:38:37","slug":"specialiste-des-affaires-reglementaires","status":"publish","type":"product","link":"https:\/\/gxp-training.com\/fr\/online-course\/specialiste-des-affaires-reglementaires\/","title":{"rendered":"Sp\u00e9cialiste des Affaires R\u00e9glementaires"},"content":{"rendered":"<div class=\"flex-1 overflow-hidden\">\n<div class=\"react-scroll-to-bottom--css-muslu-79elbk h-full\">\n<div class=\"react-scroll-to-bottom--css-muslu-1n7m0yu\">\n<div class=\"flex flex-col pb-9 text-sm\">\n<div class=\"w-full text-token-text-primary\" data-testid=\"conversation-turn-873\">\n<div class=\"px-4 py-2 justify-center text-base md:gap-6 m-auto\">\n<div class=\"flex flex-1 text-base mx-auto gap-3 md:px-5 lg:px-1 xl:px-5 md:max-w-3xl lg:max-w-[40rem] xl:max-w-[48rem] group final-completion\">\n<div class=\"relative flex w-full flex-col lg:w-[calc(100%-115px)] agent-turn\">\n<div class=\"flex-col gap-1 md:gap-3\">\n<div class=\"flex flex-grow flex-col max-w-full\">\n<div class=\"min-h-[20px] text-message flex flex-col items-start gap-3 whitespace-pre-wrap break-words [.text-message+&amp;]:mt-5 overflow-x-auto\" data-message-author-role=\"assistant\" data-message-id=\"cc07c1e7-e50e-4d81-85ed-4f513b874183\">\n<div class=\"markdown prose w-full break-words dark:prose-invert dark\">\n<p>Lancez-vous dans un parcours enrichissant avec notre formation \u00ab Sp\u00e9cialiste des Affaires R\u00e9glementaires \u00bb. Cette s\u00e9lection de cours m\u00e9ticuleusement \u00e9labor\u00e9e est con\u00e7ue pour accompagner les professionnels \u00e9voluant dans le monde complexe de la conformit\u00e9 r\u00e9glementaire pharmaceutique. Sous l&rsquo;expertise du Dr Jefferson, forte de son exp\u00e9rience substantielle, cette formation offre une compr\u00e9hension approfondie des domaines r\u00e9glementaires cl\u00e9s.  <\/p>\n<p>Ce parcours d&rsquo;apprentissage est une immersion compl\u00e8te dans les aspects critiques des affaires r\u00e9glementaires, de la compr\u00e9hension des fondamentaux des affaires r\u00e9glementaires pharmaceutiques \u00e0 la ma\u00eetrise des subtilit\u00e9s des inspections de conformit\u00e9, des audits externes et de la r\u00e9glementation FDA 21 CFR Part 11.<\/p>\n<p>Les principaux avantages de cette formation incluent un acc\u00e8s d&rsquo;un an au contenu le plus r\u00e9cent, <strong>une certification unique et v\u00e9rifiable<\/strong> pour chaque cours compl\u00e9t\u00e9, et un certificat final \u00e0 l&rsquo;issue du parcours complet.<\/p>\n<p>Cette formation est id\u00e9ale tant pour les professionnels individuels que pour les \u00e9quipes. Que vous soyez responsable des affaires r\u00e9glementaires, sp\u00e9cialiste de l&rsquo;assurance qualit\u00e9 ou professionnel des ressources humaines en charge de la formation et du d\u00e9veloppement du personnel des affaires r\u00e9glementaires, ce programme constitue une solution pratique, \u00e9conomique et compl\u00e8te. <\/p>\n<p>Rejoignez-nous pour transformer votre carri\u00e8re dans le domaine en constante \u00e9volution de la r\u00e9glementation pharmaceutique.<\/p>\n<\/div>\n<\/div>\n<\/div>\n<\/div>\n<\/div>\n<\/div>\n<\/div>\n<\/div>\n<\/div>\n<\/div>\n<\/div>\n<\/div>\n","protected":false},"excerpt":{"rendered":"<p>Lancez-vous dans un parcours enrichissant avec notre formation \u00ab Sp\u00e9cialiste des Affaires R\u00e9glementaires \u00bb. Cette s\u00e9lection de cours m\u00e9ticuleusement \u00e9labor\u00e9e est con\u00e7ue pour accompagner les professionnels \u00e9voluant dans le monde complexe de la conformit\u00e9 r\u00e9glementaire pharmaceutique. Sous l&rsquo;expertise du Dr Jefferson, forte de son exp\u00e9rience substantielle, cette formation offre une compr\u00e9hension approfondie des domaines r\u00e9glementaires [&hellip;]<\/p>\n","protected":false},"featured_media":44957,"template":"","meta":{"_acf_changed":false,"content-type":""},"product_brand":[],"product_cat":[284],"product_tag":[],"class_list":{"0":"post-57838","1":"product","2":"type-product","3":"status-publish","4":"has-post-thumbnail","6":"product_cat-parcours-dapprentissage","8":"first","9":"instock","10":"taxable","11":"shipping-taxable","12":"purchasable","13":"product-type-subscription"},"bundled_by":[],"bundle_stock_status":"instock","bundle_stock_quantity":null,"bundle_virtual":false,"bundle_layout":"","bundle_add_to_cart_form_location":"","bundle_editable_in_cart":false,"bundle_sold_individually_context":"","bundle_item_grouping":"","bundle_min_size":"","bundle_max_size":"","bundle_price":[],"bundled_items":[],"bundle_sell_ids":[57136,57380,57160],"acf":[],"yoast_head":"<!-- This site is optimized with the Yoast SEO plugin v27.5 - https:\/\/yoast.com\/product\/yoast-seo-wordpress\/ -->\n<title>Formation Certifiante en Ligne pour Sp\u00e9cialiste des Affaires R\u00e9glementaires<\/title>\n<meta name=\"description\" content=\"Formation Certifiante en Ligne pour Sp\u00e9cialiste des Affaires R\u00e9glementaires. Pour les Nouvelles Recrues ou les \u00c9quipes Enti\u00e8res. Obtenez votre Certification pour devenir Expert en Affaires R\u00e9glementaires.\" \/>\n<meta name=\"robots\" content=\"index, follow, max-snippet:-1, max-image-preview:large, max-video-preview:-1\" \/>\n<link rel=\"canonical\" href=\"https:\/\/gxp-training.com\/fr\/online-course\/specialiste-des-affaires-reglementaires\/\" \/>\n<meta property=\"og:locale\" content=\"fr_FR\" \/>\n<meta property=\"og:type\" content=\"article\" \/>\n<meta property=\"og:title\" content=\"Formation Certifiante en Ligne pour Sp\u00e9cialiste des Affaires R\u00e9glementaires\" \/>\n<meta property=\"og:description\" content=\"Formation Certifiante en Ligne pour Sp\u00e9cialiste des Affaires R\u00e9glementaires. Pour les Nouvelles Recrues ou les \u00c9quipes Enti\u00e8res. Obtenez votre Certification pour devenir Expert en Affaires R\u00e9glementaires.\" \/>\n<meta property=\"og:url\" content=\"https:\/\/gxp-training.com\/fr\/online-course\/specialiste-des-affaires-reglementaires\/\" \/>\n<meta property=\"og:site_name\" content=\"GxP Training : Certified Online Courses for Life Sciences\" \/>\n<meta property=\"og:image\" content=\"https:\/\/gxp-training.com\/wp-content\/uploads\/2023\/12\/ra.png\" \/>\n\t<meta property=\"og:image:width\" content=\"900\" \/>\n\t<meta property=\"og:image:height\" content=\"627\" \/>\n\t<meta property=\"og:image:type\" content=\"image\/png\" \/>\n<meta name=\"twitter:card\" content=\"summary_large_image\" \/>\n<meta name=\"twitter:label1\" content=\"Dur\u00e9e de lecture estim\u00e9e\" \/>\n\t<meta name=\"twitter:data1\" content=\"1 minute\" \/>\n<script type=\"application\/ld+json\" class=\"yoast-schema-graph\">{\"@context\":\"https:\\\/\\\/schema.org\",\"@graph\":[{\"@type\":\"WebPage\",\"@id\":\"https:\\\/\\\/gxp-training.com\\\/fr\\\/online-course\\\/specialiste-des-affaires-reglementaires\\\/\",\"url\":\"https:\\\/\\\/gxp-training.com\\\/fr\\\/online-course\\\/specialiste-des-affaires-reglementaires\\\/\",\"name\":\"Formation Certifiante en Ligne pour Sp\u00e9cialiste des Affaires R\u00e9glementaires\",\"isPartOf\":{\"@id\":\"https:\\\/\\\/gxp-training.com\\\/fr\\\/#website\"},\"primaryImageOfPage\":{\"@id\":\"https:\\\/\\\/gxp-training.com\\\/fr\\\/online-course\\\/specialiste-des-affaires-reglementaires\\\/#primaryimage\"},\"image\":{\"@id\":\"https:\\\/\\\/gxp-training.com\\\/fr\\\/online-course\\\/specialiste-des-affaires-reglementaires\\\/#primaryimage\"},\"thumbnailUrl\":\"https:\\\/\\\/gxp-training.com\\\/wp-content\\\/uploads\\\/2023\\\/12\\\/ra.png\",\"datePublished\":\"2023-12-22T08:38:37+00:00\",\"description\":\"Formation Certifiante en Ligne pour Sp\u00e9cialiste des Affaires R\u00e9glementaires. Pour les Nouvelles Recrues ou les \u00c9quipes Enti\u00e8res. Obtenez votre Certification pour devenir Expert en Affaires R\u00e9glementaires.\",\"breadcrumb\":{\"@id\":\"https:\\\/\\\/gxp-training.com\\\/fr\\\/online-course\\\/specialiste-des-affaires-reglementaires\\\/#breadcrumb\"},\"inLanguage\":\"fr-FR\",\"potentialAction\":[{\"@type\":\"ReadAction\",\"target\":[\"https:\\\/\\\/gxp-training.com\\\/fr\\\/online-course\\\/specialiste-des-affaires-reglementaires\\\/\"]}]},{\"@type\":\"ImageObject\",\"inLanguage\":\"fr-FR\",\"@id\":\"https:\\\/\\\/gxp-training.com\\\/fr\\\/online-course\\\/specialiste-des-affaires-reglementaires\\\/#primaryimage\",\"url\":\"https:\\\/\\\/gxp-training.com\\\/wp-content\\\/uploads\\\/2023\\\/12\\\/ra.png\",\"contentUrl\":\"https:\\\/\\\/gxp-training.com\\\/wp-content\\\/uploads\\\/2023\\\/12\\\/ra.png\",\"width\":900,\"height\":627},{\"@type\":\"BreadcrumbList\",\"@id\":\"https:\\\/\\\/gxp-training.com\\\/fr\\\/online-course\\\/specialiste-des-affaires-reglementaires\\\/#breadcrumb\",\"itemListElement\":[{\"@type\":\"ListItem\",\"position\":1,\"name\":\"Accueil\",\"item\":\"https:\\\/\\\/gxp-training.com\\\/fr\\\/page-daccueil\\\/\"},{\"@type\":\"ListItem\",\"position\":2,\"name\":\"Produits\",\"item\":\"https:\\\/\\\/gxp-training.com\\\/fr\\\/shop\\\/\"},{\"@type\":\"ListItem\",\"position\":3,\"name\":\"Sp\u00e9cialiste des Affaires R\u00e9glementaires\"}]},{\"@type\":\"WebSite\",\"@id\":\"https:\\\/\\\/gxp-training.com\\\/fr\\\/#website\",\"url\":\"https:\\\/\\\/gxp-training.com\\\/fr\\\/\",\"name\":\"GxP Training : Certified Online Courses for Life Sciences\",\"description\":\"Online Trainings and Certified Courses in Regulatory Compliance for Pharmaceutical Experts\",\"publisher\":{\"@id\":\"https:\\\/\\\/gxp-training.com\\\/fr\\\/#organization\"},\"potentialAction\":[{\"@type\":\"SearchAction\",\"target\":{\"@type\":\"EntryPoint\",\"urlTemplate\":\"https:\\\/\\\/gxp-training.com\\\/fr\\\/?s={search_term_string}\"},\"query-input\":{\"@type\":\"PropertyValueSpecification\",\"valueRequired\":true,\"valueName\":\"search_term_string\"}}],\"inLanguage\":\"fr-FR\"},{\"@type\":\"Organization\",\"@id\":\"https:\\\/\\\/gxp-training.com\\\/fr\\\/#organization\",\"name\":\"GXP Training\",\"url\":\"https:\\\/\\\/gxp-training.com\\\/fr\\\/\",\"logo\":{\"@type\":\"ImageObject\",\"inLanguage\":\"fr-FR\",\"@id\":\"https:\\\/\\\/gxp-training.com\\\/fr\\\/#\\\/schema\\\/logo\\\/image\\\/\",\"url\":\"https:\\\/\\\/gxp-training.com\\\/wp-content\\\/uploads\\\/2022\\\/05\\\/logo-resize.png\",\"contentUrl\":\"https:\\\/\\\/gxp-training.com\\\/wp-content\\\/uploads\\\/2022\\\/05\\\/logo-resize.png\",\"width\":350,\"height\":100,\"caption\":\"GXP Training\"},\"image\":{\"@id\":\"https:\\\/\\\/gxp-training.com\\\/fr\\\/#\\\/schema\\\/logo\\\/image\\\/\"}}]}<\/script>\n<!-- \/ Yoast SEO plugin. -->","yoast_head_json":{"title":"Formation Certifiante en Ligne pour Sp\u00e9cialiste des Affaires R\u00e9glementaires","description":"Formation Certifiante en Ligne pour Sp\u00e9cialiste des Affaires R\u00e9glementaires. Pour les Nouvelles Recrues ou les \u00c9quipes Enti\u00e8res. Obtenez votre Certification pour devenir Expert en Affaires R\u00e9glementaires.","robots":{"index":"index","follow":"follow","max-snippet":"max-snippet:-1","max-image-preview":"max-image-preview:large","max-video-preview":"max-video-preview:-1"},"canonical":"https:\/\/gxp-training.com\/fr\/online-course\/specialiste-des-affaires-reglementaires\/","og_locale":"fr_FR","og_type":"article","og_title":"Formation Certifiante en Ligne pour Sp\u00e9cialiste des Affaires R\u00e9glementaires","og_description":"Formation Certifiante en Ligne pour Sp\u00e9cialiste des Affaires R\u00e9glementaires. Pour les Nouvelles Recrues ou les \u00c9quipes Enti\u00e8res. Obtenez votre Certification pour devenir Expert en Affaires R\u00e9glementaires.","og_url":"https:\/\/gxp-training.com\/fr\/online-course\/specialiste-des-affaires-reglementaires\/","og_site_name":"GxP Training : Certified Online Courses for Life Sciences","og_image":[{"width":900,"height":627,"url":"https:\/\/gxp-training.com\/wp-content\/uploads\/2023\/12\/ra.png","type":"image\/png"}],"twitter_card":"summary_large_image","twitter_misc":{"Dur\u00e9e de lecture estim\u00e9e":"1 minute"},"schema":{"@context":"https:\/\/schema.org","@graph":[{"@type":"WebPage","@id":"https:\/\/gxp-training.com\/fr\/online-course\/specialiste-des-affaires-reglementaires\/","url":"https:\/\/gxp-training.com\/fr\/online-course\/specialiste-des-affaires-reglementaires\/","name":"Formation Certifiante en Ligne pour Sp\u00e9cialiste des Affaires R\u00e9glementaires","isPartOf":{"@id":"https:\/\/gxp-training.com\/fr\/#website"},"primaryImageOfPage":{"@id":"https:\/\/gxp-training.com\/fr\/online-course\/specialiste-des-affaires-reglementaires\/#primaryimage"},"image":{"@id":"https:\/\/gxp-training.com\/fr\/online-course\/specialiste-des-affaires-reglementaires\/#primaryimage"},"thumbnailUrl":"https:\/\/gxp-training.com\/wp-content\/uploads\/2023\/12\/ra.png","datePublished":"2023-12-22T08:38:37+00:00","description":"Formation Certifiante en Ligne pour Sp\u00e9cialiste des Affaires R\u00e9glementaires. Pour les Nouvelles Recrues ou les \u00c9quipes Enti\u00e8res. Obtenez votre Certification pour devenir Expert en Affaires R\u00e9glementaires.","breadcrumb":{"@id":"https:\/\/gxp-training.com\/fr\/online-course\/specialiste-des-affaires-reglementaires\/#breadcrumb"},"inLanguage":"fr-FR","potentialAction":[{"@type":"ReadAction","target":["https:\/\/gxp-training.com\/fr\/online-course\/specialiste-des-affaires-reglementaires\/"]}]},{"@type":"ImageObject","inLanguage":"fr-FR","@id":"https:\/\/gxp-training.com\/fr\/online-course\/specialiste-des-affaires-reglementaires\/#primaryimage","url":"https:\/\/gxp-training.com\/wp-content\/uploads\/2023\/12\/ra.png","contentUrl":"https:\/\/gxp-training.com\/wp-content\/uploads\/2023\/12\/ra.png","width":900,"height":627},{"@type":"BreadcrumbList","@id":"https:\/\/gxp-training.com\/fr\/online-course\/specialiste-des-affaires-reglementaires\/#breadcrumb","itemListElement":[{"@type":"ListItem","position":1,"name":"Accueil","item":"https:\/\/gxp-training.com\/fr\/page-daccueil\/"},{"@type":"ListItem","position":2,"name":"Produits","item":"https:\/\/gxp-training.com\/fr\/shop\/"},{"@type":"ListItem","position":3,"name":"Sp\u00e9cialiste des Affaires R\u00e9glementaires"}]},{"@type":"WebSite","@id":"https:\/\/gxp-training.com\/fr\/#website","url":"https:\/\/gxp-training.com\/fr\/","name":"GxP Training : Certified Online Courses for Life Sciences","description":"Online Trainings and Certified Courses in Regulatory Compliance for Pharmaceutical Experts","publisher":{"@id":"https:\/\/gxp-training.com\/fr\/#organization"},"potentialAction":[{"@type":"SearchAction","target":{"@type":"EntryPoint","urlTemplate":"https:\/\/gxp-training.com\/fr\/?s={search_term_string}"},"query-input":{"@type":"PropertyValueSpecification","valueRequired":true,"valueName":"search_term_string"}}],"inLanguage":"fr-FR"},{"@type":"Organization","@id":"https:\/\/gxp-training.com\/fr\/#organization","name":"GXP Training","url":"https:\/\/gxp-training.com\/fr\/","logo":{"@type":"ImageObject","inLanguage":"fr-FR","@id":"https:\/\/gxp-training.com\/fr\/#\/schema\/logo\/image\/","url":"https:\/\/gxp-training.com\/wp-content\/uploads\/2022\/05\/logo-resize.png","contentUrl":"https:\/\/gxp-training.com\/wp-content\/uploads\/2022\/05\/logo-resize.png","width":350,"height":100,"caption":"GXP Training"},"image":{"@id":"https:\/\/gxp-training.com\/fr\/#\/schema\/logo\/image\/"}}]}},"_links":{"self":[{"href":"https:\/\/gxp-training.com\/fr\/wp-json\/wp\/v2\/product\/57838","targetHints":{"allow":["GET"]}}],"collection":[{"href":"https:\/\/gxp-training.com\/fr\/wp-json\/wp\/v2\/product"}],"about":[{"href":"https:\/\/gxp-training.com\/fr\/wp-json\/wp\/v2\/types\/product"}],"wp:featuredmedia":[{"embeddable":true,"href":"https:\/\/gxp-training.com\/fr\/wp-json\/wp\/v2\/media\/44957"}],"wp:attachment":[{"href":"https:\/\/gxp-training.com\/fr\/wp-json\/wp\/v2\/media?parent=57838"}],"wp:term":[{"taxonomy":"product_brand","embeddable":true,"href":"https:\/\/gxp-training.com\/fr\/wp-json\/wp\/v2\/product_brand?post=57838"},{"taxonomy":"product_cat","embeddable":true,"href":"https:\/\/gxp-training.com\/fr\/wp-json\/wp\/v2\/product_cat?post=57838"},{"taxonomy":"product_tag","embeddable":true,"href":"https:\/\/gxp-training.com\/fr\/wp-json\/wp\/v2\/product_tag?post=57838"}],"curies":[{"name":"wp","href":"https:\/\/api.w.org\/{rel}","templated":true}]}}