{"id":57835,"date":"2024-01-22T15:36:40","date_gmt":"2024-01-22T15:36:40","guid":{"rendered":"https:\/\/gxp-training.com\/online-course\/ingenieur-en-validation\/"},"modified":"2024-01-22T15:36:40","modified_gmt":"2024-01-22T14:36:40","slug":"ingenieur-en-validation","status":"publish","type":"product","link":"https:\/\/gxp-training.com\/fr\/online-course\/ingenieur-en-validation\/","title":{"rendered":"Ing\u00e9nieur en validation"},"content":{"rendered":"<div class=\"flex-1 overflow-hidden\">\n<div class=\"react-scroll-to-bottom--css-muslu-79elbk h-full\">\n<div class=\"react-scroll-to-bottom--css-muslu-1n7m0yu\">\n<div class=\"flex flex-col pb-9 text-sm\">\n<div class=\"w-full text-token-text-primary\" data-testid=\"conversation-turn-873\">\n<div class=\"px-4 py-2 justify-center text-base md:gap-6 m-auto\">\n<div class=\"flex flex-1 text-base mx-auto gap-3 md:px-5 lg:px-1 xl:px-5 md:max-w-3xl lg:max-w-[40rem] xl:max-w-[48rem] group final-completion\">\n<div class=\"relative flex w-full flex-col lg:w-[calc(100%-115px)] agent-turn\">\n<div class=\"flex-col gap-1 md:gap-3\">\n<div class=\"flex flex-grow flex-col max-w-full\">\n<div class=\"min-h-[20px] text-message flex flex-col items-start gap-3 whitespace-pre-wrap break-words [.text-message+&amp;]:mt-5 overflow-x-auto\" data-message-author-role=\"assistant\" data-message-id=\"cc07c1e7-e50e-4d81-85ed-4f513b874183\">\n<div class=\"markdown prose w-full break-words dark:prose-invert dark\">\n<p><strong>D\u00e9veloppez votre expertise en ing\u00e9nierie avec le pack de formation \u00ab Ma\u00eetrise de l\u2019ing\u00e9nierie de validation \u00bb<\/strong><\/p>\n<p>Plongez dans le monde de la pr\u00e9cision et de la conformit\u00e9 avec notre pack de formation \u00ab Ing\u00e9nieur en validation \u00bb, une exp\u00e9rience d\u2019apprentissage compl\u00e8te con\u00e7ue pour les professionnels ambitieux et avant-gardistes du domaine de l\u2019ing\u00e9nierie de validation. Sous la tutelle experte du Dr Jefferson, ce pack est un phare de connaissances et d\u2019expertise pratique dans l\u2019industrie. <\/p>\n<p><strong>D\u00e9tail des cours :<\/strong><\/p>\n<ol>\n<li><strong>Introduction aux Bonnes Pratiques de Fabrication (BPF) :<\/strong> Commencez votre parcours par une solide base en BPF, en comprenant les normes critiques qui r\u00e9gissent la qualit\u00e9 et la s\u00e9curit\u00e9 des processus de fabrication.<\/li>\n<li><strong>Vue d\u2019ensemble de la qualification et de la validation :<\/strong> Plongez au c\u0153ur de l\u2019ing\u00e9nierie de validation, en apprenant les m\u00e9thodologies et les pratiques essentielles pour la validation des \u00e9quipements, des processus et des produits.<\/li>\n<li><strong>Bonnes Pratiques Documentaires (BPD) :<\/strong> Acqu\u00e9rez une expertise dans l\u2019aspect vital de la documentation, assurant la conformit\u00e9 et la tra\u00e7abilit\u00e9 dans tous les processus de validation.<\/li>\n<li><strong>Introduction \u00e0 l\u2019assurance de la validation logicielle :<\/strong> Explorez le domaine de la validation logicielle, un composant cl\u00e9 dans les environnements de fabrication actuels ax\u00e9s sur la technologie.<\/li>\n<li><strong>Validation des Syst\u00e8mes Informatis\u00e9s (VSI) :<\/strong> Compl\u00e9tez votre parcours d\u2019apprentissage avec des connaissances avanc\u00e9es en VSI, vous \u00e9quipant pour g\u00e9rer les complexit\u00e9s de la validation des syst\u00e8mes informatis\u00e9s en conformit\u00e9 avec les normes mondiales.<\/li>\n<\/ol>\n<p>&nbsp;<\/p>\n<p><strong>Pourquoi choisir ce pack ?<\/strong><\/p>\n<ul>\n<li><strong>Programme dirig\u00e9 par des experts :<\/strong> Apprenez des meilleurs dans le domaine, gr\u00e2ce \u00e0 la vaste exp\u00e9rience du Dr Jefferson qui a fa\u00e7onn\u00e9 un programme \u00e0 la fois pratique et avant-gardiste.<\/li>\n<li><strong>Couverture compl\u00e8te :<\/strong> Des bases des BPF \u00e0 la VSI avanc\u00e9e, ce pack couvre tous les aspects n\u00e9cessaires pour une carri\u00e8re r\u00e9ussie en ing\u00e9nierie de validation.<\/li>\n<li><strong>Apprentissage flexible :<\/strong> Acc\u00e9dez au contenu pendant une ann\u00e9e compl\u00e8te, vous permettant d\u2019apprendre \u00e0 votre propre rythme et selon vos convenances.<\/li>\n<li><strong>Certification :<\/strong> Recevez des certificats individuels pour chaque cours, culminant en un prestigieux certificat final, symbolisant votre ma\u00eetrise en ing\u00e9nierie de validation.<\/li>\n<\/ul>\n<p>&nbsp;<\/p>\n<p><strong>Qui devrait s\u2019inscrire ?<\/strong><\/p>\n<p>Que vous soyez un nouvel ing\u00e9nieur, un sp\u00e9cialiste de l\u2019assurance qualit\u00e9 ou un chef d\u2019\u00e9quipe dans la fabrication ou le d\u00e9veloppement de logiciels, ces cours am\u00e9lioreront vos comp\u00e9tences et stimuleront vos perspectives de carri\u00e8re.<\/p>\n<p>&nbsp;<\/p>\n<p><strong>Transformez votre parcours professionnel<\/strong><\/p>\n<p>Rejoignez une communaut\u00e9 de professionnels qui ont fait progresser leur carri\u00e8re gr\u00e2ce \u00e0 notre pack de formation \u00ab Ing\u00e9nieur en validation \u00bb. Saisissez l\u2019opportunit\u00e9 de devenir un leader dans le domaine en constante \u00e9volution et critique de l\u2019ing\u00e9nierie de validation. Inscrivez-vous d\u00e8s maintenant et faites le premier pas vers la ma\u00eetrise de l\u2019art et de la science de la validation !  <\/p>\n<\/div>\n<\/div>\n<\/div>\n<\/div>\n<\/div>\n<\/div>\n<\/div>\n<\/div>\n<\/div>\n<\/div>\n<\/div>\n<\/div>\n","protected":false},"excerpt":{"rendered":"<p>D\u00e9veloppez votre expertise en ing\u00e9nierie avec le pack de formation \u00ab Ma\u00eetrise de l\u2019ing\u00e9nierie de validation \u00bb Plongez dans le monde de la pr\u00e9cision et de la conformit\u00e9 avec notre pack de formation \u00ab Ing\u00e9nieur en validation \u00bb, une exp\u00e9rience d\u2019apprentissage compl\u00e8te con\u00e7ue pour les professionnels ambitieux et avant-gardistes du domaine de l\u2019ing\u00e9nierie de validation. [&hellip;]<\/p>\n","protected":false},"featured_media":45054,"template":"","meta":{"_acf_changed":false,"content-type":""},"product_brand":[],"product_cat":[284],"product_tag":[],"class_list":{"0":"post-57835","1":"product","2":"type-product","3":"status-publish","4":"has-post-thumbnail","6":"product_cat-parcours-dapprentissage","8":"first","9":"instock","10":"taxable","11":"shipping-taxable","12":"purchasable","13":"product-type-subscription"},"bundled_by":[],"bundle_stock_status":"instock","bundle_stock_quantity":null,"bundle_virtual":false,"bundle_layout":"","bundle_add_to_cart_form_location":"","bundle_editable_in_cart":false,"bundle_sold_individually_context":"","bundle_item_grouping":"","bundle_min_size":"","bundle_max_size":"","bundle_price":[],"bundled_items":[],"bundle_sell_ids":[57261,57345,57738,57577,57666],"acf":[],"yoast_head":"<!-- This site is optimized with the Yoast SEO plugin v27.5 - https:\/\/yoast.com\/product\/yoast-seo-wordpress\/ -->\n<title>Parcours de formation certifiant en ligne pour Ing\u00e9nieur en validation<\/title>\n<meta name=\"description\" content=\"Formation certifiante en ligne pour Ing\u00e9nieur en validation. Pour les nouvelles recrues ou des \u00e9quipes enti\u00e8res. Obtenez votre certification pour ma\u00eetriser l\u2019ing\u00e9nierie de validation dans un environnement r\u00e9glement\u00e9.\" \/>\n<meta name=\"robots\" content=\"index, follow, max-snippet:-1, max-image-preview:large, max-video-preview:-1\" \/>\n<link rel=\"canonical\" href=\"https:\/\/gxp-training.com\/fr\/online-course\/ingenieur-en-validation\/\" \/>\n<meta property=\"og:locale\" content=\"fr_FR\" \/>\n<meta property=\"og:type\" content=\"article\" \/>\n<meta property=\"og:title\" content=\"Parcours de formation certifiant en ligne pour Ing\u00e9nieur en validation\" \/>\n<meta property=\"og:description\" content=\"Formation certifiante en ligne pour Ing\u00e9nieur en validation. Pour les nouvelles recrues ou des \u00e9quipes enti\u00e8res. Obtenez votre certification pour ma\u00eetriser l\u2019ing\u00e9nierie de validation dans un environnement r\u00e9glement\u00e9.\" \/>\n<meta property=\"og:url\" content=\"https:\/\/gxp-training.com\/fr\/online-course\/ingenieur-en-validation\/\" \/>\n<meta property=\"og:site_name\" content=\"GxP Training : Certified Online Courses for Life Sciences\" \/>\n<meta property=\"og:image\" content=\"https:\/\/gxp-training.com\/wp-content\/uploads\/2024\/01\/validation-engineer.png\" \/>\n\t<meta property=\"og:image:width\" content=\"900\" \/>\n\t<meta property=\"og:image:height\" content=\"627\" \/>\n\t<meta property=\"og:image:type\" content=\"image\/png\" \/>\n<meta name=\"twitter:card\" content=\"summary_large_image\" \/>\n<meta name=\"twitter:label1\" content=\"Dur\u00e9e de lecture estim\u00e9e\" \/>\n\t<meta name=\"twitter:data1\" content=\"2 minutes\" \/>\n<script type=\"application\/ld+json\" class=\"yoast-schema-graph\">{\"@context\":\"https:\\\/\\\/schema.org\",\"@graph\":[{\"@type\":\"WebPage\",\"@id\":\"https:\\\/\\\/gxp-training.com\\\/fr\\\/online-course\\\/ingenieur-en-validation\\\/\",\"url\":\"https:\\\/\\\/gxp-training.com\\\/fr\\\/online-course\\\/ingenieur-en-validation\\\/\",\"name\":\"Parcours de formation certifiant en ligne pour Ing\u00e9nieur en validation\",\"isPartOf\":{\"@id\":\"https:\\\/\\\/gxp-training.com\\\/fr\\\/#website\"},\"primaryImageOfPage\":{\"@id\":\"https:\\\/\\\/gxp-training.com\\\/fr\\\/online-course\\\/ingenieur-en-validation\\\/#primaryimage\"},\"image\":{\"@id\":\"https:\\\/\\\/gxp-training.com\\\/fr\\\/online-course\\\/ingenieur-en-validation\\\/#primaryimage\"},\"thumbnailUrl\":\"https:\\\/\\\/gxp-training.com\\\/wp-content\\\/uploads\\\/2024\\\/01\\\/validation-engineer.png\",\"datePublished\":\"2024-01-22T15:36:40+00:00\",\"description\":\"Formation certifiante en ligne pour Ing\u00e9nieur en validation. Pour les nouvelles recrues ou des \u00e9quipes enti\u00e8res. Obtenez votre certification pour ma\u00eetriser l\u2019ing\u00e9nierie de validation dans un environnement r\u00e9glement\u00e9.\",\"breadcrumb\":{\"@id\":\"https:\\\/\\\/gxp-training.com\\\/fr\\\/online-course\\\/ingenieur-en-validation\\\/#breadcrumb\"},\"inLanguage\":\"fr-FR\",\"potentialAction\":[{\"@type\":\"ReadAction\",\"target\":[\"https:\\\/\\\/gxp-training.com\\\/fr\\\/online-course\\\/ingenieur-en-validation\\\/\"]}]},{\"@type\":\"ImageObject\",\"inLanguage\":\"fr-FR\",\"@id\":\"https:\\\/\\\/gxp-training.com\\\/fr\\\/online-course\\\/ingenieur-en-validation\\\/#primaryimage\",\"url\":\"https:\\\/\\\/gxp-training.com\\\/wp-content\\\/uploads\\\/2024\\\/01\\\/validation-engineer.png\",\"contentUrl\":\"https:\\\/\\\/gxp-training.com\\\/wp-content\\\/uploads\\\/2024\\\/01\\\/validation-engineer.png\",\"width\":900,\"height\":627},{\"@type\":\"BreadcrumbList\",\"@id\":\"https:\\\/\\\/gxp-training.com\\\/fr\\\/online-course\\\/ingenieur-en-validation\\\/#breadcrumb\",\"itemListElement\":[{\"@type\":\"ListItem\",\"position\":1,\"name\":\"Accueil\",\"item\":\"https:\\\/\\\/gxp-training.com\\\/fr\\\/page-daccueil\\\/\"},{\"@type\":\"ListItem\",\"position\":2,\"name\":\"Produits\",\"item\":\"https:\\\/\\\/gxp-training.com\\\/fr\\\/shop\\\/\"},{\"@type\":\"ListItem\",\"position\":3,\"name\":\"Ing\u00e9nieur en validation\"}]},{\"@type\":\"WebSite\",\"@id\":\"https:\\\/\\\/gxp-training.com\\\/fr\\\/#website\",\"url\":\"https:\\\/\\\/gxp-training.com\\\/fr\\\/\",\"name\":\"GxP Training : Certified Online Courses for Life Sciences\",\"description\":\"Online Trainings and Certified Courses in Regulatory Compliance for Pharmaceutical Experts\",\"publisher\":{\"@id\":\"https:\\\/\\\/gxp-training.com\\\/fr\\\/#organization\"},\"potentialAction\":[{\"@type\":\"SearchAction\",\"target\":{\"@type\":\"EntryPoint\",\"urlTemplate\":\"https:\\\/\\\/gxp-training.com\\\/fr\\\/?s={search_term_string}\"},\"query-input\":{\"@type\":\"PropertyValueSpecification\",\"valueRequired\":true,\"valueName\":\"search_term_string\"}}],\"inLanguage\":\"fr-FR\"},{\"@type\":\"Organization\",\"@id\":\"https:\\\/\\\/gxp-training.com\\\/fr\\\/#organization\",\"name\":\"GXP Training\",\"url\":\"https:\\\/\\\/gxp-training.com\\\/fr\\\/\",\"logo\":{\"@type\":\"ImageObject\",\"inLanguage\":\"fr-FR\",\"@id\":\"https:\\\/\\\/gxp-training.com\\\/fr\\\/#\\\/schema\\\/logo\\\/image\\\/\",\"url\":\"https:\\\/\\\/gxp-training.com\\\/wp-content\\\/uploads\\\/2022\\\/05\\\/logo-resize.png\",\"contentUrl\":\"https:\\\/\\\/gxp-training.com\\\/wp-content\\\/uploads\\\/2022\\\/05\\\/logo-resize.png\",\"width\":350,\"height\":100,\"caption\":\"GXP Training\"},\"image\":{\"@id\":\"https:\\\/\\\/gxp-training.com\\\/fr\\\/#\\\/schema\\\/logo\\\/image\\\/\"}}]}<\/script>\n<!-- \/ Yoast SEO plugin. -->","yoast_head_json":{"title":"Parcours de formation certifiant en ligne pour Ing\u00e9nieur en validation","description":"Formation certifiante en ligne pour Ing\u00e9nieur en validation. Pour les nouvelles recrues ou des \u00e9quipes enti\u00e8res. Obtenez votre certification pour ma\u00eetriser l\u2019ing\u00e9nierie de validation dans un environnement r\u00e9glement\u00e9.","robots":{"index":"index","follow":"follow","max-snippet":"max-snippet:-1","max-image-preview":"max-image-preview:large","max-video-preview":"max-video-preview:-1"},"canonical":"https:\/\/gxp-training.com\/fr\/online-course\/ingenieur-en-validation\/","og_locale":"fr_FR","og_type":"article","og_title":"Parcours de formation certifiant en ligne pour Ing\u00e9nieur en validation","og_description":"Formation certifiante en ligne pour Ing\u00e9nieur en validation. Pour les nouvelles recrues ou des \u00e9quipes enti\u00e8res. Obtenez votre certification pour ma\u00eetriser l\u2019ing\u00e9nierie de validation dans un environnement r\u00e9glement\u00e9.","og_url":"https:\/\/gxp-training.com\/fr\/online-course\/ingenieur-en-validation\/","og_site_name":"GxP Training : Certified Online Courses for Life Sciences","og_image":[{"width":900,"height":627,"url":"https:\/\/gxp-training.com\/wp-content\/uploads\/2024\/01\/validation-engineer.png","type":"image\/png"}],"twitter_card":"summary_large_image","twitter_misc":{"Dur\u00e9e de lecture estim\u00e9e":"2 minutes"},"schema":{"@context":"https:\/\/schema.org","@graph":[{"@type":"WebPage","@id":"https:\/\/gxp-training.com\/fr\/online-course\/ingenieur-en-validation\/","url":"https:\/\/gxp-training.com\/fr\/online-course\/ingenieur-en-validation\/","name":"Parcours de formation certifiant en ligne pour Ing\u00e9nieur en validation","isPartOf":{"@id":"https:\/\/gxp-training.com\/fr\/#website"},"primaryImageOfPage":{"@id":"https:\/\/gxp-training.com\/fr\/online-course\/ingenieur-en-validation\/#primaryimage"},"image":{"@id":"https:\/\/gxp-training.com\/fr\/online-course\/ingenieur-en-validation\/#primaryimage"},"thumbnailUrl":"https:\/\/gxp-training.com\/wp-content\/uploads\/2024\/01\/validation-engineer.png","datePublished":"2024-01-22T15:36:40+00:00","description":"Formation certifiante en ligne pour Ing\u00e9nieur en validation. Pour les nouvelles recrues ou des \u00e9quipes enti\u00e8res. Obtenez votre certification pour ma\u00eetriser l\u2019ing\u00e9nierie de validation dans un environnement r\u00e9glement\u00e9.","breadcrumb":{"@id":"https:\/\/gxp-training.com\/fr\/online-course\/ingenieur-en-validation\/#breadcrumb"},"inLanguage":"fr-FR","potentialAction":[{"@type":"ReadAction","target":["https:\/\/gxp-training.com\/fr\/online-course\/ingenieur-en-validation\/"]}]},{"@type":"ImageObject","inLanguage":"fr-FR","@id":"https:\/\/gxp-training.com\/fr\/online-course\/ingenieur-en-validation\/#primaryimage","url":"https:\/\/gxp-training.com\/wp-content\/uploads\/2024\/01\/validation-engineer.png","contentUrl":"https:\/\/gxp-training.com\/wp-content\/uploads\/2024\/01\/validation-engineer.png","width":900,"height":627},{"@type":"BreadcrumbList","@id":"https:\/\/gxp-training.com\/fr\/online-course\/ingenieur-en-validation\/#breadcrumb","itemListElement":[{"@type":"ListItem","position":1,"name":"Accueil","item":"https:\/\/gxp-training.com\/fr\/page-daccueil\/"},{"@type":"ListItem","position":2,"name":"Produits","item":"https:\/\/gxp-training.com\/fr\/shop\/"},{"@type":"ListItem","position":3,"name":"Ing\u00e9nieur en validation"}]},{"@type":"WebSite","@id":"https:\/\/gxp-training.com\/fr\/#website","url":"https:\/\/gxp-training.com\/fr\/","name":"GxP Training : Certified Online Courses for Life Sciences","description":"Online Trainings and Certified Courses in Regulatory Compliance for Pharmaceutical Experts","publisher":{"@id":"https:\/\/gxp-training.com\/fr\/#organization"},"potentialAction":[{"@type":"SearchAction","target":{"@type":"EntryPoint","urlTemplate":"https:\/\/gxp-training.com\/fr\/?s={search_term_string}"},"query-input":{"@type":"PropertyValueSpecification","valueRequired":true,"valueName":"search_term_string"}}],"inLanguage":"fr-FR"},{"@type":"Organization","@id":"https:\/\/gxp-training.com\/fr\/#organization","name":"GXP Training","url":"https:\/\/gxp-training.com\/fr\/","logo":{"@type":"ImageObject","inLanguage":"fr-FR","@id":"https:\/\/gxp-training.com\/fr\/#\/schema\/logo\/image\/","url":"https:\/\/gxp-training.com\/wp-content\/uploads\/2022\/05\/logo-resize.png","contentUrl":"https:\/\/gxp-training.com\/wp-content\/uploads\/2022\/05\/logo-resize.png","width":350,"height":100,"caption":"GXP Training"},"image":{"@id":"https:\/\/gxp-training.com\/fr\/#\/schema\/logo\/image\/"}}]}},"_links":{"self":[{"href":"https:\/\/gxp-training.com\/fr\/wp-json\/wp\/v2\/product\/57835","targetHints":{"allow":["GET"]}}],"collection":[{"href":"https:\/\/gxp-training.com\/fr\/wp-json\/wp\/v2\/product"}],"about":[{"href":"https:\/\/gxp-training.com\/fr\/wp-json\/wp\/v2\/types\/product"}],"wp:featuredmedia":[{"embeddable":true,"href":"https:\/\/gxp-training.com\/fr\/wp-json\/wp\/v2\/media\/45054"}],"wp:attachment":[{"href":"https:\/\/gxp-training.com\/fr\/wp-json\/wp\/v2\/media?parent=57835"}],"wp:term":[{"taxonomy":"product_brand","embeddable":true,"href":"https:\/\/gxp-training.com\/fr\/wp-json\/wp\/v2\/product_brand?post=57835"},{"taxonomy":"product_cat","embeddable":true,"href":"https:\/\/gxp-training.com\/fr\/wp-json\/wp\/v2\/product_cat?post=57835"},{"taxonomy":"product_tag","embeddable":true,"href":"https:\/\/gxp-training.com\/fr\/wp-json\/wp\/v2\/product_tag?post=57835"}],"curies":[{"name":"wp","href":"https:\/\/api.w.org\/{rel}","templated":true}]}}