{"id":57816,"date":"2023-02-08T10:49:23","date_gmt":"2023-02-08T10:49:23","guid":{"rendered":"https:\/\/gxp-training.com\/online-course\/randomisation-insu-dans-les-essais-cliniques\/"},"modified":"2023-02-08T10:49:23","modified_gmt":"2023-02-08T09:49:23","slug":"randomisation-insu-dans-les-essais-cliniques","status":"publish","type":"product","link":"https:\/\/gxp-training.com\/fr\/online-course\/randomisation-insu-dans-les-essais-cliniques\/","title":{"rendered":"Randomisation &#038; insu dans les essais cliniques"},"content":{"rendered":"<p>Les <a href=\"https:\/\/gxp-training.com\/fr\/gxp-courses\/bpc-essais-cliniques\/\">essais cliniques <\/a> sont de v\u00e9ritables usines \u00e0 informations et les donn\u00e9es qui en d\u00e9coulent doivent \u00eatre pr\u00e9cises, reproductibles et g\u00e9n\u00e9ralisables \u00e0 la population \u00e9tudi\u00e9e. Par cons\u00e9quent, les chercheurs s\u2019efforcent d\u2019exclure au maximum les biais. La randomisation et l\u2019insu sont deux outils qui renforcent la cr\u00e9dibilit\u00e9 d\u2019une \u00e9tude. La randomisation r\u00e9partit les sujets dans des groupes de test de mani\u00e8re al\u00e9atoire, tandis que l\u2019insu emp\u00eache un groupe de participants d\u2019identifier quels sujets re\u00e7oivent quels traitements.   <\/p>\n<p>Ce cours pr\u00e9sente ces concepts aux participants et d\u00e9taille leurs types ainsi que leurs modes d\u2019application. Vous d\u00e9couvrirez \u00e9galement la lev\u00e9e de l\u2019insu, qui est l\u2019oppos\u00e9 de l\u2019insu et sert \u00e0 fournir un aper\u00e7u de l\u2019efficacit\u00e9 clinique d\u2019un m\u00e9dicament exp\u00e9rimental. <\/p>\n<p>&nbsp;<\/p>\n<p>Dans ce cours, nous proposons une synth\u00e8se du sujet \u00e0 travers une exp\u00e9rience interactive en ligne. Ce contenu a \u00e9t\u00e9 \u00e9labor\u00e9 par une \u00e9quipe d\u2019experts en affaires r\u00e9glementaires dipl\u00f4m\u00e9s de l\u2019Universit\u00e9 Northeastern de Boston, pilot\u00e9e par un membre senior capable d\u2019articuler th\u00e9orie et pratique. <\/p>\n<p>&nbsp;<\/p>\n<p>&nbsp;<\/p>\n<h3>Programme<\/h3>\n<p>&nbsp;<\/p>\n<p><strong>Introduction<\/strong><\/p>\n<p>&nbsp;<\/p>\n<p><strong>Le\u00e7on 1 : Randomisation \u2013 D\u00e9finition et importance<\/strong><\/p>\n<p>&nbsp;<\/p>\n<ul>\n<li>Qu\u2019est-ce que la randomisation ?<\/li>\n<li>Pourquoi est-elle n\u00e9cessaire ?<\/li>\n<li>Est-ce \u00e9thique ?<\/li>\n<li>Techniques de randomisation<\/li>\n<\/ul>\n<p>&nbsp;<\/p>\n<p><strong>Le\u00e7on 2 : Techniques de randomisation : randomisation simple &#038; allocation in\u00e9gale<\/strong><\/p>\n<p>&nbsp;<\/p>\n<ul>\n<li>Randomisation simple<\/li>\n<li>Allocation in\u00e9gale<\/li>\n<\/ul>\n<p>&nbsp;<\/p>\n<p><strong>Le\u00e7on 3 : Techniques de randomisation : blocs &#038; stratification<\/strong><\/p>\n<p>&nbsp;<\/p>\n<ul>\n<li>Randomisation par blocs<\/li>\n<li>Randomisation stratifi\u00e9e<\/li>\n<\/ul>\n<p>&nbsp;<\/p>\n<p><strong>Le\u00e7on 4 : Technique de randomisation adaptative<\/strong><\/p>\n<p>&nbsp;<\/p>\n<ul>\n<li>Qu\u2019est-ce que la randomisation adaptative ?<\/li>\n<li>Minimisation<\/li>\n<li>Randomisation adapt\u00e9e \u00e0 la r\u00e9ponse<\/li>\n<\/ul>\n<p>&nbsp;<\/p>\n<p><strong>Le\u00e7on 5 : L\u2019insu<\/strong><\/p>\n<p>&nbsp;<\/p>\n<ul>\n<li>Qu\u2019est-ce que l\u2019insu ?<\/li>\n<li>Pourquoi est-il n\u00e9cessaire ?<\/li>\n<li>Types d\u2019insu<\/li>\n<\/ul>\n<p>&nbsp;<\/p>\n<p><strong>Le\u00e7on 6 : Lev\u00e9e de l\u2019insu<\/strong><\/p>\n<ul>\n<li>Qu\u2019est-ce que la lev\u00e9e de l\u2019insu ?<\/li>\n<li>Lev\u00e9e de l\u2019insu pour analyse<\/li>\n<li>Documentation<\/li>\n<\/ul>\n<p>&nbsp;<\/p>\n<p><strong>Glossaire<\/strong><\/p>\n<p>&nbsp;<\/p>\n<p><strong>Conclusion<\/strong><\/p>\n<p>&nbsp;<\/p>\n<p><strong>Quiz<\/strong><\/p>\n","protected":false},"excerpt":{"rendered":"<p>Les essais cliniques sont de v\u00e9ritables usines \u00e0 informations et les donn\u00e9es qui en d\u00e9coulent doivent \u00eatre pr\u00e9cises, reproductibles et g\u00e9n\u00e9ralisables \u00e0 la population \u00e9tudi\u00e9e. Par cons\u00e9quent, les chercheurs s\u2019efforcent d\u2019exclure au maximum les biais. La randomisation et l\u2019insu sont deux outils qui renforcent la cr\u00e9dibilit\u00e9 d\u2019une \u00e9tude. La randomisation r\u00e9partit les sujets dans des [&hellip;]<\/p>\n","protected":false},"featured_media":45233,"template":"","meta":{"_acf_changed":false,"content-type":""},"product_brand":[],"product_cat":[274,262,263,258,267],"product_tag":[],"class_list":{"0":"post-57816","1":"product","2":"type-product","3":"status-publish","4":"has-post-thumbnail","6":"product_cat-bpc-essais-cliniques","7":"product_cat-hopitaux-et-etablissements-de-sante","8":"product_cat-organisme-de-recherche-sous-contrat-cro","9":"product_cat-pharmaceutique","10":"product_cat-pharmacovigilance","12":"first","13":"instock","14":"taxable","15":"shipping-taxable","16":"purchasable","17":"product-type-simple"},"bundled_by":[],"bundle_stock_status":"instock","bundle_stock_quantity":null,"bundle_virtual":false,"bundle_layout":"","bundle_add_to_cart_form_location":"","bundle_editable_in_cart":false,"bundle_sold_individually_context":"","bundle_item_grouping":"","bundle_min_size":"","bundle_max_size":"","bundle_price":[],"bundled_items":[],"bundle_sell_ids":[],"acf":[],"yoast_head":"<!-- This site is optimized with the Yoast SEO plugin v27.5 - https:\/\/yoast.com\/product\/yoast-seo-wordpress\/ -->\n<title>Randomisation et insu dans les essais cliniques<\/title>\n<meta name=\"description\" content=\"Apprenez la randomisation et l\u2019insu dans les essais cliniques gr\u00e2ce \u00e0 cette formation en ligne certifi\u00e9e, con\u00e7ue pour les professionnels de la recherche clinique. Cours accr\u00e9dit\u00e9 CPD et CEU.\" \/>\n<meta name=\"robots\" content=\"index, follow, max-snippet:-1, max-image-preview:large, max-video-preview:-1\" \/>\n<link rel=\"canonical\" href=\"https:\/\/gxp-training.com\/fr\/online-course\/randomisation-insu-dans-les-essais-cliniques\/\" \/>\n<meta property=\"og:locale\" content=\"fr_FR\" \/>\n<meta property=\"og:type\" content=\"article\" \/>\n<meta property=\"og:title\" content=\"Randomisation et insu dans les essais cliniques\" \/>\n<meta property=\"og:description\" content=\"Apprenez la randomisation et l\u2019insu dans les essais cliniques gr\u00e2ce \u00e0 cette formation en ligne certifi\u00e9e, con\u00e7ue pour les professionnels de la recherche clinique. Cours accr\u00e9dit\u00e9 CPD et CEU.\" \/>\n<meta property=\"og:url\" content=\"https:\/\/gxp-training.com\/fr\/online-course\/randomisation-insu-dans-les-essais-cliniques\/\" \/>\n<meta property=\"og:site_name\" content=\"GxP Training : Certified Online Courses for Life Sciences\" \/>\n<meta property=\"og:image\" content=\"https:\/\/gxp-training.com\/wp-content\/uploads\/2024\/02\/randomization-clinical-trial.png\" \/>\n\t<meta property=\"og:image:width\" content=\"900\" \/>\n\t<meta property=\"og:image:height\" content=\"627\" \/>\n\t<meta property=\"og:image:type\" content=\"image\/png\" \/>\n<meta name=\"twitter:card\" content=\"summary_large_image\" \/>\n<meta name=\"twitter:label1\" content=\"Dur\u00e9e de lecture estim\u00e9e\" \/>\n\t<meta name=\"twitter:data1\" content=\"2 minutes\" \/>\n<script type=\"application\/ld+json\" class=\"yoast-schema-graph\">{\"@context\":\"https:\\\/\\\/schema.org\",\"@graph\":[{\"@type\":\"WebPage\",\"@id\":\"https:\\\/\\\/gxp-training.com\\\/fr\\\/online-course\\\/randomisation-insu-dans-les-essais-cliniques\\\/\",\"url\":\"https:\\\/\\\/gxp-training.com\\\/fr\\\/online-course\\\/randomisation-insu-dans-les-essais-cliniques\\\/\",\"name\":\"Randomisation et insu dans les essais cliniques\",\"isPartOf\":{\"@id\":\"https:\\\/\\\/gxp-training.com\\\/fr\\\/#website\"},\"primaryImageOfPage\":{\"@id\":\"https:\\\/\\\/gxp-training.com\\\/fr\\\/online-course\\\/randomisation-insu-dans-les-essais-cliniques\\\/#primaryimage\"},\"image\":{\"@id\":\"https:\\\/\\\/gxp-training.com\\\/fr\\\/online-course\\\/randomisation-insu-dans-les-essais-cliniques\\\/#primaryimage\"},\"thumbnailUrl\":\"https:\\\/\\\/gxp-training.com\\\/wp-content\\\/uploads\\\/2024\\\/02\\\/randomization-clinical-trial.png\",\"datePublished\":\"2023-02-08T10:49:23+00:00\",\"description\":\"Apprenez la randomisation et l\u2019insu dans les essais cliniques gr\u00e2ce \u00e0 cette formation en ligne certifi\u00e9e, con\u00e7ue pour les professionnels de la recherche clinique. Cours accr\u00e9dit\u00e9 CPD et CEU.\",\"breadcrumb\":{\"@id\":\"https:\\\/\\\/gxp-training.com\\\/fr\\\/online-course\\\/randomisation-insu-dans-les-essais-cliniques\\\/#breadcrumb\"},\"inLanguage\":\"fr-FR\",\"potentialAction\":[{\"@type\":\"ReadAction\",\"target\":[\"https:\\\/\\\/gxp-training.com\\\/fr\\\/online-course\\\/randomisation-insu-dans-les-essais-cliniques\\\/\"]}]},{\"@type\":\"ImageObject\",\"inLanguage\":\"fr-FR\",\"@id\":\"https:\\\/\\\/gxp-training.com\\\/fr\\\/online-course\\\/randomisation-insu-dans-les-essais-cliniques\\\/#primaryimage\",\"url\":\"https:\\\/\\\/gxp-training.com\\\/wp-content\\\/uploads\\\/2024\\\/02\\\/randomization-clinical-trial.png\",\"contentUrl\":\"https:\\\/\\\/gxp-training.com\\\/wp-content\\\/uploads\\\/2024\\\/02\\\/randomization-clinical-trial.png\",\"width\":900,\"height\":627},{\"@type\":\"BreadcrumbList\",\"@id\":\"https:\\\/\\\/gxp-training.com\\\/fr\\\/online-course\\\/randomisation-insu-dans-les-essais-cliniques\\\/#breadcrumb\",\"itemListElement\":[{\"@type\":\"ListItem\",\"position\":1,\"name\":\"Accueil\",\"item\":\"https:\\\/\\\/gxp-training.com\\\/fr\\\/page-daccueil\\\/\"},{\"@type\":\"ListItem\",\"position\":2,\"name\":\"Produits\",\"item\":\"https:\\\/\\\/gxp-training.com\\\/fr\\\/shop\\\/\"},{\"@type\":\"ListItem\",\"position\":3,\"name\":\"Randomisation &#038; insu dans les essais cliniques\"}]},{\"@type\":\"WebSite\",\"@id\":\"https:\\\/\\\/gxp-training.com\\\/fr\\\/#website\",\"url\":\"https:\\\/\\\/gxp-training.com\\\/fr\\\/\",\"name\":\"GxP Training : Certified Online Courses for Life Sciences\",\"description\":\"Online Trainings and Certified Courses in Regulatory Compliance for Pharmaceutical Experts\",\"publisher\":{\"@id\":\"https:\\\/\\\/gxp-training.com\\\/fr\\\/#organization\"},\"potentialAction\":[{\"@type\":\"SearchAction\",\"target\":{\"@type\":\"EntryPoint\",\"urlTemplate\":\"https:\\\/\\\/gxp-training.com\\\/fr\\\/?s={search_term_string}\"},\"query-input\":{\"@type\":\"PropertyValueSpecification\",\"valueRequired\":true,\"valueName\":\"search_term_string\"}}],\"inLanguage\":\"fr-FR\"},{\"@type\":\"Organization\",\"@id\":\"https:\\\/\\\/gxp-training.com\\\/fr\\\/#organization\",\"name\":\"GXP Training\",\"url\":\"https:\\\/\\\/gxp-training.com\\\/fr\\\/\",\"logo\":{\"@type\":\"ImageObject\",\"inLanguage\":\"fr-FR\",\"@id\":\"https:\\\/\\\/gxp-training.com\\\/fr\\\/#\\\/schema\\\/logo\\\/image\\\/\",\"url\":\"https:\\\/\\\/gxp-training.com\\\/wp-content\\\/uploads\\\/2022\\\/05\\\/logo-resize.png\",\"contentUrl\":\"https:\\\/\\\/gxp-training.com\\\/wp-content\\\/uploads\\\/2022\\\/05\\\/logo-resize.png\",\"width\":350,\"height\":100,\"caption\":\"GXP Training\"},\"image\":{\"@id\":\"https:\\\/\\\/gxp-training.com\\\/fr\\\/#\\\/schema\\\/logo\\\/image\\\/\"}}]}<\/script>\n<!-- \/ Yoast SEO plugin. -->","yoast_head_json":{"title":"Randomisation et insu dans les essais cliniques","description":"Apprenez la randomisation et l\u2019insu dans les essais cliniques gr\u00e2ce \u00e0 cette formation en ligne certifi\u00e9e, con\u00e7ue pour les professionnels de la recherche clinique. Cours accr\u00e9dit\u00e9 CPD et CEU.","robots":{"index":"index","follow":"follow","max-snippet":"max-snippet:-1","max-image-preview":"max-image-preview:large","max-video-preview":"max-video-preview:-1"},"canonical":"https:\/\/gxp-training.com\/fr\/online-course\/randomisation-insu-dans-les-essais-cliniques\/","og_locale":"fr_FR","og_type":"article","og_title":"Randomisation et insu dans les essais cliniques","og_description":"Apprenez la randomisation et l\u2019insu dans les essais cliniques gr\u00e2ce \u00e0 cette formation en ligne certifi\u00e9e, con\u00e7ue pour les professionnels de la recherche clinique. Cours accr\u00e9dit\u00e9 CPD et CEU.","og_url":"https:\/\/gxp-training.com\/fr\/online-course\/randomisation-insu-dans-les-essais-cliniques\/","og_site_name":"GxP Training : Certified Online Courses for Life Sciences","og_image":[{"width":900,"height":627,"url":"https:\/\/gxp-training.com\/wp-content\/uploads\/2024\/02\/randomization-clinical-trial.png","type":"image\/png"}],"twitter_card":"summary_large_image","twitter_misc":{"Dur\u00e9e de lecture estim\u00e9e":"2 minutes"},"schema":{"@context":"https:\/\/schema.org","@graph":[{"@type":"WebPage","@id":"https:\/\/gxp-training.com\/fr\/online-course\/randomisation-insu-dans-les-essais-cliniques\/","url":"https:\/\/gxp-training.com\/fr\/online-course\/randomisation-insu-dans-les-essais-cliniques\/","name":"Randomisation et insu dans les essais cliniques","isPartOf":{"@id":"https:\/\/gxp-training.com\/fr\/#website"},"primaryImageOfPage":{"@id":"https:\/\/gxp-training.com\/fr\/online-course\/randomisation-insu-dans-les-essais-cliniques\/#primaryimage"},"image":{"@id":"https:\/\/gxp-training.com\/fr\/online-course\/randomisation-insu-dans-les-essais-cliniques\/#primaryimage"},"thumbnailUrl":"https:\/\/gxp-training.com\/wp-content\/uploads\/2024\/02\/randomization-clinical-trial.png","datePublished":"2023-02-08T10:49:23+00:00","description":"Apprenez la randomisation et l\u2019insu dans les essais cliniques gr\u00e2ce \u00e0 cette formation en ligne certifi\u00e9e, con\u00e7ue pour les professionnels de la recherche clinique. Cours accr\u00e9dit\u00e9 CPD et CEU.","breadcrumb":{"@id":"https:\/\/gxp-training.com\/fr\/online-course\/randomisation-insu-dans-les-essais-cliniques\/#breadcrumb"},"inLanguage":"fr-FR","potentialAction":[{"@type":"ReadAction","target":["https:\/\/gxp-training.com\/fr\/online-course\/randomisation-insu-dans-les-essais-cliniques\/"]}]},{"@type":"ImageObject","inLanguage":"fr-FR","@id":"https:\/\/gxp-training.com\/fr\/online-course\/randomisation-insu-dans-les-essais-cliniques\/#primaryimage","url":"https:\/\/gxp-training.com\/wp-content\/uploads\/2024\/02\/randomization-clinical-trial.png","contentUrl":"https:\/\/gxp-training.com\/wp-content\/uploads\/2024\/02\/randomization-clinical-trial.png","width":900,"height":627},{"@type":"BreadcrumbList","@id":"https:\/\/gxp-training.com\/fr\/online-course\/randomisation-insu-dans-les-essais-cliniques\/#breadcrumb","itemListElement":[{"@type":"ListItem","position":1,"name":"Accueil","item":"https:\/\/gxp-training.com\/fr\/page-daccueil\/"},{"@type":"ListItem","position":2,"name":"Produits","item":"https:\/\/gxp-training.com\/fr\/shop\/"},{"@type":"ListItem","position":3,"name":"Randomisation &#038; insu dans les essais cliniques"}]},{"@type":"WebSite","@id":"https:\/\/gxp-training.com\/fr\/#website","url":"https:\/\/gxp-training.com\/fr\/","name":"GxP Training : Certified Online Courses for Life Sciences","description":"Online Trainings and Certified Courses in Regulatory Compliance for Pharmaceutical Experts","publisher":{"@id":"https:\/\/gxp-training.com\/fr\/#organization"},"potentialAction":[{"@type":"SearchAction","target":{"@type":"EntryPoint","urlTemplate":"https:\/\/gxp-training.com\/fr\/?s={search_term_string}"},"query-input":{"@type":"PropertyValueSpecification","valueRequired":true,"valueName":"search_term_string"}}],"inLanguage":"fr-FR"},{"@type":"Organization","@id":"https:\/\/gxp-training.com\/fr\/#organization","name":"GXP Training","url":"https:\/\/gxp-training.com\/fr\/","logo":{"@type":"ImageObject","inLanguage":"fr-FR","@id":"https:\/\/gxp-training.com\/fr\/#\/schema\/logo\/image\/","url":"https:\/\/gxp-training.com\/wp-content\/uploads\/2022\/05\/logo-resize.png","contentUrl":"https:\/\/gxp-training.com\/wp-content\/uploads\/2022\/05\/logo-resize.png","width":350,"height":100,"caption":"GXP Training"},"image":{"@id":"https:\/\/gxp-training.com\/fr\/#\/schema\/logo\/image\/"}}]}},"_links":{"self":[{"href":"https:\/\/gxp-training.com\/fr\/wp-json\/wp\/v2\/product\/57816","targetHints":{"allow":["GET"]}}],"collection":[{"href":"https:\/\/gxp-training.com\/fr\/wp-json\/wp\/v2\/product"}],"about":[{"href":"https:\/\/gxp-training.com\/fr\/wp-json\/wp\/v2\/types\/product"}],"wp:featuredmedia":[{"embeddable":true,"href":"https:\/\/gxp-training.com\/fr\/wp-json\/wp\/v2\/media\/45233"}],"wp:attachment":[{"href":"https:\/\/gxp-training.com\/fr\/wp-json\/wp\/v2\/media?parent=57816"}],"wp:term":[{"taxonomy":"product_brand","embeddable":true,"href":"https:\/\/gxp-training.com\/fr\/wp-json\/wp\/v2\/product_brand?post=57816"},{"taxonomy":"product_cat","embeddable":true,"href":"https:\/\/gxp-training.com\/fr\/wp-json\/wp\/v2\/product_cat?post=57816"},{"taxonomy":"product_tag","embeddable":true,"href":"https:\/\/gxp-training.com\/fr\/wp-json\/wp\/v2\/product_tag?post=57816"}],"curies":[{"name":"wp","href":"https:\/\/api.w.org\/{rel}","templated":true}]}}