{"id":57815,"date":"2024-04-12T16:55:24","date_gmt":"2024-04-12T15:55:24","guid":{"rendered":"https:\/\/gxp-training.com\/online-course\/iso-14971-gestion-des-risques-pour-les-dispositifs-medicaux\/"},"modified":"2024-04-12T16:55:24","modified_gmt":"2024-04-12T14:55:24","slug":"iso-14971-gestion-des-risques-pour-les-dispositifs-medicaux","status":"publish","type":"product","link":"https:\/\/gxp-training.com\/fr\/online-course\/iso-14971-gestion-des-risques-pour-les-dispositifs-medicaux\/","title":{"rendered":"ISO 14971 : Gestion des risques pour les dispositifs m\u00e9dicaux"},"content":{"rendered":"<p>Dans le domaine de la fabrication de dispositifs m\u00e9dicaux, la gestion des risques n&rsquo;est pas seulement une exigence r\u00e9glementaire ; c&rsquo;est un aspect fondamental pour garantir la s\u00e9curit\u00e9 des patients et l&rsquo;efficacit\u00e9 des produits. Cette formation certifi\u00e9e est con\u00e7ue pour doter les professionnels de l&rsquo;expertise n\u00e9cessaire pour ma\u00eetriser les complexit\u00e9s de la gestion des risques conform\u00e9ment \u00e0 la norme ISO 14971. <\/p>\n<p><strong>\u00c0 qui s&rsquo;adresse cette formation ?<\/strong> Cette formation est essentielle pour tout professionnel des dispositifs m\u00e9dicaux souhaitant approfondir ses connaissances des processus complets de gestion des risques et de leurs interactions avec l&rsquo;ensemble du cycle de vie d&rsquo;un dispositif m\u00e9dical. Recommand\u00e9e pour les responsables qualit\u00e9, les sp\u00e9cialistes des affaires r\u00e9glementaires et les membres des \u00e9quipes de d\u00e9veloppement de dispositifs m\u00e9dicaux, elle offre des perspectives essentielles pour garantir la s\u00e9curit\u00e9 des produits et la conformit\u00e9 aux normes internationales. <\/p>\n<p><strong>Th\u00e8mes abord\u00e9s dans la formation :<\/strong><\/p>\n<ul>\n<li>Comment utiliser la matrice 5X5 pour l&rsquo;\u00e9valuation des risques dans la fabrication de dispositifs m\u00e9dicaux ?<\/li>\n<li>Quels sont les \u00e9l\u00e9ments cl\u00e9s d&rsquo;une politique de gestion des risques robuste ?<\/li>\n<li>Quelles sont les \u00e9tapes de mise en \u0153uvre d&rsquo;un plan de gestion des risques complet ?<\/li>\n<li>Comment l&rsquo;analyse des modes de d\u00e9faillance et de leurs effets (FMEA) est-elle utilis\u00e9e dans la gestion des risques pour les dispositifs m\u00e9dicaux ?<\/li>\n<li>Comment mener une analyse et une \u00e9valuation efficaces des risques pour identifier et att\u00e9nuer les dangers potentiels ?<\/li>\n<li>Comment ma\u00eetriser les risques et quelles sont les strat\u00e9gies cl\u00e9s pour une att\u00e9nuation efficace des risques ?<\/li>\n<li>Comment \u00e9valuer le risque r\u00e9siduel global apr\u00e8s la mise en \u0153uvre des mesures de ma\u00eetrise ?<\/li>\n<li>Quels sont les composants essentiels d&rsquo;un rapport de gestion des risques ?<\/li>\n<li>Comment la gestion des risques influence-t-elle les activit\u00e9s de production et de post-production des dispositifs m\u00e9dicaux ?<\/li>\n<li>Quel est l&rsquo;impact d&rsquo;une gestion efficace des risques sur le syst\u00e8me de management de la qualit\u00e9 (SMQ) ?<\/li>\n<\/ul>\n<p>&nbsp;<\/p>\n<p>Il s&rsquo;agit d&rsquo;une formation certifi\u00e9e compl\u00e8te couvrant tous les \u00e9l\u00e9ments requis de la norme ISO 14971 \u00e0 travers une exp\u00e9rience en ligne interactive. Des \u00e9tudes de cas et des quiz suivent chaque le\u00e7on pour renforcer l&rsquo;apprentissage. \u00c0 l&rsquo;issue de la formation, les participants recevront un certificat GxP Training reconnu internationalement, accr\u00e9dit\u00e9 avec des cr\u00e9dits CPD\/CEU.  <\/p>\n<p>&nbsp;<\/p>\n<h3>Programme :<\/h3>\n<p><strong>Introduction<\/strong><\/p>\n<p>&nbsp;<\/p>\n<p><strong>Le\u00e7on 1 : Matrice 5X5, politique de gestion des risques et cl\u00e9s d&rsquo;att\u00e9nuation des risques<\/strong><\/p>\n<p>&nbsp;<\/p>\n<p><strong>Le\u00e7on 2 : Processus de gestion des risques et plan de gestion des risques<\/strong><\/p>\n<p>&nbsp;<\/p>\n<p><strong>Le\u00e7on 3 : FMEA dans la gestion des risques<\/strong><\/p>\n<p>&nbsp;<\/p>\n<p><strong>Le\u00e7on 4 : Analyse risques-b\u00e9n\u00e9fices et rapport de gestion des risques<\/strong><\/p>\n<p>&nbsp;<\/p>\n<p><strong>Conclusion<\/strong><\/p>\n<p>&nbsp;<\/p>\n<p><strong>Glossaire<\/strong><\/p>\n<p>&nbsp;<\/p>\n<p><strong>\u00c9valuation<\/strong><\/p>\n","protected":false},"excerpt":{"rendered":"<p>Dans le domaine de la fabrication de dispositifs m\u00e9dicaux, la gestion des risques n&rsquo;est pas seulement une exigence r\u00e9glementaire ; c&rsquo;est un aspect fondamental pour garantir la s\u00e9curit\u00e9 des patients et l&rsquo;efficacit\u00e9 des produits. Cette formation certifi\u00e9e est con\u00e7ue pour doter les professionnels de l&rsquo;expertise n\u00e9cessaire pour ma\u00eetriser les complexit\u00e9s de la gestion des risques [&hellip;]<\/p>\n","protected":false},"featured_media":45949,"template":"","meta":{"_acf_changed":false,"content-type":""},"product_brand":[],"product_cat":[255,257,256],"product_tag":[],"class_list":{"0":"post-57815","1":"product","2":"type-product","3":"status-publish","4":"has-post-thumbnail","6":"product_cat-affaires-reglementaires","7":"product_cat-assurance-qualite","8":"product_cat-dispositifs-medicaux","10":"first","11":"instock","12":"taxable","13":"shipping-taxable","14":"purchasable","15":"product-type-subscription"},"bundled_by":[],"bundle_stock_status":"instock","bundle_stock_quantity":null,"bundle_virtual":false,"bundle_layout":"","bundle_add_to_cart_form_location":"","bundle_editable_in_cart":false,"bundle_sold_individually_context":"","bundle_item_grouping":"","bundle_min_size":"","bundle_max_size":"","bundle_price":[],"bundled_items":[],"bundle_sell_ids":[],"acf":[],"yoast_head":"<!-- This site is optimized with the Yoast SEO plugin v27.5 - https:\/\/yoast.com\/product\/yoast-seo-wordpress\/ -->\n<title>ISO 14971 : Gestion des risques pour les dispositifs m\u00e9dicaux - Certificat de formation<\/title>\n<meta name=\"description\" content=\"Formation certifi\u00e9e en ligne sur la gestion des risques ISO 14971 con\u00e7ue pour les professionnels des dispositifs m\u00e9dicaux. Obtenez un certificat reconnu et des cr\u00e9dits CPD\/CEU \u00e0 l&#039;issue de la formation. Pour les responsables qualit\u00e9, les sp\u00e9cialistes des affaires r\u00e9glementaires et les membres des \u00e9quipes de d\u00e9veloppement.\" \/>\n<meta name=\"robots\" content=\"index, follow, max-snippet:-1, max-image-preview:large, max-video-preview:-1\" \/>\n<link rel=\"canonical\" href=\"https:\/\/gxp-training.com\/fr\/online-course\/iso-14971-gestion-des-risques-pour-les-dispositifs-medicaux\/\" \/>\n<meta property=\"og:locale\" content=\"fr_FR\" \/>\n<meta property=\"og:type\" content=\"article\" \/>\n<meta property=\"og:title\" content=\"ISO 14971 : Gestion des risques pour les dispositifs m\u00e9dicaux - Certificat de formation\" \/>\n<meta property=\"og:description\" content=\"Formation certifi\u00e9e en ligne sur la gestion des risques ISO 14971 con\u00e7ue pour les professionnels des dispositifs m\u00e9dicaux. Obtenez un certificat reconnu et des cr\u00e9dits CPD\/CEU \u00e0 l&#039;issue de la formation. Pour les responsables qualit\u00e9, les sp\u00e9cialistes des affaires r\u00e9glementaires et les membres des \u00e9quipes de d\u00e9veloppement.\" \/>\n<meta property=\"og:url\" content=\"https:\/\/gxp-training.com\/fr\/online-course\/iso-14971-gestion-des-risques-pour-les-dispositifs-medicaux\/\" \/>\n<meta property=\"og:site_name\" content=\"GxP Training : Certified Online Courses for Life Sciences\" \/>\n<meta property=\"og:image\" content=\"https:\/\/gxp-training.com\/wp-content\/uploads\/2024\/04\/ISO-14971-Risk-Management-For-Medical-Devices.png\" \/>\n\t<meta property=\"og:image:width\" content=\"900\" \/>\n\t<meta property=\"og:image:height\" content=\"627\" \/>\n\t<meta property=\"og:image:type\" content=\"image\/png\" \/>\n<meta name=\"twitter:card\" content=\"summary_large_image\" \/>\n<meta name=\"twitter:label1\" content=\"Dur\u00e9e de lecture estim\u00e9e\" \/>\n\t<meta name=\"twitter:data1\" content=\"2 minutes\" \/>\n<script type=\"application\/ld+json\" class=\"yoast-schema-graph\">{\"@context\":\"https:\\\/\\\/schema.org\",\"@graph\":[{\"@type\":\"WebPage\",\"@id\":\"https:\\\/\\\/gxp-training.com\\\/fr\\\/online-course\\\/iso-14971-gestion-des-risques-pour-les-dispositifs-medicaux\\\/\",\"url\":\"https:\\\/\\\/gxp-training.com\\\/fr\\\/online-course\\\/iso-14971-gestion-des-risques-pour-les-dispositifs-medicaux\\\/\",\"name\":\"ISO 14971 : Gestion des risques pour les dispositifs m\u00e9dicaux - Certificat de formation\",\"isPartOf\":{\"@id\":\"https:\\\/\\\/gxp-training.com\\\/fr\\\/#website\"},\"primaryImageOfPage\":{\"@id\":\"https:\\\/\\\/gxp-training.com\\\/fr\\\/online-course\\\/iso-14971-gestion-des-risques-pour-les-dispositifs-medicaux\\\/#primaryimage\"},\"image\":{\"@id\":\"https:\\\/\\\/gxp-training.com\\\/fr\\\/online-course\\\/iso-14971-gestion-des-risques-pour-les-dispositifs-medicaux\\\/#primaryimage\"},\"thumbnailUrl\":\"https:\\\/\\\/gxp-training.com\\\/wp-content\\\/uploads\\\/2024\\\/04\\\/ISO-14971-Risk-Management-For-Medical-Devices.png\",\"datePublished\":\"2024-04-12T15:55:24+00:00\",\"description\":\"Formation certifi\u00e9e en ligne sur la gestion des risques ISO 14971 con\u00e7ue pour les professionnels des dispositifs m\u00e9dicaux. Obtenez un certificat reconnu et des cr\u00e9dits CPD\\\/CEU \u00e0 l'issue de la formation. Pour les responsables qualit\u00e9, les sp\u00e9cialistes des affaires r\u00e9glementaires et les membres des \u00e9quipes de d\u00e9veloppement.\",\"breadcrumb\":{\"@id\":\"https:\\\/\\\/gxp-training.com\\\/fr\\\/online-course\\\/iso-14971-gestion-des-risques-pour-les-dispositifs-medicaux\\\/#breadcrumb\"},\"inLanguage\":\"fr-FR\",\"potentialAction\":[{\"@type\":\"ReadAction\",\"target\":[\"https:\\\/\\\/gxp-training.com\\\/fr\\\/online-course\\\/iso-14971-gestion-des-risques-pour-les-dispositifs-medicaux\\\/\"]}]},{\"@type\":\"ImageObject\",\"inLanguage\":\"fr-FR\",\"@id\":\"https:\\\/\\\/gxp-training.com\\\/fr\\\/online-course\\\/iso-14971-gestion-des-risques-pour-les-dispositifs-medicaux\\\/#primaryimage\",\"url\":\"https:\\\/\\\/gxp-training.com\\\/wp-content\\\/uploads\\\/2024\\\/04\\\/ISO-14971-Risk-Management-For-Medical-Devices.png\",\"contentUrl\":\"https:\\\/\\\/gxp-training.com\\\/wp-content\\\/uploads\\\/2024\\\/04\\\/ISO-14971-Risk-Management-For-Medical-Devices.png\",\"width\":900,\"height\":627},{\"@type\":\"BreadcrumbList\",\"@id\":\"https:\\\/\\\/gxp-training.com\\\/fr\\\/online-course\\\/iso-14971-gestion-des-risques-pour-les-dispositifs-medicaux\\\/#breadcrumb\",\"itemListElement\":[{\"@type\":\"ListItem\",\"position\":1,\"name\":\"Accueil\",\"item\":\"https:\\\/\\\/gxp-training.com\\\/fr\\\/page-daccueil\\\/\"},{\"@type\":\"ListItem\",\"position\":2,\"name\":\"Produits\",\"item\":\"https:\\\/\\\/gxp-training.com\\\/fr\\\/shop\\\/\"},{\"@type\":\"ListItem\",\"position\":3,\"name\":\"ISO 14971 : Gestion des risques pour les dispositifs m\u00e9dicaux\"}]},{\"@type\":\"WebSite\",\"@id\":\"https:\\\/\\\/gxp-training.com\\\/fr\\\/#website\",\"url\":\"https:\\\/\\\/gxp-training.com\\\/fr\\\/\",\"name\":\"GxP Training : Certified Online Courses for Life Sciences\",\"description\":\"Online Trainings and Certified Courses in Regulatory Compliance for Pharmaceutical Experts\",\"publisher\":{\"@id\":\"https:\\\/\\\/gxp-training.com\\\/fr\\\/#organization\"},\"potentialAction\":[{\"@type\":\"SearchAction\",\"target\":{\"@type\":\"EntryPoint\",\"urlTemplate\":\"https:\\\/\\\/gxp-training.com\\\/fr\\\/?s={search_term_string}\"},\"query-input\":{\"@type\":\"PropertyValueSpecification\",\"valueRequired\":true,\"valueName\":\"search_term_string\"}}],\"inLanguage\":\"fr-FR\"},{\"@type\":\"Organization\",\"@id\":\"https:\\\/\\\/gxp-training.com\\\/fr\\\/#organization\",\"name\":\"GXP Training\",\"url\":\"https:\\\/\\\/gxp-training.com\\\/fr\\\/\",\"logo\":{\"@type\":\"ImageObject\",\"inLanguage\":\"fr-FR\",\"@id\":\"https:\\\/\\\/gxp-training.com\\\/fr\\\/#\\\/schema\\\/logo\\\/image\\\/\",\"url\":\"https:\\\/\\\/gxp-training.com\\\/wp-content\\\/uploads\\\/2022\\\/05\\\/logo-resize.png\",\"contentUrl\":\"https:\\\/\\\/gxp-training.com\\\/wp-content\\\/uploads\\\/2022\\\/05\\\/logo-resize.png\",\"width\":350,\"height\":100,\"caption\":\"GXP Training\"},\"image\":{\"@id\":\"https:\\\/\\\/gxp-training.com\\\/fr\\\/#\\\/schema\\\/logo\\\/image\\\/\"}}]}<\/script>\n<!-- \/ Yoast SEO plugin. -->","yoast_head_json":{"title":"ISO 14971 : Gestion des risques pour les dispositifs m\u00e9dicaux - Certificat de formation","description":"Formation certifi\u00e9e en ligne sur la gestion des risques ISO 14971 con\u00e7ue pour les professionnels des dispositifs m\u00e9dicaux. Obtenez un certificat reconnu et des cr\u00e9dits CPD\/CEU \u00e0 l'issue de la formation. Pour les responsables qualit\u00e9, les sp\u00e9cialistes des affaires r\u00e9glementaires et les membres des \u00e9quipes de d\u00e9veloppement.","robots":{"index":"index","follow":"follow","max-snippet":"max-snippet:-1","max-image-preview":"max-image-preview:large","max-video-preview":"max-video-preview:-1"},"canonical":"https:\/\/gxp-training.com\/fr\/online-course\/iso-14971-gestion-des-risques-pour-les-dispositifs-medicaux\/","og_locale":"fr_FR","og_type":"article","og_title":"ISO 14971 : Gestion des risques pour les dispositifs m\u00e9dicaux - Certificat de formation","og_description":"Formation certifi\u00e9e en ligne sur la gestion des risques ISO 14971 con\u00e7ue pour les professionnels des dispositifs m\u00e9dicaux. Obtenez un certificat reconnu et des cr\u00e9dits CPD\/CEU \u00e0 l'issue de la formation. Pour les responsables qualit\u00e9, les sp\u00e9cialistes des affaires r\u00e9glementaires et les membres des \u00e9quipes de d\u00e9veloppement.","og_url":"https:\/\/gxp-training.com\/fr\/online-course\/iso-14971-gestion-des-risques-pour-les-dispositifs-medicaux\/","og_site_name":"GxP Training : Certified Online Courses for Life Sciences","og_image":[{"width":900,"height":627,"url":"https:\/\/gxp-training.com\/wp-content\/uploads\/2024\/04\/ISO-14971-Risk-Management-For-Medical-Devices.png","type":"image\/png"}],"twitter_card":"summary_large_image","twitter_misc":{"Dur\u00e9e de lecture estim\u00e9e":"2 minutes"},"schema":{"@context":"https:\/\/schema.org","@graph":[{"@type":"WebPage","@id":"https:\/\/gxp-training.com\/fr\/online-course\/iso-14971-gestion-des-risques-pour-les-dispositifs-medicaux\/","url":"https:\/\/gxp-training.com\/fr\/online-course\/iso-14971-gestion-des-risques-pour-les-dispositifs-medicaux\/","name":"ISO 14971 : Gestion des risques pour les dispositifs m\u00e9dicaux - Certificat de formation","isPartOf":{"@id":"https:\/\/gxp-training.com\/fr\/#website"},"primaryImageOfPage":{"@id":"https:\/\/gxp-training.com\/fr\/online-course\/iso-14971-gestion-des-risques-pour-les-dispositifs-medicaux\/#primaryimage"},"image":{"@id":"https:\/\/gxp-training.com\/fr\/online-course\/iso-14971-gestion-des-risques-pour-les-dispositifs-medicaux\/#primaryimage"},"thumbnailUrl":"https:\/\/gxp-training.com\/wp-content\/uploads\/2024\/04\/ISO-14971-Risk-Management-For-Medical-Devices.png","datePublished":"2024-04-12T15:55:24+00:00","description":"Formation certifi\u00e9e en ligne sur la gestion des risques ISO 14971 con\u00e7ue pour les professionnels des dispositifs m\u00e9dicaux. Obtenez un certificat reconnu et des cr\u00e9dits CPD\/CEU \u00e0 l'issue de la formation. Pour les responsables qualit\u00e9, les sp\u00e9cialistes des affaires r\u00e9glementaires et les membres des \u00e9quipes de d\u00e9veloppement.","breadcrumb":{"@id":"https:\/\/gxp-training.com\/fr\/online-course\/iso-14971-gestion-des-risques-pour-les-dispositifs-medicaux\/#breadcrumb"},"inLanguage":"fr-FR","potentialAction":[{"@type":"ReadAction","target":["https:\/\/gxp-training.com\/fr\/online-course\/iso-14971-gestion-des-risques-pour-les-dispositifs-medicaux\/"]}]},{"@type":"ImageObject","inLanguage":"fr-FR","@id":"https:\/\/gxp-training.com\/fr\/online-course\/iso-14971-gestion-des-risques-pour-les-dispositifs-medicaux\/#primaryimage","url":"https:\/\/gxp-training.com\/wp-content\/uploads\/2024\/04\/ISO-14971-Risk-Management-For-Medical-Devices.png","contentUrl":"https:\/\/gxp-training.com\/wp-content\/uploads\/2024\/04\/ISO-14971-Risk-Management-For-Medical-Devices.png","width":900,"height":627},{"@type":"BreadcrumbList","@id":"https:\/\/gxp-training.com\/fr\/online-course\/iso-14971-gestion-des-risques-pour-les-dispositifs-medicaux\/#breadcrumb","itemListElement":[{"@type":"ListItem","position":1,"name":"Accueil","item":"https:\/\/gxp-training.com\/fr\/page-daccueil\/"},{"@type":"ListItem","position":2,"name":"Produits","item":"https:\/\/gxp-training.com\/fr\/shop\/"},{"@type":"ListItem","position":3,"name":"ISO 14971 : Gestion des risques pour les dispositifs m\u00e9dicaux"}]},{"@type":"WebSite","@id":"https:\/\/gxp-training.com\/fr\/#website","url":"https:\/\/gxp-training.com\/fr\/","name":"GxP Training : Certified Online Courses for Life Sciences","description":"Online Trainings and Certified Courses in Regulatory Compliance for Pharmaceutical Experts","publisher":{"@id":"https:\/\/gxp-training.com\/fr\/#organization"},"potentialAction":[{"@type":"SearchAction","target":{"@type":"EntryPoint","urlTemplate":"https:\/\/gxp-training.com\/fr\/?s={search_term_string}"},"query-input":{"@type":"PropertyValueSpecification","valueRequired":true,"valueName":"search_term_string"}}],"inLanguage":"fr-FR"},{"@type":"Organization","@id":"https:\/\/gxp-training.com\/fr\/#organization","name":"GXP Training","url":"https:\/\/gxp-training.com\/fr\/","logo":{"@type":"ImageObject","inLanguage":"fr-FR","@id":"https:\/\/gxp-training.com\/fr\/#\/schema\/logo\/image\/","url":"https:\/\/gxp-training.com\/wp-content\/uploads\/2022\/05\/logo-resize.png","contentUrl":"https:\/\/gxp-training.com\/wp-content\/uploads\/2022\/05\/logo-resize.png","width":350,"height":100,"caption":"GXP Training"},"image":{"@id":"https:\/\/gxp-training.com\/fr\/#\/schema\/logo\/image\/"}}]}},"_links":{"self":[{"href":"https:\/\/gxp-training.com\/fr\/wp-json\/wp\/v2\/product\/57815","targetHints":{"allow":["GET"]}}],"collection":[{"href":"https:\/\/gxp-training.com\/fr\/wp-json\/wp\/v2\/product"}],"about":[{"href":"https:\/\/gxp-training.com\/fr\/wp-json\/wp\/v2\/types\/product"}],"wp:featuredmedia":[{"embeddable":true,"href":"https:\/\/gxp-training.com\/fr\/wp-json\/wp\/v2\/media\/45949"}],"wp:attachment":[{"href":"https:\/\/gxp-training.com\/fr\/wp-json\/wp\/v2\/media?parent=57815"}],"wp:term":[{"taxonomy":"product_brand","embeddable":true,"href":"https:\/\/gxp-training.com\/fr\/wp-json\/wp\/v2\/product_brand?post=57815"},{"taxonomy":"product_cat","embeddable":true,"href":"https:\/\/gxp-training.com\/fr\/wp-json\/wp\/v2\/product_cat?post=57815"},{"taxonomy":"product_tag","embeddable":true,"href":"https:\/\/gxp-training.com\/fr\/wp-json\/wp\/v2\/product_tag?post=57815"}],"curies":[{"name":"wp","href":"https:\/\/api.w.org\/{rel}","templated":true}]}}