{"id":57808,"date":"2024-10-30T07:53:15","date_gmt":"2024-10-30T07:53:15","guid":{"rendered":"https:\/\/gxp-training.com\/online-course\/systemes-de-management-de-laboratoire-iso-iec-170252017\/"},"modified":"2024-10-30T07:53:15","modified_gmt":"2024-10-30T06:53:15","slug":"systemes-de-management-de-laboratoire-iso-iec-170252017","status":"publish","type":"product","link":"https:\/\/gxp-training.com\/fr\/online-course\/systemes-de-management-de-laboratoire-iso-iec-170252017\/","title":{"rendered":"Syst\u00e8mes de management de laboratoire \u2013 ISO\/IEC 17025:2017"},"content":{"rendered":"<p><span style=\"font-weight: 400;\">Plongez dans les fondamentaux de l&rsquo;ISO\/IEC 17025:2017 pour am\u00e9liorer la <\/span><a href=\"https:\/\/gxp-training.com\/fr\/cours-gxp-2\/\"><span style=\"font-weight: 400;\">pr\u00e9cision<\/span><\/a><span style=\"font-weight: 400;\"> et la productivit\u00e9 du laboratoire dans les sciences de la vie. Cette formation couvre des explications clause par clause, vous dotant de strat\u00e9gies pratiques pour une accr\u00e9ditation r\u00e9ussie. <\/span> <\/p>\n<p>&nbsp;<\/p>\n<p><b>Qui devrait s&rsquo;inscrire ?<\/b><\/p>\n<p><span style=\"font-weight: 400;\">Les techniciens de laboratoire, les professionnels de l&rsquo;<\/span><a href=\"https:\/\/gxp-training.com\/fr\/gxp-courses\/assurance-qualite\/\"><span style=\"font-weight: 400;\">assurance qualit\u00e9<\/span><\/a><span style=\"font-weight: 400;\"> et les responsables des <\/span><a href=\"https:\/\/gxp-training.com\/fr\/online-course\/bonnes-pratiques-de-laboratoire-clinique-bplc\/\"><span style=\"font-weight: 400;\">op\u00e9rations de laboratoire<\/span><\/a><span style=\"font-weight: 400;\"> devraient s&rsquo;inscrire \u00e0 cette formation pour approfondir leur compr\u00e9hension des normes ISO\/IEC 17025:2017. De plus, ceux qui cherchent \u00e0 mettre en \u0153uvre ou \u00e0 am\u00e9liorer les processus de management et d&rsquo;accr\u00e9ditation de laboratoire tireront grand profit de cette exp\u00e9rience d&rsquo;apprentissage compl\u00e8te.<\/span><\/p>\n<p>&nbsp;<\/p>\n<p><b>Sujets abord\u00e9s dans la formation :<\/b><\/p>\n<ul>\n<li style=\"font-weight: 400;\"><span style=\"font-weight: 400;\">Comprendre la structure fondamentale et les exigences de l&rsquo;ISO\/IEC 17025:2017.<\/span><\/li>\n<li style=\"font-weight: 400;\"><span style=\"font-weight: 400;\">Garantir l&rsquo;impartialit\u00e9 et la confidentialit\u00e9 dans les op\u00e9rations de laboratoire.<\/span><\/li>\n<li style=\"font-weight: 400;\"><span style=\"font-weight: 400;\">D\u00e9couvrir les exigences en mati\u00e8re de ressources, en mettant l&rsquo;accent sur la comp\u00e9tence du personnel et des \u00e9quipements.<\/span><\/li>\n<li style=\"font-weight: 400;\"><span style=\"font-weight: 400;\">Processus d&rsquo;obtention de l&rsquo;accr\u00e9ditation et de maintien de la certification.<\/span><\/li>\n<li style=\"font-weight: 400;\"><span style=\"font-weight: 400;\">Strat\u00e9gies de gestion des risques et des opportunit\u00e9s pour am\u00e9liorer l&rsquo;efficacit\u00e9 du laboratoire.<\/span><\/li>\n<\/ul>\n<p>&nbsp;<\/p>\n<p><span style=\"font-weight: 400;\">Cette formation compl\u00e8te offre un examen approfondi de l&rsquo;ISO\/IEC 17025:2017, \u00e9lucidant les \u00e9l\u00e9ments essentiels des syst\u00e8mes de management de laboratoire dans un format hautement interactif. Chaque session int\u00e8gre des exemples concrets et des \u00e9valuations pour faciliter une exp\u00e9rience d&rsquo;apprentissage compl\u00e8te et appliqu\u00e9e. \u00c0 l&rsquo;issue de la formation, les participants recevront un certificat de formation ISO\/IEC 17025 reconnu mondialement, accr\u00e9dit\u00e9 avec des cr\u00e9dits CPD\/CEU.    <\/span><\/p>\n<p>&nbsp;<\/p>\n<h3><b>Programme :<\/b><\/h3>\n<p><b>Vid\u00e9o d&rsquo;introduction<\/b><\/p>\n<p><b>Description de la formation<\/b><\/p>\n<p><b>Le\u00e7on 1 : Fondamentaux des syst\u00e8mes de laboratoire<\/b><\/p>\n<p><b>Le\u00e7on 2 : Exigences essentielles du management des processus de laboratoire<\/b><\/p>\n<p><b>Le\u00e7on 3 : Exigences structurelles<\/b><\/p>\n<p><b>Le\u00e7on 4 : Exigences relatives aux ressources<\/b><\/p>\n<p><b>Le\u00e7on 5 : Exigences relatives aux processus<\/b><\/p>\n<p><b>Le\u00e7on 6 : Exigences relatives au syst\u00e8me de management<\/b><\/p>\n<p><b>Le\u00e7on 7 : Accr\u00e9ditation et certification<\/b><\/p>\n<p><b>Conclusion<\/b><\/p>\n<p><b>\u00c9valuation finale<\/b><\/p>\n","protected":false},"excerpt":{"rendered":"<p>Plongez dans les fondamentaux de l&rsquo;ISO\/IEC 17025:2017 pour am\u00e9liorer la pr\u00e9cision et la productivit\u00e9 du laboratoire dans les sciences de la vie. Cette formation couvre des explications clause par clause, vous dotant de strat\u00e9gies pratiques pour une accr\u00e9ditation r\u00e9ussie. &nbsp; Qui devrait s&rsquo;inscrire ? Les techniciens de laboratoire, les professionnels de l&rsquo;assurance qualit\u00e9 et les [&hellip;]<\/p>\n","protected":false},"featured_media":48012,"template":"","meta":{"_acf_changed":false,"content-type":""},"product_brand":[],"product_cat":[277,259],"product_tag":[],"class_list":{"0":"post-57808","1":"product","2":"type-product","3":"status-publish","4":"has-post-thumbnail","6":"product_cat-bpl-bonnes-pratiques-de-laboratoire","7":"product_cat-laboratoires","9":"first","10":"instock","11":"taxable","12":"shipping-taxable","13":"purchasable","14":"product-type-subscription"},"bundled_by":[],"bundle_stock_status":"instock","bundle_stock_quantity":null,"bundle_virtual":false,"bundle_layout":"","bundle_add_to_cart_form_location":"","bundle_editable_in_cart":false,"bundle_sold_individually_context":"","bundle_item_grouping":"","bundle_min_size":"","bundle_max_size":"","bundle_price":[],"bundled_items":[],"bundle_sell_ids":[],"acf":[],"yoast_head":"<!-- This site is optimized with the Yoast SEO plugin v27.5 - https:\/\/yoast.com\/product\/yoast-seo-wordpress\/ -->\n<title>Formation certifi\u00e9e en ligne sur le management de laboratoire<\/title>\n<meta name=\"description\" content=\"Ma\u00eetrisez les syst\u00e8mes de management de laboratoire pour l&#039;assurance qualit\u00e9 dans les sciences de la vie. Id\u00e9al pour les techniciens de laboratoire, l&#039;AQ et les responsables de laboratoire. Inscrivez-vous d\u00e8s aujourd&#039;hui !\" \/>\n<meta name=\"robots\" content=\"index, follow, max-snippet:-1, max-image-preview:large, max-video-preview:-1\" \/>\n<link rel=\"canonical\" href=\"https:\/\/gxp-training.com\/fr\/online-course\/systemes-de-management-de-laboratoire-iso-iec-170252017\/\" \/>\n<meta property=\"og:locale\" content=\"fr_FR\" \/>\n<meta property=\"og:type\" content=\"article\" \/>\n<meta property=\"og:title\" content=\"Formation certifi\u00e9e en ligne sur le management de laboratoire\" \/>\n<meta property=\"og:description\" content=\"Ma\u00eetrisez les syst\u00e8mes de management de laboratoire pour l&#039;assurance qualit\u00e9 dans les sciences de la vie. Id\u00e9al pour les techniciens de laboratoire, l&#039;AQ et les responsables de laboratoire. Inscrivez-vous d\u00e8s aujourd&#039;hui !\" \/>\n<meta property=\"og:url\" content=\"https:\/\/gxp-training.com\/fr\/online-course\/systemes-de-management-de-laboratoire-iso-iec-170252017\/\" \/>\n<meta property=\"og:site_name\" content=\"GxP Training : Certified Online Courses for Life Sciences\" \/>\n<meta property=\"og:image\" content=\"https:\/\/gxp-training.com\/wp-content\/uploads\/2024\/10\/Laboratory-Management-Systems-ISOIEC-170252017-750x523-1.png\" \/>\n\t<meta property=\"og:image:width\" content=\"750\" \/>\n\t<meta property=\"og:image:height\" content=\"523\" \/>\n\t<meta property=\"og:image:type\" content=\"image\/png\" \/>\n<meta name=\"twitter:card\" content=\"summary_large_image\" \/>\n<meta name=\"twitter:label1\" content=\"Dur\u00e9e de lecture estim\u00e9e\" \/>\n\t<meta name=\"twitter:data1\" content=\"2 minutes\" \/>\n<script type=\"application\/ld+json\" class=\"yoast-schema-graph\">{\"@context\":\"https:\\\/\\\/schema.org\",\"@graph\":[{\"@type\":\"WebPage\",\"@id\":\"https:\\\/\\\/gxp-training.com\\\/fr\\\/online-course\\\/systemes-de-management-de-laboratoire-iso-iec-170252017\\\/\",\"url\":\"https:\\\/\\\/gxp-training.com\\\/fr\\\/online-course\\\/systemes-de-management-de-laboratoire-iso-iec-170252017\\\/\",\"name\":\"Formation certifi\u00e9e en ligne sur le management de laboratoire\",\"isPartOf\":{\"@id\":\"https:\\\/\\\/gxp-training.com\\\/fr\\\/#website\"},\"primaryImageOfPage\":{\"@id\":\"https:\\\/\\\/gxp-training.com\\\/fr\\\/online-course\\\/systemes-de-management-de-laboratoire-iso-iec-170252017\\\/#primaryimage\"},\"image\":{\"@id\":\"https:\\\/\\\/gxp-training.com\\\/fr\\\/online-course\\\/systemes-de-management-de-laboratoire-iso-iec-170252017\\\/#primaryimage\"},\"thumbnailUrl\":\"https:\\\/\\\/gxp-training.com\\\/wp-content\\\/uploads\\\/2024\\\/10\\\/Laboratory-Management-Systems-ISOIEC-170252017-750x523-1.png\",\"datePublished\":\"2024-10-30T07:53:15+00:00\",\"description\":\"Ma\u00eetrisez les syst\u00e8mes de management de laboratoire pour l'assurance qualit\u00e9 dans les sciences de la vie. Id\u00e9al pour les techniciens de laboratoire, l'AQ et les responsables de laboratoire. Inscrivez-vous d\u00e8s aujourd'hui !\",\"breadcrumb\":{\"@id\":\"https:\\\/\\\/gxp-training.com\\\/fr\\\/online-course\\\/systemes-de-management-de-laboratoire-iso-iec-170252017\\\/#breadcrumb\"},\"inLanguage\":\"fr-FR\",\"potentialAction\":[{\"@type\":\"ReadAction\",\"target\":[\"https:\\\/\\\/gxp-training.com\\\/fr\\\/online-course\\\/systemes-de-management-de-laboratoire-iso-iec-170252017\\\/\"]}]},{\"@type\":\"ImageObject\",\"inLanguage\":\"fr-FR\",\"@id\":\"https:\\\/\\\/gxp-training.com\\\/fr\\\/online-course\\\/systemes-de-management-de-laboratoire-iso-iec-170252017\\\/#primaryimage\",\"url\":\"https:\\\/\\\/gxp-training.com\\\/wp-content\\\/uploads\\\/2024\\\/10\\\/Laboratory-Management-Systems-ISOIEC-170252017-750x523-1.png\",\"contentUrl\":\"https:\\\/\\\/gxp-training.com\\\/wp-content\\\/uploads\\\/2024\\\/10\\\/Laboratory-Management-Systems-ISOIEC-170252017-750x523-1.png\",\"width\":750,\"height\":523},{\"@type\":\"BreadcrumbList\",\"@id\":\"https:\\\/\\\/gxp-training.com\\\/fr\\\/online-course\\\/systemes-de-management-de-laboratoire-iso-iec-170252017\\\/#breadcrumb\",\"itemListElement\":[{\"@type\":\"ListItem\",\"position\":1,\"name\":\"Accueil\",\"item\":\"https:\\\/\\\/gxp-training.com\\\/fr\\\/page-daccueil\\\/\"},{\"@type\":\"ListItem\",\"position\":2,\"name\":\"Produits\",\"item\":\"https:\\\/\\\/gxp-training.com\\\/fr\\\/shop\\\/\"},{\"@type\":\"ListItem\",\"position\":3,\"name\":\"Syst\u00e8mes de management de laboratoire \u2013 ISO\\\/IEC 17025:2017\"}]},{\"@type\":\"WebSite\",\"@id\":\"https:\\\/\\\/gxp-training.com\\\/fr\\\/#website\",\"url\":\"https:\\\/\\\/gxp-training.com\\\/fr\\\/\",\"name\":\"GxP Training : Certified Online Courses for Life Sciences\",\"description\":\"Online Trainings and Certified Courses in Regulatory Compliance for Pharmaceutical Experts\",\"publisher\":{\"@id\":\"https:\\\/\\\/gxp-training.com\\\/fr\\\/#organization\"},\"potentialAction\":[{\"@type\":\"SearchAction\",\"target\":{\"@type\":\"EntryPoint\",\"urlTemplate\":\"https:\\\/\\\/gxp-training.com\\\/fr\\\/?s={search_term_string}\"},\"query-input\":{\"@type\":\"PropertyValueSpecification\",\"valueRequired\":true,\"valueName\":\"search_term_string\"}}],\"inLanguage\":\"fr-FR\"},{\"@type\":\"Organization\",\"@id\":\"https:\\\/\\\/gxp-training.com\\\/fr\\\/#organization\",\"name\":\"GXP Training\",\"url\":\"https:\\\/\\\/gxp-training.com\\\/fr\\\/\",\"logo\":{\"@type\":\"ImageObject\",\"inLanguage\":\"fr-FR\",\"@id\":\"https:\\\/\\\/gxp-training.com\\\/fr\\\/#\\\/schema\\\/logo\\\/image\\\/\",\"url\":\"https:\\\/\\\/gxp-training.com\\\/wp-content\\\/uploads\\\/2022\\\/05\\\/logo-resize.png\",\"contentUrl\":\"https:\\\/\\\/gxp-training.com\\\/wp-content\\\/uploads\\\/2022\\\/05\\\/logo-resize.png\",\"width\":350,\"height\":100,\"caption\":\"GXP Training\"},\"image\":{\"@id\":\"https:\\\/\\\/gxp-training.com\\\/fr\\\/#\\\/schema\\\/logo\\\/image\\\/\"}}]}<\/script>\n<!-- \/ Yoast SEO plugin. -->","yoast_head_json":{"title":"Formation certifi\u00e9e en ligne sur le management de laboratoire","description":"Ma\u00eetrisez les syst\u00e8mes de management de laboratoire pour l'assurance qualit\u00e9 dans les sciences de la vie. Id\u00e9al pour les techniciens de laboratoire, l'AQ et les responsables de laboratoire. Inscrivez-vous d\u00e8s aujourd'hui !","robots":{"index":"index","follow":"follow","max-snippet":"max-snippet:-1","max-image-preview":"max-image-preview:large","max-video-preview":"max-video-preview:-1"},"canonical":"https:\/\/gxp-training.com\/fr\/online-course\/systemes-de-management-de-laboratoire-iso-iec-170252017\/","og_locale":"fr_FR","og_type":"article","og_title":"Formation certifi\u00e9e en ligne sur le management de laboratoire","og_description":"Ma\u00eetrisez les syst\u00e8mes de management de laboratoire pour l'assurance qualit\u00e9 dans les sciences de la vie. Id\u00e9al pour les techniciens de laboratoire, l'AQ et les responsables de laboratoire. Inscrivez-vous d\u00e8s aujourd'hui !","og_url":"https:\/\/gxp-training.com\/fr\/online-course\/systemes-de-management-de-laboratoire-iso-iec-170252017\/","og_site_name":"GxP Training : Certified Online Courses for Life Sciences","og_image":[{"width":750,"height":523,"url":"https:\/\/gxp-training.com\/wp-content\/uploads\/2024\/10\/Laboratory-Management-Systems-ISOIEC-170252017-750x523-1.png","type":"image\/png"}],"twitter_card":"summary_large_image","twitter_misc":{"Dur\u00e9e de lecture estim\u00e9e":"2 minutes"},"schema":{"@context":"https:\/\/schema.org","@graph":[{"@type":"WebPage","@id":"https:\/\/gxp-training.com\/fr\/online-course\/systemes-de-management-de-laboratoire-iso-iec-170252017\/","url":"https:\/\/gxp-training.com\/fr\/online-course\/systemes-de-management-de-laboratoire-iso-iec-170252017\/","name":"Formation certifi\u00e9e en ligne sur le management de laboratoire","isPartOf":{"@id":"https:\/\/gxp-training.com\/fr\/#website"},"primaryImageOfPage":{"@id":"https:\/\/gxp-training.com\/fr\/online-course\/systemes-de-management-de-laboratoire-iso-iec-170252017\/#primaryimage"},"image":{"@id":"https:\/\/gxp-training.com\/fr\/online-course\/systemes-de-management-de-laboratoire-iso-iec-170252017\/#primaryimage"},"thumbnailUrl":"https:\/\/gxp-training.com\/wp-content\/uploads\/2024\/10\/Laboratory-Management-Systems-ISOIEC-170252017-750x523-1.png","datePublished":"2024-10-30T07:53:15+00:00","description":"Ma\u00eetrisez les syst\u00e8mes de management de laboratoire pour l'assurance qualit\u00e9 dans les sciences de la vie. Id\u00e9al pour les techniciens de laboratoire, l'AQ et les responsables de laboratoire. Inscrivez-vous d\u00e8s aujourd'hui !","breadcrumb":{"@id":"https:\/\/gxp-training.com\/fr\/online-course\/systemes-de-management-de-laboratoire-iso-iec-170252017\/#breadcrumb"},"inLanguage":"fr-FR","potentialAction":[{"@type":"ReadAction","target":["https:\/\/gxp-training.com\/fr\/online-course\/systemes-de-management-de-laboratoire-iso-iec-170252017\/"]}]},{"@type":"ImageObject","inLanguage":"fr-FR","@id":"https:\/\/gxp-training.com\/fr\/online-course\/systemes-de-management-de-laboratoire-iso-iec-170252017\/#primaryimage","url":"https:\/\/gxp-training.com\/wp-content\/uploads\/2024\/10\/Laboratory-Management-Systems-ISOIEC-170252017-750x523-1.png","contentUrl":"https:\/\/gxp-training.com\/wp-content\/uploads\/2024\/10\/Laboratory-Management-Systems-ISOIEC-170252017-750x523-1.png","width":750,"height":523},{"@type":"BreadcrumbList","@id":"https:\/\/gxp-training.com\/fr\/online-course\/systemes-de-management-de-laboratoire-iso-iec-170252017\/#breadcrumb","itemListElement":[{"@type":"ListItem","position":1,"name":"Accueil","item":"https:\/\/gxp-training.com\/fr\/page-daccueil\/"},{"@type":"ListItem","position":2,"name":"Produits","item":"https:\/\/gxp-training.com\/fr\/shop\/"},{"@type":"ListItem","position":3,"name":"Syst\u00e8mes de management de laboratoire \u2013 ISO\/IEC 17025:2017"}]},{"@type":"WebSite","@id":"https:\/\/gxp-training.com\/fr\/#website","url":"https:\/\/gxp-training.com\/fr\/","name":"GxP Training : Certified Online Courses for Life Sciences","description":"Online Trainings and Certified Courses in Regulatory Compliance for Pharmaceutical Experts","publisher":{"@id":"https:\/\/gxp-training.com\/fr\/#organization"},"potentialAction":[{"@type":"SearchAction","target":{"@type":"EntryPoint","urlTemplate":"https:\/\/gxp-training.com\/fr\/?s={search_term_string}"},"query-input":{"@type":"PropertyValueSpecification","valueRequired":true,"valueName":"search_term_string"}}],"inLanguage":"fr-FR"},{"@type":"Organization","@id":"https:\/\/gxp-training.com\/fr\/#organization","name":"GXP Training","url":"https:\/\/gxp-training.com\/fr\/","logo":{"@type":"ImageObject","inLanguage":"fr-FR","@id":"https:\/\/gxp-training.com\/fr\/#\/schema\/logo\/image\/","url":"https:\/\/gxp-training.com\/wp-content\/uploads\/2022\/05\/logo-resize.png","contentUrl":"https:\/\/gxp-training.com\/wp-content\/uploads\/2022\/05\/logo-resize.png","width":350,"height":100,"caption":"GXP Training"},"image":{"@id":"https:\/\/gxp-training.com\/fr\/#\/schema\/logo\/image\/"}}]}},"_links":{"self":[{"href":"https:\/\/gxp-training.com\/fr\/wp-json\/wp\/v2\/product\/57808","targetHints":{"allow":["GET"]}}],"collection":[{"href":"https:\/\/gxp-training.com\/fr\/wp-json\/wp\/v2\/product"}],"about":[{"href":"https:\/\/gxp-training.com\/fr\/wp-json\/wp\/v2\/types\/product"}],"wp:featuredmedia":[{"embeddable":true,"href":"https:\/\/gxp-training.com\/fr\/wp-json\/wp\/v2\/media\/48012"}],"wp:attachment":[{"href":"https:\/\/gxp-training.com\/fr\/wp-json\/wp\/v2\/media?parent=57808"}],"wp:term":[{"taxonomy":"product_brand","embeddable":true,"href":"https:\/\/gxp-training.com\/fr\/wp-json\/wp\/v2\/product_brand?post=57808"},{"taxonomy":"product_cat","embeddable":true,"href":"https:\/\/gxp-training.com\/fr\/wp-json\/wp\/v2\/product_cat?post=57808"},{"taxonomy":"product_tag","embeddable":true,"href":"https:\/\/gxp-training.com\/fr\/wp-json\/wp\/v2\/product_tag?post=57808"}],"curies":[{"name":"wp","href":"https:\/\/api.w.org\/{rel}","templated":true}]}}