{"id":57795,"date":"2024-07-22T15:02:40","date_gmt":"2024-07-22T14:02:40","guid":{"rendered":"https:\/\/gxp-training.com\/online-course\/bonnes-pratiques-de-laboratoire-clinique-bplc\/"},"modified":"2024-07-22T15:02:40","modified_gmt":"2024-07-22T13:02:40","slug":"bonnes-pratiques-de-laboratoire-clinique-bplc","status":"publish","type":"product","link":"https:\/\/gxp-training.com\/fr\/online-course\/bonnes-pratiques-de-laboratoire-clinique-bplc\/","title":{"rendered":"Bonnes Pratiques de Laboratoire Clinique (BPLC)"},"content":{"rendered":"<p>Les <a href=\"https:\/\/pmc.ncbi.nlm.nih.gov\/articles\/PMC2213906\/\">Bonnes Pratiques de Laboratoire Clinique<\/a> (BPLC) constituent le cadre reconnu mondialement qui r\u00e9git le travail de laboratoire dans le cadre des essais cliniques. De la collecte des \u00e9chantillons au rapport des r\u00e9sultats, elles garantissent que chaque \u00e9tape respecte les normes r\u00e9glementaires et \u00e9thiques n\u00e9cessaires pour produire des donn\u00e9es cliniques fiables et conformes aux audits. Cette formation couvre les principes fondamentaux des BPLC et leur application pratique dans l&rsquo;ensemble du processus de laboratoire.  <\/p>\n<p><strong>Que allez-vous apprendre ?<\/strong><\/p>\n<ul>\n<li>Principes et composantes cl\u00e9s des BPLC et leur pertinence pour les essais cliniques<\/li>\n<li>Pratiques appropri\u00e9es de collecte, transport, r\u00e9ception et stockage des \u00e9chantillons<\/li>\n<li>Validation, qualification et m\u00e9thodologies de laboratoire adapt\u00e9es \u00e0 l&rsquo;usage pr\u00e9vu<\/li>\n<li>Analyse des \u00e9chantillons, proc\u00e9dures de tra\u00e7abilit\u00e9 et rapport des r\u00e9sultats<\/li>\n<li>Exigences en mati\u00e8re de documentation, d&rsquo;archivage et de conformit\u00e9 r\u00e9glementaire<\/li>\n<\/ul>\n<p>&nbsp;<\/p>\n<p><strong>\u00c0 qui s&rsquo;adresse cette formation ?<\/strong><\/p>\n<ul>\n<li>Promoteurs<\/li>\n<li>Responsables et personnel de laboratoire<\/li>\n<li>Chefs de projet et <a href=\"https:\/\/gxp-training.com\/fr\/online-course\/attache-de-recherche-clinique-arc\/\">Attach\u00e9s de Recherche Clinique<\/a> (ARC)<\/li>\n<li>Personnel d&rsquo;assurance qualit\u00e9 et de conformit\u00e9<\/li>\n<\/ul>\n<p>&nbsp;<\/p>\n<p>\u00c0 l&rsquo;issue de la formation, vous recevrez un <strong>certificat de formation GxP reconnu internationalement, accr\u00e9dit\u00e9 avec des cr\u00e9dits CPD\/CEU<\/strong>, adapt\u00e9 \u00e0 la documentation d&rsquo;audit et de conformit\u00e9.<\/p>\n<p>&nbsp;<\/p>\n<h3>Programme :<\/h3>\n<p><strong>Objectifs<\/strong><br \/>\n<strong>Introduction<\/strong><br \/>\n<strong>Le\u00e7on 1 : Bonnes Pratiques Cliniques et r\u00f4le des <a href=\"https:\/\/gxp-training.com\/fr\/gxp-courses\/laboratoires\/\">laboratoires<\/a> dans les essais cliniques<\/strong><br \/>\n<strong>Le\u00e7on 2 : Cadre r\u00e9glementaire r\u00e9gissant les laboratoires d&rsquo;essais cliniques<\/strong><br \/>\n<strong>Le\u00e7on 3 : Organisation du laboratoire, personnel et responsabilit\u00e9s<\/strong><br \/>\n<strong>Le\u00e7on 4 : Installations, \u00e9quipements, mat\u00e9riels et syst\u00e8mes informatis\u00e9s<\/strong><br \/>\n<strong>Le\u00e7on 5 : Phase pr\u00e9-analytique &#8211; Gestion du cycle de vie des \u00e9chantillons dans les essais cliniques<\/strong><br \/>\n<strong>Le\u00e7on 6 : Phase analytique &#8211; M\u00e9thodes analytiques, tests et validation<\/strong><br \/>\n<strong>Le\u00e7on 7 : Phase post-analytique &#8211; Int\u00e9grit\u00e9 des donn\u00e9es, documentation et rapport<\/strong><br \/>\n<strong>Le\u00e7on 8 : Gestion de la qualit\u00e9, traitement des erreurs et supervision du laboratoire<\/strong><br \/>\n<strong>Conclusion<\/strong><br \/>\n<strong>\u00c9valuation<\/strong><\/p>\n","protected":false},"excerpt":{"rendered":"<p>Les Bonnes Pratiques de Laboratoire Clinique (BPLC) constituent le cadre reconnu mondialement qui r\u00e9git le travail de laboratoire dans le cadre des essais cliniques. De la collecte des \u00e9chantillons au rapport des r\u00e9sultats, elles garantissent que chaque \u00e9tape respecte les normes r\u00e9glementaires et \u00e9thiques n\u00e9cessaires pour produire des donn\u00e9es cliniques fiables et conformes aux audits. [&hellip;]<\/p>\n","protected":false},"featured_media":46927,"template":"","meta":{"_acf_changed":false,"content-type":""},"product_brand":[],"product_cat":[257,274,277,259,263],"product_tag":[],"class_list":{"0":"post-57795","1":"product","2":"type-product","3":"status-publish","4":"has-post-thumbnail","6":"product_cat-assurance-qualite","7":"product_cat-bpc-essais-cliniques","8":"product_cat-bpl-bonnes-pratiques-de-laboratoire","9":"product_cat-laboratoires","10":"product_cat-organisme-de-recherche-sous-contrat-cro","12":"first","13":"instock","14":"taxable","15":"shipping-taxable","16":"purchasable","17":"product-type-subscription"},"bundled_by":[],"bundle_stock_status":"instock","bundle_stock_quantity":null,"bundle_virtual":false,"bundle_layout":"","bundle_add_to_cart_form_location":"","bundle_editable_in_cart":false,"bundle_sold_individually_context":"","bundle_item_grouping":"","bundle_min_size":"","bundle_max_size":"","bundle_price":[],"bundled_items":[],"bundle_sell_ids":[],"acf":[],"yoast_head":"<!-- This site is optimized with the Yoast SEO plugin v27.5 - https:\/\/yoast.com\/product\/yoast-seo-wordpress\/ -->\n<title>Bonnes Pratiques de Laboratoire Clinique (BPLC) - Formation certifi\u00e9e en ligne<\/title>\n<meta name=\"description\" content=\"Renforcez votre expertise avec notre formation certifi\u00e9e en Bonnes Pratiques de Laboratoire Clinique (BPLC). Obtenez un certificat et des cr\u00e9dits CPD\/CEU \u00e0 l&#039;issue de la formation.\" \/>\n<meta name=\"robots\" content=\"index, follow, max-snippet:-1, max-image-preview:large, max-video-preview:-1\" \/>\n<link rel=\"canonical\" href=\"https:\/\/gxp-training.com\/fr\/online-course\/bonnes-pratiques-de-laboratoire-clinique-bplc\/\" \/>\n<meta property=\"og:locale\" content=\"fr_FR\" \/>\n<meta property=\"og:type\" content=\"article\" \/>\n<meta property=\"og:title\" content=\"Bonnes Pratiques de Laboratoire Clinique (BPLC) - Formation certifi\u00e9e en ligne\" \/>\n<meta property=\"og:description\" content=\"Renforcez votre expertise avec notre formation certifi\u00e9e en Bonnes Pratiques de Laboratoire Clinique (BPLC). Obtenez un certificat et des cr\u00e9dits CPD\/CEU \u00e0 l&#039;issue de la formation.\" \/>\n<meta property=\"og:url\" content=\"https:\/\/gxp-training.com\/fr\/online-course\/bonnes-pratiques-de-laboratoire-clinique-bplc\/\" \/>\n<meta property=\"og:site_name\" content=\"GxP Training : Certified Online Courses for Life Sciences\" \/>\n<meta property=\"og:image\" content=\"https:\/\/gxp-training.com\/wp-content\/uploads\/2024\/07\/gclp-certified-course.png\" \/>\n\t<meta property=\"og:image:width\" content=\"900\" \/>\n\t<meta property=\"og:image:height\" content=\"627\" \/>\n\t<meta property=\"og:image:type\" content=\"image\/png\" \/>\n<meta name=\"twitter:card\" content=\"summary_large_image\" \/>\n<meta name=\"twitter:label1\" content=\"Dur\u00e9e de lecture estim\u00e9e\" \/>\n\t<meta name=\"twitter:data1\" content=\"2 minutes\" \/>\n<script type=\"application\/ld+json\" class=\"yoast-schema-graph\">{\"@context\":\"https:\\\/\\\/schema.org\",\"@graph\":[{\"@type\":\"WebPage\",\"@id\":\"https:\\\/\\\/gxp-training.com\\\/fr\\\/online-course\\\/bonnes-pratiques-de-laboratoire-clinique-bplc\\\/\",\"url\":\"https:\\\/\\\/gxp-training.com\\\/fr\\\/online-course\\\/bonnes-pratiques-de-laboratoire-clinique-bplc\\\/\",\"name\":\"Bonnes Pratiques de Laboratoire Clinique (BPLC) - Formation certifi\u00e9e en ligne\",\"isPartOf\":{\"@id\":\"https:\\\/\\\/gxp-training.com\\\/fr\\\/#website\"},\"primaryImageOfPage\":{\"@id\":\"https:\\\/\\\/gxp-training.com\\\/fr\\\/online-course\\\/bonnes-pratiques-de-laboratoire-clinique-bplc\\\/#primaryimage\"},\"image\":{\"@id\":\"https:\\\/\\\/gxp-training.com\\\/fr\\\/online-course\\\/bonnes-pratiques-de-laboratoire-clinique-bplc\\\/#primaryimage\"},\"thumbnailUrl\":\"https:\\\/\\\/gxp-training.com\\\/wp-content\\\/uploads\\\/2024\\\/07\\\/gclp-certified-course.png\",\"datePublished\":\"2024-07-22T14:02:40+00:00\",\"description\":\"Renforcez votre expertise avec notre formation certifi\u00e9e en Bonnes Pratiques de Laboratoire Clinique (BPLC). Obtenez un certificat et des cr\u00e9dits CPD\\\/CEU \u00e0 l'issue de la formation.\",\"breadcrumb\":{\"@id\":\"https:\\\/\\\/gxp-training.com\\\/fr\\\/online-course\\\/bonnes-pratiques-de-laboratoire-clinique-bplc\\\/#breadcrumb\"},\"inLanguage\":\"fr-FR\",\"potentialAction\":[{\"@type\":\"ReadAction\",\"target\":[\"https:\\\/\\\/gxp-training.com\\\/fr\\\/online-course\\\/bonnes-pratiques-de-laboratoire-clinique-bplc\\\/\"]}]},{\"@type\":\"ImageObject\",\"inLanguage\":\"fr-FR\",\"@id\":\"https:\\\/\\\/gxp-training.com\\\/fr\\\/online-course\\\/bonnes-pratiques-de-laboratoire-clinique-bplc\\\/#primaryimage\",\"url\":\"https:\\\/\\\/gxp-training.com\\\/wp-content\\\/uploads\\\/2024\\\/07\\\/gclp-certified-course.png\",\"contentUrl\":\"https:\\\/\\\/gxp-training.com\\\/wp-content\\\/uploads\\\/2024\\\/07\\\/gclp-certified-course.png\",\"width\":900,\"height\":627},{\"@type\":\"BreadcrumbList\",\"@id\":\"https:\\\/\\\/gxp-training.com\\\/fr\\\/online-course\\\/bonnes-pratiques-de-laboratoire-clinique-bplc\\\/#breadcrumb\",\"itemListElement\":[{\"@type\":\"ListItem\",\"position\":1,\"name\":\"Accueil\",\"item\":\"https:\\\/\\\/gxp-training.com\\\/fr\\\/page-daccueil\\\/\"},{\"@type\":\"ListItem\",\"position\":2,\"name\":\"Produits\",\"item\":\"https:\\\/\\\/gxp-training.com\\\/fr\\\/shop\\\/\"},{\"@type\":\"ListItem\",\"position\":3,\"name\":\"Laboratoires\",\"item\":\"https:\\\/\\\/gxp-training.com\\\/fr\\\/gxp-courses\\\/laboratoires\\\/\"},{\"@type\":\"ListItem\",\"position\":4,\"name\":\"Bonnes Pratiques de Laboratoire Clinique (BPLC)\"}]},{\"@type\":\"WebSite\",\"@id\":\"https:\\\/\\\/gxp-training.com\\\/fr\\\/#website\",\"url\":\"https:\\\/\\\/gxp-training.com\\\/fr\\\/\",\"name\":\"GxP Training : Certified Online Courses for Life Sciences\",\"description\":\"Online Trainings and Certified Courses in Regulatory Compliance for Pharmaceutical Experts\",\"publisher\":{\"@id\":\"https:\\\/\\\/gxp-training.com\\\/fr\\\/#organization\"},\"potentialAction\":[{\"@type\":\"SearchAction\",\"target\":{\"@type\":\"EntryPoint\",\"urlTemplate\":\"https:\\\/\\\/gxp-training.com\\\/fr\\\/?s={search_term_string}\"},\"query-input\":{\"@type\":\"PropertyValueSpecification\",\"valueRequired\":true,\"valueName\":\"search_term_string\"}}],\"inLanguage\":\"fr-FR\"},{\"@type\":\"Organization\",\"@id\":\"https:\\\/\\\/gxp-training.com\\\/fr\\\/#organization\",\"name\":\"GXP Training\",\"url\":\"https:\\\/\\\/gxp-training.com\\\/fr\\\/\",\"logo\":{\"@type\":\"ImageObject\",\"inLanguage\":\"fr-FR\",\"@id\":\"https:\\\/\\\/gxp-training.com\\\/fr\\\/#\\\/schema\\\/logo\\\/image\\\/\",\"url\":\"https:\\\/\\\/gxp-training.com\\\/wp-content\\\/uploads\\\/2022\\\/05\\\/logo-resize.png\",\"contentUrl\":\"https:\\\/\\\/gxp-training.com\\\/wp-content\\\/uploads\\\/2022\\\/05\\\/logo-resize.png\",\"width\":350,\"height\":100,\"caption\":\"GXP Training\"},\"image\":{\"@id\":\"https:\\\/\\\/gxp-training.com\\\/fr\\\/#\\\/schema\\\/logo\\\/image\\\/\"}}]}<\/script>\n<!-- \/ Yoast SEO plugin. -->","yoast_head_json":{"title":"Bonnes Pratiques de Laboratoire Clinique (BPLC) - Formation certifi\u00e9e en ligne","description":"Renforcez votre expertise avec notre formation certifi\u00e9e en Bonnes Pratiques de Laboratoire Clinique (BPLC). Obtenez un certificat et des cr\u00e9dits CPD\/CEU \u00e0 l'issue de la formation.","robots":{"index":"index","follow":"follow","max-snippet":"max-snippet:-1","max-image-preview":"max-image-preview:large","max-video-preview":"max-video-preview:-1"},"canonical":"https:\/\/gxp-training.com\/fr\/online-course\/bonnes-pratiques-de-laboratoire-clinique-bplc\/","og_locale":"fr_FR","og_type":"article","og_title":"Bonnes Pratiques de Laboratoire Clinique (BPLC) - Formation certifi\u00e9e en ligne","og_description":"Renforcez votre expertise avec notre formation certifi\u00e9e en Bonnes Pratiques de Laboratoire Clinique (BPLC). Obtenez un certificat et des cr\u00e9dits CPD\/CEU \u00e0 l'issue de la formation.","og_url":"https:\/\/gxp-training.com\/fr\/online-course\/bonnes-pratiques-de-laboratoire-clinique-bplc\/","og_site_name":"GxP Training : Certified Online Courses for Life Sciences","og_image":[{"width":900,"height":627,"url":"https:\/\/gxp-training.com\/wp-content\/uploads\/2024\/07\/gclp-certified-course.png","type":"image\/png"}],"twitter_card":"summary_large_image","twitter_misc":{"Dur\u00e9e de lecture estim\u00e9e":"2 minutes"},"schema":{"@context":"https:\/\/schema.org","@graph":[{"@type":"WebPage","@id":"https:\/\/gxp-training.com\/fr\/online-course\/bonnes-pratiques-de-laboratoire-clinique-bplc\/","url":"https:\/\/gxp-training.com\/fr\/online-course\/bonnes-pratiques-de-laboratoire-clinique-bplc\/","name":"Bonnes Pratiques de Laboratoire Clinique (BPLC) - Formation certifi\u00e9e en ligne","isPartOf":{"@id":"https:\/\/gxp-training.com\/fr\/#website"},"primaryImageOfPage":{"@id":"https:\/\/gxp-training.com\/fr\/online-course\/bonnes-pratiques-de-laboratoire-clinique-bplc\/#primaryimage"},"image":{"@id":"https:\/\/gxp-training.com\/fr\/online-course\/bonnes-pratiques-de-laboratoire-clinique-bplc\/#primaryimage"},"thumbnailUrl":"https:\/\/gxp-training.com\/wp-content\/uploads\/2024\/07\/gclp-certified-course.png","datePublished":"2024-07-22T14:02:40+00:00","description":"Renforcez votre expertise avec notre formation certifi\u00e9e en Bonnes Pratiques de Laboratoire Clinique (BPLC). Obtenez un certificat et des cr\u00e9dits CPD\/CEU \u00e0 l'issue de la formation.","breadcrumb":{"@id":"https:\/\/gxp-training.com\/fr\/online-course\/bonnes-pratiques-de-laboratoire-clinique-bplc\/#breadcrumb"},"inLanguage":"fr-FR","potentialAction":[{"@type":"ReadAction","target":["https:\/\/gxp-training.com\/fr\/online-course\/bonnes-pratiques-de-laboratoire-clinique-bplc\/"]}]},{"@type":"ImageObject","inLanguage":"fr-FR","@id":"https:\/\/gxp-training.com\/fr\/online-course\/bonnes-pratiques-de-laboratoire-clinique-bplc\/#primaryimage","url":"https:\/\/gxp-training.com\/wp-content\/uploads\/2024\/07\/gclp-certified-course.png","contentUrl":"https:\/\/gxp-training.com\/wp-content\/uploads\/2024\/07\/gclp-certified-course.png","width":900,"height":627},{"@type":"BreadcrumbList","@id":"https:\/\/gxp-training.com\/fr\/online-course\/bonnes-pratiques-de-laboratoire-clinique-bplc\/#breadcrumb","itemListElement":[{"@type":"ListItem","position":1,"name":"Accueil","item":"https:\/\/gxp-training.com\/fr\/page-daccueil\/"},{"@type":"ListItem","position":2,"name":"Produits","item":"https:\/\/gxp-training.com\/fr\/shop\/"},{"@type":"ListItem","position":3,"name":"Laboratoires","item":"https:\/\/gxp-training.com\/fr\/gxp-courses\/laboratoires\/"},{"@type":"ListItem","position":4,"name":"Bonnes Pratiques de Laboratoire Clinique (BPLC)"}]},{"@type":"WebSite","@id":"https:\/\/gxp-training.com\/fr\/#website","url":"https:\/\/gxp-training.com\/fr\/","name":"GxP Training : Certified Online Courses for Life Sciences","description":"Online Trainings and Certified Courses in Regulatory Compliance for Pharmaceutical Experts","publisher":{"@id":"https:\/\/gxp-training.com\/fr\/#organization"},"potentialAction":[{"@type":"SearchAction","target":{"@type":"EntryPoint","urlTemplate":"https:\/\/gxp-training.com\/fr\/?s={search_term_string}"},"query-input":{"@type":"PropertyValueSpecification","valueRequired":true,"valueName":"search_term_string"}}],"inLanguage":"fr-FR"},{"@type":"Organization","@id":"https:\/\/gxp-training.com\/fr\/#organization","name":"GXP Training","url":"https:\/\/gxp-training.com\/fr\/","logo":{"@type":"ImageObject","inLanguage":"fr-FR","@id":"https:\/\/gxp-training.com\/fr\/#\/schema\/logo\/image\/","url":"https:\/\/gxp-training.com\/wp-content\/uploads\/2022\/05\/logo-resize.png","contentUrl":"https:\/\/gxp-training.com\/wp-content\/uploads\/2022\/05\/logo-resize.png","width":350,"height":100,"caption":"GXP Training"},"image":{"@id":"https:\/\/gxp-training.com\/fr\/#\/schema\/logo\/image\/"}}]}},"_links":{"self":[{"href":"https:\/\/gxp-training.com\/fr\/wp-json\/wp\/v2\/product\/57795","targetHints":{"allow":["GET"]}}],"collection":[{"href":"https:\/\/gxp-training.com\/fr\/wp-json\/wp\/v2\/product"}],"about":[{"href":"https:\/\/gxp-training.com\/fr\/wp-json\/wp\/v2\/types\/product"}],"wp:featuredmedia":[{"embeddable":true,"href":"https:\/\/gxp-training.com\/fr\/wp-json\/wp\/v2\/media\/46927"}],"wp:attachment":[{"href":"https:\/\/gxp-training.com\/fr\/wp-json\/wp\/v2\/media?parent=57795"}],"wp:term":[{"taxonomy":"product_brand","embeddable":true,"href":"https:\/\/gxp-training.com\/fr\/wp-json\/wp\/v2\/product_brand?post=57795"},{"taxonomy":"product_cat","embeddable":true,"href":"https:\/\/gxp-training.com\/fr\/wp-json\/wp\/v2\/product_cat?post=57795"},{"taxonomy":"product_tag","embeddable":true,"href":"https:\/\/gxp-training.com\/fr\/wp-json\/wp\/v2\/product_tag?post=57795"}],"curies":[{"name":"wp","href":"https:\/\/api.w.org\/{rel}","templated":true}]}}