{"id":57783,"date":"2024-12-19T10:09:25","date_gmt":"2024-12-19T10:09:25","guid":{"rendered":"https:\/\/gxp-training.com\/online-course\/actualisation-bpf-2025\/"},"modified":"2024-12-19T10:09:25","modified_gmt":"2024-12-19T09:09:25","slug":"actualisation-bpf-2025","status":"publish","type":"product","link":"https:\/\/gxp-training.com\/fr\/online-course\/actualisation-bpf-2025\/","title":{"rendered":"Actualisation BPF 2025"},"content":{"rendered":"<p><span style=\"font-weight: 400;\">  Approfondissez vos connaissances en Bonnes Pratiques de Fabrication (<a href=\"https:\/\/gxp-training.com\/fr\/gxp-courses\/bpf-bonnes-pratiques-de-fabrication\/\">BPF<\/a>) avec notre programme d\u2019actualisation BPF. Con\u00e7u pour les professionnels de la pharma, des biotechnologies et des sciences de la vie, ce cours garantit votre mise \u00e0 jour sur les principes essentiels des BPF, la s\u00e9curit\u00e9 et la conformit\u00e9 pour exceller dans les industries r\u00e9glement\u00e9es.   <\/span><\/p>\n<p>&nbsp;<\/p>\n<p><b>\u00c0 qui s\u2019adresse cette formation ?<\/b><\/p>\n<p><span style=\"font-weight: 400;\">Ce cours est sp\u00e9cifiquement con\u00e7u pour les professionnels de l\u2019<a href=\"https:\/\/gxp-training.com\/fr\/gxp-courses\/assurance-qualite\/\">assurance qualit\u00e9<\/a>, du contr\u00f4le et de la fabrication, ainsi que pour les sp\u00e9cialistes des affaires r\u00e9glementaires, les <a href=\"https:\/\/gxp-training.com\/fr\/online-course\/inspections-de-conformite-reglementaire-et-audits-externes\/\">responsables de la conformit\u00e9<\/a> et les cadres de l\u2019industrie pharmaceutique. Il fournit des cl\u00e9s essentielles pour renforcer l\u2019expertise BPF, garantir la conformit\u00e9 et atteindre l\u2019excellence op\u00e9rationnelle dans les secteurs r\u00e9glement\u00e9s. <\/span><\/p>\n<p>&nbsp;<\/p>\n<p><b>Sujets abord\u00e9s dans le cours :<\/b><\/p>\n<ul>\n<li style=\"font-weight: 400;\"><span style=\"font-weight: 400;\">Renforcement des principes de gestion de la qualit\u00e9 pour la conformit\u00e9 BPF.<\/span><\/li>\n<li style=\"font-weight: 400;\"><span style=\"font-weight: 400;\">Meilleures pratiques pour l\u2019organisation, le personnel et la formation.<\/span><\/li>\n<li style=\"font-weight: 400;\"><span style=\"font-weight: 400;\">Essentiels de la gestion de la documentation et des enregistrements.<\/span><\/li>\n<li style=\"font-weight: 400;\"><span style=\"font-weight: 400;\">Op\u00e9rations de fabrication de base et techniques de contr\u00f4le.<\/span><\/li>\n<li style=\"font-weight: 400;\"><span style=\"font-weight: 400;\">Principes de validation pharmaceutique et int\u00e9grit\u00e9 des processus.<\/span><\/li>\n<\/ul>\n<p>&nbsp;<\/p>\n<p><span style=\"font-weight: 400;\">Ce cours certifiant int\u00e8gre des exemples concrets et des \u00e9valuations pour faciliter une exp\u00e9rience d\u2019apprentissage compl\u00e8te et appliqu\u00e9e. \u00c0 l\u2019issue de la formation, les participants recevront un certificat d\u2019actualisation BPF reconnu mondialement, accr\u00e9dit\u00e9 par des cr\u00e9dits CPD\/CEU.   <\/span><\/p>\n<p>&nbsp;<\/p>\n<h3><b>Programme :<\/b><\/h3>\n<p><b>Introduction<\/b><\/p>\n<p><b>Le\u00e7on 1 : Gestion de la qualit\u00e9<\/b><\/p>\n<p><b>Le\u00e7on 2 : Organisation et personnel en BPF<\/b><\/p>\n<p><b>Le\u00e7on 3 : B\u00e2timents et installations<\/b><\/p>\n<p><b>Le\u00e7on 4 : \u00c9quipement<\/b><\/p>\n<p><b>Le\u00e7on 5 : Gestion des articles de conditionnement et des mati\u00e8res<\/b><\/p>\n<p><b>Le\u00e7on 6 : Op\u00e9rations de fabrication et contr\u00f4le<\/b><\/p>\n<p><b>Le\u00e7on 7 : Documentation et enregistrements<\/b><\/p>\n<p><b>Le\u00e7on 8 : Validation pharmaceutique<\/b><\/p>\n<p><b>Le\u00e7on 9 : Sous-traitance<\/b><\/p>\n<p><b>Le\u00e7on 10 : Activit\u00e9s post-op\u00e9rationnelles<\/b><\/p>\n<p><b>Le\u00e7on 11 : S\u00e9curit\u00e9 du site et de l\u2019usine<\/b><\/p>\n<p><b>Le\u00e7on 12 : Audits pharmaceutiques<\/b><\/p>\n<p><b>Le\u00e7on 13 : S\u00e9curit\u00e9 et protection de l\u2019environnement<\/b><\/p>\n<p><b>Conclusion<\/b><\/p>\n<p><b>\u00c9valuation<\/b><\/p>\n","protected":false},"excerpt":{"rendered":"<p>Approfondissez vos connaissances en Bonnes Pratiques de Fabrication (BPF) avec notre programme d\u2019actualisation BPF. Con\u00e7u pour les professionnels de la pharma, des biotechnologies et des sciences de la vie, ce cours garantit votre mise \u00e0 jour sur les principes essentiels des BPF, la s\u00e9curit\u00e9 et la conformit\u00e9 pour exceller dans les industries r\u00e9glement\u00e9es. &nbsp; \u00c0 [&hellip;]<\/p>\n","protected":false},"featured_media":48578,"template":"","meta":{"_acf_changed":false,"content-type":""},"product_brand":[],"product_cat":[255,254,258],"product_tag":[],"class_list":{"0":"post-57783","1":"product","2":"type-product","3":"status-publish","4":"has-post-thumbnail","6":"product_cat-affaires-reglementaires","7":"product_cat-bpf-bonnes-pratiques-de-fabrication","8":"product_cat-pharmaceutique","10":"first","11":"instock","12":"taxable","13":"shipping-taxable","14":"purchasable","15":"product-type-subscription"},"bundled_by":[],"bundle_stock_status":"instock","bundle_stock_quantity":null,"bundle_virtual":false,"bundle_layout":"","bundle_add_to_cart_form_location":"","bundle_editable_in_cart":false,"bundle_sold_individually_context":"","bundle_item_grouping":"","bundle_min_size":"","bundle_max_size":"","bundle_price":[],"bundled_items":[],"bundle_sell_ids":[],"acf":[],"yoast_head":"<!-- This site is optimized with the Yoast SEO plugin v27.5 - https:\/\/yoast.com\/product\/yoast-seo-wordpress\/ -->\n<title>Formation certifiante d\u2019actualisation BPF 2025 pour les sciences de la vie<\/title>\n<meta name=\"description\" content=\"Inscrivez-vous \u00e0 notre cours d\u2019actualisation BPF. Apprenez les principes BPF mis \u00e0 jour, la documentation, les contr\u00f4les de fabrication et la validation. Obtenez votre certificat d\u00e8s maintenant !\" \/>\n<meta name=\"robots\" content=\"index, follow, max-snippet:-1, max-image-preview:large, max-video-preview:-1\" \/>\n<link rel=\"canonical\" href=\"https:\/\/gxp-training.com\/fr\/online-course\/actualisation-bpf-2025\/\" \/>\n<meta property=\"og:locale\" content=\"fr_FR\" \/>\n<meta property=\"og:type\" content=\"article\" \/>\n<meta property=\"og:title\" content=\"Formation certifiante d\u2019actualisation BPF 2025 pour les sciences de la vie\" \/>\n<meta property=\"og:description\" content=\"Inscrivez-vous \u00e0 notre cours d\u2019actualisation BPF. Apprenez les principes BPF mis \u00e0 jour, la documentation, les contr\u00f4les de fabrication et la validation. Obtenez votre certificat d\u00e8s maintenant !\" \/>\n<meta property=\"og:url\" content=\"https:\/\/gxp-training.com\/fr\/online-course\/actualisation-bpf-2025\/\" \/>\n<meta property=\"og:site_name\" content=\"GxP Training : Certified Online Courses for Life Sciences\" \/>\n<meta property=\"og:image\" content=\"https:\/\/gxp-training.com\/wp-content\/uploads\/2024\/12\/GMP-Course-2025-Refresher-2.png\" \/>\n\t<meta property=\"og:image:width\" content=\"900\" \/>\n\t<meta property=\"og:image:height\" content=\"627\" \/>\n\t<meta property=\"og:image:type\" content=\"image\/png\" \/>\n<meta name=\"twitter:card\" content=\"summary_large_image\" \/>\n<meta name=\"twitter:label1\" content=\"Dur\u00e9e de lecture estim\u00e9e\" \/>\n\t<meta name=\"twitter:data1\" content=\"2 minutes\" \/>\n<script type=\"application\/ld+json\" class=\"yoast-schema-graph\">{\"@context\":\"https:\\\/\\\/schema.org\",\"@graph\":[{\"@type\":\"WebPage\",\"@id\":\"https:\\\/\\\/gxp-training.com\\\/fr\\\/online-course\\\/actualisation-bpf-2025\\\/\",\"url\":\"https:\\\/\\\/gxp-training.com\\\/fr\\\/online-course\\\/actualisation-bpf-2025\\\/\",\"name\":\"Formation certifiante d\u2019actualisation BPF 2025 pour les sciences de la vie\",\"isPartOf\":{\"@id\":\"https:\\\/\\\/gxp-training.com\\\/fr\\\/#website\"},\"primaryImageOfPage\":{\"@id\":\"https:\\\/\\\/gxp-training.com\\\/fr\\\/online-course\\\/actualisation-bpf-2025\\\/#primaryimage\"},\"image\":{\"@id\":\"https:\\\/\\\/gxp-training.com\\\/fr\\\/online-course\\\/actualisation-bpf-2025\\\/#primaryimage\"},\"thumbnailUrl\":\"https:\\\/\\\/gxp-training.com\\\/wp-content\\\/uploads\\\/2024\\\/12\\\/GMP-Course-2025-Refresher-2.png\",\"datePublished\":\"2024-12-19T10:09:25+00:00\",\"description\":\"Inscrivez-vous \u00e0 notre cours d\u2019actualisation BPF. Apprenez les principes BPF mis \u00e0 jour, la documentation, les contr\u00f4les de fabrication et la validation. Obtenez votre certificat d\u00e8s maintenant !\",\"breadcrumb\":{\"@id\":\"https:\\\/\\\/gxp-training.com\\\/fr\\\/online-course\\\/actualisation-bpf-2025\\\/#breadcrumb\"},\"inLanguage\":\"fr-FR\",\"potentialAction\":[{\"@type\":\"ReadAction\",\"target\":[\"https:\\\/\\\/gxp-training.com\\\/fr\\\/online-course\\\/actualisation-bpf-2025\\\/\"]}]},{\"@type\":\"ImageObject\",\"inLanguage\":\"fr-FR\",\"@id\":\"https:\\\/\\\/gxp-training.com\\\/fr\\\/online-course\\\/actualisation-bpf-2025\\\/#primaryimage\",\"url\":\"https:\\\/\\\/gxp-training.com\\\/wp-content\\\/uploads\\\/2024\\\/12\\\/GMP-Course-2025-Refresher-2.png\",\"contentUrl\":\"https:\\\/\\\/gxp-training.com\\\/wp-content\\\/uploads\\\/2024\\\/12\\\/GMP-Course-2025-Refresher-2.png\",\"width\":900,\"height\":627},{\"@type\":\"BreadcrumbList\",\"@id\":\"https:\\\/\\\/gxp-training.com\\\/fr\\\/online-course\\\/actualisation-bpf-2025\\\/#breadcrumb\",\"itemListElement\":[{\"@type\":\"ListItem\",\"position\":1,\"name\":\"Accueil\",\"item\":\"https:\\\/\\\/gxp-training.com\\\/fr\\\/page-daccueil\\\/\"},{\"@type\":\"ListItem\",\"position\":2,\"name\":\"Produits\",\"item\":\"https:\\\/\\\/gxp-training.com\\\/fr\\\/shop\\\/\"},{\"@type\":\"ListItem\",\"position\":3,\"name\":\"Actualisation BPF 2025\"}]},{\"@type\":\"WebSite\",\"@id\":\"https:\\\/\\\/gxp-training.com\\\/fr\\\/#website\",\"url\":\"https:\\\/\\\/gxp-training.com\\\/fr\\\/\",\"name\":\"GxP Training : Certified Online Courses for Life Sciences\",\"description\":\"Online Trainings and Certified Courses in Regulatory Compliance for Pharmaceutical Experts\",\"publisher\":{\"@id\":\"https:\\\/\\\/gxp-training.com\\\/fr\\\/#organization\"},\"potentialAction\":[{\"@type\":\"SearchAction\",\"target\":{\"@type\":\"EntryPoint\",\"urlTemplate\":\"https:\\\/\\\/gxp-training.com\\\/fr\\\/?s={search_term_string}\"},\"query-input\":{\"@type\":\"PropertyValueSpecification\",\"valueRequired\":true,\"valueName\":\"search_term_string\"}}],\"inLanguage\":\"fr-FR\"},{\"@type\":\"Organization\",\"@id\":\"https:\\\/\\\/gxp-training.com\\\/fr\\\/#organization\",\"name\":\"GXP Training\",\"url\":\"https:\\\/\\\/gxp-training.com\\\/fr\\\/\",\"logo\":{\"@type\":\"ImageObject\",\"inLanguage\":\"fr-FR\",\"@id\":\"https:\\\/\\\/gxp-training.com\\\/fr\\\/#\\\/schema\\\/logo\\\/image\\\/\",\"url\":\"https:\\\/\\\/gxp-training.com\\\/wp-content\\\/uploads\\\/2022\\\/05\\\/logo-resize.png\",\"contentUrl\":\"https:\\\/\\\/gxp-training.com\\\/wp-content\\\/uploads\\\/2022\\\/05\\\/logo-resize.png\",\"width\":350,\"height\":100,\"caption\":\"GXP Training\"},\"image\":{\"@id\":\"https:\\\/\\\/gxp-training.com\\\/fr\\\/#\\\/schema\\\/logo\\\/image\\\/\"}}]}<\/script>\n<!-- \/ Yoast SEO plugin. -->","yoast_head_json":{"title":"Formation certifiante d\u2019actualisation BPF 2025 pour les sciences de la vie","description":"Inscrivez-vous \u00e0 notre cours d\u2019actualisation BPF. Apprenez les principes BPF mis \u00e0 jour, la documentation, les contr\u00f4les de fabrication et la validation. Obtenez votre certificat d\u00e8s maintenant !","robots":{"index":"index","follow":"follow","max-snippet":"max-snippet:-1","max-image-preview":"max-image-preview:large","max-video-preview":"max-video-preview:-1"},"canonical":"https:\/\/gxp-training.com\/fr\/online-course\/actualisation-bpf-2025\/","og_locale":"fr_FR","og_type":"article","og_title":"Formation certifiante d\u2019actualisation BPF 2025 pour les sciences de la vie","og_description":"Inscrivez-vous \u00e0 notre cours d\u2019actualisation BPF. Apprenez les principes BPF mis \u00e0 jour, la documentation, les contr\u00f4les de fabrication et la validation. Obtenez votre certificat d\u00e8s maintenant !","og_url":"https:\/\/gxp-training.com\/fr\/online-course\/actualisation-bpf-2025\/","og_site_name":"GxP Training : Certified Online Courses for Life Sciences","og_image":[{"width":900,"height":627,"url":"https:\/\/gxp-training.com\/wp-content\/uploads\/2024\/12\/GMP-Course-2025-Refresher-2.png","type":"image\/png"}],"twitter_card":"summary_large_image","twitter_misc":{"Dur\u00e9e de lecture estim\u00e9e":"2 minutes"},"schema":{"@context":"https:\/\/schema.org","@graph":[{"@type":"WebPage","@id":"https:\/\/gxp-training.com\/fr\/online-course\/actualisation-bpf-2025\/","url":"https:\/\/gxp-training.com\/fr\/online-course\/actualisation-bpf-2025\/","name":"Formation certifiante d\u2019actualisation BPF 2025 pour les sciences de la vie","isPartOf":{"@id":"https:\/\/gxp-training.com\/fr\/#website"},"primaryImageOfPage":{"@id":"https:\/\/gxp-training.com\/fr\/online-course\/actualisation-bpf-2025\/#primaryimage"},"image":{"@id":"https:\/\/gxp-training.com\/fr\/online-course\/actualisation-bpf-2025\/#primaryimage"},"thumbnailUrl":"https:\/\/gxp-training.com\/wp-content\/uploads\/2024\/12\/GMP-Course-2025-Refresher-2.png","datePublished":"2024-12-19T10:09:25+00:00","description":"Inscrivez-vous \u00e0 notre cours d\u2019actualisation BPF. Apprenez les principes BPF mis \u00e0 jour, la documentation, les contr\u00f4les de fabrication et la validation. Obtenez votre certificat d\u00e8s maintenant !","breadcrumb":{"@id":"https:\/\/gxp-training.com\/fr\/online-course\/actualisation-bpf-2025\/#breadcrumb"},"inLanguage":"fr-FR","potentialAction":[{"@type":"ReadAction","target":["https:\/\/gxp-training.com\/fr\/online-course\/actualisation-bpf-2025\/"]}]},{"@type":"ImageObject","inLanguage":"fr-FR","@id":"https:\/\/gxp-training.com\/fr\/online-course\/actualisation-bpf-2025\/#primaryimage","url":"https:\/\/gxp-training.com\/wp-content\/uploads\/2024\/12\/GMP-Course-2025-Refresher-2.png","contentUrl":"https:\/\/gxp-training.com\/wp-content\/uploads\/2024\/12\/GMP-Course-2025-Refresher-2.png","width":900,"height":627},{"@type":"BreadcrumbList","@id":"https:\/\/gxp-training.com\/fr\/online-course\/actualisation-bpf-2025\/#breadcrumb","itemListElement":[{"@type":"ListItem","position":1,"name":"Accueil","item":"https:\/\/gxp-training.com\/fr\/page-daccueil\/"},{"@type":"ListItem","position":2,"name":"Produits","item":"https:\/\/gxp-training.com\/fr\/shop\/"},{"@type":"ListItem","position":3,"name":"Actualisation BPF 2025"}]},{"@type":"WebSite","@id":"https:\/\/gxp-training.com\/fr\/#website","url":"https:\/\/gxp-training.com\/fr\/","name":"GxP Training : Certified Online Courses for Life Sciences","description":"Online Trainings and Certified Courses in Regulatory Compliance for Pharmaceutical Experts","publisher":{"@id":"https:\/\/gxp-training.com\/fr\/#organization"},"potentialAction":[{"@type":"SearchAction","target":{"@type":"EntryPoint","urlTemplate":"https:\/\/gxp-training.com\/fr\/?s={search_term_string}"},"query-input":{"@type":"PropertyValueSpecification","valueRequired":true,"valueName":"search_term_string"}}],"inLanguage":"fr-FR"},{"@type":"Organization","@id":"https:\/\/gxp-training.com\/fr\/#organization","name":"GXP Training","url":"https:\/\/gxp-training.com\/fr\/","logo":{"@type":"ImageObject","inLanguage":"fr-FR","@id":"https:\/\/gxp-training.com\/fr\/#\/schema\/logo\/image\/","url":"https:\/\/gxp-training.com\/wp-content\/uploads\/2022\/05\/logo-resize.png","contentUrl":"https:\/\/gxp-training.com\/wp-content\/uploads\/2022\/05\/logo-resize.png","width":350,"height":100,"caption":"GXP Training"},"image":{"@id":"https:\/\/gxp-training.com\/fr\/#\/schema\/logo\/image\/"}}]}},"_links":{"self":[{"href":"https:\/\/gxp-training.com\/fr\/wp-json\/wp\/v2\/product\/57783","targetHints":{"allow":["GET"]}}],"collection":[{"href":"https:\/\/gxp-training.com\/fr\/wp-json\/wp\/v2\/product"}],"about":[{"href":"https:\/\/gxp-training.com\/fr\/wp-json\/wp\/v2\/types\/product"}],"wp:featuredmedia":[{"embeddable":true,"href":"https:\/\/gxp-training.com\/fr\/wp-json\/wp\/v2\/media\/48578"}],"wp:attachment":[{"href":"https:\/\/gxp-training.com\/fr\/wp-json\/wp\/v2\/media?parent=57783"}],"wp:term":[{"taxonomy":"product_brand","embeddable":true,"href":"https:\/\/gxp-training.com\/fr\/wp-json\/wp\/v2\/product_brand?post=57783"},{"taxonomy":"product_cat","embeddable":true,"href":"https:\/\/gxp-training.com\/fr\/wp-json\/wp\/v2\/product_cat?post=57783"},{"taxonomy":"product_tag","embeddable":true,"href":"https:\/\/gxp-training.com\/fr\/wp-json\/wp\/v2\/product_tag?post=57783"}],"curies":[{"name":"wp","href":"https:\/\/api.w.org\/{rel}","templated":true}]}}