{"id":57766,"date":"2024-12-20T14:25:29","date_gmt":"2024-12-20T14:25:29","guid":{"rendered":"https:\/\/gxp-training.com\/online-course\/formation-certifiante-a-la-securite-en-laboratoire-osha\/"},"modified":"2024-12-20T14:25:29","modified_gmt":"2024-12-20T13:25:29","slug":"formation-certifiante-a-la-securite-en-laboratoire-osha","status":"publish","type":"product","link":"https:\/\/gxp-training.com\/fr\/online-course\/formation-certifiante-a-la-securite-en-laboratoire-osha\/","title":{"rendered":"Formation certifiante \u00e0 la s\u00e9curit\u00e9 en laboratoire OSHA"},"content":{"rendered":"<p>Comprendre et identifier les dangers courants en laboratoire est la base d\u2019un environnement de <a href=\"https:\/\/gxp-training.com\/fr\/online-course\/introduction-aux-bonnes-pratiques-de-laboratoire-bpl\/\">laboratoire<\/a> s\u00fbr et productif. Notre cours certifiant est con\u00e7u pour vous apporter les connaissances et comp\u00e9tences n\u00e9cessaires pour pr\u00e9venir les accidents et les blessures, en mettant l\u2019accent sur les pratiques essentielles de s\u00e9curit\u00e9 en laboratoire et la conformit\u00e9 aux r\u00e9glementations OSHA. <\/p>\n<p>Gr\u00e2ce \u00e0 cette formation, vous apprendrez \u00e0 reconna\u00eetre et \u00e0 r\u00e9duire les risques, \u00e0 \u00e9viter les expositions chimiques et \u00e0 traiter efficacement d\u2019autres dangers potentiels en laboratoire. Que vous d\u00e9butiez en laboratoire ou que vous soyez un professionnel exp\u00e9riment\u00e9, ce cours vous apporte des enseignements concrets pour vous aider \u00e0 maintenir un lieu de travail s\u00fbr et \u00e0 respecter les exigences r\u00e9glementaires. <\/p>\n<p>&nbsp;<\/p>\n<p><b>Qui devrait s\u2019inscrire ?<\/b><\/p>\n<p><span style=\"font-weight: 400;\">Ce cours est con\u00e7u pour le personnel de laboratoire, les responsables s\u00e9curit\u00e9, les sp\u00e9cialistes <a href=\"https:\/\/gxp-training.com\/fr\/gxp-courses\/assurance-qualite\/\">assurance qualit\u00e9<\/a> et les managers charg\u00e9s de faire respecter les normes de s\u00e9curit\u00e9 en environnement de laboratoire. Que vous d\u00e9couvriez les r\u00e9glementations OSHA ou que vous souhaitiez approfondir vos connaissances, ce programme apporte des rep\u00e8res essentiels et des connaissances pratiques pour vous aider \u00e0 instaurer un lieu de travail plus s\u00fbr et plus conforme. <\/span><\/p>\n<p>&nbsp;<\/p>\n<p><b>Th\u00e8mes abord\u00e9s dans le cours<\/b><\/p>\n<ul>\n<li style=\"font-weight: 400;\">S\u00e9curit\u00e9 en laboratoire OSHA : l\u2019essentiel<\/li>\n<li style=\"font-weight: 400;\">Identifier et communiquer les dangers sur le lieu de travail<\/li>\n<li style=\"font-weight: 400;\">G\u00e9rer les risques chimiques et biologiques au laboratoire<\/li>\n<li style=\"font-weight: 400;\">Comprendre la hi\u00e9rarchie des mesures de pr\u00e9vention<\/li>\n<li style=\"font-weight: 400;\">Manipulation s\u00fbre des \u00e9quipements de laboratoire<\/li>\n<li>Agents pathog\u00e8nes transmissibles par le sang : risques et pr\u00e9cautions<\/li>\n<li>Strat\u00e9gies de pr\u00e9vention des incendies pour les laboratoires<\/li>\n<li>\u00c9laborer et mettre en \u0153uvre un plan d\u2019hygi\u00e8ne chimique (CHP)<\/li>\n<\/ul>\n<p>&nbsp;<\/p>\n<p><span style=\"font-weight: 400;\">Ce cours certifiant int\u00e8gre des exemples concrets et des \u00e9valuations afin de proposer une exp\u00e9rience d\u2019apprentissage compl\u00e8te et appliqu\u00e9e. \u00c0 l\u2019issue de la formation, les participants recevront un certificat de formation OSHA reconnu dans le monde entier, accr\u00e9dit\u00e9 avec des cr\u00e9dits CPD\/CEU.  <\/span><\/p>\n<p>&nbsp;<\/p>\n<h3><b>Programme :<\/b><\/h3>\n<p><b>Vid\u00e9o d\u2019introduction<\/b><\/p>\n<p><b>Le\u00e7on 1 : Introduction \u00e0 la s\u00e9curit\u00e9 en laboratoire OSHA<\/b><\/p>\n<p><b>Le\u00e7on 2 : Normes OSHA applicables aux laboratoires<\/b><\/p>\n<p><b>Le\u00e7on 3 : Communication des dangers<\/b><\/p>\n<p><b>Le\u00e7on 4 : La hi\u00e9rarchie des mesures de pr\u00e9vention<\/b><\/p>\n<p><b>Le\u00e7on 5 : Dangers chimiques et biologiques courants en laboratoire<\/b><\/p>\n<p><b>Le\u00e7on 6 : Agents pathog\u00e8nes transmissibles par le sang<\/b><\/p>\n<p><b>Le\u00e7on 7 : S\u00e9curit\u00e9 li\u00e9e aux animaux de laboratoire<\/b><\/p>\n<p><b>Le\u00e7on 8 : Dangers physiques en laboratoire<\/b><\/p>\n<p><b>Le\u00e7on 9 : Proc\u00e9dures s\u00fbres avec les \u00e9quipements de laboratoire<\/b><\/p>\n<p><b>Le\u00e7on 10 : Plan d\u2019hygi\u00e8ne chimique (CHP) et missions du responsable d\u2019hygi\u00e8ne chimique (CHO)<\/b><\/p>\n<p><b>Le\u00e7on 11 : Pr\u00e9venir les incendies en laboratoire<\/b><\/p>\n<p><b>Conclusion<\/b><\/p>\n<p><b>\u00c9valuation<\/b><\/p>\n","protected":false},"excerpt":{"rendered":"<p>Comprendre et identifier les dangers courants en laboratoire est la base d\u2019un environnement de laboratoire s\u00fbr et productif. Notre cours certifiant est con\u00e7u pour vous apporter les connaissances et comp\u00e9tences n\u00e9cessaires pour pr\u00e9venir les accidents et les blessures, en mettant l\u2019accent sur les pratiques essentielles de s\u00e9curit\u00e9 en laboratoire et la conformit\u00e9 aux r\u00e9glementations OSHA. [&hellip;]<\/p>\n","protected":false},"featured_media":48601,"template":"","meta":{"_acf_changed":false,"content-type":""},"product_brand":[],"product_cat":[277,262,259,263],"product_tag":[],"class_list":{"0":"post-57766","1":"product","2":"type-product","3":"status-publish","4":"has-post-thumbnail","6":"product_cat-bpl-bonnes-pratiques-de-laboratoire","7":"product_cat-hopitaux-et-etablissements-de-sante","8":"product_cat-laboratoires","9":"product_cat-organisme-de-recherche-sous-contrat-cro","11":"first","12":"instock","13":"taxable","14":"shipping-taxable","15":"purchasable","16":"product-type-simple"},"bundled_by":[],"bundle_stock_status":"instock","bundle_stock_quantity":null,"bundle_virtual":false,"bundle_layout":"","bundle_add_to_cart_form_location":"","bundle_editable_in_cart":false,"bundle_sold_individually_context":"","bundle_item_grouping":"","bundle_min_size":"","bundle_max_size":"","bundle_price":[],"bundled_items":[],"bundle_sell_ids":[],"acf":[],"yoast_head":"<!-- This site is optimized with the Yoast SEO plugin v27.5 - https:\/\/yoast.com\/product\/yoast-seo-wordpress\/ -->\n<title>Formation en ligne \u00e0 la s\u00e9curit\u00e9 en laboratoire OSHA avec certification reconnue<\/title>\n<meta name=\"description\" content=\"Obtenez votre certification OSHA de s\u00e9curit\u00e9 en laboratoire en ligne ! Ma\u00eetrisez les normes OSHA, la pr\u00e9vention des risques et les protocoles de s\u00e9curit\u00e9 dans ce cours anim\u00e9 par des experts.\" \/>\n<meta name=\"robots\" content=\"index, follow, max-snippet:-1, max-image-preview:large, max-video-preview:-1\" \/>\n<link rel=\"canonical\" href=\"https:\/\/gxp-training.com\/fr\/online-course\/formation-certifiante-a-la-securite-en-laboratoire-osha\/\" \/>\n<meta property=\"og:locale\" content=\"fr_FR\" \/>\n<meta property=\"og:type\" content=\"article\" \/>\n<meta property=\"og:title\" content=\"Formation en ligne \u00e0 la s\u00e9curit\u00e9 en laboratoire OSHA avec certification reconnue\" \/>\n<meta property=\"og:description\" content=\"Obtenez votre certification OSHA de s\u00e9curit\u00e9 en laboratoire en ligne ! Ma\u00eetrisez les normes OSHA, la pr\u00e9vention des risques et les protocoles de s\u00e9curit\u00e9 dans ce cours anim\u00e9 par des experts.\" \/>\n<meta property=\"og:url\" content=\"https:\/\/gxp-training.com\/fr\/online-course\/formation-certifiante-a-la-securite-en-laboratoire-osha\/\" \/>\n<meta property=\"og:site_name\" content=\"GxP Training : Certified Online Courses for Life Sciences\" \/>\n<meta property=\"og:image\" content=\"https:\/\/gxp-training.com\/wp-content\/uploads\/2024\/12\/OSHA-lab-Safety-1.png\" \/>\n\t<meta property=\"og:image:width\" content=\"900\" \/>\n\t<meta property=\"og:image:height\" content=\"627\" \/>\n\t<meta property=\"og:image:type\" content=\"image\/png\" \/>\n<meta name=\"twitter:card\" content=\"summary_large_image\" \/>\n<meta name=\"twitter:label1\" content=\"Dur\u00e9e de lecture estim\u00e9e\" \/>\n\t<meta name=\"twitter:data1\" content=\"2 minutes\" \/>\n<script type=\"application\/ld+json\" class=\"yoast-schema-graph\">{\"@context\":\"https:\\\/\\\/schema.org\",\"@graph\":[{\"@type\":\"WebPage\",\"@id\":\"https:\\\/\\\/gxp-training.com\\\/fr\\\/online-course\\\/formation-certifiante-a-la-securite-en-laboratoire-osha\\\/\",\"url\":\"https:\\\/\\\/gxp-training.com\\\/fr\\\/online-course\\\/formation-certifiante-a-la-securite-en-laboratoire-osha\\\/\",\"name\":\"Formation en ligne \u00e0 la s\u00e9curit\u00e9 en laboratoire OSHA avec certification reconnue\",\"isPartOf\":{\"@id\":\"https:\\\/\\\/gxp-training.com\\\/fr\\\/#website\"},\"primaryImageOfPage\":{\"@id\":\"https:\\\/\\\/gxp-training.com\\\/fr\\\/online-course\\\/formation-certifiante-a-la-securite-en-laboratoire-osha\\\/#primaryimage\"},\"image\":{\"@id\":\"https:\\\/\\\/gxp-training.com\\\/fr\\\/online-course\\\/formation-certifiante-a-la-securite-en-laboratoire-osha\\\/#primaryimage\"},\"thumbnailUrl\":\"https:\\\/\\\/gxp-training.com\\\/wp-content\\\/uploads\\\/2024\\\/12\\\/OSHA-lab-Safety-1.png\",\"datePublished\":\"2024-12-20T14:25:29+00:00\",\"description\":\"Obtenez votre certification OSHA de s\u00e9curit\u00e9 en laboratoire en ligne ! Ma\u00eetrisez les normes OSHA, la pr\u00e9vention des risques et les protocoles de s\u00e9curit\u00e9 dans ce cours anim\u00e9 par des experts.\",\"breadcrumb\":{\"@id\":\"https:\\\/\\\/gxp-training.com\\\/fr\\\/online-course\\\/formation-certifiante-a-la-securite-en-laboratoire-osha\\\/#breadcrumb\"},\"inLanguage\":\"fr-FR\",\"potentialAction\":[{\"@type\":\"ReadAction\",\"target\":[\"https:\\\/\\\/gxp-training.com\\\/fr\\\/online-course\\\/formation-certifiante-a-la-securite-en-laboratoire-osha\\\/\"]}]},{\"@type\":\"ImageObject\",\"inLanguage\":\"fr-FR\",\"@id\":\"https:\\\/\\\/gxp-training.com\\\/fr\\\/online-course\\\/formation-certifiante-a-la-securite-en-laboratoire-osha\\\/#primaryimage\",\"url\":\"https:\\\/\\\/gxp-training.com\\\/wp-content\\\/uploads\\\/2024\\\/12\\\/OSHA-lab-Safety-1.png\",\"contentUrl\":\"https:\\\/\\\/gxp-training.com\\\/wp-content\\\/uploads\\\/2024\\\/12\\\/OSHA-lab-Safety-1.png\",\"width\":900,\"height\":627},{\"@type\":\"BreadcrumbList\",\"@id\":\"https:\\\/\\\/gxp-training.com\\\/fr\\\/online-course\\\/formation-certifiante-a-la-securite-en-laboratoire-osha\\\/#breadcrumb\",\"itemListElement\":[{\"@type\":\"ListItem\",\"position\":1,\"name\":\"Accueil\",\"item\":\"https:\\\/\\\/gxp-training.com\\\/fr\\\/page-daccueil\\\/\"},{\"@type\":\"ListItem\",\"position\":2,\"name\":\"Produits\",\"item\":\"https:\\\/\\\/gxp-training.com\\\/fr\\\/shop\\\/\"},{\"@type\":\"ListItem\",\"position\":3,\"name\":\"Formation certifiante \u00e0 la s\u00e9curit\u00e9 en laboratoire OSHA\"}]},{\"@type\":\"WebSite\",\"@id\":\"https:\\\/\\\/gxp-training.com\\\/fr\\\/#website\",\"url\":\"https:\\\/\\\/gxp-training.com\\\/fr\\\/\",\"name\":\"GxP Training : Certified Online Courses for Life Sciences\",\"description\":\"Online Trainings and Certified Courses in Regulatory Compliance for Pharmaceutical Experts\",\"publisher\":{\"@id\":\"https:\\\/\\\/gxp-training.com\\\/fr\\\/#organization\"},\"potentialAction\":[{\"@type\":\"SearchAction\",\"target\":{\"@type\":\"EntryPoint\",\"urlTemplate\":\"https:\\\/\\\/gxp-training.com\\\/fr\\\/?s={search_term_string}\"},\"query-input\":{\"@type\":\"PropertyValueSpecification\",\"valueRequired\":true,\"valueName\":\"search_term_string\"}}],\"inLanguage\":\"fr-FR\"},{\"@type\":\"Organization\",\"@id\":\"https:\\\/\\\/gxp-training.com\\\/fr\\\/#organization\",\"name\":\"GXP Training\",\"url\":\"https:\\\/\\\/gxp-training.com\\\/fr\\\/\",\"logo\":{\"@type\":\"ImageObject\",\"inLanguage\":\"fr-FR\",\"@id\":\"https:\\\/\\\/gxp-training.com\\\/fr\\\/#\\\/schema\\\/logo\\\/image\\\/\",\"url\":\"https:\\\/\\\/gxp-training.com\\\/wp-content\\\/uploads\\\/2022\\\/05\\\/logo-resize.png\",\"contentUrl\":\"https:\\\/\\\/gxp-training.com\\\/wp-content\\\/uploads\\\/2022\\\/05\\\/logo-resize.png\",\"width\":350,\"height\":100,\"caption\":\"GXP Training\"},\"image\":{\"@id\":\"https:\\\/\\\/gxp-training.com\\\/fr\\\/#\\\/schema\\\/logo\\\/image\\\/\"}}]}<\/script>\n<!-- \/ Yoast SEO plugin. -->","yoast_head_json":{"title":"Formation en ligne \u00e0 la s\u00e9curit\u00e9 en laboratoire OSHA avec certification reconnue","description":"Obtenez votre certification OSHA de s\u00e9curit\u00e9 en laboratoire en ligne ! Ma\u00eetrisez les normes OSHA, la pr\u00e9vention des risques et les protocoles de s\u00e9curit\u00e9 dans ce cours anim\u00e9 par des experts.","robots":{"index":"index","follow":"follow","max-snippet":"max-snippet:-1","max-image-preview":"max-image-preview:large","max-video-preview":"max-video-preview:-1"},"canonical":"https:\/\/gxp-training.com\/fr\/online-course\/formation-certifiante-a-la-securite-en-laboratoire-osha\/","og_locale":"fr_FR","og_type":"article","og_title":"Formation en ligne \u00e0 la s\u00e9curit\u00e9 en laboratoire OSHA avec certification reconnue","og_description":"Obtenez votre certification OSHA de s\u00e9curit\u00e9 en laboratoire en ligne ! Ma\u00eetrisez les normes OSHA, la pr\u00e9vention des risques et les protocoles de s\u00e9curit\u00e9 dans ce cours anim\u00e9 par des experts.","og_url":"https:\/\/gxp-training.com\/fr\/online-course\/formation-certifiante-a-la-securite-en-laboratoire-osha\/","og_site_name":"GxP Training : Certified Online Courses for Life Sciences","og_image":[{"width":900,"height":627,"url":"https:\/\/gxp-training.com\/wp-content\/uploads\/2024\/12\/OSHA-lab-Safety-1.png","type":"image\/png"}],"twitter_card":"summary_large_image","twitter_misc":{"Dur\u00e9e de lecture estim\u00e9e":"2 minutes"},"schema":{"@context":"https:\/\/schema.org","@graph":[{"@type":"WebPage","@id":"https:\/\/gxp-training.com\/fr\/online-course\/formation-certifiante-a-la-securite-en-laboratoire-osha\/","url":"https:\/\/gxp-training.com\/fr\/online-course\/formation-certifiante-a-la-securite-en-laboratoire-osha\/","name":"Formation en ligne \u00e0 la s\u00e9curit\u00e9 en laboratoire OSHA avec certification reconnue","isPartOf":{"@id":"https:\/\/gxp-training.com\/fr\/#website"},"primaryImageOfPage":{"@id":"https:\/\/gxp-training.com\/fr\/online-course\/formation-certifiante-a-la-securite-en-laboratoire-osha\/#primaryimage"},"image":{"@id":"https:\/\/gxp-training.com\/fr\/online-course\/formation-certifiante-a-la-securite-en-laboratoire-osha\/#primaryimage"},"thumbnailUrl":"https:\/\/gxp-training.com\/wp-content\/uploads\/2024\/12\/OSHA-lab-Safety-1.png","datePublished":"2024-12-20T14:25:29+00:00","description":"Obtenez votre certification OSHA de s\u00e9curit\u00e9 en laboratoire en ligne ! Ma\u00eetrisez les normes OSHA, la pr\u00e9vention des risques et les protocoles de s\u00e9curit\u00e9 dans ce cours anim\u00e9 par des experts.","breadcrumb":{"@id":"https:\/\/gxp-training.com\/fr\/online-course\/formation-certifiante-a-la-securite-en-laboratoire-osha\/#breadcrumb"},"inLanguage":"fr-FR","potentialAction":[{"@type":"ReadAction","target":["https:\/\/gxp-training.com\/fr\/online-course\/formation-certifiante-a-la-securite-en-laboratoire-osha\/"]}]},{"@type":"ImageObject","inLanguage":"fr-FR","@id":"https:\/\/gxp-training.com\/fr\/online-course\/formation-certifiante-a-la-securite-en-laboratoire-osha\/#primaryimage","url":"https:\/\/gxp-training.com\/wp-content\/uploads\/2024\/12\/OSHA-lab-Safety-1.png","contentUrl":"https:\/\/gxp-training.com\/wp-content\/uploads\/2024\/12\/OSHA-lab-Safety-1.png","width":900,"height":627},{"@type":"BreadcrumbList","@id":"https:\/\/gxp-training.com\/fr\/online-course\/formation-certifiante-a-la-securite-en-laboratoire-osha\/#breadcrumb","itemListElement":[{"@type":"ListItem","position":1,"name":"Accueil","item":"https:\/\/gxp-training.com\/fr\/page-daccueil\/"},{"@type":"ListItem","position":2,"name":"Produits","item":"https:\/\/gxp-training.com\/fr\/shop\/"},{"@type":"ListItem","position":3,"name":"Formation certifiante \u00e0 la s\u00e9curit\u00e9 en laboratoire OSHA"}]},{"@type":"WebSite","@id":"https:\/\/gxp-training.com\/fr\/#website","url":"https:\/\/gxp-training.com\/fr\/","name":"GxP Training : Certified Online Courses for Life Sciences","description":"Online Trainings and Certified Courses in Regulatory Compliance for Pharmaceutical Experts","publisher":{"@id":"https:\/\/gxp-training.com\/fr\/#organization"},"potentialAction":[{"@type":"SearchAction","target":{"@type":"EntryPoint","urlTemplate":"https:\/\/gxp-training.com\/fr\/?s={search_term_string}"},"query-input":{"@type":"PropertyValueSpecification","valueRequired":true,"valueName":"search_term_string"}}],"inLanguage":"fr-FR"},{"@type":"Organization","@id":"https:\/\/gxp-training.com\/fr\/#organization","name":"GXP Training","url":"https:\/\/gxp-training.com\/fr\/","logo":{"@type":"ImageObject","inLanguage":"fr-FR","@id":"https:\/\/gxp-training.com\/fr\/#\/schema\/logo\/image\/","url":"https:\/\/gxp-training.com\/wp-content\/uploads\/2022\/05\/logo-resize.png","contentUrl":"https:\/\/gxp-training.com\/wp-content\/uploads\/2022\/05\/logo-resize.png","width":350,"height":100,"caption":"GXP Training"},"image":{"@id":"https:\/\/gxp-training.com\/fr\/#\/schema\/logo\/image\/"}}]}},"_links":{"self":[{"href":"https:\/\/gxp-training.com\/fr\/wp-json\/wp\/v2\/product\/57766","targetHints":{"allow":["GET"]}}],"collection":[{"href":"https:\/\/gxp-training.com\/fr\/wp-json\/wp\/v2\/product"}],"about":[{"href":"https:\/\/gxp-training.com\/fr\/wp-json\/wp\/v2\/types\/product"}],"wp:featuredmedia":[{"embeddable":true,"href":"https:\/\/gxp-training.com\/fr\/wp-json\/wp\/v2\/media\/48601"}],"wp:attachment":[{"href":"https:\/\/gxp-training.com\/fr\/wp-json\/wp\/v2\/media?parent=57766"}],"wp:term":[{"taxonomy":"product_brand","embeddable":true,"href":"https:\/\/gxp-training.com\/fr\/wp-json\/wp\/v2\/product_brand?post=57766"},{"taxonomy":"product_cat","embeddable":true,"href":"https:\/\/gxp-training.com\/fr\/wp-json\/wp\/v2\/product_cat?post=57766"},{"taxonomy":"product_tag","embeddable":true,"href":"https:\/\/gxp-training.com\/fr\/wp-json\/wp\/v2\/product_tag?post=57766"}],"curies":[{"name":"wp","href":"https:\/\/api.w.org\/{rel}","templated":true}]}}