{"id":57741,"date":"2022-12-26T12:43:34","date_gmt":"2022-12-26T12:43:34","guid":{"rendered":"https:\/\/gxp-training.com\/online-course\/bpf-pour-la-securite-alimentaire-et-iso-22000\/"},"modified":"2022-12-26T12:43:34","modified_gmt":"2022-12-26T11:43:34","slug":"bpf-pour-la-securite-alimentaire-et-iso-22000","status":"publish","type":"product","link":"https:\/\/gxp-training.com\/fr\/online-course\/bpf-pour-la-securite-alimentaire-et-iso-22000\/","title":{"rendered":"BPF pour la s\u00e9curit\u00e9 alimentaire et ISO 22000"},"content":{"rendered":"<p>Le syst\u00e8me alimentaire est une cha\u00eene d\u2019activit\u00e9s complexe \u2013 de la production de denr\u00e9es agricoles dans les fermes au processus de fabrication, en passant par le magasin de d\u00e9tail et \u00e9ventuellement les \u00e9tablissements de restauration, o\u00f9 les aliments sont pr\u00e9par\u00e9s pour \u00eatre vendus et consomm\u00e9s. Avec la croissance de l\u2019industrie alimentaire, des pratiques de s\u00e9curit\u00e9 et d\u2019hygi\u00e8ne alimentaire plus concentr\u00e9es et diversifi\u00e9es ont pris une nouvelle importance dans la protection de la sant\u00e9 publique. Les <a href=\"https:\/\/gxp-training.com\/fr\/online-course\/introduction-aux-bonnes-pratiques-de-fabrication-bpf\/\">bonnes pratiques de fabrication<\/a> sont les exigences minimales en mati\u00e8re d\u2019hygi\u00e8ne et de traitement pour l\u2019industrie alimentaire et de l\u2019emballage afin d\u2019assurer la production d\u2019aliments sains, en ce qui concerne la s\u00e9curit\u00e9 alimentaire, la qualit\u00e9 et les exigences l\u00e9gales. <\/p>\n<div class=\"noOutline\" data-ba-index=\"16\" data-ba=\"lessonEdit.block\" data-block-id=\"clbey4v780069286ks55150aq\">\n<div>\n<div class=\"block-image block-image--hero block-image--legacy \" data-ba=\"blocks.blockImage\">\n<div class=\"block-image__container\">\n<div class=\"block-image__row\">\n<div class=\"block-image__col\">\n<div>\n<div class=\"animated fadeIn\">\n<figure class=\"block-image__figure\" role=\"figure\" aria-labelledby=\"figcaption-clbey4v79006a286kl3se2chg\">\n<div class=\"block-image__image\"><\/div>\n<\/figure>\n<\/div>\n<\/div>\n<\/div>\n<\/div>\n<\/div>\n<\/div>\n<\/div>\n<\/div>\n<p>Dans ce cours, nous vous proposons une synth\u00e8se du sujet \u00e0 travers une exp\u00e9rience interactive en ligne. Ce mat\u00e9riel a \u00e9t\u00e9 \u00e9labor\u00e9 par une \u00e9quipe d\u2019experts en affaires r\u00e9glementaires, dipl\u00f4m\u00e9s de la Northeastern University de Boston, et pilot\u00e9 par un membre senior capable d\u2019articuler la th\u00e9orie et la pratique. <\/p>\n<p>&nbsp;<\/p>\n<h3>Programme<\/h3>\n<p>&nbsp;<\/p>\n<p><strong>Introduction<\/strong><\/p>\n<p>&nbsp;<\/p>\n<p><strong>Le\u00e7on 1 : Exigences couvertes par la r\u00e9glementation<\/strong><\/p>\n<ul>\n<li>Locaux et installations<\/li>\n<li>\u00c9quipements et machines de production<\/li>\n<li>Mati\u00e8res premi\u00e8res et \u00e9quipements<\/li>\n<li>Contr\u00f4le des \u00e9quipements de fabrication<\/li>\n<li>Stockage, r\u00e9ception et livraison<\/li>\n<li>Hygi\u00e8ne et formation du personnel<\/li>\n<li>Nettoyage et assainissement<\/li>\n<li>Lutte antiparasitaire<\/li>\n<li>Identification et tra\u00e7abilit\u00e9<\/li>\n<li>Informations sur le produit \/ Sensibilisation du consommateur<\/li>\n<li>D\u00e9fense alimentaire<\/li>\n<\/ul>\n<p>&nbsp;<\/p>\n<p><strong>Le\u00e7on 2 : Pr\u00e9paration de la documentation<\/strong><\/p>\n<p>&nbsp;<\/p>\n<p><strong>Le\u00e7on 3 : Mise en \u0153uvre<\/strong><\/p>\n<ul>\n<li>Formez votre personnel<\/li>\n<li>V\u00e9rification de votre conformit\u00e9<\/li>\n<li>Mesures<\/li>\n<\/ul>\n<p>&nbsp;<\/p>\n<p><strong>Le\u00e7on 4 : Bases de l\u2019audit interne<\/strong><\/p>\n<p>&nbsp;<\/p>\n<p><strong>Glossaire<\/strong><\/p>\n<p>&nbsp;<\/p>\n<p><strong>Conclusion<\/strong><\/p>\n<p>&nbsp;<\/p>\n<p><strong>\u00c9valuation<\/strong><\/p>\n","protected":false},"excerpt":{"rendered":"<p>Le syst\u00e8me alimentaire est une cha\u00eene d\u2019activit\u00e9s complexe \u2013 de la production de denr\u00e9es agricoles dans les fermes au processus de fabrication, en passant par le magasin de d\u00e9tail et \u00e9ventuellement les \u00e9tablissements de restauration, o\u00f9 les aliments sont pr\u00e9par\u00e9s pour \u00eatre vendus et consomm\u00e9s. Avec la croissance de l\u2019industrie alimentaire, des pratiques de s\u00e9curit\u00e9 [&hellip;]<\/p>\n","protected":false},"featured_media":43278,"template":"","meta":{"_acf_changed":false,"content-type":""},"product_brand":[],"product_cat":[260,254],"product_tag":[],"class_list":{"0":"post-57741","1":"product","2":"type-product","3":"status-publish","4":"has-post-thumbnail","6":"product_cat-alimentation-et-nutrition","7":"product_cat-bpf-bonnes-pratiques-de-fabrication","9":"first","10":"instock","11":"taxable","12":"shipping-taxable","13":"purchasable","14":"product-type-simple"},"bundled_by":[],"bundle_stock_status":"instock","bundle_stock_quantity":null,"bundle_virtual":false,"bundle_layout":"","bundle_add_to_cart_form_location":"","bundle_editable_in_cart":false,"bundle_sold_individually_context":"","bundle_item_grouping":"","bundle_min_size":"","bundle_max_size":"","bundle_price":[],"bundled_items":[],"bundle_sell_ids":[],"acf":[],"yoast_head":"<!-- This site is optimized with the Yoast SEO plugin v27.5 - https:\/\/yoast.com\/product\/yoast-seo-wordpress\/ -->\n<title>BPF pour la s\u00e9curit\u00e9 alimentaire (ISO 22000) : Formation et Certification en ligne<\/title>\n<meta name=\"description\" content=\"BPF pour la s\u00e9curit\u00e9 alimentaire et ISO 22000 : Formation et Certification en ligne. D\u00e9marrez votre formation avec les meilleurs experts en BPF et obtenez votre certification. Accr\u00e9dit\u00e9 CPD \/ CEU.\" \/>\n<meta name=\"robots\" content=\"index, follow, max-snippet:-1, max-image-preview:large, max-video-preview:-1\" \/>\n<link rel=\"canonical\" href=\"https:\/\/gxp-training.com\/fr\/online-course\/bpf-pour-la-securite-alimentaire-et-iso-22000\/\" \/>\n<meta property=\"og:locale\" content=\"fr_FR\" \/>\n<meta property=\"og:type\" content=\"article\" \/>\n<meta property=\"og:title\" content=\"BPF pour la s\u00e9curit\u00e9 alimentaire (ISO 22000) : Formation et Certification en ligne\" \/>\n<meta property=\"og:description\" content=\"BPF pour la s\u00e9curit\u00e9 alimentaire et ISO 22000 : Formation et Certification en ligne. D\u00e9marrez votre formation avec les meilleurs experts en BPF et obtenez votre certification. Accr\u00e9dit\u00e9 CPD \/ CEU.\" \/>\n<meta property=\"og:url\" content=\"https:\/\/gxp-training.com\/fr\/online-course\/bpf-pour-la-securite-alimentaire-et-iso-22000\/\" \/>\n<meta property=\"og:site_name\" content=\"GxP Training : Certified Online Courses for Life Sciences\" \/>\n<meta property=\"og:image\" content=\"https:\/\/gxp-training.com\/wp-content\/uploads\/2022\/12\/GMP-for-Food-Safety.png\" \/>\n\t<meta property=\"og:image:width\" content=\"900\" \/>\n\t<meta property=\"og:image:height\" content=\"627\" \/>\n\t<meta property=\"og:image:type\" content=\"image\/png\" \/>\n<meta name=\"twitter:card\" content=\"summary_large_image\" \/>\n<meta name=\"twitter:label1\" content=\"Dur\u00e9e de lecture estim\u00e9e\" \/>\n\t<meta name=\"twitter:data1\" content=\"1 minute\" \/>\n<script type=\"application\/ld+json\" class=\"yoast-schema-graph\">{\"@context\":\"https:\\\/\\\/schema.org\",\"@graph\":[{\"@type\":\"WebPage\",\"@id\":\"https:\\\/\\\/gxp-training.com\\\/fr\\\/online-course\\\/bpf-pour-la-securite-alimentaire-et-iso-22000\\\/\",\"url\":\"https:\\\/\\\/gxp-training.com\\\/fr\\\/online-course\\\/bpf-pour-la-securite-alimentaire-et-iso-22000\\\/\",\"name\":\"BPF pour la s\u00e9curit\u00e9 alimentaire (ISO 22000) : Formation et Certification en ligne\",\"isPartOf\":{\"@id\":\"https:\\\/\\\/gxp-training.com\\\/fr\\\/#website\"},\"primaryImageOfPage\":{\"@id\":\"https:\\\/\\\/gxp-training.com\\\/fr\\\/online-course\\\/bpf-pour-la-securite-alimentaire-et-iso-22000\\\/#primaryimage\"},\"image\":{\"@id\":\"https:\\\/\\\/gxp-training.com\\\/fr\\\/online-course\\\/bpf-pour-la-securite-alimentaire-et-iso-22000\\\/#primaryimage\"},\"thumbnailUrl\":\"https:\\\/\\\/gxp-training.com\\\/wp-content\\\/uploads\\\/2022\\\/12\\\/GMP-for-Food-Safety.png\",\"datePublished\":\"2022-12-26T12:43:34+00:00\",\"description\":\"BPF pour la s\u00e9curit\u00e9 alimentaire et ISO 22000 : Formation et Certification en ligne. D\u00e9marrez votre formation avec les meilleurs experts en BPF et obtenez votre certification. Accr\u00e9dit\u00e9 CPD \\\/ CEU.\",\"breadcrumb\":{\"@id\":\"https:\\\/\\\/gxp-training.com\\\/fr\\\/online-course\\\/bpf-pour-la-securite-alimentaire-et-iso-22000\\\/#breadcrumb\"},\"inLanguage\":\"fr-FR\",\"potentialAction\":[{\"@type\":\"ReadAction\",\"target\":[\"https:\\\/\\\/gxp-training.com\\\/fr\\\/online-course\\\/bpf-pour-la-securite-alimentaire-et-iso-22000\\\/\"]}]},{\"@type\":\"ImageObject\",\"inLanguage\":\"fr-FR\",\"@id\":\"https:\\\/\\\/gxp-training.com\\\/fr\\\/online-course\\\/bpf-pour-la-securite-alimentaire-et-iso-22000\\\/#primaryimage\",\"url\":\"https:\\\/\\\/gxp-training.com\\\/wp-content\\\/uploads\\\/2022\\\/12\\\/GMP-for-Food-Safety.png\",\"contentUrl\":\"https:\\\/\\\/gxp-training.com\\\/wp-content\\\/uploads\\\/2022\\\/12\\\/GMP-for-Food-Safety.png\",\"width\":900,\"height\":627},{\"@type\":\"BreadcrumbList\",\"@id\":\"https:\\\/\\\/gxp-training.com\\\/fr\\\/online-course\\\/bpf-pour-la-securite-alimentaire-et-iso-22000\\\/#breadcrumb\",\"itemListElement\":[{\"@type\":\"ListItem\",\"position\":1,\"name\":\"Accueil\",\"item\":\"https:\\\/\\\/gxp-training.com\\\/fr\\\/page-daccueil\\\/\"},{\"@type\":\"ListItem\",\"position\":2,\"name\":\"Produits\",\"item\":\"https:\\\/\\\/gxp-training.com\\\/fr\\\/shop\\\/\"},{\"@type\":\"ListItem\",\"position\":3,\"name\":\"BPF pour la s\u00e9curit\u00e9 alimentaire et ISO 22000\"}]},{\"@type\":\"WebSite\",\"@id\":\"https:\\\/\\\/gxp-training.com\\\/fr\\\/#website\",\"url\":\"https:\\\/\\\/gxp-training.com\\\/fr\\\/\",\"name\":\"GxP Training : Certified Online Courses for Life Sciences\",\"description\":\"Online Trainings and Certified Courses in Regulatory Compliance for Pharmaceutical Experts\",\"publisher\":{\"@id\":\"https:\\\/\\\/gxp-training.com\\\/fr\\\/#organization\"},\"potentialAction\":[{\"@type\":\"SearchAction\",\"target\":{\"@type\":\"EntryPoint\",\"urlTemplate\":\"https:\\\/\\\/gxp-training.com\\\/fr\\\/?s={search_term_string}\"},\"query-input\":{\"@type\":\"PropertyValueSpecification\",\"valueRequired\":true,\"valueName\":\"search_term_string\"}}],\"inLanguage\":\"fr-FR\"},{\"@type\":\"Organization\",\"@id\":\"https:\\\/\\\/gxp-training.com\\\/fr\\\/#organization\",\"name\":\"GXP Training\",\"url\":\"https:\\\/\\\/gxp-training.com\\\/fr\\\/\",\"logo\":{\"@type\":\"ImageObject\",\"inLanguage\":\"fr-FR\",\"@id\":\"https:\\\/\\\/gxp-training.com\\\/fr\\\/#\\\/schema\\\/logo\\\/image\\\/\",\"url\":\"https:\\\/\\\/gxp-training.com\\\/wp-content\\\/uploads\\\/2022\\\/05\\\/logo-resize.png\",\"contentUrl\":\"https:\\\/\\\/gxp-training.com\\\/wp-content\\\/uploads\\\/2022\\\/05\\\/logo-resize.png\",\"width\":350,\"height\":100,\"caption\":\"GXP Training\"},\"image\":{\"@id\":\"https:\\\/\\\/gxp-training.com\\\/fr\\\/#\\\/schema\\\/logo\\\/image\\\/\"}}]}<\/script>\n<!-- \/ Yoast SEO plugin. -->","yoast_head_json":{"title":"BPF pour la s\u00e9curit\u00e9 alimentaire (ISO 22000) : Formation et Certification en ligne","description":"BPF pour la s\u00e9curit\u00e9 alimentaire et ISO 22000 : Formation et Certification en ligne. D\u00e9marrez votre formation avec les meilleurs experts en BPF et obtenez votre certification. Accr\u00e9dit\u00e9 CPD \/ CEU.","robots":{"index":"index","follow":"follow","max-snippet":"max-snippet:-1","max-image-preview":"max-image-preview:large","max-video-preview":"max-video-preview:-1"},"canonical":"https:\/\/gxp-training.com\/fr\/online-course\/bpf-pour-la-securite-alimentaire-et-iso-22000\/","og_locale":"fr_FR","og_type":"article","og_title":"BPF pour la s\u00e9curit\u00e9 alimentaire (ISO 22000) : Formation et Certification en ligne","og_description":"BPF pour la s\u00e9curit\u00e9 alimentaire et ISO 22000 : Formation et Certification en ligne. D\u00e9marrez votre formation avec les meilleurs experts en BPF et obtenez votre certification. Accr\u00e9dit\u00e9 CPD \/ CEU.","og_url":"https:\/\/gxp-training.com\/fr\/online-course\/bpf-pour-la-securite-alimentaire-et-iso-22000\/","og_site_name":"GxP Training : Certified Online Courses for Life Sciences","og_image":[{"width":900,"height":627,"url":"https:\/\/gxp-training.com\/wp-content\/uploads\/2022\/12\/GMP-for-Food-Safety.png","type":"image\/png"}],"twitter_card":"summary_large_image","twitter_misc":{"Dur\u00e9e de lecture estim\u00e9e":"1 minute"},"schema":{"@context":"https:\/\/schema.org","@graph":[{"@type":"WebPage","@id":"https:\/\/gxp-training.com\/fr\/online-course\/bpf-pour-la-securite-alimentaire-et-iso-22000\/","url":"https:\/\/gxp-training.com\/fr\/online-course\/bpf-pour-la-securite-alimentaire-et-iso-22000\/","name":"BPF pour la s\u00e9curit\u00e9 alimentaire (ISO 22000) : Formation et Certification en ligne","isPartOf":{"@id":"https:\/\/gxp-training.com\/fr\/#website"},"primaryImageOfPage":{"@id":"https:\/\/gxp-training.com\/fr\/online-course\/bpf-pour-la-securite-alimentaire-et-iso-22000\/#primaryimage"},"image":{"@id":"https:\/\/gxp-training.com\/fr\/online-course\/bpf-pour-la-securite-alimentaire-et-iso-22000\/#primaryimage"},"thumbnailUrl":"https:\/\/gxp-training.com\/wp-content\/uploads\/2022\/12\/GMP-for-Food-Safety.png","datePublished":"2022-12-26T12:43:34+00:00","description":"BPF pour la s\u00e9curit\u00e9 alimentaire et ISO 22000 : Formation et Certification en ligne. D\u00e9marrez votre formation avec les meilleurs experts en BPF et obtenez votre certification. Accr\u00e9dit\u00e9 CPD \/ CEU.","breadcrumb":{"@id":"https:\/\/gxp-training.com\/fr\/online-course\/bpf-pour-la-securite-alimentaire-et-iso-22000\/#breadcrumb"},"inLanguage":"fr-FR","potentialAction":[{"@type":"ReadAction","target":["https:\/\/gxp-training.com\/fr\/online-course\/bpf-pour-la-securite-alimentaire-et-iso-22000\/"]}]},{"@type":"ImageObject","inLanguage":"fr-FR","@id":"https:\/\/gxp-training.com\/fr\/online-course\/bpf-pour-la-securite-alimentaire-et-iso-22000\/#primaryimage","url":"https:\/\/gxp-training.com\/wp-content\/uploads\/2022\/12\/GMP-for-Food-Safety.png","contentUrl":"https:\/\/gxp-training.com\/wp-content\/uploads\/2022\/12\/GMP-for-Food-Safety.png","width":900,"height":627},{"@type":"BreadcrumbList","@id":"https:\/\/gxp-training.com\/fr\/online-course\/bpf-pour-la-securite-alimentaire-et-iso-22000\/#breadcrumb","itemListElement":[{"@type":"ListItem","position":1,"name":"Accueil","item":"https:\/\/gxp-training.com\/fr\/page-daccueil\/"},{"@type":"ListItem","position":2,"name":"Produits","item":"https:\/\/gxp-training.com\/fr\/shop\/"},{"@type":"ListItem","position":3,"name":"BPF pour la s\u00e9curit\u00e9 alimentaire et ISO 22000"}]},{"@type":"WebSite","@id":"https:\/\/gxp-training.com\/fr\/#website","url":"https:\/\/gxp-training.com\/fr\/","name":"GxP Training : Certified Online Courses for Life Sciences","description":"Online Trainings and Certified Courses in Regulatory Compliance for Pharmaceutical Experts","publisher":{"@id":"https:\/\/gxp-training.com\/fr\/#organization"},"potentialAction":[{"@type":"SearchAction","target":{"@type":"EntryPoint","urlTemplate":"https:\/\/gxp-training.com\/fr\/?s={search_term_string}"},"query-input":{"@type":"PropertyValueSpecification","valueRequired":true,"valueName":"search_term_string"}}],"inLanguage":"fr-FR"},{"@type":"Organization","@id":"https:\/\/gxp-training.com\/fr\/#organization","name":"GXP Training","url":"https:\/\/gxp-training.com\/fr\/","logo":{"@type":"ImageObject","inLanguage":"fr-FR","@id":"https:\/\/gxp-training.com\/fr\/#\/schema\/logo\/image\/","url":"https:\/\/gxp-training.com\/wp-content\/uploads\/2022\/05\/logo-resize.png","contentUrl":"https:\/\/gxp-training.com\/wp-content\/uploads\/2022\/05\/logo-resize.png","width":350,"height":100,"caption":"GXP Training"},"image":{"@id":"https:\/\/gxp-training.com\/fr\/#\/schema\/logo\/image\/"}}]}},"_links":{"self":[{"href":"https:\/\/gxp-training.com\/fr\/wp-json\/wp\/v2\/product\/57741","targetHints":{"allow":["GET"]}}],"collection":[{"href":"https:\/\/gxp-training.com\/fr\/wp-json\/wp\/v2\/product"}],"about":[{"href":"https:\/\/gxp-training.com\/fr\/wp-json\/wp\/v2\/types\/product"}],"wp:featuredmedia":[{"embeddable":true,"href":"https:\/\/gxp-training.com\/fr\/wp-json\/wp\/v2\/media\/43278"}],"wp:attachment":[{"href":"https:\/\/gxp-training.com\/fr\/wp-json\/wp\/v2\/media?parent=57741"}],"wp:term":[{"taxonomy":"product_brand","embeddable":true,"href":"https:\/\/gxp-training.com\/fr\/wp-json\/wp\/v2\/product_brand?post=57741"},{"taxonomy":"product_cat","embeddable":true,"href":"https:\/\/gxp-training.com\/fr\/wp-json\/wp\/v2\/product_cat?post=57741"},{"taxonomy":"product_tag","embeddable":true,"href":"https:\/\/gxp-training.com\/fr\/wp-json\/wp\/v2\/product_tag?post=57741"}],"curies":[{"name":"wp","href":"https:\/\/api.w.org\/{rel}","templated":true}]}}