{"id":57730,"date":"2023-01-02T12:51:28","date_gmt":"2023-01-02T12:51:28","guid":{"rendered":"https:\/\/gxp-training.com\/online-course\/bpf-pour-les-dispositifs-medicaux-ue-contre-fda\/"},"modified":"2023-01-02T12:51:28","modified_gmt":"2023-01-02T11:51:28","slug":"bpf-pour-les-dispositifs-medicaux-ue-contre-fda","status":"publish","type":"product","link":"https:\/\/gxp-training.com\/fr\/online-course\/bpf-pour-les-dispositifs-medicaux-ue-contre-fda\/","title":{"rendered":"BPF pour les dispositifs m\u00e9dicaux : UE contre FDA"},"content":{"rendered":"<p>L&rsquo;industrie des dispositifs m\u00e9dicaux a mis en place des syst\u00e8mes qualit\u00e9 bas\u00e9s sur les <a href=\"https:\/\/gxp-training.com\/fr\/gxp-courses\/bpf-bonnes-pratiques-de-fabrication\/\">Bonnes Pratiques de Fabrication<\/a> ou BPF. Les organismes de r\u00e9glementation r\u00e9gissant ces syst\u00e8mes sont diff\u00e9rents dans l&rsquo;UE et aux \u00c9tats-Unis. Aux \u00c9tats-Unis, le Center for Devices and Radiological Health (CDRH) de la FDA r\u00e9glemente principalement les dispositifs m\u00e9dicaux, et la FDA elle-m\u00eame m\u00e8ne toutes les inspections r\u00e9glementaires. La FDA am\u00e9ricaine a \u00e9galement \u00e9tabli des exigences de conformit\u00e9 aux BPF pour le d\u00e9veloppement, la fabrication et la distribution des dispositifs m\u00e9dicaux dans le Code of Federal Regulations : <a href=\"https:\/\/gxp-training.com\/fr\/online-course\/bpf-pour-les-dispositifs-medicaux-et-fda-21-cfr-part-820\/\">21 CFR, Partie 820<\/a>.   <\/p>\n<div class=\"noOutline\" data-ba-index=\"5\" data-ba=\"lessonEdit.block\" data-block-id=\"cl9phdl4900cu286ddag8srng\">\n<div class=\"block-image block-image--text-aside block-image--legacy \" data-ba=\"blocks.blockImage\">\n<div class=\"block-image__container\">\n<div class=\"block-image__row\">\n<div class=\"block-image__col\">\n<div class=\"block-image__text brand--body brand--linkColor brand--linkColor\">\n<div class=\"fr-view\">\n<p>Dans ce cours, nous proposons une synth\u00e8se comparative du sujet \u00e0 travers une exp\u00e9rience interactive en ligne. Il s&rsquo;applique \u00e0 tous les domaines des BPF pour les dispositifs m\u00e9dicaux et offre une formation ad\u00e9quate en mati\u00e8re de gestion de la qualit\u00e9 et de conformit\u00e9 aux BPF dans l&rsquo;industrie de fabrication des dispositifs m\u00e9dicaux. Ce mat\u00e9riel a \u00e9t\u00e9 \u00e9labor\u00e9 par une \u00e9quipe d&rsquo;experts en affaires r\u00e9glementaires, titulaires d&rsquo;une qualification de la Northeastern University, Boston, et pilot\u00e9 par un membre senior capable d&rsquo;articuler la th\u00e9orie et la pratique.  <\/p>\n<\/div>\n<\/div>\n<\/div>\n<\/div>\n<\/div>\n<\/div>\n<\/div>\n<p>&nbsp;<\/p>\n<h3>Programme :<\/h3>\n<p>&nbsp;<\/p>\n<p><strong>Introduction<\/strong><\/p>\n<p>&nbsp;<\/p>\n<p><strong>Le\u00e7on 1 : Diff\u00e9rences entre les exigences BPF de l&rsquo;UE et de la FDA<\/strong><\/p>\n<ul>\n<li>Principales exigences europ\u00e9ennes<\/li>\n<li>Principales exigences de la FDA<\/li>\n<li>Diff\u00e9rence<\/li>\n<li>Similitudes<\/li>\n<\/ul>\n<p>&nbsp;<\/p>\n<p><strong>Le\u00e7on 2 : Exigences li\u00e9es aux BPF de la norme EN ISO 13485 : 2016<\/strong><\/p>\n<p>&nbsp;<\/p>\n<p><strong>Le\u00e7on 3 : Exigences BPF de la FDA dans le <a href=\"https:\/\/gxp-training.com\/fr\/online-course\/bpf-pour-les-dispositifs-medicaux-et-fda-21-cfr-part-820\/\">21 CFR Partie 820<\/a><\/strong><\/p>\n<p>&nbsp;<\/p>\n<p><strong>Le\u00e7on 4 : Contr\u00f4les de conception des dispositifs m\u00e9dicaux<\/strong><\/p>\n<ul>\n<li>Comment impl\u00e9menter les contr\u00f4les de conception dans le processus de cycle de vie<\/li>\n<\/ul>\n<p>&nbsp;<\/p>\n<p><strong>Le\u00e7on 5 : Validation des processus<\/strong><\/p>\n<ul>\n<li>Exigences de la FDA pour la validation des processus<\/li>\n<li>Que sont les <a href=\"https:\/\/gxp-training.com\/fr\/online-course\/essais-cliniques-preparation-a-un-audit-ou-a-une-inspection\/\">essais cliniques<\/a> ?<\/li>\n<\/ul>\n<p>&nbsp;<\/p>\n<p><strong>Le\u00e7on 6 : Gestion des plaintes (<a href=\"https:\/\/gxp-training.com\/fr\/online-course\/formation-sur-les-actions-correctives-et-preventives-capa\/\">Actions Correctives et Pr\u00e9ventives<\/a>)<\/strong><\/p>\n<p>&nbsp;<\/p>\n<p><strong>Glossaire<\/strong><\/p>\n<p>&nbsp;<\/p>\n<p><strong>\u00c9valuation<\/strong><\/p>\n","protected":false},"excerpt":{"rendered":"<p>L&rsquo;industrie des dispositifs m\u00e9dicaux a mis en place des syst\u00e8mes qualit\u00e9 bas\u00e9s sur les Bonnes Pratiques de Fabrication ou BPF. Les organismes de r\u00e9glementation r\u00e9gissant ces syst\u00e8mes sont diff\u00e9rents dans l&rsquo;UE et aux \u00c9tats-Unis. Aux \u00c9tats-Unis, le Center for Devices and Radiological Health (CDRH) de la FDA r\u00e9glemente principalement les dispositifs m\u00e9dicaux, et la FDA [&hellip;]<\/p>\n","protected":false},"featured_media":43291,"template":"","meta":{"_acf_changed":false,"content-type":""},"product_brand":[],"product_cat":[255,254,256],"product_tag":[],"class_list":{"0":"post-57730","1":"product","2":"type-product","3":"status-publish","4":"has-post-thumbnail","6":"product_cat-affaires-reglementaires","7":"product_cat-bpf-bonnes-pratiques-de-fabrication","8":"product_cat-dispositifs-medicaux","10":"first","11":"instock","12":"taxable","13":"shipping-taxable","14":"purchasable","15":"product-type-subscription"},"bundled_by":[],"bundle_stock_status":"instock","bundle_stock_quantity":null,"bundle_virtual":false,"bundle_layout":"","bundle_add_to_cart_form_location":"","bundle_editable_in_cart":false,"bundle_sold_individually_context":"","bundle_item_grouping":"","bundle_min_size":"","bundle_max_size":"","bundle_price":[],"bundled_items":[],"bundle_sell_ids":[],"acf":[],"yoast_head":"<!-- This site is optimized with the Yoast SEO plugin v27.5 - https:\/\/yoast.com\/product\/yoast-seo-wordpress\/ -->\n<title>BPF pour les dispositifs m\u00e9dicaux : UE vs FDA \u2013 Cours et certification<\/title>\n<meta name=\"description\" content=\"BPF pour les dispositifs m\u00e9dicaux, diff\u00e9rences entre les \u00c9tats-Unis et l&#039;Europe. D\u00e9marrez votre cours en ligne certifi\u00e9 et obtenez votre certification. Accr\u00e9dit\u00e9 CPD et CEU.\" \/>\n<meta name=\"robots\" content=\"index, follow, max-snippet:-1, max-image-preview:large, max-video-preview:-1\" \/>\n<link rel=\"canonical\" href=\"https:\/\/gxp-training.com\/fr\/online-course\/bpf-pour-les-dispositifs-medicaux-ue-contre-fda\/\" \/>\n<meta property=\"og:locale\" content=\"fr_FR\" \/>\n<meta property=\"og:type\" content=\"article\" \/>\n<meta property=\"og:title\" content=\"BPF pour les dispositifs m\u00e9dicaux : UE vs FDA \u2013 Cours et certification\" \/>\n<meta property=\"og:description\" content=\"BPF pour les dispositifs m\u00e9dicaux, diff\u00e9rences entre les \u00c9tats-Unis et l&#039;Europe. D\u00e9marrez votre cours en ligne certifi\u00e9 et obtenez votre certification. Accr\u00e9dit\u00e9 CPD et CEU.\" \/>\n<meta property=\"og:url\" content=\"https:\/\/gxp-training.com\/fr\/online-course\/bpf-pour-les-dispositifs-medicaux-ue-contre-fda\/\" \/>\n<meta property=\"og:site_name\" content=\"GxP Training : Certified Online Courses for Life Sciences\" \/>\n<meta property=\"og:image\" content=\"https:\/\/gxp-training.com\/wp-content\/uploads\/2023\/01\/Gmp-eu-vs-fda.png\" \/>\n\t<meta property=\"og:image:width\" content=\"900\" \/>\n\t<meta property=\"og:image:height\" content=\"627\" \/>\n\t<meta property=\"og:image:type\" content=\"image\/png\" \/>\n<meta name=\"twitter:card\" content=\"summary_large_image\" \/>\n<meta name=\"twitter:label1\" content=\"Dur\u00e9e de lecture estim\u00e9e\" \/>\n\t<meta name=\"twitter:data1\" content=\"2 minutes\" \/>\n<script type=\"application\/ld+json\" class=\"yoast-schema-graph\">{\"@context\":\"https:\\\/\\\/schema.org\",\"@graph\":[{\"@type\":\"WebPage\",\"@id\":\"https:\\\/\\\/gxp-training.com\\\/fr\\\/online-course\\\/bpf-pour-les-dispositifs-medicaux-ue-contre-fda\\\/\",\"url\":\"https:\\\/\\\/gxp-training.com\\\/fr\\\/online-course\\\/bpf-pour-les-dispositifs-medicaux-ue-contre-fda\\\/\",\"name\":\"BPF pour les dispositifs m\u00e9dicaux : UE vs FDA \u2013 Cours et certification\",\"isPartOf\":{\"@id\":\"https:\\\/\\\/gxp-training.com\\\/fr\\\/#website\"},\"primaryImageOfPage\":{\"@id\":\"https:\\\/\\\/gxp-training.com\\\/fr\\\/online-course\\\/bpf-pour-les-dispositifs-medicaux-ue-contre-fda\\\/#primaryimage\"},\"image\":{\"@id\":\"https:\\\/\\\/gxp-training.com\\\/fr\\\/online-course\\\/bpf-pour-les-dispositifs-medicaux-ue-contre-fda\\\/#primaryimage\"},\"thumbnailUrl\":\"https:\\\/\\\/gxp-training.com\\\/wp-content\\\/uploads\\\/2023\\\/01\\\/Gmp-eu-vs-fda.png\",\"datePublished\":\"2023-01-02T12:51:28+00:00\",\"description\":\"BPF pour les dispositifs m\u00e9dicaux, diff\u00e9rences entre les \u00c9tats-Unis et l'Europe. D\u00e9marrez votre cours en ligne certifi\u00e9 et obtenez votre certification. Accr\u00e9dit\u00e9 CPD et CEU.\",\"breadcrumb\":{\"@id\":\"https:\\\/\\\/gxp-training.com\\\/fr\\\/online-course\\\/bpf-pour-les-dispositifs-medicaux-ue-contre-fda\\\/#breadcrumb\"},\"inLanguage\":\"fr-FR\",\"potentialAction\":[{\"@type\":\"ReadAction\",\"target\":[\"https:\\\/\\\/gxp-training.com\\\/fr\\\/online-course\\\/bpf-pour-les-dispositifs-medicaux-ue-contre-fda\\\/\"]}]},{\"@type\":\"ImageObject\",\"inLanguage\":\"fr-FR\",\"@id\":\"https:\\\/\\\/gxp-training.com\\\/fr\\\/online-course\\\/bpf-pour-les-dispositifs-medicaux-ue-contre-fda\\\/#primaryimage\",\"url\":\"https:\\\/\\\/gxp-training.com\\\/wp-content\\\/uploads\\\/2023\\\/01\\\/Gmp-eu-vs-fda.png\",\"contentUrl\":\"https:\\\/\\\/gxp-training.com\\\/wp-content\\\/uploads\\\/2023\\\/01\\\/Gmp-eu-vs-fda.png\",\"width\":900,\"height\":627},{\"@type\":\"BreadcrumbList\",\"@id\":\"https:\\\/\\\/gxp-training.com\\\/fr\\\/online-course\\\/bpf-pour-les-dispositifs-medicaux-ue-contre-fda\\\/#breadcrumb\",\"itemListElement\":[{\"@type\":\"ListItem\",\"position\":1,\"name\":\"Accueil\",\"item\":\"https:\\\/\\\/gxp-training.com\\\/fr\\\/page-daccueil\\\/\"},{\"@type\":\"ListItem\",\"position\":2,\"name\":\"Produits\",\"item\":\"https:\\\/\\\/gxp-training.com\\\/fr\\\/shop\\\/\"},{\"@type\":\"ListItem\",\"position\":3,\"name\":\"BPF pour les dispositifs m\u00e9dicaux : UE contre FDA\"}]},{\"@type\":\"WebSite\",\"@id\":\"https:\\\/\\\/gxp-training.com\\\/fr\\\/#website\",\"url\":\"https:\\\/\\\/gxp-training.com\\\/fr\\\/\",\"name\":\"GxP Training : Certified Online Courses for Life Sciences\",\"description\":\"Online Trainings and Certified Courses in Regulatory Compliance for Pharmaceutical Experts\",\"publisher\":{\"@id\":\"https:\\\/\\\/gxp-training.com\\\/fr\\\/#organization\"},\"potentialAction\":[{\"@type\":\"SearchAction\",\"target\":{\"@type\":\"EntryPoint\",\"urlTemplate\":\"https:\\\/\\\/gxp-training.com\\\/fr\\\/?s={search_term_string}\"},\"query-input\":{\"@type\":\"PropertyValueSpecification\",\"valueRequired\":true,\"valueName\":\"search_term_string\"}}],\"inLanguage\":\"fr-FR\"},{\"@type\":\"Organization\",\"@id\":\"https:\\\/\\\/gxp-training.com\\\/fr\\\/#organization\",\"name\":\"GXP Training\",\"url\":\"https:\\\/\\\/gxp-training.com\\\/fr\\\/\",\"logo\":{\"@type\":\"ImageObject\",\"inLanguage\":\"fr-FR\",\"@id\":\"https:\\\/\\\/gxp-training.com\\\/fr\\\/#\\\/schema\\\/logo\\\/image\\\/\",\"url\":\"https:\\\/\\\/gxp-training.com\\\/wp-content\\\/uploads\\\/2022\\\/05\\\/logo-resize.png\",\"contentUrl\":\"https:\\\/\\\/gxp-training.com\\\/wp-content\\\/uploads\\\/2022\\\/05\\\/logo-resize.png\",\"width\":350,\"height\":100,\"caption\":\"GXP Training\"},\"image\":{\"@id\":\"https:\\\/\\\/gxp-training.com\\\/fr\\\/#\\\/schema\\\/logo\\\/image\\\/\"}}]}<\/script>\n<!-- \/ Yoast SEO plugin. -->","yoast_head_json":{"title":"BPF pour les dispositifs m\u00e9dicaux : UE vs FDA \u2013 Cours et certification","description":"BPF pour les dispositifs m\u00e9dicaux, diff\u00e9rences entre les \u00c9tats-Unis et l'Europe. D\u00e9marrez votre cours en ligne certifi\u00e9 et obtenez votre certification. Accr\u00e9dit\u00e9 CPD et CEU.","robots":{"index":"index","follow":"follow","max-snippet":"max-snippet:-1","max-image-preview":"max-image-preview:large","max-video-preview":"max-video-preview:-1"},"canonical":"https:\/\/gxp-training.com\/fr\/online-course\/bpf-pour-les-dispositifs-medicaux-ue-contre-fda\/","og_locale":"fr_FR","og_type":"article","og_title":"BPF pour les dispositifs m\u00e9dicaux : UE vs FDA \u2013 Cours et certification","og_description":"BPF pour les dispositifs m\u00e9dicaux, diff\u00e9rences entre les \u00c9tats-Unis et l'Europe. D\u00e9marrez votre cours en ligne certifi\u00e9 et obtenez votre certification. Accr\u00e9dit\u00e9 CPD et CEU.","og_url":"https:\/\/gxp-training.com\/fr\/online-course\/bpf-pour-les-dispositifs-medicaux-ue-contre-fda\/","og_site_name":"GxP Training : Certified Online Courses for Life Sciences","og_image":[{"width":900,"height":627,"url":"https:\/\/gxp-training.com\/wp-content\/uploads\/2023\/01\/Gmp-eu-vs-fda.png","type":"image\/png"}],"twitter_card":"summary_large_image","twitter_misc":{"Dur\u00e9e de lecture estim\u00e9e":"2 minutes"},"schema":{"@context":"https:\/\/schema.org","@graph":[{"@type":"WebPage","@id":"https:\/\/gxp-training.com\/fr\/online-course\/bpf-pour-les-dispositifs-medicaux-ue-contre-fda\/","url":"https:\/\/gxp-training.com\/fr\/online-course\/bpf-pour-les-dispositifs-medicaux-ue-contre-fda\/","name":"BPF pour les dispositifs m\u00e9dicaux : UE vs FDA \u2013 Cours et certification","isPartOf":{"@id":"https:\/\/gxp-training.com\/fr\/#website"},"primaryImageOfPage":{"@id":"https:\/\/gxp-training.com\/fr\/online-course\/bpf-pour-les-dispositifs-medicaux-ue-contre-fda\/#primaryimage"},"image":{"@id":"https:\/\/gxp-training.com\/fr\/online-course\/bpf-pour-les-dispositifs-medicaux-ue-contre-fda\/#primaryimage"},"thumbnailUrl":"https:\/\/gxp-training.com\/wp-content\/uploads\/2023\/01\/Gmp-eu-vs-fda.png","datePublished":"2023-01-02T12:51:28+00:00","description":"BPF pour les dispositifs m\u00e9dicaux, diff\u00e9rences entre les \u00c9tats-Unis et l'Europe. D\u00e9marrez votre cours en ligne certifi\u00e9 et obtenez votre certification. Accr\u00e9dit\u00e9 CPD et CEU.","breadcrumb":{"@id":"https:\/\/gxp-training.com\/fr\/online-course\/bpf-pour-les-dispositifs-medicaux-ue-contre-fda\/#breadcrumb"},"inLanguage":"fr-FR","potentialAction":[{"@type":"ReadAction","target":["https:\/\/gxp-training.com\/fr\/online-course\/bpf-pour-les-dispositifs-medicaux-ue-contre-fda\/"]}]},{"@type":"ImageObject","inLanguage":"fr-FR","@id":"https:\/\/gxp-training.com\/fr\/online-course\/bpf-pour-les-dispositifs-medicaux-ue-contre-fda\/#primaryimage","url":"https:\/\/gxp-training.com\/wp-content\/uploads\/2023\/01\/Gmp-eu-vs-fda.png","contentUrl":"https:\/\/gxp-training.com\/wp-content\/uploads\/2023\/01\/Gmp-eu-vs-fda.png","width":900,"height":627},{"@type":"BreadcrumbList","@id":"https:\/\/gxp-training.com\/fr\/online-course\/bpf-pour-les-dispositifs-medicaux-ue-contre-fda\/#breadcrumb","itemListElement":[{"@type":"ListItem","position":1,"name":"Accueil","item":"https:\/\/gxp-training.com\/fr\/page-daccueil\/"},{"@type":"ListItem","position":2,"name":"Produits","item":"https:\/\/gxp-training.com\/fr\/shop\/"},{"@type":"ListItem","position":3,"name":"BPF pour les dispositifs m\u00e9dicaux : UE contre FDA"}]},{"@type":"WebSite","@id":"https:\/\/gxp-training.com\/fr\/#website","url":"https:\/\/gxp-training.com\/fr\/","name":"GxP Training : Certified Online Courses for Life Sciences","description":"Online Trainings and Certified Courses in Regulatory Compliance for Pharmaceutical Experts","publisher":{"@id":"https:\/\/gxp-training.com\/fr\/#organization"},"potentialAction":[{"@type":"SearchAction","target":{"@type":"EntryPoint","urlTemplate":"https:\/\/gxp-training.com\/fr\/?s={search_term_string}"},"query-input":{"@type":"PropertyValueSpecification","valueRequired":true,"valueName":"search_term_string"}}],"inLanguage":"fr-FR"},{"@type":"Organization","@id":"https:\/\/gxp-training.com\/fr\/#organization","name":"GXP Training","url":"https:\/\/gxp-training.com\/fr\/","logo":{"@type":"ImageObject","inLanguage":"fr-FR","@id":"https:\/\/gxp-training.com\/fr\/#\/schema\/logo\/image\/","url":"https:\/\/gxp-training.com\/wp-content\/uploads\/2022\/05\/logo-resize.png","contentUrl":"https:\/\/gxp-training.com\/wp-content\/uploads\/2022\/05\/logo-resize.png","width":350,"height":100,"caption":"GXP Training"},"image":{"@id":"https:\/\/gxp-training.com\/fr\/#\/schema\/logo\/image\/"}}]}},"_links":{"self":[{"href":"https:\/\/gxp-training.com\/fr\/wp-json\/wp\/v2\/product\/57730","targetHints":{"allow":["GET"]}}],"collection":[{"href":"https:\/\/gxp-training.com\/fr\/wp-json\/wp\/v2\/product"}],"about":[{"href":"https:\/\/gxp-training.com\/fr\/wp-json\/wp\/v2\/types\/product"}],"wp:featuredmedia":[{"embeddable":true,"href":"https:\/\/gxp-training.com\/fr\/wp-json\/wp\/v2\/media\/43291"}],"wp:attachment":[{"href":"https:\/\/gxp-training.com\/fr\/wp-json\/wp\/v2\/media?parent=57730"}],"wp:term":[{"taxonomy":"product_brand","embeddable":true,"href":"https:\/\/gxp-training.com\/fr\/wp-json\/wp\/v2\/product_brand?post=57730"},{"taxonomy":"product_cat","embeddable":true,"href":"https:\/\/gxp-training.com\/fr\/wp-json\/wp\/v2\/product_cat?post=57730"},{"taxonomy":"product_tag","embeddable":true,"href":"https:\/\/gxp-training.com\/fr\/wp-json\/wp\/v2\/product_tag?post=57730"}],"curies":[{"name":"wp","href":"https:\/\/api.w.org\/{rel}","templated":true}]}}