{"id":57718,"date":"2022-12-12T15:07:15","date_gmt":"2022-12-12T15:07:15","guid":{"rendered":"https:\/\/gxp-training.com\/online-course\/essais-cliniques-preparation-a-un-audit-ou-a-une-inspection\/"},"modified":"2022-12-12T15:07:15","modified_gmt":"2022-12-12T14:07:15","slug":"essais-cliniques-preparation-a-un-audit-ou-a-une-inspection","status":"publish","type":"product","link":"https:\/\/gxp-training.com\/fr\/online-course\/essais-cliniques-preparation-a-un-audit-ou-a-une-inspection\/","title":{"rendered":"Essais cliniques : Pr\u00e9paration \u00e0 un audit ou \u00e0 une inspection"},"content":{"rendered":"<p>Que vous repr\u00e9sentiez des sites d\u2019investigation, des sites promoteurs ou des ORC, il est important de se pr\u00e9parer \u00e0 l\u2019inspection BPC \u00e0 l\u2019avance. Comprendre comment les audits et inspections BPC sont r\u00e9alis\u00e9s peut faciliter le processus. Comme toujours, la meilleure fa\u00e7on de r\u00e9ussir les inspections BPC est d\u2019assurer la <a href=\"https:\/\/gxp-training.com\/fr\/online-course\/ich-gcp-introduction-aux-bonnes-pratiques-cliniques\/\">conformit\u00e9 BPC<\/a> avec les exigences r\u00e9glementaires pertinentes de la r\u00e9gion. Dans les le\u00e7ons suivantes, nous avons couvert en profondeur l\u2019examen des processus d\u2019inspection des diff\u00e9rents sites, ce qui peut servir d\u2019outil de r\u00e9f\u00e9rence pour comprendre les processus r\u00e9glementaires dans l\u2019inspection BPC.   <\/p>\n<p>Dans ce cours, nous proposons une synth\u00e8se du sujet \u00e0 travers une exp\u00e9rience interactive en ligne. Ce mat\u00e9riel a \u00e9t\u00e9 \u00e9labor\u00e9 par une \u00e9quipe d\u2019experts en affaires r\u00e9glementaires, dipl\u00f4m\u00e9s de la Northeastern University, Boston, et pilot\u00e9 par un membre senior capable d\u2019articuler la th\u00e9orie et la pratique. <\/p>\n<p>&nbsp;<\/p>\n<h3>Programme :<\/h3>\n<p>&nbsp;<\/p>\n<p><strong>Le\u00e7on 1 : Introduction<\/strong><\/p>\n<p>&nbsp;<\/p>\n<p><strong>Le\u00e7on 2 : Pr\u00e9paration \u00e0 une inspection BPC<\/strong><\/p>\n<p>&nbsp;<\/p>\n<p><strong>Le\u00e7on 3 : Inspection r\u00e9glementaire BPC des sites promoteurs et ORC<\/strong><\/p>\n<p>&nbsp;<\/p>\n<p><strong>Le\u00e7on 4 : Inspection BPC des sites d\u2019investigation<\/strong><\/p>\n<p>&nbsp;<\/p>\n<p><strong>Le\u00e7on 5 : Activit\u00e9s post-inspection<\/strong><\/p>\n<p>&nbsp;<\/p>\n<p><strong>Conclusion<\/strong><\/p>\n<p>&nbsp;<\/p>\n<p><strong>Glossaire<\/strong><\/p>\n<p>&nbsp;<\/p>\n<p><strong>\u00c9valuation<\/strong><\/p>\n","protected":false},"excerpt":{"rendered":"<p>Que vous repr\u00e9sentiez des sites d\u2019investigation, des sites promoteurs ou des ORC, il est important de se pr\u00e9parer \u00e0 l\u2019inspection BPC \u00e0 l\u2019avance. Comprendre comment les audits et inspections BPC sont r\u00e9alis\u00e9s peut faciliter le processus. Comme toujours, la meilleure fa\u00e7on de r\u00e9ussir les inspections BPC est d\u2019assurer la conformit\u00e9 BPC avec les exigences r\u00e9glementaires [&hellip;]<\/p>\n","protected":false},"featured_media":43228,"template":"","meta":{"_acf_changed":false,"content-type":""},"product_brand":[],"product_cat":[255,274,256,262,263,258],"product_tag":[],"class_list":{"0":"post-57718","1":"product","2":"type-product","3":"status-publish","4":"has-post-thumbnail","6":"product_cat-affaires-reglementaires","7":"product_cat-bpc-essais-cliniques","8":"product_cat-dispositifs-medicaux","9":"product_cat-hopitaux-et-etablissements-de-sante","10":"product_cat-organisme-de-recherche-sous-contrat-cro","11":"product_cat-pharmaceutique","13":"first","14":"instock","15":"taxable","16":"shipping-taxable","17":"purchasable","18":"product-type-subscription"},"bundled_by":[],"bundle_stock_status":"instock","bundle_stock_quantity":null,"bundle_virtual":false,"bundle_layout":"","bundle_add_to_cart_form_location":"","bundle_editable_in_cart":false,"bundle_sold_individually_context":"","bundle_item_grouping":"","bundle_min_size":"","bundle_max_size":"","bundle_price":[],"bundled_items":[],"bundle_sell_ids":[],"acf":[],"yoast_head":"<!-- This site is optimized with the Yoast SEO plugin v27.5 - https:\/\/yoast.com\/product\/yoast-seo-wordpress\/ -->\n<title>Essais cliniques : Pr\u00e9paration \u00e0 un audit \u2013 Cours en ligne &amp; Certificat<\/title>\n<meta name=\"description\" content=\"Essais cliniques : Pr\u00e9paration \u00e0 un audit ou \u00e0 une inspection. Apprenez avec les meilleurs experts BPC et obtenez votre certification. Cours en ligne accr\u00e9dit\u00e9 DPC et UFC.\" \/>\n<meta name=\"robots\" content=\"index, follow, max-snippet:-1, max-image-preview:large, max-video-preview:-1\" \/>\n<link rel=\"canonical\" href=\"https:\/\/gxp-training.com\/fr\/online-course\/essais-cliniques-preparation-a-un-audit-ou-a-une-inspection\/\" \/>\n<meta property=\"og:locale\" content=\"fr_FR\" \/>\n<meta property=\"og:type\" content=\"article\" \/>\n<meta property=\"og:title\" content=\"Essais cliniques : Pr\u00e9paration \u00e0 un audit \u2013 Cours en ligne &amp; Certificat\" \/>\n<meta property=\"og:description\" content=\"Essais cliniques : Pr\u00e9paration \u00e0 un audit ou \u00e0 une inspection. Apprenez avec les meilleurs experts BPC et obtenez votre certification. Cours en ligne accr\u00e9dit\u00e9 DPC et UFC.\" \/>\n<meta property=\"og:url\" content=\"https:\/\/gxp-training.com\/fr\/online-course\/essais-cliniques-preparation-a-un-audit-ou-a-une-inspection\/\" \/>\n<meta property=\"og:site_name\" content=\"GxP Training : Certified Online Courses for Life Sciences\" \/>\n<meta property=\"og:image\" content=\"https:\/\/gxp-training.com\/wp-content\/uploads\/2022\/12\/clinical-trials-audit-inspection.png\" \/>\n\t<meta property=\"og:image:width\" content=\"900\" \/>\n\t<meta property=\"og:image:height\" content=\"627\" \/>\n\t<meta property=\"og:image:type\" content=\"image\/png\" \/>\n<meta name=\"twitter:card\" content=\"summary_large_image\" \/>\n<meta name=\"twitter:label1\" content=\"Dur\u00e9e de lecture estim\u00e9e\" \/>\n\t<meta name=\"twitter:data1\" content=\"1 minute\" \/>\n<script type=\"application\/ld+json\" class=\"yoast-schema-graph\">{\"@context\":\"https:\\\/\\\/schema.org\",\"@graph\":[{\"@type\":\"WebPage\",\"@id\":\"https:\\\/\\\/gxp-training.com\\\/fr\\\/online-course\\\/essais-cliniques-preparation-a-un-audit-ou-a-une-inspection\\\/\",\"url\":\"https:\\\/\\\/gxp-training.com\\\/fr\\\/online-course\\\/essais-cliniques-preparation-a-un-audit-ou-a-une-inspection\\\/\",\"name\":\"Essais cliniques : Pr\u00e9paration \u00e0 un audit \u2013 Cours en ligne & Certificat\",\"isPartOf\":{\"@id\":\"https:\\\/\\\/gxp-training.com\\\/fr\\\/#website\"},\"primaryImageOfPage\":{\"@id\":\"https:\\\/\\\/gxp-training.com\\\/fr\\\/online-course\\\/essais-cliniques-preparation-a-un-audit-ou-a-une-inspection\\\/#primaryimage\"},\"image\":{\"@id\":\"https:\\\/\\\/gxp-training.com\\\/fr\\\/online-course\\\/essais-cliniques-preparation-a-un-audit-ou-a-une-inspection\\\/#primaryimage\"},\"thumbnailUrl\":\"https:\\\/\\\/gxp-training.com\\\/wp-content\\\/uploads\\\/2022\\\/12\\\/clinical-trials-audit-inspection.png\",\"datePublished\":\"2022-12-12T15:07:15+00:00\",\"description\":\"Essais cliniques : Pr\u00e9paration \u00e0 un audit ou \u00e0 une inspection. Apprenez avec les meilleurs experts BPC et obtenez votre certification. Cours en ligne accr\u00e9dit\u00e9 DPC et UFC.\",\"breadcrumb\":{\"@id\":\"https:\\\/\\\/gxp-training.com\\\/fr\\\/online-course\\\/essais-cliniques-preparation-a-un-audit-ou-a-une-inspection\\\/#breadcrumb\"},\"inLanguage\":\"fr-FR\",\"potentialAction\":[{\"@type\":\"ReadAction\",\"target\":[\"https:\\\/\\\/gxp-training.com\\\/fr\\\/online-course\\\/essais-cliniques-preparation-a-un-audit-ou-a-une-inspection\\\/\"]}]},{\"@type\":\"ImageObject\",\"inLanguage\":\"fr-FR\",\"@id\":\"https:\\\/\\\/gxp-training.com\\\/fr\\\/online-course\\\/essais-cliniques-preparation-a-un-audit-ou-a-une-inspection\\\/#primaryimage\",\"url\":\"https:\\\/\\\/gxp-training.com\\\/wp-content\\\/uploads\\\/2022\\\/12\\\/clinical-trials-audit-inspection.png\",\"contentUrl\":\"https:\\\/\\\/gxp-training.com\\\/wp-content\\\/uploads\\\/2022\\\/12\\\/clinical-trials-audit-inspection.png\",\"width\":900,\"height\":627},{\"@type\":\"BreadcrumbList\",\"@id\":\"https:\\\/\\\/gxp-training.com\\\/fr\\\/online-course\\\/essais-cliniques-preparation-a-un-audit-ou-a-une-inspection\\\/#breadcrumb\",\"itemListElement\":[{\"@type\":\"ListItem\",\"position\":1,\"name\":\"Accueil\",\"item\":\"https:\\\/\\\/gxp-training.com\\\/fr\\\/page-daccueil\\\/\"},{\"@type\":\"ListItem\",\"position\":2,\"name\":\"Produits\",\"item\":\"https:\\\/\\\/gxp-training.com\\\/fr\\\/shop\\\/\"},{\"@type\":\"ListItem\",\"position\":3,\"name\":\"BPC : essais cliniques\",\"item\":\"https:\\\/\\\/gxp-training.com\\\/fr\\\/gxp-courses\\\/bpc-essais-cliniques\\\/\"},{\"@type\":\"ListItem\",\"position\":4,\"name\":\"Essais cliniques : Pr\u00e9paration \u00e0 un audit ou \u00e0 une inspection\"}]},{\"@type\":\"WebSite\",\"@id\":\"https:\\\/\\\/gxp-training.com\\\/fr\\\/#website\",\"url\":\"https:\\\/\\\/gxp-training.com\\\/fr\\\/\",\"name\":\"GxP Training : Certified Online Courses for Life Sciences\",\"description\":\"Online Trainings and Certified Courses in Regulatory Compliance for Pharmaceutical Experts\",\"publisher\":{\"@id\":\"https:\\\/\\\/gxp-training.com\\\/fr\\\/#organization\"},\"potentialAction\":[{\"@type\":\"SearchAction\",\"target\":{\"@type\":\"EntryPoint\",\"urlTemplate\":\"https:\\\/\\\/gxp-training.com\\\/fr\\\/?s={search_term_string}\"},\"query-input\":{\"@type\":\"PropertyValueSpecification\",\"valueRequired\":true,\"valueName\":\"search_term_string\"}}],\"inLanguage\":\"fr-FR\"},{\"@type\":\"Organization\",\"@id\":\"https:\\\/\\\/gxp-training.com\\\/fr\\\/#organization\",\"name\":\"GXP Training\",\"url\":\"https:\\\/\\\/gxp-training.com\\\/fr\\\/\",\"logo\":{\"@type\":\"ImageObject\",\"inLanguage\":\"fr-FR\",\"@id\":\"https:\\\/\\\/gxp-training.com\\\/fr\\\/#\\\/schema\\\/logo\\\/image\\\/\",\"url\":\"https:\\\/\\\/gxp-training.com\\\/wp-content\\\/uploads\\\/2022\\\/05\\\/logo-resize.png\",\"contentUrl\":\"https:\\\/\\\/gxp-training.com\\\/wp-content\\\/uploads\\\/2022\\\/05\\\/logo-resize.png\",\"width\":350,\"height\":100,\"caption\":\"GXP Training\"},\"image\":{\"@id\":\"https:\\\/\\\/gxp-training.com\\\/fr\\\/#\\\/schema\\\/logo\\\/image\\\/\"}}]}<\/script>\n<!-- \/ Yoast SEO plugin. -->","yoast_head_json":{"title":"Essais cliniques : Pr\u00e9paration \u00e0 un audit \u2013 Cours en ligne & Certificat","description":"Essais cliniques : Pr\u00e9paration \u00e0 un audit ou \u00e0 une inspection. Apprenez avec les meilleurs experts BPC et obtenez votre certification. Cours en ligne accr\u00e9dit\u00e9 DPC et UFC.","robots":{"index":"index","follow":"follow","max-snippet":"max-snippet:-1","max-image-preview":"max-image-preview:large","max-video-preview":"max-video-preview:-1"},"canonical":"https:\/\/gxp-training.com\/fr\/online-course\/essais-cliniques-preparation-a-un-audit-ou-a-une-inspection\/","og_locale":"fr_FR","og_type":"article","og_title":"Essais cliniques : Pr\u00e9paration \u00e0 un audit \u2013 Cours en ligne & Certificat","og_description":"Essais cliniques : Pr\u00e9paration \u00e0 un audit ou \u00e0 une inspection. Apprenez avec les meilleurs experts BPC et obtenez votre certification. Cours en ligne accr\u00e9dit\u00e9 DPC et UFC.","og_url":"https:\/\/gxp-training.com\/fr\/online-course\/essais-cliniques-preparation-a-un-audit-ou-a-une-inspection\/","og_site_name":"GxP Training : Certified Online Courses for Life Sciences","og_image":[{"width":900,"height":627,"url":"https:\/\/gxp-training.com\/wp-content\/uploads\/2022\/12\/clinical-trials-audit-inspection.png","type":"image\/png"}],"twitter_card":"summary_large_image","twitter_misc":{"Dur\u00e9e de lecture estim\u00e9e":"1 minute"},"schema":{"@context":"https:\/\/schema.org","@graph":[{"@type":"WebPage","@id":"https:\/\/gxp-training.com\/fr\/online-course\/essais-cliniques-preparation-a-un-audit-ou-a-une-inspection\/","url":"https:\/\/gxp-training.com\/fr\/online-course\/essais-cliniques-preparation-a-un-audit-ou-a-une-inspection\/","name":"Essais cliniques : Pr\u00e9paration \u00e0 un audit \u2013 Cours en ligne & Certificat","isPartOf":{"@id":"https:\/\/gxp-training.com\/fr\/#website"},"primaryImageOfPage":{"@id":"https:\/\/gxp-training.com\/fr\/online-course\/essais-cliniques-preparation-a-un-audit-ou-a-une-inspection\/#primaryimage"},"image":{"@id":"https:\/\/gxp-training.com\/fr\/online-course\/essais-cliniques-preparation-a-un-audit-ou-a-une-inspection\/#primaryimage"},"thumbnailUrl":"https:\/\/gxp-training.com\/wp-content\/uploads\/2022\/12\/clinical-trials-audit-inspection.png","datePublished":"2022-12-12T15:07:15+00:00","description":"Essais cliniques : Pr\u00e9paration \u00e0 un audit ou \u00e0 une inspection. Apprenez avec les meilleurs experts BPC et obtenez votre certification. Cours en ligne accr\u00e9dit\u00e9 DPC et UFC.","breadcrumb":{"@id":"https:\/\/gxp-training.com\/fr\/online-course\/essais-cliniques-preparation-a-un-audit-ou-a-une-inspection\/#breadcrumb"},"inLanguage":"fr-FR","potentialAction":[{"@type":"ReadAction","target":["https:\/\/gxp-training.com\/fr\/online-course\/essais-cliniques-preparation-a-un-audit-ou-a-une-inspection\/"]}]},{"@type":"ImageObject","inLanguage":"fr-FR","@id":"https:\/\/gxp-training.com\/fr\/online-course\/essais-cliniques-preparation-a-un-audit-ou-a-une-inspection\/#primaryimage","url":"https:\/\/gxp-training.com\/wp-content\/uploads\/2022\/12\/clinical-trials-audit-inspection.png","contentUrl":"https:\/\/gxp-training.com\/wp-content\/uploads\/2022\/12\/clinical-trials-audit-inspection.png","width":900,"height":627},{"@type":"BreadcrumbList","@id":"https:\/\/gxp-training.com\/fr\/online-course\/essais-cliniques-preparation-a-un-audit-ou-a-une-inspection\/#breadcrumb","itemListElement":[{"@type":"ListItem","position":1,"name":"Accueil","item":"https:\/\/gxp-training.com\/fr\/page-daccueil\/"},{"@type":"ListItem","position":2,"name":"Produits","item":"https:\/\/gxp-training.com\/fr\/shop\/"},{"@type":"ListItem","position":3,"name":"BPC : essais cliniques","item":"https:\/\/gxp-training.com\/fr\/gxp-courses\/bpc-essais-cliniques\/"},{"@type":"ListItem","position":4,"name":"Essais cliniques : Pr\u00e9paration \u00e0 un audit ou \u00e0 une inspection"}]},{"@type":"WebSite","@id":"https:\/\/gxp-training.com\/fr\/#website","url":"https:\/\/gxp-training.com\/fr\/","name":"GxP Training : Certified Online Courses for Life Sciences","description":"Online Trainings and Certified Courses in Regulatory Compliance for Pharmaceutical Experts","publisher":{"@id":"https:\/\/gxp-training.com\/fr\/#organization"},"potentialAction":[{"@type":"SearchAction","target":{"@type":"EntryPoint","urlTemplate":"https:\/\/gxp-training.com\/fr\/?s={search_term_string}"},"query-input":{"@type":"PropertyValueSpecification","valueRequired":true,"valueName":"search_term_string"}}],"inLanguage":"fr-FR"},{"@type":"Organization","@id":"https:\/\/gxp-training.com\/fr\/#organization","name":"GXP Training","url":"https:\/\/gxp-training.com\/fr\/","logo":{"@type":"ImageObject","inLanguage":"fr-FR","@id":"https:\/\/gxp-training.com\/fr\/#\/schema\/logo\/image\/","url":"https:\/\/gxp-training.com\/wp-content\/uploads\/2022\/05\/logo-resize.png","contentUrl":"https:\/\/gxp-training.com\/wp-content\/uploads\/2022\/05\/logo-resize.png","width":350,"height":100,"caption":"GXP Training"},"image":{"@id":"https:\/\/gxp-training.com\/fr\/#\/schema\/logo\/image\/"}}]}},"_links":{"self":[{"href":"https:\/\/gxp-training.com\/fr\/wp-json\/wp\/v2\/product\/57718","targetHints":{"allow":["GET"]}}],"collection":[{"href":"https:\/\/gxp-training.com\/fr\/wp-json\/wp\/v2\/product"}],"about":[{"href":"https:\/\/gxp-training.com\/fr\/wp-json\/wp\/v2\/types\/product"}],"wp:featuredmedia":[{"embeddable":true,"href":"https:\/\/gxp-training.com\/fr\/wp-json\/wp\/v2\/media\/43228"}],"wp:attachment":[{"href":"https:\/\/gxp-training.com\/fr\/wp-json\/wp\/v2\/media?parent=57718"}],"wp:term":[{"taxonomy":"product_brand","embeddable":true,"href":"https:\/\/gxp-training.com\/fr\/wp-json\/wp\/v2\/product_brand?post=57718"},{"taxonomy":"product_cat","embeddable":true,"href":"https:\/\/gxp-training.com\/fr\/wp-json\/wp\/v2\/product_cat?post=57718"},{"taxonomy":"product_tag","embeddable":true,"href":"https:\/\/gxp-training.com\/fr\/wp-json\/wp\/v2\/product_tag?post=57718"}],"curies":[{"name":"wp","href":"https:\/\/api.w.org\/{rel}","templated":true}]}}