{"id":57704,"date":"2025-04-17T11:00:41","date_gmt":"2025-04-17T10:00:41","guid":{"rendered":"https:\/\/gxp-training.com\/online-course\/formation-de-remise-a-niveau-en-bonnes-pratiques-cliniques-2026-revision-ich-bpc-e6r3\/"},"modified":"2025-04-17T11:00:41","modified_gmt":"2025-04-17T09:00:41","slug":"formation-de-remise-a-niveau-en-bonnes-pratiques-cliniques-2026-revision-ich-bpc-e6r3","status":"publish","type":"product","link":"https:\/\/gxp-training.com\/fr\/online-course\/formation-de-remise-a-niveau-en-bonnes-pratiques-cliniques-2026-revision-ich-bpc-e6r3\/","title":{"rendered":"Formation de Remise \u00e0 Niveau en Bonnes Pratiques Cliniques 2026 : R\u00e9vision ICH-BPC E6(R3)"},"content":{"rendered":"<p class=\"font-claude-response-body break-words whitespace-normal leading-[1.7]\">Restez \u00e0 jour avec les derni\u00e8res normes en <a href=\"https:\/\/gxp-training.com\/fr\/gxp-courses\/bpc-essais-cliniques\/\">Bonnes Pratiques Cliniques<\/a>. Cette formation de remise \u00e0 niveau a \u00e9t\u00e9 enti\u00e8rement actualis\u00e9e en mars 2026 pour refl\u00e9ter la r\u00e9vision ICH E6(R3) et s&rsquo;adresse aux professionnels de la recherche clinique poss\u00e9dant d\u00e9j\u00e0 des connaissances de base en BPC. <\/p>\n<p class=\"font-claude-response-body break-words whitespace-normal leading-[1.7]\">\u00c0 travers des exercices bas\u00e9s sur des sc\u00e9narios, des quiz pratiques et une \u00e9valuation finale, la formation vous aide \u00e0 identifier les lacunes de connaissances, \u00e0 consolider votre compr\u00e9hension et \u00e0 aligner vos pratiques quotidiennes avec les attentes \u00e9volutives des BPC. Un retour imm\u00e9diat est fourni tout au long du parcours, et les participants qui terminent la formation re\u00e7oivent un certificat de formation BPC-ICH accr\u00e9dit\u00e9 CPD\/CEU, directement accessible via notre plateforme d&rsquo;apprentissage. <\/p>\n<p>&nbsp;<\/p>\n<p><b>\u00c0 qui s&rsquo;adresse cette formation ?<\/b><\/p>\n<p class=\"\" data-start=\"1290\" data-end=\"1669\">Cette formation de remise \u00e0 niveau en BPC est con\u00e7ue pour les professionnels de la recherche clinique. Elle s&rsquo;adresse aux investigateurs, promoteurs, coordinateurs d&rsquo;\u00e9tudes, assistants d&rsquo;essais cliniques et membres de comit\u00e9s d&rsquo;\u00e9thique. Cette formation certifi\u00e9e est id\u00e9ale pour ceux qui souhaitent aligner leurs pratiques avec les derni\u00e8res directives ICH E6(R3) et maintenir des normes de haute qualit\u00e9 dans les essais cliniques.  <\/p>\n<p>&nbsp;<\/p>\n<p><b>Th\u00e8mes abord\u00e9s dans la formation<\/b><\/p>\n<ul>\n<li style=\"font-weight: 400;\">Quelles sont les nouveaut\u00e9s de l&rsquo;ICH-BPC E6(R3) ?<\/li>\n<li style=\"font-weight: 400;\">Comment les principes des BPC ont-ils \u00e9volu\u00e9 ?<\/li>\n<li style=\"font-weight: 400;\">Quel est le r\u00f4le actualis\u00e9 de l&rsquo;IRB\/IEC ?<\/li>\n<li style=\"font-weight: 400;\">Que doivent d\u00e9sormais garantir les investigateurs ?<\/li>\n<li style=\"font-weight: 400;\">De quoi les <a href=\"https:\/\/gxp-training.com\/fr\/online-course\/gestion-des-etudes-sponsorisees-par-des-tiers\/\">promoteurs<\/a> sont-ils responsables ?<\/li>\n<li style=\"font-weight: 400;\">Comment la gouvernance des donn\u00e9es \u00e9volue-t-elle ?<\/li>\n<li style=\"font-weight: 400;\">Qu&rsquo;attend-on dans la Brochure Investigateur ?<\/li>\n<li style=\"font-weight: 400;\">Comment les protocoles doivent-ils \u00eatre con\u00e7us ou amend\u00e9s ?<\/li>\n<li style=\"font-weight: 400;\">Quels documents sont essentiels pour les essais ?<\/li>\n<li style=\"font-weight: 400;\">Comment les BPC peuvent-elles \u00eatre appliqu\u00e9es dans des situations r\u00e9elles ?<\/li>\n<\/ul>\n<p>&nbsp;<\/p>\n<p><span style=\"font-weight: 400;\">Cette formation certifi\u00e9e int\u00e8gre des exemples concrets et des \u00e9valuations pour faciliter une exp\u00e9rience d&rsquo;apprentissage compl\u00e8te et appliqu\u00e9e. \u00c0 l&rsquo;issue de la formation, les participants recevront un certificat de formation BPC-ICH reconnu mondialement, accr\u00e9dit\u00e9 avec des cr\u00e9dits CPD\/CEU.  <\/span><\/p>\n<p>&nbsp;<\/p>\n<h3>Programme :<\/h3>\n<p>&nbsp;<\/p>\n<p><strong>Le\u00e7on 1 : Introduction<\/strong><\/p>\n<p>&nbsp;<\/p>\n<p><strong>Le\u00e7on 2 : D\u00e9finitions des termes cl\u00e9s utilis\u00e9s dans les BPC<\/strong><\/p>\n<p>&nbsp;<\/p>\n<p><strong>Le\u00e7on 3 : Les 11 principes de l&rsquo;ICH-BPC (R3)<\/strong><\/p>\n<p>&nbsp;<\/p>\n<p><strong>Le\u00e7on 4 : Comit\u00e9 d&rsquo;examen institutionnel (IRB)\/Comit\u00e9 d&rsquo;\u00e9thique ind\u00e9pendant (IEC)<\/strong><\/p>\n<p>&nbsp;<\/p>\n<p><strong>Le\u00e7on 5 : Responsabilit\u00e9s de l&rsquo;investigateur<\/strong><\/p>\n<p>&nbsp;<\/p>\n<p><strong>Le\u00e7on 6 : Responsabilit\u00e9s du promoteur<\/strong><\/p>\n<p>&nbsp;<\/p>\n<p><strong>Le\u00e7on 6 : Gouvernance des donn\u00e9es pour l&rsquo;investigateur et le promoteur<\/strong><\/p>\n<p>&nbsp;<\/p>\n<p><strong>Le\u00e7on 7 : Protocole d&rsquo;essai clinique et amendements au protocole<\/strong><\/p>\n<p>&nbsp;<\/p>\n<p><strong>Le\u00e7on 8 : Brochure Investigateur<\/strong><\/p>\n<p>&nbsp;<\/p>\n<p><strong>Le\u00e7on 9 : Documents et dossiers essentiels pour la conduite d&rsquo;un essai clinique<\/strong><\/p>\n<p>&nbsp;<\/p>\n<p><strong>Conclusion<\/strong><\/p>\n<p>&nbsp;<\/p>\n<p><strong>Glossaire<\/strong><\/p>\n<p>&nbsp;<\/p>\n<p><strong>\u00c9valuation<\/strong><\/p>\n","protected":false},"excerpt":{"rendered":"<p>Restez \u00e0 jour avec les derni\u00e8res normes en Bonnes Pratiques Cliniques. Cette formation de remise \u00e0 niveau a \u00e9t\u00e9 enti\u00e8rement actualis\u00e9e en mars 2026 pour refl\u00e9ter la r\u00e9vision ICH E6(R3) et s&rsquo;adresse aux professionnels de la recherche clinique poss\u00e9dant d\u00e9j\u00e0 des connaissances de base en BPC. \u00c0 travers des exercices bas\u00e9s sur des sc\u00e9narios, des [&hellip;]<\/p>\n","protected":false},"featured_media":55215,"template":"","meta":{"_acf_changed":false,"content-type":""},"product_brand":[],"product_cat":[274],"product_tag":[],"class_list":{"0":"post-57704","1":"product","2":"type-product","3":"status-publish","4":"has-post-thumbnail","6":"product_cat-bpc-essais-cliniques","8":"first","9":"instock","10":"taxable","11":"shipping-taxable","12":"purchasable","13":"product-type-subscription"},"bundled_by":[],"bundle_stock_status":"instock","bundle_stock_quantity":null,"bundle_virtual":false,"bundle_layout":"","bundle_add_to_cart_form_location":"","bundle_editable_in_cart":false,"bundle_sold_individually_context":"","bundle_item_grouping":"","bundle_min_size":"","bundle_max_size":"","bundle_price":[],"bundled_items":[],"bundle_sell_ids":[],"acf":[],"yoast_head":"<!-- This site is optimized with the Yoast SEO plugin v27.5 - https:\/\/yoast.com\/product\/yoast-seo-wordpress\/ -->\n<title>Formation Certifi\u00e9e de Remise \u00e0 Niveau ICH-BPC E6(R3) : Bonnes Pratiques Cliniques 2026<\/title>\n<meta name=\"description\" content=\"Actualisez vos connaissances en BPC avec cette formation certifi\u00e9e ICH-BPC E6(R3). Restez conforme, appliquez les BPC dans des situations r\u00e9elles et obtenez une certification CPD\/CEU en ligne.\" \/>\n<meta name=\"robots\" content=\"index, follow, max-snippet:-1, max-image-preview:large, max-video-preview:-1\" \/>\n<link rel=\"canonical\" href=\"https:\/\/gxp-training.com\/fr\/online-course\/formation-de-remise-a-niveau-en-bonnes-pratiques-cliniques-2026-revision-ich-bpc-e6r3\/\" \/>\n<meta property=\"og:locale\" content=\"fr_FR\" \/>\n<meta property=\"og:type\" content=\"article\" \/>\n<meta property=\"og:title\" content=\"Formation Certifi\u00e9e de Remise \u00e0 Niveau ICH-BPC E6(R3) : Bonnes Pratiques Cliniques 2026\" \/>\n<meta property=\"og:description\" content=\"Actualisez vos connaissances en BPC avec cette formation certifi\u00e9e ICH-BPC E6(R3). Restez conforme, appliquez les BPC dans des situations r\u00e9elles et obtenez une certification CPD\/CEU en ligne.\" \/>\n<meta property=\"og:url\" content=\"https:\/\/gxp-training.com\/fr\/online-course\/formation-de-remise-a-niveau-en-bonnes-pratiques-cliniques-2026-revision-ich-bpc-e6r3\/\" \/>\n<meta property=\"og:site_name\" content=\"GxP Training : Certified Online Courses for Life Sciences\" \/>\n<meta property=\"og:image\" content=\"https:\/\/gxp-training.com\/wp-content\/uploads\/2025\/04\/GCP-Refresher-2026-Good-Clinical-Practice.png\" \/>\n\t<meta property=\"og:image:width\" content=\"900\" \/>\n\t<meta property=\"og:image:height\" content=\"627\" \/>\n\t<meta property=\"og:image:type\" content=\"image\/png\" \/>\n<meta name=\"twitter:card\" content=\"summary_large_image\" \/>\n<meta name=\"twitter:label1\" content=\"Dur\u00e9e de lecture estim\u00e9e\" \/>\n\t<meta name=\"twitter:data1\" content=\"2 minutes\" \/>\n<script type=\"application\/ld+json\" class=\"yoast-schema-graph\">{\"@context\":\"https:\\\/\\\/schema.org\",\"@graph\":[{\"@type\":\"WebPage\",\"@id\":\"https:\\\/\\\/gxp-training.com\\\/fr\\\/online-course\\\/formation-de-remise-a-niveau-en-bonnes-pratiques-cliniques-2026-revision-ich-bpc-e6r3\\\/\",\"url\":\"https:\\\/\\\/gxp-training.com\\\/fr\\\/online-course\\\/formation-de-remise-a-niveau-en-bonnes-pratiques-cliniques-2026-revision-ich-bpc-e6r3\\\/\",\"name\":\"Formation Certifi\u00e9e de Remise \u00e0 Niveau ICH-BPC E6(R3) : Bonnes Pratiques Cliniques 2026\",\"isPartOf\":{\"@id\":\"https:\\\/\\\/gxp-training.com\\\/fr\\\/#website\"},\"primaryImageOfPage\":{\"@id\":\"https:\\\/\\\/gxp-training.com\\\/fr\\\/online-course\\\/formation-de-remise-a-niveau-en-bonnes-pratiques-cliniques-2026-revision-ich-bpc-e6r3\\\/#primaryimage\"},\"image\":{\"@id\":\"https:\\\/\\\/gxp-training.com\\\/fr\\\/online-course\\\/formation-de-remise-a-niveau-en-bonnes-pratiques-cliniques-2026-revision-ich-bpc-e6r3\\\/#primaryimage\"},\"thumbnailUrl\":\"https:\\\/\\\/gxp-training.com\\\/wp-content\\\/uploads\\\/2025\\\/04\\\/GCP-Refresher-2026-Good-Clinical-Practice.png\",\"datePublished\":\"2025-04-17T10:00:41+00:00\",\"description\":\"Actualisez vos connaissances en BPC avec cette formation certifi\u00e9e ICH-BPC E6(R3). Restez conforme, appliquez les BPC dans des situations r\u00e9elles et obtenez une certification CPD\\\/CEU en ligne.\",\"breadcrumb\":{\"@id\":\"https:\\\/\\\/gxp-training.com\\\/fr\\\/online-course\\\/formation-de-remise-a-niveau-en-bonnes-pratiques-cliniques-2026-revision-ich-bpc-e6r3\\\/#breadcrumb\"},\"inLanguage\":\"fr-FR\",\"potentialAction\":[{\"@type\":\"ReadAction\",\"target\":[\"https:\\\/\\\/gxp-training.com\\\/fr\\\/online-course\\\/formation-de-remise-a-niveau-en-bonnes-pratiques-cliniques-2026-revision-ich-bpc-e6r3\\\/\"]}]},{\"@type\":\"ImageObject\",\"inLanguage\":\"fr-FR\",\"@id\":\"https:\\\/\\\/gxp-training.com\\\/fr\\\/online-course\\\/formation-de-remise-a-niveau-en-bonnes-pratiques-cliniques-2026-revision-ich-bpc-e6r3\\\/#primaryimage\",\"url\":\"https:\\\/\\\/gxp-training.com\\\/wp-content\\\/uploads\\\/2025\\\/04\\\/GCP-Refresher-2026-Good-Clinical-Practice.png\",\"contentUrl\":\"https:\\\/\\\/gxp-training.com\\\/wp-content\\\/uploads\\\/2025\\\/04\\\/GCP-Refresher-2026-Good-Clinical-Practice.png\",\"width\":900,\"height\":627},{\"@type\":\"BreadcrumbList\",\"@id\":\"https:\\\/\\\/gxp-training.com\\\/fr\\\/online-course\\\/formation-de-remise-a-niveau-en-bonnes-pratiques-cliniques-2026-revision-ich-bpc-e6r3\\\/#breadcrumb\",\"itemListElement\":[{\"@type\":\"ListItem\",\"position\":1,\"name\":\"Accueil\",\"item\":\"https:\\\/\\\/gxp-training.com\\\/fr\\\/page-daccueil\\\/\"},{\"@type\":\"ListItem\",\"position\":2,\"name\":\"Produits\",\"item\":\"https:\\\/\\\/gxp-training.com\\\/fr\\\/shop\\\/\"},{\"@type\":\"ListItem\",\"position\":3,\"name\":\"Formation de Remise \u00e0 Niveau en Bonnes Pratiques Cliniques 2026 : R\u00e9vision ICH-BPC E6(R3)\"}]},{\"@type\":\"WebSite\",\"@id\":\"https:\\\/\\\/gxp-training.com\\\/fr\\\/#website\",\"url\":\"https:\\\/\\\/gxp-training.com\\\/fr\\\/\",\"name\":\"GxP Training : Certified Online Courses for Life Sciences\",\"description\":\"Online Trainings and Certified Courses in Regulatory Compliance for Pharmaceutical Experts\",\"publisher\":{\"@id\":\"https:\\\/\\\/gxp-training.com\\\/fr\\\/#organization\"},\"potentialAction\":[{\"@type\":\"SearchAction\",\"target\":{\"@type\":\"EntryPoint\",\"urlTemplate\":\"https:\\\/\\\/gxp-training.com\\\/fr\\\/?s={search_term_string}\"},\"query-input\":{\"@type\":\"PropertyValueSpecification\",\"valueRequired\":true,\"valueName\":\"search_term_string\"}}],\"inLanguage\":\"fr-FR\"},{\"@type\":\"Organization\",\"@id\":\"https:\\\/\\\/gxp-training.com\\\/fr\\\/#organization\",\"name\":\"GXP Training\",\"url\":\"https:\\\/\\\/gxp-training.com\\\/fr\\\/\",\"logo\":{\"@type\":\"ImageObject\",\"inLanguage\":\"fr-FR\",\"@id\":\"https:\\\/\\\/gxp-training.com\\\/fr\\\/#\\\/schema\\\/logo\\\/image\\\/\",\"url\":\"https:\\\/\\\/gxp-training.com\\\/wp-content\\\/uploads\\\/2022\\\/05\\\/logo-resize.png\",\"contentUrl\":\"https:\\\/\\\/gxp-training.com\\\/wp-content\\\/uploads\\\/2022\\\/05\\\/logo-resize.png\",\"width\":350,\"height\":100,\"caption\":\"GXP Training\"},\"image\":{\"@id\":\"https:\\\/\\\/gxp-training.com\\\/fr\\\/#\\\/schema\\\/logo\\\/image\\\/\"}}]}<\/script>\n<!-- \/ Yoast SEO plugin. -->","yoast_head_json":{"title":"Formation Certifi\u00e9e de Remise \u00e0 Niveau ICH-BPC E6(R3) : Bonnes Pratiques Cliniques 2026","description":"Actualisez vos connaissances en BPC avec cette formation certifi\u00e9e ICH-BPC E6(R3). Restez conforme, appliquez les BPC dans des situations r\u00e9elles et obtenez une certification CPD\/CEU en ligne.","robots":{"index":"index","follow":"follow","max-snippet":"max-snippet:-1","max-image-preview":"max-image-preview:large","max-video-preview":"max-video-preview:-1"},"canonical":"https:\/\/gxp-training.com\/fr\/online-course\/formation-de-remise-a-niveau-en-bonnes-pratiques-cliniques-2026-revision-ich-bpc-e6r3\/","og_locale":"fr_FR","og_type":"article","og_title":"Formation Certifi\u00e9e de Remise \u00e0 Niveau ICH-BPC E6(R3) : Bonnes Pratiques Cliniques 2026","og_description":"Actualisez vos connaissances en BPC avec cette formation certifi\u00e9e ICH-BPC E6(R3). Restez conforme, appliquez les BPC dans des situations r\u00e9elles et obtenez une certification CPD\/CEU en ligne.","og_url":"https:\/\/gxp-training.com\/fr\/online-course\/formation-de-remise-a-niveau-en-bonnes-pratiques-cliniques-2026-revision-ich-bpc-e6r3\/","og_site_name":"GxP Training : Certified Online Courses for Life Sciences","og_image":[{"width":900,"height":627,"url":"https:\/\/gxp-training.com\/wp-content\/uploads\/2025\/04\/GCP-Refresher-2026-Good-Clinical-Practice.png","type":"image\/png"}],"twitter_card":"summary_large_image","twitter_misc":{"Dur\u00e9e de lecture estim\u00e9e":"2 minutes"},"schema":{"@context":"https:\/\/schema.org","@graph":[{"@type":"WebPage","@id":"https:\/\/gxp-training.com\/fr\/online-course\/formation-de-remise-a-niveau-en-bonnes-pratiques-cliniques-2026-revision-ich-bpc-e6r3\/","url":"https:\/\/gxp-training.com\/fr\/online-course\/formation-de-remise-a-niveau-en-bonnes-pratiques-cliniques-2026-revision-ich-bpc-e6r3\/","name":"Formation Certifi\u00e9e de Remise \u00e0 Niveau ICH-BPC E6(R3) : Bonnes Pratiques Cliniques 2026","isPartOf":{"@id":"https:\/\/gxp-training.com\/fr\/#website"},"primaryImageOfPage":{"@id":"https:\/\/gxp-training.com\/fr\/online-course\/formation-de-remise-a-niveau-en-bonnes-pratiques-cliniques-2026-revision-ich-bpc-e6r3\/#primaryimage"},"image":{"@id":"https:\/\/gxp-training.com\/fr\/online-course\/formation-de-remise-a-niveau-en-bonnes-pratiques-cliniques-2026-revision-ich-bpc-e6r3\/#primaryimage"},"thumbnailUrl":"https:\/\/gxp-training.com\/wp-content\/uploads\/2025\/04\/GCP-Refresher-2026-Good-Clinical-Practice.png","datePublished":"2025-04-17T10:00:41+00:00","description":"Actualisez vos connaissances en BPC avec cette formation certifi\u00e9e ICH-BPC E6(R3). Restez conforme, appliquez les BPC dans des situations r\u00e9elles et obtenez une certification CPD\/CEU en ligne.","breadcrumb":{"@id":"https:\/\/gxp-training.com\/fr\/online-course\/formation-de-remise-a-niveau-en-bonnes-pratiques-cliniques-2026-revision-ich-bpc-e6r3\/#breadcrumb"},"inLanguage":"fr-FR","potentialAction":[{"@type":"ReadAction","target":["https:\/\/gxp-training.com\/fr\/online-course\/formation-de-remise-a-niveau-en-bonnes-pratiques-cliniques-2026-revision-ich-bpc-e6r3\/"]}]},{"@type":"ImageObject","inLanguage":"fr-FR","@id":"https:\/\/gxp-training.com\/fr\/online-course\/formation-de-remise-a-niveau-en-bonnes-pratiques-cliniques-2026-revision-ich-bpc-e6r3\/#primaryimage","url":"https:\/\/gxp-training.com\/wp-content\/uploads\/2025\/04\/GCP-Refresher-2026-Good-Clinical-Practice.png","contentUrl":"https:\/\/gxp-training.com\/wp-content\/uploads\/2025\/04\/GCP-Refresher-2026-Good-Clinical-Practice.png","width":900,"height":627},{"@type":"BreadcrumbList","@id":"https:\/\/gxp-training.com\/fr\/online-course\/formation-de-remise-a-niveau-en-bonnes-pratiques-cliniques-2026-revision-ich-bpc-e6r3\/#breadcrumb","itemListElement":[{"@type":"ListItem","position":1,"name":"Accueil","item":"https:\/\/gxp-training.com\/fr\/page-daccueil\/"},{"@type":"ListItem","position":2,"name":"Produits","item":"https:\/\/gxp-training.com\/fr\/shop\/"},{"@type":"ListItem","position":3,"name":"Formation de Remise \u00e0 Niveau en Bonnes Pratiques Cliniques 2026 : R\u00e9vision ICH-BPC E6(R3)"}]},{"@type":"WebSite","@id":"https:\/\/gxp-training.com\/fr\/#website","url":"https:\/\/gxp-training.com\/fr\/","name":"GxP Training : Certified Online Courses for Life Sciences","description":"Online Trainings and Certified Courses in Regulatory Compliance for Pharmaceutical Experts","publisher":{"@id":"https:\/\/gxp-training.com\/fr\/#organization"},"potentialAction":[{"@type":"SearchAction","target":{"@type":"EntryPoint","urlTemplate":"https:\/\/gxp-training.com\/fr\/?s={search_term_string}"},"query-input":{"@type":"PropertyValueSpecification","valueRequired":true,"valueName":"search_term_string"}}],"inLanguage":"fr-FR"},{"@type":"Organization","@id":"https:\/\/gxp-training.com\/fr\/#organization","name":"GXP Training","url":"https:\/\/gxp-training.com\/fr\/","logo":{"@type":"ImageObject","inLanguage":"fr-FR","@id":"https:\/\/gxp-training.com\/fr\/#\/schema\/logo\/image\/","url":"https:\/\/gxp-training.com\/wp-content\/uploads\/2022\/05\/logo-resize.png","contentUrl":"https:\/\/gxp-training.com\/wp-content\/uploads\/2022\/05\/logo-resize.png","width":350,"height":100,"caption":"GXP Training"},"image":{"@id":"https:\/\/gxp-training.com\/fr\/#\/schema\/logo\/image\/"}}]}},"_links":{"self":[{"href":"https:\/\/gxp-training.com\/fr\/wp-json\/wp\/v2\/product\/57704","targetHints":{"allow":["GET"]}}],"collection":[{"href":"https:\/\/gxp-training.com\/fr\/wp-json\/wp\/v2\/product"}],"about":[{"href":"https:\/\/gxp-training.com\/fr\/wp-json\/wp\/v2\/types\/product"}],"wp:featuredmedia":[{"embeddable":true,"href":"https:\/\/gxp-training.com\/fr\/wp-json\/wp\/v2\/media\/55215"}],"wp:attachment":[{"href":"https:\/\/gxp-training.com\/fr\/wp-json\/wp\/v2\/media?parent=57704"}],"wp:term":[{"taxonomy":"product_brand","embeddable":true,"href":"https:\/\/gxp-training.com\/fr\/wp-json\/wp\/v2\/product_brand?post=57704"},{"taxonomy":"product_cat","embeddable":true,"href":"https:\/\/gxp-training.com\/fr\/wp-json\/wp\/v2\/product_cat?post=57704"},{"taxonomy":"product_tag","embeddable":true,"href":"https:\/\/gxp-training.com\/fr\/wp-json\/wp\/v2\/product_tag?post=57704"}],"curies":[{"name":"wp","href":"https:\/\/api.w.org\/{rel}","templated":true}]}}