{"id":57693,"date":"2023-05-15T16:09:15","date_gmt":"2023-05-15T15:09:15","guid":{"rendered":"https:\/\/gxp-training.com\/online-course\/entrepots-pharmaceutiques-pratiques-de-stockage\/"},"modified":"2023-05-15T16:09:15","modified_gmt":"2023-05-15T14:09:15","slug":"entrepots-pharmaceutiques-pratiques-de-stockage","status":"publish","type":"product","link":"https:\/\/gxp-training.com\/fr\/online-course\/entrepots-pharmaceutiques-pratiques-de-stockage\/","title":{"rendered":"Entrep\u00f4ts pharmaceutiques \/ Pratiques de stockage"},"content":{"rendered":"<p>Le cours \u00ab Pratiques des entrep\u00f4ts pharmaceutiques \u00bb est con\u00e7u pour fournir une compr\u00e9hension des principes et pratiques cl\u00e9s impliqu\u00e9s dans le stockage, la manipulation et la distribution s\u00fbrs et efficaces des produits pharmaceutiques. Vous, ou vos employ\u00e9s, d\u00e9couvrirez les exigences r\u00e9glementaires r\u00e9gissant l\u2019entreposage pharmaceutique, y compris les <a href=\"https:\/\/gxp-training.com\/fr\/gxp-courses\/bpf-bonnes-pratiques-de-fabrication\/\">Bonnes Pratiques de Fabrication (BPF)<\/a> et les <a href=\"https:\/\/gxp-training.com\/fr\/online-course\/bonnes-pratiques-de-distribution\/\">Bonnes Pratiques de Distribution (BPD)<\/a>. Ils exploreront \u00e9galement les meilleures pratiques pour la gestion des stocks, le traitement des commandes et le contr\u00f4le de la qualit\u00e9 au sein des entrep\u00f4ts pharmaceutiques. \u00c0 la fin du cours, les apprenants disposeront d\u2019une base solide de comp\u00e9tences et de connaissances requises pour travailler dans le secteur de l\u2019entreposage pharmaceutique.   <\/p>\n<div class=\"jet-listing jet-listing-dynamic-field display-inline\">\n<div class=\"jet-listing-dynamic-field__inline-wrap\">\n<div class=\"jet-listing-dynamic-field__content\">\n<p>Dans ce cours, nous proposons une synth\u00e8se du sujet \u00e0 travers une exp\u00e9rience interactive en ligne. Ce mat\u00e9riel a \u00e9t\u00e9 \u00e9labor\u00e9 par une \u00e9quipe d\u2019experts en affaires r\u00e9glementaires dipl\u00f4m\u00e9s de l\u2019Universit\u00e9 Northeastern de Boston, pilot\u00e9e par un membre senior capable d\u2019articuler la th\u00e9orie avec la pratique. <\/p>\n<\/div>\n<\/div>\n<\/div>\n<h3>Programme :<\/h3>\n<p>&nbsp;<\/p>\n<p><strong>Introduction<\/strong><\/p>\n<p>&nbsp;<\/p>\n<p><strong>Le\u00e7on 1 : Pourquoi les BPF sont-elles importantes pour les entrep\u00f4ts ?<\/strong><\/p>\n<p>&nbsp;<\/p>\n<p><strong>Le\u00e7on 2 : Agencement typique d\u2019un entrep\u00f4t<\/strong><\/p>\n<p>&nbsp;<\/p>\n<p><strong>Le\u00e7on 3 : GWP &#8211; Organisation et gestion d\u2019un entrep\u00f4t pharmaceutique<\/strong><\/p>\n<p>&nbsp;<\/p>\n<p><strong>Le\u00e7on 4 : Bonnes pratiques de stockage et d\u2019entreposage<\/strong><\/p>\n<p>&nbsp;<\/p>\n<p><strong>Le\u00e7on 5 : Bonnes pratiques d\u2019entreposage pour la r\u00e9ception et l\u2019\u00e9mission de mat\u00e9riel<\/strong><\/p>\n<p>&nbsp;<\/p>\n<p><strong>Le\u00e7on 6 : Bonnes pratiques pour les produits finis et la gestion des retours<\/strong><\/p>\n<p>&nbsp;<\/p>\n<p><strong>Le\u00e7on 7 : Documentation<\/strong><\/p>\n<p>&nbsp;<\/p>\n<p><strong>Glossaire<\/strong><\/p>\n<p>&nbsp;<\/p>\n<p><strong>\u00c9valuation<\/strong><\/p>\n","protected":false},"excerpt":{"rendered":"<p>Le cours \u00ab Pratiques des entrep\u00f4ts pharmaceutiques \u00bb est con\u00e7u pour fournir une compr\u00e9hension des principes et pratiques cl\u00e9s impliqu\u00e9s dans le stockage, la manipulation et la distribution s\u00fbrs et efficaces des produits pharmaceutiques. Vous, ou vos employ\u00e9s, d\u00e9couvrirez les exigences r\u00e9glementaires r\u00e9gissant l\u2019entreposage pharmaceutique, y compris les Bonnes Pratiques de Fabrication (BPF) et les [&hellip;]<\/p>\n","protected":false},"featured_media":43937,"template":"","meta":{"_acf_changed":false,"content-type":""},"product_brand":[],"product_cat":[281,254,258],"product_tag":[],"class_list":{"0":"post-57693","1":"product","2":"type-product","3":"status-publish","4":"has-post-thumbnail","6":"product_cat-bpd-bonnes-pratiques-de-distribution","7":"product_cat-bpf-bonnes-pratiques-de-fabrication","8":"product_cat-pharmaceutique","10":"first","11":"instock","12":"taxable","13":"shipping-taxable","14":"purchasable","15":"product-type-subscription"},"bundled_by":[],"bundle_stock_status":"instock","bundle_stock_quantity":null,"bundle_virtual":false,"bundle_layout":"","bundle_add_to_cart_form_location":"","bundle_editable_in_cart":false,"bundle_sold_individually_context":"","bundle_item_grouping":"","bundle_min_size":"","bundle_max_size":"","bundle_price":[],"bundled_items":[],"bundle_sell_ids":[],"acf":[],"yoast_head":"<!-- This site is optimized with the Yoast SEO plugin v27.5 - https:\/\/yoast.com\/product\/yoast-seo-wordpress\/ -->\n<title>Cours et certification sur les pratiques des entrep\u00f4ts pharmaceutiques<\/title>\n<meta name=\"description\" content=\"Obtenez votre certification en pratiques des entrep\u00f4ts pharmaceutiques : cours en ligne pour les professionnels de la pharma. Inscrivez-vous d\u00e8s maintenant et obtenez vos cr\u00e9dits CPD et CEU.\" \/>\n<meta name=\"robots\" content=\"index, follow, max-snippet:-1, max-image-preview:large, max-video-preview:-1\" \/>\n<link rel=\"canonical\" href=\"https:\/\/gxp-training.com\/fr\/online-course\/entrepots-pharmaceutiques-pratiques-de-stockage\/\" \/>\n<meta property=\"og:locale\" content=\"fr_FR\" \/>\n<meta property=\"og:type\" content=\"article\" \/>\n<meta property=\"og:title\" content=\"Cours et certification sur les pratiques des entrep\u00f4ts pharmaceutiques\" \/>\n<meta property=\"og:description\" content=\"Obtenez votre certification en pratiques des entrep\u00f4ts pharmaceutiques : cours en ligne pour les professionnels de la pharma. Inscrivez-vous d\u00e8s maintenant et obtenez vos cr\u00e9dits CPD et CEU.\" \/>\n<meta property=\"og:url\" content=\"https:\/\/gxp-training.com\/fr\/online-course\/entrepots-pharmaceutiques-pratiques-de-stockage\/\" \/>\n<meta property=\"og:site_name\" content=\"GxP Training : Certified Online Courses for Life Sciences\" \/>\n<meta property=\"og:image\" content=\"https:\/\/gxp-training.com\/wp-content\/uploads\/2023\/05\/Warehouses.jpg\" \/>\n\t<meta property=\"og:image:width\" content=\"900\" \/>\n\t<meta property=\"og:image:height\" content=\"627\" \/>\n\t<meta property=\"og:image:type\" content=\"image\/jpeg\" \/>\n<meta name=\"twitter:card\" content=\"summary_large_image\" \/>\n<meta name=\"twitter:label1\" content=\"Dur\u00e9e de lecture estim\u00e9e\" \/>\n\t<meta name=\"twitter:data1\" content=\"1 minute\" \/>\n<script type=\"application\/ld+json\" class=\"yoast-schema-graph\">{\"@context\":\"https:\\\/\\\/schema.org\",\"@graph\":[{\"@type\":\"WebPage\",\"@id\":\"https:\\\/\\\/gxp-training.com\\\/fr\\\/online-course\\\/entrepots-pharmaceutiques-pratiques-de-stockage\\\/\",\"url\":\"https:\\\/\\\/gxp-training.com\\\/fr\\\/online-course\\\/entrepots-pharmaceutiques-pratiques-de-stockage\\\/\",\"name\":\"Cours et certification sur les pratiques des entrep\u00f4ts pharmaceutiques\",\"isPartOf\":{\"@id\":\"https:\\\/\\\/gxp-training.com\\\/fr\\\/#website\"},\"primaryImageOfPage\":{\"@id\":\"https:\\\/\\\/gxp-training.com\\\/fr\\\/online-course\\\/entrepots-pharmaceutiques-pratiques-de-stockage\\\/#primaryimage\"},\"image\":{\"@id\":\"https:\\\/\\\/gxp-training.com\\\/fr\\\/online-course\\\/entrepots-pharmaceutiques-pratiques-de-stockage\\\/#primaryimage\"},\"thumbnailUrl\":\"https:\\\/\\\/gxp-training.com\\\/wp-content\\\/uploads\\\/2023\\\/05\\\/Warehouses.jpg\",\"datePublished\":\"2023-05-15T15:09:15+00:00\",\"description\":\"Obtenez votre certification en pratiques des entrep\u00f4ts pharmaceutiques : cours en ligne pour les professionnels de la pharma. Inscrivez-vous d\u00e8s maintenant et obtenez vos cr\u00e9dits CPD et CEU.\",\"breadcrumb\":{\"@id\":\"https:\\\/\\\/gxp-training.com\\\/fr\\\/online-course\\\/entrepots-pharmaceutiques-pratiques-de-stockage\\\/#breadcrumb\"},\"inLanguage\":\"fr-FR\",\"potentialAction\":[{\"@type\":\"ReadAction\",\"target\":[\"https:\\\/\\\/gxp-training.com\\\/fr\\\/online-course\\\/entrepots-pharmaceutiques-pratiques-de-stockage\\\/\"]}]},{\"@type\":\"ImageObject\",\"inLanguage\":\"fr-FR\",\"@id\":\"https:\\\/\\\/gxp-training.com\\\/fr\\\/online-course\\\/entrepots-pharmaceutiques-pratiques-de-stockage\\\/#primaryimage\",\"url\":\"https:\\\/\\\/gxp-training.com\\\/wp-content\\\/uploads\\\/2023\\\/05\\\/Warehouses.jpg\",\"contentUrl\":\"https:\\\/\\\/gxp-training.com\\\/wp-content\\\/uploads\\\/2023\\\/05\\\/Warehouses.jpg\",\"width\":900,\"height\":627},{\"@type\":\"BreadcrumbList\",\"@id\":\"https:\\\/\\\/gxp-training.com\\\/fr\\\/online-course\\\/entrepots-pharmaceutiques-pratiques-de-stockage\\\/#breadcrumb\",\"itemListElement\":[{\"@type\":\"ListItem\",\"position\":1,\"name\":\"Accueil\",\"item\":\"https:\\\/\\\/gxp-training.com\\\/fr\\\/page-daccueil\\\/\"},{\"@type\":\"ListItem\",\"position\":2,\"name\":\"Produits\",\"item\":\"https:\\\/\\\/gxp-training.com\\\/fr\\\/shop\\\/\"},{\"@type\":\"ListItem\",\"position\":3,\"name\":\"Entrep\u00f4ts pharmaceutiques \\\/ Pratiques de stockage\"}]},{\"@type\":\"WebSite\",\"@id\":\"https:\\\/\\\/gxp-training.com\\\/fr\\\/#website\",\"url\":\"https:\\\/\\\/gxp-training.com\\\/fr\\\/\",\"name\":\"GxP Training : Certified Online Courses for Life Sciences\",\"description\":\"Online Trainings and Certified Courses in Regulatory Compliance for Pharmaceutical Experts\",\"publisher\":{\"@id\":\"https:\\\/\\\/gxp-training.com\\\/fr\\\/#organization\"},\"potentialAction\":[{\"@type\":\"SearchAction\",\"target\":{\"@type\":\"EntryPoint\",\"urlTemplate\":\"https:\\\/\\\/gxp-training.com\\\/fr\\\/?s={search_term_string}\"},\"query-input\":{\"@type\":\"PropertyValueSpecification\",\"valueRequired\":true,\"valueName\":\"search_term_string\"}}],\"inLanguage\":\"fr-FR\"},{\"@type\":\"Organization\",\"@id\":\"https:\\\/\\\/gxp-training.com\\\/fr\\\/#organization\",\"name\":\"GXP Training\",\"url\":\"https:\\\/\\\/gxp-training.com\\\/fr\\\/\",\"logo\":{\"@type\":\"ImageObject\",\"inLanguage\":\"fr-FR\",\"@id\":\"https:\\\/\\\/gxp-training.com\\\/fr\\\/#\\\/schema\\\/logo\\\/image\\\/\",\"url\":\"https:\\\/\\\/gxp-training.com\\\/wp-content\\\/uploads\\\/2022\\\/05\\\/logo-resize.png\",\"contentUrl\":\"https:\\\/\\\/gxp-training.com\\\/wp-content\\\/uploads\\\/2022\\\/05\\\/logo-resize.png\",\"width\":350,\"height\":100,\"caption\":\"GXP Training\"},\"image\":{\"@id\":\"https:\\\/\\\/gxp-training.com\\\/fr\\\/#\\\/schema\\\/logo\\\/image\\\/\"}}]}<\/script>\n<!-- \/ Yoast SEO plugin. -->","yoast_head_json":{"title":"Cours et certification sur les pratiques des entrep\u00f4ts pharmaceutiques","description":"Obtenez votre certification en pratiques des entrep\u00f4ts pharmaceutiques : cours en ligne pour les professionnels de la pharma. Inscrivez-vous d\u00e8s maintenant et obtenez vos cr\u00e9dits CPD et CEU.","robots":{"index":"index","follow":"follow","max-snippet":"max-snippet:-1","max-image-preview":"max-image-preview:large","max-video-preview":"max-video-preview:-1"},"canonical":"https:\/\/gxp-training.com\/fr\/online-course\/entrepots-pharmaceutiques-pratiques-de-stockage\/","og_locale":"fr_FR","og_type":"article","og_title":"Cours et certification sur les pratiques des entrep\u00f4ts pharmaceutiques","og_description":"Obtenez votre certification en pratiques des entrep\u00f4ts pharmaceutiques : cours en ligne pour les professionnels de la pharma. Inscrivez-vous d\u00e8s maintenant et obtenez vos cr\u00e9dits CPD et CEU.","og_url":"https:\/\/gxp-training.com\/fr\/online-course\/entrepots-pharmaceutiques-pratiques-de-stockage\/","og_site_name":"GxP Training : Certified Online Courses for Life Sciences","og_image":[{"width":900,"height":627,"url":"https:\/\/gxp-training.com\/wp-content\/uploads\/2023\/05\/Warehouses.jpg","type":"image\/jpeg"}],"twitter_card":"summary_large_image","twitter_misc":{"Dur\u00e9e de lecture estim\u00e9e":"1 minute"},"schema":{"@context":"https:\/\/schema.org","@graph":[{"@type":"WebPage","@id":"https:\/\/gxp-training.com\/fr\/online-course\/entrepots-pharmaceutiques-pratiques-de-stockage\/","url":"https:\/\/gxp-training.com\/fr\/online-course\/entrepots-pharmaceutiques-pratiques-de-stockage\/","name":"Cours et certification sur les pratiques des entrep\u00f4ts pharmaceutiques","isPartOf":{"@id":"https:\/\/gxp-training.com\/fr\/#website"},"primaryImageOfPage":{"@id":"https:\/\/gxp-training.com\/fr\/online-course\/entrepots-pharmaceutiques-pratiques-de-stockage\/#primaryimage"},"image":{"@id":"https:\/\/gxp-training.com\/fr\/online-course\/entrepots-pharmaceutiques-pratiques-de-stockage\/#primaryimage"},"thumbnailUrl":"https:\/\/gxp-training.com\/wp-content\/uploads\/2023\/05\/Warehouses.jpg","datePublished":"2023-05-15T15:09:15+00:00","description":"Obtenez votre certification en pratiques des entrep\u00f4ts pharmaceutiques : cours en ligne pour les professionnels de la pharma. Inscrivez-vous d\u00e8s maintenant et obtenez vos cr\u00e9dits CPD et CEU.","breadcrumb":{"@id":"https:\/\/gxp-training.com\/fr\/online-course\/entrepots-pharmaceutiques-pratiques-de-stockage\/#breadcrumb"},"inLanguage":"fr-FR","potentialAction":[{"@type":"ReadAction","target":["https:\/\/gxp-training.com\/fr\/online-course\/entrepots-pharmaceutiques-pratiques-de-stockage\/"]}]},{"@type":"ImageObject","inLanguage":"fr-FR","@id":"https:\/\/gxp-training.com\/fr\/online-course\/entrepots-pharmaceutiques-pratiques-de-stockage\/#primaryimage","url":"https:\/\/gxp-training.com\/wp-content\/uploads\/2023\/05\/Warehouses.jpg","contentUrl":"https:\/\/gxp-training.com\/wp-content\/uploads\/2023\/05\/Warehouses.jpg","width":900,"height":627},{"@type":"BreadcrumbList","@id":"https:\/\/gxp-training.com\/fr\/online-course\/entrepots-pharmaceutiques-pratiques-de-stockage\/#breadcrumb","itemListElement":[{"@type":"ListItem","position":1,"name":"Accueil","item":"https:\/\/gxp-training.com\/fr\/page-daccueil\/"},{"@type":"ListItem","position":2,"name":"Produits","item":"https:\/\/gxp-training.com\/fr\/shop\/"},{"@type":"ListItem","position":3,"name":"Entrep\u00f4ts pharmaceutiques \/ Pratiques de stockage"}]},{"@type":"WebSite","@id":"https:\/\/gxp-training.com\/fr\/#website","url":"https:\/\/gxp-training.com\/fr\/","name":"GxP Training : Certified Online Courses for Life Sciences","description":"Online Trainings and Certified Courses in Regulatory Compliance for Pharmaceutical Experts","publisher":{"@id":"https:\/\/gxp-training.com\/fr\/#organization"},"potentialAction":[{"@type":"SearchAction","target":{"@type":"EntryPoint","urlTemplate":"https:\/\/gxp-training.com\/fr\/?s={search_term_string}"},"query-input":{"@type":"PropertyValueSpecification","valueRequired":true,"valueName":"search_term_string"}}],"inLanguage":"fr-FR"},{"@type":"Organization","@id":"https:\/\/gxp-training.com\/fr\/#organization","name":"GXP Training","url":"https:\/\/gxp-training.com\/fr\/","logo":{"@type":"ImageObject","inLanguage":"fr-FR","@id":"https:\/\/gxp-training.com\/fr\/#\/schema\/logo\/image\/","url":"https:\/\/gxp-training.com\/wp-content\/uploads\/2022\/05\/logo-resize.png","contentUrl":"https:\/\/gxp-training.com\/wp-content\/uploads\/2022\/05\/logo-resize.png","width":350,"height":100,"caption":"GXP Training"},"image":{"@id":"https:\/\/gxp-training.com\/fr\/#\/schema\/logo\/image\/"}}]}},"_links":{"self":[{"href":"https:\/\/gxp-training.com\/fr\/wp-json\/wp\/v2\/product\/57693","targetHints":{"allow":["GET"]}}],"collection":[{"href":"https:\/\/gxp-training.com\/fr\/wp-json\/wp\/v2\/product"}],"about":[{"href":"https:\/\/gxp-training.com\/fr\/wp-json\/wp\/v2\/types\/product"}],"wp:featuredmedia":[{"embeddable":true,"href":"https:\/\/gxp-training.com\/fr\/wp-json\/wp\/v2\/media\/43937"}],"wp:attachment":[{"href":"https:\/\/gxp-training.com\/fr\/wp-json\/wp\/v2\/media?parent=57693"}],"wp:term":[{"taxonomy":"product_brand","embeddable":true,"href":"https:\/\/gxp-training.com\/fr\/wp-json\/wp\/v2\/product_brand?post=57693"},{"taxonomy":"product_cat","embeddable":true,"href":"https:\/\/gxp-training.com\/fr\/wp-json\/wp\/v2\/product_cat?post=57693"},{"taxonomy":"product_tag","embeddable":true,"href":"https:\/\/gxp-training.com\/fr\/wp-json\/wp\/v2\/product_tag?post=57693"}],"curies":[{"name":"wp","href":"https:\/\/api.w.org\/{rel}","templated":true}]}}