{"id":57678,"date":"2023-06-16T14:39:39","date_gmt":"2023-06-16T13:39:39","guid":{"rendered":"https:\/\/gxp-training.com\/online-course\/reglement-sur-les-dispositifs-medicaux-rdm-2017-745\/"},"modified":"2023-06-16T14:39:39","modified_gmt":"2023-06-16T12:39:39","slug":"reglement-sur-les-dispositifs-medicaux-rdm-2017-745","status":"publish","type":"product","link":"https:\/\/gxp-training.com\/fr\/online-course\/reglement-sur-les-dispositifs-medicaux-rdm-2017-745\/","title":{"rendered":"R\u00e8glement sur les dispositifs m\u00e9dicaux &#8211; RDM 2017\/745"},"content":{"rendered":"<p>D\u00e9couvrez la r\u00e9glementation compl\u00e8te du R\u00e8glement sur les dispositifs m\u00e9dicaux (RDM) 2017\/745 de l&rsquo;Union europ\u00e9enne avec notre formation interactive. Nous explorons en d\u00e9tail les lois r\u00e9gissant la s\u00e9curit\u00e9, l&rsquo;efficacit\u00e9 et la qualit\u00e9 des dispositifs m\u00e9dicaux &#8211; couvrant des sujets allant des exigences de mise sur le march\u00e9 aux m\u00e9thodes d&rsquo;identification et de tra\u00e7abilit\u00e9. <\/p>\n<p>La formation explore \u00e9galement le r\u00f4le des organismes notifi\u00e9s, les \u00e9valuations de conformit\u00e9, les \u00e9valuations cliniques et bien plus encore. Vous apprendrez notamment les pratiques de surveillance apr\u00e8s commercialisation, de vigilance, de surveillance du march\u00e9 et l&rsquo;utilisation de la base de donn\u00e9es europ\u00e9enne sur les dispositifs m\u00e9dicaux (Eudamed). <\/p>\n<p>Dans cette formation, nous proposons une synth\u00e8se du sujet \u00e0 travers une exp\u00e9rience interactive en ligne. Ce contenu a \u00e9t\u00e9 \u00e9labor\u00e9 par une \u00e9quipe d&rsquo;experts en affaires r\u00e9glementaires qualifi\u00e9s de la Northeastern University, Boston, dirig\u00e9e par un membre senior capable d&rsquo;articuler th\u00e9orie et pratique. <\/p>\n<p>&nbsp;<\/p>\n<h3>Programme :<\/h3>\n<p>&nbsp;<\/p>\n<p><strong>Introduction<\/strong><\/p>\n<p>&nbsp;<\/p>\n<p><strong>Le\u00e7on 1 : Champ d&rsquo;application et objectifs du RDM 2017\/745<\/strong><\/p>\n<p>&nbsp;<\/p>\n<p><strong>Le\u00e7on 2 : Structure du r\u00e8glement &#8211; Chapitres et annexes<\/strong><\/p>\n<p>&nbsp;<\/p>\n<p><strong>Le\u00e7on 3 : Exigences pour la mise sur le march\u00e9<\/strong><\/p>\n<p>&nbsp;<\/p>\n<p><strong>Le\u00e7on 4 : Identification et tra\u00e7abilit\u00e9<\/strong><\/p>\n<p>&nbsp;<\/p>\n<p><strong>Le\u00e7on 5 : Organismes notifi\u00e9s<\/strong><\/p>\n<p>&nbsp;<\/p>\n<p><strong>Le\u00e7on 6 : \u00c9valuation de la conformit\u00e9<\/strong><\/p>\n<p>&nbsp;<\/p>\n<p><strong>Le\u00e7on 7 : \u00c9valuation clinique et investigation clinique<\/strong><\/p>\n<p>&nbsp;<\/p>\n<p><strong>Le\u00e7on 8 : Surveillance apr\u00e8s commercialisation, vigilance et surveillance du march\u00e9<\/strong><\/p>\n<p>&nbsp;<\/p>\n<p><strong>Le\u00e7on 9 : Base de donn\u00e9es europ\u00e9enne sur les dispositifs m\u00e9dicaux (Eudamed)<\/strong><\/p>\n<p>&nbsp;<\/p>\n<p><strong>Glossaire<\/strong><\/p>\n<p>&nbsp;<\/p>\n<p><strong>\u00c9valuation<\/strong><\/p>\n","protected":false},"excerpt":{"rendered":"<p>D\u00e9couvrez la r\u00e9glementation compl\u00e8te du R\u00e8glement sur les dispositifs m\u00e9dicaux (RDM) 2017\/745 de l&rsquo;Union europ\u00e9enne avec notre formation interactive. Nous explorons en d\u00e9tail les lois r\u00e9gissant la s\u00e9curit\u00e9, l&rsquo;efficacit\u00e9 et la qualit\u00e9 des dispositifs m\u00e9dicaux &#8211; couvrant des sujets allant des exigences de mise sur le march\u00e9 aux m\u00e9thodes d&rsquo;identification et de tra\u00e7abilit\u00e9. La formation [&hellip;]<\/p>\n","protected":false},"featured_media":44020,"template":"","meta":{"_acf_changed":false,"content-type":""},"product_brand":[],"product_cat":[255,257,256],"product_tag":[],"class_list":{"0":"post-57678","1":"product","2":"type-product","3":"status-publish","4":"has-post-thumbnail","6":"product_cat-affaires-reglementaires","7":"product_cat-assurance-qualite","8":"product_cat-dispositifs-medicaux","10":"first","11":"instock","12":"taxable","13":"shipping-taxable","14":"purchasable","15":"product-type-subscription"},"bundled_by":[],"bundle_stock_status":"instock","bundle_stock_quantity":null,"bundle_virtual":false,"bundle_layout":"","bundle_add_to_cart_form_location":"","bundle_editable_in_cart":false,"bundle_sold_individually_context":"","bundle_item_grouping":"","bundle_min_size":"","bundle_max_size":"","bundle_price":[],"bundled_items":[],"bundle_sell_ids":[],"acf":[],"yoast_head":"<!-- This site is optimized with the Yoast SEO plugin v27.5 - https:\/\/yoast.com\/product\/yoast-seo-wordpress\/ -->\n<title>R\u00e8glement sur les dispositifs m\u00e9dicaux RDM 2017\/745 - Formation et certificat<\/title>\n<meta name=\"description\" content=\"D\u00e9couvrez la r\u00e9glementation du R\u00e8glement sur les dispositifs m\u00e9dicaux (RDM) 2017\/745 de l&#039;Union europ\u00e9enne avec notre formation certifi\u00e9e en ligne. Obtenez votre certification d\u00e8s maintenant !\" \/>\n<meta name=\"robots\" content=\"index, follow, max-snippet:-1, max-image-preview:large, max-video-preview:-1\" \/>\n<link rel=\"canonical\" href=\"https:\/\/gxp-training.com\/fr\/online-course\/reglement-sur-les-dispositifs-medicaux-rdm-2017-745\/\" \/>\n<meta property=\"og:locale\" content=\"fr_FR\" \/>\n<meta property=\"og:type\" content=\"article\" \/>\n<meta property=\"og:title\" content=\"R\u00e8glement sur les dispositifs m\u00e9dicaux RDM 2017\/745 - Formation et certificat\" \/>\n<meta property=\"og:description\" content=\"D\u00e9couvrez la r\u00e9glementation du R\u00e8glement sur les dispositifs m\u00e9dicaux (RDM) 2017\/745 de l&#039;Union europ\u00e9enne avec notre formation certifi\u00e9e en ligne. Obtenez votre certification d\u00e8s maintenant !\" \/>\n<meta property=\"og:url\" content=\"https:\/\/gxp-training.com\/fr\/online-course\/reglement-sur-les-dispositifs-medicaux-rdm-2017-745\/\" \/>\n<meta property=\"og:site_name\" content=\"GxP Training : Certified Online Courses for Life Sciences\" \/>\n<meta property=\"og:image\" content=\"https:\/\/gxp-training.com\/wp-content\/uploads\/2023\/06\/MDR-2017.png\" \/>\n\t<meta property=\"og:image:width\" content=\"900\" \/>\n\t<meta property=\"og:image:height\" content=\"627\" \/>\n\t<meta property=\"og:image:type\" content=\"image\/png\" \/>\n<meta name=\"twitter:card\" content=\"summary_large_image\" \/>\n<meta name=\"twitter:label1\" content=\"Dur\u00e9e de lecture estim\u00e9e\" \/>\n\t<meta name=\"twitter:data1\" content=\"1 minute\" \/>\n<script type=\"application\/ld+json\" class=\"yoast-schema-graph\">{\"@context\":\"https:\\\/\\\/schema.org\",\"@graph\":[{\"@type\":\"WebPage\",\"@id\":\"https:\\\/\\\/gxp-training.com\\\/fr\\\/online-course\\\/reglement-sur-les-dispositifs-medicaux-rdm-2017-745\\\/\",\"url\":\"https:\\\/\\\/gxp-training.com\\\/fr\\\/online-course\\\/reglement-sur-les-dispositifs-medicaux-rdm-2017-745\\\/\",\"name\":\"R\u00e8glement sur les dispositifs m\u00e9dicaux RDM 2017\\\/745 - Formation et certificat\",\"isPartOf\":{\"@id\":\"https:\\\/\\\/gxp-training.com\\\/fr\\\/#website\"},\"primaryImageOfPage\":{\"@id\":\"https:\\\/\\\/gxp-training.com\\\/fr\\\/online-course\\\/reglement-sur-les-dispositifs-medicaux-rdm-2017-745\\\/#primaryimage\"},\"image\":{\"@id\":\"https:\\\/\\\/gxp-training.com\\\/fr\\\/online-course\\\/reglement-sur-les-dispositifs-medicaux-rdm-2017-745\\\/#primaryimage\"},\"thumbnailUrl\":\"https:\\\/\\\/gxp-training.com\\\/wp-content\\\/uploads\\\/2023\\\/06\\\/MDR-2017.png\",\"datePublished\":\"2023-06-16T13:39:39+00:00\",\"description\":\"D\u00e9couvrez la r\u00e9glementation du R\u00e8glement sur les dispositifs m\u00e9dicaux (RDM) 2017\\\/745 de l'Union europ\u00e9enne avec notre formation certifi\u00e9e en ligne. Obtenez votre certification d\u00e8s maintenant !\",\"breadcrumb\":{\"@id\":\"https:\\\/\\\/gxp-training.com\\\/fr\\\/online-course\\\/reglement-sur-les-dispositifs-medicaux-rdm-2017-745\\\/#breadcrumb\"},\"inLanguage\":\"fr-FR\",\"potentialAction\":[{\"@type\":\"ReadAction\",\"target\":[\"https:\\\/\\\/gxp-training.com\\\/fr\\\/online-course\\\/reglement-sur-les-dispositifs-medicaux-rdm-2017-745\\\/\"]}]},{\"@type\":\"ImageObject\",\"inLanguage\":\"fr-FR\",\"@id\":\"https:\\\/\\\/gxp-training.com\\\/fr\\\/online-course\\\/reglement-sur-les-dispositifs-medicaux-rdm-2017-745\\\/#primaryimage\",\"url\":\"https:\\\/\\\/gxp-training.com\\\/wp-content\\\/uploads\\\/2023\\\/06\\\/MDR-2017.png\",\"contentUrl\":\"https:\\\/\\\/gxp-training.com\\\/wp-content\\\/uploads\\\/2023\\\/06\\\/MDR-2017.png\",\"width\":900,\"height\":627},{\"@type\":\"BreadcrumbList\",\"@id\":\"https:\\\/\\\/gxp-training.com\\\/fr\\\/online-course\\\/reglement-sur-les-dispositifs-medicaux-rdm-2017-745\\\/#breadcrumb\",\"itemListElement\":[{\"@type\":\"ListItem\",\"position\":1,\"name\":\"Accueil\",\"item\":\"https:\\\/\\\/gxp-training.com\\\/fr\\\/page-daccueil\\\/\"},{\"@type\":\"ListItem\",\"position\":2,\"name\":\"Produits\",\"item\":\"https:\\\/\\\/gxp-training.com\\\/fr\\\/shop\\\/\"},{\"@type\":\"ListItem\",\"position\":3,\"name\":\"R\u00e8glement sur les dispositifs m\u00e9dicaux &#8211; RDM 2017\\\/745\"}]},{\"@type\":\"WebSite\",\"@id\":\"https:\\\/\\\/gxp-training.com\\\/fr\\\/#website\",\"url\":\"https:\\\/\\\/gxp-training.com\\\/fr\\\/\",\"name\":\"GxP Training : Certified Online Courses for Life Sciences\",\"description\":\"Online Trainings and Certified Courses in Regulatory Compliance for Pharmaceutical Experts\",\"publisher\":{\"@id\":\"https:\\\/\\\/gxp-training.com\\\/fr\\\/#organization\"},\"potentialAction\":[{\"@type\":\"SearchAction\",\"target\":{\"@type\":\"EntryPoint\",\"urlTemplate\":\"https:\\\/\\\/gxp-training.com\\\/fr\\\/?s={search_term_string}\"},\"query-input\":{\"@type\":\"PropertyValueSpecification\",\"valueRequired\":true,\"valueName\":\"search_term_string\"}}],\"inLanguage\":\"fr-FR\"},{\"@type\":\"Organization\",\"@id\":\"https:\\\/\\\/gxp-training.com\\\/fr\\\/#organization\",\"name\":\"GXP Training\",\"url\":\"https:\\\/\\\/gxp-training.com\\\/fr\\\/\",\"logo\":{\"@type\":\"ImageObject\",\"inLanguage\":\"fr-FR\",\"@id\":\"https:\\\/\\\/gxp-training.com\\\/fr\\\/#\\\/schema\\\/logo\\\/image\\\/\",\"url\":\"https:\\\/\\\/gxp-training.com\\\/wp-content\\\/uploads\\\/2022\\\/05\\\/logo-resize.png\",\"contentUrl\":\"https:\\\/\\\/gxp-training.com\\\/wp-content\\\/uploads\\\/2022\\\/05\\\/logo-resize.png\",\"width\":350,\"height\":100,\"caption\":\"GXP Training\"},\"image\":{\"@id\":\"https:\\\/\\\/gxp-training.com\\\/fr\\\/#\\\/schema\\\/logo\\\/image\\\/\"}}]}<\/script>\n<!-- \/ Yoast SEO plugin. -->","yoast_head_json":{"title":"R\u00e8glement sur les dispositifs m\u00e9dicaux RDM 2017\/745 - Formation et certificat","description":"D\u00e9couvrez la r\u00e9glementation du R\u00e8glement sur les dispositifs m\u00e9dicaux (RDM) 2017\/745 de l'Union europ\u00e9enne avec notre formation certifi\u00e9e en ligne. Obtenez votre certification d\u00e8s maintenant !","robots":{"index":"index","follow":"follow","max-snippet":"max-snippet:-1","max-image-preview":"max-image-preview:large","max-video-preview":"max-video-preview:-1"},"canonical":"https:\/\/gxp-training.com\/fr\/online-course\/reglement-sur-les-dispositifs-medicaux-rdm-2017-745\/","og_locale":"fr_FR","og_type":"article","og_title":"R\u00e8glement sur les dispositifs m\u00e9dicaux RDM 2017\/745 - Formation et certificat","og_description":"D\u00e9couvrez la r\u00e9glementation du R\u00e8glement sur les dispositifs m\u00e9dicaux (RDM) 2017\/745 de l'Union europ\u00e9enne avec notre formation certifi\u00e9e en ligne. Obtenez votre certification d\u00e8s maintenant !","og_url":"https:\/\/gxp-training.com\/fr\/online-course\/reglement-sur-les-dispositifs-medicaux-rdm-2017-745\/","og_site_name":"GxP Training : Certified Online Courses for Life Sciences","og_image":[{"width":900,"height":627,"url":"https:\/\/gxp-training.com\/wp-content\/uploads\/2023\/06\/MDR-2017.png","type":"image\/png"}],"twitter_card":"summary_large_image","twitter_misc":{"Dur\u00e9e de lecture estim\u00e9e":"1 minute"},"schema":{"@context":"https:\/\/schema.org","@graph":[{"@type":"WebPage","@id":"https:\/\/gxp-training.com\/fr\/online-course\/reglement-sur-les-dispositifs-medicaux-rdm-2017-745\/","url":"https:\/\/gxp-training.com\/fr\/online-course\/reglement-sur-les-dispositifs-medicaux-rdm-2017-745\/","name":"R\u00e8glement sur les dispositifs m\u00e9dicaux RDM 2017\/745 - Formation et certificat","isPartOf":{"@id":"https:\/\/gxp-training.com\/fr\/#website"},"primaryImageOfPage":{"@id":"https:\/\/gxp-training.com\/fr\/online-course\/reglement-sur-les-dispositifs-medicaux-rdm-2017-745\/#primaryimage"},"image":{"@id":"https:\/\/gxp-training.com\/fr\/online-course\/reglement-sur-les-dispositifs-medicaux-rdm-2017-745\/#primaryimage"},"thumbnailUrl":"https:\/\/gxp-training.com\/wp-content\/uploads\/2023\/06\/MDR-2017.png","datePublished":"2023-06-16T13:39:39+00:00","description":"D\u00e9couvrez la r\u00e9glementation du R\u00e8glement sur les dispositifs m\u00e9dicaux (RDM) 2017\/745 de l'Union europ\u00e9enne avec notre formation certifi\u00e9e en ligne. Obtenez votre certification d\u00e8s maintenant !","breadcrumb":{"@id":"https:\/\/gxp-training.com\/fr\/online-course\/reglement-sur-les-dispositifs-medicaux-rdm-2017-745\/#breadcrumb"},"inLanguage":"fr-FR","potentialAction":[{"@type":"ReadAction","target":["https:\/\/gxp-training.com\/fr\/online-course\/reglement-sur-les-dispositifs-medicaux-rdm-2017-745\/"]}]},{"@type":"ImageObject","inLanguage":"fr-FR","@id":"https:\/\/gxp-training.com\/fr\/online-course\/reglement-sur-les-dispositifs-medicaux-rdm-2017-745\/#primaryimage","url":"https:\/\/gxp-training.com\/wp-content\/uploads\/2023\/06\/MDR-2017.png","contentUrl":"https:\/\/gxp-training.com\/wp-content\/uploads\/2023\/06\/MDR-2017.png","width":900,"height":627},{"@type":"BreadcrumbList","@id":"https:\/\/gxp-training.com\/fr\/online-course\/reglement-sur-les-dispositifs-medicaux-rdm-2017-745\/#breadcrumb","itemListElement":[{"@type":"ListItem","position":1,"name":"Accueil","item":"https:\/\/gxp-training.com\/fr\/page-daccueil\/"},{"@type":"ListItem","position":2,"name":"Produits","item":"https:\/\/gxp-training.com\/fr\/shop\/"},{"@type":"ListItem","position":3,"name":"R\u00e8glement sur les dispositifs m\u00e9dicaux &#8211; RDM 2017\/745"}]},{"@type":"WebSite","@id":"https:\/\/gxp-training.com\/fr\/#website","url":"https:\/\/gxp-training.com\/fr\/","name":"GxP Training : Certified Online Courses for Life Sciences","description":"Online Trainings and Certified Courses in Regulatory Compliance for Pharmaceutical Experts","publisher":{"@id":"https:\/\/gxp-training.com\/fr\/#organization"},"potentialAction":[{"@type":"SearchAction","target":{"@type":"EntryPoint","urlTemplate":"https:\/\/gxp-training.com\/fr\/?s={search_term_string}"},"query-input":{"@type":"PropertyValueSpecification","valueRequired":true,"valueName":"search_term_string"}}],"inLanguage":"fr-FR"},{"@type":"Organization","@id":"https:\/\/gxp-training.com\/fr\/#organization","name":"GXP Training","url":"https:\/\/gxp-training.com\/fr\/","logo":{"@type":"ImageObject","inLanguage":"fr-FR","@id":"https:\/\/gxp-training.com\/fr\/#\/schema\/logo\/image\/","url":"https:\/\/gxp-training.com\/wp-content\/uploads\/2022\/05\/logo-resize.png","contentUrl":"https:\/\/gxp-training.com\/wp-content\/uploads\/2022\/05\/logo-resize.png","width":350,"height":100,"caption":"GXP Training"},"image":{"@id":"https:\/\/gxp-training.com\/fr\/#\/schema\/logo\/image\/"}}]}},"_links":{"self":[{"href":"https:\/\/gxp-training.com\/fr\/wp-json\/wp\/v2\/product\/57678","targetHints":{"allow":["GET"]}}],"collection":[{"href":"https:\/\/gxp-training.com\/fr\/wp-json\/wp\/v2\/product"}],"about":[{"href":"https:\/\/gxp-training.com\/fr\/wp-json\/wp\/v2\/types\/product"}],"wp:featuredmedia":[{"embeddable":true,"href":"https:\/\/gxp-training.com\/fr\/wp-json\/wp\/v2\/media\/44020"}],"wp:attachment":[{"href":"https:\/\/gxp-training.com\/fr\/wp-json\/wp\/v2\/media?parent=57678"}],"wp:term":[{"taxonomy":"product_brand","embeddable":true,"href":"https:\/\/gxp-training.com\/fr\/wp-json\/wp\/v2\/product_brand?post=57678"},{"taxonomy":"product_cat","embeddable":true,"href":"https:\/\/gxp-training.com\/fr\/wp-json\/wp\/v2\/product_cat?post=57678"},{"taxonomy":"product_tag","embeddable":true,"href":"https:\/\/gxp-training.com\/fr\/wp-json\/wp\/v2\/product_tag?post=57678"}],"curies":[{"name":"wp","href":"https:\/\/api.w.org\/{rel}","templated":true}]}}