{"id":57650,"date":"2023-10-11T14:44:07","date_gmt":"2023-10-11T13:44:07","guid":{"rendered":"https:\/\/gxp-training.com\/online-course\/fabrication-bpf-et-qualite\/"},"modified":"2023-10-11T14:44:07","modified_gmt":"2023-10-11T12:44:07","slug":"fabrication-bpf-et-qualite","status":"publish","type":"product","link":"https:\/\/gxp-training.com\/fr\/online-course\/fabrication-bpf-et-qualite\/","title":{"rendered":"Fabrication (BPF) et Qualit\u00e9"},"content":{"rendered":"<p>Dans une industrie o\u00f9 la s\u00e9curit\u00e9 des patients est primordiale, la ma\u00eetrise des principes des Bonnes Pratiques de Fabrication (BPF) n\u2019est pas seulement une recommandation \u2014 c\u2019est un imp\u00e9ratif. Que vous soyez novice dans le secteur, \u00e0 la recherche d\u2019une vue d\u2019ensemble compl\u00e8te, ou un professionnel chevronn\u00e9 souhaitant rester au fait des derni\u00e8res normes, ce parcours vous guidera \u00e0 travers le domaine complexe de la qualit\u00e9 pharmaceutique. \u00c9quipez-vous des outils et techniques garantissant une qualit\u00e9 de produit constante et la conformit\u00e9 r\u00e9glementaire.  <\/p>\n<p>De l\u2019usine de fabrication pharmaceutique aux r\u00f4les d\u2019assurance qualit\u00e9, la compr\u00e9hension du CAPA, de la gestion des risques et de l\u2019importance d\u2019une documentation impeccable est cruciale. Plongez au c\u0153ur du sujet et perfectionnez vos comp\u00e9tences pour d\u00e9fendre la cause de la s\u00e9curit\u00e9 des produits et du bien-\u00eatre des patients. <\/p>\n<p>Avec chaque cours, vous obtenez une certification, renfor\u00e7ant vos connaissances \u00e9tape par \u00e9tape. Mais l\u2019aboutissement ultime ? \u00c0 l\u2019issue de l\u2019ensemble du parcours d\u2019apprentissage, vous recevrez une certification unique et tra\u00e7able.  <\/p>\n","protected":false},"excerpt":{"rendered":"<p>Dans une industrie o\u00f9 la s\u00e9curit\u00e9 des patients est primordiale, la ma\u00eetrise des principes des Bonnes Pratiques de Fabrication (BPF) n\u2019est pas seulement une recommandation \u2014 c\u2019est un imp\u00e9ratif. Que vous soyez novice dans le secteur, \u00e0 la recherche d\u2019une vue d\u2019ensemble compl\u00e8te, ou un professionnel chevronn\u00e9 souhaitant rester au fait des derni\u00e8res normes, ce [&hellip;]<\/p>\n","protected":false},"featured_media":44504,"template":"","meta":{"_acf_changed":false,"content-type":""},"product_brand":[],"product_cat":[284],"product_tag":[],"class_list":{"0":"post-57650","1":"product","2":"type-product","3":"status-publish","4":"has-post-thumbnail","6":"product_cat-parcours-dapprentissage","8":"first","9":"instock","10":"taxable","11":"shipping-taxable","12":"purchasable","13":"product-type-subscription"},"bundled_by":[],"bundle_stock_status":"instock","bundle_stock_quantity":null,"bundle_virtual":false,"bundle_layout":"","bundle_add_to_cart_form_location":"","bundle_editable_in_cart":false,"bundle_sold_individually_context":"","bundle_item_grouping":"","bundle_min_size":"","bundle_max_size":"","bundle_price":[],"bundled_items":[],"bundle_sell_ids":[57334,57261,57392,57118,57345,43214],"acf":[],"yoast_head":"<!-- This site is optimized with the Yoast SEO plugin v27.5 - https:\/\/yoast.com\/product\/yoast-seo-wordpress\/ -->\n<title>Parcours de formation BPF - 6 cours certifi\u00e9s pour devenir un expert BPF<\/title>\n<meta name=\"description\" content=\"Ma\u00eetrisez les BPF avec notre parcours d\u2019apprentissage certifi\u00e9 en ligne pour tout professionnel des sciences de la vie. Obtenez votre certification BPF d\u00e8s maintenant ! Accr\u00e9dit\u00e9 CPD et CEU.\" \/>\n<meta name=\"robots\" content=\"index, follow, max-snippet:-1, max-image-preview:large, max-video-preview:-1\" \/>\n<link rel=\"canonical\" href=\"https:\/\/gxp-training.com\/fr\/online-course\/fabrication-bpf-et-qualite\/\" \/>\n<meta property=\"og:locale\" content=\"fr_FR\" \/>\n<meta property=\"og:type\" content=\"article\" \/>\n<meta property=\"og:title\" content=\"Parcours de formation BPF - 6 cours certifi\u00e9s pour devenir un expert BPF\" \/>\n<meta property=\"og:description\" content=\"Ma\u00eetrisez les BPF avec notre parcours d\u2019apprentissage certifi\u00e9 en ligne pour tout professionnel des sciences de la vie. Obtenez votre certification BPF d\u00e8s maintenant ! Accr\u00e9dit\u00e9 CPD et CEU.\" \/>\n<meta property=\"og:url\" content=\"https:\/\/gxp-training.com\/fr\/online-course\/fabrication-bpf-et-qualite\/\" \/>\n<meta property=\"og:site_name\" content=\"GxP Training : Certified Online Courses for Life Sciences\" \/>\n<meta property=\"og:image\" content=\"https:\/\/gxp-training.com\/wp-content\/uploads\/2023\/10\/Manufacturing-1.png\" \/>\n\t<meta property=\"og:image:width\" content=\"900\" \/>\n\t<meta property=\"og:image:height\" content=\"627\" \/>\n\t<meta property=\"og:image:type\" content=\"image\/png\" \/>\n<meta name=\"twitter:card\" content=\"summary_large_image\" \/>\n<meta name=\"twitter:label1\" content=\"Dur\u00e9e de lecture estim\u00e9e\" \/>\n\t<meta name=\"twitter:data1\" content=\"1 minute\" \/>\n<script type=\"application\/ld+json\" class=\"yoast-schema-graph\">{\"@context\":\"https:\\\/\\\/schema.org\",\"@graph\":[{\"@type\":\"WebPage\",\"@id\":\"https:\\\/\\\/gxp-training.com\\\/fr\\\/online-course\\\/fabrication-bpf-et-qualite\\\/\",\"url\":\"https:\\\/\\\/gxp-training.com\\\/fr\\\/online-course\\\/fabrication-bpf-et-qualite\\\/\",\"name\":\"Parcours de formation BPF - 6 cours certifi\u00e9s pour devenir un expert BPF\",\"isPartOf\":{\"@id\":\"https:\\\/\\\/gxp-training.com\\\/fr\\\/#website\"},\"primaryImageOfPage\":{\"@id\":\"https:\\\/\\\/gxp-training.com\\\/fr\\\/online-course\\\/fabrication-bpf-et-qualite\\\/#primaryimage\"},\"image\":{\"@id\":\"https:\\\/\\\/gxp-training.com\\\/fr\\\/online-course\\\/fabrication-bpf-et-qualite\\\/#primaryimage\"},\"thumbnailUrl\":\"https:\\\/\\\/gxp-training.com\\\/wp-content\\\/uploads\\\/2023\\\/10\\\/Manufacturing-1.png\",\"datePublished\":\"2023-10-11T13:44:07+00:00\",\"description\":\"Ma\u00eetrisez les BPF avec notre parcours d\u2019apprentissage certifi\u00e9 en ligne pour tout professionnel des sciences de la vie. Obtenez votre certification BPF d\u00e8s maintenant ! Accr\u00e9dit\u00e9 CPD et CEU.\",\"breadcrumb\":{\"@id\":\"https:\\\/\\\/gxp-training.com\\\/fr\\\/online-course\\\/fabrication-bpf-et-qualite\\\/#breadcrumb\"},\"inLanguage\":\"fr-FR\",\"potentialAction\":[{\"@type\":\"ReadAction\",\"target\":[\"https:\\\/\\\/gxp-training.com\\\/fr\\\/online-course\\\/fabrication-bpf-et-qualite\\\/\"]}]},{\"@type\":\"ImageObject\",\"inLanguage\":\"fr-FR\",\"@id\":\"https:\\\/\\\/gxp-training.com\\\/fr\\\/online-course\\\/fabrication-bpf-et-qualite\\\/#primaryimage\",\"url\":\"https:\\\/\\\/gxp-training.com\\\/wp-content\\\/uploads\\\/2023\\\/10\\\/Manufacturing-1.png\",\"contentUrl\":\"https:\\\/\\\/gxp-training.com\\\/wp-content\\\/uploads\\\/2023\\\/10\\\/Manufacturing-1.png\",\"width\":900,\"height\":627},{\"@type\":\"BreadcrumbList\",\"@id\":\"https:\\\/\\\/gxp-training.com\\\/fr\\\/online-course\\\/fabrication-bpf-et-qualite\\\/#breadcrumb\",\"itemListElement\":[{\"@type\":\"ListItem\",\"position\":1,\"name\":\"Accueil\",\"item\":\"https:\\\/\\\/gxp-training.com\\\/fr\\\/page-daccueil\\\/\"},{\"@type\":\"ListItem\",\"position\":2,\"name\":\"Produits\",\"item\":\"https:\\\/\\\/gxp-training.com\\\/fr\\\/shop\\\/\"},{\"@type\":\"ListItem\",\"position\":3,\"name\":\"Fabrication (BPF) et Qualit\u00e9\"}]},{\"@type\":\"WebSite\",\"@id\":\"https:\\\/\\\/gxp-training.com\\\/fr\\\/#website\",\"url\":\"https:\\\/\\\/gxp-training.com\\\/fr\\\/\",\"name\":\"GxP Training : Certified Online Courses for Life Sciences\",\"description\":\"Online Trainings and Certified Courses in Regulatory Compliance for Pharmaceutical Experts\",\"publisher\":{\"@id\":\"https:\\\/\\\/gxp-training.com\\\/fr\\\/#organization\"},\"potentialAction\":[{\"@type\":\"SearchAction\",\"target\":{\"@type\":\"EntryPoint\",\"urlTemplate\":\"https:\\\/\\\/gxp-training.com\\\/fr\\\/?s={search_term_string}\"},\"query-input\":{\"@type\":\"PropertyValueSpecification\",\"valueRequired\":true,\"valueName\":\"search_term_string\"}}],\"inLanguage\":\"fr-FR\"},{\"@type\":\"Organization\",\"@id\":\"https:\\\/\\\/gxp-training.com\\\/fr\\\/#organization\",\"name\":\"GXP Training\",\"url\":\"https:\\\/\\\/gxp-training.com\\\/fr\\\/\",\"logo\":{\"@type\":\"ImageObject\",\"inLanguage\":\"fr-FR\",\"@id\":\"https:\\\/\\\/gxp-training.com\\\/fr\\\/#\\\/schema\\\/logo\\\/image\\\/\",\"url\":\"https:\\\/\\\/gxp-training.com\\\/wp-content\\\/uploads\\\/2022\\\/05\\\/logo-resize.png\",\"contentUrl\":\"https:\\\/\\\/gxp-training.com\\\/wp-content\\\/uploads\\\/2022\\\/05\\\/logo-resize.png\",\"width\":350,\"height\":100,\"caption\":\"GXP Training\"},\"image\":{\"@id\":\"https:\\\/\\\/gxp-training.com\\\/fr\\\/#\\\/schema\\\/logo\\\/image\\\/\"}}]}<\/script>\n<!-- \/ Yoast SEO plugin. -->","yoast_head_json":{"title":"Parcours de formation BPF - 6 cours certifi\u00e9s pour devenir un expert BPF","description":"Ma\u00eetrisez les BPF avec notre parcours d\u2019apprentissage certifi\u00e9 en ligne pour tout professionnel des sciences de la vie. Obtenez votre certification BPF d\u00e8s maintenant ! Accr\u00e9dit\u00e9 CPD et CEU.","robots":{"index":"index","follow":"follow","max-snippet":"max-snippet:-1","max-image-preview":"max-image-preview:large","max-video-preview":"max-video-preview:-1"},"canonical":"https:\/\/gxp-training.com\/fr\/online-course\/fabrication-bpf-et-qualite\/","og_locale":"fr_FR","og_type":"article","og_title":"Parcours de formation BPF - 6 cours certifi\u00e9s pour devenir un expert BPF","og_description":"Ma\u00eetrisez les BPF avec notre parcours d\u2019apprentissage certifi\u00e9 en ligne pour tout professionnel des sciences de la vie. Obtenez votre certification BPF d\u00e8s maintenant ! Accr\u00e9dit\u00e9 CPD et CEU.","og_url":"https:\/\/gxp-training.com\/fr\/online-course\/fabrication-bpf-et-qualite\/","og_site_name":"GxP Training : Certified Online Courses for Life Sciences","og_image":[{"width":900,"height":627,"url":"https:\/\/gxp-training.com\/wp-content\/uploads\/2023\/10\/Manufacturing-1.png","type":"image\/png"}],"twitter_card":"summary_large_image","twitter_misc":{"Dur\u00e9e de lecture estim\u00e9e":"1 minute"},"schema":{"@context":"https:\/\/schema.org","@graph":[{"@type":"WebPage","@id":"https:\/\/gxp-training.com\/fr\/online-course\/fabrication-bpf-et-qualite\/","url":"https:\/\/gxp-training.com\/fr\/online-course\/fabrication-bpf-et-qualite\/","name":"Parcours de formation BPF - 6 cours certifi\u00e9s pour devenir un expert BPF","isPartOf":{"@id":"https:\/\/gxp-training.com\/fr\/#website"},"primaryImageOfPage":{"@id":"https:\/\/gxp-training.com\/fr\/online-course\/fabrication-bpf-et-qualite\/#primaryimage"},"image":{"@id":"https:\/\/gxp-training.com\/fr\/online-course\/fabrication-bpf-et-qualite\/#primaryimage"},"thumbnailUrl":"https:\/\/gxp-training.com\/wp-content\/uploads\/2023\/10\/Manufacturing-1.png","datePublished":"2023-10-11T13:44:07+00:00","description":"Ma\u00eetrisez les BPF avec notre parcours d\u2019apprentissage certifi\u00e9 en ligne pour tout professionnel des sciences de la vie. Obtenez votre certification BPF d\u00e8s maintenant ! Accr\u00e9dit\u00e9 CPD et CEU.","breadcrumb":{"@id":"https:\/\/gxp-training.com\/fr\/online-course\/fabrication-bpf-et-qualite\/#breadcrumb"},"inLanguage":"fr-FR","potentialAction":[{"@type":"ReadAction","target":["https:\/\/gxp-training.com\/fr\/online-course\/fabrication-bpf-et-qualite\/"]}]},{"@type":"ImageObject","inLanguage":"fr-FR","@id":"https:\/\/gxp-training.com\/fr\/online-course\/fabrication-bpf-et-qualite\/#primaryimage","url":"https:\/\/gxp-training.com\/wp-content\/uploads\/2023\/10\/Manufacturing-1.png","contentUrl":"https:\/\/gxp-training.com\/wp-content\/uploads\/2023\/10\/Manufacturing-1.png","width":900,"height":627},{"@type":"BreadcrumbList","@id":"https:\/\/gxp-training.com\/fr\/online-course\/fabrication-bpf-et-qualite\/#breadcrumb","itemListElement":[{"@type":"ListItem","position":1,"name":"Accueil","item":"https:\/\/gxp-training.com\/fr\/page-daccueil\/"},{"@type":"ListItem","position":2,"name":"Produits","item":"https:\/\/gxp-training.com\/fr\/shop\/"},{"@type":"ListItem","position":3,"name":"Fabrication (BPF) et Qualit\u00e9"}]},{"@type":"WebSite","@id":"https:\/\/gxp-training.com\/fr\/#website","url":"https:\/\/gxp-training.com\/fr\/","name":"GxP Training : Certified Online Courses for Life Sciences","description":"Online Trainings and Certified Courses in Regulatory Compliance for Pharmaceutical Experts","publisher":{"@id":"https:\/\/gxp-training.com\/fr\/#organization"},"potentialAction":[{"@type":"SearchAction","target":{"@type":"EntryPoint","urlTemplate":"https:\/\/gxp-training.com\/fr\/?s={search_term_string}"},"query-input":{"@type":"PropertyValueSpecification","valueRequired":true,"valueName":"search_term_string"}}],"inLanguage":"fr-FR"},{"@type":"Organization","@id":"https:\/\/gxp-training.com\/fr\/#organization","name":"GXP Training","url":"https:\/\/gxp-training.com\/fr\/","logo":{"@type":"ImageObject","inLanguage":"fr-FR","@id":"https:\/\/gxp-training.com\/fr\/#\/schema\/logo\/image\/","url":"https:\/\/gxp-training.com\/wp-content\/uploads\/2022\/05\/logo-resize.png","contentUrl":"https:\/\/gxp-training.com\/wp-content\/uploads\/2022\/05\/logo-resize.png","width":350,"height":100,"caption":"GXP Training"},"image":{"@id":"https:\/\/gxp-training.com\/fr\/#\/schema\/logo\/image\/"}}]}},"_links":{"self":[{"href":"https:\/\/gxp-training.com\/fr\/wp-json\/wp\/v2\/product\/57650","targetHints":{"allow":["GET"]}}],"collection":[{"href":"https:\/\/gxp-training.com\/fr\/wp-json\/wp\/v2\/product"}],"about":[{"href":"https:\/\/gxp-training.com\/fr\/wp-json\/wp\/v2\/types\/product"}],"wp:featuredmedia":[{"embeddable":true,"href":"https:\/\/gxp-training.com\/fr\/wp-json\/wp\/v2\/media\/44504"}],"wp:attachment":[{"href":"https:\/\/gxp-training.com\/fr\/wp-json\/wp\/v2\/media?parent=57650"}],"wp:term":[{"taxonomy":"product_brand","embeddable":true,"href":"https:\/\/gxp-training.com\/fr\/wp-json\/wp\/v2\/product_brand?post=57650"},{"taxonomy":"product_cat","embeddable":true,"href":"https:\/\/gxp-training.com\/fr\/wp-json\/wp\/v2\/product_cat?post=57650"},{"taxonomy":"product_tag","embeddable":true,"href":"https:\/\/gxp-training.com\/fr\/wp-json\/wp\/v2\/product_tag?post=57650"}],"curies":[{"name":"wp","href":"https:\/\/api.w.org\/{rel}","templated":true}]}}