{"id":57645,"date":"2023-08-14T14:14:51","date_gmt":"2023-08-14T13:14:51","guid":{"rendered":"https:\/\/gxp-training.com\/online-course\/bpf-pour-les-cosmetiques-et-iso-22716\/"},"modified":"2023-08-14T14:14:51","modified_gmt":"2023-08-14T12:14:51","slug":"bpf-pour-les-cosmetiques-et-iso-22716","status":"publish","type":"product","link":"https:\/\/gxp-training.com\/fr\/online-course\/bpf-pour-les-cosmetiques-et-iso-22716\/","title":{"rendered":"BPF pour les cosm\u00e9tiques et ISO 22716"},"content":{"rendered":"<p>Ce cours certifi\u00e9 sur les BPF pour les cosm\u00e9tiques et l\u2019ISO 22716 offre un aper\u00e7u pratique de la conformit\u00e9 qualit\u00e9 et r\u00e9glementaire dans la fabrication cosm\u00e9tique. Les participants exploreront les principes des <a href=\"https:\/\/www.ema.europa.eu\/en\/human-regulatory-overview\/research-development\/compliance-research-development\/good-manufacturing-practice\">Bonnes Pratiques de Fabrication<\/a>, en se concentrant sur le personnel, les locaux, l\u2019\u00e9quipement, la production, le contr\u00f4le qualit\u00e9 et la documentation. <\/p>\n<p>Une fois la formation r\u00e9ussie, les participants re\u00e7oivent un <strong>certificat accr\u00e9dit\u00e9 avec des cr\u00e9dits CPD\/CEU<\/strong> t\u00e9l\u00e9chargeable, id\u00e9al pour les dossiers professionnels et RH.<br \/>\n&nbsp;<br \/>\n<strong>\u00c0 qui s\u2019adresse ce cours ?<\/strong><\/p>\n<ul>\n<li>Professionnels de l\u2019<a href=\"https:\/\/gxp-training.com\/fr\/gxp-courses\/assurance-qualite\/\">assurance qualit\u00e9<\/a> et du contr\u00f4le qualit\u00e9 dans l\u2019industrie cosm\u00e9tique<\/li>\n<li>D\u00e9veloppeurs et formulateurs de produits cosm\u00e9tiques<\/li>\n<li>\u00c9quipes des affaires r\u00e9glementaires et de la conformit\u00e9<\/li>\n<li>Auditeurs internes et responsables qualit\u00e9<\/li>\n<\/ul>\n<p>&nbsp;<br \/>\n<strong>Qu\u2019allez-vous apprendre ?<\/strong><\/p>\n<ul>\n<li>Principes et importance des BPF pour les cosm\u00e9tiques<\/li>\n<li>Champ d\u2019application et exigences de l\u2019ISO 22716<\/li>\n<li>Op\u00e9rations de fabrication et de conditionnement sous <a href=\"https:\/\/gxp-training.com\/fr\/gxp-courses\/bpf-bonnes-pratiques-de-fabrication\/\">BPF<\/a><\/li>\n<li>Tests de contr\u00f4le qualit\u00e9, gestion des r\u00e9clamations et rappels de produits<\/li>\n<li>Gestion des changements, audits internes et meilleures pratiques de documentation<\/li>\n<\/ul>\n<p>&nbsp;<\/p>\n<h2><strong>Programme :<\/strong><\/h2>\n<p><strong>Introduction<\/strong><\/p>\n<p><strong>Le\u00e7on 1 : Aper\u00e7u de la ligne directrice<\/strong><\/p>\n<p><strong> Le\u00e7on 2 : Exigences relatives au personnel <\/strong><\/p>\n<p><strong>Le\u00e7on 3 : Exigences relatives aux locaux <\/strong><\/p>\n<p><strong>Le\u00e7on 4 : Exigences relatives \u00e0 l\u2019\u00e9quipement, aux mati\u00e8res premi\u00e8res et aux articles de conditionnement <\/strong><\/p>\n<p><strong>Le\u00e7on 5 : Exigences relatives \u00e0 la production et aux produits finis <\/strong><\/p>\n<p><strong>Le\u00e7on 6 : Exigences relatives aux tests de contr\u00f4le qualit\u00e9 <\/strong><\/p>\n<p><strong>Le\u00e7on 7 : Exigences relatives \u00e0 la gestion des r\u00e9clamations et des rappels <\/strong><\/p>\n<p><strong>Le\u00e7on 8 : Exigences relatives \u00e0 la gestion des changements et \u00e0 l\u2019<a href=\"https:\/\/gxp-training.com\/online-course\/clinical-trials-preparing-for-an-audit-or-an-inspection\/\">audit interne<\/a> <\/strong><\/p>\n<p><strong>Le\u00e7on 9 : Exigences relatives \u00e0 la documentation<\/strong><\/p>\n<p><strong>Conclusion<\/strong><\/p>\n<p><strong>Glossaire<\/strong><\/p>\n<p><strong>\u00c9valuation<\/strong><\/p>\n","protected":false},"excerpt":{"rendered":"<p>Ce cours certifi\u00e9 sur les BPF pour les cosm\u00e9tiques et l\u2019ISO 22716 offre un aper\u00e7u pratique de la conformit\u00e9 qualit\u00e9 et r\u00e9glementaire dans la fabrication cosm\u00e9tique. Les participants exploreront les principes des Bonnes Pratiques de Fabrication, en se concentrant sur le personnel, les locaux, l\u2019\u00e9quipement, la production, le contr\u00f4le qualit\u00e9 et la documentation. Une fois [&hellip;]<\/p>\n","protected":false},"featured_media":44181,"template":"","meta":{"_acf_changed":false,"content-type":""},"product_brand":[],"product_cat":[254,261],"product_tag":[],"class_list":{"0":"post-57645","1":"product","2":"type-product","3":"status-publish","4":"has-post-thumbnail","6":"product_cat-bpf-bonnes-pratiques-de-fabrication","7":"product_cat-cosmetiques","9":"first","10":"instock","11":"taxable","12":"shipping-taxable","13":"purchasable","14":"product-type-subscription"},"bundled_by":[],"bundle_stock_status":"instock","bundle_stock_quantity":null,"bundle_virtual":false,"bundle_layout":"","bundle_add_to_cart_form_location":"","bundle_editable_in_cart":false,"bundle_sold_individually_context":"","bundle_item_grouping":"","bundle_min_size":"","bundle_max_size":"","bundle_price":[],"bundled_items":[],"bundle_sell_ids":[],"acf":[],"yoast_head":"<!-- This site is optimized with the Yoast SEO plugin v27.5 - https:\/\/yoast.com\/product\/yoast-seo-wordpress\/ -->\n<title>BPF pour les cosm\u00e9tiques et ISO 22716 - Cours en ligne et certification<\/title>\n<meta name=\"description\" content=\"Ma\u00eetrisez les normes ISO 22716 avec notre cours BPF pour les cosm\u00e9tiques. Obtenez votre certification en pratiques de fabrication cosm\u00e9tique, du contr\u00f4le qualit\u00e9 \u00e0 la gestion des changements. Inscrivez-vous d\u00e8s maintenant pour renforcer votre expertise et obtenir vos unit\u00e9s CPD ou CEU.\" \/>\n<meta name=\"robots\" content=\"index, follow, max-snippet:-1, max-image-preview:large, max-video-preview:-1\" \/>\n<link rel=\"canonical\" href=\"https:\/\/gxp-training.com\/fr\/online-course\/bpf-pour-les-cosmetiques-et-iso-22716\/\" \/>\n<meta property=\"og:locale\" content=\"fr_FR\" \/>\n<meta property=\"og:type\" content=\"article\" \/>\n<meta property=\"og:title\" content=\"BPF pour les cosm\u00e9tiques et ISO 22716 - Cours en ligne et certification\" \/>\n<meta property=\"og:description\" content=\"Ma\u00eetrisez les normes ISO 22716 avec notre cours BPF pour les cosm\u00e9tiques. Obtenez votre certification en pratiques de fabrication cosm\u00e9tique, du contr\u00f4le qualit\u00e9 \u00e0 la gestion des changements. Inscrivez-vous d\u00e8s maintenant pour renforcer votre expertise et obtenir vos unit\u00e9s CPD ou CEU.\" \/>\n<meta property=\"og:url\" content=\"https:\/\/gxp-training.com\/fr\/online-course\/bpf-pour-les-cosmetiques-et-iso-22716\/\" \/>\n<meta property=\"og:site_name\" content=\"GxP Training : Certified Online Courses for Life Sciences\" \/>\n<meta property=\"og:image\" content=\"https:\/\/gxp-training.com\/wp-content\/uploads\/2023\/08\/gmp-for-cosmetics-2.png\" \/>\n\t<meta property=\"og:image:width\" content=\"900\" \/>\n\t<meta property=\"og:image:height\" content=\"627\" \/>\n\t<meta property=\"og:image:type\" content=\"image\/png\" \/>\n<meta name=\"twitter:card\" content=\"summary_large_image\" \/>\n<meta name=\"twitter:label1\" content=\"Dur\u00e9e de lecture estim\u00e9e\" \/>\n\t<meta name=\"twitter:data1\" content=\"1 minute\" \/>\n<script type=\"application\/ld+json\" class=\"yoast-schema-graph\">{\"@context\":\"https:\\\/\\\/schema.org\",\"@graph\":[{\"@type\":\"WebPage\",\"@id\":\"https:\\\/\\\/gxp-training.com\\\/fr\\\/online-course\\\/bpf-pour-les-cosmetiques-et-iso-22716\\\/\",\"url\":\"https:\\\/\\\/gxp-training.com\\\/fr\\\/online-course\\\/bpf-pour-les-cosmetiques-et-iso-22716\\\/\",\"name\":\"BPF pour les cosm\u00e9tiques et ISO 22716 - Cours en ligne et certification\",\"isPartOf\":{\"@id\":\"https:\\\/\\\/gxp-training.com\\\/fr\\\/#website\"},\"primaryImageOfPage\":{\"@id\":\"https:\\\/\\\/gxp-training.com\\\/fr\\\/online-course\\\/bpf-pour-les-cosmetiques-et-iso-22716\\\/#primaryimage\"},\"image\":{\"@id\":\"https:\\\/\\\/gxp-training.com\\\/fr\\\/online-course\\\/bpf-pour-les-cosmetiques-et-iso-22716\\\/#primaryimage\"},\"thumbnailUrl\":\"https:\\\/\\\/gxp-training.com\\\/wp-content\\\/uploads\\\/2023\\\/08\\\/gmp-for-cosmetics-2.png\",\"datePublished\":\"2023-08-14T13:14:51+00:00\",\"description\":\"Ma\u00eetrisez les normes ISO 22716 avec notre cours BPF pour les cosm\u00e9tiques. Obtenez votre certification en pratiques de fabrication cosm\u00e9tique, du contr\u00f4le qualit\u00e9 \u00e0 la gestion des changements. Inscrivez-vous d\u00e8s maintenant pour renforcer votre expertise et obtenir vos unit\u00e9s CPD ou CEU.\",\"breadcrumb\":{\"@id\":\"https:\\\/\\\/gxp-training.com\\\/fr\\\/online-course\\\/bpf-pour-les-cosmetiques-et-iso-22716\\\/#breadcrumb\"},\"inLanguage\":\"fr-FR\",\"potentialAction\":[{\"@type\":\"ReadAction\",\"target\":[\"https:\\\/\\\/gxp-training.com\\\/fr\\\/online-course\\\/bpf-pour-les-cosmetiques-et-iso-22716\\\/\"]}]},{\"@type\":\"ImageObject\",\"inLanguage\":\"fr-FR\",\"@id\":\"https:\\\/\\\/gxp-training.com\\\/fr\\\/online-course\\\/bpf-pour-les-cosmetiques-et-iso-22716\\\/#primaryimage\",\"url\":\"https:\\\/\\\/gxp-training.com\\\/wp-content\\\/uploads\\\/2023\\\/08\\\/gmp-for-cosmetics-2.png\",\"contentUrl\":\"https:\\\/\\\/gxp-training.com\\\/wp-content\\\/uploads\\\/2023\\\/08\\\/gmp-for-cosmetics-2.png\",\"width\":900,\"height\":627},{\"@type\":\"BreadcrumbList\",\"@id\":\"https:\\\/\\\/gxp-training.com\\\/fr\\\/online-course\\\/bpf-pour-les-cosmetiques-et-iso-22716\\\/#breadcrumb\",\"itemListElement\":[{\"@type\":\"ListItem\",\"position\":1,\"name\":\"Accueil\",\"item\":\"https:\\\/\\\/gxp-training.com\\\/fr\\\/page-daccueil\\\/\"},{\"@type\":\"ListItem\",\"position\":2,\"name\":\"Produits\",\"item\":\"https:\\\/\\\/gxp-training.com\\\/fr\\\/shop\\\/\"},{\"@type\":\"ListItem\",\"position\":3,\"name\":\"BPF pour les cosm\u00e9tiques et ISO 22716\"}]},{\"@type\":\"WebSite\",\"@id\":\"https:\\\/\\\/gxp-training.com\\\/fr\\\/#website\",\"url\":\"https:\\\/\\\/gxp-training.com\\\/fr\\\/\",\"name\":\"GxP Training : Certified Online Courses for Life Sciences\",\"description\":\"Online Trainings and Certified Courses in Regulatory Compliance for Pharmaceutical Experts\",\"publisher\":{\"@id\":\"https:\\\/\\\/gxp-training.com\\\/fr\\\/#organization\"},\"potentialAction\":[{\"@type\":\"SearchAction\",\"target\":{\"@type\":\"EntryPoint\",\"urlTemplate\":\"https:\\\/\\\/gxp-training.com\\\/fr\\\/?s={search_term_string}\"},\"query-input\":{\"@type\":\"PropertyValueSpecification\",\"valueRequired\":true,\"valueName\":\"search_term_string\"}}],\"inLanguage\":\"fr-FR\"},{\"@type\":\"Organization\",\"@id\":\"https:\\\/\\\/gxp-training.com\\\/fr\\\/#organization\",\"name\":\"GXP Training\",\"url\":\"https:\\\/\\\/gxp-training.com\\\/fr\\\/\",\"logo\":{\"@type\":\"ImageObject\",\"inLanguage\":\"fr-FR\",\"@id\":\"https:\\\/\\\/gxp-training.com\\\/fr\\\/#\\\/schema\\\/logo\\\/image\\\/\",\"url\":\"https:\\\/\\\/gxp-training.com\\\/wp-content\\\/uploads\\\/2022\\\/05\\\/logo-resize.png\",\"contentUrl\":\"https:\\\/\\\/gxp-training.com\\\/wp-content\\\/uploads\\\/2022\\\/05\\\/logo-resize.png\",\"width\":350,\"height\":100,\"caption\":\"GXP Training\"},\"image\":{\"@id\":\"https:\\\/\\\/gxp-training.com\\\/fr\\\/#\\\/schema\\\/logo\\\/image\\\/\"}}]}<\/script>\n<!-- \/ Yoast SEO plugin. -->","yoast_head_json":{"title":"BPF pour les cosm\u00e9tiques et ISO 22716 - Cours en ligne et certification","description":"Ma\u00eetrisez les normes ISO 22716 avec notre cours BPF pour les cosm\u00e9tiques. Obtenez votre certification en pratiques de fabrication cosm\u00e9tique, du contr\u00f4le qualit\u00e9 \u00e0 la gestion des changements. Inscrivez-vous d\u00e8s maintenant pour renforcer votre expertise et obtenir vos unit\u00e9s CPD ou CEU.","robots":{"index":"index","follow":"follow","max-snippet":"max-snippet:-1","max-image-preview":"max-image-preview:large","max-video-preview":"max-video-preview:-1"},"canonical":"https:\/\/gxp-training.com\/fr\/online-course\/bpf-pour-les-cosmetiques-et-iso-22716\/","og_locale":"fr_FR","og_type":"article","og_title":"BPF pour les cosm\u00e9tiques et ISO 22716 - Cours en ligne et certification","og_description":"Ma\u00eetrisez les normes ISO 22716 avec notre cours BPF pour les cosm\u00e9tiques. Obtenez votre certification en pratiques de fabrication cosm\u00e9tique, du contr\u00f4le qualit\u00e9 \u00e0 la gestion des changements. Inscrivez-vous d\u00e8s maintenant pour renforcer votre expertise et obtenir vos unit\u00e9s CPD ou CEU.","og_url":"https:\/\/gxp-training.com\/fr\/online-course\/bpf-pour-les-cosmetiques-et-iso-22716\/","og_site_name":"GxP Training : Certified Online Courses for Life Sciences","og_image":[{"width":900,"height":627,"url":"https:\/\/gxp-training.com\/wp-content\/uploads\/2023\/08\/gmp-for-cosmetics-2.png","type":"image\/png"}],"twitter_card":"summary_large_image","twitter_misc":{"Dur\u00e9e de lecture estim\u00e9e":"1 minute"},"schema":{"@context":"https:\/\/schema.org","@graph":[{"@type":"WebPage","@id":"https:\/\/gxp-training.com\/fr\/online-course\/bpf-pour-les-cosmetiques-et-iso-22716\/","url":"https:\/\/gxp-training.com\/fr\/online-course\/bpf-pour-les-cosmetiques-et-iso-22716\/","name":"BPF pour les cosm\u00e9tiques et ISO 22716 - Cours en ligne et certification","isPartOf":{"@id":"https:\/\/gxp-training.com\/fr\/#website"},"primaryImageOfPage":{"@id":"https:\/\/gxp-training.com\/fr\/online-course\/bpf-pour-les-cosmetiques-et-iso-22716\/#primaryimage"},"image":{"@id":"https:\/\/gxp-training.com\/fr\/online-course\/bpf-pour-les-cosmetiques-et-iso-22716\/#primaryimage"},"thumbnailUrl":"https:\/\/gxp-training.com\/wp-content\/uploads\/2023\/08\/gmp-for-cosmetics-2.png","datePublished":"2023-08-14T13:14:51+00:00","description":"Ma\u00eetrisez les normes ISO 22716 avec notre cours BPF pour les cosm\u00e9tiques. Obtenez votre certification en pratiques de fabrication cosm\u00e9tique, du contr\u00f4le qualit\u00e9 \u00e0 la gestion des changements. Inscrivez-vous d\u00e8s maintenant pour renforcer votre expertise et obtenir vos unit\u00e9s CPD ou CEU.","breadcrumb":{"@id":"https:\/\/gxp-training.com\/fr\/online-course\/bpf-pour-les-cosmetiques-et-iso-22716\/#breadcrumb"},"inLanguage":"fr-FR","potentialAction":[{"@type":"ReadAction","target":["https:\/\/gxp-training.com\/fr\/online-course\/bpf-pour-les-cosmetiques-et-iso-22716\/"]}]},{"@type":"ImageObject","inLanguage":"fr-FR","@id":"https:\/\/gxp-training.com\/fr\/online-course\/bpf-pour-les-cosmetiques-et-iso-22716\/#primaryimage","url":"https:\/\/gxp-training.com\/wp-content\/uploads\/2023\/08\/gmp-for-cosmetics-2.png","contentUrl":"https:\/\/gxp-training.com\/wp-content\/uploads\/2023\/08\/gmp-for-cosmetics-2.png","width":900,"height":627},{"@type":"BreadcrumbList","@id":"https:\/\/gxp-training.com\/fr\/online-course\/bpf-pour-les-cosmetiques-et-iso-22716\/#breadcrumb","itemListElement":[{"@type":"ListItem","position":1,"name":"Accueil","item":"https:\/\/gxp-training.com\/fr\/page-daccueil\/"},{"@type":"ListItem","position":2,"name":"Produits","item":"https:\/\/gxp-training.com\/fr\/shop\/"},{"@type":"ListItem","position":3,"name":"BPF pour les cosm\u00e9tiques et ISO 22716"}]},{"@type":"WebSite","@id":"https:\/\/gxp-training.com\/fr\/#website","url":"https:\/\/gxp-training.com\/fr\/","name":"GxP Training : Certified Online Courses for Life Sciences","description":"Online Trainings and Certified Courses in Regulatory Compliance for Pharmaceutical Experts","publisher":{"@id":"https:\/\/gxp-training.com\/fr\/#organization"},"potentialAction":[{"@type":"SearchAction","target":{"@type":"EntryPoint","urlTemplate":"https:\/\/gxp-training.com\/fr\/?s={search_term_string}"},"query-input":{"@type":"PropertyValueSpecification","valueRequired":true,"valueName":"search_term_string"}}],"inLanguage":"fr-FR"},{"@type":"Organization","@id":"https:\/\/gxp-training.com\/fr\/#organization","name":"GXP Training","url":"https:\/\/gxp-training.com\/fr\/","logo":{"@type":"ImageObject","inLanguage":"fr-FR","@id":"https:\/\/gxp-training.com\/fr\/#\/schema\/logo\/image\/","url":"https:\/\/gxp-training.com\/wp-content\/uploads\/2022\/05\/logo-resize.png","contentUrl":"https:\/\/gxp-training.com\/wp-content\/uploads\/2022\/05\/logo-resize.png","width":350,"height":100,"caption":"GXP Training"},"image":{"@id":"https:\/\/gxp-training.com\/fr\/#\/schema\/logo\/image\/"}}]}},"_links":{"self":[{"href":"https:\/\/gxp-training.com\/fr\/wp-json\/wp\/v2\/product\/57645","targetHints":{"allow":["GET"]}}],"collection":[{"href":"https:\/\/gxp-training.com\/fr\/wp-json\/wp\/v2\/product"}],"about":[{"href":"https:\/\/gxp-training.com\/fr\/wp-json\/wp\/v2\/types\/product"}],"wp:featuredmedia":[{"embeddable":true,"href":"https:\/\/gxp-training.com\/fr\/wp-json\/wp\/v2\/media\/44181"}],"wp:attachment":[{"href":"https:\/\/gxp-training.com\/fr\/wp-json\/wp\/v2\/media?parent=57645"}],"wp:term":[{"taxonomy":"product_brand","embeddable":true,"href":"https:\/\/gxp-training.com\/fr\/wp-json\/wp\/v2\/product_brand?post=57645"},{"taxonomy":"product_cat","embeddable":true,"href":"https:\/\/gxp-training.com\/fr\/wp-json\/wp\/v2\/product_cat?post=57645"},{"taxonomy":"product_tag","embeddable":true,"href":"https:\/\/gxp-training.com\/fr\/wp-json\/wp\/v2\/product_tag?post=57645"}],"curies":[{"name":"wp","href":"https:\/\/api.w.org\/{rel}","templated":true}]}}