{"id":57638,"date":"2023-10-13T12:58:47","date_gmt":"2023-10-13T11:58:47","guid":{"rendered":"https:\/\/gxp-training.com\/online-course\/dispositifs-medicaux\/"},"modified":"2023-10-13T12:58:47","modified_gmt":"2023-10-13T10:58:47","slug":"dispositifs-medicaux","status":"publish","type":"product","link":"https:\/\/gxp-training.com\/fr\/online-course\/dispositifs-medicaux\/","title":{"rendered":"Dispositifs m\u00e9dicaux"},"content":{"rendered":"<p>Plongez au c\u0153ur de l\u2019univers complexe des dispositifs m\u00e9dicaux avec notre pack de formation sur mesure. Con\u00e7u pour les professionnels, les passionn\u00e9s et les parties prenantes, ce cours complet offre un m\u00e9lange unique de r\u00e9glementations UE et FDA. Que vous cherchiez \u00e0 comprendre les diff\u00e9rences subtiles entre les bonnes pratiques de fabrication (GMP) UE et FDA pour les dispositifs m\u00e9dicaux ou \u00e0 ma\u00eetriser le dernier R\u00e8glement relatif aux dispositifs m\u00e9dicaux (MDR 2017\/745), ce pack r\u00e9pond \u00e0 vos besoins.  <\/p>\n<p>Mais ce n\u2019est pas tout. Gr\u00e2ce \u00e0 un module exclusif sur les inspections de conformit\u00e9 r\u00e9glementaire et les audits externes, vous disposerez des connaissances pratiques pour aborder les inspections en toute confiance. Et avec un contenu mis \u00e0 jour chaque mois, vous avez l\u2019assurance de rester au fait des derni\u00e8res \u00e9volutions du paysage r\u00e9glementaire des dispositifs m\u00e9dicaux.  <\/p>\n<p>Rejoignez-nous et embarquez pour un parcours qui promet non seulement l\u2019apprentissage, mais aussi une attestation de fin de formation, attestant de votre nouvelle expertise. Investissez dans un savoir qui vous donne les moyens d\u2019agir. R\u00e9servez votre place dans le monde en \u00e9volution des dispositifs m\u00e9dicaux.  <\/p>\n","protected":false},"excerpt":{"rendered":"<p>Plongez au c\u0153ur de l\u2019univers complexe des dispositifs m\u00e9dicaux avec notre pack de formation sur mesure. Con\u00e7u pour les professionnels, les passionn\u00e9s et les parties prenantes, ce cours complet offre un m\u00e9lange unique de r\u00e9glementations UE et FDA. Que vous cherchiez \u00e0 comprendre les diff\u00e9rences subtiles entre les bonnes pratiques de fabrication (GMP) UE et [&hellip;]<\/p>\n","protected":false},"featured_media":44518,"template":"","meta":{"_acf_changed":false,"content-type":""},"product_brand":[],"product_cat":[284],"product_tag":[],"class_list":{"0":"post-57638","1":"product","2":"type-product","3":"status-publish","4":"has-post-thumbnail","6":"product_cat-parcours-dapprentissage","8":"first","9":"instock","10":"taxable","11":"shipping-taxable","12":"purchasable","13":"product-type-subscription"},"bundled_by":[],"bundle_stock_status":"instock","bundle_stock_quantity":null,"bundle_virtual":false,"bundle_layout":"","bundle_add_to_cart_form_location":"","bundle_editable_in_cart":false,"bundle_sold_individually_context":"","bundle_item_grouping":"","bundle_min_size":"","bundle_max_size":"","bundle_price":[],"bundled_items":[],"bundle_sell_ids":[57108,43289,44019,57380],"acf":[],"yoast_head":"<!-- This site is optimized with the Yoast SEO plugin v27.5 - https:\/\/yoast.com\/product\/yoast-seo-wordpress\/ -->\n<title>Parcours de formation certifiant sur les dispositifs m\u00e9dicaux - Formation GxP<\/title>\n<meta name=\"description\" content=\"Certification de formation sur les dispositifs m\u00e9dicaux pour les professionnels qui fabriquent et distribuent des dispositifs m\u00e9dicaux. Nos cours sont accr\u00e9dit\u00e9s CPD et CEU.\" \/>\n<meta name=\"robots\" content=\"index, follow, max-snippet:-1, max-image-preview:large, max-video-preview:-1\" \/>\n<link rel=\"canonical\" href=\"https:\/\/gxp-training.com\/fr\/online-course\/dispositifs-medicaux\/\" \/>\n<meta property=\"og:locale\" content=\"fr_FR\" \/>\n<meta property=\"og:type\" content=\"article\" \/>\n<meta property=\"og:title\" content=\"Parcours de formation certifiant sur les dispositifs m\u00e9dicaux - Formation GxP\" \/>\n<meta property=\"og:description\" content=\"Certification de formation sur les dispositifs m\u00e9dicaux pour les professionnels qui fabriquent et distribuent des dispositifs m\u00e9dicaux. Nos cours sont accr\u00e9dit\u00e9s CPD et CEU.\" \/>\n<meta property=\"og:url\" content=\"https:\/\/gxp-training.com\/fr\/online-course\/dispositifs-medicaux\/\" \/>\n<meta property=\"og:site_name\" content=\"GxP Training : Certified Online Courses for Life Sciences\" \/>\n<meta property=\"og:image\" content=\"https:\/\/gxp-training.com\/wp-content\/uploads\/2023\/09\/medical-devices.png\" \/>\n\t<meta property=\"og:image:width\" content=\"900\" \/>\n\t<meta property=\"og:image:height\" content=\"627\" \/>\n\t<meta property=\"og:image:type\" content=\"image\/png\" \/>\n<meta name=\"twitter:card\" content=\"summary_large_image\" \/>\n<meta name=\"twitter:label1\" content=\"Dur\u00e9e de lecture estim\u00e9e\" \/>\n\t<meta name=\"twitter:data1\" content=\"1 minute\" \/>\n<script type=\"application\/ld+json\" class=\"yoast-schema-graph\">{\"@context\":\"https:\\\/\\\/schema.org\",\"@graph\":[{\"@type\":\"WebPage\",\"@id\":\"https:\\\/\\\/gxp-training.com\\\/fr\\\/online-course\\\/dispositifs-medicaux\\\/\",\"url\":\"https:\\\/\\\/gxp-training.com\\\/fr\\\/online-course\\\/dispositifs-medicaux\\\/\",\"name\":\"Parcours de formation certifiant sur les dispositifs m\u00e9dicaux - Formation GxP\",\"isPartOf\":{\"@id\":\"https:\\\/\\\/gxp-training.com\\\/fr\\\/#website\"},\"primaryImageOfPage\":{\"@id\":\"https:\\\/\\\/gxp-training.com\\\/fr\\\/online-course\\\/dispositifs-medicaux\\\/#primaryimage\"},\"image\":{\"@id\":\"https:\\\/\\\/gxp-training.com\\\/fr\\\/online-course\\\/dispositifs-medicaux\\\/#primaryimage\"},\"thumbnailUrl\":\"https:\\\/\\\/gxp-training.com\\\/wp-content\\\/uploads\\\/2023\\\/09\\\/medical-devices.png\",\"datePublished\":\"2023-10-13T11:58:47+00:00\",\"description\":\"Certification de formation sur les dispositifs m\u00e9dicaux pour les professionnels qui fabriquent et distribuent des dispositifs m\u00e9dicaux. Nos cours sont accr\u00e9dit\u00e9s CPD et CEU.\",\"breadcrumb\":{\"@id\":\"https:\\\/\\\/gxp-training.com\\\/fr\\\/online-course\\\/dispositifs-medicaux\\\/#breadcrumb\"},\"inLanguage\":\"fr-FR\",\"potentialAction\":[{\"@type\":\"ReadAction\",\"target\":[\"https:\\\/\\\/gxp-training.com\\\/fr\\\/online-course\\\/dispositifs-medicaux\\\/\"]}]},{\"@type\":\"ImageObject\",\"inLanguage\":\"fr-FR\",\"@id\":\"https:\\\/\\\/gxp-training.com\\\/fr\\\/online-course\\\/dispositifs-medicaux\\\/#primaryimage\",\"url\":\"https:\\\/\\\/gxp-training.com\\\/wp-content\\\/uploads\\\/2023\\\/09\\\/medical-devices.png\",\"contentUrl\":\"https:\\\/\\\/gxp-training.com\\\/wp-content\\\/uploads\\\/2023\\\/09\\\/medical-devices.png\",\"width\":900,\"height\":627},{\"@type\":\"BreadcrumbList\",\"@id\":\"https:\\\/\\\/gxp-training.com\\\/fr\\\/online-course\\\/dispositifs-medicaux\\\/#breadcrumb\",\"itemListElement\":[{\"@type\":\"ListItem\",\"position\":1,\"name\":\"Accueil\",\"item\":\"https:\\\/\\\/gxp-training.com\\\/fr\\\/page-daccueil\\\/\"},{\"@type\":\"ListItem\",\"position\":2,\"name\":\"Produits\",\"item\":\"https:\\\/\\\/gxp-training.com\\\/fr\\\/shop\\\/\"},{\"@type\":\"ListItem\",\"position\":3,\"name\":\"Dispositifs m\u00e9dicaux\"}]},{\"@type\":\"WebSite\",\"@id\":\"https:\\\/\\\/gxp-training.com\\\/fr\\\/#website\",\"url\":\"https:\\\/\\\/gxp-training.com\\\/fr\\\/\",\"name\":\"GxP Training : Certified Online Courses for Life Sciences\",\"description\":\"Online Trainings and Certified Courses in Regulatory Compliance for Pharmaceutical Experts\",\"publisher\":{\"@id\":\"https:\\\/\\\/gxp-training.com\\\/fr\\\/#organization\"},\"potentialAction\":[{\"@type\":\"SearchAction\",\"target\":{\"@type\":\"EntryPoint\",\"urlTemplate\":\"https:\\\/\\\/gxp-training.com\\\/fr\\\/?s={search_term_string}\"},\"query-input\":{\"@type\":\"PropertyValueSpecification\",\"valueRequired\":true,\"valueName\":\"search_term_string\"}}],\"inLanguage\":\"fr-FR\"},{\"@type\":\"Organization\",\"@id\":\"https:\\\/\\\/gxp-training.com\\\/fr\\\/#organization\",\"name\":\"GXP Training\",\"url\":\"https:\\\/\\\/gxp-training.com\\\/fr\\\/\",\"logo\":{\"@type\":\"ImageObject\",\"inLanguage\":\"fr-FR\",\"@id\":\"https:\\\/\\\/gxp-training.com\\\/fr\\\/#\\\/schema\\\/logo\\\/image\\\/\",\"url\":\"https:\\\/\\\/gxp-training.com\\\/wp-content\\\/uploads\\\/2022\\\/05\\\/logo-resize.png\",\"contentUrl\":\"https:\\\/\\\/gxp-training.com\\\/wp-content\\\/uploads\\\/2022\\\/05\\\/logo-resize.png\",\"width\":350,\"height\":100,\"caption\":\"GXP Training\"},\"image\":{\"@id\":\"https:\\\/\\\/gxp-training.com\\\/fr\\\/#\\\/schema\\\/logo\\\/image\\\/\"}}]}<\/script>\n<!-- \/ Yoast SEO plugin. -->","yoast_head_json":{"title":"Parcours de formation certifiant sur les dispositifs m\u00e9dicaux - Formation GxP","description":"Certification de formation sur les dispositifs m\u00e9dicaux pour les professionnels qui fabriquent et distribuent des dispositifs m\u00e9dicaux. Nos cours sont accr\u00e9dit\u00e9s CPD et CEU.","robots":{"index":"index","follow":"follow","max-snippet":"max-snippet:-1","max-image-preview":"max-image-preview:large","max-video-preview":"max-video-preview:-1"},"canonical":"https:\/\/gxp-training.com\/fr\/online-course\/dispositifs-medicaux\/","og_locale":"fr_FR","og_type":"article","og_title":"Parcours de formation certifiant sur les dispositifs m\u00e9dicaux - Formation GxP","og_description":"Certification de formation sur les dispositifs m\u00e9dicaux pour les professionnels qui fabriquent et distribuent des dispositifs m\u00e9dicaux. Nos cours sont accr\u00e9dit\u00e9s CPD et CEU.","og_url":"https:\/\/gxp-training.com\/fr\/online-course\/dispositifs-medicaux\/","og_site_name":"GxP Training : Certified Online Courses for Life Sciences","og_image":[{"width":900,"height":627,"url":"https:\/\/gxp-training.com\/wp-content\/uploads\/2023\/09\/medical-devices.png","type":"image\/png"}],"twitter_card":"summary_large_image","twitter_misc":{"Dur\u00e9e de lecture estim\u00e9e":"1 minute"},"schema":{"@context":"https:\/\/schema.org","@graph":[{"@type":"WebPage","@id":"https:\/\/gxp-training.com\/fr\/online-course\/dispositifs-medicaux\/","url":"https:\/\/gxp-training.com\/fr\/online-course\/dispositifs-medicaux\/","name":"Parcours de formation certifiant sur les dispositifs m\u00e9dicaux - Formation GxP","isPartOf":{"@id":"https:\/\/gxp-training.com\/fr\/#website"},"primaryImageOfPage":{"@id":"https:\/\/gxp-training.com\/fr\/online-course\/dispositifs-medicaux\/#primaryimage"},"image":{"@id":"https:\/\/gxp-training.com\/fr\/online-course\/dispositifs-medicaux\/#primaryimage"},"thumbnailUrl":"https:\/\/gxp-training.com\/wp-content\/uploads\/2023\/09\/medical-devices.png","datePublished":"2023-10-13T11:58:47+00:00","description":"Certification de formation sur les dispositifs m\u00e9dicaux pour les professionnels qui fabriquent et distribuent des dispositifs m\u00e9dicaux. Nos cours sont accr\u00e9dit\u00e9s CPD et CEU.","breadcrumb":{"@id":"https:\/\/gxp-training.com\/fr\/online-course\/dispositifs-medicaux\/#breadcrumb"},"inLanguage":"fr-FR","potentialAction":[{"@type":"ReadAction","target":["https:\/\/gxp-training.com\/fr\/online-course\/dispositifs-medicaux\/"]}]},{"@type":"ImageObject","inLanguage":"fr-FR","@id":"https:\/\/gxp-training.com\/fr\/online-course\/dispositifs-medicaux\/#primaryimage","url":"https:\/\/gxp-training.com\/wp-content\/uploads\/2023\/09\/medical-devices.png","contentUrl":"https:\/\/gxp-training.com\/wp-content\/uploads\/2023\/09\/medical-devices.png","width":900,"height":627},{"@type":"BreadcrumbList","@id":"https:\/\/gxp-training.com\/fr\/online-course\/dispositifs-medicaux\/#breadcrumb","itemListElement":[{"@type":"ListItem","position":1,"name":"Accueil","item":"https:\/\/gxp-training.com\/fr\/page-daccueil\/"},{"@type":"ListItem","position":2,"name":"Produits","item":"https:\/\/gxp-training.com\/fr\/shop\/"},{"@type":"ListItem","position":3,"name":"Dispositifs m\u00e9dicaux"}]},{"@type":"WebSite","@id":"https:\/\/gxp-training.com\/fr\/#website","url":"https:\/\/gxp-training.com\/fr\/","name":"GxP Training : Certified Online Courses for Life Sciences","description":"Online Trainings and Certified Courses in Regulatory Compliance for Pharmaceutical Experts","publisher":{"@id":"https:\/\/gxp-training.com\/fr\/#organization"},"potentialAction":[{"@type":"SearchAction","target":{"@type":"EntryPoint","urlTemplate":"https:\/\/gxp-training.com\/fr\/?s={search_term_string}"},"query-input":{"@type":"PropertyValueSpecification","valueRequired":true,"valueName":"search_term_string"}}],"inLanguage":"fr-FR"},{"@type":"Organization","@id":"https:\/\/gxp-training.com\/fr\/#organization","name":"GXP Training","url":"https:\/\/gxp-training.com\/fr\/","logo":{"@type":"ImageObject","inLanguage":"fr-FR","@id":"https:\/\/gxp-training.com\/fr\/#\/schema\/logo\/image\/","url":"https:\/\/gxp-training.com\/wp-content\/uploads\/2022\/05\/logo-resize.png","contentUrl":"https:\/\/gxp-training.com\/wp-content\/uploads\/2022\/05\/logo-resize.png","width":350,"height":100,"caption":"GXP Training"},"image":{"@id":"https:\/\/gxp-training.com\/fr\/#\/schema\/logo\/image\/"}}]}},"_links":{"self":[{"href":"https:\/\/gxp-training.com\/fr\/wp-json\/wp\/v2\/product\/57638","targetHints":{"allow":["GET"]}}],"collection":[{"href":"https:\/\/gxp-training.com\/fr\/wp-json\/wp\/v2\/product"}],"about":[{"href":"https:\/\/gxp-training.com\/fr\/wp-json\/wp\/v2\/types\/product"}],"wp:featuredmedia":[{"embeddable":true,"href":"https:\/\/gxp-training.com\/fr\/wp-json\/wp\/v2\/media\/44518"}],"wp:attachment":[{"href":"https:\/\/gxp-training.com\/fr\/wp-json\/wp\/v2\/media?parent=57638"}],"wp:term":[{"taxonomy":"product_brand","embeddable":true,"href":"https:\/\/gxp-training.com\/fr\/wp-json\/wp\/v2\/product_brand?post=57638"},{"taxonomy":"product_cat","embeddable":true,"href":"https:\/\/gxp-training.com\/fr\/wp-json\/wp\/v2\/product_cat?post=57638"},{"taxonomy":"product_tag","embeddable":true,"href":"https:\/\/gxp-training.com\/fr\/wp-json\/wp\/v2\/product_tag?post=57638"}],"curies":[{"name":"wp","href":"https:\/\/api.w.org\/{rel}","templated":true}]}}