{"id":57633,"date":"2023-08-29T15:28:42","date_gmt":"2023-08-29T14:28:42","guid":{"rendered":"https:\/\/gxp-training.com\/online-course\/audit-bpf-interne-role-de-lauditeur-bpf\/"},"modified":"2023-08-29T15:28:42","modified_gmt":"2023-08-29T13:28:42","slug":"audit-bpf-interne-role-de-lauditeur-bpf","status":"publish","type":"product","link":"https:\/\/gxp-training.com\/fr\/online-course\/audit-bpf-interne-role-de-lauditeur-bpf\/","title":{"rendered":"Audit BPF Interne &#038; R\u00f4le de l&rsquo;Auditeur BPF"},"content":{"rendered":"<p>D\u00e9veloppez votre expertise en audit avec notre formation compl\u00e8te sur les audits BPF internes &#038; le r\u00f4le de l&rsquo;auditeur BPF.<\/p>\n<p>Naviguez en toute confiance dans le paysage complexe des r\u00e9glementations FDA et EMA en ma\u00eetrisant l&rsquo;art des audits BPF internes. Ce syst\u00e8me d&rsquo;examen interne crucial est la pierre angulaire de la qualit\u00e9, de la coh\u00e9rence et de la s\u00e9curit\u00e9 dans le secteur des sciences de la vie. <\/p>\n<p>Que vous fassiez partie d&rsquo;une organisation des sciences de la vie se pr\u00e9parant aux audits internes, ou que vous soyez un auditeur cherchant \u00e0 optimiser les activit\u00e9s d&rsquo;audit, cette formation vous fournit les comp\u00e9tences et connaissances essentielles dont vous avez besoin. Prenez des d\u00e9cisions \u00e9clair\u00e9es, favorisez l&rsquo;am\u00e9lioration continue et assurez le succ\u00e8s de votre organisation lors des inspections r\u00e9glementaires. <\/p>\n<p>Dans cette formation, nous proposons une synth\u00e8se du sujet \u00e0 travers une exp\u00e9rience en ligne interactive. Ce contenu a \u00e9t\u00e9 \u00e9labor\u00e9 par une \u00e9quipe d&rsquo;experts en affaires r\u00e9glementaires qualifi\u00e9s de la Northeastern University, Boston, dirig\u00e9e par un membre senior capable d&rsquo;articuler th\u00e9orie et pratique. <\/p>\n<p>&nbsp;<\/p>\n<h3>Programme :<\/h3>\n<p>&nbsp;<\/p>\n<p><strong>Le\u00e7on 1 : Introduction \u00e0 l&rsquo;audit BPF<\/strong><\/p>\n<ul>\n<li>Qu&rsquo;est-ce qu&rsquo;un audit BPF ?<\/li>\n<li>Pourquoi les audits sont-ils importants ?<\/li>\n<li>Qui est un auditeur ?<\/li>\n<li>Principes BPF pour les auditeurs<\/li>\n<\/ul>\n<p>&nbsp;<\/p>\n<p><strong>Le\u00e7on 2 : Processus d&rsquo;audit BPF<\/strong><\/p>\n<ul>\n<li>\u00c9tape 1 : Planification<\/li>\n<li>\u00c9tape 2 : R\u00e9alisation de l&rsquo;audit<\/li>\n<li>\u00c9tape 3 : Cr\u00e9ation, approbation et diffusion du rapport d&rsquo;audit<\/li>\n<li>\u00c9tape 4 : Conclusion<\/li>\n<\/ul>\n<p>&nbsp;<\/p>\n<p><strong>Le\u00e7on 3 : Approche syst\u00e9mique pour l&rsquo;audit interne<\/strong><\/p>\n<p>&nbsp;<\/p>\n<p><strong>Le\u00e7on 4 : R\u00f4le de l&rsquo;auditeur BPF<\/strong><\/p>\n<ul>\n<li>Comment devenir un auditeur comp\u00e9tent ?<\/li>\n<\/ul>\n<p>&nbsp;<\/p>\n<p><strong>Conclusion<\/strong><\/p>\n<p>&nbsp;<\/p>\n<p><strong>\u00c9valuation<\/strong><\/p>\n","protected":false},"excerpt":{"rendered":"<p>D\u00e9veloppez votre expertise en audit avec notre formation compl\u00e8te sur les audits BPF internes &#038; le r\u00f4le de l&rsquo;auditeur BPF. Naviguez en toute confiance dans le paysage complexe des r\u00e9glementations FDA et EMA en ma\u00eetrisant l&rsquo;art des audits BPF internes. Ce syst\u00e8me d&rsquo;examen interne crucial est la pierre angulaire de la qualit\u00e9, de la coh\u00e9rence [&hellip;]<\/p>\n","protected":false},"featured_media":44260,"template":"","meta":{"_acf_changed":false,"content-type":""},"product_brand":[],"product_cat":[257,254,258],"product_tag":[],"class_list":{"0":"post-57633","1":"product","2":"type-product","3":"status-publish","4":"has-post-thumbnail","6":"product_cat-assurance-qualite","7":"product_cat-bpf-bonnes-pratiques-de-fabrication","8":"product_cat-pharmaceutique","10":"first","11":"instock","12":"taxable","13":"shipping-taxable","14":"purchasable","15":"product-type-subscription"},"bundled_by":[],"bundle_stock_status":"instock","bundle_stock_quantity":null,"bundle_virtual":false,"bundle_layout":"","bundle_add_to_cart_form_location":"","bundle_editable_in_cart":false,"bundle_sold_individually_context":"","bundle_item_grouping":"","bundle_min_size":"","bundle_max_size":"","bundle_price":[],"bundled_items":[],"bundle_sell_ids":[],"acf":[],"yoast_head":"<!-- This site is optimized with the Yoast SEO plugin v27.5 - https:\/\/yoast.com\/product\/yoast-seo-wordpress\/ -->\n<title>Formation Certifi\u00e9e en Ligne sur l&#039;Audit BPF Interne &amp; le R\u00f4le de l&#039;Auditeur BPF<\/title>\n<meta name=\"description\" content=\"Inscrivez-vous d\u00e8s maintenant \u00e0 notre formation sur l&#039;Audit BPF Interne. Apprenez le r\u00f4le de l&#039;auditeur BPF et obtenez votre certification aupr\u00e8s des meilleurs experts BPF. Accr\u00e9dit\u00e9 CPD et CEU.\" \/>\n<meta name=\"robots\" content=\"index, follow, max-snippet:-1, max-image-preview:large, max-video-preview:-1\" \/>\n<link rel=\"canonical\" href=\"https:\/\/gxp-training.com\/fr\/online-course\/audit-bpf-interne-role-de-lauditeur-bpf\/\" \/>\n<meta property=\"og:locale\" content=\"fr_FR\" \/>\n<meta property=\"og:type\" content=\"article\" \/>\n<meta property=\"og:title\" content=\"Formation Certifi\u00e9e en Ligne sur l&#039;Audit BPF Interne &amp; le R\u00f4le de l&#039;Auditeur BPF\" \/>\n<meta property=\"og:description\" content=\"Inscrivez-vous d\u00e8s maintenant \u00e0 notre formation sur l&#039;Audit BPF Interne. Apprenez le r\u00f4le de l&#039;auditeur BPF et obtenez votre certification aupr\u00e8s des meilleurs experts BPF. Accr\u00e9dit\u00e9 CPD et CEU.\" \/>\n<meta property=\"og:url\" content=\"https:\/\/gxp-training.com\/fr\/online-course\/audit-bpf-interne-role-de-lauditeur-bpf\/\" \/>\n<meta property=\"og:site_name\" content=\"GxP Training : Certified Online Courses for Life Sciences\" \/>\n<meta property=\"og:image\" content=\"https:\/\/gxp-training.com\/wp-content\/uploads\/2023\/08\/gmp-audit-and-auditor-role.png\" \/>\n\t<meta property=\"og:image:width\" content=\"900\" \/>\n\t<meta property=\"og:image:height\" content=\"627\" \/>\n\t<meta property=\"og:image:type\" content=\"image\/png\" \/>\n<meta name=\"twitter:card\" content=\"summary_large_image\" \/>\n<meta name=\"twitter:label1\" content=\"Dur\u00e9e de lecture estim\u00e9e\" \/>\n\t<meta name=\"twitter:data1\" content=\"1 minute\" \/>\n<script type=\"application\/ld+json\" class=\"yoast-schema-graph\">{\"@context\":\"https:\\\/\\\/schema.org\",\"@graph\":[{\"@type\":\"WebPage\",\"@id\":\"https:\\\/\\\/gxp-training.com\\\/fr\\\/online-course\\\/audit-bpf-interne-role-de-lauditeur-bpf\\\/\",\"url\":\"https:\\\/\\\/gxp-training.com\\\/fr\\\/online-course\\\/audit-bpf-interne-role-de-lauditeur-bpf\\\/\",\"name\":\"Formation Certifi\u00e9e en Ligne sur l'Audit BPF Interne & le R\u00f4le de l'Auditeur BPF\",\"isPartOf\":{\"@id\":\"https:\\\/\\\/gxp-training.com\\\/fr\\\/#website\"},\"primaryImageOfPage\":{\"@id\":\"https:\\\/\\\/gxp-training.com\\\/fr\\\/online-course\\\/audit-bpf-interne-role-de-lauditeur-bpf\\\/#primaryimage\"},\"image\":{\"@id\":\"https:\\\/\\\/gxp-training.com\\\/fr\\\/online-course\\\/audit-bpf-interne-role-de-lauditeur-bpf\\\/#primaryimage\"},\"thumbnailUrl\":\"https:\\\/\\\/gxp-training.com\\\/wp-content\\\/uploads\\\/2023\\\/08\\\/gmp-audit-and-auditor-role.png\",\"datePublished\":\"2023-08-29T14:28:42+00:00\",\"description\":\"Inscrivez-vous d\u00e8s maintenant \u00e0 notre formation sur l'Audit BPF Interne. Apprenez le r\u00f4le de l'auditeur BPF et obtenez votre certification aupr\u00e8s des meilleurs experts BPF. Accr\u00e9dit\u00e9 CPD et CEU.\",\"breadcrumb\":{\"@id\":\"https:\\\/\\\/gxp-training.com\\\/fr\\\/online-course\\\/audit-bpf-interne-role-de-lauditeur-bpf\\\/#breadcrumb\"},\"inLanguage\":\"fr-FR\",\"potentialAction\":[{\"@type\":\"ReadAction\",\"target\":[\"https:\\\/\\\/gxp-training.com\\\/fr\\\/online-course\\\/audit-bpf-interne-role-de-lauditeur-bpf\\\/\"]}]},{\"@type\":\"ImageObject\",\"inLanguage\":\"fr-FR\",\"@id\":\"https:\\\/\\\/gxp-training.com\\\/fr\\\/online-course\\\/audit-bpf-interne-role-de-lauditeur-bpf\\\/#primaryimage\",\"url\":\"https:\\\/\\\/gxp-training.com\\\/wp-content\\\/uploads\\\/2023\\\/08\\\/gmp-audit-and-auditor-role.png\",\"contentUrl\":\"https:\\\/\\\/gxp-training.com\\\/wp-content\\\/uploads\\\/2023\\\/08\\\/gmp-audit-and-auditor-role.png\",\"width\":900,\"height\":627},{\"@type\":\"BreadcrumbList\",\"@id\":\"https:\\\/\\\/gxp-training.com\\\/fr\\\/online-course\\\/audit-bpf-interne-role-de-lauditeur-bpf\\\/#breadcrumb\",\"itemListElement\":[{\"@type\":\"ListItem\",\"position\":1,\"name\":\"Accueil\",\"item\":\"https:\\\/\\\/gxp-training.com\\\/fr\\\/page-daccueil\\\/\"},{\"@type\":\"ListItem\",\"position\":2,\"name\":\"Produits\",\"item\":\"https:\\\/\\\/gxp-training.com\\\/fr\\\/shop\\\/\"},{\"@type\":\"ListItem\",\"position\":3,\"name\":\"Audit BPF Interne &#038; R\u00f4le de l&#8217;Auditeur BPF\"}]},{\"@type\":\"WebSite\",\"@id\":\"https:\\\/\\\/gxp-training.com\\\/fr\\\/#website\",\"url\":\"https:\\\/\\\/gxp-training.com\\\/fr\\\/\",\"name\":\"GxP Training : Certified Online Courses for Life Sciences\",\"description\":\"Online Trainings and Certified Courses in Regulatory Compliance for Pharmaceutical Experts\",\"publisher\":{\"@id\":\"https:\\\/\\\/gxp-training.com\\\/fr\\\/#organization\"},\"potentialAction\":[{\"@type\":\"SearchAction\",\"target\":{\"@type\":\"EntryPoint\",\"urlTemplate\":\"https:\\\/\\\/gxp-training.com\\\/fr\\\/?s={search_term_string}\"},\"query-input\":{\"@type\":\"PropertyValueSpecification\",\"valueRequired\":true,\"valueName\":\"search_term_string\"}}],\"inLanguage\":\"fr-FR\"},{\"@type\":\"Organization\",\"@id\":\"https:\\\/\\\/gxp-training.com\\\/fr\\\/#organization\",\"name\":\"GXP Training\",\"url\":\"https:\\\/\\\/gxp-training.com\\\/fr\\\/\",\"logo\":{\"@type\":\"ImageObject\",\"inLanguage\":\"fr-FR\",\"@id\":\"https:\\\/\\\/gxp-training.com\\\/fr\\\/#\\\/schema\\\/logo\\\/image\\\/\",\"url\":\"https:\\\/\\\/gxp-training.com\\\/wp-content\\\/uploads\\\/2022\\\/05\\\/logo-resize.png\",\"contentUrl\":\"https:\\\/\\\/gxp-training.com\\\/wp-content\\\/uploads\\\/2022\\\/05\\\/logo-resize.png\",\"width\":350,\"height\":100,\"caption\":\"GXP Training\"},\"image\":{\"@id\":\"https:\\\/\\\/gxp-training.com\\\/fr\\\/#\\\/schema\\\/logo\\\/image\\\/\"}}]}<\/script>\n<!-- \/ Yoast SEO plugin. -->","yoast_head_json":{"title":"Formation Certifi\u00e9e en Ligne sur l'Audit BPF Interne & le R\u00f4le de l'Auditeur BPF","description":"Inscrivez-vous d\u00e8s maintenant \u00e0 notre formation sur l'Audit BPF Interne. Apprenez le r\u00f4le de l'auditeur BPF et obtenez votre certification aupr\u00e8s des meilleurs experts BPF. Accr\u00e9dit\u00e9 CPD et CEU.","robots":{"index":"index","follow":"follow","max-snippet":"max-snippet:-1","max-image-preview":"max-image-preview:large","max-video-preview":"max-video-preview:-1"},"canonical":"https:\/\/gxp-training.com\/fr\/online-course\/audit-bpf-interne-role-de-lauditeur-bpf\/","og_locale":"fr_FR","og_type":"article","og_title":"Formation Certifi\u00e9e en Ligne sur l'Audit BPF Interne & le R\u00f4le de l'Auditeur BPF","og_description":"Inscrivez-vous d\u00e8s maintenant \u00e0 notre formation sur l'Audit BPF Interne. Apprenez le r\u00f4le de l'auditeur BPF et obtenez votre certification aupr\u00e8s des meilleurs experts BPF. Accr\u00e9dit\u00e9 CPD et CEU.","og_url":"https:\/\/gxp-training.com\/fr\/online-course\/audit-bpf-interne-role-de-lauditeur-bpf\/","og_site_name":"GxP Training : Certified Online Courses for Life Sciences","og_image":[{"width":900,"height":627,"url":"https:\/\/gxp-training.com\/wp-content\/uploads\/2023\/08\/gmp-audit-and-auditor-role.png","type":"image\/png"}],"twitter_card":"summary_large_image","twitter_misc":{"Dur\u00e9e de lecture estim\u00e9e":"1 minute"},"schema":{"@context":"https:\/\/schema.org","@graph":[{"@type":"WebPage","@id":"https:\/\/gxp-training.com\/fr\/online-course\/audit-bpf-interne-role-de-lauditeur-bpf\/","url":"https:\/\/gxp-training.com\/fr\/online-course\/audit-bpf-interne-role-de-lauditeur-bpf\/","name":"Formation Certifi\u00e9e en Ligne sur l'Audit BPF Interne & le R\u00f4le de l'Auditeur BPF","isPartOf":{"@id":"https:\/\/gxp-training.com\/fr\/#website"},"primaryImageOfPage":{"@id":"https:\/\/gxp-training.com\/fr\/online-course\/audit-bpf-interne-role-de-lauditeur-bpf\/#primaryimage"},"image":{"@id":"https:\/\/gxp-training.com\/fr\/online-course\/audit-bpf-interne-role-de-lauditeur-bpf\/#primaryimage"},"thumbnailUrl":"https:\/\/gxp-training.com\/wp-content\/uploads\/2023\/08\/gmp-audit-and-auditor-role.png","datePublished":"2023-08-29T14:28:42+00:00","description":"Inscrivez-vous d\u00e8s maintenant \u00e0 notre formation sur l'Audit BPF Interne. Apprenez le r\u00f4le de l'auditeur BPF et obtenez votre certification aupr\u00e8s des meilleurs experts BPF. Accr\u00e9dit\u00e9 CPD et CEU.","breadcrumb":{"@id":"https:\/\/gxp-training.com\/fr\/online-course\/audit-bpf-interne-role-de-lauditeur-bpf\/#breadcrumb"},"inLanguage":"fr-FR","potentialAction":[{"@type":"ReadAction","target":["https:\/\/gxp-training.com\/fr\/online-course\/audit-bpf-interne-role-de-lauditeur-bpf\/"]}]},{"@type":"ImageObject","inLanguage":"fr-FR","@id":"https:\/\/gxp-training.com\/fr\/online-course\/audit-bpf-interne-role-de-lauditeur-bpf\/#primaryimage","url":"https:\/\/gxp-training.com\/wp-content\/uploads\/2023\/08\/gmp-audit-and-auditor-role.png","contentUrl":"https:\/\/gxp-training.com\/wp-content\/uploads\/2023\/08\/gmp-audit-and-auditor-role.png","width":900,"height":627},{"@type":"BreadcrumbList","@id":"https:\/\/gxp-training.com\/fr\/online-course\/audit-bpf-interne-role-de-lauditeur-bpf\/#breadcrumb","itemListElement":[{"@type":"ListItem","position":1,"name":"Accueil","item":"https:\/\/gxp-training.com\/fr\/page-daccueil\/"},{"@type":"ListItem","position":2,"name":"Produits","item":"https:\/\/gxp-training.com\/fr\/shop\/"},{"@type":"ListItem","position":3,"name":"Audit BPF Interne &#038; R\u00f4le de l&#8217;Auditeur BPF"}]},{"@type":"WebSite","@id":"https:\/\/gxp-training.com\/fr\/#website","url":"https:\/\/gxp-training.com\/fr\/","name":"GxP Training : Certified Online Courses for Life Sciences","description":"Online Trainings and Certified Courses in Regulatory Compliance for Pharmaceutical Experts","publisher":{"@id":"https:\/\/gxp-training.com\/fr\/#organization"},"potentialAction":[{"@type":"SearchAction","target":{"@type":"EntryPoint","urlTemplate":"https:\/\/gxp-training.com\/fr\/?s={search_term_string}"},"query-input":{"@type":"PropertyValueSpecification","valueRequired":true,"valueName":"search_term_string"}}],"inLanguage":"fr-FR"},{"@type":"Organization","@id":"https:\/\/gxp-training.com\/fr\/#organization","name":"GXP Training","url":"https:\/\/gxp-training.com\/fr\/","logo":{"@type":"ImageObject","inLanguage":"fr-FR","@id":"https:\/\/gxp-training.com\/fr\/#\/schema\/logo\/image\/","url":"https:\/\/gxp-training.com\/wp-content\/uploads\/2022\/05\/logo-resize.png","contentUrl":"https:\/\/gxp-training.com\/wp-content\/uploads\/2022\/05\/logo-resize.png","width":350,"height":100,"caption":"GXP Training"},"image":{"@id":"https:\/\/gxp-training.com\/fr\/#\/schema\/logo\/image\/"}}]}},"_links":{"self":[{"href":"https:\/\/gxp-training.com\/fr\/wp-json\/wp\/v2\/product\/57633","targetHints":{"allow":["GET"]}}],"collection":[{"href":"https:\/\/gxp-training.com\/fr\/wp-json\/wp\/v2\/product"}],"about":[{"href":"https:\/\/gxp-training.com\/fr\/wp-json\/wp\/v2\/types\/product"}],"wp:featuredmedia":[{"embeddable":true,"href":"https:\/\/gxp-training.com\/fr\/wp-json\/wp\/v2\/media\/44260"}],"wp:attachment":[{"href":"https:\/\/gxp-training.com\/fr\/wp-json\/wp\/v2\/media?parent=57633"}],"wp:term":[{"taxonomy":"product_brand","embeddable":true,"href":"https:\/\/gxp-training.com\/fr\/wp-json\/wp\/v2\/product_brand?post=57633"},{"taxonomy":"product_cat","embeddable":true,"href":"https:\/\/gxp-training.com\/fr\/wp-json\/wp\/v2\/product_cat?post=57633"},{"taxonomy":"product_tag","embeddable":true,"href":"https:\/\/gxp-training.com\/fr\/wp-json\/wp\/v2\/product_tag?post=57633"}],"curies":[{"name":"wp","href":"https:\/\/api.w.org\/{rel}","templated":true}]}}