{"id":57601,"date":"2023-09-18T14:50:49","date_gmt":"2023-09-18T13:50:49","guid":{"rendered":"https:\/\/gxp-training.com\/online-course\/haccp-systeme-danalyse-des-risques-et-de-maitrise-des-points-critiques\/"},"modified":"2023-09-18T14:50:49","modified_gmt":"2023-09-18T12:50:49","slug":"haccp-systeme-danalyse-des-risques-et-de-maitrise-des-points-critiques","status":"publish","type":"product","link":"https:\/\/gxp-training.com\/fr\/online-course\/haccp-systeme-danalyse-des-risques-et-de-maitrise-des-points-critiques\/","title":{"rendered":"HACCP : Syst\u00e8me d\u2019analyse des risques et de ma\u00eetrise des points critiques"},"content":{"rendered":"<p>L\u2019analyse des risques et la ma\u00eetrise des points critiques (HACCP) n\u2019est pas qu\u2019un acronyme de plus dans l\u2019industrie agroalimentaire : c\u2019est le pilier de tout syst\u00e8me moderne de gestion de la s\u00e9curit\u00e9 alimentaire. D\u00e9velopp\u00e9 comme un protocole scientifique, le HACCP est con\u00e7u pour identifier, \u00e9valuer et ma\u00eetriser les dangers tout au long de la cha\u00eene de production et de transformation des aliments. Son objectif ultime est de pr\u00e9venir les maladies d\u2019origine alimentaire et de garantir la livraison d\u2019aliments s\u00fbrs et de haute qualit\u00e9 aux consommateurs.  <\/p>\n<p>Dans ce cours, nous proposons une synth\u00e8se du sujet \u00e0 travers une exp\u00e9rience interactive en ligne. Ce contenu a \u00e9t\u00e9 \u00e9labor\u00e9 par une \u00e9quipe d\u2019experts en affaires r\u00e9glementaires dipl\u00f4m\u00e9s de l\u2019Universit\u00e9 Northeastern de Boston, pilot\u00e9e par un membre senior capable d\u2019articuler la th\u00e9orie avec la pratique. <\/p>\n<h3>Programme :<\/h3>\n<p>&nbsp;<\/p>\n<p>&nbsp;<\/p>\n<p><strong>Introduction<\/strong><\/p>\n<p>&nbsp;<\/p>\n<p><strong>Le\u00e7on 1 : Dangers pour la s\u00e9curit\u00e9 alimentaire<\/strong><\/p>\n<p>&nbsp;<\/p>\n<p><strong>Le\u00e7on 2 : Int\u00e9grer le HACCP aux programmes de qualit\u00e9 et de s\u00e9curit\u00e9 alimentaire<\/strong><\/p>\n<p>&nbsp;<\/p>\n<p><strong>Le\u00e7on 3<\/strong> : <strong>Comprendre les responsabilit\u00e9s juridiques des parties prenantes<\/strong><\/p>\n<p>&nbsp;<\/p>\n<p><strong>Le\u00e7on 4<\/strong> : <strong>Comment \u00e9laborer un plan HACCP<\/strong><\/p>\n<p>&nbsp;<\/p>\n<p><strong>Le\u00e7on 5<\/strong> : <b>Comment maintenir le syst\u00e8me HACCP<\/b><\/p>\n<p>&nbsp;<\/p>\n<p><strong>Conclusion<\/strong><\/p>\n<p>&nbsp;<\/p>\n<p><strong>Glossaire<\/strong><\/p>\n<p>&nbsp;<\/p>\n<p><strong>\u00c9valuation<\/strong><\/p>\n","protected":false},"excerpt":{"rendered":"<p>L\u2019analyse des risques et la ma\u00eetrise des points critiques (HACCP) n\u2019est pas qu\u2019un acronyme de plus dans l\u2019industrie agroalimentaire : c\u2019est le pilier de tout syst\u00e8me moderne de gestion de la s\u00e9curit\u00e9 alimentaire. D\u00e9velopp\u00e9 comme un protocole scientifique, le HACCP est con\u00e7u pour identifier, \u00e9valuer et ma\u00eetriser les dangers tout au long de la cha\u00eene [&hellip;]<\/p>\n","protected":false},"featured_media":44420,"template":"","meta":{"_acf_changed":false,"content-type":""},"product_brand":[],"product_cat":[260,257,254,264],"product_tag":[],"class_list":{"0":"post-57601","1":"product","2":"type-product","3":"status-publish","4":"has-post-thumbnail","6":"product_cat-alimentation-et-nutrition","7":"product_cat-assurance-qualite","8":"product_cat-bpf-bonnes-pratiques-de-fabrication","9":"product_cat-transversal","11":"first","12":"instock","13":"taxable","14":"shipping-taxable","15":"purchasable","16":"product-type-subscription"},"bundled_by":[],"bundle_stock_status":"instock","bundle_stock_quantity":null,"bundle_virtual":false,"bundle_layout":"","bundle_add_to_cart_form_location":"","bundle_editable_in_cart":false,"bundle_sold_individually_context":"","bundle_item_grouping":"","bundle_min_size":"","bundle_max_size":"","bundle_price":[],"bundled_items":[],"bundle_sell_ids":[],"acf":[],"yoast_head":"<!-- This site is optimized with the Yoast SEO plugin v27.5 - https:\/\/yoast.com\/product\/yoast-seo-wordpress\/ -->\n<title>Cours et certification HACCP en ligne<\/title>\n<meta name=\"description\" content=\"Formation HACCP en ligne. Obtenez votre certification d\u00e8s maintenant. Accr\u00e9dit\u00e9 CPD \/ CEU. Cours en ligne en sciences de la vie pour les professionnels de la gestion de la s\u00e9curit\u00e9 alimentaire.\" \/>\n<meta name=\"robots\" content=\"index, follow, max-snippet:-1, max-image-preview:large, max-video-preview:-1\" \/>\n<link rel=\"canonical\" href=\"https:\/\/gxp-training.com\/fr\/online-course\/haccp-systeme-danalyse-des-risques-et-de-maitrise-des-points-critiques\/\" \/>\n<meta property=\"og:locale\" content=\"fr_FR\" \/>\n<meta property=\"og:type\" content=\"article\" \/>\n<meta property=\"og:title\" content=\"Cours et certification HACCP en ligne\" \/>\n<meta property=\"og:description\" content=\"Formation HACCP en ligne. Obtenez votre certification d\u00e8s maintenant. Accr\u00e9dit\u00e9 CPD \/ CEU. Cours en ligne en sciences de la vie pour les professionnels de la gestion de la s\u00e9curit\u00e9 alimentaire.\" \/>\n<meta property=\"og:url\" content=\"https:\/\/gxp-training.com\/fr\/online-course\/haccp-systeme-danalyse-des-risques-et-de-maitrise-des-points-critiques\/\" \/>\n<meta property=\"og:site_name\" content=\"GxP Training : Certified Online Courses for Life Sciences\" \/>\n<meta property=\"og:image\" content=\"https:\/\/gxp-training.com\/wp-content\/uploads\/2023\/09\/HACCP-Hazard-Analysis-and-Critical-Control-Point-System-1.png\" \/>\n\t<meta property=\"og:image:width\" content=\"900\" \/>\n\t<meta property=\"og:image:height\" content=\"627\" \/>\n\t<meta property=\"og:image:type\" content=\"image\/png\" \/>\n<meta name=\"twitter:card\" content=\"summary_large_image\" \/>\n<meta name=\"twitter:label1\" content=\"Dur\u00e9e de lecture estim\u00e9e\" \/>\n\t<meta name=\"twitter:data1\" content=\"1 minute\" \/>\n<script type=\"application\/ld+json\" class=\"yoast-schema-graph\">{\"@context\":\"https:\\\/\\\/schema.org\",\"@graph\":[{\"@type\":\"WebPage\",\"@id\":\"https:\\\/\\\/gxp-training.com\\\/fr\\\/online-course\\\/haccp-systeme-danalyse-des-risques-et-de-maitrise-des-points-critiques\\\/\",\"url\":\"https:\\\/\\\/gxp-training.com\\\/fr\\\/online-course\\\/haccp-systeme-danalyse-des-risques-et-de-maitrise-des-points-critiques\\\/\",\"name\":\"Cours et certification HACCP en ligne\",\"isPartOf\":{\"@id\":\"https:\\\/\\\/gxp-training.com\\\/fr\\\/#website\"},\"primaryImageOfPage\":{\"@id\":\"https:\\\/\\\/gxp-training.com\\\/fr\\\/online-course\\\/haccp-systeme-danalyse-des-risques-et-de-maitrise-des-points-critiques\\\/#primaryimage\"},\"image\":{\"@id\":\"https:\\\/\\\/gxp-training.com\\\/fr\\\/online-course\\\/haccp-systeme-danalyse-des-risques-et-de-maitrise-des-points-critiques\\\/#primaryimage\"},\"thumbnailUrl\":\"https:\\\/\\\/gxp-training.com\\\/wp-content\\\/uploads\\\/2023\\\/09\\\/HACCP-Hazard-Analysis-and-Critical-Control-Point-System-1.png\",\"datePublished\":\"2023-09-18T13:50:49+00:00\",\"description\":\"Formation HACCP en ligne. Obtenez votre certification d\u00e8s maintenant. Accr\u00e9dit\u00e9 CPD \\\/ CEU. Cours en ligne en sciences de la vie pour les professionnels de la gestion de la s\u00e9curit\u00e9 alimentaire.\",\"breadcrumb\":{\"@id\":\"https:\\\/\\\/gxp-training.com\\\/fr\\\/online-course\\\/haccp-systeme-danalyse-des-risques-et-de-maitrise-des-points-critiques\\\/#breadcrumb\"},\"inLanguage\":\"fr-FR\",\"potentialAction\":[{\"@type\":\"ReadAction\",\"target\":[\"https:\\\/\\\/gxp-training.com\\\/fr\\\/online-course\\\/haccp-systeme-danalyse-des-risques-et-de-maitrise-des-points-critiques\\\/\"]}]},{\"@type\":\"ImageObject\",\"inLanguage\":\"fr-FR\",\"@id\":\"https:\\\/\\\/gxp-training.com\\\/fr\\\/online-course\\\/haccp-systeme-danalyse-des-risques-et-de-maitrise-des-points-critiques\\\/#primaryimage\",\"url\":\"https:\\\/\\\/gxp-training.com\\\/wp-content\\\/uploads\\\/2023\\\/09\\\/HACCP-Hazard-Analysis-and-Critical-Control-Point-System-1.png\",\"contentUrl\":\"https:\\\/\\\/gxp-training.com\\\/wp-content\\\/uploads\\\/2023\\\/09\\\/HACCP-Hazard-Analysis-and-Critical-Control-Point-System-1.png\",\"width\":900,\"height\":627},{\"@type\":\"BreadcrumbList\",\"@id\":\"https:\\\/\\\/gxp-training.com\\\/fr\\\/online-course\\\/haccp-systeme-danalyse-des-risques-et-de-maitrise-des-points-critiques\\\/#breadcrumb\",\"itemListElement\":[{\"@type\":\"ListItem\",\"position\":1,\"name\":\"Accueil\",\"item\":\"https:\\\/\\\/gxp-training.com\\\/fr\\\/page-daccueil\\\/\"},{\"@type\":\"ListItem\",\"position\":2,\"name\":\"Produits\",\"item\":\"https:\\\/\\\/gxp-training.com\\\/fr\\\/shop\\\/\"},{\"@type\":\"ListItem\",\"position\":3,\"name\":\"HACCP : Syst\u00e8me d\u2019analyse des risques et de ma\u00eetrise des points critiques\"}]},{\"@type\":\"WebSite\",\"@id\":\"https:\\\/\\\/gxp-training.com\\\/fr\\\/#website\",\"url\":\"https:\\\/\\\/gxp-training.com\\\/fr\\\/\",\"name\":\"GxP Training : Certified Online Courses for Life Sciences\",\"description\":\"Online Trainings and Certified Courses in Regulatory Compliance for Pharmaceutical Experts\",\"publisher\":{\"@id\":\"https:\\\/\\\/gxp-training.com\\\/fr\\\/#organization\"},\"potentialAction\":[{\"@type\":\"SearchAction\",\"target\":{\"@type\":\"EntryPoint\",\"urlTemplate\":\"https:\\\/\\\/gxp-training.com\\\/fr\\\/?s={search_term_string}\"},\"query-input\":{\"@type\":\"PropertyValueSpecification\",\"valueRequired\":true,\"valueName\":\"search_term_string\"}}],\"inLanguage\":\"fr-FR\"},{\"@type\":\"Organization\",\"@id\":\"https:\\\/\\\/gxp-training.com\\\/fr\\\/#organization\",\"name\":\"GXP Training\",\"url\":\"https:\\\/\\\/gxp-training.com\\\/fr\\\/\",\"logo\":{\"@type\":\"ImageObject\",\"inLanguage\":\"fr-FR\",\"@id\":\"https:\\\/\\\/gxp-training.com\\\/fr\\\/#\\\/schema\\\/logo\\\/image\\\/\",\"url\":\"https:\\\/\\\/gxp-training.com\\\/wp-content\\\/uploads\\\/2022\\\/05\\\/logo-resize.png\",\"contentUrl\":\"https:\\\/\\\/gxp-training.com\\\/wp-content\\\/uploads\\\/2022\\\/05\\\/logo-resize.png\",\"width\":350,\"height\":100,\"caption\":\"GXP Training\"},\"image\":{\"@id\":\"https:\\\/\\\/gxp-training.com\\\/fr\\\/#\\\/schema\\\/logo\\\/image\\\/\"}}]}<\/script>\n<!-- \/ Yoast SEO plugin. -->","yoast_head_json":{"title":"Cours et certification HACCP en ligne","description":"Formation HACCP en ligne. Obtenez votre certification d\u00e8s maintenant. Accr\u00e9dit\u00e9 CPD \/ CEU. Cours en ligne en sciences de la vie pour les professionnels de la gestion de la s\u00e9curit\u00e9 alimentaire.","robots":{"index":"index","follow":"follow","max-snippet":"max-snippet:-1","max-image-preview":"max-image-preview:large","max-video-preview":"max-video-preview:-1"},"canonical":"https:\/\/gxp-training.com\/fr\/online-course\/haccp-systeme-danalyse-des-risques-et-de-maitrise-des-points-critiques\/","og_locale":"fr_FR","og_type":"article","og_title":"Cours et certification HACCP en ligne","og_description":"Formation HACCP en ligne. Obtenez votre certification d\u00e8s maintenant. Accr\u00e9dit\u00e9 CPD \/ CEU. Cours en ligne en sciences de la vie pour les professionnels de la gestion de la s\u00e9curit\u00e9 alimentaire.","og_url":"https:\/\/gxp-training.com\/fr\/online-course\/haccp-systeme-danalyse-des-risques-et-de-maitrise-des-points-critiques\/","og_site_name":"GxP Training : Certified Online Courses for Life Sciences","og_image":[{"width":900,"height":627,"url":"https:\/\/gxp-training.com\/wp-content\/uploads\/2023\/09\/HACCP-Hazard-Analysis-and-Critical-Control-Point-System-1.png","type":"image\/png"}],"twitter_card":"summary_large_image","twitter_misc":{"Dur\u00e9e de lecture estim\u00e9e":"1 minute"},"schema":{"@context":"https:\/\/schema.org","@graph":[{"@type":"WebPage","@id":"https:\/\/gxp-training.com\/fr\/online-course\/haccp-systeme-danalyse-des-risques-et-de-maitrise-des-points-critiques\/","url":"https:\/\/gxp-training.com\/fr\/online-course\/haccp-systeme-danalyse-des-risques-et-de-maitrise-des-points-critiques\/","name":"Cours et certification HACCP en ligne","isPartOf":{"@id":"https:\/\/gxp-training.com\/fr\/#website"},"primaryImageOfPage":{"@id":"https:\/\/gxp-training.com\/fr\/online-course\/haccp-systeme-danalyse-des-risques-et-de-maitrise-des-points-critiques\/#primaryimage"},"image":{"@id":"https:\/\/gxp-training.com\/fr\/online-course\/haccp-systeme-danalyse-des-risques-et-de-maitrise-des-points-critiques\/#primaryimage"},"thumbnailUrl":"https:\/\/gxp-training.com\/wp-content\/uploads\/2023\/09\/HACCP-Hazard-Analysis-and-Critical-Control-Point-System-1.png","datePublished":"2023-09-18T13:50:49+00:00","description":"Formation HACCP en ligne. Obtenez votre certification d\u00e8s maintenant. Accr\u00e9dit\u00e9 CPD \/ CEU. Cours en ligne en sciences de la vie pour les professionnels de la gestion de la s\u00e9curit\u00e9 alimentaire.","breadcrumb":{"@id":"https:\/\/gxp-training.com\/fr\/online-course\/haccp-systeme-danalyse-des-risques-et-de-maitrise-des-points-critiques\/#breadcrumb"},"inLanguage":"fr-FR","potentialAction":[{"@type":"ReadAction","target":["https:\/\/gxp-training.com\/fr\/online-course\/haccp-systeme-danalyse-des-risques-et-de-maitrise-des-points-critiques\/"]}]},{"@type":"ImageObject","inLanguage":"fr-FR","@id":"https:\/\/gxp-training.com\/fr\/online-course\/haccp-systeme-danalyse-des-risques-et-de-maitrise-des-points-critiques\/#primaryimage","url":"https:\/\/gxp-training.com\/wp-content\/uploads\/2023\/09\/HACCP-Hazard-Analysis-and-Critical-Control-Point-System-1.png","contentUrl":"https:\/\/gxp-training.com\/wp-content\/uploads\/2023\/09\/HACCP-Hazard-Analysis-and-Critical-Control-Point-System-1.png","width":900,"height":627},{"@type":"BreadcrumbList","@id":"https:\/\/gxp-training.com\/fr\/online-course\/haccp-systeme-danalyse-des-risques-et-de-maitrise-des-points-critiques\/#breadcrumb","itemListElement":[{"@type":"ListItem","position":1,"name":"Accueil","item":"https:\/\/gxp-training.com\/fr\/page-daccueil\/"},{"@type":"ListItem","position":2,"name":"Produits","item":"https:\/\/gxp-training.com\/fr\/shop\/"},{"@type":"ListItem","position":3,"name":"HACCP : Syst\u00e8me d\u2019analyse des risques et de ma\u00eetrise des points critiques"}]},{"@type":"WebSite","@id":"https:\/\/gxp-training.com\/fr\/#website","url":"https:\/\/gxp-training.com\/fr\/","name":"GxP Training : Certified Online Courses for Life Sciences","description":"Online Trainings and Certified Courses in Regulatory Compliance for Pharmaceutical Experts","publisher":{"@id":"https:\/\/gxp-training.com\/fr\/#organization"},"potentialAction":[{"@type":"SearchAction","target":{"@type":"EntryPoint","urlTemplate":"https:\/\/gxp-training.com\/fr\/?s={search_term_string}"},"query-input":{"@type":"PropertyValueSpecification","valueRequired":true,"valueName":"search_term_string"}}],"inLanguage":"fr-FR"},{"@type":"Organization","@id":"https:\/\/gxp-training.com\/fr\/#organization","name":"GXP Training","url":"https:\/\/gxp-training.com\/fr\/","logo":{"@type":"ImageObject","inLanguage":"fr-FR","@id":"https:\/\/gxp-training.com\/fr\/#\/schema\/logo\/image\/","url":"https:\/\/gxp-training.com\/wp-content\/uploads\/2022\/05\/logo-resize.png","contentUrl":"https:\/\/gxp-training.com\/wp-content\/uploads\/2022\/05\/logo-resize.png","width":350,"height":100,"caption":"GXP Training"},"image":{"@id":"https:\/\/gxp-training.com\/fr\/#\/schema\/logo\/image\/"}}]}},"_links":{"self":[{"href":"https:\/\/gxp-training.com\/fr\/wp-json\/wp\/v2\/product\/57601","targetHints":{"allow":["GET"]}}],"collection":[{"href":"https:\/\/gxp-training.com\/fr\/wp-json\/wp\/v2\/product"}],"about":[{"href":"https:\/\/gxp-training.com\/fr\/wp-json\/wp\/v2\/types\/product"}],"wp:featuredmedia":[{"embeddable":true,"href":"https:\/\/gxp-training.com\/fr\/wp-json\/wp\/v2\/media\/44420"}],"wp:attachment":[{"href":"https:\/\/gxp-training.com\/fr\/wp-json\/wp\/v2\/media?parent=57601"}],"wp:term":[{"taxonomy":"product_brand","embeddable":true,"href":"https:\/\/gxp-training.com\/fr\/wp-json\/wp\/v2\/product_brand?post=57601"},{"taxonomy":"product_cat","embeddable":true,"href":"https:\/\/gxp-training.com\/fr\/wp-json\/wp\/v2\/product_cat?post=57601"},{"taxonomy":"product_tag","embeddable":true,"href":"https:\/\/gxp-training.com\/fr\/wp-json\/wp\/v2\/product_tag?post=57601"}],"curies":[{"name":"wp","href":"https:\/\/api.w.org\/{rel}","templated":true}]}}