{"id":57577,"date":"2023-09-07T10:15:08","date_gmt":"2023-09-07T09:15:08","guid":{"rendered":"https:\/\/gxp-training.com\/online-course\/introduction-a-lassurance-de-la-validation-logicielle\/"},"modified":"2023-09-07T10:15:08","modified_gmt":"2023-09-07T08:15:08","slug":"introduction-a-lassurance-de-la-validation-logicielle","status":"publish","type":"product","link":"https:\/\/gxp-training.com\/fr\/online-course\/introduction-a-lassurance-de-la-validation-logicielle\/","title":{"rendered":"Introduction \u00e0 l\u2019assurance de la validation logicielle"},"content":{"rendered":"<div class=\"zw-paragraph heading8611749\" data-width=\"664.896\" data-header=\"8611749\" data-textformat=\"{\"size\":12}\">\n<div class=\"zw-line-div\">\n<div class=\"zw-line-content\">\n<p>Ma\u00eetrisez les complexit\u00e9s de la validation logicielle gr\u00e2ce \u00e0 ce cours interactif complet, con\u00e7u pour r\u00e9pondre aux exigences de la FDA. D\u00e9couvrez les \u00e9l\u00e9ments cruciaux du cycle de vie de la validation logicielle, de la planification initiale et de la <a href=\"https:\/\/gxp-training.com\/fr\/online-course\/gestion-des-risques-qualite\/\">gestion des risques<\/a> \u00e0 la cr\u00e9ation de plans directeurs de validation et des sp\u00e9cifications syst\u00e8me. <\/p>\n<p>Con\u00e7u par une \u00e9quipe d\u2019experts chevronn\u00e9s en assurance qualit\u00e9 et en validation issus de l\u2019industrie pharmaceutique, ce cours offre des connaissances pratiques fond\u00e9es sur des applications r\u00e9elles. Id\u00e9al pour les professionnels des sciences de la vie, ce programme approfondit votre compr\u00e9hension des processus de validation logicielle pour vous aider \u00e0 respecter les normes r\u00e9glementaires. <\/p>\n<p>Une fois le cours termin\u00e9 avec succ\u00e8s, vous recevrez un certificat reconnu attestant de votre expertise dans ce domaine critique de l\u2019<a href=\"https:\/\/gxp-training.com\/fr\/online-course\/introduction-a-la-qualite-pharmaceutique\/\">assurance qualit\u00e9<\/a>.<\/p>\n<\/div>\n<\/div>\n<\/div>\n<h3><\/h3>\n<h3>Programme :<\/h3>\n<p>&nbsp;<\/p>\n<p><strong>Introduction : Qu\u2019est-ce que l\u2019assurance de la validation logicielle et pourquoi est-elle essentielle ?<\/strong><\/p>\n<p>&nbsp;<\/p>\n<p><strong>Le\u00e7on 1 : Planifier la validation logicielle<\/strong><\/p>\n<p>&nbsp;<\/p>\n<p><strong>Le\u00e7on 2 : G\u00e9rer les risques li\u00e9s \u00e0 la validation logicielle<\/strong><\/p>\n<p>&nbsp;<\/p>\n<p><strong>Le\u00e7on 3 : \u00c9laborer un plan directeur de validation robuste<\/strong><\/p>\n<p>&nbsp;<\/p>\n<p><strong>Le\u00e7on 4 : D\u00e9finir les sp\u00e9cifications du syst\u00e8me logiciel<\/strong><\/p>\n<p>&nbsp;<\/p>\n<p><strong>Glossaire<\/strong><\/p>\n<p>&nbsp;<\/p>\n<p><strong>\u00c9valuation<\/strong><\/p>\n<p>&nbsp;<\/p>\n<p>Propulsez votre carri\u00e8re et \u00e9levez les standards de votre organisation gr\u00e2ce \u00e0 une expertise certifi\u00e9e en assurance de la validation logicielle. Inscrivez-vous d\u00e8s maintenant. <\/p>\n","protected":false},"excerpt":{"rendered":"<p>Ma\u00eetrisez les complexit\u00e9s de la validation logicielle gr\u00e2ce \u00e0 ce cours interactif complet, con\u00e7u pour r\u00e9pondre aux exigences de la FDA. D\u00e9couvrez les \u00e9l\u00e9ments cruciaux du cycle de vie de la validation logicielle, de la planification initiale et de la gestion des risques \u00e0 la cr\u00e9ation de plans directeurs de validation et des sp\u00e9cifications syst\u00e8me. [&hellip;]<\/p>\n","protected":false},"featured_media":44373,"template":"","meta":{"_acf_changed":false,"content-type":""},"product_brand":[],"product_cat":[257,254,256,259,263,258,264],"product_tag":[],"class_list":{"0":"post-57577","1":"product","2":"type-product","3":"status-publish","4":"has-post-thumbnail","6":"product_cat-assurance-qualite","7":"product_cat-bpf-bonnes-pratiques-de-fabrication","8":"product_cat-dispositifs-medicaux","9":"product_cat-laboratoires","10":"product_cat-organisme-de-recherche-sous-contrat-cro","11":"product_cat-pharmaceutique","12":"product_cat-transversal","14":"first","15":"instock","16":"taxable","17":"shipping-taxable","18":"purchasable","19":"product-type-subscription"},"bundled_by":[],"bundle_stock_status":"instock","bundle_stock_quantity":null,"bundle_virtual":false,"bundle_layout":"","bundle_add_to_cart_form_location":"","bundle_editable_in_cart":false,"bundle_sold_individually_context":"","bundle_item_grouping":"","bundle_min_size":"","bundle_max_size":"","bundle_price":[],"bundled_items":[],"bundle_sell_ids":[],"acf":[],"yoast_head":"<!-- This site is optimized with the Yoast SEO plugin v27.5 - https:\/\/yoast.com\/product\/yoast-seo-wordpress\/ -->\n<title>Cours en ligne et certification en validation logicielle<\/title>\n<meta name=\"description\" content=\"Obtenez votre certification en assurance de la validation logicielle. Inscrivez-vous d\u00e8s maintenant \u00e0 notre cours en ligne accr\u00e9dit\u00e9 CPD et CEU, con\u00e7u par les meilleurs experts pharmaceutiques.\" \/>\n<meta name=\"robots\" content=\"index, follow, max-snippet:-1, max-image-preview:large, max-video-preview:-1\" \/>\n<link rel=\"canonical\" href=\"https:\/\/gxp-training.com\/fr\/online-course\/introduction-a-lassurance-de-la-validation-logicielle\/\" \/>\n<meta property=\"og:locale\" content=\"fr_FR\" \/>\n<meta property=\"og:type\" content=\"article\" \/>\n<meta property=\"og:title\" content=\"Cours en ligne et certification en validation logicielle\" \/>\n<meta property=\"og:description\" content=\"Obtenez votre certification en assurance de la validation logicielle. Inscrivez-vous d\u00e8s maintenant \u00e0 notre cours en ligne accr\u00e9dit\u00e9 CPD et CEU, con\u00e7u par les meilleurs experts pharmaceutiques.\" \/>\n<meta property=\"og:url\" content=\"https:\/\/gxp-training.com\/fr\/online-course\/introduction-a-lassurance-de-la-validation-logicielle\/\" \/>\n<meta property=\"og:site_name\" content=\"GxP Training : Certified Online Courses for Life Sciences\" \/>\n<meta property=\"og:image\" content=\"https:\/\/gxp-training.com\/wp-content\/uploads\/2023\/09\/Software-Validation-Assurance.png\" \/>\n\t<meta property=\"og:image:width\" content=\"900\" \/>\n\t<meta property=\"og:image:height\" content=\"627\" \/>\n\t<meta property=\"og:image:type\" content=\"image\/png\" \/>\n<meta name=\"twitter:card\" content=\"summary_large_image\" \/>\n<meta name=\"twitter:label1\" content=\"Dur\u00e9e de lecture estim\u00e9e\" \/>\n\t<meta name=\"twitter:data1\" content=\"1 minute\" \/>\n<script type=\"application\/ld+json\" class=\"yoast-schema-graph\">{\"@context\":\"https:\\\/\\\/schema.org\",\"@graph\":[{\"@type\":\"WebPage\",\"@id\":\"https:\\\/\\\/gxp-training.com\\\/fr\\\/online-course\\\/introduction-a-lassurance-de-la-validation-logicielle\\\/\",\"url\":\"https:\\\/\\\/gxp-training.com\\\/fr\\\/online-course\\\/introduction-a-lassurance-de-la-validation-logicielle\\\/\",\"name\":\"Cours en ligne et certification en validation logicielle\",\"isPartOf\":{\"@id\":\"https:\\\/\\\/gxp-training.com\\\/fr\\\/#website\"},\"primaryImageOfPage\":{\"@id\":\"https:\\\/\\\/gxp-training.com\\\/fr\\\/online-course\\\/introduction-a-lassurance-de-la-validation-logicielle\\\/#primaryimage\"},\"image\":{\"@id\":\"https:\\\/\\\/gxp-training.com\\\/fr\\\/online-course\\\/introduction-a-lassurance-de-la-validation-logicielle\\\/#primaryimage\"},\"thumbnailUrl\":\"https:\\\/\\\/gxp-training.com\\\/wp-content\\\/uploads\\\/2023\\\/09\\\/Software-Validation-Assurance.png\",\"datePublished\":\"2023-09-07T09:15:08+00:00\",\"description\":\"Obtenez votre certification en assurance de la validation logicielle. Inscrivez-vous d\u00e8s maintenant \u00e0 notre cours en ligne accr\u00e9dit\u00e9 CPD et CEU, con\u00e7u par les meilleurs experts pharmaceutiques.\",\"breadcrumb\":{\"@id\":\"https:\\\/\\\/gxp-training.com\\\/fr\\\/online-course\\\/introduction-a-lassurance-de-la-validation-logicielle\\\/#breadcrumb\"},\"inLanguage\":\"fr-FR\",\"potentialAction\":[{\"@type\":\"ReadAction\",\"target\":[\"https:\\\/\\\/gxp-training.com\\\/fr\\\/online-course\\\/introduction-a-lassurance-de-la-validation-logicielle\\\/\"]}]},{\"@type\":\"ImageObject\",\"inLanguage\":\"fr-FR\",\"@id\":\"https:\\\/\\\/gxp-training.com\\\/fr\\\/online-course\\\/introduction-a-lassurance-de-la-validation-logicielle\\\/#primaryimage\",\"url\":\"https:\\\/\\\/gxp-training.com\\\/wp-content\\\/uploads\\\/2023\\\/09\\\/Software-Validation-Assurance.png\",\"contentUrl\":\"https:\\\/\\\/gxp-training.com\\\/wp-content\\\/uploads\\\/2023\\\/09\\\/Software-Validation-Assurance.png\",\"width\":900,\"height\":627},{\"@type\":\"BreadcrumbList\",\"@id\":\"https:\\\/\\\/gxp-training.com\\\/fr\\\/online-course\\\/introduction-a-lassurance-de-la-validation-logicielle\\\/#breadcrumb\",\"itemListElement\":[{\"@type\":\"ListItem\",\"position\":1,\"name\":\"Accueil\",\"item\":\"https:\\\/\\\/gxp-training.com\\\/fr\\\/page-daccueil\\\/\"},{\"@type\":\"ListItem\",\"position\":2,\"name\":\"Produits\",\"item\":\"https:\\\/\\\/gxp-training.com\\\/fr\\\/shop\\\/\"},{\"@type\":\"ListItem\",\"position\":3,\"name\":\"Introduction \u00e0 l\u2019assurance de la validation logicielle\"}]},{\"@type\":\"WebSite\",\"@id\":\"https:\\\/\\\/gxp-training.com\\\/fr\\\/#website\",\"url\":\"https:\\\/\\\/gxp-training.com\\\/fr\\\/\",\"name\":\"GxP Training : Certified Online Courses for Life Sciences\",\"description\":\"Online Trainings and Certified Courses in Regulatory Compliance for Pharmaceutical Experts\",\"publisher\":{\"@id\":\"https:\\\/\\\/gxp-training.com\\\/fr\\\/#organization\"},\"potentialAction\":[{\"@type\":\"SearchAction\",\"target\":{\"@type\":\"EntryPoint\",\"urlTemplate\":\"https:\\\/\\\/gxp-training.com\\\/fr\\\/?s={search_term_string}\"},\"query-input\":{\"@type\":\"PropertyValueSpecification\",\"valueRequired\":true,\"valueName\":\"search_term_string\"}}],\"inLanguage\":\"fr-FR\"},{\"@type\":\"Organization\",\"@id\":\"https:\\\/\\\/gxp-training.com\\\/fr\\\/#organization\",\"name\":\"GXP Training\",\"url\":\"https:\\\/\\\/gxp-training.com\\\/fr\\\/\",\"logo\":{\"@type\":\"ImageObject\",\"inLanguage\":\"fr-FR\",\"@id\":\"https:\\\/\\\/gxp-training.com\\\/fr\\\/#\\\/schema\\\/logo\\\/image\\\/\",\"url\":\"https:\\\/\\\/gxp-training.com\\\/wp-content\\\/uploads\\\/2022\\\/05\\\/logo-resize.png\",\"contentUrl\":\"https:\\\/\\\/gxp-training.com\\\/wp-content\\\/uploads\\\/2022\\\/05\\\/logo-resize.png\",\"width\":350,\"height\":100,\"caption\":\"GXP Training\"},\"image\":{\"@id\":\"https:\\\/\\\/gxp-training.com\\\/fr\\\/#\\\/schema\\\/logo\\\/image\\\/\"}}]}<\/script>\n<!-- \/ Yoast SEO plugin. -->","yoast_head_json":{"title":"Cours en ligne et certification en validation logicielle","description":"Obtenez votre certification en assurance de la validation logicielle. Inscrivez-vous d\u00e8s maintenant \u00e0 notre cours en ligne accr\u00e9dit\u00e9 CPD et CEU, con\u00e7u par les meilleurs experts pharmaceutiques.","robots":{"index":"index","follow":"follow","max-snippet":"max-snippet:-1","max-image-preview":"max-image-preview:large","max-video-preview":"max-video-preview:-1"},"canonical":"https:\/\/gxp-training.com\/fr\/online-course\/introduction-a-lassurance-de-la-validation-logicielle\/","og_locale":"fr_FR","og_type":"article","og_title":"Cours en ligne et certification en validation logicielle","og_description":"Obtenez votre certification en assurance de la validation logicielle. Inscrivez-vous d\u00e8s maintenant \u00e0 notre cours en ligne accr\u00e9dit\u00e9 CPD et CEU, con\u00e7u par les meilleurs experts pharmaceutiques.","og_url":"https:\/\/gxp-training.com\/fr\/online-course\/introduction-a-lassurance-de-la-validation-logicielle\/","og_site_name":"GxP Training : Certified Online Courses for Life Sciences","og_image":[{"width":900,"height":627,"url":"https:\/\/gxp-training.com\/wp-content\/uploads\/2023\/09\/Software-Validation-Assurance.png","type":"image\/png"}],"twitter_card":"summary_large_image","twitter_misc":{"Dur\u00e9e de lecture estim\u00e9e":"1 minute"},"schema":{"@context":"https:\/\/schema.org","@graph":[{"@type":"WebPage","@id":"https:\/\/gxp-training.com\/fr\/online-course\/introduction-a-lassurance-de-la-validation-logicielle\/","url":"https:\/\/gxp-training.com\/fr\/online-course\/introduction-a-lassurance-de-la-validation-logicielle\/","name":"Cours en ligne et certification en validation logicielle","isPartOf":{"@id":"https:\/\/gxp-training.com\/fr\/#website"},"primaryImageOfPage":{"@id":"https:\/\/gxp-training.com\/fr\/online-course\/introduction-a-lassurance-de-la-validation-logicielle\/#primaryimage"},"image":{"@id":"https:\/\/gxp-training.com\/fr\/online-course\/introduction-a-lassurance-de-la-validation-logicielle\/#primaryimage"},"thumbnailUrl":"https:\/\/gxp-training.com\/wp-content\/uploads\/2023\/09\/Software-Validation-Assurance.png","datePublished":"2023-09-07T09:15:08+00:00","description":"Obtenez votre certification en assurance de la validation logicielle. Inscrivez-vous d\u00e8s maintenant \u00e0 notre cours en ligne accr\u00e9dit\u00e9 CPD et CEU, con\u00e7u par les meilleurs experts pharmaceutiques.","breadcrumb":{"@id":"https:\/\/gxp-training.com\/fr\/online-course\/introduction-a-lassurance-de-la-validation-logicielle\/#breadcrumb"},"inLanguage":"fr-FR","potentialAction":[{"@type":"ReadAction","target":["https:\/\/gxp-training.com\/fr\/online-course\/introduction-a-lassurance-de-la-validation-logicielle\/"]}]},{"@type":"ImageObject","inLanguage":"fr-FR","@id":"https:\/\/gxp-training.com\/fr\/online-course\/introduction-a-lassurance-de-la-validation-logicielle\/#primaryimage","url":"https:\/\/gxp-training.com\/wp-content\/uploads\/2023\/09\/Software-Validation-Assurance.png","contentUrl":"https:\/\/gxp-training.com\/wp-content\/uploads\/2023\/09\/Software-Validation-Assurance.png","width":900,"height":627},{"@type":"BreadcrumbList","@id":"https:\/\/gxp-training.com\/fr\/online-course\/introduction-a-lassurance-de-la-validation-logicielle\/#breadcrumb","itemListElement":[{"@type":"ListItem","position":1,"name":"Accueil","item":"https:\/\/gxp-training.com\/fr\/page-daccueil\/"},{"@type":"ListItem","position":2,"name":"Produits","item":"https:\/\/gxp-training.com\/fr\/shop\/"},{"@type":"ListItem","position":3,"name":"Introduction \u00e0 l\u2019assurance de la validation logicielle"}]},{"@type":"WebSite","@id":"https:\/\/gxp-training.com\/fr\/#website","url":"https:\/\/gxp-training.com\/fr\/","name":"GxP Training : Certified Online Courses for Life Sciences","description":"Online Trainings and Certified Courses in Regulatory Compliance for Pharmaceutical Experts","publisher":{"@id":"https:\/\/gxp-training.com\/fr\/#organization"},"potentialAction":[{"@type":"SearchAction","target":{"@type":"EntryPoint","urlTemplate":"https:\/\/gxp-training.com\/fr\/?s={search_term_string}"},"query-input":{"@type":"PropertyValueSpecification","valueRequired":true,"valueName":"search_term_string"}}],"inLanguage":"fr-FR"},{"@type":"Organization","@id":"https:\/\/gxp-training.com\/fr\/#organization","name":"GXP Training","url":"https:\/\/gxp-training.com\/fr\/","logo":{"@type":"ImageObject","inLanguage":"fr-FR","@id":"https:\/\/gxp-training.com\/fr\/#\/schema\/logo\/image\/","url":"https:\/\/gxp-training.com\/wp-content\/uploads\/2022\/05\/logo-resize.png","contentUrl":"https:\/\/gxp-training.com\/wp-content\/uploads\/2022\/05\/logo-resize.png","width":350,"height":100,"caption":"GXP Training"},"image":{"@id":"https:\/\/gxp-training.com\/fr\/#\/schema\/logo\/image\/"}}]}},"_links":{"self":[{"href":"https:\/\/gxp-training.com\/fr\/wp-json\/wp\/v2\/product\/57577","targetHints":{"allow":["GET"]}}],"collection":[{"href":"https:\/\/gxp-training.com\/fr\/wp-json\/wp\/v2\/product"}],"about":[{"href":"https:\/\/gxp-training.com\/fr\/wp-json\/wp\/v2\/types\/product"}],"wp:featuredmedia":[{"embeddable":true,"href":"https:\/\/gxp-training.com\/fr\/wp-json\/wp\/v2\/media\/44373"}],"wp:attachment":[{"href":"https:\/\/gxp-training.com\/fr\/wp-json\/wp\/v2\/media?parent=57577"}],"wp:term":[{"taxonomy":"product_brand","embeddable":true,"href":"https:\/\/gxp-training.com\/fr\/wp-json\/wp\/v2\/product_brand?post=57577"},{"taxonomy":"product_cat","embeddable":true,"href":"https:\/\/gxp-training.com\/fr\/wp-json\/wp\/v2\/product_cat?post=57577"},{"taxonomy":"product_tag","embeddable":true,"href":"https:\/\/gxp-training.com\/fr\/wp-json\/wp\/v2\/product_tag?post=57577"}],"curies":[{"name":"wp","href":"https:\/\/api.w.org\/{rel}","templated":true}]}}