{"id":57392,"date":"2022-05-23T11:08:19","date_gmt":"2022-05-23T09:08:19","guid":{"rendered":"https:\/\/gxp-training.com\/online-course\/formation-sur-les-actions-correctives-et-preventives-capa\/"},"modified":"2022-05-23T11:08:19","modified_gmt":"2022-05-23T09:08:19","slug":"formation-sur-les-actions-correctives-et-preventives-capa","status":"publish","type":"product","link":"https:\/\/gxp-training.com\/fr\/online-course\/formation-sur-les-actions-correctives-et-preventives-capa\/","title":{"rendered":"Formation sur les actions correctives et pr\u00e9ventives (CAPA)"},"content":{"rendered":"<p>L\u2019<a href=\"https:\/\/www.fda.gov\/files\/about%20fda\/published\/CDRH-Learn-Presenation--Corrective-and-Preventive-Action-Basics.pdf\">action corrective et l\u2019action pr\u00e9ventive<\/a> (CAPA) est une exigence fondamentale des <a href=\"https:\/\/gxp-training.com\/fr\/online-course\/introduction-aux-bonnes-pratiques-de-fabrication-bpf\/\">BPF<\/a> de la <a href=\"https:\/\/www.fda.gov\/medical-devices\/postmarket-requirements-devices\/quality-management-system-regulation-qmsr\">FDA<\/a> utilis\u00e9e pour enqu\u00eater sur les non-conformit\u00e9s, identifier les causes racines et pr\u00e9venir la r\u00e9currence des probl\u00e8mes dans les op\u00e9rations pharmaceutiques et de dispositifs m\u00e9dicaux. Ce cours propose une introduction pratique aux principes CAPA selon la norme <a href=\"https:\/\/www.fda.gov\/media\/142009\/download\">FDA 21 CFR 820.100<\/a>, en utilisant des exemples concrets pour d\u00e9montrer l\u2019importance d\u2019un syst\u00e8me CAPA efficace. <\/p>\n<p>Une fois la formation r\u00e9ussie, vous recevrez un <strong>certificat valid\u00e9 accr\u00e9dit\u00e9 par des cr\u00e9dits CPD\/CEU<\/strong>, adapt\u00e9 \u00e0 l\u2019audit et \u00e0 la documentation de conformit\u00e9.<br \/>\n&nbsp;<br \/>\n<strong>\u00c0 qui s\u2019adresse ce cours ?<\/strong><\/p>\n<ul>\n<li>Professionnels de l\u2019<a href=\"https:\/\/gxp-training.com\/fr\/gxp-courses\/assurance-qualite\/\">assurance qualit\u00e9<\/a> et du contr\u00f4le qualit\u00e9<\/li>\n<li>\u00c9quipes de <a href=\"https:\/\/gxp-training.com\/fr\/gxp-courses\/bpf-bonnes-pratiques-de-fabrication\/\">fabrication<\/a> et des op\u00e9rations<\/li>\n<li>Sp\u00e9cialistes des <a href=\"https:\/\/gxp-training.com\/online-course\/regulatory-affairs-specialist-training-certification\/\">affaires r\u00e9glementaires<\/a><\/li>\n<li>Personnel de conformit\u00e9 BPF et d\u2019<a href=\"https:\/\/gxp-training.com\/online-course\/internal-gmp-audit-role-of-gmp-auditor-online-certified-course\/\">audit<\/a><\/li>\n<li>Superviseurs ou responsables de l\u2019industrie <a href=\"https:\/\/gxp-training.com\/fr\/gxp-courses\/pharmaceutique\/\">pharmaceutique<\/a> et des <a href=\"https:\/\/gxp-training.com\/fr\/gxp-courses\/dispositifs-medicaux\/\">dispositifs m\u00e9dicaux<\/a><\/li>\n<\/ul>\n<p>&nbsp;<br \/>\n<strong>Qu\u2019allez-vous apprendre ?<\/strong><\/p>\n<ul>\n<li>Comprendre les principes CAPA et leur r\u00f4le dans les environnements BPF r\u00e9gis par la FDA<\/li>\n<li>Distinguer les actions correctives des actions pr\u00e9ventives<\/li>\n<li>Mener des enqu\u00eates structur\u00e9es et des analyses de causes racines<\/li>\n<li>Ex\u00e9cuter le processus CAPA, de l\u2019identification \u00e0 la v\u00e9rification et \u00e0 la cl\u00f4ture<\/li>\n<li>Documenter les activit\u00e9s CAPA \u00e0 l\u2019aide de mod\u00e8les et de formulaires conformes<\/li>\n<\/ul>\n<p>&nbsp;<\/p>\n<h3>Programme<\/h3>\n<p><strong>Introduction<\/strong><\/p>\n<p><strong>Le\u00e7on 1 : Qu\u2019est-ce que le CAPA ?<\/strong><\/p>\n<ul>\n<li>Diff\u00e9rences et relations entre action corrective et action pr\u00e9ventive<\/li>\n<\/ul>\n<p><strong>Le\u00e7on 2 : Objectif du CAPA<\/strong><\/p>\n<p><strong>Le\u00e7on 3 : Exigences du CAPA<\/strong><\/p>\n<p><strong>Le\u00e7on 4 : Proc\u00e9dures CAPA<\/strong><\/p>\n<ul>\n<li>Identification de la non-conformit\u00e9<\/li>\n<li>\u00c9valuation de la non-conformit\u00e9<\/li>\n<li>Enqu\u00eate et analyse des causes racines<\/li>\n<li>Plans d\u2019action<\/li>\n<li>Mise en \u0153uvre du plan d\u2019action<\/li>\n<li>V\u00e9rification<\/li>\n<li>Cl\u00f4ture<\/li>\n<\/ul>\n<p><strong>Le\u00e7on 5 : Objectifs du CAPA<\/strong><\/p>\n<p><strong>Le\u00e7on 6 : Remplir le formulaire de mod\u00e8le CAPA<\/strong><\/p>\n<p><strong>Glossaire<\/strong><\/p>\n<p><strong>Conclusion<\/strong><\/p>\n<p><strong>\u00c9valuation finale<\/strong><\/p>\n","protected":false},"excerpt":{"rendered":"<p>L\u2019action corrective et l\u2019action pr\u00e9ventive (CAPA) est une exigence fondamentale des BPF de la FDA utilis\u00e9e pour enqu\u00eater sur les non-conformit\u00e9s, identifier les causes racines et pr\u00e9venir la r\u00e9currence des probl\u00e8mes dans les op\u00e9rations pharmaceutiques et de dispositifs m\u00e9dicaux. Ce cours propose une introduction pratique aux principes CAPA selon la norme FDA 21 CFR 820.100, [&hellip;]<\/p>\n","protected":false},"featured_media":43011,"template":"","meta":{"_acf_changed":false,"content-type":""},"product_brand":[],"product_cat":[260,257,254,261,256,263,258,264],"product_tag":[],"class_list":{"0":"post-57392","1":"product","2":"type-product","3":"status-publish","4":"has-post-thumbnail","6":"product_cat-alimentation-et-nutrition","7":"product_cat-assurance-qualite","8":"product_cat-bpf-bonnes-pratiques-de-fabrication","9":"product_cat-cosmetiques","10":"product_cat-dispositifs-medicaux","11":"product_cat-organisme-de-recherche-sous-contrat-cro","12":"product_cat-pharmaceutique","13":"product_cat-transversal","15":"first","16":"instock","17":"taxable","18":"shipping-taxable","19":"purchasable","20":"product-type-subscription"},"bundled_by":[],"bundle_stock_status":"instock","bundle_stock_quantity":null,"bundle_virtual":false,"bundle_layout":"","bundle_add_to_cart_form_location":"","bundle_editable_in_cart":false,"bundle_sold_individually_context":"","bundle_item_grouping":"","bundle_min_size":"","bundle_max_size":"","bundle_price":[],"bundled_items":[],"bundle_sell_ids":[],"acf":[],"yoast_head":"<!-- This site is optimized with the Yoast SEO plugin v27.5 - https:\/\/yoast.com\/product\/yoast-seo-wordpress\/ -->\n<title>Cours certifi\u00e9 CAPA | Actions correctives et pr\u00e9ventives pour les BPF<\/title>\n<meta name=\"description\" content=\"Commencez votre cours en ligne CAPA et obtenez une certification CPD\/CEU. Ma\u00eetrisez la conformit\u00e9 BPF de la FDA, l\u2019analyse des causes racines et la gestion des non-conformit\u00e9s pour les \u00e9quipes de la pharma et des dispositifs m\u00e9dicaux.\" \/>\n<meta name=\"robots\" content=\"index, follow, max-snippet:-1, max-image-preview:large, max-video-preview:-1\" \/>\n<link rel=\"canonical\" href=\"https:\/\/gxp-training.com\/fr\/online-course\/formation-sur-les-actions-correctives-et-preventives-capa\/\" \/>\n<meta property=\"og:locale\" content=\"fr_FR\" \/>\n<meta property=\"og:type\" content=\"article\" \/>\n<meta property=\"og:title\" content=\"Cours certifi\u00e9 CAPA | Actions correctives et pr\u00e9ventives pour les BPF\" \/>\n<meta property=\"og:description\" content=\"Commencez votre cours en ligne CAPA et obtenez une certification CPD\/CEU. Ma\u00eetrisez la conformit\u00e9 BPF de la FDA, l\u2019analyse des causes racines et la gestion des non-conformit\u00e9s pour les \u00e9quipes de la pharma et des dispositifs m\u00e9dicaux.\" \/>\n<meta property=\"og:url\" content=\"https:\/\/gxp-training.com\/fr\/online-course\/formation-sur-les-actions-correctives-et-preventives-capa\/\" \/>\n<meta property=\"og:site_name\" content=\"GxP Training : Certified Online Courses for Life Sciences\" \/>\n<meta property=\"og:image\" content=\"https:\/\/gxp-training.com\/wp-content\/uploads\/2022\/05\/CAPA-online-training.png\" \/>\n\t<meta property=\"og:image:width\" content=\"900\" \/>\n\t<meta property=\"og:image:height\" content=\"627\" \/>\n\t<meta property=\"og:image:type\" content=\"image\/png\" \/>\n<meta name=\"twitter:card\" content=\"summary_large_image\" \/>\n<meta name=\"twitter:label1\" content=\"Dur\u00e9e de lecture estim\u00e9e\" \/>\n\t<meta name=\"twitter:data1\" content=\"2 minutes\" \/>\n<script type=\"application\/ld+json\" class=\"yoast-schema-graph\">{\"@context\":\"https:\\\/\\\/schema.org\",\"@graph\":[{\"@type\":\"WebPage\",\"@id\":\"https:\\\/\\\/gxp-training.com\\\/fr\\\/online-course\\\/formation-sur-les-actions-correctives-et-preventives-capa\\\/\",\"url\":\"https:\\\/\\\/gxp-training.com\\\/fr\\\/online-course\\\/formation-sur-les-actions-correctives-et-preventives-capa\\\/\",\"name\":\"Cours certifi\u00e9 CAPA | Actions correctives et pr\u00e9ventives pour les BPF\",\"isPartOf\":{\"@id\":\"https:\\\/\\\/gxp-training.com\\\/fr\\\/#website\"},\"primaryImageOfPage\":{\"@id\":\"https:\\\/\\\/gxp-training.com\\\/fr\\\/online-course\\\/formation-sur-les-actions-correctives-et-preventives-capa\\\/#primaryimage\"},\"image\":{\"@id\":\"https:\\\/\\\/gxp-training.com\\\/fr\\\/online-course\\\/formation-sur-les-actions-correctives-et-preventives-capa\\\/#primaryimage\"},\"thumbnailUrl\":\"https:\\\/\\\/gxp-training.com\\\/wp-content\\\/uploads\\\/2022\\\/05\\\/CAPA-online-training.png\",\"datePublished\":\"2022-05-23T09:08:19+00:00\",\"description\":\"Commencez votre cours en ligne CAPA et obtenez une certification CPD\\\/CEU. Ma\u00eetrisez la conformit\u00e9 BPF de la FDA, l\u2019analyse des causes racines et la gestion des non-conformit\u00e9s pour les \u00e9quipes de la pharma et des dispositifs m\u00e9dicaux.\",\"breadcrumb\":{\"@id\":\"https:\\\/\\\/gxp-training.com\\\/fr\\\/online-course\\\/formation-sur-les-actions-correctives-et-preventives-capa\\\/#breadcrumb\"},\"inLanguage\":\"fr-FR\",\"potentialAction\":[{\"@type\":\"ReadAction\",\"target\":[\"https:\\\/\\\/gxp-training.com\\\/fr\\\/online-course\\\/formation-sur-les-actions-correctives-et-preventives-capa\\\/\"]}]},{\"@type\":\"ImageObject\",\"inLanguage\":\"fr-FR\",\"@id\":\"https:\\\/\\\/gxp-training.com\\\/fr\\\/online-course\\\/formation-sur-les-actions-correctives-et-preventives-capa\\\/#primaryimage\",\"url\":\"https:\\\/\\\/gxp-training.com\\\/wp-content\\\/uploads\\\/2022\\\/05\\\/CAPA-online-training.png\",\"contentUrl\":\"https:\\\/\\\/gxp-training.com\\\/wp-content\\\/uploads\\\/2022\\\/05\\\/CAPA-online-training.png\",\"width\":900,\"height\":627},{\"@type\":\"BreadcrumbList\",\"@id\":\"https:\\\/\\\/gxp-training.com\\\/fr\\\/online-course\\\/formation-sur-les-actions-correctives-et-preventives-capa\\\/#breadcrumb\",\"itemListElement\":[{\"@type\":\"ListItem\",\"position\":1,\"name\":\"Accueil\",\"item\":\"https:\\\/\\\/gxp-training.com\\\/fr\\\/page-daccueil\\\/\"},{\"@type\":\"ListItem\",\"position\":2,\"name\":\"Produits\",\"item\":\"https:\\\/\\\/gxp-training.com\\\/fr\\\/shop\\\/\"},{\"@type\":\"ListItem\",\"position\":3,\"name\":\"Formation sur les actions correctives et pr\u00e9ventives (CAPA)\"}]},{\"@type\":\"WebSite\",\"@id\":\"https:\\\/\\\/gxp-training.com\\\/fr\\\/#website\",\"url\":\"https:\\\/\\\/gxp-training.com\\\/fr\\\/\",\"name\":\"GxP Training : Certified Online Courses for Life Sciences\",\"description\":\"Online Trainings and Certified Courses in Regulatory Compliance for Pharmaceutical Experts\",\"publisher\":{\"@id\":\"https:\\\/\\\/gxp-training.com\\\/fr\\\/#organization\"},\"potentialAction\":[{\"@type\":\"SearchAction\",\"target\":{\"@type\":\"EntryPoint\",\"urlTemplate\":\"https:\\\/\\\/gxp-training.com\\\/fr\\\/?s={search_term_string}\"},\"query-input\":{\"@type\":\"PropertyValueSpecification\",\"valueRequired\":true,\"valueName\":\"search_term_string\"}}],\"inLanguage\":\"fr-FR\"},{\"@type\":\"Organization\",\"@id\":\"https:\\\/\\\/gxp-training.com\\\/fr\\\/#organization\",\"name\":\"GXP Training\",\"url\":\"https:\\\/\\\/gxp-training.com\\\/fr\\\/\",\"logo\":{\"@type\":\"ImageObject\",\"inLanguage\":\"fr-FR\",\"@id\":\"https:\\\/\\\/gxp-training.com\\\/fr\\\/#\\\/schema\\\/logo\\\/image\\\/\",\"url\":\"https:\\\/\\\/gxp-training.com\\\/wp-content\\\/uploads\\\/2022\\\/05\\\/logo-resize.png\",\"contentUrl\":\"https:\\\/\\\/gxp-training.com\\\/wp-content\\\/uploads\\\/2022\\\/05\\\/logo-resize.png\",\"width\":350,\"height\":100,\"caption\":\"GXP Training\"},\"image\":{\"@id\":\"https:\\\/\\\/gxp-training.com\\\/fr\\\/#\\\/schema\\\/logo\\\/image\\\/\"}}]}<\/script>\n<!-- \/ Yoast SEO plugin. -->","yoast_head_json":{"title":"Cours certifi\u00e9 CAPA | Actions correctives et pr\u00e9ventives pour les BPF","description":"Commencez votre cours en ligne CAPA et obtenez une certification CPD\/CEU. Ma\u00eetrisez la conformit\u00e9 BPF de la FDA, l\u2019analyse des causes racines et la gestion des non-conformit\u00e9s pour les \u00e9quipes de la pharma et des dispositifs m\u00e9dicaux.","robots":{"index":"index","follow":"follow","max-snippet":"max-snippet:-1","max-image-preview":"max-image-preview:large","max-video-preview":"max-video-preview:-1"},"canonical":"https:\/\/gxp-training.com\/fr\/online-course\/formation-sur-les-actions-correctives-et-preventives-capa\/","og_locale":"fr_FR","og_type":"article","og_title":"Cours certifi\u00e9 CAPA | Actions correctives et pr\u00e9ventives pour les BPF","og_description":"Commencez votre cours en ligne CAPA et obtenez une certification CPD\/CEU. Ma\u00eetrisez la conformit\u00e9 BPF de la FDA, l\u2019analyse des causes racines et la gestion des non-conformit\u00e9s pour les \u00e9quipes de la pharma et des dispositifs m\u00e9dicaux.","og_url":"https:\/\/gxp-training.com\/fr\/online-course\/formation-sur-les-actions-correctives-et-preventives-capa\/","og_site_name":"GxP Training : Certified Online Courses for Life Sciences","og_image":[{"width":900,"height":627,"url":"https:\/\/gxp-training.com\/wp-content\/uploads\/2022\/05\/CAPA-online-training.png","type":"image\/png"}],"twitter_card":"summary_large_image","twitter_misc":{"Dur\u00e9e de lecture estim\u00e9e":"2 minutes"},"schema":{"@context":"https:\/\/schema.org","@graph":[{"@type":"WebPage","@id":"https:\/\/gxp-training.com\/fr\/online-course\/formation-sur-les-actions-correctives-et-preventives-capa\/","url":"https:\/\/gxp-training.com\/fr\/online-course\/formation-sur-les-actions-correctives-et-preventives-capa\/","name":"Cours certifi\u00e9 CAPA | Actions correctives et pr\u00e9ventives pour les BPF","isPartOf":{"@id":"https:\/\/gxp-training.com\/fr\/#website"},"primaryImageOfPage":{"@id":"https:\/\/gxp-training.com\/fr\/online-course\/formation-sur-les-actions-correctives-et-preventives-capa\/#primaryimage"},"image":{"@id":"https:\/\/gxp-training.com\/fr\/online-course\/formation-sur-les-actions-correctives-et-preventives-capa\/#primaryimage"},"thumbnailUrl":"https:\/\/gxp-training.com\/wp-content\/uploads\/2022\/05\/CAPA-online-training.png","datePublished":"2022-05-23T09:08:19+00:00","description":"Commencez votre cours en ligne CAPA et obtenez une certification CPD\/CEU. Ma\u00eetrisez la conformit\u00e9 BPF de la FDA, l\u2019analyse des causes racines et la gestion des non-conformit\u00e9s pour les \u00e9quipes de la pharma et des dispositifs m\u00e9dicaux.","breadcrumb":{"@id":"https:\/\/gxp-training.com\/fr\/online-course\/formation-sur-les-actions-correctives-et-preventives-capa\/#breadcrumb"},"inLanguage":"fr-FR","potentialAction":[{"@type":"ReadAction","target":["https:\/\/gxp-training.com\/fr\/online-course\/formation-sur-les-actions-correctives-et-preventives-capa\/"]}]},{"@type":"ImageObject","inLanguage":"fr-FR","@id":"https:\/\/gxp-training.com\/fr\/online-course\/formation-sur-les-actions-correctives-et-preventives-capa\/#primaryimage","url":"https:\/\/gxp-training.com\/wp-content\/uploads\/2022\/05\/CAPA-online-training.png","contentUrl":"https:\/\/gxp-training.com\/wp-content\/uploads\/2022\/05\/CAPA-online-training.png","width":900,"height":627},{"@type":"BreadcrumbList","@id":"https:\/\/gxp-training.com\/fr\/online-course\/formation-sur-les-actions-correctives-et-preventives-capa\/#breadcrumb","itemListElement":[{"@type":"ListItem","position":1,"name":"Accueil","item":"https:\/\/gxp-training.com\/fr\/page-daccueil\/"},{"@type":"ListItem","position":2,"name":"Produits","item":"https:\/\/gxp-training.com\/fr\/shop\/"},{"@type":"ListItem","position":3,"name":"Formation sur les actions correctives et pr\u00e9ventives (CAPA)"}]},{"@type":"WebSite","@id":"https:\/\/gxp-training.com\/fr\/#website","url":"https:\/\/gxp-training.com\/fr\/","name":"GxP Training : Certified Online Courses for Life Sciences","description":"Online Trainings and Certified Courses in Regulatory Compliance for Pharmaceutical Experts","publisher":{"@id":"https:\/\/gxp-training.com\/fr\/#organization"},"potentialAction":[{"@type":"SearchAction","target":{"@type":"EntryPoint","urlTemplate":"https:\/\/gxp-training.com\/fr\/?s={search_term_string}"},"query-input":{"@type":"PropertyValueSpecification","valueRequired":true,"valueName":"search_term_string"}}],"inLanguage":"fr-FR"},{"@type":"Organization","@id":"https:\/\/gxp-training.com\/fr\/#organization","name":"GXP Training","url":"https:\/\/gxp-training.com\/fr\/","logo":{"@type":"ImageObject","inLanguage":"fr-FR","@id":"https:\/\/gxp-training.com\/fr\/#\/schema\/logo\/image\/","url":"https:\/\/gxp-training.com\/wp-content\/uploads\/2022\/05\/logo-resize.png","contentUrl":"https:\/\/gxp-training.com\/wp-content\/uploads\/2022\/05\/logo-resize.png","width":350,"height":100,"caption":"GXP Training"},"image":{"@id":"https:\/\/gxp-training.com\/fr\/#\/schema\/logo\/image\/"}}]}},"_links":{"self":[{"href":"https:\/\/gxp-training.com\/fr\/wp-json\/wp\/v2\/product\/57392","targetHints":{"allow":["GET"]}}],"collection":[{"href":"https:\/\/gxp-training.com\/fr\/wp-json\/wp\/v2\/product"}],"about":[{"href":"https:\/\/gxp-training.com\/fr\/wp-json\/wp\/v2\/types\/product"}],"wp:featuredmedia":[{"embeddable":true,"href":"https:\/\/gxp-training.com\/fr\/wp-json\/wp\/v2\/media\/43011"}],"wp:attachment":[{"href":"https:\/\/gxp-training.com\/fr\/wp-json\/wp\/v2\/media?parent=57392"}],"wp:term":[{"taxonomy":"product_brand","embeddable":true,"href":"https:\/\/gxp-training.com\/fr\/wp-json\/wp\/v2\/product_brand?post=57392"},{"taxonomy":"product_cat","embeddable":true,"href":"https:\/\/gxp-training.com\/fr\/wp-json\/wp\/v2\/product_cat?post=57392"},{"taxonomy":"product_tag","embeddable":true,"href":"https:\/\/gxp-training.com\/fr\/wp-json\/wp\/v2\/product_tag?post=57392"}],"curies":[{"name":"wp","href":"https:\/\/api.w.org\/{rel}","templated":true}]}}