{"id":57359,"date":"2022-05-24T10:09:44","date_gmt":"2022-05-24T08:09:44","guid":{"rendered":"https:\/\/gxp-training.com\/online-course\/selection-des-sites-dessai\/"},"modified":"2022-05-24T10:09:44","modified_gmt":"2022-05-24T08:09:44","slug":"selection-des-sites-dessai","status":"publish","type":"product","link":"https:\/\/gxp-training.com\/fr\/online-course\/selection-des-sites-dessai\/","title":{"rendered":"S\u00e9lection des sites d&rsquo;essai"},"content":{"rendered":"<p>La s\u00e9lection du bon <a href=\"https:\/\/gxp-training.com\/fr\/online-course\/ich-gcp-introduction-aux-bonnes-pratiques-cliniques\/\">site d&rsquo;essai clinique<\/a> impacte directement le recrutement, l&rsquo;int\u00e9grit\u00e9 des donn\u00e9es et les r\u00e9sultats de l&rsquo;\u00e9tude. Cette formation fournit un cadre pratique pour l&rsquo;ensemble du processus de s\u00e9lection des sites, depuis les \u00e9valuations de faisabilit\u00e9 initiales jusqu&rsquo;\u00e0 l&rsquo;\u00e9valuation des qualifications du personnel et la gestion de la performance des sites. <\/p>\n<p>\u00c0 l&rsquo;issue de la formation, vous recevrez un <strong>certificat valid\u00e9 accr\u00e9dit\u00e9 avec des cr\u00e9dits CPD\/CEU<\/strong>, reconnu \u00e0 des fins d&rsquo;audit et de conformit\u00e9.<\/p>\n<p><strong>\u00c0 qui s&rsquo;adresse cette formation ?<\/strong><\/p>\n<ul>\n<li>Professionnels de la <a href=\"https:\/\/gxp-training.com\/online-course\/clinical-research-associate-certified-course\/\">recherche clinique<\/a><\/li>\n<li><a href=\"https:\/\/gxp-training.com\/fr\/online-course\/gestion-des-etudes-sponsorisees-par-des-tiers\/\">Promoteurs<\/a> et <a href=\"https:\/\/gxp-training.com\/fr\/gxp-courses\/organisme-de-recherche-sous-contrat-cro\/\">CRO<\/a><\/li>\n<li>Professionnels des <a href=\"https:\/\/gxp-training.com\/fr\/gxp-courses\/affaires-reglementaires\/\">affaires r\u00e9glementaires<\/a> et de la <a href=\"https:\/\/gxp-training.com\/fr\/gxp-courses\/assurance-qualite\/\">qualit\u00e9<\/a><\/li>\n<li>Coordinateurs d&rsquo;\u00e9tudes et assistants d&rsquo;essais cliniques<\/li>\n<\/ul>\n<p><strong>Que allez-vous apprendre ?<\/strong><\/p>\n<ul>\n<li>Crit\u00e8res cl\u00e9s pour \u00e9valuer et s\u00e9lectionner les sites d&rsquo;essais cliniques<\/li>\n<li>Strat\u00e9gies \u00e9prouv\u00e9es de s\u00e9lection de sites et outils d&rsquo;\u00e9valuation de faisabilit\u00e9<\/li>\n<li>Comment identifier et d\u00e9velopper des sites cliniques performants<\/li>\n<li>Bonnes pratiques pour une <a href=\"https:\/\/www.ema.europa.eu\/en\/ich-e6-good-clinical-practice-scientific-guideline\">gestion efficace des sites cliniques<\/a><\/li>\n<li>D\u00e9fis courants de la s\u00e9lection de sites et comment les r\u00e9soudre<\/li>\n<\/ul>\n<p>&nbsp;<\/p>\n<h3>Programme<\/h3>\n<p><strong>Introduction<\/strong><\/p>\n<p><strong>Le\u00e7on 1 : Consid\u00e9rations pour une s\u00e9lection de site r\u00e9ussie<\/strong><\/p>\n<ul>\n<li>Capacit\u00e9s de recrutement des patients<\/li>\n<li>Qualification du personnel<\/li>\n<li>Installations et \u00e9quipements<\/li>\n<\/ul>\n<p><strong>Le\u00e7on 2 : Strat\u00e9gies de s\u00e9lection de sites<\/strong><\/p>\n<ul>\n<li>R\u00e9fl\u00e9chir \u00e0 l&rsquo;approche de recrutement des patients avant la s\u00e9lection du site<\/li>\n<li>Localiser les sites ayant d\u00e9j\u00e0 men\u00e9 des essais dans votre domaine th\u00e9rapeutique<\/li>\n<li>Trouver des sites utilisant des technologies \u00e0 jour<\/li>\n<\/ul>\n<p><strong>Le\u00e7on 3 : S\u00e9lection de sites \u2013 Identifier les sites cliniques performants<\/strong><\/p>\n<ul>\n<li>Faisabilit\u00e9 du site<\/li>\n<li>Recrutement<\/li>\n<li>Questionnaires de s\u00e9lection de sites<\/li>\n<\/ul>\n<p><strong>Le\u00e7on 4 : Gestion efficace des sites cliniques<\/strong><\/p>\n<ul>\n<li>Trouver la technologie pour la gestion des sites cliniques<\/li>\n<li>Cr\u00e9er un hub central pour la gestion des sites d&rsquo;essais cliniques<\/li>\n<li>Effectuer des visites de monitoring \u00e0 distance<\/li>\n<\/ul>\n<p><strong>Le\u00e7on 5 : D\u00e9fis associ\u00e9s \u00e0 la s\u00e9lection de sites pour les essais cliniques<\/strong><\/p>\n<ul>\n<li>Facteurs li\u00e9s aux participants<\/li>\n<li>Facteurs contextuels et environnementaux<\/li>\n<li>Facteurs li\u00e9s \u00e0 la recherche<\/li>\n<\/ul>\n<p><strong>Le\u00e7on 6 : Am\u00e9liorer la s\u00e9lection de sites dans les essais cliniques<\/strong><\/p>\n<ul>\n<li>Am\u00e9liorer la performance des sites cliniques<\/li>\n<\/ul>\n<p><strong>Conclusion<\/strong><\/p>\n<p><strong>Glossaire<\/strong><\/p>\n","protected":false},"excerpt":{"rendered":"<p>La s\u00e9lection du bon site d&rsquo;essai clinique impacte directement le recrutement, l&rsquo;int\u00e9grit\u00e9 des donn\u00e9es et les r\u00e9sultats de l&rsquo;\u00e9tude. Cette formation fournit un cadre pratique pour l&rsquo;ensemble du processus de s\u00e9lection des sites, depuis les \u00e9valuations de faisabilit\u00e9 initiales jusqu&rsquo;\u00e0 l&rsquo;\u00e9valuation des qualifications du personnel et la gestion de la performance des sites. \u00c0 l&rsquo;issue [&hellip;]<\/p>\n","protected":false},"featured_media":44587,"template":"","meta":{"_acf_changed":false,"content-type":""},"product_brand":[],"product_cat":[274,256,262,263,258],"product_tag":[],"class_list":{"0":"post-57359","1":"product","2":"type-product","3":"status-publish","4":"has-post-thumbnail","6":"product_cat-bpc-essais-cliniques","7":"product_cat-dispositifs-medicaux","8":"product_cat-hopitaux-et-etablissements-de-sante","9":"product_cat-organisme-de-recherche-sous-contrat-cro","10":"product_cat-pharmaceutique","12":"first","13":"instock","14":"taxable","15":"shipping-taxable","16":"purchasable","17":"product-type-subscription"},"bundled_by":[],"bundle_stock_status":"instock","bundle_stock_quantity":null,"bundle_virtual":false,"bundle_layout":"","bundle_add_to_cart_form_location":"","bundle_editable_in_cart":false,"bundle_sold_individually_context":"","bundle_item_grouping":"","bundle_min_size":"","bundle_max_size":"","bundle_price":[],"bundled_items":[],"bundle_sell_ids":[],"acf":[],"yoast_head":"<!-- This site is optimized with the Yoast SEO plugin v27.5 - https:\/\/yoast.com\/product\/yoast-seo-wordpress\/ -->\n<title>S\u00e9lection des sites d&#039;essais cliniques : formation en ligne et certification<\/title>\n<meta name=\"description\" content=\"Familiarisez-vous avec le processus de s\u00e9lection des sites pour les essais cliniques gr\u00e2ce \u00e0 notre formation certifi\u00e9e. Apprenez \u00e0 choisir le site id\u00e9al pour les essais cliniques. Obtenez votre certification d\u00e8s maintenant !\" \/>\n<meta name=\"robots\" content=\"index, follow, max-snippet:-1, max-image-preview:large, max-video-preview:-1\" \/>\n<link rel=\"canonical\" href=\"https:\/\/gxp-training.com\/fr\/online-course\/selection-des-sites-dessai\/\" \/>\n<meta property=\"og:locale\" content=\"fr_FR\" \/>\n<meta property=\"og:type\" content=\"article\" \/>\n<meta property=\"og:title\" content=\"S\u00e9lection des sites d&#039;essais cliniques : formation en ligne et certification\" \/>\n<meta property=\"og:description\" content=\"Familiarisez-vous avec le processus de s\u00e9lection des sites pour les essais cliniques gr\u00e2ce \u00e0 notre formation certifi\u00e9e. Apprenez \u00e0 choisir le site id\u00e9al pour les essais cliniques. Obtenez votre certification d\u00e8s maintenant !\" \/>\n<meta property=\"og:url\" content=\"https:\/\/gxp-training.com\/fr\/online-course\/selection-des-sites-dessai\/\" \/>\n<meta property=\"og:site_name\" content=\"GxP Training : Certified Online Courses for Life Sciences\" \/>\n<meta property=\"og:image\" content=\"https:\/\/gxp-training.com\/wp-content\/uploads\/2022\/05\/Selection-of-trial-sites.png\" \/>\n\t<meta property=\"og:image:width\" content=\"900\" \/>\n\t<meta property=\"og:image:height\" content=\"627\" \/>\n\t<meta property=\"og:image:type\" content=\"image\/png\" \/>\n<meta name=\"twitter:card\" content=\"summary_large_image\" \/>\n<meta name=\"twitter:label1\" content=\"Dur\u00e9e de lecture estim\u00e9e\" \/>\n\t<meta name=\"twitter:data1\" content=\"2 minutes\" \/>\n<script type=\"application\/ld+json\" class=\"yoast-schema-graph\">{\"@context\":\"https:\\\/\\\/schema.org\",\"@graph\":[{\"@type\":\"WebPage\",\"@id\":\"https:\\\/\\\/gxp-training.com\\\/fr\\\/online-course\\\/selection-des-sites-dessai\\\/\",\"url\":\"https:\\\/\\\/gxp-training.com\\\/fr\\\/online-course\\\/selection-des-sites-dessai\\\/\",\"name\":\"S\u00e9lection des sites d'essais cliniques : formation en ligne et certification\",\"isPartOf\":{\"@id\":\"https:\\\/\\\/gxp-training.com\\\/fr\\\/#website\"},\"primaryImageOfPage\":{\"@id\":\"https:\\\/\\\/gxp-training.com\\\/fr\\\/online-course\\\/selection-des-sites-dessai\\\/#primaryimage\"},\"image\":{\"@id\":\"https:\\\/\\\/gxp-training.com\\\/fr\\\/online-course\\\/selection-des-sites-dessai\\\/#primaryimage\"},\"thumbnailUrl\":\"https:\\\/\\\/gxp-training.com\\\/wp-content\\\/uploads\\\/2022\\\/05\\\/Selection-of-trial-sites.png\",\"datePublished\":\"2022-05-24T08:09:44+00:00\",\"description\":\"Familiarisez-vous avec le processus de s\u00e9lection des sites pour les essais cliniques gr\u00e2ce \u00e0 notre formation certifi\u00e9e. Apprenez \u00e0 choisir le site id\u00e9al pour les essais cliniques. Obtenez votre certification d\u00e8s maintenant !\",\"breadcrumb\":{\"@id\":\"https:\\\/\\\/gxp-training.com\\\/fr\\\/online-course\\\/selection-des-sites-dessai\\\/#breadcrumb\"},\"inLanguage\":\"fr-FR\",\"potentialAction\":[{\"@type\":\"ReadAction\",\"target\":[\"https:\\\/\\\/gxp-training.com\\\/fr\\\/online-course\\\/selection-des-sites-dessai\\\/\"]}]},{\"@type\":\"ImageObject\",\"inLanguage\":\"fr-FR\",\"@id\":\"https:\\\/\\\/gxp-training.com\\\/fr\\\/online-course\\\/selection-des-sites-dessai\\\/#primaryimage\",\"url\":\"https:\\\/\\\/gxp-training.com\\\/wp-content\\\/uploads\\\/2022\\\/05\\\/Selection-of-trial-sites.png\",\"contentUrl\":\"https:\\\/\\\/gxp-training.com\\\/wp-content\\\/uploads\\\/2022\\\/05\\\/Selection-of-trial-sites.png\",\"width\":900,\"height\":627},{\"@type\":\"BreadcrumbList\",\"@id\":\"https:\\\/\\\/gxp-training.com\\\/fr\\\/online-course\\\/selection-des-sites-dessai\\\/#breadcrumb\",\"itemListElement\":[{\"@type\":\"ListItem\",\"position\":1,\"name\":\"Accueil\",\"item\":\"https:\\\/\\\/gxp-training.com\\\/fr\\\/page-daccueil\\\/\"},{\"@type\":\"ListItem\",\"position\":2,\"name\":\"Produits\",\"item\":\"https:\\\/\\\/gxp-training.com\\\/fr\\\/shop\\\/\"},{\"@type\":\"ListItem\",\"position\":3,\"name\":\"S\u00e9lection des sites d&rsquo;essai\"}]},{\"@type\":\"WebSite\",\"@id\":\"https:\\\/\\\/gxp-training.com\\\/fr\\\/#website\",\"url\":\"https:\\\/\\\/gxp-training.com\\\/fr\\\/\",\"name\":\"GxP Training : Certified Online Courses for Life Sciences\",\"description\":\"Online Trainings and Certified Courses in Regulatory Compliance for Pharmaceutical Experts\",\"publisher\":{\"@id\":\"https:\\\/\\\/gxp-training.com\\\/fr\\\/#organization\"},\"potentialAction\":[{\"@type\":\"SearchAction\",\"target\":{\"@type\":\"EntryPoint\",\"urlTemplate\":\"https:\\\/\\\/gxp-training.com\\\/fr\\\/?s={search_term_string}\"},\"query-input\":{\"@type\":\"PropertyValueSpecification\",\"valueRequired\":true,\"valueName\":\"search_term_string\"}}],\"inLanguage\":\"fr-FR\"},{\"@type\":\"Organization\",\"@id\":\"https:\\\/\\\/gxp-training.com\\\/fr\\\/#organization\",\"name\":\"GXP Training\",\"url\":\"https:\\\/\\\/gxp-training.com\\\/fr\\\/\",\"logo\":{\"@type\":\"ImageObject\",\"inLanguage\":\"fr-FR\",\"@id\":\"https:\\\/\\\/gxp-training.com\\\/fr\\\/#\\\/schema\\\/logo\\\/image\\\/\",\"url\":\"https:\\\/\\\/gxp-training.com\\\/wp-content\\\/uploads\\\/2022\\\/05\\\/logo-resize.png\",\"contentUrl\":\"https:\\\/\\\/gxp-training.com\\\/wp-content\\\/uploads\\\/2022\\\/05\\\/logo-resize.png\",\"width\":350,\"height\":100,\"caption\":\"GXP Training\"},\"image\":{\"@id\":\"https:\\\/\\\/gxp-training.com\\\/fr\\\/#\\\/schema\\\/logo\\\/image\\\/\"}}]}<\/script>\n<!-- \/ Yoast SEO plugin. -->","yoast_head_json":{"title":"S\u00e9lection des sites d'essais cliniques : formation en ligne et certification","description":"Familiarisez-vous avec le processus de s\u00e9lection des sites pour les essais cliniques gr\u00e2ce \u00e0 notre formation certifi\u00e9e. Apprenez \u00e0 choisir le site id\u00e9al pour les essais cliniques. Obtenez votre certification d\u00e8s maintenant !","robots":{"index":"index","follow":"follow","max-snippet":"max-snippet:-1","max-image-preview":"max-image-preview:large","max-video-preview":"max-video-preview:-1"},"canonical":"https:\/\/gxp-training.com\/fr\/online-course\/selection-des-sites-dessai\/","og_locale":"fr_FR","og_type":"article","og_title":"S\u00e9lection des sites d'essais cliniques : formation en ligne et certification","og_description":"Familiarisez-vous avec le processus de s\u00e9lection des sites pour les essais cliniques gr\u00e2ce \u00e0 notre formation certifi\u00e9e. Apprenez \u00e0 choisir le site id\u00e9al pour les essais cliniques. Obtenez votre certification d\u00e8s maintenant !","og_url":"https:\/\/gxp-training.com\/fr\/online-course\/selection-des-sites-dessai\/","og_site_name":"GxP Training : Certified Online Courses for Life Sciences","og_image":[{"width":900,"height":627,"url":"https:\/\/gxp-training.com\/wp-content\/uploads\/2022\/05\/Selection-of-trial-sites.png","type":"image\/png"}],"twitter_card":"summary_large_image","twitter_misc":{"Dur\u00e9e de lecture estim\u00e9e":"2 minutes"},"schema":{"@context":"https:\/\/schema.org","@graph":[{"@type":"WebPage","@id":"https:\/\/gxp-training.com\/fr\/online-course\/selection-des-sites-dessai\/","url":"https:\/\/gxp-training.com\/fr\/online-course\/selection-des-sites-dessai\/","name":"S\u00e9lection des sites d'essais cliniques : formation en ligne et certification","isPartOf":{"@id":"https:\/\/gxp-training.com\/fr\/#website"},"primaryImageOfPage":{"@id":"https:\/\/gxp-training.com\/fr\/online-course\/selection-des-sites-dessai\/#primaryimage"},"image":{"@id":"https:\/\/gxp-training.com\/fr\/online-course\/selection-des-sites-dessai\/#primaryimage"},"thumbnailUrl":"https:\/\/gxp-training.com\/wp-content\/uploads\/2022\/05\/Selection-of-trial-sites.png","datePublished":"2022-05-24T08:09:44+00:00","description":"Familiarisez-vous avec le processus de s\u00e9lection des sites pour les essais cliniques gr\u00e2ce \u00e0 notre formation certifi\u00e9e. Apprenez \u00e0 choisir le site id\u00e9al pour les essais cliniques. Obtenez votre certification d\u00e8s maintenant !","breadcrumb":{"@id":"https:\/\/gxp-training.com\/fr\/online-course\/selection-des-sites-dessai\/#breadcrumb"},"inLanguage":"fr-FR","potentialAction":[{"@type":"ReadAction","target":["https:\/\/gxp-training.com\/fr\/online-course\/selection-des-sites-dessai\/"]}]},{"@type":"ImageObject","inLanguage":"fr-FR","@id":"https:\/\/gxp-training.com\/fr\/online-course\/selection-des-sites-dessai\/#primaryimage","url":"https:\/\/gxp-training.com\/wp-content\/uploads\/2022\/05\/Selection-of-trial-sites.png","contentUrl":"https:\/\/gxp-training.com\/wp-content\/uploads\/2022\/05\/Selection-of-trial-sites.png","width":900,"height":627},{"@type":"BreadcrumbList","@id":"https:\/\/gxp-training.com\/fr\/online-course\/selection-des-sites-dessai\/#breadcrumb","itemListElement":[{"@type":"ListItem","position":1,"name":"Accueil","item":"https:\/\/gxp-training.com\/fr\/page-daccueil\/"},{"@type":"ListItem","position":2,"name":"Produits","item":"https:\/\/gxp-training.com\/fr\/shop\/"},{"@type":"ListItem","position":3,"name":"S\u00e9lection des sites d&rsquo;essai"}]},{"@type":"WebSite","@id":"https:\/\/gxp-training.com\/fr\/#website","url":"https:\/\/gxp-training.com\/fr\/","name":"GxP Training : Certified Online Courses for Life Sciences","description":"Online Trainings and Certified Courses in Regulatory Compliance for Pharmaceutical Experts","publisher":{"@id":"https:\/\/gxp-training.com\/fr\/#organization"},"potentialAction":[{"@type":"SearchAction","target":{"@type":"EntryPoint","urlTemplate":"https:\/\/gxp-training.com\/fr\/?s={search_term_string}"},"query-input":{"@type":"PropertyValueSpecification","valueRequired":true,"valueName":"search_term_string"}}],"inLanguage":"fr-FR"},{"@type":"Organization","@id":"https:\/\/gxp-training.com\/fr\/#organization","name":"GXP Training","url":"https:\/\/gxp-training.com\/fr\/","logo":{"@type":"ImageObject","inLanguage":"fr-FR","@id":"https:\/\/gxp-training.com\/fr\/#\/schema\/logo\/image\/","url":"https:\/\/gxp-training.com\/wp-content\/uploads\/2022\/05\/logo-resize.png","contentUrl":"https:\/\/gxp-training.com\/wp-content\/uploads\/2022\/05\/logo-resize.png","width":350,"height":100,"caption":"GXP Training"},"image":{"@id":"https:\/\/gxp-training.com\/fr\/#\/schema\/logo\/image\/"}}]}},"_links":{"self":[{"href":"https:\/\/gxp-training.com\/fr\/wp-json\/wp\/v2\/product\/57359","targetHints":{"allow":["GET"]}}],"collection":[{"href":"https:\/\/gxp-training.com\/fr\/wp-json\/wp\/v2\/product"}],"about":[{"href":"https:\/\/gxp-training.com\/fr\/wp-json\/wp\/v2\/types\/product"}],"wp:featuredmedia":[{"embeddable":true,"href":"https:\/\/gxp-training.com\/fr\/wp-json\/wp\/v2\/media\/44587"}],"wp:attachment":[{"href":"https:\/\/gxp-training.com\/fr\/wp-json\/wp\/v2\/media?parent=57359"}],"wp:term":[{"taxonomy":"product_brand","embeddable":true,"href":"https:\/\/gxp-training.com\/fr\/wp-json\/wp\/v2\/product_brand?post=57359"},{"taxonomy":"product_cat","embeddable":true,"href":"https:\/\/gxp-training.com\/fr\/wp-json\/wp\/v2\/product_cat?post=57359"},{"taxonomy":"product_tag","embeddable":true,"href":"https:\/\/gxp-training.com\/fr\/wp-json\/wp\/v2\/product_tag?post=57359"}],"curies":[{"name":"wp","href":"https:\/\/api.w.org\/{rel}","templated":true}]}}