{"id":57340,"date":"2022-05-24T11:01:50","date_gmt":"2022-05-24T09:01:50","guid":{"rendered":"https:\/\/gxp-training.com\/online-course\/gestion-des-etudes-sponsorisees-par-des-tiers\/"},"modified":"2022-05-24T11:01:50","modified_gmt":"2022-05-24T09:01:50","slug":"gestion-des-etudes-sponsorisees-par-des-tiers","status":"publish","type":"product","link":"https:\/\/gxp-training.com\/fr\/online-course\/gestion-des-etudes-sponsorisees-par-des-tiers\/","title":{"rendered":"Gestion des \u00e9tudes sponsoris\u00e9es par des tiers"},"content":{"rendered":"<p>Les essais cliniques et autres projets de recherche sont extr\u00eamement gourmands en capitaux, ce qui rend difficile leur conduite en autonomie par les instituts de recherche et le monde acad\u00e9mique. Ainsi, la plupart des recherches majeures men\u00e9es dans l\u2019industrie pharmaceutique se font en partenariat avec des sponsors capables d\u2019apporter les capitaux n\u00e9cessaires. Ce cours vous guide \u00e0 travers les diff\u00e9rents types d\u2019options de sponsoring disponibles. Il enseigne \u00e9galement les bases de la r\u00e9daction d\u2019une proposition standard pour des subventions et autres aides \u00e0 la recherche.   <\/p>\n<p>&nbsp;<\/p>\n<p>Dans ce cours, nous proposons une synth\u00e8se du sujet au travers d\u2019une exp\u00e9rience en ligne interactive. Ce contenu a \u00e9t\u00e9 \u00e9labor\u00e9 par une \u00e9quipe d\u2019experts en affaires r\u00e9glementaires, titulaires d\u2019une qualification de la Northeastern University (Boston), et pilot\u00e9 par un membre senior capable d\u2019articuler la th\u00e9orie et la pratique. <\/p>\n<p>&nbsp;<\/p>\n<p>&nbsp;<\/p>\n<h3>Programme<\/h3>\n<p>&nbsp;<\/p>\n<p><strong>Introduction<\/strong><\/p>\n<p>&nbsp;<\/p>\n<p><strong>Le\u00e7on 1 : Proposition d\u2019\u00e9tude<\/strong><\/p>\n<p>&nbsp;<\/p>\n<ul>\n<li>\u00c9laboration de la proposition<\/li>\n<li>Contenu de base de la proposition<\/li>\n<li>Page de titre<\/li>\n<li>Table des mati\u00e8res<\/li>\n<\/ul>\n<p>&nbsp;<\/p>\n<p><strong>Le\u00e7on 2 : Budget propos\u00e9<\/strong><\/p>\n<p>&nbsp;<\/p>\n<ul>\n<li>Justification du budget<\/li>\n<li>Co\u00fbts directs<\/li>\n<li>Salaires et r\u00e9mun\u00e9rations<\/li>\n<li>\u00c9quipement permanent<\/li>\n<li>Fournitures<\/li>\n<li>D\u00e9placements<\/li>\n<li>Frais de publication<\/li>\n<li>Autres co\u00fbts directs<\/li>\n<li>Co\u00fbts indirects (installations et administration)<\/li>\n<\/ul>\n<p>&nbsp;<\/p>\n<p><strong>Le\u00e7on 3 : Plan de gestion<\/strong><\/p>\n<p>&nbsp;<\/p>\n<ul>\n<li>Composantes d\u2019un plan de gestion type<\/li>\n<li>R\u00f4les et responsabilit\u00e9s du personnel impliqu\u00e9 dans le projet de recherche<\/li>\n<li>Participation des volontaires au projet<\/li>\n<li>Collaborations<\/li>\n<li>Calendrier du projet<\/li>\n<li>Plan de gestion et donateur<\/li>\n<\/ul>\n<p>&nbsp;<\/p>\n<p><strong>Le\u00e7on 4 : Gestion d\u2019une attribution de financement par un donateur<\/strong><\/p>\n<p>&nbsp;<\/p>\n<ul>\n<li>Acceptation de la proposition de recherche<\/li>\n<li>Contenu de l\u2019avis d\u2019attribution approuv\u00e9<\/li>\n<li>Responsabilit\u00e9s de l\u2019IP<\/li>\n<li>Dossiers<\/li>\n<li>Modification du projet apr\u00e8s attribution<\/li>\n<li>R\u00e9visions budg\u00e9taires<\/li>\n<\/ul>\n<p>&nbsp;<\/p>\n<p><strong>Le\u00e7on 5 : \u00c9thique de la recherche et conformit\u00e9<\/strong><\/p>\n<p>&nbsp;<\/p>\n<ul>\n<li>Comit\u00e9 d\u2019\u00e9thique institutionnel (IRB)<\/li>\n<li>Conflits d\u2019int\u00e9r\u00eats<\/li>\n<li>Consentement \u00e9clair\u00e9 individuel<\/li>\n<li>Int\u00e9grit\u00e9 de la recherche et inconduite<\/li>\n<\/ul>\n<p>&nbsp;<\/p>\n<p><strong>Le\u00e7on 6 : \u00c9valuation des risques et gestion des risques<\/strong><\/p>\n<p>&nbsp;<\/p>\n<ul>\n<li>Avant attribution<\/li>\n<li>Apr\u00e8s attribution<\/li>\n<li>Remerciements au donateur<\/li>\n<li>Confidentialit\u00e9 du projet de recherche<\/li>\n<\/ul>\n<p>&nbsp;<\/p>\n<p><strong>Conclusion<\/strong><\/p>\n<p>&nbsp;<\/p>\n<p><strong>Glossaire<\/strong><\/p>\n<p>&nbsp;<\/p>\n<p><strong>Quiz<\/strong><\/p>\n","protected":false},"excerpt":{"rendered":"<p>Les essais cliniques et autres projets de recherche sont extr\u00eamement gourmands en capitaux, ce qui rend difficile leur conduite en autonomie par les instituts de recherche et le monde acad\u00e9mique. Ainsi, la plupart des recherches majeures men\u00e9es dans l\u2019industrie pharmaceutique se font en partenariat avec des sponsors capables d\u2019apporter les capitaux n\u00e9cessaires. Ce cours vous [&hellip;]<\/p>\n","protected":false},"featured_media":43648,"template":"","meta":{"_acf_changed":false,"content-type":""},"product_brand":[],"product_cat":[274,262,263,258],"product_tag":[],"class_list":{"0":"post-57340","1":"product","2":"type-product","3":"status-publish","4":"has-post-thumbnail","6":"product_cat-bpc-essais-cliniques","7":"product_cat-hopitaux-et-etablissements-de-sante","8":"product_cat-organisme-de-recherche-sous-contrat-cro","9":"product_cat-pharmaceutique","11":"first","12":"instock","13":"taxable","14":"shipping-taxable","15":"purchasable","16":"product-type-simple"},"bundled_by":[],"bundle_stock_status":"instock","bundle_stock_quantity":null,"bundle_virtual":false,"bundle_layout":"","bundle_add_to_cart_form_location":"","bundle_editable_in_cart":false,"bundle_sold_individually_context":"","bundle_item_grouping":"","bundle_min_size":"","bundle_max_size":"","bundle_price":[],"bundled_items":[],"bundle_sell_ids":[],"acf":[],"yoast_head":"<!-- This site is optimized with the Yoast SEO plugin v27.5 - https:\/\/yoast.com\/product\/yoast-seo-wordpress\/ -->\n<title>\u00c9tudes sponsoris\u00e9es par des tiers : certification en gestion<\/title>\n<meta name=\"description\" content=\"Le sponsoring et les subventions permettent \u00e0 la recherche d\u2019ouvrir de nouvelles voies. D\u00e9couvrez la budg\u00e9tisation, la r\u00e9daction de propositions et la gestion des subventions dans ce cours.\" \/>\n<meta name=\"robots\" content=\"index, follow, max-snippet:-1, max-image-preview:large, max-video-preview:-1\" \/>\n<link rel=\"canonical\" href=\"https:\/\/gxp-training.com\/fr\/online-course\/gestion-des-etudes-sponsorisees-par-des-tiers\/\" \/>\n<meta property=\"og:locale\" content=\"fr_FR\" \/>\n<meta property=\"og:type\" content=\"article\" \/>\n<meta property=\"og:title\" content=\"\u00c9tudes sponsoris\u00e9es par des tiers : certification en gestion\" \/>\n<meta property=\"og:description\" content=\"Le sponsoring et les subventions permettent \u00e0 la recherche d\u2019ouvrir de nouvelles voies. D\u00e9couvrez la budg\u00e9tisation, la r\u00e9daction de propositions et la gestion des subventions dans ce cours.\" \/>\n<meta property=\"og:url\" content=\"https:\/\/gxp-training.com\/fr\/online-course\/gestion-des-etudes-sponsorisees-par-des-tiers\/\" \/>\n<meta property=\"og:site_name\" content=\"GxP Training : Certified Online Courses for Life Sciences\" \/>\n<meta property=\"og:image\" content=\"https:\/\/gxp-training.com\/wp-content\/uploads\/2022\/05\/20.png\" \/>\n\t<meta property=\"og:image:width\" content=\"1000\" \/>\n\t<meta property=\"og:image:height\" content=\"563\" \/>\n\t<meta property=\"og:image:type\" content=\"image\/png\" \/>\n<meta name=\"twitter:card\" content=\"summary_large_image\" \/>\n<meta name=\"twitter:label1\" content=\"Dur\u00e9e de lecture estim\u00e9e\" \/>\n\t<meta name=\"twitter:data1\" content=\"2 minutes\" \/>\n<script type=\"application\/ld+json\" class=\"yoast-schema-graph\">{\"@context\":\"https:\\\/\\\/schema.org\",\"@graph\":[{\"@type\":\"WebPage\",\"@id\":\"https:\\\/\\\/gxp-training.com\\\/fr\\\/online-course\\\/gestion-des-etudes-sponsorisees-par-des-tiers\\\/\",\"url\":\"https:\\\/\\\/gxp-training.com\\\/fr\\\/online-course\\\/gestion-des-etudes-sponsorisees-par-des-tiers\\\/\",\"name\":\"\u00c9tudes sponsoris\u00e9es par des tiers : certification en gestion\",\"isPartOf\":{\"@id\":\"https:\\\/\\\/gxp-training.com\\\/fr\\\/#website\"},\"primaryImageOfPage\":{\"@id\":\"https:\\\/\\\/gxp-training.com\\\/fr\\\/online-course\\\/gestion-des-etudes-sponsorisees-par-des-tiers\\\/#primaryimage\"},\"image\":{\"@id\":\"https:\\\/\\\/gxp-training.com\\\/fr\\\/online-course\\\/gestion-des-etudes-sponsorisees-par-des-tiers\\\/#primaryimage\"},\"thumbnailUrl\":\"https:\\\/\\\/gxp-training.com\\\/wp-content\\\/uploads\\\/2022\\\/05\\\/20.png\",\"datePublished\":\"2022-05-24T09:01:50+00:00\",\"description\":\"Le sponsoring et les subventions permettent \u00e0 la recherche d\u2019ouvrir de nouvelles voies. D\u00e9couvrez la budg\u00e9tisation, la r\u00e9daction de propositions et la gestion des subventions dans ce cours.\",\"breadcrumb\":{\"@id\":\"https:\\\/\\\/gxp-training.com\\\/fr\\\/online-course\\\/gestion-des-etudes-sponsorisees-par-des-tiers\\\/#breadcrumb\"},\"inLanguage\":\"fr-FR\",\"potentialAction\":[{\"@type\":\"ReadAction\",\"target\":[\"https:\\\/\\\/gxp-training.com\\\/fr\\\/online-course\\\/gestion-des-etudes-sponsorisees-par-des-tiers\\\/\"]}]},{\"@type\":\"ImageObject\",\"inLanguage\":\"fr-FR\",\"@id\":\"https:\\\/\\\/gxp-training.com\\\/fr\\\/online-course\\\/gestion-des-etudes-sponsorisees-par-des-tiers\\\/#primaryimage\",\"url\":\"https:\\\/\\\/gxp-training.com\\\/wp-content\\\/uploads\\\/2022\\\/05\\\/20.png\",\"contentUrl\":\"https:\\\/\\\/gxp-training.com\\\/wp-content\\\/uploads\\\/2022\\\/05\\\/20.png\",\"width\":1000,\"height\":563},{\"@type\":\"BreadcrumbList\",\"@id\":\"https:\\\/\\\/gxp-training.com\\\/fr\\\/online-course\\\/gestion-des-etudes-sponsorisees-par-des-tiers\\\/#breadcrumb\",\"itemListElement\":[{\"@type\":\"ListItem\",\"position\":1,\"name\":\"Accueil\",\"item\":\"https:\\\/\\\/gxp-training.com\\\/fr\\\/page-daccueil\\\/\"},{\"@type\":\"ListItem\",\"position\":2,\"name\":\"Produits\",\"item\":\"https:\\\/\\\/gxp-training.com\\\/fr\\\/shop\\\/\"},{\"@type\":\"ListItem\",\"position\":3,\"name\":\"Gestion des \u00e9tudes sponsoris\u00e9es par des tiers\"}]},{\"@type\":\"WebSite\",\"@id\":\"https:\\\/\\\/gxp-training.com\\\/fr\\\/#website\",\"url\":\"https:\\\/\\\/gxp-training.com\\\/fr\\\/\",\"name\":\"GxP Training : Certified Online Courses for Life Sciences\",\"description\":\"Online Trainings and Certified Courses in Regulatory Compliance for Pharmaceutical Experts\",\"publisher\":{\"@id\":\"https:\\\/\\\/gxp-training.com\\\/fr\\\/#organization\"},\"potentialAction\":[{\"@type\":\"SearchAction\",\"target\":{\"@type\":\"EntryPoint\",\"urlTemplate\":\"https:\\\/\\\/gxp-training.com\\\/fr\\\/?s={search_term_string}\"},\"query-input\":{\"@type\":\"PropertyValueSpecification\",\"valueRequired\":true,\"valueName\":\"search_term_string\"}}],\"inLanguage\":\"fr-FR\"},{\"@type\":\"Organization\",\"@id\":\"https:\\\/\\\/gxp-training.com\\\/fr\\\/#organization\",\"name\":\"GXP Training\",\"url\":\"https:\\\/\\\/gxp-training.com\\\/fr\\\/\",\"logo\":{\"@type\":\"ImageObject\",\"inLanguage\":\"fr-FR\",\"@id\":\"https:\\\/\\\/gxp-training.com\\\/fr\\\/#\\\/schema\\\/logo\\\/image\\\/\",\"url\":\"https:\\\/\\\/gxp-training.com\\\/wp-content\\\/uploads\\\/2022\\\/05\\\/logo-resize.png\",\"contentUrl\":\"https:\\\/\\\/gxp-training.com\\\/wp-content\\\/uploads\\\/2022\\\/05\\\/logo-resize.png\",\"width\":350,\"height\":100,\"caption\":\"GXP Training\"},\"image\":{\"@id\":\"https:\\\/\\\/gxp-training.com\\\/fr\\\/#\\\/schema\\\/logo\\\/image\\\/\"}}]}<\/script>\n<!-- \/ Yoast SEO plugin. -->","yoast_head_json":{"title":"\u00c9tudes sponsoris\u00e9es par des tiers : certification en gestion","description":"Le sponsoring et les subventions permettent \u00e0 la recherche d\u2019ouvrir de nouvelles voies. D\u00e9couvrez la budg\u00e9tisation, la r\u00e9daction de propositions et la gestion des subventions dans ce cours.","robots":{"index":"index","follow":"follow","max-snippet":"max-snippet:-1","max-image-preview":"max-image-preview:large","max-video-preview":"max-video-preview:-1"},"canonical":"https:\/\/gxp-training.com\/fr\/online-course\/gestion-des-etudes-sponsorisees-par-des-tiers\/","og_locale":"fr_FR","og_type":"article","og_title":"\u00c9tudes sponsoris\u00e9es par des tiers : certification en gestion","og_description":"Le sponsoring et les subventions permettent \u00e0 la recherche d\u2019ouvrir de nouvelles voies. D\u00e9couvrez la budg\u00e9tisation, la r\u00e9daction de propositions et la gestion des subventions dans ce cours.","og_url":"https:\/\/gxp-training.com\/fr\/online-course\/gestion-des-etudes-sponsorisees-par-des-tiers\/","og_site_name":"GxP Training : Certified Online Courses for Life Sciences","og_image":[{"width":1000,"height":563,"url":"https:\/\/gxp-training.com\/wp-content\/uploads\/2022\/05\/20.png","type":"image\/png"}],"twitter_card":"summary_large_image","twitter_misc":{"Dur\u00e9e de lecture estim\u00e9e":"2 minutes"},"schema":{"@context":"https:\/\/schema.org","@graph":[{"@type":"WebPage","@id":"https:\/\/gxp-training.com\/fr\/online-course\/gestion-des-etudes-sponsorisees-par-des-tiers\/","url":"https:\/\/gxp-training.com\/fr\/online-course\/gestion-des-etudes-sponsorisees-par-des-tiers\/","name":"\u00c9tudes sponsoris\u00e9es par des tiers : certification en gestion","isPartOf":{"@id":"https:\/\/gxp-training.com\/fr\/#website"},"primaryImageOfPage":{"@id":"https:\/\/gxp-training.com\/fr\/online-course\/gestion-des-etudes-sponsorisees-par-des-tiers\/#primaryimage"},"image":{"@id":"https:\/\/gxp-training.com\/fr\/online-course\/gestion-des-etudes-sponsorisees-par-des-tiers\/#primaryimage"},"thumbnailUrl":"https:\/\/gxp-training.com\/wp-content\/uploads\/2022\/05\/20.png","datePublished":"2022-05-24T09:01:50+00:00","description":"Le sponsoring et les subventions permettent \u00e0 la recherche d\u2019ouvrir de nouvelles voies. D\u00e9couvrez la budg\u00e9tisation, la r\u00e9daction de propositions et la gestion des subventions dans ce cours.","breadcrumb":{"@id":"https:\/\/gxp-training.com\/fr\/online-course\/gestion-des-etudes-sponsorisees-par-des-tiers\/#breadcrumb"},"inLanguage":"fr-FR","potentialAction":[{"@type":"ReadAction","target":["https:\/\/gxp-training.com\/fr\/online-course\/gestion-des-etudes-sponsorisees-par-des-tiers\/"]}]},{"@type":"ImageObject","inLanguage":"fr-FR","@id":"https:\/\/gxp-training.com\/fr\/online-course\/gestion-des-etudes-sponsorisees-par-des-tiers\/#primaryimage","url":"https:\/\/gxp-training.com\/wp-content\/uploads\/2022\/05\/20.png","contentUrl":"https:\/\/gxp-training.com\/wp-content\/uploads\/2022\/05\/20.png","width":1000,"height":563},{"@type":"BreadcrumbList","@id":"https:\/\/gxp-training.com\/fr\/online-course\/gestion-des-etudes-sponsorisees-par-des-tiers\/#breadcrumb","itemListElement":[{"@type":"ListItem","position":1,"name":"Accueil","item":"https:\/\/gxp-training.com\/fr\/page-daccueil\/"},{"@type":"ListItem","position":2,"name":"Produits","item":"https:\/\/gxp-training.com\/fr\/shop\/"},{"@type":"ListItem","position":3,"name":"Gestion des \u00e9tudes sponsoris\u00e9es par des tiers"}]},{"@type":"WebSite","@id":"https:\/\/gxp-training.com\/fr\/#website","url":"https:\/\/gxp-training.com\/fr\/","name":"GxP Training : Certified Online Courses for Life Sciences","description":"Online Trainings and Certified Courses in Regulatory Compliance for Pharmaceutical Experts","publisher":{"@id":"https:\/\/gxp-training.com\/fr\/#organization"},"potentialAction":[{"@type":"SearchAction","target":{"@type":"EntryPoint","urlTemplate":"https:\/\/gxp-training.com\/fr\/?s={search_term_string}"},"query-input":{"@type":"PropertyValueSpecification","valueRequired":true,"valueName":"search_term_string"}}],"inLanguage":"fr-FR"},{"@type":"Organization","@id":"https:\/\/gxp-training.com\/fr\/#organization","name":"GXP Training","url":"https:\/\/gxp-training.com\/fr\/","logo":{"@type":"ImageObject","inLanguage":"fr-FR","@id":"https:\/\/gxp-training.com\/fr\/#\/schema\/logo\/image\/","url":"https:\/\/gxp-training.com\/wp-content\/uploads\/2022\/05\/logo-resize.png","contentUrl":"https:\/\/gxp-training.com\/wp-content\/uploads\/2022\/05\/logo-resize.png","width":350,"height":100,"caption":"GXP Training"},"image":{"@id":"https:\/\/gxp-training.com\/fr\/#\/schema\/logo\/image\/"}}]}},"_links":{"self":[{"href":"https:\/\/gxp-training.com\/fr\/wp-json\/wp\/v2\/product\/57340","targetHints":{"allow":["GET"]}}],"collection":[{"href":"https:\/\/gxp-training.com\/fr\/wp-json\/wp\/v2\/product"}],"about":[{"href":"https:\/\/gxp-training.com\/fr\/wp-json\/wp\/v2\/types\/product"}],"wp:featuredmedia":[{"embeddable":true,"href":"https:\/\/gxp-training.com\/fr\/wp-json\/wp\/v2\/media\/43648"}],"wp:attachment":[{"href":"https:\/\/gxp-training.com\/fr\/wp-json\/wp\/v2\/media?parent=57340"}],"wp:term":[{"taxonomy":"product_brand","embeddable":true,"href":"https:\/\/gxp-training.com\/fr\/wp-json\/wp\/v2\/product_brand?post=57340"},{"taxonomy":"product_cat","embeddable":true,"href":"https:\/\/gxp-training.com\/fr\/wp-json\/wp\/v2\/product_cat?post=57340"},{"taxonomy":"product_tag","embeddable":true,"href":"https:\/\/gxp-training.com\/fr\/wp-json\/wp\/v2\/product_tag?post=57340"}],"curies":[{"name":"wp","href":"https:\/\/api.w.org\/{rel}","templated":true}]}}