{"id":57334,"date":"2022-05-24T11:09:39","date_gmt":"2022-05-24T09:09:39","guid":{"rendered":"https:\/\/gxp-training.com\/online-course\/introduction-a-la-qualite-pharmaceutique\/"},"modified":"2022-05-24T11:09:39","modified_gmt":"2022-05-24T09:09:39","slug":"introduction-a-la-qualite-pharmaceutique","status":"publish","type":"product","link":"https:\/\/gxp-training.com\/fr\/online-course\/introduction-a-la-qualite-pharmaceutique\/","title":{"rendered":"Introduction \u00e0 la Qualit\u00e9 Pharmaceutique"},"content":{"rendered":"<p>Les autorit\u00e9s r\u00e9glementaires mondiales, notamment la <a href=\"https:\/\/www.fda.gov\">FDA<\/a>, l\u2019<a href=\"https:\/\/www.ema.europa.eu\">EMA<\/a> et l\u2019<a href=\"https:\/\/www.who.int\">OMS<\/a>, \u00e9tablissent les normes qui d\u00e9finissent la qualit\u00e9 pharmaceutique en pratique. Le respect de ces normes exige des syst\u00e8mes qualit\u00e9 int\u00e9gr\u00e9s, une rigueur scientifique et une documentation disciplin\u00e9e \u00e0 chaque \u00e9tape du cycle de vie d\u2019un produit. Ce cours couvre l\u2019ensemble de la qualit\u00e9 <a href=\"https:\/\/gxp-training.com\/fr\/gxp-courses\/pharmaceutique\/\">pharmaceutique<\/a> moderne, des principes fondamentaux \u00e0 la supervision de la cha\u00eene d\u2019approvisionnement.  <\/p>\n<p>Apr\u00e8s avoir r\u00e9ussi, vous recevrez un <strong>certificat valid\u00e9 accr\u00e9dit\u00e9 avec des cr\u00e9dits CPD\/CEU<\/strong>, adapt\u00e9 \u00e0 l\u2019audit et \u00e0 la documentation de conformit\u00e9.<\/p>\n<p>&nbsp;<\/p>\n<p><strong>Ce que vous apprendrez<\/strong><\/p>\n<ul>\n<li>Les principes fondamentaux de la <a href=\"https:\/\/gxp-training.com\/fr\/online-course\/introduction-a-la-qualite-pharmaceutique\/\">qualit\u00e9 pharmaceutique<\/a> et pourquoi l\u2019int\u00e9gration de la qualit\u00e9 est plus importante que le test des produits finis<\/li>\n<li>Comment les cadres r\u00e9glementaires mondiaux d\u00e9finissent et appliquent les normes de qualit\u00e9 tout au long du cycle de vie du produit<\/li>\n<li>La structure et l\u2019objectif d\u2019un Syst\u00e8me Qualit\u00e9 Pharmaceutique, y compris les <a href=\"https:\/\/gxp-training.com\/fr\/online-course\/formation-sur-les-actions-correctives-et-preventives-capa\/\">actions correctives et pr\u00e9ventives<\/a>, la gestion du changement et la surveillance des processus<\/li>\n<li>Comment la Qualit\u00e9 par la Conception (QbD) et la Gestion des Risques Qualit\u00e9 (QRM) sont appliqu\u00e9es dans des contextes de fabrication r\u00e9els<\/li>\n<li>Pourquoi l\u2019int\u00e9grit\u00e9 des donn\u00e9es, la validation des processus et la supervision de la cha\u00eene d\u2019approvisionnement sont des piliers essentiels de la qualit\u00e9 pharmaceutique moderne<\/li>\n<\/ul>\n<p>&nbsp;<\/p>\n<p><strong>Qui devrait s\u2019inscrire ?<\/strong><\/p>\n<ul>\n<li>Professionnels de l\u2019industrie pharmaceutique et biotechnologique<\/li>\n<li>Personnel d\u2019assurance qualit\u00e9 et de contr\u00f4le qualit\u00e9<\/li>\n<li>Personnel de fabrication et d\u2019op\u00e9rations<\/li>\n<li>Professionnels des affaires r\u00e9glementaires<\/li>\n<\/ul>\n<p>&nbsp;<\/p>\n<p>D\u00e9velopp\u00e9 par des sp\u00e9cialistes de la formation en sciences de la vie et des professionnels de la r\u00e9glementation, ce cours fait le lien entre la th\u00e9orie et la pratique r\u00e9elle dans l\u2019ensemble du paysage de la qualit\u00e9 pharmaceutique.<\/p>\n<p>&nbsp;<\/p>\n<h3><strong>Programme<\/strong><\/h3>\n<p><strong>Introduction<\/strong><\/p>\n<p><strong>Le\u00e7on 1 : Comprendre la Qualit\u00e9 Pharmaceutique<\/strong><\/p>\n<p><strong>Le\u00e7on 2 : Cadres R\u00e9glementaires Mondiaux<\/strong><\/p>\n<p><strong>Le\u00e7on 3 : La Qualit\u00e9 Pharmaceutique tout au long du Cycle de Vie du Produit<\/strong><\/p>\n<p><strong>Le\u00e7on 4 : Le Syst\u00e8me Qualit\u00e9 Pharmaceutique<\/strong><\/p>\n<p><strong>Le\u00e7on 5 : La Qualit\u00e9 par la Conception (QbD)<\/strong><\/p>\n<p><strong>Le\u00e7on 6 : La Gestion des Risques Qualit\u00e9 (QRM)<\/strong><\/p>\n<p><strong>Le\u00e7on 7 : Validation et Contr\u00f4le des Processus<\/strong><\/p>\n<p><strong>Le\u00e7on 8 : Int\u00e9grit\u00e9 des Donn\u00e9es et Documentation<\/strong><\/p>\n<p><strong>Le\u00e7on 9 : La Qualit\u00e9 dans la Cha\u00eene d\u2019Approvisionnement Pharmaceutique<\/strong><\/p>\n<p><strong>Conclusion<\/strong><\/p>\n<p><strong>Quiz<\/strong><\/p>\n","protected":false},"excerpt":{"rendered":"<p>Les autorit\u00e9s r\u00e9glementaires mondiales, notamment la FDA, l\u2019EMA et l\u2019OMS, \u00e9tablissent les normes qui d\u00e9finissent la qualit\u00e9 pharmaceutique en pratique. Le respect de ces normes exige des syst\u00e8mes qualit\u00e9 int\u00e9gr\u00e9s, une rigueur scientifique et une documentation disciplin\u00e9e \u00e0 chaque \u00e9tape du cycle de vie d\u2019un produit. Ce cours couvre l\u2019ensemble de la qualit\u00e9 pharmaceutique moderne, [&hellip;]<\/p>\n","protected":false},"featured_media":44159,"template":"","meta":{"_acf_changed":false,"content-type":""},"product_brand":[],"product_cat":[257,254,258],"product_tag":[],"class_list":{"0":"post-57334","1":"product","2":"type-product","3":"status-publish","4":"has-post-thumbnail","6":"product_cat-assurance-qualite","7":"product_cat-bpf-bonnes-pratiques-de-fabrication","8":"product_cat-pharmaceutique","10":"first","11":"instock","12":"taxable","13":"shipping-taxable","14":"purchasable","15":"product-type-subscription"},"bundled_by":[],"bundle_stock_status":"instock","bundle_stock_quantity":null,"bundle_virtual":false,"bundle_layout":"","bundle_add_to_cart_form_location":"","bundle_editable_in_cart":false,"bundle_sold_individually_context":"","bundle_item_grouping":"","bundle_min_size":"","bundle_max_size":"","bundle_price":[],"bundled_items":[],"bundle_sell_ids":[],"acf":[],"yoast_head":"<!-- This site is optimized with the Yoast SEO plugin v27.5 - https:\/\/yoast.com\/product\/yoast-seo-wordpress\/ -->\n<title>Cours et Certification en Ligne sur la Qualit\u00e9 Pharmaceutique<\/title>\n<meta name=\"description\" content=\"Formation en ligne certifi\u00e9e sur les syst\u00e8mes qualit\u00e9 pharmaceutiques, les cadres r\u00e9glementaires et la supervision de la cha\u00eene d&#039;approvisionnement. D\u00e9veloppez vos connaissances et obtenez votre certificat CPD\/CEU.\" \/>\n<meta name=\"robots\" content=\"index, follow, max-snippet:-1, max-image-preview:large, max-video-preview:-1\" \/>\n<link rel=\"canonical\" href=\"https:\/\/gxp-training.com\/fr\/online-course\/introduction-a-la-qualite-pharmaceutique\/\" \/>\n<meta property=\"og:locale\" content=\"fr_FR\" \/>\n<meta property=\"og:type\" content=\"article\" \/>\n<meta property=\"og:title\" content=\"Cours et Certification en Ligne sur la Qualit\u00e9 Pharmaceutique\" \/>\n<meta property=\"og:description\" content=\"Formation en ligne certifi\u00e9e sur les syst\u00e8mes qualit\u00e9 pharmaceutiques, les cadres r\u00e9glementaires et la supervision de la cha\u00eene d&#039;approvisionnement. D\u00e9veloppez vos connaissances et obtenez votre certificat CPD\/CEU.\" \/>\n<meta property=\"og:url\" content=\"https:\/\/gxp-training.com\/fr\/online-course\/introduction-a-la-qualite-pharmaceutique\/\" \/>\n<meta property=\"og:site_name\" content=\"GxP Training : Certified Online Courses for Life Sciences\" \/>\n<meta property=\"og:image\" content=\"https:\/\/gxp-training.com\/wp-content\/uploads\/2022\/05\/Pharma-quality.png\" \/>\n\t<meta property=\"og:image:width\" content=\"900\" \/>\n\t<meta property=\"og:image:height\" content=\"627\" \/>\n\t<meta property=\"og:image:type\" content=\"image\/png\" \/>\n<meta name=\"twitter:card\" content=\"summary_large_image\" \/>\n<meta name=\"twitter:label1\" content=\"Dur\u00e9e de lecture estim\u00e9e\" \/>\n\t<meta name=\"twitter:data1\" content=\"2 minutes\" \/>\n<script type=\"application\/ld+json\" class=\"yoast-schema-graph\">{\"@context\":\"https:\\\/\\\/schema.org\",\"@graph\":[{\"@type\":\"WebPage\",\"@id\":\"https:\\\/\\\/gxp-training.com\\\/fr\\\/online-course\\\/introduction-a-la-qualite-pharmaceutique\\\/\",\"url\":\"https:\\\/\\\/gxp-training.com\\\/fr\\\/online-course\\\/introduction-a-la-qualite-pharmaceutique\\\/\",\"name\":\"Cours et Certification en Ligne sur la Qualit\u00e9 Pharmaceutique\",\"isPartOf\":{\"@id\":\"https:\\\/\\\/gxp-training.com\\\/fr\\\/#website\"},\"primaryImageOfPage\":{\"@id\":\"https:\\\/\\\/gxp-training.com\\\/fr\\\/online-course\\\/introduction-a-la-qualite-pharmaceutique\\\/#primaryimage\"},\"image\":{\"@id\":\"https:\\\/\\\/gxp-training.com\\\/fr\\\/online-course\\\/introduction-a-la-qualite-pharmaceutique\\\/#primaryimage\"},\"thumbnailUrl\":\"https:\\\/\\\/gxp-training.com\\\/wp-content\\\/uploads\\\/2022\\\/05\\\/Pharma-quality.png\",\"datePublished\":\"2022-05-24T09:09:39+00:00\",\"description\":\"Formation en ligne certifi\u00e9e sur les syst\u00e8mes qualit\u00e9 pharmaceutiques, les cadres r\u00e9glementaires et la supervision de la cha\u00eene d'approvisionnement. D\u00e9veloppez vos connaissances et obtenez votre certificat CPD\\\/CEU.\",\"breadcrumb\":{\"@id\":\"https:\\\/\\\/gxp-training.com\\\/fr\\\/online-course\\\/introduction-a-la-qualite-pharmaceutique\\\/#breadcrumb\"},\"inLanguage\":\"fr-FR\",\"potentialAction\":[{\"@type\":\"ReadAction\",\"target\":[\"https:\\\/\\\/gxp-training.com\\\/fr\\\/online-course\\\/introduction-a-la-qualite-pharmaceutique\\\/\"]}]},{\"@type\":\"ImageObject\",\"inLanguage\":\"fr-FR\",\"@id\":\"https:\\\/\\\/gxp-training.com\\\/fr\\\/online-course\\\/introduction-a-la-qualite-pharmaceutique\\\/#primaryimage\",\"url\":\"https:\\\/\\\/gxp-training.com\\\/wp-content\\\/uploads\\\/2022\\\/05\\\/Pharma-quality.png\",\"contentUrl\":\"https:\\\/\\\/gxp-training.com\\\/wp-content\\\/uploads\\\/2022\\\/05\\\/Pharma-quality.png\",\"width\":900,\"height\":627},{\"@type\":\"BreadcrumbList\",\"@id\":\"https:\\\/\\\/gxp-training.com\\\/fr\\\/online-course\\\/introduction-a-la-qualite-pharmaceutique\\\/#breadcrumb\",\"itemListElement\":[{\"@type\":\"ListItem\",\"position\":1,\"name\":\"Accueil\",\"item\":\"https:\\\/\\\/gxp-training.com\\\/fr\\\/page-daccueil\\\/\"},{\"@type\":\"ListItem\",\"position\":2,\"name\":\"Produits\",\"item\":\"https:\\\/\\\/gxp-training.com\\\/fr\\\/shop\\\/\"},{\"@type\":\"ListItem\",\"position\":3,\"name\":\"Introduction \u00e0 la Qualit\u00e9 Pharmaceutique\"}]},{\"@type\":\"WebSite\",\"@id\":\"https:\\\/\\\/gxp-training.com\\\/fr\\\/#website\",\"url\":\"https:\\\/\\\/gxp-training.com\\\/fr\\\/\",\"name\":\"GxP Training : Certified Online Courses for Life Sciences\",\"description\":\"Online Trainings and Certified Courses in Regulatory Compliance for Pharmaceutical Experts\",\"publisher\":{\"@id\":\"https:\\\/\\\/gxp-training.com\\\/fr\\\/#organization\"},\"potentialAction\":[{\"@type\":\"SearchAction\",\"target\":{\"@type\":\"EntryPoint\",\"urlTemplate\":\"https:\\\/\\\/gxp-training.com\\\/fr\\\/?s={search_term_string}\"},\"query-input\":{\"@type\":\"PropertyValueSpecification\",\"valueRequired\":true,\"valueName\":\"search_term_string\"}}],\"inLanguage\":\"fr-FR\"},{\"@type\":\"Organization\",\"@id\":\"https:\\\/\\\/gxp-training.com\\\/fr\\\/#organization\",\"name\":\"GXP Training\",\"url\":\"https:\\\/\\\/gxp-training.com\\\/fr\\\/\",\"logo\":{\"@type\":\"ImageObject\",\"inLanguage\":\"fr-FR\",\"@id\":\"https:\\\/\\\/gxp-training.com\\\/fr\\\/#\\\/schema\\\/logo\\\/image\\\/\",\"url\":\"https:\\\/\\\/gxp-training.com\\\/wp-content\\\/uploads\\\/2022\\\/05\\\/logo-resize.png\",\"contentUrl\":\"https:\\\/\\\/gxp-training.com\\\/wp-content\\\/uploads\\\/2022\\\/05\\\/logo-resize.png\",\"width\":350,\"height\":100,\"caption\":\"GXP Training\"},\"image\":{\"@id\":\"https:\\\/\\\/gxp-training.com\\\/fr\\\/#\\\/schema\\\/logo\\\/image\\\/\"}}]}<\/script>\n<!-- \/ Yoast SEO plugin. -->","yoast_head_json":{"title":"Cours et Certification en Ligne sur la Qualit\u00e9 Pharmaceutique","description":"Formation en ligne certifi\u00e9e sur les syst\u00e8mes qualit\u00e9 pharmaceutiques, les cadres r\u00e9glementaires et la supervision de la cha\u00eene d'approvisionnement. D\u00e9veloppez vos connaissances et obtenez votre certificat CPD\/CEU.","robots":{"index":"index","follow":"follow","max-snippet":"max-snippet:-1","max-image-preview":"max-image-preview:large","max-video-preview":"max-video-preview:-1"},"canonical":"https:\/\/gxp-training.com\/fr\/online-course\/introduction-a-la-qualite-pharmaceutique\/","og_locale":"fr_FR","og_type":"article","og_title":"Cours et Certification en Ligne sur la Qualit\u00e9 Pharmaceutique","og_description":"Formation en ligne certifi\u00e9e sur les syst\u00e8mes qualit\u00e9 pharmaceutiques, les cadres r\u00e9glementaires et la supervision de la cha\u00eene d'approvisionnement. D\u00e9veloppez vos connaissances et obtenez votre certificat CPD\/CEU.","og_url":"https:\/\/gxp-training.com\/fr\/online-course\/introduction-a-la-qualite-pharmaceutique\/","og_site_name":"GxP Training : Certified Online Courses for Life Sciences","og_image":[{"width":900,"height":627,"url":"https:\/\/gxp-training.com\/wp-content\/uploads\/2022\/05\/Pharma-quality.png","type":"image\/png"}],"twitter_card":"summary_large_image","twitter_misc":{"Dur\u00e9e de lecture estim\u00e9e":"2 minutes"},"schema":{"@context":"https:\/\/schema.org","@graph":[{"@type":"WebPage","@id":"https:\/\/gxp-training.com\/fr\/online-course\/introduction-a-la-qualite-pharmaceutique\/","url":"https:\/\/gxp-training.com\/fr\/online-course\/introduction-a-la-qualite-pharmaceutique\/","name":"Cours et Certification en Ligne sur la Qualit\u00e9 Pharmaceutique","isPartOf":{"@id":"https:\/\/gxp-training.com\/fr\/#website"},"primaryImageOfPage":{"@id":"https:\/\/gxp-training.com\/fr\/online-course\/introduction-a-la-qualite-pharmaceutique\/#primaryimage"},"image":{"@id":"https:\/\/gxp-training.com\/fr\/online-course\/introduction-a-la-qualite-pharmaceutique\/#primaryimage"},"thumbnailUrl":"https:\/\/gxp-training.com\/wp-content\/uploads\/2022\/05\/Pharma-quality.png","datePublished":"2022-05-24T09:09:39+00:00","description":"Formation en ligne certifi\u00e9e sur les syst\u00e8mes qualit\u00e9 pharmaceutiques, les cadres r\u00e9glementaires et la supervision de la cha\u00eene d'approvisionnement. D\u00e9veloppez vos connaissances et obtenez votre certificat CPD\/CEU.","breadcrumb":{"@id":"https:\/\/gxp-training.com\/fr\/online-course\/introduction-a-la-qualite-pharmaceutique\/#breadcrumb"},"inLanguage":"fr-FR","potentialAction":[{"@type":"ReadAction","target":["https:\/\/gxp-training.com\/fr\/online-course\/introduction-a-la-qualite-pharmaceutique\/"]}]},{"@type":"ImageObject","inLanguage":"fr-FR","@id":"https:\/\/gxp-training.com\/fr\/online-course\/introduction-a-la-qualite-pharmaceutique\/#primaryimage","url":"https:\/\/gxp-training.com\/wp-content\/uploads\/2022\/05\/Pharma-quality.png","contentUrl":"https:\/\/gxp-training.com\/wp-content\/uploads\/2022\/05\/Pharma-quality.png","width":900,"height":627},{"@type":"BreadcrumbList","@id":"https:\/\/gxp-training.com\/fr\/online-course\/introduction-a-la-qualite-pharmaceutique\/#breadcrumb","itemListElement":[{"@type":"ListItem","position":1,"name":"Accueil","item":"https:\/\/gxp-training.com\/fr\/page-daccueil\/"},{"@type":"ListItem","position":2,"name":"Produits","item":"https:\/\/gxp-training.com\/fr\/shop\/"},{"@type":"ListItem","position":3,"name":"Introduction \u00e0 la Qualit\u00e9 Pharmaceutique"}]},{"@type":"WebSite","@id":"https:\/\/gxp-training.com\/fr\/#website","url":"https:\/\/gxp-training.com\/fr\/","name":"GxP Training : Certified Online Courses for Life Sciences","description":"Online Trainings and Certified Courses in Regulatory Compliance for Pharmaceutical Experts","publisher":{"@id":"https:\/\/gxp-training.com\/fr\/#organization"},"potentialAction":[{"@type":"SearchAction","target":{"@type":"EntryPoint","urlTemplate":"https:\/\/gxp-training.com\/fr\/?s={search_term_string}"},"query-input":{"@type":"PropertyValueSpecification","valueRequired":true,"valueName":"search_term_string"}}],"inLanguage":"fr-FR"},{"@type":"Organization","@id":"https:\/\/gxp-training.com\/fr\/#organization","name":"GXP Training","url":"https:\/\/gxp-training.com\/fr\/","logo":{"@type":"ImageObject","inLanguage":"fr-FR","@id":"https:\/\/gxp-training.com\/fr\/#\/schema\/logo\/image\/","url":"https:\/\/gxp-training.com\/wp-content\/uploads\/2022\/05\/logo-resize.png","contentUrl":"https:\/\/gxp-training.com\/wp-content\/uploads\/2022\/05\/logo-resize.png","width":350,"height":100,"caption":"GXP Training"},"image":{"@id":"https:\/\/gxp-training.com\/fr\/#\/schema\/logo\/image\/"}}]}},"_links":{"self":[{"href":"https:\/\/gxp-training.com\/fr\/wp-json\/wp\/v2\/product\/57334","targetHints":{"allow":["GET"]}}],"collection":[{"href":"https:\/\/gxp-training.com\/fr\/wp-json\/wp\/v2\/product"}],"about":[{"href":"https:\/\/gxp-training.com\/fr\/wp-json\/wp\/v2\/types\/product"}],"wp:featuredmedia":[{"embeddable":true,"href":"https:\/\/gxp-training.com\/fr\/wp-json\/wp\/v2\/media\/44159"}],"wp:attachment":[{"href":"https:\/\/gxp-training.com\/fr\/wp-json\/wp\/v2\/media?parent=57334"}],"wp:term":[{"taxonomy":"product_brand","embeddable":true,"href":"https:\/\/gxp-training.com\/fr\/wp-json\/wp\/v2\/product_brand?post=57334"},{"taxonomy":"product_cat","embeddable":true,"href":"https:\/\/gxp-training.com\/fr\/wp-json\/wp\/v2\/product_cat?post=57334"},{"taxonomy":"product_tag","embeddable":true,"href":"https:\/\/gxp-training.com\/fr\/wp-json\/wp\/v2\/product_tag?post=57334"}],"curies":[{"name":"wp","href":"https:\/\/api.w.org\/{rel}","templated":true}]}}