{"id":57329,"date":"2022-05-24T11:06:41","date_gmt":"2022-05-24T09:06:41","guid":{"rendered":"https:\/\/gxp-training.com\/online-course\/commande-de-produits-medicinaux-experimentaux-pour-les-etudes-cliniques\/"},"modified":"2022-05-24T11:06:41","modified_gmt":"2022-05-24T09:06:41","slug":"commande-de-produits-medicinaux-experimentaux-pour-les-etudes-cliniques","status":"publish","type":"product","link":"https:\/\/gxp-training.com\/fr\/online-course\/commande-de-produits-medicinaux-experimentaux-pour-les-etudes-cliniques\/","title":{"rendered":"Commande de Produits M\u00e9dicinaux Exp\u00e9rimentaux pour les \u00c9tudes Cliniques"},"content":{"rendered":"<p>Un Produit M\u00e9dicinal Exp\u00e9rimental (PME) est une formulation pharmaceutique d\u2019une substance active qui a atteint le stade des essais cliniques dans le processus de d\u00e9couverte de m\u00e9dicaments. Suite \u00e0 des \u00e9tudes pr\u00e9liminaires, et en tenant compte des syst\u00e8mes d\u2019administration des m\u00e9dicaments et de leur ad\u00e9quation bas\u00e9e sur les propri\u00e9t\u00e9s physico-chimiques du compos\u00e9, une formulation est pr\u00e9sent\u00e9e pour \u00eatre utilis\u00e9e dans les essais cliniques. Les PME ne doivent \u00eatre utilis\u00e9s que dans le cadre d\u2019essais cliniques.  <\/p>\n<p>Ce cours vous pr\u00e9sente la n\u00e9cessit\u00e9, l\u2019approvisionnement, la manipulation et l\u2019\u00e9limination des PME, y compris le processus d\u2019autorisation. Cette connaissance est essentielle pour les promoteurs, les chercheurs et toutes les personnes impliqu\u00e9es dans la gestion de la recherche clinique. <\/p>\n<p>Dans ce cours, nous vous proposons une synth\u00e8se du sujet \u00e0 travers une exp\u00e9rience interactive en ligne. Ce mat\u00e9riel a \u00e9t\u00e9 \u00e9labor\u00e9 par une \u00e9quipe d\u2019experts en affaires r\u00e9glementaires, titulaires d\u2019un dipl\u00f4me de la Northeastern University, Boston, et pilot\u00e9 par un membre senior capable d\u2019articuler la th\u00e9orie et la pratique. <\/p>\n<p>&nbsp;<\/p>\n<p>&nbsp;<\/p>\n<p>&nbsp;<\/p>\n<h3>Programme<\/h3>\n<p>&nbsp;<\/p>\n<p><strong>Introduction<\/strong><\/p>\n<p>&nbsp;<\/p>\n<p><strong>Le\u00e7on 1 : Informations sur les PME<\/strong><\/p>\n<p>&nbsp;<\/p>\n<p><strong>Le\u00e7on 2 : Approvisionnement et Manipulation des PME<\/strong><\/p>\n<p>&nbsp;<\/p>\n<ul>\n<li>Stockage<\/li>\n<li>Tra\u00e7abilit\u00e9<\/li>\n<li>Documentation<\/li>\n<\/ul>\n<p>&nbsp;<\/p>\n<p><strong>Le\u00e7on 3 : Quantit\u00e9s de PME Requises pour les Essais Cliniques<\/strong><\/p>\n<p>&nbsp;<\/p>\n<ul>\n<li>D\u00e9veloppement du Processus de Fabrication<\/li>\n<li>Composition du PME<\/li>\n<\/ul>\n<p>&nbsp;<\/p>\n<p><strong>Le\u00e7on 4 : Essais Cliniques<\/strong><\/p>\n<p>&nbsp;<\/p>\n<ul>\n<li>Phase I<\/li>\n<li>Phase II<\/li>\n<li>Phase III<\/li>\n<li>Phase IV<\/li>\n<\/ul>\n<p>&nbsp;<\/p>\n<p><strong>Le\u00e7on 5 : Contr\u00f4le Qualit\u00e9<\/strong><\/p>\n<p>&nbsp;<\/p>\n<ul>\n<li>\u00c9tude de Stabilit\u00e9<\/li>\n<li>Gestion des Mati\u00e8res Premi\u00e8res<\/li>\n<li>R\u00e9clamations<\/li>\n<\/ul>\n<p>&nbsp;<\/p>\n<p><strong>Le\u00e7on 6 : \u00c9limination S\u00e9curis\u00e9e des PME Non Utilis\u00e9s<\/strong><\/p>\n<p>&nbsp;<\/p>\n<p><strong>Glossaire<\/strong><\/p>\n<p>&nbsp;<\/p>\n<p><strong>D\u00e9finitions<\/strong><\/p>\n<p>&nbsp;<\/p>\n<p><strong>Conclusion<\/strong><\/p>\n<p>&nbsp;<\/p>\n<p><strong>Quiz<\/strong><\/p>\n","protected":false},"excerpt":{"rendered":"<p>Un Produit M\u00e9dicinal Exp\u00e9rimental (PME) est une formulation pharmaceutique d\u2019une substance active qui a atteint le stade des essais cliniques dans le processus de d\u00e9couverte de m\u00e9dicaments. Suite \u00e0 des \u00e9tudes pr\u00e9liminaires, et en tenant compte des syst\u00e8mes d\u2019administration des m\u00e9dicaments et de leur ad\u00e9quation bas\u00e9e sur les propri\u00e9t\u00e9s physico-chimiques du compos\u00e9, une formulation est [&hellip;]<\/p>\n","protected":false},"featured_media":43650,"template":"","meta":{"_acf_changed":false,"content-type":""},"product_brand":[],"product_cat":[274,263,258],"product_tag":[],"class_list":{"0":"post-57329","1":"product","2":"type-product","3":"status-publish","4":"has-post-thumbnail","6":"product_cat-bpc-essais-cliniques","7":"product_cat-organisme-de-recherche-sous-contrat-cro","8":"product_cat-pharmaceutique","10":"first","11":"instock","12":"taxable","13":"shipping-taxable","14":"purchasable","15":"product-type-simple"},"bundled_by":[],"bundle_stock_status":"instock","bundle_stock_quantity":null,"bundle_virtual":false,"bundle_layout":"","bundle_add_to_cart_form_location":"","bundle_editable_in_cart":false,"bundle_sold_individually_context":"","bundle_item_grouping":"","bundle_min_size":"","bundle_max_size":"","bundle_price":[],"bundled_items":[],"bundle_sell_ids":[],"acf":[],"yoast_head":"<!-- This site is optimized with the Yoast SEO plugin v27.5 - https:\/\/yoast.com\/product\/yoast-seo-wordpress\/ -->\n<title>Commande de Produits M\u00e9dicinaux Exp\u00e9rimentaux : Cours Complet<\/title>\n<meta name=\"description\" content=\"Ce cours explique comment les produits m\u00e9dicinaux exp\u00e9rimentaux sont fabriqu\u00e9s et g\u00e9r\u00e9s de mani\u00e8re \u00e9thique. Inscrivez-vous d\u00e8s aujourd\u2019hui pour obtenir votre certification !\" \/>\n<meta name=\"robots\" content=\"index, follow, max-snippet:-1, max-image-preview:large, max-video-preview:-1\" \/>\n<link rel=\"canonical\" href=\"https:\/\/gxp-training.com\/fr\/online-course\/commande-de-produits-medicinaux-experimentaux-pour-les-etudes-cliniques\/\" \/>\n<meta property=\"og:locale\" content=\"fr_FR\" \/>\n<meta property=\"og:type\" content=\"article\" \/>\n<meta property=\"og:title\" content=\"Commande de Produits M\u00e9dicinaux Exp\u00e9rimentaux : Cours Complet\" \/>\n<meta property=\"og:description\" content=\"Ce cours explique comment les produits m\u00e9dicinaux exp\u00e9rimentaux sont fabriqu\u00e9s et g\u00e9r\u00e9s de mani\u00e8re \u00e9thique. Inscrivez-vous d\u00e8s aujourd\u2019hui pour obtenir votre certification !\" \/>\n<meta property=\"og:url\" content=\"https:\/\/gxp-training.com\/fr\/online-course\/commande-de-produits-medicinaux-experimentaux-pour-les-etudes-cliniques\/\" \/>\n<meta property=\"og:site_name\" content=\"GxP Training : Certified Online Courses for Life Sciences\" \/>\n<meta property=\"og:image\" content=\"https:\/\/gxp-training.com\/wp-content\/uploads\/2022\/05\/22.png\" \/>\n\t<meta property=\"og:image:width\" content=\"1000\" \/>\n\t<meta property=\"og:image:height\" content=\"563\" \/>\n\t<meta property=\"og:image:type\" content=\"image\/png\" \/>\n<meta name=\"twitter:card\" content=\"summary_large_image\" \/>\n<meta name=\"twitter:label1\" content=\"Dur\u00e9e de lecture estim\u00e9e\" \/>\n\t<meta name=\"twitter:data1\" content=\"1 minute\" \/>\n<script type=\"application\/ld+json\" class=\"yoast-schema-graph\">{\"@context\":\"https:\\\/\\\/schema.org\",\"@graph\":[{\"@type\":\"WebPage\",\"@id\":\"https:\\\/\\\/gxp-training.com\\\/fr\\\/online-course\\\/commande-de-produits-medicinaux-experimentaux-pour-les-etudes-cliniques\\\/\",\"url\":\"https:\\\/\\\/gxp-training.com\\\/fr\\\/online-course\\\/commande-de-produits-medicinaux-experimentaux-pour-les-etudes-cliniques\\\/\",\"name\":\"Commande de Produits M\u00e9dicinaux Exp\u00e9rimentaux : Cours Complet\",\"isPartOf\":{\"@id\":\"https:\\\/\\\/gxp-training.com\\\/fr\\\/#website\"},\"primaryImageOfPage\":{\"@id\":\"https:\\\/\\\/gxp-training.com\\\/fr\\\/online-course\\\/commande-de-produits-medicinaux-experimentaux-pour-les-etudes-cliniques\\\/#primaryimage\"},\"image\":{\"@id\":\"https:\\\/\\\/gxp-training.com\\\/fr\\\/online-course\\\/commande-de-produits-medicinaux-experimentaux-pour-les-etudes-cliniques\\\/#primaryimage\"},\"thumbnailUrl\":\"https:\\\/\\\/gxp-training.com\\\/wp-content\\\/uploads\\\/2022\\\/05\\\/22.png\",\"datePublished\":\"2022-05-24T09:06:41+00:00\",\"description\":\"Ce cours explique comment les produits m\u00e9dicinaux exp\u00e9rimentaux sont fabriqu\u00e9s et g\u00e9r\u00e9s de mani\u00e8re \u00e9thique. Inscrivez-vous d\u00e8s aujourd\u2019hui pour obtenir votre certification !\",\"breadcrumb\":{\"@id\":\"https:\\\/\\\/gxp-training.com\\\/fr\\\/online-course\\\/commande-de-produits-medicinaux-experimentaux-pour-les-etudes-cliniques\\\/#breadcrumb\"},\"inLanguage\":\"fr-FR\",\"potentialAction\":[{\"@type\":\"ReadAction\",\"target\":[\"https:\\\/\\\/gxp-training.com\\\/fr\\\/online-course\\\/commande-de-produits-medicinaux-experimentaux-pour-les-etudes-cliniques\\\/\"]}]},{\"@type\":\"ImageObject\",\"inLanguage\":\"fr-FR\",\"@id\":\"https:\\\/\\\/gxp-training.com\\\/fr\\\/online-course\\\/commande-de-produits-medicinaux-experimentaux-pour-les-etudes-cliniques\\\/#primaryimage\",\"url\":\"https:\\\/\\\/gxp-training.com\\\/wp-content\\\/uploads\\\/2022\\\/05\\\/22.png\",\"contentUrl\":\"https:\\\/\\\/gxp-training.com\\\/wp-content\\\/uploads\\\/2022\\\/05\\\/22.png\",\"width\":1000,\"height\":563},{\"@type\":\"BreadcrumbList\",\"@id\":\"https:\\\/\\\/gxp-training.com\\\/fr\\\/online-course\\\/commande-de-produits-medicinaux-experimentaux-pour-les-etudes-cliniques\\\/#breadcrumb\",\"itemListElement\":[{\"@type\":\"ListItem\",\"position\":1,\"name\":\"Accueil\",\"item\":\"https:\\\/\\\/gxp-training.com\\\/fr\\\/page-daccueil\\\/\"},{\"@type\":\"ListItem\",\"position\":2,\"name\":\"Produits\",\"item\":\"https:\\\/\\\/gxp-training.com\\\/fr\\\/shop\\\/\"},{\"@type\":\"ListItem\",\"position\":3,\"name\":\"Commande de Produits M\u00e9dicinaux Exp\u00e9rimentaux pour les \u00c9tudes Cliniques\"}]},{\"@type\":\"WebSite\",\"@id\":\"https:\\\/\\\/gxp-training.com\\\/fr\\\/#website\",\"url\":\"https:\\\/\\\/gxp-training.com\\\/fr\\\/\",\"name\":\"GxP Training : Certified Online Courses for Life Sciences\",\"description\":\"Online Trainings and Certified Courses in Regulatory Compliance for Pharmaceutical Experts\",\"publisher\":{\"@id\":\"https:\\\/\\\/gxp-training.com\\\/fr\\\/#organization\"},\"potentialAction\":[{\"@type\":\"SearchAction\",\"target\":{\"@type\":\"EntryPoint\",\"urlTemplate\":\"https:\\\/\\\/gxp-training.com\\\/fr\\\/?s={search_term_string}\"},\"query-input\":{\"@type\":\"PropertyValueSpecification\",\"valueRequired\":true,\"valueName\":\"search_term_string\"}}],\"inLanguage\":\"fr-FR\"},{\"@type\":\"Organization\",\"@id\":\"https:\\\/\\\/gxp-training.com\\\/fr\\\/#organization\",\"name\":\"GXP Training\",\"url\":\"https:\\\/\\\/gxp-training.com\\\/fr\\\/\",\"logo\":{\"@type\":\"ImageObject\",\"inLanguage\":\"fr-FR\",\"@id\":\"https:\\\/\\\/gxp-training.com\\\/fr\\\/#\\\/schema\\\/logo\\\/image\\\/\",\"url\":\"https:\\\/\\\/gxp-training.com\\\/wp-content\\\/uploads\\\/2022\\\/05\\\/logo-resize.png\",\"contentUrl\":\"https:\\\/\\\/gxp-training.com\\\/wp-content\\\/uploads\\\/2022\\\/05\\\/logo-resize.png\",\"width\":350,\"height\":100,\"caption\":\"GXP Training\"},\"image\":{\"@id\":\"https:\\\/\\\/gxp-training.com\\\/fr\\\/#\\\/schema\\\/logo\\\/image\\\/\"}}]}<\/script>\n<!-- \/ Yoast SEO plugin. -->","yoast_head_json":{"title":"Commande de Produits M\u00e9dicinaux Exp\u00e9rimentaux : Cours Complet","description":"Ce cours explique comment les produits m\u00e9dicinaux exp\u00e9rimentaux sont fabriqu\u00e9s et g\u00e9r\u00e9s de mani\u00e8re \u00e9thique. Inscrivez-vous d\u00e8s aujourd\u2019hui pour obtenir votre certification !","robots":{"index":"index","follow":"follow","max-snippet":"max-snippet:-1","max-image-preview":"max-image-preview:large","max-video-preview":"max-video-preview:-1"},"canonical":"https:\/\/gxp-training.com\/fr\/online-course\/commande-de-produits-medicinaux-experimentaux-pour-les-etudes-cliniques\/","og_locale":"fr_FR","og_type":"article","og_title":"Commande de Produits M\u00e9dicinaux Exp\u00e9rimentaux : Cours Complet","og_description":"Ce cours explique comment les produits m\u00e9dicinaux exp\u00e9rimentaux sont fabriqu\u00e9s et g\u00e9r\u00e9s de mani\u00e8re \u00e9thique. Inscrivez-vous d\u00e8s aujourd\u2019hui pour obtenir votre certification !","og_url":"https:\/\/gxp-training.com\/fr\/online-course\/commande-de-produits-medicinaux-experimentaux-pour-les-etudes-cliniques\/","og_site_name":"GxP Training : Certified Online Courses for Life Sciences","og_image":[{"width":1000,"height":563,"url":"https:\/\/gxp-training.com\/wp-content\/uploads\/2022\/05\/22.png","type":"image\/png"}],"twitter_card":"summary_large_image","twitter_misc":{"Dur\u00e9e de lecture estim\u00e9e":"1 minute"},"schema":{"@context":"https:\/\/schema.org","@graph":[{"@type":"WebPage","@id":"https:\/\/gxp-training.com\/fr\/online-course\/commande-de-produits-medicinaux-experimentaux-pour-les-etudes-cliniques\/","url":"https:\/\/gxp-training.com\/fr\/online-course\/commande-de-produits-medicinaux-experimentaux-pour-les-etudes-cliniques\/","name":"Commande de Produits M\u00e9dicinaux Exp\u00e9rimentaux : Cours Complet","isPartOf":{"@id":"https:\/\/gxp-training.com\/fr\/#website"},"primaryImageOfPage":{"@id":"https:\/\/gxp-training.com\/fr\/online-course\/commande-de-produits-medicinaux-experimentaux-pour-les-etudes-cliniques\/#primaryimage"},"image":{"@id":"https:\/\/gxp-training.com\/fr\/online-course\/commande-de-produits-medicinaux-experimentaux-pour-les-etudes-cliniques\/#primaryimage"},"thumbnailUrl":"https:\/\/gxp-training.com\/wp-content\/uploads\/2022\/05\/22.png","datePublished":"2022-05-24T09:06:41+00:00","description":"Ce cours explique comment les produits m\u00e9dicinaux exp\u00e9rimentaux sont fabriqu\u00e9s et g\u00e9r\u00e9s de mani\u00e8re \u00e9thique. Inscrivez-vous d\u00e8s aujourd\u2019hui pour obtenir votre certification !","breadcrumb":{"@id":"https:\/\/gxp-training.com\/fr\/online-course\/commande-de-produits-medicinaux-experimentaux-pour-les-etudes-cliniques\/#breadcrumb"},"inLanguage":"fr-FR","potentialAction":[{"@type":"ReadAction","target":["https:\/\/gxp-training.com\/fr\/online-course\/commande-de-produits-medicinaux-experimentaux-pour-les-etudes-cliniques\/"]}]},{"@type":"ImageObject","inLanguage":"fr-FR","@id":"https:\/\/gxp-training.com\/fr\/online-course\/commande-de-produits-medicinaux-experimentaux-pour-les-etudes-cliniques\/#primaryimage","url":"https:\/\/gxp-training.com\/wp-content\/uploads\/2022\/05\/22.png","contentUrl":"https:\/\/gxp-training.com\/wp-content\/uploads\/2022\/05\/22.png","width":1000,"height":563},{"@type":"BreadcrumbList","@id":"https:\/\/gxp-training.com\/fr\/online-course\/commande-de-produits-medicinaux-experimentaux-pour-les-etudes-cliniques\/#breadcrumb","itemListElement":[{"@type":"ListItem","position":1,"name":"Accueil","item":"https:\/\/gxp-training.com\/fr\/page-daccueil\/"},{"@type":"ListItem","position":2,"name":"Produits","item":"https:\/\/gxp-training.com\/fr\/shop\/"},{"@type":"ListItem","position":3,"name":"Commande de Produits M\u00e9dicinaux Exp\u00e9rimentaux pour les \u00c9tudes Cliniques"}]},{"@type":"WebSite","@id":"https:\/\/gxp-training.com\/fr\/#website","url":"https:\/\/gxp-training.com\/fr\/","name":"GxP Training : Certified Online Courses for Life Sciences","description":"Online Trainings and Certified Courses in Regulatory Compliance for Pharmaceutical Experts","publisher":{"@id":"https:\/\/gxp-training.com\/fr\/#organization"},"potentialAction":[{"@type":"SearchAction","target":{"@type":"EntryPoint","urlTemplate":"https:\/\/gxp-training.com\/fr\/?s={search_term_string}"},"query-input":{"@type":"PropertyValueSpecification","valueRequired":true,"valueName":"search_term_string"}}],"inLanguage":"fr-FR"},{"@type":"Organization","@id":"https:\/\/gxp-training.com\/fr\/#organization","name":"GXP Training","url":"https:\/\/gxp-training.com\/fr\/","logo":{"@type":"ImageObject","inLanguage":"fr-FR","@id":"https:\/\/gxp-training.com\/fr\/#\/schema\/logo\/image\/","url":"https:\/\/gxp-training.com\/wp-content\/uploads\/2022\/05\/logo-resize.png","contentUrl":"https:\/\/gxp-training.com\/wp-content\/uploads\/2022\/05\/logo-resize.png","width":350,"height":100,"caption":"GXP Training"},"image":{"@id":"https:\/\/gxp-training.com\/fr\/#\/schema\/logo\/image\/"}}]}},"_links":{"self":[{"href":"https:\/\/gxp-training.com\/fr\/wp-json\/wp\/v2\/product\/57329","targetHints":{"allow":["GET"]}}],"collection":[{"href":"https:\/\/gxp-training.com\/fr\/wp-json\/wp\/v2\/product"}],"about":[{"href":"https:\/\/gxp-training.com\/fr\/wp-json\/wp\/v2\/types\/product"}],"wp:featuredmedia":[{"embeddable":true,"href":"https:\/\/gxp-training.com\/fr\/wp-json\/wp\/v2\/media\/43650"}],"wp:attachment":[{"href":"https:\/\/gxp-training.com\/fr\/wp-json\/wp\/v2\/media?parent=57329"}],"wp:term":[{"taxonomy":"product_brand","embeddable":true,"href":"https:\/\/gxp-training.com\/fr\/wp-json\/wp\/v2\/product_brand?post=57329"},{"taxonomy":"product_cat","embeddable":true,"href":"https:\/\/gxp-training.com\/fr\/wp-json\/wp\/v2\/product_cat?post=57329"},{"taxonomy":"product_tag","embeddable":true,"href":"https:\/\/gxp-training.com\/fr\/wp-json\/wp\/v2\/product_tag?post=57329"}],"curies":[{"name":"wp","href":"https:\/\/api.w.org\/{rel}","templated":true}]}}