{"id":57302,"date":"2022-05-24T11:10:52","date_gmt":"2022-05-24T09:10:52","guid":{"rendered":"https:\/\/gxp-training.com\/online-course\/introduction-aux-bonnes-pratiques-de-laboratoire-bpl\/"},"modified":"2022-05-24T11:10:52","modified_gmt":"2022-05-24T09:10:52","slug":"introduction-aux-bonnes-pratiques-de-laboratoire-bpl","status":"publish","type":"product","link":"https:\/\/gxp-training.com\/fr\/online-course\/introduction-aux-bonnes-pratiques-de-laboratoire-bpl\/","title":{"rendered":"Introduction aux Bonnes Pratiques de Laboratoire (BPL)"},"content":{"rendered":"<p>Les <a href=\"https:\/\/www.fda.gov\/media\/165993\/download\">Bonnes Pratiques de Laboratoire<\/a> (BPL) constituent un syst\u00e8me de qualit\u00e9 reconnu mondialement qui garantit la fiabilit\u00e9, l\u2019int\u00e9grit\u00e9 et la tra\u00e7abilit\u00e9 des \u00e9tudes de laboratoire non cliniques. Les autorit\u00e9s r\u00e9glementaires s\u2019appuient sur les donn\u00e9es conformes aux BPL pour \u00e9valuer la s\u00e9curit\u00e9 des produits avant le d\u00e9but des essais cliniques. <\/p>\n<p>Ce cours propose une introduction pratique aux principes des BPL et \u00e0 leur application dans des environnements de laboratoire r\u00e9glement\u00e9s.<\/p>\n<p><strong>Qu\u2019allez-vous apprendre ?<\/strong><\/p>\n<ul>\n<li>Principes et objectifs des BPL<\/li>\n<li>R\u00f4le des BPL dans les \u00e9tudes non cliniques et le d\u00e9veloppement de m\u00e9dicaments<\/li>\n<li>Responsabilit\u00e9s du personnel de laboratoire et des unit\u00e9s d\u2019<a href=\"https:\/\/gxp-training.com\/fr\/gxp-courses\/assurance-qualite\/\">Assurance Qualit\u00e9<\/a><\/li>\n<li>Comment garantir des donn\u00e9es de laboratoire fiables, conformes et pr\u00eates pour l\u2019audit<\/li>\n<\/ul>\n<p><strong>\u00c0 qui s\u2019adresse cette formation ?<\/strong><\/p>\n<ul>\n<li><a href=\"https:\/\/gxp-training.com\/fr\/gxp-courses\/laboratoires\/\">Personnel de laboratoire<\/a> impliqu\u00e9 dans des \u00e9tudes non cliniques<\/li>\n<li>Professionnels de l\u2019assurance qualit\u00e9 et du contr\u00f4le qualit\u00e9<\/li>\n<li>Sp\u00e9cialistes des affaires r\u00e9glementaires<\/li>\n<li>Directeur d\u2019\u00e9tude<\/li>\n<li>Direction des installations<\/li>\n<li>Archivistes<\/li>\n<li>Professionnels travaillant dans des laboratoires <a href=\"https:\/\/gxp-training.com\/fr\/gxp-courses\/pharmaceutique\/\">pharmaceutiques<\/a>, biotechnologiques ou <a href=\"https:\/\/gxp-training.com\/fr\/gxp-courses\/organisme-de-recherche-sous-contrat-cro\/\">CRO<\/a><\/li>\n<\/ul>\n<p>Une fois la formation r\u00e9ussie, vous recevrez un <strong>certificat valid\u00e9 et accr\u00e9dit\u00e9 avec des<\/strong> <strong>cr\u00e9dits CPD\/CEU<\/strong>, adapt\u00e9 \u00e0 la documentation d\u2019audit et de conformit\u00e9.<\/p>\n<p>&nbsp;<\/p>\n<h3>Programme<\/h3>\n<p><strong>Introduction<\/strong><br \/>\n<strong>Le\u00e7on 1 : L\u2019histoire des BPL<\/strong><\/p>\n<ul>\n<li>R\u00e9glementations BPL en 1979 et 1980<\/li>\n<li>Premiers principes de BPL de l\u2019OCDE<\/li>\n<li>Mondialisation des BPL<\/li>\n<\/ul>\n<p><strong>Le\u00e7on 2 : Le processus de d\u00e9veloppement de m\u00e9dicaments et le r\u00f4le des BPL<\/strong><\/p>\n<ul>\n<li>Phase 1<\/li>\n<li>Phase 2<\/li>\n<li>Phase 3<\/li>\n<li>Phase 4<\/li>\n<\/ul>\n<p><strong>Le\u00e7on 3 : Les \u00ab Ressources \u00bb comme point fondamental des BPL<\/strong><\/p>\n<ul>\n<li>Organisation et personnel<\/li>\n<li>Installations et \u00e9quipement<\/li>\n<\/ul>\n<p><strong>Le\u00e7on 4 : Les \u00ab R\u00e8gles \u00bb comme point fondamental des BPL<\/strong><\/p>\n<ul>\n<li>Protocoles<\/li>\n<li>Proc\u00e9dures \u00e9crites<\/li>\n<li>Le directeur d\u2019\u00e9tude<\/li>\n<\/ul>\n<p><strong>Le\u00e7on 5 : La \u00ab Caract\u00e9risation \u00bb comme point fondamental des BPL<\/strong><\/p>\n<ul>\n<li>L\u2019\u00e9l\u00e9ment d\u2019essai<\/li>\n<li>Syst\u00e8me d\u2019essai<\/li>\n<\/ul>\n<p><strong>Le\u00e7on 6 : L\u2019\u00ab Assurance Qualit\u00e9 \u00bb comme point fondamental des BPL<\/strong><\/p>\n<ul>\n<li>R\u00e9vision du protocole (ou plan d\u2019\u00e9tude)<\/li>\n<li>R\u00e9vision des SOP<\/li>\n<li>Planification<\/li>\n<li>Audits et inspections<\/li>\n<\/ul>\n<p><strong>Glossaire<\/strong><br \/>\n<strong>Conclusion<\/strong><br \/>\n<strong>Quiz<\/strong><\/p>\n","protected":false},"excerpt":{"rendered":"<p>Les Bonnes Pratiques de Laboratoire (BPL) constituent un syst\u00e8me de qualit\u00e9 reconnu mondialement qui garantit la fiabilit\u00e9, l\u2019int\u00e9grit\u00e9 et la tra\u00e7abilit\u00e9 des \u00e9tudes de laboratoire non cliniques. Les autorit\u00e9s r\u00e9glementaires s\u2019appuient sur les donn\u00e9es conformes aux BPL pour \u00e9valuer la s\u00e9curit\u00e9 des produits avant le d\u00e9but des essais cliniques. Ce cours propose une introduction pratique [&hellip;]<\/p>\n","protected":false},"featured_media":43038,"template":"","meta":{"_acf_changed":false,"content-type":""},"product_brand":[],"product_cat":[260,277,259,258],"product_tag":[],"class_list":{"0":"post-57302","1":"product","2":"type-product","3":"status-publish","4":"has-post-thumbnail","6":"product_cat-alimentation-et-nutrition","7":"product_cat-bpl-bonnes-pratiques-de-laboratoire","8":"product_cat-laboratoires","9":"product_cat-pharmaceutique","11":"first","12":"instock","13":"taxable","14":"shipping-taxable","15":"purchasable","16":"product-type-subscription"},"bundled_by":[],"bundle_stock_status":"instock","bundle_stock_quantity":null,"bundle_virtual":false,"bundle_layout":"","bundle_add_to_cart_form_location":"","bundle_editable_in_cart":false,"bundle_sold_individually_context":"","bundle_item_grouping":"","bundle_min_size":"","bundle_max_size":"","bundle_price":[],"bundled_items":[],"bundle_sell_ids":[],"acf":[],"yoast_head":"<!-- This site is optimized with the Yoast SEO plugin v27.5 - https:\/\/yoast.com\/product\/yoast-seo-wordpress\/ -->\n<title>Formation et certification en ligne sur les Bonnes Pratiques de Laboratoire (BPL)<\/title>\n<meta name=\"description\" content=\"Apprenez les BPL avec les meilleurs experts du march\u00e9 et obtenez votre certification accr\u00e9dit\u00e9e. Formation en ligne sur les Bonnes Pratiques de Laboratoire pour tout professionnel de l\u2019industrie pharmaceutique.\" \/>\n<meta name=\"robots\" content=\"index, follow, max-snippet:-1, max-image-preview:large, max-video-preview:-1\" \/>\n<link rel=\"canonical\" href=\"https:\/\/gxp-training.com\/fr\/online-course\/introduction-aux-bonnes-pratiques-de-laboratoire-bpl\/\" \/>\n<meta property=\"og:locale\" content=\"fr_FR\" \/>\n<meta property=\"og:type\" content=\"article\" \/>\n<meta property=\"og:title\" content=\"Formation et certification en ligne sur les Bonnes Pratiques de Laboratoire (BPL)\" \/>\n<meta property=\"og:description\" content=\"Apprenez les BPL avec les meilleurs experts du march\u00e9 et obtenez votre certification accr\u00e9dit\u00e9e. Formation en ligne sur les Bonnes Pratiques de Laboratoire pour tout professionnel de l\u2019industrie pharmaceutique.\" \/>\n<meta property=\"og:url\" content=\"https:\/\/gxp-training.com\/fr\/online-course\/introduction-aux-bonnes-pratiques-de-laboratoire-bpl\/\" \/>\n<meta property=\"og:site_name\" content=\"GxP Training : Certified Online Courses for Life Sciences\" \/>\n<meta property=\"og:image\" content=\"https:\/\/gxp-training.com\/wp-content\/uploads\/2022\/05\/intro-to-GLP.png\" \/>\n\t<meta property=\"og:image:width\" content=\"900\" \/>\n\t<meta property=\"og:image:height\" content=\"627\" \/>\n\t<meta property=\"og:image:type\" content=\"image\/png\" \/>\n<meta name=\"twitter:card\" content=\"summary_large_image\" \/>\n<meta name=\"twitter:label1\" content=\"Dur\u00e9e de lecture estim\u00e9e\" \/>\n\t<meta name=\"twitter:data1\" content=\"2 minutes\" \/>\n<script type=\"application\/ld+json\" class=\"yoast-schema-graph\">{\"@context\":\"https:\\\/\\\/schema.org\",\"@graph\":[{\"@type\":\"WebPage\",\"@id\":\"https:\\\/\\\/gxp-training.com\\\/fr\\\/online-course\\\/introduction-aux-bonnes-pratiques-de-laboratoire-bpl\\\/\",\"url\":\"https:\\\/\\\/gxp-training.com\\\/fr\\\/online-course\\\/introduction-aux-bonnes-pratiques-de-laboratoire-bpl\\\/\",\"name\":\"Formation et certification en ligne sur les Bonnes Pratiques de Laboratoire (BPL)\",\"isPartOf\":{\"@id\":\"https:\\\/\\\/gxp-training.com\\\/fr\\\/#website\"},\"primaryImageOfPage\":{\"@id\":\"https:\\\/\\\/gxp-training.com\\\/fr\\\/online-course\\\/introduction-aux-bonnes-pratiques-de-laboratoire-bpl\\\/#primaryimage\"},\"image\":{\"@id\":\"https:\\\/\\\/gxp-training.com\\\/fr\\\/online-course\\\/introduction-aux-bonnes-pratiques-de-laboratoire-bpl\\\/#primaryimage\"},\"thumbnailUrl\":\"https:\\\/\\\/gxp-training.com\\\/wp-content\\\/uploads\\\/2022\\\/05\\\/intro-to-GLP.png\",\"datePublished\":\"2022-05-24T09:10:52+00:00\",\"description\":\"Apprenez les BPL avec les meilleurs experts du march\u00e9 et obtenez votre certification accr\u00e9dit\u00e9e. Formation en ligne sur les Bonnes Pratiques de Laboratoire pour tout professionnel de l\u2019industrie pharmaceutique.\",\"breadcrumb\":{\"@id\":\"https:\\\/\\\/gxp-training.com\\\/fr\\\/online-course\\\/introduction-aux-bonnes-pratiques-de-laboratoire-bpl\\\/#breadcrumb\"},\"inLanguage\":\"fr-FR\",\"potentialAction\":[{\"@type\":\"ReadAction\",\"target\":[\"https:\\\/\\\/gxp-training.com\\\/fr\\\/online-course\\\/introduction-aux-bonnes-pratiques-de-laboratoire-bpl\\\/\"]}]},{\"@type\":\"ImageObject\",\"inLanguage\":\"fr-FR\",\"@id\":\"https:\\\/\\\/gxp-training.com\\\/fr\\\/online-course\\\/introduction-aux-bonnes-pratiques-de-laboratoire-bpl\\\/#primaryimage\",\"url\":\"https:\\\/\\\/gxp-training.com\\\/wp-content\\\/uploads\\\/2022\\\/05\\\/intro-to-GLP.png\",\"contentUrl\":\"https:\\\/\\\/gxp-training.com\\\/wp-content\\\/uploads\\\/2022\\\/05\\\/intro-to-GLP.png\",\"width\":900,\"height\":627},{\"@type\":\"BreadcrumbList\",\"@id\":\"https:\\\/\\\/gxp-training.com\\\/fr\\\/online-course\\\/introduction-aux-bonnes-pratiques-de-laboratoire-bpl\\\/#breadcrumb\",\"itemListElement\":[{\"@type\":\"ListItem\",\"position\":1,\"name\":\"Accueil\",\"item\":\"https:\\\/\\\/gxp-training.com\\\/fr\\\/page-daccueil\\\/\"},{\"@type\":\"ListItem\",\"position\":2,\"name\":\"Produits\",\"item\":\"https:\\\/\\\/gxp-training.com\\\/fr\\\/shop\\\/\"},{\"@type\":\"ListItem\",\"position\":3,\"name\":\"Introduction aux Bonnes Pratiques de Laboratoire (BPL)\"}]},{\"@type\":\"WebSite\",\"@id\":\"https:\\\/\\\/gxp-training.com\\\/fr\\\/#website\",\"url\":\"https:\\\/\\\/gxp-training.com\\\/fr\\\/\",\"name\":\"GxP Training : Certified Online Courses for Life Sciences\",\"description\":\"Online Trainings and Certified Courses in Regulatory Compliance for Pharmaceutical Experts\",\"publisher\":{\"@id\":\"https:\\\/\\\/gxp-training.com\\\/fr\\\/#organization\"},\"potentialAction\":[{\"@type\":\"SearchAction\",\"target\":{\"@type\":\"EntryPoint\",\"urlTemplate\":\"https:\\\/\\\/gxp-training.com\\\/fr\\\/?s={search_term_string}\"},\"query-input\":{\"@type\":\"PropertyValueSpecification\",\"valueRequired\":true,\"valueName\":\"search_term_string\"}}],\"inLanguage\":\"fr-FR\"},{\"@type\":\"Organization\",\"@id\":\"https:\\\/\\\/gxp-training.com\\\/fr\\\/#organization\",\"name\":\"GXP Training\",\"url\":\"https:\\\/\\\/gxp-training.com\\\/fr\\\/\",\"logo\":{\"@type\":\"ImageObject\",\"inLanguage\":\"fr-FR\",\"@id\":\"https:\\\/\\\/gxp-training.com\\\/fr\\\/#\\\/schema\\\/logo\\\/image\\\/\",\"url\":\"https:\\\/\\\/gxp-training.com\\\/wp-content\\\/uploads\\\/2022\\\/05\\\/logo-resize.png\",\"contentUrl\":\"https:\\\/\\\/gxp-training.com\\\/wp-content\\\/uploads\\\/2022\\\/05\\\/logo-resize.png\",\"width\":350,\"height\":100,\"caption\":\"GXP Training\"},\"image\":{\"@id\":\"https:\\\/\\\/gxp-training.com\\\/fr\\\/#\\\/schema\\\/logo\\\/image\\\/\"}}]}<\/script>\n<!-- \/ Yoast SEO plugin. -->","yoast_head_json":{"title":"Formation et certification en ligne sur les Bonnes Pratiques de Laboratoire (BPL)","description":"Apprenez les BPL avec les meilleurs experts du march\u00e9 et obtenez votre certification accr\u00e9dit\u00e9e. Formation en ligne sur les Bonnes Pratiques de Laboratoire pour tout professionnel de l\u2019industrie pharmaceutique.","robots":{"index":"index","follow":"follow","max-snippet":"max-snippet:-1","max-image-preview":"max-image-preview:large","max-video-preview":"max-video-preview:-1"},"canonical":"https:\/\/gxp-training.com\/fr\/online-course\/introduction-aux-bonnes-pratiques-de-laboratoire-bpl\/","og_locale":"fr_FR","og_type":"article","og_title":"Formation et certification en ligne sur les Bonnes Pratiques de Laboratoire (BPL)","og_description":"Apprenez les BPL avec les meilleurs experts du march\u00e9 et obtenez votre certification accr\u00e9dit\u00e9e. Formation en ligne sur les Bonnes Pratiques de Laboratoire pour tout professionnel de l\u2019industrie pharmaceutique.","og_url":"https:\/\/gxp-training.com\/fr\/online-course\/introduction-aux-bonnes-pratiques-de-laboratoire-bpl\/","og_site_name":"GxP Training : Certified Online Courses for Life Sciences","og_image":[{"width":900,"height":627,"url":"https:\/\/gxp-training.com\/wp-content\/uploads\/2022\/05\/intro-to-GLP.png","type":"image\/png"}],"twitter_card":"summary_large_image","twitter_misc":{"Dur\u00e9e de lecture estim\u00e9e":"2 minutes"},"schema":{"@context":"https:\/\/schema.org","@graph":[{"@type":"WebPage","@id":"https:\/\/gxp-training.com\/fr\/online-course\/introduction-aux-bonnes-pratiques-de-laboratoire-bpl\/","url":"https:\/\/gxp-training.com\/fr\/online-course\/introduction-aux-bonnes-pratiques-de-laboratoire-bpl\/","name":"Formation et certification en ligne sur les Bonnes Pratiques de Laboratoire (BPL)","isPartOf":{"@id":"https:\/\/gxp-training.com\/fr\/#website"},"primaryImageOfPage":{"@id":"https:\/\/gxp-training.com\/fr\/online-course\/introduction-aux-bonnes-pratiques-de-laboratoire-bpl\/#primaryimage"},"image":{"@id":"https:\/\/gxp-training.com\/fr\/online-course\/introduction-aux-bonnes-pratiques-de-laboratoire-bpl\/#primaryimage"},"thumbnailUrl":"https:\/\/gxp-training.com\/wp-content\/uploads\/2022\/05\/intro-to-GLP.png","datePublished":"2022-05-24T09:10:52+00:00","description":"Apprenez les BPL avec les meilleurs experts du march\u00e9 et obtenez votre certification accr\u00e9dit\u00e9e. Formation en ligne sur les Bonnes Pratiques de Laboratoire pour tout professionnel de l\u2019industrie pharmaceutique.","breadcrumb":{"@id":"https:\/\/gxp-training.com\/fr\/online-course\/introduction-aux-bonnes-pratiques-de-laboratoire-bpl\/#breadcrumb"},"inLanguage":"fr-FR","potentialAction":[{"@type":"ReadAction","target":["https:\/\/gxp-training.com\/fr\/online-course\/introduction-aux-bonnes-pratiques-de-laboratoire-bpl\/"]}]},{"@type":"ImageObject","inLanguage":"fr-FR","@id":"https:\/\/gxp-training.com\/fr\/online-course\/introduction-aux-bonnes-pratiques-de-laboratoire-bpl\/#primaryimage","url":"https:\/\/gxp-training.com\/wp-content\/uploads\/2022\/05\/intro-to-GLP.png","contentUrl":"https:\/\/gxp-training.com\/wp-content\/uploads\/2022\/05\/intro-to-GLP.png","width":900,"height":627},{"@type":"BreadcrumbList","@id":"https:\/\/gxp-training.com\/fr\/online-course\/introduction-aux-bonnes-pratiques-de-laboratoire-bpl\/#breadcrumb","itemListElement":[{"@type":"ListItem","position":1,"name":"Accueil","item":"https:\/\/gxp-training.com\/fr\/page-daccueil\/"},{"@type":"ListItem","position":2,"name":"Produits","item":"https:\/\/gxp-training.com\/fr\/shop\/"},{"@type":"ListItem","position":3,"name":"Introduction aux Bonnes Pratiques de Laboratoire (BPL)"}]},{"@type":"WebSite","@id":"https:\/\/gxp-training.com\/fr\/#website","url":"https:\/\/gxp-training.com\/fr\/","name":"GxP Training : Certified Online Courses for Life Sciences","description":"Online Trainings and Certified Courses in Regulatory Compliance for Pharmaceutical Experts","publisher":{"@id":"https:\/\/gxp-training.com\/fr\/#organization"},"potentialAction":[{"@type":"SearchAction","target":{"@type":"EntryPoint","urlTemplate":"https:\/\/gxp-training.com\/fr\/?s={search_term_string}"},"query-input":{"@type":"PropertyValueSpecification","valueRequired":true,"valueName":"search_term_string"}}],"inLanguage":"fr-FR"},{"@type":"Organization","@id":"https:\/\/gxp-training.com\/fr\/#organization","name":"GXP Training","url":"https:\/\/gxp-training.com\/fr\/","logo":{"@type":"ImageObject","inLanguage":"fr-FR","@id":"https:\/\/gxp-training.com\/fr\/#\/schema\/logo\/image\/","url":"https:\/\/gxp-training.com\/wp-content\/uploads\/2022\/05\/logo-resize.png","contentUrl":"https:\/\/gxp-training.com\/wp-content\/uploads\/2022\/05\/logo-resize.png","width":350,"height":100,"caption":"GXP Training"},"image":{"@id":"https:\/\/gxp-training.com\/fr\/#\/schema\/logo\/image\/"}}]}},"_links":{"self":[{"href":"https:\/\/gxp-training.com\/fr\/wp-json\/wp\/v2\/product\/57302","targetHints":{"allow":["GET"]}}],"collection":[{"href":"https:\/\/gxp-training.com\/fr\/wp-json\/wp\/v2\/product"}],"about":[{"href":"https:\/\/gxp-training.com\/fr\/wp-json\/wp\/v2\/types\/product"}],"wp:featuredmedia":[{"embeddable":true,"href":"https:\/\/gxp-training.com\/fr\/wp-json\/wp\/v2\/media\/43038"}],"wp:attachment":[{"href":"https:\/\/gxp-training.com\/fr\/wp-json\/wp\/v2\/media?parent=57302"}],"wp:term":[{"taxonomy":"product_brand","embeddable":true,"href":"https:\/\/gxp-training.com\/fr\/wp-json\/wp\/v2\/product_brand?post=57302"},{"taxonomy":"product_cat","embeddable":true,"href":"https:\/\/gxp-training.com\/fr\/wp-json\/wp\/v2\/product_cat?post=57302"},{"taxonomy":"product_tag","embeddable":true,"href":"https:\/\/gxp-training.com\/fr\/wp-json\/wp\/v2\/product_tag?post=57302"}],"curies":[{"name":"wp","href":"https:\/\/api.w.org\/{rel}","templated":true}]}}