{"id":57261,"date":"2022-05-24T11:19:19","date_gmt":"2022-05-24T09:19:19","guid":{"rendered":"https:\/\/gxp-training.com\/online-course\/introduction-aux-bonnes-pratiques-de-fabrication-bpf\/"},"modified":"2022-05-24T11:19:19","modified_gmt":"2022-05-24T09:19:19","slug":"introduction-aux-bonnes-pratiques-de-fabrication-bpf","status":"publish","type":"product","link":"https:\/\/gxp-training.com\/fr\/online-course\/introduction-aux-bonnes-pratiques-de-fabrication-bpf\/","title":{"rendered":"Introduction aux Bonnes Pratiques de Fabrication (BPF)"},"content":{"rendered":"<p>Les <a href=\"https:\/\/gxp-training.com\/fr\/gxp-courses\/bpf-bonnes-pratiques-de-fabrication\/\">Bonnes Pratiques de Fabrication<\/a> (BPF) d\u00e9finissent les normes de qualit\u00e9 que les fabricants de produits pharmaceutiques et de dispositifs m\u00e9dicaux doivent respecter pour satisfaire aux exigences r\u00e9glementaires. Ce cours couvre les essentiels, de la gestion des installations et des \u00e9quipements \u00e0 la documentation, aux syst\u00e8mes de qualit\u00e9 et aux pratiques de conformit\u00e9, vous offrant une base solide pour travailler dans des environnements r\u00e9gis par les BPF. <\/p>\n<p>&nbsp;<br \/>\n<strong>Ce que vous apprendrez<\/strong><\/p>\n<ul>\n<li>Principes et port\u00e9e des BPF dans la fabrication pharmaceutique<\/li>\n<li>Organiser les installations et g\u00e9rer les \u00e9quipements pour une production s\u00fbre et efficace<\/li>\n<li>Mettre en \u0153uvre la documentation et les syst\u00e8mes de gestion de la qualit\u00e9<\/li>\n<li>Appliquer la gestion des risques, la validation, les audits et les pratiques de conformit\u00e9<\/li>\n<\/ul>\n<p>&nbsp;<br \/>\n<strong>\u00c0 qui s\u2019adresse ce cours ?<\/strong><\/p>\n<ul>\n<li>Professionnels de l\u2019assurance et du contr\u00f4le qualit\u00e9<\/li>\n<li>Sp\u00e9cialistes des affaires r\u00e9glementaires<\/li>\n<li>Personnel de fabrication, de production et de laboratoire<\/li>\n<li><a href=\"https:\/\/gxp-training.com\/online-course\/internal-gmp-audit-role-of-gmp-auditor-online-certified-course\/\">Auditeurs internes<\/a> et \u00e9quipes de conformit\u00e9<\/li>\n<\/ul>\n<p>&nbsp;<br \/>\nUne fois la formation r\u00e9ussie, vous recevrez un <strong>certificat valid\u00e9 accr\u00e9dit\u00e9 par des cr\u00e9dits CPD\/CEU<\/strong>, adapt\u00e9 \u00e0 la documentation d\u2019audit et de conformit\u00e9.<\/p>\n<p>&nbsp;<\/p>\n<h3>Programme<\/h3>\n<p><strong>Introduction : Bonnes Pratiques de Fabrication (BPF) : D\u00e9finitions et port\u00e9e<\/strong><br \/>\n<strong>Le\u00e7on 1 : Importance de l\u2019organisation et du personnel dans les BPF<\/strong><br \/>\n<strong>Le\u00e7on 2<\/strong> : <strong>B\u00e2timents, abords et installations<\/strong><br \/>\n<strong>Le\u00e7on 3<\/strong> : <strong>\u00c9quipement<\/strong><br \/>\n<strong>Le\u00e7on 4<\/strong> : <strong>Syst\u00e8me de gestion des mat\u00e9riaux<\/strong><br \/>\n<strong>Le\u00e7on 5<\/strong> : <strong>Syst\u00e8me de gestion de la qualit\u00e9<\/strong><br \/>\n<strong>Le\u00e7on 6<\/strong> : <strong>Op\u00e9rations et contr\u00f4le de fabrication<\/strong><br \/>\n<strong>Le\u00e7on 8 : Validation pharmaceutique<\/strong><br \/>\n<strong>Le\u00e7on 9 : Externalisation<\/strong><br \/>\n<strong>Le\u00e7on 10 : Activit\u00e9s post-op\u00e9rationnelles<\/strong><br \/>\n<strong>Le\u00e7on 11 : S\u00e9curit\u00e9 du site et de l\u2019usine<\/strong><br \/>\n<strong>Le\u00e7on 12 : Audits pharmaceutiques<\/strong><br \/>\n<strong>Le\u00e7on 13 : S\u00e9curit\u00e9 et protection de l\u2019environnement<\/strong><br \/>\n<strong>Conclusion<\/strong><br \/>\n<strong>Glossaire<\/strong><br \/>\n<strong>Quiz<\/strong><\/p>\n","protected":false},"excerpt":{"rendered":"<p>Les Bonnes Pratiques de Fabrication (BPF) d\u00e9finissent les normes de qualit\u00e9 que les fabricants de produits pharmaceutiques et de dispositifs m\u00e9dicaux doivent respecter pour satisfaire aux exigences r\u00e9glementaires. Ce cours couvre les essentiels, de la gestion des installations et des \u00e9quipements \u00e0 la documentation, aux syst\u00e8mes de qualit\u00e9 et aux pratiques de conformit\u00e9, vous offrant [&hellip;]<\/p>\n","protected":false},"featured_media":43014,"template":"","meta":{"_acf_changed":false,"content-type":""},"product_brand":[],"product_cat":[254,258],"product_tag":[],"class_list":{"0":"post-57261","1":"product","2":"type-product","3":"status-publish","4":"has-post-thumbnail","6":"product_cat-bpf-bonnes-pratiques-de-fabrication","7":"product_cat-pharmaceutique","9":"first","10":"instock","11":"taxable","12":"shipping-taxable","13":"purchasable","14":"product-type-subscription"},"bundled_by":[],"bundle_stock_status":"instock","bundle_stock_quantity":null,"bundle_virtual":false,"bundle_layout":"","bundle_add_to_cart_form_location":"","bundle_editable_in_cart":false,"bundle_sold_individually_context":"","bundle_item_grouping":"","bundle_min_size":"","bundle_max_size":"","bundle_price":[],"bundled_items":[],"bundle_sell_ids":[],"acf":[],"yoast_head":"<!-- This site is optimized with the Yoast SEO plugin v27.5 - https:\/\/yoast.com\/product\/yoast-seo-wordpress\/ -->\n<title>Introduction aux Bonnes Pratiques de Fabrication - Formation en ligne BPF<\/title>\n<meta name=\"description\" content=\"Commencez votre cours en ligne sur les BPF et obtenez une certification CPD\/CEU. Ma\u00eetrisez les syst\u00e8mes de qualit\u00e9, la documentation et les pratiques de conformit\u00e9 pour la fabrication de produits pharmaceutiques et de dispositifs m\u00e9dicaux.\" \/>\n<meta name=\"robots\" content=\"index, follow, max-snippet:-1, max-image-preview:large, max-video-preview:-1\" \/>\n<link rel=\"canonical\" href=\"https:\/\/gxp-training.com\/fr\/online-course\/introduction-aux-bonnes-pratiques-de-fabrication-bpf\/\" \/>\n<meta property=\"og:locale\" content=\"fr_FR\" \/>\n<meta property=\"og:type\" content=\"article\" \/>\n<meta property=\"og:title\" content=\"Introduction aux Bonnes Pratiques de Fabrication - Formation en ligne BPF\" \/>\n<meta property=\"og:description\" content=\"Commencez votre cours en ligne sur les BPF et obtenez une certification CPD\/CEU. Ma\u00eetrisez les syst\u00e8mes de qualit\u00e9, la documentation et les pratiques de conformit\u00e9 pour la fabrication de produits pharmaceutiques et de dispositifs m\u00e9dicaux.\" \/>\n<meta property=\"og:url\" content=\"https:\/\/gxp-training.com\/fr\/online-course\/introduction-aux-bonnes-pratiques-de-fabrication-bpf\/\" \/>\n<meta property=\"og:site_name\" content=\"GxP Training : Certified Online Courses for Life Sciences\" \/>\n<meta property=\"og:image\" content=\"https:\/\/gxp-training.com\/wp-content\/uploads\/2022\/05\/intro-to-GMP-online-training.png\" \/>\n\t<meta property=\"og:image:width\" content=\"900\" \/>\n\t<meta property=\"og:image:height\" content=\"627\" \/>\n\t<meta property=\"og:image:type\" content=\"image\/png\" \/>\n<meta name=\"twitter:card\" content=\"summary_large_image\" \/>\n<meta name=\"twitter:label1\" content=\"Dur\u00e9e de lecture estim\u00e9e\" \/>\n\t<meta name=\"twitter:data1\" content=\"1 minute\" \/>\n<script type=\"application\/ld+json\" class=\"yoast-schema-graph\">{\"@context\":\"https:\\\/\\\/schema.org\",\"@graph\":[{\"@type\":\"WebPage\",\"@id\":\"https:\\\/\\\/gxp-training.com\\\/fr\\\/online-course\\\/introduction-aux-bonnes-pratiques-de-fabrication-bpf\\\/\",\"url\":\"https:\\\/\\\/gxp-training.com\\\/fr\\\/online-course\\\/introduction-aux-bonnes-pratiques-de-fabrication-bpf\\\/\",\"name\":\"Introduction aux Bonnes Pratiques de Fabrication - Formation en ligne BPF\",\"isPartOf\":{\"@id\":\"https:\\\/\\\/gxp-training.com\\\/fr\\\/#website\"},\"primaryImageOfPage\":{\"@id\":\"https:\\\/\\\/gxp-training.com\\\/fr\\\/online-course\\\/introduction-aux-bonnes-pratiques-de-fabrication-bpf\\\/#primaryimage\"},\"image\":{\"@id\":\"https:\\\/\\\/gxp-training.com\\\/fr\\\/online-course\\\/introduction-aux-bonnes-pratiques-de-fabrication-bpf\\\/#primaryimage\"},\"thumbnailUrl\":\"https:\\\/\\\/gxp-training.com\\\/wp-content\\\/uploads\\\/2022\\\/05\\\/intro-to-GMP-online-training.png\",\"datePublished\":\"2022-05-24T09:19:19+00:00\",\"description\":\"Commencez votre cours en ligne sur les BPF et obtenez une certification CPD\\\/CEU. Ma\u00eetrisez les syst\u00e8mes de qualit\u00e9, la documentation et les pratiques de conformit\u00e9 pour la fabrication de produits pharmaceutiques et de dispositifs m\u00e9dicaux.\",\"breadcrumb\":{\"@id\":\"https:\\\/\\\/gxp-training.com\\\/fr\\\/online-course\\\/introduction-aux-bonnes-pratiques-de-fabrication-bpf\\\/#breadcrumb\"},\"inLanguage\":\"fr-FR\",\"potentialAction\":[{\"@type\":\"ReadAction\",\"target\":[\"https:\\\/\\\/gxp-training.com\\\/fr\\\/online-course\\\/introduction-aux-bonnes-pratiques-de-fabrication-bpf\\\/\"]}]},{\"@type\":\"ImageObject\",\"inLanguage\":\"fr-FR\",\"@id\":\"https:\\\/\\\/gxp-training.com\\\/fr\\\/online-course\\\/introduction-aux-bonnes-pratiques-de-fabrication-bpf\\\/#primaryimage\",\"url\":\"https:\\\/\\\/gxp-training.com\\\/wp-content\\\/uploads\\\/2022\\\/05\\\/intro-to-GMP-online-training.png\",\"contentUrl\":\"https:\\\/\\\/gxp-training.com\\\/wp-content\\\/uploads\\\/2022\\\/05\\\/intro-to-GMP-online-training.png\",\"width\":900,\"height\":627},{\"@type\":\"BreadcrumbList\",\"@id\":\"https:\\\/\\\/gxp-training.com\\\/fr\\\/online-course\\\/introduction-aux-bonnes-pratiques-de-fabrication-bpf\\\/#breadcrumb\",\"itemListElement\":[{\"@type\":\"ListItem\",\"position\":1,\"name\":\"Accueil\",\"item\":\"https:\\\/\\\/gxp-training.com\\\/fr\\\/page-daccueil\\\/\"},{\"@type\":\"ListItem\",\"position\":2,\"name\":\"Produits\",\"item\":\"https:\\\/\\\/gxp-training.com\\\/fr\\\/shop\\\/\"},{\"@type\":\"ListItem\",\"position\":3,\"name\":\"Introduction aux Bonnes Pratiques de Fabrication (BPF)\"}]},{\"@type\":\"WebSite\",\"@id\":\"https:\\\/\\\/gxp-training.com\\\/fr\\\/#website\",\"url\":\"https:\\\/\\\/gxp-training.com\\\/fr\\\/\",\"name\":\"GxP Training : Certified Online Courses for Life Sciences\",\"description\":\"Online Trainings and Certified Courses in Regulatory Compliance for Pharmaceutical Experts\",\"publisher\":{\"@id\":\"https:\\\/\\\/gxp-training.com\\\/fr\\\/#organization\"},\"potentialAction\":[{\"@type\":\"SearchAction\",\"target\":{\"@type\":\"EntryPoint\",\"urlTemplate\":\"https:\\\/\\\/gxp-training.com\\\/fr\\\/?s={search_term_string}\"},\"query-input\":{\"@type\":\"PropertyValueSpecification\",\"valueRequired\":true,\"valueName\":\"search_term_string\"}}],\"inLanguage\":\"fr-FR\"},{\"@type\":\"Organization\",\"@id\":\"https:\\\/\\\/gxp-training.com\\\/fr\\\/#organization\",\"name\":\"GXP Training\",\"url\":\"https:\\\/\\\/gxp-training.com\\\/fr\\\/\",\"logo\":{\"@type\":\"ImageObject\",\"inLanguage\":\"fr-FR\",\"@id\":\"https:\\\/\\\/gxp-training.com\\\/fr\\\/#\\\/schema\\\/logo\\\/image\\\/\",\"url\":\"https:\\\/\\\/gxp-training.com\\\/wp-content\\\/uploads\\\/2022\\\/05\\\/logo-resize.png\",\"contentUrl\":\"https:\\\/\\\/gxp-training.com\\\/wp-content\\\/uploads\\\/2022\\\/05\\\/logo-resize.png\",\"width\":350,\"height\":100,\"caption\":\"GXP Training\"},\"image\":{\"@id\":\"https:\\\/\\\/gxp-training.com\\\/fr\\\/#\\\/schema\\\/logo\\\/image\\\/\"}}]}<\/script>\n<!-- \/ Yoast SEO plugin. -->","yoast_head_json":{"title":"Introduction aux Bonnes Pratiques de Fabrication - Formation en ligne BPF","description":"Commencez votre cours en ligne sur les BPF et obtenez une certification CPD\/CEU. Ma\u00eetrisez les syst\u00e8mes de qualit\u00e9, la documentation et les pratiques de conformit\u00e9 pour la fabrication de produits pharmaceutiques et de dispositifs m\u00e9dicaux.","robots":{"index":"index","follow":"follow","max-snippet":"max-snippet:-1","max-image-preview":"max-image-preview:large","max-video-preview":"max-video-preview:-1"},"canonical":"https:\/\/gxp-training.com\/fr\/online-course\/introduction-aux-bonnes-pratiques-de-fabrication-bpf\/","og_locale":"fr_FR","og_type":"article","og_title":"Introduction aux Bonnes Pratiques de Fabrication - Formation en ligne BPF","og_description":"Commencez votre cours en ligne sur les BPF et obtenez une certification CPD\/CEU. Ma\u00eetrisez les syst\u00e8mes de qualit\u00e9, la documentation et les pratiques de conformit\u00e9 pour la fabrication de produits pharmaceutiques et de dispositifs m\u00e9dicaux.","og_url":"https:\/\/gxp-training.com\/fr\/online-course\/introduction-aux-bonnes-pratiques-de-fabrication-bpf\/","og_site_name":"GxP Training : Certified Online Courses for Life Sciences","og_image":[{"width":900,"height":627,"url":"https:\/\/gxp-training.com\/wp-content\/uploads\/2022\/05\/intro-to-GMP-online-training.png","type":"image\/png"}],"twitter_card":"summary_large_image","twitter_misc":{"Dur\u00e9e de lecture estim\u00e9e":"1 minute"},"schema":{"@context":"https:\/\/schema.org","@graph":[{"@type":"WebPage","@id":"https:\/\/gxp-training.com\/fr\/online-course\/introduction-aux-bonnes-pratiques-de-fabrication-bpf\/","url":"https:\/\/gxp-training.com\/fr\/online-course\/introduction-aux-bonnes-pratiques-de-fabrication-bpf\/","name":"Introduction aux Bonnes Pratiques de Fabrication - Formation en ligne BPF","isPartOf":{"@id":"https:\/\/gxp-training.com\/fr\/#website"},"primaryImageOfPage":{"@id":"https:\/\/gxp-training.com\/fr\/online-course\/introduction-aux-bonnes-pratiques-de-fabrication-bpf\/#primaryimage"},"image":{"@id":"https:\/\/gxp-training.com\/fr\/online-course\/introduction-aux-bonnes-pratiques-de-fabrication-bpf\/#primaryimage"},"thumbnailUrl":"https:\/\/gxp-training.com\/wp-content\/uploads\/2022\/05\/intro-to-GMP-online-training.png","datePublished":"2022-05-24T09:19:19+00:00","description":"Commencez votre cours en ligne sur les BPF et obtenez une certification CPD\/CEU. Ma\u00eetrisez les syst\u00e8mes de qualit\u00e9, la documentation et les pratiques de conformit\u00e9 pour la fabrication de produits pharmaceutiques et de dispositifs m\u00e9dicaux.","breadcrumb":{"@id":"https:\/\/gxp-training.com\/fr\/online-course\/introduction-aux-bonnes-pratiques-de-fabrication-bpf\/#breadcrumb"},"inLanguage":"fr-FR","potentialAction":[{"@type":"ReadAction","target":["https:\/\/gxp-training.com\/fr\/online-course\/introduction-aux-bonnes-pratiques-de-fabrication-bpf\/"]}]},{"@type":"ImageObject","inLanguage":"fr-FR","@id":"https:\/\/gxp-training.com\/fr\/online-course\/introduction-aux-bonnes-pratiques-de-fabrication-bpf\/#primaryimage","url":"https:\/\/gxp-training.com\/wp-content\/uploads\/2022\/05\/intro-to-GMP-online-training.png","contentUrl":"https:\/\/gxp-training.com\/wp-content\/uploads\/2022\/05\/intro-to-GMP-online-training.png","width":900,"height":627},{"@type":"BreadcrumbList","@id":"https:\/\/gxp-training.com\/fr\/online-course\/introduction-aux-bonnes-pratiques-de-fabrication-bpf\/#breadcrumb","itemListElement":[{"@type":"ListItem","position":1,"name":"Accueil","item":"https:\/\/gxp-training.com\/fr\/page-daccueil\/"},{"@type":"ListItem","position":2,"name":"Produits","item":"https:\/\/gxp-training.com\/fr\/shop\/"},{"@type":"ListItem","position":3,"name":"Introduction aux Bonnes Pratiques de Fabrication (BPF)"}]},{"@type":"WebSite","@id":"https:\/\/gxp-training.com\/fr\/#website","url":"https:\/\/gxp-training.com\/fr\/","name":"GxP Training : Certified Online Courses for Life Sciences","description":"Online Trainings and Certified Courses in Regulatory Compliance for Pharmaceutical Experts","publisher":{"@id":"https:\/\/gxp-training.com\/fr\/#organization"},"potentialAction":[{"@type":"SearchAction","target":{"@type":"EntryPoint","urlTemplate":"https:\/\/gxp-training.com\/fr\/?s={search_term_string}"},"query-input":{"@type":"PropertyValueSpecification","valueRequired":true,"valueName":"search_term_string"}}],"inLanguage":"fr-FR"},{"@type":"Organization","@id":"https:\/\/gxp-training.com\/fr\/#organization","name":"GXP Training","url":"https:\/\/gxp-training.com\/fr\/","logo":{"@type":"ImageObject","inLanguage":"fr-FR","@id":"https:\/\/gxp-training.com\/fr\/#\/schema\/logo\/image\/","url":"https:\/\/gxp-training.com\/wp-content\/uploads\/2022\/05\/logo-resize.png","contentUrl":"https:\/\/gxp-training.com\/wp-content\/uploads\/2022\/05\/logo-resize.png","width":350,"height":100,"caption":"GXP Training"},"image":{"@id":"https:\/\/gxp-training.com\/fr\/#\/schema\/logo\/image\/"}}]}},"_links":{"self":[{"href":"https:\/\/gxp-training.com\/fr\/wp-json\/wp\/v2\/product\/57261","targetHints":{"allow":["GET"]}}],"collection":[{"href":"https:\/\/gxp-training.com\/fr\/wp-json\/wp\/v2\/product"}],"about":[{"href":"https:\/\/gxp-training.com\/fr\/wp-json\/wp\/v2\/types\/product"}],"wp:featuredmedia":[{"embeddable":true,"href":"https:\/\/gxp-training.com\/fr\/wp-json\/wp\/v2\/media\/43014"}],"wp:attachment":[{"href":"https:\/\/gxp-training.com\/fr\/wp-json\/wp\/v2\/media?parent=57261"}],"wp:term":[{"taxonomy":"product_brand","embeddable":true,"href":"https:\/\/gxp-training.com\/fr\/wp-json\/wp\/v2\/product_brand?post=57261"},{"taxonomy":"product_cat","embeddable":true,"href":"https:\/\/gxp-training.com\/fr\/wp-json\/wp\/v2\/product_cat?post=57261"},{"taxonomy":"product_tag","embeddable":true,"href":"https:\/\/gxp-training.com\/fr\/wp-json\/wp\/v2\/product_tag?post=57261"}],"curies":[{"name":"wp","href":"https:\/\/api.w.org\/{rel}","templated":true}]}}