{"id":57259,"date":"2022-05-24T11:13:52","date_gmt":"2022-05-24T09:13:52","guid":{"rendered":"https:\/\/gxp-training.com\/online-course\/gestion-des-rapports-detudes-cliniques\/"},"modified":"2022-05-24T11:13:52","modified_gmt":"2022-05-24T09:13:52","slug":"gestion-des-rapports-detudes-cliniques","status":"publish","type":"product","link":"https:\/\/gxp-training.com\/fr\/online-course\/gestion-des-rapports-detudes-cliniques\/","title":{"rendered":"Gestion des rapports d&rsquo;\u00e9tudes cliniques"},"content":{"rendered":"<p>Les rapports d&rsquo;\u00e9tudes cliniques (REC) offrent une description d\u00e9taill\u00e9e de l&rsquo;ensemble du processus d&rsquo;\u00e9tude clinique. Une documentation appropri\u00e9e est requise car elle sera demand\u00e9e pour l&rsquo;autorisation de mise sur le march\u00e9. Essentiellement, les autorit\u00e9s concern\u00e9es souhaitent s&rsquo;assurer que la substance ou le dispositif peut r\u00e9pondre \u00e0 un besoin non encore satisfait et qu&rsquo;il est s\u00fbr pour l&rsquo;usage humain. Un REC minutieusement compil\u00e9 comprendra des graphiques, des tableaux, des diagrammes, des m\u00e9thodes, des discussions, des conclusions et de nombreux autres segments.   <\/p>\n<p>Ce cours vous expose \u00e0 la structure appropri\u00e9e d&rsquo;un REC et vous informe sur les lignes directrices de l&rsquo;ICH pour la compilation d&rsquo;un REC complet. Une documentation ad\u00e9quate est importante pour les \u00e9tudes cliniques, car ces documents doivent fournir des r\u00e9ponses suffisantes aux questions qui pourraient d\u00e9couler d&rsquo;un examen de l&rsquo;\u00e9tude. <\/p>\n<p>&nbsp;<\/p>\n<p>Dans ce cours, nous proposons une synth\u00e8se du sujet \u00e0 travers une exp\u00e9rience interactive en ligne. Ce mat\u00e9riel a \u00e9t\u00e9 \u00e9labor\u00e9 par une \u00e9quipe d&rsquo;experts en affaires r\u00e9glementaires, titulaires d&rsquo;une qualification de la Northeastern University, Boston, et pilot\u00e9 par un membre senior capable d&rsquo;articuler la th\u00e9orie et la pratique. <\/p>\n<p>&nbsp;<\/p>\n<p>&nbsp;<\/p>\n<h3>Programme<\/h3>\n<p>&nbsp;<\/p>\n<p><strong>Introduction<\/strong><\/p>\n<p>&nbsp;<\/p>\n<p><strong>Le\u00e7on 1 : Contexte des REC<\/strong><\/p>\n<p>&nbsp;<\/p>\n<p><strong>Le\u00e7on 2 : Pr\u00e9paratifs avant la r\u00e9daction d&rsquo;un rapport d&rsquo;\u00e9tude clinique<\/strong><\/p>\n<p>&nbsp;<\/p>\n<ul>\n<li>Le protocole\/la m\u00e9thodologie de l&rsquo;essai<\/li>\n<li>Le processus de la maladie<\/li>\n<li>La brochure de l&rsquo;investigateur (BI)<\/li>\n<li>Les cahiers d&rsquo;observation (CRF)<\/li>\n<li>Les proc\u00e9dures op\u00e9ratoires standard (POS) ou autres documents d&rsquo;instruction<\/li>\n<li>Le plan d&rsquo;analyse statistique (PAS)<\/li>\n<li>Les tableaux, listes et figures (TLF)<\/li>\n<\/ul>\n<p>&nbsp;<\/p>\n<p><strong>Le\u00e7on 3 : Types de REC<\/strong><\/p>\n<p>&nbsp;<\/p>\n<ul>\n<li>Type 1 : REC complets<\/li>\n<li>Type 2 : REC suppl\u00e9mentaires<\/li>\n<li>Type 3 : REC abr\u00e9g\u00e9s<\/li>\n<li>Type 4 : REC synoptiques<\/li>\n<\/ul>\n<p>&nbsp;<\/p>\n<p><strong>Le\u00e7on 4 : Astuces et conseils<\/strong><\/p>\n<p>&nbsp;<\/p>\n<ul>\n<li>D\u00e9marrer rapidement<\/li>\n<li>Par o\u00f9 commencer<\/li>\n<li>Gestion du projet<\/li>\n<li>Discuter et soutenir<\/li>\n<li>Conclusion<\/li>\n<li>Annexes<\/li>\n<\/ul>\n<p>&nbsp;<\/p>\n<p><strong>Le\u00e7on 5 : Annexes des REC et documents essentiels<\/strong><\/p>\n<p>&nbsp;<\/p>\n<p><strong>Le\u00e7on 6 : Contenu d&rsquo;un REC<\/strong><\/p>\n<p>&nbsp;<\/p>\n<ul>\n<li>Sections introductives<\/li>\n<li>M\u00e9thodes<\/li>\n<li>Sujets de l&rsquo;\u00e9tude<\/li>\n<li>Efficacit\u00e9<\/li>\n<li>S\u00e9curit\u00e9<\/li>\n<li>Conclusions<\/li>\n<\/ul>\n<p>&nbsp;<\/p>\n<p><strong>Glossaire<\/strong><\/p>\n<p>&nbsp;<\/p>\n<p><strong>Conclusion<\/strong><\/p>\n","protected":false},"excerpt":{"rendered":"<p>Les rapports d&rsquo;\u00e9tudes cliniques (REC) offrent une description d\u00e9taill\u00e9e de l&rsquo;ensemble du processus d&rsquo;\u00e9tude clinique. Une documentation appropri\u00e9e est requise car elle sera demand\u00e9e pour l&rsquo;autorisation de mise sur le march\u00e9. Essentiellement, les autorit\u00e9s concern\u00e9es souhaitent s&rsquo;assurer que la substance ou le dispositif peut r\u00e9pondre \u00e0 un besoin non encore satisfait et qu&rsquo;il est s\u00fbr [&hellip;]<\/p>\n","protected":false},"featured_media":44644,"template":"","meta":{"_acf_changed":false,"content-type":""},"product_brand":[],"product_cat":[274,263,258],"product_tag":[],"class_list":{"0":"post-57259","1":"product","2":"type-product","3":"status-publish","4":"has-post-thumbnail","6":"product_cat-bpc-essais-cliniques","7":"product_cat-organisme-de-recherche-sous-contrat-cro","8":"product_cat-pharmaceutique","10":"first","11":"instock","12":"taxable","13":"shipping-taxable","14":"purchasable","15":"product-type-simple"},"bundled_by":[],"bundle_stock_status":"instock","bundle_stock_quantity":null,"bundle_virtual":false,"bundle_layout":"","bundle_add_to_cart_form_location":"","bundle_editable_in_cart":false,"bundle_sold_individually_context":"","bundle_item_grouping":"","bundle_min_size":"","bundle_max_size":"","bundle_price":[],"bundled_items":[],"bundle_sell_ids":[],"acf":[],"yoast_head":"<!-- This site is optimized with the Yoast SEO plugin v27.5 - https:\/\/yoast.com\/product\/yoast-seo-wordpress\/ -->\n<title>Gestion des rapports d&#039;\u00e9tudes cliniques : Certification en ligne<\/title>\n<meta name=\"description\" content=\"D\u00e9couvrez les rapports d&#039;\u00e9tudes cliniques (REC) et apprenez \u00e0 les r\u00e9diger correctement. Obtenez votre certification \u00e0 votre rythme, depuis le confort de votre domicile.\" \/>\n<meta name=\"robots\" content=\"index, follow, max-snippet:-1, max-image-preview:large, max-video-preview:-1\" \/>\n<link rel=\"canonical\" href=\"https:\/\/gxp-training.com\/fr\/online-course\/gestion-des-rapports-detudes-cliniques\/\" \/>\n<meta property=\"og:locale\" content=\"fr_FR\" \/>\n<meta property=\"og:type\" content=\"article\" \/>\n<meta property=\"og:title\" content=\"Gestion des rapports d&#039;\u00e9tudes cliniques : Certification en ligne\" \/>\n<meta property=\"og:description\" content=\"D\u00e9couvrez les rapports d&#039;\u00e9tudes cliniques (REC) et apprenez \u00e0 les r\u00e9diger correctement. Obtenez votre certification \u00e0 votre rythme, depuis le confort de votre domicile.\" \/>\n<meta property=\"og:url\" content=\"https:\/\/gxp-training.com\/fr\/online-course\/gestion-des-rapports-detudes-cliniques\/\" \/>\n<meta property=\"og:site_name\" content=\"GxP Training : Certified Online Courses for Life Sciences\" \/>\n<meta property=\"og:image\" content=\"https:\/\/gxp-training.com\/wp-content\/uploads\/2022\/05\/Management-of-Clinical-Study-Reports.png\" \/>\n\t<meta property=\"og:image:width\" content=\"900\" \/>\n\t<meta property=\"og:image:height\" content=\"627\" \/>\n\t<meta property=\"og:image:type\" content=\"image\/png\" \/>\n<meta name=\"twitter:card\" content=\"summary_large_image\" \/>\n<meta name=\"twitter:label1\" content=\"Dur\u00e9e de lecture estim\u00e9e\" \/>\n\t<meta name=\"twitter:data1\" content=\"2 minutes\" \/>\n<script type=\"application\/ld+json\" class=\"yoast-schema-graph\">{\"@context\":\"https:\\\/\\\/schema.org\",\"@graph\":[{\"@type\":\"WebPage\",\"@id\":\"https:\\\/\\\/gxp-training.com\\\/fr\\\/online-course\\\/gestion-des-rapports-detudes-cliniques\\\/\",\"url\":\"https:\\\/\\\/gxp-training.com\\\/fr\\\/online-course\\\/gestion-des-rapports-detudes-cliniques\\\/\",\"name\":\"Gestion des rapports d'\u00e9tudes cliniques : Certification en ligne\",\"isPartOf\":{\"@id\":\"https:\\\/\\\/gxp-training.com\\\/fr\\\/#website\"},\"primaryImageOfPage\":{\"@id\":\"https:\\\/\\\/gxp-training.com\\\/fr\\\/online-course\\\/gestion-des-rapports-detudes-cliniques\\\/#primaryimage\"},\"image\":{\"@id\":\"https:\\\/\\\/gxp-training.com\\\/fr\\\/online-course\\\/gestion-des-rapports-detudes-cliniques\\\/#primaryimage\"},\"thumbnailUrl\":\"https:\\\/\\\/gxp-training.com\\\/wp-content\\\/uploads\\\/2022\\\/05\\\/Management-of-Clinical-Study-Reports.png\",\"datePublished\":\"2022-05-24T09:13:52+00:00\",\"description\":\"D\u00e9couvrez les rapports d'\u00e9tudes cliniques (REC) et apprenez \u00e0 les r\u00e9diger correctement. Obtenez votre certification \u00e0 votre rythme, depuis le confort de votre domicile.\",\"breadcrumb\":{\"@id\":\"https:\\\/\\\/gxp-training.com\\\/fr\\\/online-course\\\/gestion-des-rapports-detudes-cliniques\\\/#breadcrumb\"},\"inLanguage\":\"fr-FR\",\"potentialAction\":[{\"@type\":\"ReadAction\",\"target\":[\"https:\\\/\\\/gxp-training.com\\\/fr\\\/online-course\\\/gestion-des-rapports-detudes-cliniques\\\/\"]}]},{\"@type\":\"ImageObject\",\"inLanguage\":\"fr-FR\",\"@id\":\"https:\\\/\\\/gxp-training.com\\\/fr\\\/online-course\\\/gestion-des-rapports-detudes-cliniques\\\/#primaryimage\",\"url\":\"https:\\\/\\\/gxp-training.com\\\/wp-content\\\/uploads\\\/2022\\\/05\\\/Management-of-Clinical-Study-Reports.png\",\"contentUrl\":\"https:\\\/\\\/gxp-training.com\\\/wp-content\\\/uploads\\\/2022\\\/05\\\/Management-of-Clinical-Study-Reports.png\",\"width\":900,\"height\":627},{\"@type\":\"BreadcrumbList\",\"@id\":\"https:\\\/\\\/gxp-training.com\\\/fr\\\/online-course\\\/gestion-des-rapports-detudes-cliniques\\\/#breadcrumb\",\"itemListElement\":[{\"@type\":\"ListItem\",\"position\":1,\"name\":\"Accueil\",\"item\":\"https:\\\/\\\/gxp-training.com\\\/fr\\\/page-daccueil\\\/\"},{\"@type\":\"ListItem\",\"position\":2,\"name\":\"Produits\",\"item\":\"https:\\\/\\\/gxp-training.com\\\/fr\\\/shop\\\/\"},{\"@type\":\"ListItem\",\"position\":3,\"name\":\"Gestion des rapports d&#8217;\u00e9tudes cliniques\"}]},{\"@type\":\"WebSite\",\"@id\":\"https:\\\/\\\/gxp-training.com\\\/fr\\\/#website\",\"url\":\"https:\\\/\\\/gxp-training.com\\\/fr\\\/\",\"name\":\"GxP Training : Certified Online Courses for Life Sciences\",\"description\":\"Online Trainings and Certified Courses in Regulatory Compliance for Pharmaceutical Experts\",\"publisher\":{\"@id\":\"https:\\\/\\\/gxp-training.com\\\/fr\\\/#organization\"},\"potentialAction\":[{\"@type\":\"SearchAction\",\"target\":{\"@type\":\"EntryPoint\",\"urlTemplate\":\"https:\\\/\\\/gxp-training.com\\\/fr\\\/?s={search_term_string}\"},\"query-input\":{\"@type\":\"PropertyValueSpecification\",\"valueRequired\":true,\"valueName\":\"search_term_string\"}}],\"inLanguage\":\"fr-FR\"},{\"@type\":\"Organization\",\"@id\":\"https:\\\/\\\/gxp-training.com\\\/fr\\\/#organization\",\"name\":\"GXP Training\",\"url\":\"https:\\\/\\\/gxp-training.com\\\/fr\\\/\",\"logo\":{\"@type\":\"ImageObject\",\"inLanguage\":\"fr-FR\",\"@id\":\"https:\\\/\\\/gxp-training.com\\\/fr\\\/#\\\/schema\\\/logo\\\/image\\\/\",\"url\":\"https:\\\/\\\/gxp-training.com\\\/wp-content\\\/uploads\\\/2022\\\/05\\\/logo-resize.png\",\"contentUrl\":\"https:\\\/\\\/gxp-training.com\\\/wp-content\\\/uploads\\\/2022\\\/05\\\/logo-resize.png\",\"width\":350,\"height\":100,\"caption\":\"GXP Training\"},\"image\":{\"@id\":\"https:\\\/\\\/gxp-training.com\\\/fr\\\/#\\\/schema\\\/logo\\\/image\\\/\"}}]}<\/script>\n<!-- \/ Yoast SEO plugin. -->","yoast_head_json":{"title":"Gestion des rapports d'\u00e9tudes cliniques : Certification en ligne","description":"D\u00e9couvrez les rapports d'\u00e9tudes cliniques (REC) et apprenez \u00e0 les r\u00e9diger correctement. Obtenez votre certification \u00e0 votre rythme, depuis le confort de votre domicile.","robots":{"index":"index","follow":"follow","max-snippet":"max-snippet:-1","max-image-preview":"max-image-preview:large","max-video-preview":"max-video-preview:-1"},"canonical":"https:\/\/gxp-training.com\/fr\/online-course\/gestion-des-rapports-detudes-cliniques\/","og_locale":"fr_FR","og_type":"article","og_title":"Gestion des rapports d'\u00e9tudes cliniques : Certification en ligne","og_description":"D\u00e9couvrez les rapports d'\u00e9tudes cliniques (REC) et apprenez \u00e0 les r\u00e9diger correctement. Obtenez votre certification \u00e0 votre rythme, depuis le confort de votre domicile.","og_url":"https:\/\/gxp-training.com\/fr\/online-course\/gestion-des-rapports-detudes-cliniques\/","og_site_name":"GxP Training : Certified Online Courses for Life Sciences","og_image":[{"width":900,"height":627,"url":"https:\/\/gxp-training.com\/wp-content\/uploads\/2022\/05\/Management-of-Clinical-Study-Reports.png","type":"image\/png"}],"twitter_card":"summary_large_image","twitter_misc":{"Dur\u00e9e de lecture estim\u00e9e":"2 minutes"},"schema":{"@context":"https:\/\/schema.org","@graph":[{"@type":"WebPage","@id":"https:\/\/gxp-training.com\/fr\/online-course\/gestion-des-rapports-detudes-cliniques\/","url":"https:\/\/gxp-training.com\/fr\/online-course\/gestion-des-rapports-detudes-cliniques\/","name":"Gestion des rapports d'\u00e9tudes cliniques : Certification en ligne","isPartOf":{"@id":"https:\/\/gxp-training.com\/fr\/#website"},"primaryImageOfPage":{"@id":"https:\/\/gxp-training.com\/fr\/online-course\/gestion-des-rapports-detudes-cliniques\/#primaryimage"},"image":{"@id":"https:\/\/gxp-training.com\/fr\/online-course\/gestion-des-rapports-detudes-cliniques\/#primaryimage"},"thumbnailUrl":"https:\/\/gxp-training.com\/wp-content\/uploads\/2022\/05\/Management-of-Clinical-Study-Reports.png","datePublished":"2022-05-24T09:13:52+00:00","description":"D\u00e9couvrez les rapports d'\u00e9tudes cliniques (REC) et apprenez \u00e0 les r\u00e9diger correctement. Obtenez votre certification \u00e0 votre rythme, depuis le confort de votre domicile.","breadcrumb":{"@id":"https:\/\/gxp-training.com\/fr\/online-course\/gestion-des-rapports-detudes-cliniques\/#breadcrumb"},"inLanguage":"fr-FR","potentialAction":[{"@type":"ReadAction","target":["https:\/\/gxp-training.com\/fr\/online-course\/gestion-des-rapports-detudes-cliniques\/"]}]},{"@type":"ImageObject","inLanguage":"fr-FR","@id":"https:\/\/gxp-training.com\/fr\/online-course\/gestion-des-rapports-detudes-cliniques\/#primaryimage","url":"https:\/\/gxp-training.com\/wp-content\/uploads\/2022\/05\/Management-of-Clinical-Study-Reports.png","contentUrl":"https:\/\/gxp-training.com\/wp-content\/uploads\/2022\/05\/Management-of-Clinical-Study-Reports.png","width":900,"height":627},{"@type":"BreadcrumbList","@id":"https:\/\/gxp-training.com\/fr\/online-course\/gestion-des-rapports-detudes-cliniques\/#breadcrumb","itemListElement":[{"@type":"ListItem","position":1,"name":"Accueil","item":"https:\/\/gxp-training.com\/fr\/page-daccueil\/"},{"@type":"ListItem","position":2,"name":"Produits","item":"https:\/\/gxp-training.com\/fr\/shop\/"},{"@type":"ListItem","position":3,"name":"Gestion des rapports d&#8217;\u00e9tudes cliniques"}]},{"@type":"WebSite","@id":"https:\/\/gxp-training.com\/fr\/#website","url":"https:\/\/gxp-training.com\/fr\/","name":"GxP Training : Certified Online Courses for Life Sciences","description":"Online Trainings and Certified Courses in Regulatory Compliance for Pharmaceutical Experts","publisher":{"@id":"https:\/\/gxp-training.com\/fr\/#organization"},"potentialAction":[{"@type":"SearchAction","target":{"@type":"EntryPoint","urlTemplate":"https:\/\/gxp-training.com\/fr\/?s={search_term_string}"},"query-input":{"@type":"PropertyValueSpecification","valueRequired":true,"valueName":"search_term_string"}}],"inLanguage":"fr-FR"},{"@type":"Organization","@id":"https:\/\/gxp-training.com\/fr\/#organization","name":"GXP Training","url":"https:\/\/gxp-training.com\/fr\/","logo":{"@type":"ImageObject","inLanguage":"fr-FR","@id":"https:\/\/gxp-training.com\/fr\/#\/schema\/logo\/image\/","url":"https:\/\/gxp-training.com\/wp-content\/uploads\/2022\/05\/logo-resize.png","contentUrl":"https:\/\/gxp-training.com\/wp-content\/uploads\/2022\/05\/logo-resize.png","width":350,"height":100,"caption":"GXP Training"},"image":{"@id":"https:\/\/gxp-training.com\/fr\/#\/schema\/logo\/image\/"}}]}},"_links":{"self":[{"href":"https:\/\/gxp-training.com\/fr\/wp-json\/wp\/v2\/product\/57259","targetHints":{"allow":["GET"]}}],"collection":[{"href":"https:\/\/gxp-training.com\/fr\/wp-json\/wp\/v2\/product"}],"about":[{"href":"https:\/\/gxp-training.com\/fr\/wp-json\/wp\/v2\/types\/product"}],"wp:featuredmedia":[{"embeddable":true,"href":"https:\/\/gxp-training.com\/fr\/wp-json\/wp\/v2\/media\/44644"}],"wp:attachment":[{"href":"https:\/\/gxp-training.com\/fr\/wp-json\/wp\/v2\/media?parent=57259"}],"wp:term":[{"taxonomy":"product_brand","embeddable":true,"href":"https:\/\/gxp-training.com\/fr\/wp-json\/wp\/v2\/product_brand?post=57259"},{"taxonomy":"product_cat","embeddable":true,"href":"https:\/\/gxp-training.com\/fr\/wp-json\/wp\/v2\/product_cat?post=57259"},{"taxonomy":"product_tag","embeddable":true,"href":"https:\/\/gxp-training.com\/fr\/wp-json\/wp\/v2\/product_tag?post=57259"}],"curies":[{"name":"wp","href":"https:\/\/api.w.org\/{rel}","templated":true}]}}