{"id":57255,"date":"2022-05-27T11:50:53","date_gmt":"2022-05-27T09:50:53","guid":{"rendered":"https:\/\/gxp-training.com\/online-course\/procedure-de-traitement-des-cas-de-suspicion-de-manquement-grave-de-faute-professionnelle-et-de-fraude\/"},"modified":"2022-05-27T11:50:53","modified_gmt":"2022-05-27T09:50:53","slug":"procedure-de-traitement-des-cas-de-suspicion-de-manquement-grave-de-faute-professionnelle-et-de-fraude","status":"publish","type":"product","link":"https:\/\/gxp-training.com\/fr\/online-course\/procedure-de-traitement-des-cas-de-suspicion-de-manquement-grave-de-faute-professionnelle-et-de-fraude\/","title":{"rendered":"Proc\u00e9dure de traitement des cas de suspicion de manquement grave, de faute professionnelle et de fraude"},"content":{"rendered":"<p>La fraude et les fautes professionnelles en recherche sont en hausse dans le monde, et davantage de cas sont d\u00e9couverts \u00e0 toutes les \u00e9tapes de la recherche. La cons\u00e9quence de la fraude en recherche est qu\u2019elle va \u00e0 l\u2019encontre de l\u2019objectif de la pratique fond\u00e9e sur les preuves, qui doit reposer sur des faits \u00e9tablis par la recherche. <\/p>\n<p>Ce cours pr\u00e9sente les techniques utilis\u00e9es pour d\u00e9tecter la fraude en recherche. Il couvre les diff\u00e9rents types de fraudes en recherche et les m\u00e9thodes pour les identifier. Les participants d\u00e9couvrent \u00e9galement la responsabilit\u00e9 des promoteurs, des investigateurs et des autorit\u00e9s r\u00e9glementaires dans la lutte contre la fraude en recherche.  <\/p>\n<p>&nbsp;<\/p>\n<p>&nbsp;<\/p>\n<p>Dans ce cours, nous proposons une synth\u00e8se du sujet au travers d\u2019une exp\u00e9rience en ligne interactive. Ce contenu a \u00e9t\u00e9 con\u00e7u par une \u00e9quipe d\u2019experts en affaires r\u00e9glementaires titulaires d\u2019une qualification de la Northeastern University (Boston), et pilot\u00e9 par un membre senior capable d\u2019articuler la th\u00e9orie et la pratique. <\/p>\n<p>&nbsp;<\/p>\n<p>&nbsp;<\/p>\n<h3>Programme<\/h3>\n<p>&nbsp;<\/p>\n<p><strong>Introduction<\/strong><\/p>\n<p>&nbsp;<\/p>\n<p><strong>Le\u00e7on 1 : suspicion de manquement grave, de faute professionnelle et de fraude<\/strong><\/p>\n<p>&nbsp;<\/p>\n<ul>\n<li>Types de fraude et de faute professionnelle en recherche clinique<\/li>\n<li>Collecte de donn\u00e9es falsifi\u00e9es<\/li>\n<li>Fabrication de donn\u00e9es<\/li>\n<li>Plagiat<\/li>\n<li>Cas de fraude\/faute professionnelle<\/li>\n<\/ul>\n<p>&nbsp;<\/p>\n<p><strong>Le\u00e7on 2 : m\u00e9canismes d\u2019identification de la fraude et des fautes professionnelles<\/strong><\/p>\n<p>&nbsp;<\/p>\n<p><strong>Le\u00e7on 3 : qui est responsable d\u2019identifier la fraude et les fautes professionnelles ?<\/strong><\/p>\n<p>&nbsp;<\/p>\n<ul>\n<li>Responsabilit\u00e9 des auteurs et des coll\u00e8gues<\/li>\n<li>Responsabilit\u00e9 des revues<\/li>\n<li>Responsabilit\u00e9 de l\u2019institut ou de l\u2019universit\u00e9<\/li>\n<\/ul>\n<p>&nbsp;<\/p>\n<p><strong>Le\u00e7on 4 : signalement des fautes professionnelles et de la fraude<\/strong><\/p>\n<p>&nbsp;<\/p>\n<ul>\n<li>Politiques relatives \u00e0 la conduite, au comportement et au signalement<\/li>\n<li>Responsabilit\u00e9 des employ\u00e9s et de l\u2019\u00e9quipe de direction<\/li>\n<li>Protection des personnes signalant des fautes professionnelles et des fraudes<\/li>\n<li>Coop\u00e9ration avec le d\u00e9clarant pendant l\u2019enqu\u00eate<\/li>\n<\/ul>\n<p>&nbsp;<\/p>\n<p><strong>Le\u00e7on 5 : m\u00e9canismes de pr\u00e9vention des fautes professionnelles<\/strong><\/p>\n<p>&nbsp;<\/p>\n<ul>\n<li>Pr\u00e9vention primaire et secondaire<\/li>\n<li>Probl\u00e8mes li\u00e9s \u00e0 la pr\u00e9vention de la fraude et des fautes professionnelles<\/li>\n<\/ul>\n<p>&nbsp;<\/p>\n<p><strong>Le\u00e7on 6<\/strong> : gestion des fautes professionnelles et de la fraude selon les pays<\/p>\n<p>&nbsp;<\/p>\n<p><strong>Conclusion<\/strong><\/p>\n<p>&nbsp;<\/p>\n<p><strong>Glossaire<\/strong><\/p>\n<p>&nbsp;<\/p>\n<p><strong>Quiz <\/strong><\/p>\n","protected":false},"excerpt":{"rendered":"<p>La fraude et les fautes professionnelles en recherche sont en hausse dans le monde, et davantage de cas sont d\u00e9couverts \u00e0 toutes les \u00e9tapes de la recherche. La cons\u00e9quence de la fraude en recherche est qu\u2019elle va \u00e0 l\u2019encontre de l\u2019objectif de la pratique fond\u00e9e sur les preuves, qui doit reposer sur des faits \u00e9tablis [&hellip;]<\/p>\n","protected":false},"featured_media":43659,"template":"","meta":{"_acf_changed":false,"content-type":""},"product_brand":[],"product_cat":[255,274,256,262,263,258],"product_tag":[],"class_list":{"0":"post-57255","1":"product","2":"type-product","3":"status-publish","4":"has-post-thumbnail","6":"product_cat-affaires-reglementaires","7":"product_cat-bpc-essais-cliniques","8":"product_cat-dispositifs-medicaux","9":"product_cat-hopitaux-et-etablissements-de-sante","10":"product_cat-organisme-de-recherche-sous-contrat-cro","11":"product_cat-pharmaceutique","13":"first","14":"instock","15":"taxable","16":"shipping-taxable","17":"purchasable","18":"product-type-simple"},"bundled_by":[],"bundle_stock_status":"instock","bundle_stock_quantity":null,"bundle_virtual":false,"bundle_layout":"","bundle_add_to_cart_form_location":"","bundle_editable_in_cart":false,"bundle_sold_individually_context":"","bundle_item_grouping":"","bundle_min_size":"","bundle_max_size":"","bundle_price":[],"bundled_items":[],"bundle_sell_ids":[],"acf":[],"yoast_head":"<!-- This site is optimized with the Yoast SEO plugin v27.5 - https:\/\/yoast.com\/product\/yoast-seo-wordpress\/ -->\n<title>Recherche et donn\u00e9es : traitement des cas de manquement et de faute professionnelle<\/title>\n<meta name=\"description\" content=\"D\u00e9couvrez les types de fraudes en recherche et comment les traiter. Obtenez votre certification pour d\u00e9tecter et g\u00e9rer correctement les suspicions d\u2019atteinte aux donn\u00e9es et de faute professionnelle.\" \/>\n<meta name=\"robots\" content=\"index, follow, max-snippet:-1, max-image-preview:large, max-video-preview:-1\" \/>\n<link rel=\"canonical\" href=\"https:\/\/gxp-training.com\/fr\/online-course\/procedure-de-traitement-des-cas-de-suspicion-de-manquement-grave-de-faute-professionnelle-et-de-fraude\/\" \/>\n<meta property=\"og:locale\" content=\"fr_FR\" \/>\n<meta property=\"og:type\" content=\"article\" \/>\n<meta property=\"og:title\" content=\"Recherche et donn\u00e9es : traitement des cas de manquement et de faute professionnelle\" \/>\n<meta property=\"og:description\" content=\"D\u00e9couvrez les types de fraudes en recherche et comment les traiter. Obtenez votre certification pour d\u00e9tecter et g\u00e9rer correctement les suspicions d\u2019atteinte aux donn\u00e9es et de faute professionnelle.\" \/>\n<meta property=\"og:url\" content=\"https:\/\/gxp-training.com\/fr\/online-course\/procedure-de-traitement-des-cas-de-suspicion-de-manquement-grave-de-faute-professionnelle-et-de-fraude\/\" \/>\n<meta property=\"og:site_name\" content=\"GxP Training : Certified Online Courses for Life Sciences\" \/>\n<meta property=\"og:image\" content=\"https:\/\/gxp-training.com\/wp-content\/uploads\/2022\/05\/6.png\" \/>\n\t<meta property=\"og:image:width\" content=\"1000\" \/>\n\t<meta property=\"og:image:height\" content=\"563\" \/>\n\t<meta property=\"og:image:type\" content=\"image\/png\" \/>\n<meta name=\"twitter:card\" content=\"summary_large_image\" \/>\n<meta name=\"twitter:label1\" content=\"Dur\u00e9e de lecture estim\u00e9e\" \/>\n\t<meta name=\"twitter:data1\" content=\"2 minutes\" \/>\n<script type=\"application\/ld+json\" class=\"yoast-schema-graph\">{\"@context\":\"https:\\\/\\\/schema.org\",\"@graph\":[{\"@type\":\"WebPage\",\"@id\":\"https:\\\/\\\/gxp-training.com\\\/fr\\\/online-course\\\/procedure-de-traitement-des-cas-de-suspicion-de-manquement-grave-de-faute-professionnelle-et-de-fraude\\\/\",\"url\":\"https:\\\/\\\/gxp-training.com\\\/fr\\\/online-course\\\/procedure-de-traitement-des-cas-de-suspicion-de-manquement-grave-de-faute-professionnelle-et-de-fraude\\\/\",\"name\":\"Recherche et donn\u00e9es : traitement des cas de manquement et de faute professionnelle\",\"isPartOf\":{\"@id\":\"https:\\\/\\\/gxp-training.com\\\/fr\\\/#website\"},\"primaryImageOfPage\":{\"@id\":\"https:\\\/\\\/gxp-training.com\\\/fr\\\/online-course\\\/procedure-de-traitement-des-cas-de-suspicion-de-manquement-grave-de-faute-professionnelle-et-de-fraude\\\/#primaryimage\"},\"image\":{\"@id\":\"https:\\\/\\\/gxp-training.com\\\/fr\\\/online-course\\\/procedure-de-traitement-des-cas-de-suspicion-de-manquement-grave-de-faute-professionnelle-et-de-fraude\\\/#primaryimage\"},\"thumbnailUrl\":\"https:\\\/\\\/gxp-training.com\\\/wp-content\\\/uploads\\\/2022\\\/05\\\/6.png\",\"datePublished\":\"2022-05-27T09:50:53+00:00\",\"description\":\"D\u00e9couvrez les types de fraudes en recherche et comment les traiter. Obtenez votre certification pour d\u00e9tecter et g\u00e9rer correctement les suspicions d\u2019atteinte aux donn\u00e9es et de faute professionnelle.\",\"breadcrumb\":{\"@id\":\"https:\\\/\\\/gxp-training.com\\\/fr\\\/online-course\\\/procedure-de-traitement-des-cas-de-suspicion-de-manquement-grave-de-faute-professionnelle-et-de-fraude\\\/#breadcrumb\"},\"inLanguage\":\"fr-FR\",\"potentialAction\":[{\"@type\":\"ReadAction\",\"target\":[\"https:\\\/\\\/gxp-training.com\\\/fr\\\/online-course\\\/procedure-de-traitement-des-cas-de-suspicion-de-manquement-grave-de-faute-professionnelle-et-de-fraude\\\/\"]}]},{\"@type\":\"ImageObject\",\"inLanguage\":\"fr-FR\",\"@id\":\"https:\\\/\\\/gxp-training.com\\\/fr\\\/online-course\\\/procedure-de-traitement-des-cas-de-suspicion-de-manquement-grave-de-faute-professionnelle-et-de-fraude\\\/#primaryimage\",\"url\":\"https:\\\/\\\/gxp-training.com\\\/wp-content\\\/uploads\\\/2022\\\/05\\\/6.png\",\"contentUrl\":\"https:\\\/\\\/gxp-training.com\\\/wp-content\\\/uploads\\\/2022\\\/05\\\/6.png\",\"width\":1000,\"height\":563},{\"@type\":\"BreadcrumbList\",\"@id\":\"https:\\\/\\\/gxp-training.com\\\/fr\\\/online-course\\\/procedure-de-traitement-des-cas-de-suspicion-de-manquement-grave-de-faute-professionnelle-et-de-fraude\\\/#breadcrumb\",\"itemListElement\":[{\"@type\":\"ListItem\",\"position\":1,\"name\":\"Accueil\",\"item\":\"https:\\\/\\\/gxp-training.com\\\/fr\\\/page-daccueil\\\/\"},{\"@type\":\"ListItem\",\"position\":2,\"name\":\"Produits\",\"item\":\"https:\\\/\\\/gxp-training.com\\\/fr\\\/shop\\\/\"},{\"@type\":\"ListItem\",\"position\":3,\"name\":\"Proc\u00e9dure de traitement des cas de suspicion de manquement grave, de faute professionnelle et de fraude\"}]},{\"@type\":\"WebSite\",\"@id\":\"https:\\\/\\\/gxp-training.com\\\/fr\\\/#website\",\"url\":\"https:\\\/\\\/gxp-training.com\\\/fr\\\/\",\"name\":\"GxP Training : Certified Online Courses for Life Sciences\",\"description\":\"Online Trainings and Certified Courses in Regulatory Compliance for Pharmaceutical Experts\",\"publisher\":{\"@id\":\"https:\\\/\\\/gxp-training.com\\\/fr\\\/#organization\"},\"potentialAction\":[{\"@type\":\"SearchAction\",\"target\":{\"@type\":\"EntryPoint\",\"urlTemplate\":\"https:\\\/\\\/gxp-training.com\\\/fr\\\/?s={search_term_string}\"},\"query-input\":{\"@type\":\"PropertyValueSpecification\",\"valueRequired\":true,\"valueName\":\"search_term_string\"}}],\"inLanguage\":\"fr-FR\"},{\"@type\":\"Organization\",\"@id\":\"https:\\\/\\\/gxp-training.com\\\/fr\\\/#organization\",\"name\":\"GXP Training\",\"url\":\"https:\\\/\\\/gxp-training.com\\\/fr\\\/\",\"logo\":{\"@type\":\"ImageObject\",\"inLanguage\":\"fr-FR\",\"@id\":\"https:\\\/\\\/gxp-training.com\\\/fr\\\/#\\\/schema\\\/logo\\\/image\\\/\",\"url\":\"https:\\\/\\\/gxp-training.com\\\/wp-content\\\/uploads\\\/2022\\\/05\\\/logo-resize.png\",\"contentUrl\":\"https:\\\/\\\/gxp-training.com\\\/wp-content\\\/uploads\\\/2022\\\/05\\\/logo-resize.png\",\"width\":350,\"height\":100,\"caption\":\"GXP Training\"},\"image\":{\"@id\":\"https:\\\/\\\/gxp-training.com\\\/fr\\\/#\\\/schema\\\/logo\\\/image\\\/\"}}]}<\/script>\n<!-- \/ Yoast SEO plugin. -->","yoast_head_json":{"title":"Recherche et donn\u00e9es : traitement des cas de manquement et de faute professionnelle","description":"D\u00e9couvrez les types de fraudes en recherche et comment les traiter. Obtenez votre certification pour d\u00e9tecter et g\u00e9rer correctement les suspicions d\u2019atteinte aux donn\u00e9es et de faute professionnelle.","robots":{"index":"index","follow":"follow","max-snippet":"max-snippet:-1","max-image-preview":"max-image-preview:large","max-video-preview":"max-video-preview:-1"},"canonical":"https:\/\/gxp-training.com\/fr\/online-course\/procedure-de-traitement-des-cas-de-suspicion-de-manquement-grave-de-faute-professionnelle-et-de-fraude\/","og_locale":"fr_FR","og_type":"article","og_title":"Recherche et donn\u00e9es : traitement des cas de manquement et de faute professionnelle","og_description":"D\u00e9couvrez les types de fraudes en recherche et comment les traiter. Obtenez votre certification pour d\u00e9tecter et g\u00e9rer correctement les suspicions d\u2019atteinte aux donn\u00e9es et de faute professionnelle.","og_url":"https:\/\/gxp-training.com\/fr\/online-course\/procedure-de-traitement-des-cas-de-suspicion-de-manquement-grave-de-faute-professionnelle-et-de-fraude\/","og_site_name":"GxP Training : Certified Online Courses for Life Sciences","og_image":[{"width":1000,"height":563,"url":"https:\/\/gxp-training.com\/wp-content\/uploads\/2022\/05\/6.png","type":"image\/png"}],"twitter_card":"summary_large_image","twitter_misc":{"Dur\u00e9e de lecture estim\u00e9e":"2 minutes"},"schema":{"@context":"https:\/\/schema.org","@graph":[{"@type":"WebPage","@id":"https:\/\/gxp-training.com\/fr\/online-course\/procedure-de-traitement-des-cas-de-suspicion-de-manquement-grave-de-faute-professionnelle-et-de-fraude\/","url":"https:\/\/gxp-training.com\/fr\/online-course\/procedure-de-traitement-des-cas-de-suspicion-de-manquement-grave-de-faute-professionnelle-et-de-fraude\/","name":"Recherche et donn\u00e9es : traitement des cas de manquement et de faute professionnelle","isPartOf":{"@id":"https:\/\/gxp-training.com\/fr\/#website"},"primaryImageOfPage":{"@id":"https:\/\/gxp-training.com\/fr\/online-course\/procedure-de-traitement-des-cas-de-suspicion-de-manquement-grave-de-faute-professionnelle-et-de-fraude\/#primaryimage"},"image":{"@id":"https:\/\/gxp-training.com\/fr\/online-course\/procedure-de-traitement-des-cas-de-suspicion-de-manquement-grave-de-faute-professionnelle-et-de-fraude\/#primaryimage"},"thumbnailUrl":"https:\/\/gxp-training.com\/wp-content\/uploads\/2022\/05\/6.png","datePublished":"2022-05-27T09:50:53+00:00","description":"D\u00e9couvrez les types de fraudes en recherche et comment les traiter. Obtenez votre certification pour d\u00e9tecter et g\u00e9rer correctement les suspicions d\u2019atteinte aux donn\u00e9es et de faute professionnelle.","breadcrumb":{"@id":"https:\/\/gxp-training.com\/fr\/online-course\/procedure-de-traitement-des-cas-de-suspicion-de-manquement-grave-de-faute-professionnelle-et-de-fraude\/#breadcrumb"},"inLanguage":"fr-FR","potentialAction":[{"@type":"ReadAction","target":["https:\/\/gxp-training.com\/fr\/online-course\/procedure-de-traitement-des-cas-de-suspicion-de-manquement-grave-de-faute-professionnelle-et-de-fraude\/"]}]},{"@type":"ImageObject","inLanguage":"fr-FR","@id":"https:\/\/gxp-training.com\/fr\/online-course\/procedure-de-traitement-des-cas-de-suspicion-de-manquement-grave-de-faute-professionnelle-et-de-fraude\/#primaryimage","url":"https:\/\/gxp-training.com\/wp-content\/uploads\/2022\/05\/6.png","contentUrl":"https:\/\/gxp-training.com\/wp-content\/uploads\/2022\/05\/6.png","width":1000,"height":563},{"@type":"BreadcrumbList","@id":"https:\/\/gxp-training.com\/fr\/online-course\/procedure-de-traitement-des-cas-de-suspicion-de-manquement-grave-de-faute-professionnelle-et-de-fraude\/#breadcrumb","itemListElement":[{"@type":"ListItem","position":1,"name":"Accueil","item":"https:\/\/gxp-training.com\/fr\/page-daccueil\/"},{"@type":"ListItem","position":2,"name":"Produits","item":"https:\/\/gxp-training.com\/fr\/shop\/"},{"@type":"ListItem","position":3,"name":"Proc\u00e9dure de traitement des cas de suspicion de manquement grave, de faute professionnelle et de fraude"}]},{"@type":"WebSite","@id":"https:\/\/gxp-training.com\/fr\/#website","url":"https:\/\/gxp-training.com\/fr\/","name":"GxP Training : Certified Online Courses for Life Sciences","description":"Online Trainings and Certified Courses in Regulatory Compliance for Pharmaceutical Experts","publisher":{"@id":"https:\/\/gxp-training.com\/fr\/#organization"},"potentialAction":[{"@type":"SearchAction","target":{"@type":"EntryPoint","urlTemplate":"https:\/\/gxp-training.com\/fr\/?s={search_term_string}"},"query-input":{"@type":"PropertyValueSpecification","valueRequired":true,"valueName":"search_term_string"}}],"inLanguage":"fr-FR"},{"@type":"Organization","@id":"https:\/\/gxp-training.com\/fr\/#organization","name":"GXP Training","url":"https:\/\/gxp-training.com\/fr\/","logo":{"@type":"ImageObject","inLanguage":"fr-FR","@id":"https:\/\/gxp-training.com\/fr\/#\/schema\/logo\/image\/","url":"https:\/\/gxp-training.com\/wp-content\/uploads\/2022\/05\/logo-resize.png","contentUrl":"https:\/\/gxp-training.com\/wp-content\/uploads\/2022\/05\/logo-resize.png","width":350,"height":100,"caption":"GXP Training"},"image":{"@id":"https:\/\/gxp-training.com\/fr\/#\/schema\/logo\/image\/"}}]}},"_links":{"self":[{"href":"https:\/\/gxp-training.com\/fr\/wp-json\/wp\/v2\/product\/57255","targetHints":{"allow":["GET"]}}],"collection":[{"href":"https:\/\/gxp-training.com\/fr\/wp-json\/wp\/v2\/product"}],"about":[{"href":"https:\/\/gxp-training.com\/fr\/wp-json\/wp\/v2\/types\/product"}],"wp:featuredmedia":[{"embeddable":true,"href":"https:\/\/gxp-training.com\/fr\/wp-json\/wp\/v2\/media\/43659"}],"wp:attachment":[{"href":"https:\/\/gxp-training.com\/fr\/wp-json\/wp\/v2\/media?parent=57255"}],"wp:term":[{"taxonomy":"product_brand","embeddable":true,"href":"https:\/\/gxp-training.com\/fr\/wp-json\/wp\/v2\/product_brand?post=57255"},{"taxonomy":"product_cat","embeddable":true,"href":"https:\/\/gxp-training.com\/fr\/wp-json\/wp\/v2\/product_cat?post=57255"},{"taxonomy":"product_tag","embeddable":true,"href":"https:\/\/gxp-training.com\/fr\/wp-json\/wp\/v2\/product_tag?post=57255"}],"curies":[{"name":"wp","href":"https:\/\/api.w.org\/{rel}","templated":true}]}}